{"id":19547,"date":"2025-04-07T06:53:55","date_gmt":"2025-04-07T06:53:55","guid":{"rendered":"https:\/\/www.hydraulic-cylinders.net\/product\/boom-cylinder-for-nante-nt18\/"},"modified":"2025-04-07T06:53:57","modified_gmt":"2025-04-07T06:53:57","slug":"boom-cylinder-for-nante-nt18","status":"publish","type":"product","link":"https:\/\/www.hydraulic-cylinders.net\/cs\/produkt\/boom-cylinder-for-nante-nt18\/","title":{"rendered":"V\u00e1lec v\u00fdlo\u017en\u00edku pro Nante NT18"},"content":{"rendered":"<h1>V\u00e1lec v\u00fdlo\u017en\u00edku pro Nante NT18<\/h1>\n<h2>P\u0159ehled v\u00e1lce v\u00fdlo\u017en\u00edku<\/h2>\n<p>V\u00e1lec v\u00fdlo\u017en\u00edku, zn\u00e1m\u00fd tak\u00e9 jako v\u00e1lec l\u017e\u00edce, je kl\u00ed\u010dovou sou\u010d\u00e1st\u00ed hydraulick\u00fdch syst\u00e9m\u016f pou\u017e\u00edvan\u00fdch v t\u011b\u017ek\u00fdch stroj\u00edch. Tyto v\u00e1lce ovl\u00e1daj\u00ed pohyb l\u017e\u00edce u r\u016fzn\u00fdch stroj\u016f, jako jsou rypadla, r\u00fdpadlo-naklada\u010de a \u010deln\u00ed naklada\u010de. Jejich prim\u00e1rn\u00ed funkc\u00ed je umo\u017enit zved\u00e1n\u00ed, spou\u0161t\u011bn\u00ed a nakl\u00e1p\u011bn\u00ed l\u017e\u00edce, co\u017e usnad\u0148uje efektivn\u00ed manipulaci s materi\u00e1lem.<\/p>\n<p>V podstat\u011b v\u00e1lec v\u00fdlo\u017en\u00edku funguje tak, \u017ee pomoc\u00ed hydraulick\u00e9 kapaliny vytv\u00e1\u0159\u00ed tlak, kter\u00fd pohybuje p\u00edstem uvnit\u0159 v\u00e1lce. Tento pohyb se prom\u00edt\u00e1 do p\u0159esn\u00e9ho ovl\u00e1d\u00e1n\u00ed pot\u0159ebn\u00e9ho pro zved\u00e1n\u00ed t\u011b\u017ek\u00fdch b\u0159emen a man\u00e9vrov\u00e1n\u00ed, co\u017e z n\u011bj \u010din\u00ed nepostradatelnou sou\u010d\u00e1st stavebnictv\u00ed, zem\u011bd\u011blstv\u00ed a dal\u0161\u00edch odv\u011btv\u00ed, kter\u00e1 se spol\u00e9haj\u00ed na t\u011b\u017ek\u00e9 stroje.<\/p>\n<p><img decoding=\"async\" src=\"https:\/\/www.hydraulic-cylinders.net\/wp-content\/uploads\/2025\/04\/songte-company-1.webp\" alt=\"Obr\u00e1zek v\u00e1lce v\u00fdlo\u017en\u00edku\"><\/p>\n<h2>Kl\u00ed\u010dov\u00e9 vlastnosti v\u00e1lce v\u00fdlo\u017en\u00edku<\/h2>\n<ul>\n<li><strong>Vysok\u00e1 pevnost a trvanlivost:<\/strong> Tyto v\u00e1lce, obvykle vyroben\u00e9 z vysokopevnostn\u00ed oceli nebo hlin\u00edku, odol\u00e1vaj\u00ed vysok\u00e9mu tlaku a velk\u00e9mu zat\u00ed\u017een\u00ed, d\u00edky \u010demu\u017e jsou vhodn\u00e9 pro n\u00e1ro\u010dn\u00e9 pracovn\u00ed podm\u00ednky. Jsou navr\u017eeny tak, aby byly odoln\u00e9 proti opot\u0159eben\u00ed a korozi, co\u017e prodlu\u017euje jejich \u017eivotnost.<\/li>\n<li><strong>Efektivn\u00ed hydraulick\u00fd provoz:<\/strong> V\u00e1lec v\u00fdlo\u017en\u00edku vyu\u017e\u00edv\u00e1 hydraulick\u00fd tlak oleje pro plynul\u00e9 vysouv\u00e1n\u00ed a zasouv\u00e1n\u00ed, co\u017e umo\u017e\u0148uje rychlou odezvu na ovl\u00e1dac\u00ed povely a poskytuje v\u00fdkonn\u00e9 funkce pro tla\u010den\u00ed a tah\u00e1n\u00ed, ide\u00e1ln\u00ed pro manipulaci s t\u011b\u017ek\u00fdmi p\u0159edm\u011bty a slo\u017eit\u00e9 \u00fakoly.<\/li>\n<li><strong>R\u016fzn\u00e9 typy:<\/strong> V z\u00e1vislosti na aplikaci jsou k dispozici jedno\u010dinn\u00e9 (hydraulicky ovl\u00e1dan\u00e9 v jednom sm\u011bru) a dvoj\u010dinn\u00e9 (hydraulicky ovl\u00e1dan\u00e9 v obou sm\u011brech) v\u00e1lce. N\u011bkter\u00e9 modely jsou teleskopick\u00e9, co\u017e umo\u017e\u0148uje v\u011bt\u0161\u00ed v\u00fdsuv bez zv\u011bt\u0161en\u00ed vn\u011bj\u0161\u00edch rozm\u011br\u016f, co\u017e je v\u00fdhodn\u00e9 pro aplikace s omezen\u00fdm prostorem.<\/li>\n<li><strong>Zak\u00e1zkov\u00e1 v\u00fdroba:<\/strong> Na\u0161e produkty dok\u00e1\u017e\u00ed dokonale nahradit st\u00e1vaj\u00edc\u00ed hydraulick\u00e9 v\u00e1lce a zaji\u0161\u0165uj\u00ed tak kompatibilitu a funk\u010dnost.<\/li>\n<\/ul>\n<p><img decoding=\"async\" src=\"https:\/\/www.hydraulic-cylinders.net\/wp-content\/uploads\/2025\/04\/songte-cylinder-head-with-all-kinds-excavator-models.webp\" alt=\"Modely bagr\u016f\"><\/p>\n<h2>Aplikace v\u00e1lce v\u00fdlo\u017en\u00edku<\/h2>\n<h3>Stavebn\u00ed stroje<\/h3>\n<p>U stavebn\u00edch stroj\u016f, jako jsou bagry, jsou v\u00e1lce v\u00fdlo\u017en\u00edku nezbytn\u00e9 pro kop\u00e1n\u00ed, nakl\u00e1d\u00e1n\u00ed a p\u0159esouv\u00e1n\u00ed zeminy nebo suti. Umo\u017e\u0148uj\u00ed obsluze prov\u00e1d\u011bt slo\u017eit\u00e9 \u00fakoly s p\u0159esnost\u00ed. U rypadlo-naklada\u010d\u016f tyto v\u00e1lce nejen pom\u00e1haj\u00ed p\u0159i v\u00fdkopov\u00fdch prac\u00edch, ale tak\u00e9 pom\u00e1haj\u00ed p\u0159i zdvihac\u00edch operac\u00edch. Integrace v\u00e1lc\u016f v\u00fdlo\u017en\u00edku do t\u011bchto stroj\u016f zvy\u0161uje produktivitu a efektivitu na staveni\u0161t\u00edch.<\/p>\n<h3>Zem\u011bd\u011blsk\u00e9 stroje<\/h3>\n<p>V zem\u011bd\u011blstv\u00ed se v\u00e1lce v\u00fdlo\u017en\u00edku pou\u017e\u00edvaj\u00ed v \u010deln\u00edch naklada\u010d\u00edch k nab\u00edr\u00e1n\u00ed, zved\u00e1n\u00ed a p\u0159eprav\u011b p\u016fdy, sena a dal\u0161\u00edch materi\u00e1l\u016f. Jejich robustn\u00ed konstrukce zaji\u0161\u0165uje, \u017ee zvl\u00e1dnou n\u00e1ro\u010dn\u00e9 \u00fakoly, kter\u00e9 jsou \u010dasto vy\u017eadov\u00e1ny v zem\u011bd\u011blsk\u00fdch operac\u00edch, a z\u00e1rove\u0148 si zachovaj\u00ed spolehlivost a snadnou pou\u017eitelnost.<\/p>\n<h3>Bagry<\/h3>\n<p>U bagr\u016f usnad\u0148uj\u00ed v\u00e1lce v\u00fdlo\u017en\u00edku kop\u00e1n\u00ed t\u00edm, \u017ee umo\u017e\u0148uj\u00ed l\u017e\u00edci efektivn\u011b pronikat do zem\u011b. Poskytuj\u00ed pot\u0159ebnou s\u00edlu k prora\u017een\u00ed tvrd\u00e9 zeminy a kamen\u016f, co\u017e z nich \u010din\u00ed z\u00e1sadn\u00ed sou\u010d\u00e1st v\u00fdkopov\u00fdch projekt\u016f r\u016fzn\u00e9ho rozsahu.<\/p>\n<h3>Naklada\u010de<\/h3>\n<p>U \u010deln\u00edch naklada\u010d\u016f v\u00e1lce v\u00fdlo\u017en\u00edku v\u00fdznamn\u011b p\u0159isp\u00edvaj\u00ed k efektivn\u00edmu zved\u00e1n\u00ed a vykl\u00e1p\u011bn\u00ed b\u0159emen. Umo\u017e\u0148uj\u00ed obsluze snadno p\u0159emis\u0165ovat t\u011b\u017ek\u00e9 materi\u00e1ly, \u010d\u00edm\u017e zvy\u0161uj\u00ed celkovou produktivitu stroje a zkracuj\u00ed provozn\u00ed dobu p\u0159i r\u016fzn\u00fdch \u00fakonech.<\/p>\n<h2>Konstruk\u010dn\u00ed aspekty a krit\u00e9ria v\u00fdb\u011bru<\/h2>\n<ul>\n<li><strong>Nosnost:<\/strong> Pochopen\u00ed nosnosti je p\u0159i v\u00fdb\u011bru v\u00e1lce v\u00fdlo\u017en\u00edku kl\u00ed\u010dov\u00e9. Ur\u010duje maxim\u00e1ln\u00ed hmotnost, kterou v\u00e1lec zvl\u00e1dne bez kompromis\u016f v oblasti v\u00fdkonu nebo bezpe\u010dnosti. V\u00fdb\u011br v\u00e1lce, kter\u00fd odpov\u00edd\u00e1 nebo p\u0159ekra\u010duje po\u017eadovanou nosnost, zaji\u0161\u0165uje spolehlivost a dlouhou \u017eivotnost.<\/li>\n<li><strong>T\u011bsnic\u00ed mechanismy:<\/strong> \u00da\u010dinnost t\u011bsnic\u00edho syst\u00e9mu je z\u00e1sadn\u00ed pro prevenci \u00fanik\u016f hydraulick\u00e9 kapaliny. Vysoce kvalitn\u00ed t\u011bsn\u011bn\u00ed vyroben\u00e1 z odoln\u00fdch materi\u00e1l\u016f, jako je polyuretan nebo nitrilov\u00e1 pry\u017e, pom\u00e1haj\u00ed udr\u017eovat tlak a sni\u017euj\u00ed pot\u0159ebu \u00fadr\u017eby.<\/li>\n<li><strong>Trvanlivost:<\/strong> Materi\u00e1ly pou\u017eit\u00e9 p\u0159i v\u00fdrob\u011b v\u00e1lc\u016f v\u00fdlo\u017en\u00edku mus\u00ed b\u00fdt odoln\u00e9 v\u016f\u010di opot\u0159eben\u00ed a korozi. To je obzvl\u00e1\u0161t\u011b d\u016fle\u017eit\u00e9 v n\u00e1ro\u010dn\u00fdch podm\u00ednk\u00e1ch, kde vystaven\u00ed pov\u011btrnostn\u00edm vliv\u016fm m\u016f\u017ee v\u00e9st k p\u0159ed\u010dasn\u00e9mu selh\u00e1n\u00ed m\u00e9n\u011b kvalitn\u00edch sou\u010d\u00e1st\u00ed.<\/li>\n<li><strong>Bezpe\u010dnostn\u00ed prvky:<\/strong> Bezpe\u010dnost je u hydraulick\u00fdch syst\u00e9m\u016f prvo\u0159ad\u00e1. V\u00e1lce v\u00fdlo\u017en\u00edku by m\u011bly b\u00fdt vybaveny prvky, kter\u00e9 zabra\u0148uj\u00ed nadm\u011brn\u00e9mu vyta\u017een\u00ed a n\u00e1hl\u00fdm poruch\u00e1m. Tyto bezpe\u010dnostn\u00ed mechanismy zaji\u0161\u0165uj\u00ed bezpe\u010dnost obsluhy a integritu stroje.<\/li>\n<li><strong>P\u0159\u00edstupnost \u00fadr\u017eby:<\/strong> Dobr\u00fd design by m\u011bl umo\u017e\u0148ovat snadnou \u00fadr\u017ebu a kontrolu. Prvky, kter\u00e9 usnad\u0148uj\u00ed pravideln\u00fd p\u0159\u00edstup k v\u00e1lci, mohou v\u00fdrazn\u011b prodlou\u017eit jeho \u017eivotnost a v\u00fdkon.<\/li>\n<\/ul>\n<p><img decoding=\"async\" src=\"https:\/\/www.hydraulic-cylinders.net\/wp-content\/uploads\/2025\/04\/songte-oil-pipes-and-spare-parts.webp\" alt=\"Hydraulick\u00e9 komponenty\"><\/p>\n<h2>T\u011bsn\u011bn\u00ed a maz\u00e1n\u00ed<\/h2>\n<p>T\u011bsn\u011bn\u00ed a maz\u00e1n\u00ed jsou kl\u00ed\u010dov\u00fdmi aspekty pro udr\u017een\u00ed v\u00fdkonu v\u00e1lce v\u00fdlo\u017en\u00edku. K zaji\u0161t\u011bn\u00ed toho, aby hydraulick\u00e1 kapalina z\u016fstala uvnit\u0159 v\u00e1lce, se pou\u017e\u00edvaj\u00ed r\u016fzn\u00e1 t\u011bsn\u011bn\u00ed, v\u010detn\u011b t\u011bsn\u011bn\u00ed p\u00edst\u016f a t\u011bsn\u011bn\u00ed ty\u010d\u00ed. Tato t\u011bsn\u011bn\u00ed jsou \u010dasto vyrobena z materi\u00e1l\u016f odoln\u00fdch proti opot\u0159eben\u00ed, jako je polyuretan a nitrilov\u00e1 pry\u017e, kter\u00e9 poskytuj\u00ed vynikaj\u00edc\u00ed trvanlivost.<\/p>\n<p>T\u011bleso v\u00e1lce a z\u00e1vitov\u00e9 koncov\u00e9 plochy jsou pe\u010dliv\u011b opracov\u00e1ny pro zv\u00fd\u0161en\u00ed odolnosti proti opot\u0159eben\u00ed. Pravideln\u00e9 maz\u00e1n\u00ed vhodn\u00fdm typem a mno\u017estv\u00edm hydraulick\u00e9ho oleje je nezbytn\u00e9 pro sn\u00ed\u017een\u00ed t\u0159en\u00ed a zaji\u0161t\u011bn\u00ed plynul\u00e9ho provozu. Neprov\u00e1d\u011bn\u00ed t\u011bchto \u00fadr\u017eb\u00e1\u0159sk\u00fdch \u00fakon\u016f m\u016f\u017ee v\u00e9st k p\u0159ed\u010dasn\u00e9mu opot\u0159eben\u00ed a potenci\u00e1ln\u00edmu selh\u00e1n\u00ed syst\u00e9mu.<\/p>\n<h2>Pravideln\u00e1 kontrola a preventivn\u00ed \u00fadr\u017eba<\/h2>\n<ul>\n<li><strong>Rutinn\u00ed kontrola:<\/strong> Pravideln\u011b kontrolujte v\u00e1lec v\u00fdlo\u017en\u00edku, zda nevykazuje zn\u00e1mky opot\u0159eben\u00ed, net\u011bsnost\u00ed nebo po\u0161kozen\u00ed. Toto proaktivn\u00ed opat\u0159en\u00ed m\u016f\u017ee pomoci identifikovat potenci\u00e1ln\u00ed probl\u00e9my d\u0159\u00edve, ne\u017e se rozvinou do z\u00e1va\u017en\u00fdch probl\u00e9m\u016f, a zajistit tak nep\u0159etr\u017eit\u00fd provoz.<\/li>\n<li><strong>Spr\u00e1vn\u00e9 maz\u00e1n\u00ed:<\/strong> Ujist\u011bte se, \u017ee hydraulick\u00fd olej je na spr\u00e1vn\u00e9 hladin\u011b a je vhodn\u00fd pro provozn\u00ed podm\u00ednky. Pravideln\u00e1 kontrola a udr\u017eov\u00e1n\u00ed spr\u00e1vn\u00e9 hladiny maz\u00e1n\u00ed zabra\u0148uje opot\u0159eben\u00ed t\u011bsn\u011bn\u00ed a sou\u010d\u00e1st\u00ed.<\/li>\n<li><strong>V\u00fdm\u011bna t\u011bsn\u011bn\u00ed:<\/strong> Sledujte stav t\u011bsn\u011bn\u00ed a v p\u0159\u00edpad\u011b pot\u0159eby je vym\u011b\u0148ujte. Opot\u0159ebovan\u00e1 nebo po\u0161kozen\u00e1 t\u011bsn\u011bn\u00ed mohou v\u00e9st k net\u011bsnostem a sn\u00ed\u017een\u00e9mu v\u00fdkonu, co\u017e m\u016f\u017ee ovlivnit cel\u00fd hydraulick\u00fd syst\u00e9m.<\/li>\n<\/ul>\n<h2>Pokyny k instalaci<\/h2>\n<p>Spr\u00e1vn\u00e1 instalace v\u00e1lce v\u00fdlo\u017en\u00edku je z\u00e1sadn\u00ed pro optim\u00e1ln\u00ed v\u00fdkon a dlouhou \u017eivotnost. Zahrnuje zaji\u0161t\u011bn\u00ed spr\u00e1vn\u00e9ho vyrovn\u00e1n\u00ed a usazen\u00ed v\u00e1lce, aby se zabr\u00e1nilo nadm\u011brn\u00e9mu nam\u00e1h\u00e1n\u00ed sou\u010d\u00e1st\u00ed. B\u011bhem instalace:<\/p>\n<ul>\n<li>Ujist\u011bte se, \u017ee je v\u00e1lec spr\u00e1vn\u011b zarovn\u00e1n s mont\u00e1\u017en\u00edmi body. Nespr\u00e1vn\u00e9 zarovn\u00e1n\u00ed m\u016f\u017ee v\u00e9st k p\u0159ed\u010dasn\u00e9mu opot\u0159eben\u00ed a poru\u0161e.<\/li>\n<li>Pro pevn\u00e9 upevn\u011bn\u00ed v\u00e1lce pou\u017eijte vhodn\u00e9 mont\u00e1\u017en\u00ed konzoly. T\u00edm je zaji\u0161t\u011bna stabilita b\u011bhem provozu.<\/li>\n<li>Dodr\u017eujte specifikace v\u00fdrobce ohledn\u011b nastaven\u00ed utahovac\u00edho momentu a postupu instalace, abyste zachovali integritu sestavy.<\/li>\n<li>Po instalaci prove\u010fte zku\u0161ebn\u00ed provoz, abyste se ujistili, \u017ee v\u00e1lec funguje hladce a bez probl\u00e9m\u016f.<\/li>\n<\/ul>\n<p><img decoding=\"async\" src=\"https:\/\/www.hydraulic-cylinders.net\/wp-content\/uploads\/2025\/04\/songte-chushion-collar.webp\" alt=\"Instalace v\u00e1lce v\u00fdlo\u017en\u00edku\"><\/p>\n<h2>Bezpe\u010dnostn\u00ed aspekty a faktory prost\u0159ed\u00ed<\/h2>\n<p>P\u0159i pou\u017e\u00edv\u00e1n\u00ed v\u00e1lc\u016f v\u00fdlo\u017en\u00edku je dodr\u017eov\u00e1n\u00ed bezpe\u010dnostn\u00edch opat\u0159en\u00ed z\u00e1sadn\u00ed pro prevenci nehod a zaji\u0161t\u011bn\u00ed bezpe\u010dnosti obsluhy a p\u0159ihl\u00ed\u017eej\u00edc\u00edch. Pro minimalizaci rizik je nezbytn\u00e9 \u0159\u00e1dn\u00e9 \u0161kolen\u00ed v pou\u017e\u00edv\u00e1n\u00ed hydraulick\u00fdch syst\u00e9m\u016f a pochopen\u00ed omezen\u00ed za\u0159\u00edzen\u00ed. Pou\u017eit\u00ed ekologick\u00fdch hydraulick\u00fdch kapalin m\u016f\u017ee nav\u00edc sn\u00ed\u017eit dopad na \u017eivotn\u00ed prost\u0159ed\u00ed, a t\u00edm podpo\u0159it udr\u017eiteln\u00e9 postupy v provozu.<\/p>\n<h2>Odstra\u0148ov\u00e1n\u00ed probl\u00e9m\u016f a b\u011b\u017en\u00e9 probl\u00e9my<\/h2>\n<ul>\n<li><strong>\u00daniky kapalin:<\/strong> Pokud si v\u0161imnete hromad\u011bn\u00ed hydraulick\u00e9 kapaliny kolem v\u00e1lce, zkontrolujte t\u011bsn\u011bn\u00ed, zda nejsou po\u0161kozen\u00e1 nebo opot\u0159ebovan\u00e1. T\u011bsn\u011bn\u00ed ihned vym\u011b\u0148te, abyste zabr\u00e1nili dal\u0161\u00edmu \u00faniku.<\/li>\n<li><strong>Sn\u00ed\u017een\u00fd v\u00fdkon:<\/strong> Pokud v\u00e1lec v\u00fdlo\u017en\u00edku nereaguje o\u010dek\u00e1van\u00fdm zp\u016fsobem, zkontrolujte hladinu hydraulick\u00e9 kapaliny a ujist\u011bte se, \u017ee v syst\u00e9mu nejsou vzduchov\u00e9 kapsy. M\u016f\u017ee b\u00fdt nutn\u00e9 syst\u00e9m odvzdu\u0161nit.<\/li>\n<li><strong>Hlu\u010dn\u00fd provoz:<\/strong> Nadm\u011brn\u00fd hluk b\u011bhem provozu m\u016f\u017ee nazna\u010dovat nedostatek maz\u00e1n\u00ed nebo po\u0161kozen\u00ed vnit\u0159n\u00edch sou\u010d\u00e1st\u00ed. Zkontrolujte hladinu maz\u00e1n\u00ed a zkontrolujte, zda nedo\u0161lo k mechanick\u00fdm probl\u00e9m\u016fm.<\/li>\n<\/ul>\n<h2>Tipy a \u0159e\u0161en\u00ed probl\u00e9m\u016f<\/h2>\n<p>Pro efektivn\u00ed diagnostiku a \u0159e\u0161en\u00ed probl\u00e9m\u016f s v\u00e1lci v\u00fdlo\u017en\u00edku:<\/p>\n<ul>\n<li>Pravideln\u011b kontrolujte hladinu kapalin a v p\u0159\u00edpad\u011b pot\u0159eby ji dopl\u0148ujte. Udr\u017eov\u00e1n\u00ed spr\u00e1vn\u00e9 hladiny kapalin m\u016f\u017ee p\u0159edej\u00edt mnoha provozn\u00edm probl\u00e9m\u016fm.<\/li>\n<li>Prov\u00e1d\u011bjte preventivn\u00ed \u00fadr\u017ebu t\u011bsn\u011bn\u00ed a mazac\u00edch syst\u00e9m\u016f, abyste zabr\u00e1nili opot\u0159eben\u00ed, kter\u00e9 by mohlo v\u00e9st k net\u011bsnostem nebo probl\u00e9m\u016fm s v\u00fdkonem.<\/li>\n<li>Zdokumentujte ve\u0161ker\u00e9 zm\u011bny ve v\u00fdkonu a prov\u00e1d\u011bjte d\u016fkladn\u00e9 kontroly, abyste identifikovali vzorce nebo opakuj\u00edc\u00ed se probl\u00e9my, kter\u00e9 by mohly nazna\u010dovat skryt\u00e9 probl\u00e9my.<\/li>\n<\/ul>\n<p><img decoding=\"async\" src=\"https:\/\/www.hydraulic-cylinders.net\/wp-content\/uploads\/2025\/04\/songte-bushings-with-all-kinds-of-excavator-models.webp\" alt=\"Pouzdra pro bagry\"><\/p>\n<h2>O na\u0161\u00ed spole\u010dnosti<\/h2>\n<p>Jsme p\u0159edn\u00edm v\u00fdrobcem n\u00e1hradn\u00edch hydraulick\u00fdch v\u00e1lc\u016f s komplexn\u00ed nab\u00eddkou produkt\u016f, kter\u00e1 n\u00e1s \u0159ad\u00ed mezi p\u0159edn\u00ed dodavatele na dom\u00e1c\u00edm i mezin\u00e1rodn\u00edm trhu. N\u00e1\u0161 z\u00e1vazek k dokonalosti je zako\u0159en\u011bn v propracovan\u00e9m v\u00fdrobn\u00edm procesu a p\u0159\u00edsn\u00fdch kontrol\u00e1ch kvality. Vyu\u017e\u00edv\u00e1n\u00edm kvalifikovan\u00fdch pracovn\u00edk\u016f, nejmodern\u011bj\u0161\u00edho digit\u00e1ln\u00edho v\u00fdrobn\u00edho za\u0159\u00edzen\u00ed a pokro\u010dil\u00fdch testovac\u00edch syst\u00e9m\u016f neust\u00e1le vylep\u0161ujeme na\u0161e v\u00fdrobn\u00ed kapacity, abychom splnili rozmanit\u00e9 pot\u0159eby klient\u016f.<\/p>\n<p>Na\u0161e zam\u011b\u0159en\u00ed na profesion\u00e1ln\u00ed slu\u017eby, mezin\u00e1rodn\u00ed certifikace a zak\u00e1zkov\u00e1 \u0159e\u0161en\u00ed n\u00e1m umo\u017e\u0148uje uspokojit r\u016fzn\u00e9 po\u017eadavky trhu. Na\u0161e v\u00fdrobn\u00ed z\u00e1vody jsou vybaveny nejmodern\u011bj\u0161\u00ed technologi\u00ed, co\u017e zaji\u0161\u0165uje vysokou efektivitu, p\u0159esnost a kvalitu ka\u017ed\u00e9ho produktu, kter\u00fd dod\u00e1v\u00e1me. Krom\u011b toho poskytujeme vynikaj\u00edc\u00ed poprodejn\u00ed servis, kter\u00fd na\u0161im klient\u016fm pom\u00e1h\u00e1 efektivn\u011b udr\u017eovat jejich hydraulick\u00e9 syst\u00e9my.<\/p>\n<p><img decoding=\"async\" src=\"https:\/\/www.hydraulic-cylinders.net\/wp-content\/uploads\/2025\/04\/songte-company-4.webp\" alt=\"P\u0159ehled spole\u010dnosti\"><br \/>\n<img decoding=\"async\" src=\"https:\/\/www.hydraulic-cylinders.net\/wp-content\/uploads\/2025\/04\/songte-company-3.webp\" alt=\"V\u00fdrobn\u00ed z\u00e1vod spole\u010dnosti\"><\/p>\n<p>Autor: lyl<\/p>","protected":false},"excerpt":{"rendered":"<p>Boom Cylinder For Nante NT18 Overview of Boom Cylinder The boom cylinder, also known as the bucket cylinder, is a critical component in hydraulic systems used in heavy machinery. These cylinders control the movement of the bucket on various machines such as excavators, backhoe loaders, and front loaders. Their primary function is to enable the [&hellip;]<\/p>","protected":false},"featured_media":17870,"comment_status":"open","ping_status":"closed","template":"","meta":{"_et_pb_use_builder":"","_et_pb_old_content":"","_et_gb_content_width":""},"product_brand":[],"product_cat":[1546],"product_tag":[1547,1496],"class_list":{"0":"post-19547","1":"product","2":"type-product","3":"status-publish","4":"has-post-thumbnail","6":"product_cat-boom-cylinders","7":"product_tag-boom-cylinders","8":"product_tag-hydraulic-cylinders","10":"first","11":"instock","12":"shipping-taxable","13":"product-type-simple"},"amp_enabled":true,"_links":{"self":[{"href":"https:\/\/www.hydraulic-cylinders.net\/cs\/wp-json\/wp\/v2\/product\/19547","targetHints":{"allow":["GET"]}}],"collection":[{"href":"https:\/\/www.hydraulic-cylinders.net\/cs\/wp-json\/wp\/v2\/product"}],"about":[{"href":"https:\/\/www.hydraulic-cylinders.net\/cs\/wp-json\/wp\/v2\/types\/product"}],"replies":[{"embeddable":true,"href":"https:\/\/www.hydraulic-cylinders.net\/cs\/wp-json\/wp\/v2\/comments?post=19547"}],"wp:featuredmedia":[{"embeddable":true,"href":"https:\/\/www.hydraulic-cylinders.net\/cs\/wp-json\/wp\/v2\/media\/17870"}],"wp:attachment":[{"href":"https:\/\/www.hydraulic-cylinders.net\/cs\/wp-json\/wp\/v2\/media?parent=19547"}],"wp:term":[{"taxonomy":"product_brand","embeddable":true,"href":"https:\/\/www.hydraulic-cylinders.net\/cs\/wp-json\/wp\/v2\/product_brand?post=19547"},{"taxonomy":"product_cat","embeddable":true,"href":"https:\/\/www.hydraulic-cylinders.net\/cs\/wp-json\/wp\/v2\/product_cat?post=19547"},{"taxonomy":"product_tag","embeddable":true,"href":"https:\/\/www.hydraulic-cylinders.net\/cs\/wp-json\/wp\/v2\/product_tag?post=19547"}],"curies":[{"name":"wp","href":"https:\/\/api.w.org\/{rel}","templated":true}]}}