{"id":19552,"date":"2025-04-07T06:54:07","date_gmt":"2025-04-07T06:54:07","guid":{"rendered":"https:\/\/www.hydraulic-cylinders.net\/product\/boom-cylinder-for-nante-nt130uu\/"},"modified":"2025-04-07T06:54:10","modified_gmt":"2025-04-07T06:54:10","slug":"boom-cylinder-for-nante-nt130uu","status":"publish","type":"product","link":"https:\/\/www.hydraulic-cylinders.net\/cs\/produkt\/boom-cylinder-for-nante-nt130uu\/","title":{"rendered":"V\u00e1lec v\u00fdlo\u017en\u00edku pro Nante NT130UU"},"content":{"rendered":"<h1>V\u00e1lec v\u00fdlo\u017en\u00edku pro Nante NT130UU<\/h1>\n<h2>P\u0159ehled produktu<\/h2>\n<p>Hydraulick\u00fd v\u00e1lec v\u00fdlo\u017en\u00edku pro Nante NT130UU je kl\u00ed\u010dovou sou\u010d\u00e1st\u00ed hydraulick\u00fdch syst\u00e9m\u016f, speci\u00e1ln\u011b navr\u017eenou pro ovl\u00e1d\u00e1n\u00ed pohybu l\u017e\u00edc t\u011b\u017ek\u00fdch stroj\u016f. Tyto hydraulick\u00e9 v\u00e1lce jsou nezbytn\u00e9 pro rypadla, r\u00fdpadlo-naklada\u010de a \u010deln\u00ed naklada\u010de, proto\u017ee usnad\u0148uj\u00ed efektivn\u00ed zved\u00e1n\u00ed, spou\u0161t\u011bn\u00ed a nakl\u00e1p\u011bn\u00ed l\u017e\u00edce a zefektiv\u0148uj\u00ed tak manipulaci s materi\u00e1lem.<\/p>\n<p>Hydraulick\u00fd v\u00e1lec kope\u010dku je typ hydraulick\u00e9ho v\u00e1lce, kter\u00fd pracuje pod vysok\u00fdm tlakem a \u0159\u00edd\u00ed pohyb p\u0159\u00edslu\u0161enstv\u00ed za\u0159\u00edzen\u00ed. Hraje v\u00fdznamnou roli v r\u016fzn\u00fdch aplikac\u00edch a umo\u017e\u0148uje obsluze snadno prov\u00e1d\u011bt \u00fakoly, jako je kop\u00e1n\u00ed, nakl\u00e1d\u00e1n\u00ed a p\u0159eprava materi\u00e1l\u016f.<\/p>\n<p><img decoding=\"async\" src=\"https:\/\/www.hydraulic-cylinders.net\/wp-content\/uploads\/2025\/04\/songte-company-1.webp\" alt=\"V\u00e1lec v\u00fdlo\u017en\u00edku pro Nante NT130UU\"><\/p>\n<h2>Vlastnosti v\u00e1lce v\u00fdlo\u017en\u00edku<\/h2>\n<ul>\n<li>\n<h3>Vysok\u00e1 pevnost a trvanlivost<\/h3>\n<p>    Tyto v\u00e1lce, obvykle vyroben\u00e9 z vysokopevnostn\u00ed oceli nebo hlin\u00edku, odol\u00e1vaj\u00ed vysok\u00e9mu tlaku a velk\u00e9mu zat\u00ed\u017een\u00ed, d\u00edky \u010demu\u017e jsou vhodn\u00e9 pro n\u00e1ro\u010dn\u00e9 pracovn\u00ed prost\u0159ed\u00ed. Jejich konstrukce zohled\u0148uje odolnost proti opot\u0159eben\u00ed a korozi, co\u017e prodlu\u017euje jejich \u017eivotnost.<\/li>\n<li>\n<h3>Efektivn\u00ed hydraulick\u00fd provoz<\/h3>\n<p>    Vyu\u017eit\u00ed tlaku hydraulick\u00e9ho oleje umo\u017e\u0148uje plynul\u00fd teleskopick\u00fd pohyb, zaji\u0161\u0165uje rychlou reakci na ovl\u00e1dac\u00ed povely a poskytuje siln\u00e9 tlakov\u00e9 a ta\u017en\u00e9 s\u00edly vhodn\u00e9 pro manipulaci s t\u011b\u017ek\u00fdmi b\u0159emeny a slo\u017eit\u00fdmi \u00fakoly.<\/li>\n<li>\n<h3>R\u016fznorod\u00e9 typy<\/h3>\n<p>    V\u00e1lce lze volit na z\u00e1klad\u011b provozn\u00edch pot\u0159eb, nap\u0159\u00edklad jako jedno\u010dinn\u00e9 (hydraulicky ovl\u00e1dan\u00e9 v jednom sm\u011bru) nebo dvoj\u010dinn\u00e9 (hydraulicky ovl\u00e1dan\u00e9 v obou sm\u011brech). N\u011bkter\u00e9 modely jsou teleskopick\u00e9, co\u017e umo\u017e\u0148uje v\u011bt\u0161\u00ed v\u00fdsuv bez zv\u011bt\u0161en\u00ed vn\u011bj\u0161\u00edch rozm\u011br\u016f, co\u017e je ide\u00e1ln\u00ed pro aplikace s omezen\u00fdm prostorem.<\/li>\n<\/ul>\n<p>N\u00e1\u0161 produkt dokonale nahrazuje tyto hydraulick\u00e9 v\u00e1lce.<\/p>\n<p><img decoding=\"async\" src=\"https:\/\/www.hydraulic-cylinders.net\/wp-content\/uploads\/2025\/04\/songte-cylinder-head-with-all-kinds-excavator-models.webp\" alt=\"N\u00e1hradn\u00ed v\u00e1lec v\u00fdlo\u017en\u00edku\"><\/p>\n<h2>Aplikace<\/h2>\n<ul>\n<li>\n<h3>Stavebn\u00ed stroje<\/h3>\n<p>    U bagr\u016f je v\u00e1lec v\u00fdlo\u017en\u00edku nezbytn\u00fd pro kop\u00e1n\u00ed, nakl\u00e1d\u00e1n\u00ed a p\u0159emis\u0165ov\u00e1n\u00ed zeminy nebo suti. Umo\u017e\u0148uje l\u017e\u00edci snadno proniknout do zem\u011b, co\u017e zefektiv\u0148uje v\u00fdkopov\u00e9 pr\u00e1ce. U rypadlo-naklada\u010d\u016f pom\u00e1h\u00e1 v\u00e1lec l\u017e\u00edce jak p\u0159i v\u00fdkopov\u00fdch, tak i p\u0159i zved\u00e1n\u00ed, co\u017e zaji\u0161\u0165uje v\u0161estrannost provozu.<\/h3>\n<\/li>\n<li>\n<h3>Zem\u011bd\u011blsk\u00e9 stroje<\/h3>\n<p>    Tyto v\u00e1lce, pou\u017e\u00edvan\u00e9 v \u010deln\u00edch naklada\u010d\u00edch, jsou nezbytn\u00e9 pro nab\u00edr\u00e1n\u00ed, zved\u00e1n\u00ed a p\u0159epravu p\u016fdy, sena a dal\u0161\u00edch materi\u00e1l\u016f. Zvy\u0161uj\u00ed produktivitu v zem\u011bd\u011blsk\u00fdch operac\u00edch t\u00edm, \u017ee umo\u017e\u0148uj\u00ed rychlou a efektivn\u00ed manipulaci s materi\u00e1lem.<\/h3>\n<\/li>\n<li>\n<h3>Bagry<\/h3>\n<p>    V\u00e1lec v\u00fdlo\u017en\u00edku umo\u017e\u0148uje l\u017e\u00edci zab\u00edrat hluboko do p\u016fdy, co\u017e usnad\u0148uje efektivn\u00ed v\u00fdkop. Jeho robustn\u00ed konstrukce zaji\u0161\u0165uje, \u017ee zvl\u00e1dne i n\u00e1ro\u010dn\u00e9 p\u016fdn\u00ed podm\u00ednky, co\u017e z n\u011bj \u010din\u00ed neoceniteln\u00fd n\u00e1stroj ve stavebnictv\u00ed a t\u011b\u017eebn\u00edch provozech.<\/h3>\n<\/li>\n<li>\n<h3>Naklada\u010de<\/h3>\n<p>    U \u010deln\u00edch naklada\u010d\u016f tyto v\u00e1lce pom\u00e1haj\u00ed efektivn\u011b zvedat a vykl\u00e1dat b\u0159emena. Jejich spolehliv\u00fd v\u00fdkon zaji\u0161\u0165uje plynul\u00fd chod operac\u00ed, minimalizuje prostoje a zvy\u0161uje produktivitu.<\/h3>\n<\/li>\n<\/ul>\n<h2>Konstruk\u010dn\u00ed aspekty a krit\u00e9ria v\u00fdb\u011bru<\/h2>\n<ul>\n<li>\n<h3>Nosnost<\/h3>\n<p>    Posouzen\u00ed nosnosti v\u00e1lce v\u00fdlo\u017en\u00edku je z\u00e1sadn\u00ed. Mus\u00ed b\u00fdt schopen zvl\u00e1dnout maxim\u00e1ln\u00ed zat\u00ed\u017een\u00ed o\u010dek\u00e1van\u00e9 b\u011bhem provozu. To zahrnuje pochopen\u00ed hmotnosti materi\u00e1l\u016f, sil vyv\u00edjen\u00fdch b\u011bhem zved\u00e1n\u00ed a zaji\u0161t\u011bn\u00ed toho, aby byl v\u00e1lec dimenzov\u00e1n pro tyto podm\u00ednky. Dob\u0159e navr\u017een\u00fd v\u00e1lec, kter\u00fd p\u0159ekra\u010duje pot\u0159ebnou nosnost, sni\u017euje riziko poruchy, kter\u00e1 by mohla v\u00e9st k n\u00e1kladn\u00fdm prostoj\u016fm a oprav\u00e1m.<\/h3>\n<\/li>\n<li>\n<h3>T\u011bsnic\u00ed v\u00fdkon<\/h3>\n<p>    T\u011bsn\u011bn\u00ed hraje kl\u00ed\u010dovou roli ve v\u00fdkonu a \u017eivotnosti hydraulick\u00fdch v\u00e1lc\u016f. Vysoce kvalitn\u00ed t\u011bsn\u011bn\u00ed zabra\u0148uje \u00faniku hydraulick\u00e9 kapaliny, co\u017e je nezbytn\u00e9 pro udr\u017een\u00ed tlaku a \u00fa\u010dinnosti. V z\u00e1vislosti na konstrukci se pou\u017e\u00edvaj\u00ed r\u016fzn\u00e9 typy t\u011bsn\u011bn\u00ed, jako jsou p\u00edstn\u00ed a p\u00edstn\u00ed t\u011bsn\u011bn\u00ed. \u00da\u010dinn\u00e9 t\u011bsn\u011bn\u00ed sni\u017euje pot\u0159ebu \u00fadr\u017eby a zvy\u0161uje provozn\u00ed spolehlivost.<\/h3>\n<\/li>\n<li>\n<h3>Trvanlivost<\/h3>\n<p>    Trvanlivost v\u00e1lce v\u00fdlo\u017en\u00edku je ovlivn\u011bna materi\u00e1ly a povlaky pou\u017eit\u00fdmi p\u0159i jeho konstrukci. Vysoce pevn\u00e9 materi\u00e1ly odoln\u00e9 proti opot\u0159eben\u00ed a korozi zaji\u0161\u0165uj\u00ed, \u017ee v\u00e1lec odol\u00e1 n\u00e1ro\u010dn\u00fdm podm\u00ednk\u00e1m. Krom\u011b toho lze aplikovat ochrann\u00e9 povlaky pro zv\u00fd\u0161en\u00ed povrchov\u00e9 odolnosti, prodlou\u017een\u00ed \u017eivotnosti za\u0159\u00edzen\u00ed a sn\u00ed\u017een\u00ed n\u00e1klad\u016f na \u00fadr\u017ebu.<\/h3>\n<\/li>\n<li>\n<h3>Bezpe\u010dnostn\u00ed prvky<\/h3>\n<p>    Bezpe\u010dnost je u hydraulick\u00fdch syst\u00e9m\u016f prvo\u0159ad\u00e1. Konstrukce mus\u00ed zahrnovat bezpe\u010dnostn\u00ed prvky, kter\u00e9 zabra\u0148uj\u00ed n\u00e1hodn\u00e9mu spu\u0161t\u011bn\u00ed a chr\u00e1n\u00ed p\u0159ed p\u0159et\u00ed\u017een\u00edm. Pat\u0159\u00ed sem pojistn\u00e9 ventily a mechanismy pro pojistn\u00e9 p\u0159etlakov\u00e9 funkce, kter\u00e9 pom\u00e1haj\u00ed zm\u00edrnit rizika spojen\u00e1 s hydraulick\u00fdmi poruchami.<\/h3>\n<\/li>\n<li>\n<h3>Udr\u017eovatelnost<\/h3>\n<p>    Dob\u0159e navr\u017een\u00fd v\u00e1lec v\u00fdlo\u017en\u00edku by m\u011bl tak\u00e9 usnadnit \u00fadr\u017ebu. P\u0159\u00edstupov\u00e9 body pro kontrolu a v\u00fdm\u011bnu t\u011bsn\u011bn\u00ed nebo sou\u010d\u00e1st\u00ed jsou nezbytn\u00e9. Implementace konstrukce, kter\u00e1 umo\u017e\u0148uje jednoduch\u00e9 procesy \u00fadr\u017eby, zaji\u0161\u0165uje provozn\u00ed efektivitu a zkracuje prostoje.<\/h3>\n<\/li>\n<\/ul>\n<p><img decoding=\"async\" src=\"https:\/\/www.hydraulic-cylinders.net\/wp-content\/uploads\/2025\/04\/songte-oil-pipes-and-spare-parts.webp\" alt=\"D\u00edly hydraulick\u00e9ho v\u00e1lce\"><\/p>\n<h2>T\u011bsn\u011bn\u00ed a maz\u00e1n\u00ed<\/h2>\n<p>\u00da\u010dinn\u00e9 t\u011bsn\u011bn\u00ed je z\u00e1sadn\u00ed pro udr\u017een\u00ed v\u00fdkonu hydraulick\u00fdch v\u00e1lc\u016f. Pro zaji\u0161t\u011bn\u00ed optim\u00e1ln\u00edho v\u00fdkonu se pou\u017e\u00edvaj\u00ed r\u016fzn\u00e9 t\u011bsnic\u00ed prvky, jako jsou t\u011bsn\u011bn\u00ed p\u00edst\u016f a p\u00edstnic. T\u011bsn\u011bn\u00ed vyroben\u00e1 z odoln\u00fdch materi\u00e1l\u016f, jako je polyuretan a nitrilov\u00e1 pry\u017e, se vol\u00ed pro svou odolnost proti opot\u0159eben\u00ed, kter\u00e1 je kl\u00ed\u010dov\u00e1 pro dlouhou \u017eivotnost v\u00e1lce.<\/p>\n<p>T\u011bleso v\u00e1lce a z\u00e1vitov\u00e9 koncov\u00e9 plochy proch\u00e1zej\u00ed p\u0159esn\u00fdm obr\u00e1b\u011bn\u00edm pro zv\u00fd\u0161en\u00ed odolnosti proti opot\u0159eben\u00ed. Pravideln\u00e9 maz\u00e1n\u00ed je tak\u00e9 nezbytn\u00e9; je nutn\u00e9 pravideln\u011b dopl\u0148ovat hydraulick\u00fd olej, aby se zajistilo hladk\u00e9 fungov\u00e1n\u00ed v\u0161ech pohybliv\u00fdch \u010d\u00e1st\u00ed. Spr\u00e1vn\u00e9 maz\u00e1n\u00ed nejen sni\u017euje t\u0159en\u00ed, ale tak\u00e9 zabra\u0148uje p\u0159eh\u0159\u00e1t\u00ed a prodlu\u017euje \u017eivotnost v\u00e1lce.<\/p>\n<h2>Pravideln\u00e1 kontrola a preventivn\u00ed \u00fadr\u017eba<\/h2>\n<ul>\n<li>\n<h3>Pravideln\u00e9 kontroly<\/h3>\n<p>    Je z\u00e1sadn\u00ed prov\u00e1d\u011bt pravideln\u00e9 kontroly, aby se odhalily potenci\u00e1ln\u00ed probl\u00e9my d\u0159\u00edve, ne\u017e se stanou z\u00e1va\u017en\u00fdmi. Kontrola zn\u00e1mek opot\u0159eben\u00ed, net\u011bsnost\u00ed nebo po\u0161kozen\u00ed by m\u011bla b\u00fdt sou\u010d\u00e1st\u00ed b\u011b\u017en\u00e9ho pl\u00e1nu \u00fadr\u017eby. V\u010dasn\u00e9 odhalen\u00ed p\u0159isp\u00edv\u00e1 k udr\u017een\u00ed v\u00fdkonu a zamezen\u00ed n\u00e1kladn\u00fdm oprav\u00e1m.<\/h3>\n<\/li>\n<li>\n<h3>Spr\u00e1vn\u00e9 maz\u00e1n\u00ed<\/h3>\n<p>    Dostate\u010dn\u00e9 maz\u00e1n\u00ed je nezbytn\u00e9 pro hladk\u00fd chod hydraulick\u00fdch v\u00e1lc\u016f. Pou\u017eit\u00ed spr\u00e1vn\u00e9ho typu hydraulick\u00e9ho oleje a zaji\u0161t\u011bn\u00ed jeho spr\u00e1vn\u00e9 hladiny zabra\u0148uje opot\u0159eben\u00ed vnit\u0159n\u00edch sou\u010d\u00e1st\u00ed. Pro zaji\u0161t\u011bn\u00ed optim\u00e1ln\u00edho v\u00fdkonu je d\u016fle\u017eit\u00e9 dodr\u017eovat pl\u00e1n maz\u00e1n\u00ed.<\/h3>\n<\/li>\n<li>\n<h3>V\u00fdm\u011bna t\u011bsn\u011bn\u00ed a kontroly kalibrace<\/h3>\n<p>    T\u011bsn\u011bn\u00ed jsou opot\u0159ebiteln\u00e9 sou\u010d\u00e1sti, kter\u00e9 nakonec vy\u017eaduj\u00ed v\u00fdm\u011bnu. Pravideln\u00e1 kontrola a v\u00fdm\u011bna t\u011bsn\u011bn\u00ed dle pot\u0159eby zabra\u0148uje net\u011bsnostem a udr\u017euje hydraulick\u00fd tlak. Kalibra\u010dn\u00ed kontroly zaji\u0161\u0165uj\u00ed, \u017ee v\u00e1lec pracuje v r\u00e1mci specifikovan\u00fdch parametr\u016f, co\u017e je z\u00e1sadn\u00ed pro v\u00fdkon, \u00fa\u010dinnost a bezpe\u010dnost.<\/h3>\n<\/li>\n<\/ul>\n<p>B\u011bhem instalace je nezbytn\u00e9 spr\u00e1vn\u00e9 vyrovn\u00e1n\u00ed v\u00e1lce. K upevn\u011bn\u00ed v\u00e1lce pou\u017eijte vhodn\u00e9 mont\u00e1\u017en\u00ed konzoly a zajist\u011bte jeho spr\u00e1vn\u00e9 um\u00edst\u011bn\u00ed, aby se zabr\u00e1nilo nadm\u011brn\u00e9mu nam\u00e1h\u00e1n\u00ed sou\u010d\u00e1st\u00ed. Dodr\u017eujte doporu\u010den\u00e9 postupy kontroly, opravy a v\u00fdm\u011bny, abyste zajistili jeho dlouhou \u017eivotnost a v\u00fdkon.<\/p>\n<p><img decoding=\"async\" src=\"https:\/\/www.hydraulic-cylinders.net\/wp-content\/uploads\/2025\/04\/songte-chushion-collar.webp\" alt=\"Pol\u0161t\u00e1\u0159ov\u00fd l\u00edmec pro hydraulick\u00fd v\u00e1lec\"><\/p>\n<h2>Bezpe\u010dnostn\u00ed aspekty a faktory prost\u0159ed\u00ed<\/h2>\n<p>P\u0159i pr\u00e1ci s hydraulick\u00fdmi syst\u00e9my jsou bezpe\u010dnostn\u00ed opat\u0159en\u00ed prvo\u0159ad\u00e1. \u0158\u00e1dn\u00e9 \u0161kolen\u00ed obsluhy, pravideln\u00e9 bezpe\u010dnostn\u00ed kontroly a dodr\u017eov\u00e1n\u00ed provozn\u00edch pokyn\u016f pom\u00e1haj\u00ed zm\u00edr\u0148ovat rizika. Zaji\u0161t\u011bn\u00ed funk\u010dnosti bezpe\u010dnostn\u00edch prvk\u016f sni\u017euje pravd\u011bpodobnost nehod a zvy\u0161uje celkovou provozn\u00ed bezpe\u010dnost.<\/p>\n<h2>Odstra\u0148ov\u00e1n\u00ed probl\u00e9m\u016f a b\u011b\u017en\u00e9 probl\u00e9my<\/h2>\n<ul>\n<li>\n<h3>Probl\u00e9my s \u00faniky<\/h3>\n<p>    Jedn\u00edm z nej\u010dast\u011bj\u0161\u00edch probl\u00e9m\u016f je net\u011bsnost, \u010dasto zp\u016fsoben\u00e1 opot\u0159ebovan\u00fdmi t\u011bsn\u011bn\u00edmi nebo nespr\u00e1vnou instalac\u00ed. Pravideln\u00e9 kontroly mohou pomoci v\u010das odhalit net\u011bsnosti. Pokud je net\u011bsnost zji\u0161t\u011bna, je t\u0159eba okam\u017eit\u011b podniknout kroky k v\u00fdm\u011bn\u011b t\u011bsn\u011bn\u00ed nebo v p\u0159\u00edpad\u011b pot\u0159eby k uta\u017een\u00ed spoj\u016f.<\/h3>\n<\/li>\n<li>\n<h3>Pomal\u00fd provoz<\/h3>\n<p>    Pokud v\u00e1lec pracuje pomalu, m\u016f\u017ee to signalizovat n\u00edzkou hladinu hydraulick\u00e9 kapaliny nebo ucp\u00e1n\u00ed v syst\u00e9mu. Zkontrolujte hladiny kapalin a prohl\u00e9dn\u011bte hadice nebo armatury, zda nejsou ucpan\u00e9, co\u017e by mohlo br\u00e1nit pr\u016ftoku. Zaji\u0161t\u011bn\u00ed spr\u00e1vn\u00e9 hladiny hydraulick\u00e9 kapaliny je nezbytn\u00e9 pro udr\u017een\u00ed v\u00fdkonu.<\/h3>\n<\/li>\n<li>\n<h3>Hlu\u010dn\u00fd provoz<\/h3>\n<p>    Neobvykl\u00e9 zvuky b\u011bhem provozu mohou nazna\u010dovat mechanick\u00e9 probl\u00e9my. M\u016f\u017ee to b\u00fdt zp\u016fsobeno nedostate\u010dn\u00fdm maz\u00e1n\u00edm, vzduchem v hydraulick\u00e9m syst\u00e9mu nebo po\u0161kozen\u00fdmi sou\u010d\u00e1stmi. V\u010dasn\u00e9 zji\u0161t\u011bn\u00ed zdroje hluku m\u016f\u017ee zabr\u00e1nit dal\u0161\u00edmu po\u0161kozen\u00ed a zajistit plynul\u00fd provoz.<\/h3>\n<\/li>\n<\/ul>\n<p>Pro \u0159e\u0161en\u00ed t\u011bchto probl\u00e9m\u016f je d\u016fle\u017eit\u00e9 zav\u00e9st pl\u00e1n preventivn\u00ed \u00fadr\u017eby, kter\u00fd zahrnuje pravideln\u00e9 kontroly a rychlou pozornost k jak\u00fdmkoli zn\u00e1mk\u00e1m probl\u00e9mu. Preventivn\u00ed opat\u0159en\u00ed, jako je pou\u017e\u00edv\u00e1n\u00ed kvalitn\u00edch kapalin a komponent\u016f, mohou v\u00fdrazn\u011b sn\u00ed\u017eit riziko selh\u00e1n\u00ed.<\/p>\n<p><img decoding=\"async\" src=\"https:\/\/www.hydraulic-cylinders.net\/wp-content\/uploads\/2025\/04\/songte-bushings-with-all-kinds-of-excavator-models.webp\" alt=\"Pouzdra pro hydraulick\u00e9 syst\u00e9my\"><\/p>\n<h2>P\u0159ehled spole\u010dnosti<\/h2>\n<p>Jsme v\u00fdrobce specializuj\u00edc\u00ed se na n\u00e1hradn\u00ed hydraulick\u00e9 v\u00e1lce a nab\u00edz\u00edme rozmanitou \u0161k\u00e1lu produkt\u016f, co\u017e n\u00e1s \u0159ad\u00ed mezi p\u0159edn\u00edch v\u00fdrobce a velkoobchodn\u00ed distributory na dom\u00e1c\u00edm i mezin\u00e1rodn\u00edm trhu. Dodr\u017eujeme p\u0159\u00edsn\u00e9 standardy kvality a vyu\u017e\u00edv\u00e1me pokro\u010dil\u00e9 strategie \u0159\u00edzen\u00ed v\u00fdroby. Na\u0161e odborn\u00e9 znalosti vych\u00e1zej\u00ed z kombinace zku\u0161en\u00fdch profesion\u00e1l\u016f, \u0161pi\u010dkov\u00e9ho digit\u00e1ln\u00edho v\u00fdrobn\u00edho za\u0159\u00edzen\u00ed a komplexn\u00edch testovac\u00edch syst\u00e9m\u016f, kter\u00e9 zvy\u0161uj\u00ed na\u0161e v\u00fdrobn\u00ed kapacity.<\/p>\n<p>N\u00e1\u0161 z\u00e1vazek ke kvalit\u011b se odr\u00e1\u017e\u00ed v na\u0161ich efektivn\u00edch, p\u0159esn\u00fdch a vysoce kvalitn\u00edch v\u00fdrobn\u00edch principech, kter\u00e9 uspokojuj\u00ed rozmanit\u00e9 pot\u0159eby na\u0161ich klient\u016f. Zam\u011b\u0159ujeme se na neust\u00e1l\u00e9 zlep\u0161ov\u00e1n\u00ed a inovace, abychom zajistili, \u017ee na\u0161e produkty z\u016fstanou na \u0161pici v oboru.<\/p>\n<p><img decoding=\"async\" src=\"https:\/\/www.hydraulic-cylinders.net\/wp-content\/uploads\/2025\/04\/songte-company-4.webp\" alt=\"Za\u0159\u00edzen\u00ed spole\u010dnosti\"><br \/>\n<img decoding=\"async\" src=\"https:\/\/www.hydraulic-cylinders.net\/wp-content\/uploads\/2025\/04\/songte-company-3.webp\" alt=\"V\u00fdrobn\u00ed linka\"><\/p>\n<p>Autor: lyl<\/p>","protected":false},"excerpt":{"rendered":"<p>Boom Cylinder For Nante NT130UU Product Overview The Boom Cylinder for Nante NT130UU is a crucial component in hydraulic systems, specifically designed for controlling the movement of heavy machinery buckets. These hydraulic cylinders are vital for excavators, backhoe loaders, and front loaders, facilitating efficient lifting, lowering, and tilting of the bucket to streamline material handling [&hellip;]<\/p>","protected":false},"featured_media":17875,"comment_status":"open","ping_status":"closed","template":"","meta":{"_et_pb_use_builder":"","_et_pb_old_content":"","_et_gb_content_width":""},"product_brand":[],"product_cat":[1546],"product_tag":[1547,1496],"class_list":{"0":"post-19552","1":"product","2":"type-product","3":"status-publish","4":"has-post-thumbnail","6":"product_cat-boom-cylinders","7":"product_tag-boom-cylinders","8":"product_tag-hydraulic-cylinders","10":"first","11":"instock","12":"shipping-taxable","13":"product-type-simple"},"amp_enabled":true,"_links":{"self":[{"href":"https:\/\/www.hydraulic-cylinders.net\/cs\/wp-json\/wp\/v2\/product\/19552","targetHints":{"allow":["GET"]}}],"collection":[{"href":"https:\/\/www.hydraulic-cylinders.net\/cs\/wp-json\/wp\/v2\/product"}],"about":[{"href":"https:\/\/www.hydraulic-cylinders.net\/cs\/wp-json\/wp\/v2\/types\/product"}],"replies":[{"embeddable":true,"href":"https:\/\/www.hydraulic-cylinders.net\/cs\/wp-json\/wp\/v2\/comments?post=19552"}],"wp:featuredmedia":[{"embeddable":true,"href":"https:\/\/www.hydraulic-cylinders.net\/cs\/wp-json\/wp\/v2\/media\/17875"}],"wp:attachment":[{"href":"https:\/\/www.hydraulic-cylinders.net\/cs\/wp-json\/wp\/v2\/media?parent=19552"}],"wp:term":[{"taxonomy":"product_brand","embeddable":true,"href":"https:\/\/www.hydraulic-cylinders.net\/cs\/wp-json\/wp\/v2\/product_brand?post=19552"},{"taxonomy":"product_cat","embeddable":true,"href":"https:\/\/www.hydraulic-cylinders.net\/cs\/wp-json\/wp\/v2\/product_cat?post=19552"},{"taxonomy":"product_tag","embeddable":true,"href":"https:\/\/www.hydraulic-cylinders.net\/cs\/wp-json\/wp\/v2\/product_tag?post=19552"}],"curies":[{"name":"wp","href":"https:\/\/api.w.org\/{rel}","templated":true}]}}