{"id":19553,"date":"2025-04-07T06:54:11","date_gmt":"2025-04-07T06:54:11","guid":{"rendered":"https:\/\/www.hydraulic-cylinders.net\/product\/boom-cylinder-for-yanmar-sv017\/"},"modified":"2025-04-07T06:54:13","modified_gmt":"2025-04-07T06:54:13","slug":"boom-cylinder-for-yanmar-sv017","status":"publish","type":"product","link":"https:\/\/www.hydraulic-cylinders.net\/cs\/produkt\/boom-cylinder-for-yanmar-sv017\/","title":{"rendered":"V\u00e1lec v\u00fdlo\u017en\u00edku pro Yanmar SV017"},"content":{"rendered":"<h1>V\u00e1lec v\u00fdlo\u017en\u00edku pro Yanmar SV017<\/h1>\n<h2>Pochopen\u00ed v\u00e1lce v\u00fdlo\u017en\u00edku<\/h2>\n<p>Hydraulick\u00fd v\u00e1lec v\u00fdlo\u017en\u00edku je kl\u00ed\u010dovou sou\u010d\u00e1st\u00ed hydraulick\u00fdch syst\u00e9m\u016f pou\u017e\u00edvan\u00fdch v t\u011b\u017ek\u00fdch stroj\u00edch, zejm\u00e9na v t\u011bch, kter\u00e9 ovl\u00e1daj\u00ed rypadla Yanmar SV017. Tento hydraulick\u00fd v\u00e1lec je navr\u017een speci\u00e1ln\u011b pro ovl\u00e1d\u00e1n\u00ed pohybu v\u00fdlo\u017en\u00edku, co\u017e je nezbytn\u00e1 sou\u010d\u00e1st stroje, kter\u00e1 mu umo\u017e\u0148uje efektivn\u011b vykon\u00e1vat r\u016fzn\u00e9 \u00fakoly.<\/p>\n<p>V podstat\u011b v\u00e1lec v\u00fdlo\u017en\u00edku umo\u017e\u0148uje v\u00fdlo\u017en\u00edku zvedat, spou\u0161t\u011bt a nakl\u00e1n\u011bt, co\u017e usnad\u0148uje manipulaci s materi\u00e1lem, kter\u00e9 jsou nezbytn\u00e9 ve stavebnictv\u00ed, zem\u011bd\u011blstv\u00ed a dal\u0161\u00edch odv\u011btv\u00edch. Jeho \u010dinnost je zalo\u017eena na hydraulick\u00fdch principech, kde se k vytv\u00e1\u0159en\u00ed pohybu pou\u017e\u00edv\u00e1 tlakov\u00e1 hydraulick\u00e1 kapalina. Tato konstrukce umo\u017e\u0148uje p\u0159esn\u00e9 ovl\u00e1d\u00e1n\u00ed a obrovsk\u00fd v\u00fdkon, d\u00edky \u010demu\u017e je ide\u00e1ln\u00ed pro n\u00e1ro\u010dn\u00e9 aplikace.<\/p>\n<p><img decoding=\"async\" src=\"https:\/\/www.hydraulic-cylinders.net\/wp-content\/uploads\/2025\/04\/songte-company-1.webp\" alt=\"V\u00e1lec v\u00fdlo\u017en\u00edku\" \/><\/p>\n<h2>Vlastnosti v\u00e1lce v\u00fdlo\u017en\u00edku<\/h2>\n<ul>\n<li><strong>Vysok\u00e1 pevnost a trvanlivost:<\/strong> Vyrobeno z vysokopevnostn\u00ed oceli nebo hlin\u00edku, co\u017e zaji\u0161\u0165uje odolnost v\u016f\u010di vysok\u00e9mu tlaku a t\u011b\u017ek\u00e9mu zat\u00ed\u017een\u00ed a z\u00e1rove\u0148 je p\u0159izp\u016fsobiteln\u00e9 n\u00e1ro\u010dn\u00fdm pracovn\u00edm prost\u0159ed\u00edm. Navr\u017eeno tak, aby bylo odoln\u00e9 proti opot\u0159eben\u00ed a korozi, co\u017e prodlu\u017euje jeho \u017eivotnost.<\/li>\n<li><strong>Efektivn\u00ed hydraulick\u00fd provoz:<\/strong> Vyu\u017e\u00edv\u00e1 tlak hydraulick\u00e9 kapaliny pro plynul\u00e9 vysouv\u00e1n\u00ed a zasouv\u00e1n\u00ed, \u010d\u00edm\u017e zaji\u0161\u0165uje rychlou reakci na provozn\u00ed povely a dosahuje siln\u00fdch tlakov\u00fdch a ta\u017en\u00fdch sil, vhodn\u00fdch pro manipulaci s t\u011b\u017ek\u00fdmi b\u0159emeny a slo\u017eit\u00fdmi \u00fakoly.<\/li>\n<li><strong>R\u016fzn\u00e9 typy:<\/strong> K dispozici s jedno\u010dinn\u00fdmi (ovl\u00e1daj\u00edc\u00edmi v jednom sm\u011bru) nebo dvoj\u010dinn\u00fdmi (ob\u011bma sm\u011bry) v\u00e1lci pro spln\u011bn\u00ed r\u016fzn\u00fdch provozn\u00edch pot\u0159eb. N\u011bkter\u00e9 modely jsou teleskopick\u00e9, co\u017e umo\u017e\u0148uje v\u011bt\u0161\u00ed vysunut\u00ed bez zv\u011bt\u0161en\u00ed vn\u011bj\u0161\u00edch rozm\u011br\u016f, ide\u00e1ln\u00ed pro aplikace s omezen\u00fdm prostorem.<\/li>\n<\/ul>\n<p>Tento produkt dok\u00e1\u017eeme vyrobit a na\u0161e produkty dok\u00e1\u017e\u00ed tyto hydraulick\u00e9 v\u00e1lce dokonale nahradit.<\/p>\n<p><img decoding=\"async\" src=\"https:\/\/www.hydraulic-cylinders.net\/wp-content\/uploads\/2025\/04\/songte-cylinder-head-with-all-kinds-excavator-models.webp\" alt=\"V\u00fdm\u011bna hydraulick\u00e9ho v\u00e1lce\" \/><\/p>\n<h2>Aplikace v\u00e1lce v\u00fdlo\u017en\u00edku<\/h2>\n<h3>Stavebn\u00ed stroje<\/h3>\n<p>U bagr\u016f jsou v\u00e1lce v\u00fdlo\u017en\u00edku nezbytn\u00e9 pro kop\u00e1n\u00ed, nakl\u00e1d\u00e1n\u00ed a p\u0159emis\u0165ov\u00e1n\u00ed zeminy nebo suti. Poskytuj\u00ed pot\u0159ebnou s\u00edlu pro efektivn\u00ed v\u00fdkop a jsou ned\u00edlnou sou\u010d\u00e1st\u00ed celkov\u00e9ho v\u00fdkonu stroje. U r\u00fdpadlo-naklada\u010d\u016f v\u00e1lec v\u00fdlo\u017en\u00edku pom\u00e1h\u00e1 jak p\u0159i kop\u00e1n\u00ed, tak p\u0159i zved\u00e1n\u00ed, co\u017e z n\u011bj \u010din\u00ed v\u0161estrann\u00fd n\u00e1stroj na staveni\u0161t\u00edch.<\/p>\n<h3>Zem\u011bd\u011blsk\u00e9 stroje<\/h3>\n<p>V\u00e1lec v\u00fdlo\u017en\u00edku, pou\u017e\u00edvan\u00fd v \u010deln\u00edch naklada\u010d\u00edch, usnad\u0148uje nab\u00edr\u00e1n\u00ed, zved\u00e1n\u00ed a p\u0159epravu zeminy, sena a dal\u0161\u00edch materi\u00e1l\u016f. Tato funkce je pro zem\u011bd\u011blsk\u00e9 \u00fakoly z\u00e1sadn\u00ed, proto\u017ee umo\u017e\u0148uje zem\u011bd\u011blc\u016fm efektivn\u011b manipulovat s materi\u00e1ly a zvy\u0161ovat produktivitu.<\/p>\n<h3>Bagry<\/h3>\n<p>V\u00e1lec v\u00fdlo\u017en\u00edku zvy\u0161uje rypadlov\u00fd v\u00fdkon t\u00edm, \u017ee umo\u017e\u0148uje l\u017e\u00edci proniknout do zem\u011b. Tato schopnost je kl\u00ed\u010dov\u00e1 pro efektivn\u00ed rypadlov\u00fd provoz a p\u0159isp\u00edv\u00e1 k celkov\u00e9 \u00fa\u010dinnosti rypadla v r\u016fzn\u00fdch p\u016fdn\u00edch podm\u00ednk\u00e1ch.<\/p>\n<h3>Naklada\u010de<\/h3>\n<p>U \u010deln\u00edch naklada\u010d\u016f pom\u00e1haj\u00ed v\u00e1lce v\u00fdlo\u017en\u00edku p\u0159i zved\u00e1n\u00ed a vykl\u00e1dce materi\u00e1l\u016f a zaji\u0161\u0165uj\u00ed efektivn\u00ed p\u0159esun b\u0159emen. Jejich spolehlivost a pevnost jsou kl\u00ed\u010dem k \u00fasp\u011b\u0161n\u00e9mu nakl\u00e1d\u00e1n\u00ed ve stavebnictv\u00ed a pr\u016fmyslov\u00fdch aplikac\u00edch.<\/p>\n<h2>Konstruk\u010dn\u00ed aspekty a krit\u00e9ria v\u00fdb\u011bru<\/h2>\n<h3>Nosnost<\/h3>\n<p>Nosnost v\u00e1lce v\u00fdlo\u017en\u00edku je prim\u00e1rn\u00edm konstruk\u010dn\u00edm krit\u00e9riem. Mus\u00ed b\u00fdt schopen un\u00e9st maxim\u00e1ln\u00ed hmotnost, kter\u00e1 bude b\u011bhem provozu p\u016fsobit. To zahrnuje pe\u010dliv\u00e9 v\u00fdpo\u010dty zalo\u017een\u00e9 na provozn\u00edch po\u017eadavc\u00edch stroje a typech zat\u00ed\u017een\u00ed, kter\u00fdm bude \u010delit.<\/p>\n<h3>T\u011bsn\u011bn\u00ed<\/h3>\n<p>Spr\u00e1vn\u00e9 ut\u011bsn\u011bn\u00ed je z\u00e1sadn\u00ed pro prevenci \u00fanik\u016f hydraulick\u00e9 kapaliny, kter\u00e9 mohou v\u00e9st ke sn\u00ed\u017een\u00ed \u00fa\u010dinnosti a potenci\u00e1ln\u00edmu po\u0161kozen\u00ed. Vysoce kvalitn\u00ed t\u011bsn\u011bn\u00ed, v\u010detn\u011b t\u011bsn\u011bn\u00ed p\u00edst\u016f a p\u00edstnic, jsou nezbytn\u00e1 pro udr\u017een\u00ed integrity syst\u00e9mu. V\u00fdb\u011br t\u011bsn\u011bn\u00ed vyroben\u00fdch z odoln\u00fdch materi\u00e1l\u016f, jako je polyuretan nebo nitrilov\u00e1 pry\u017e, zaru\u010duje dlouhodob\u00fd v\u00fdkon.<\/p>\n<h3>Trvanlivost<\/h3>\n<p>Pro hydraulick\u00e9 v\u00e1lce, kter\u00e9 pracuj\u00ed v n\u00e1ro\u010dn\u00fdch podm\u00ednk\u00e1ch, je \u017eivotn\u011b d\u016fle\u017eit\u00e1 odolnost. V\u00fdb\u011br materi\u00e1lu, konstrukce a procesy kone\u010dn\u00e9 \u00fapravy mus\u00ed p\u0159isp\u00edvat k dlouh\u00e9 \u017eivotnosti v\u00fdrobku. Dob\u0159e navr\u017een\u00fd v\u00e1lec by m\u011bl odol\u00e1vat neust\u00e1l\u00e9mu opot\u0159eben\u00ed p\u0159i provozu za r\u016fzn\u00fdch podm\u00ednek.<\/p>\n<h3>Bezpe\u010dnost<\/h3>\n<p>Bezpe\u010dnostn\u00ed prvky jsou v hydraulick\u00e9 konstrukci prvo\u0159ad\u00e9. Pat\u0159\u00ed mezi n\u011b vestav\u011bn\u00e9 bezpe\u010dnostn\u00ed mechanismy, kter\u00e9 zabra\u0148uj\u00ed p\u0159et\u00ed\u017een\u00ed, a hydraulick\u00e9 syst\u00e9my pro uvoln\u011bn\u00ed tlaku, kter\u00e9 zaji\u0161\u0165uj\u00ed bezpe\u010dn\u00fd provoz za v\u0161ech okolnost\u00ed. Je t\u0159eba zv\u00e1\u017eit tak\u00e9, jak se v\u00e1lec bude chovat v nouzov\u00fdch situac\u00edch.<\/p>\n<h3>Udr\u017eovatelnost<\/h3>\n<p>Snadn\u00e1 \u00fadr\u017eba je z\u00e1sadn\u00edm faktorem p\u0159i konstrukci. Hydraulick\u00e9 v\u00e1lce by m\u011bly b\u00fdt navr\u017eeny tak, aby byl zaji\u0161t\u011bn snadn\u00fd p\u0159\u00edstup ke kl\u00ed\u010dov\u00fdm komponent\u016fm, co\u017e by umo\u017e\u0148ovalo pravideln\u00e9 kontroly a v\u00fdm\u011bny. To zaji\u0161\u0165uje rychl\u00e9 a efektivn\u00ed prov\u00e1d\u011bn\u00ed \u00fadr\u017eby a minimalizuje prostoje.<\/p>\n<p><img decoding=\"async\" src=\"https:\/\/www.hydraulic-cylinders.net\/wp-content\/uploads\/2025\/04\/songte-oil-pipes-and-spare-parts.webp\" alt=\"N\u00e1hradn\u00ed d\u00edly pro hydraulick\u00e9 v\u00e1lce\" \/><\/p>\n<h2>T\u011bsn\u011bn\u00ed a maz\u00e1n\u00ed<\/h2>\n<p>Spr\u00e1vn\u00e9 t\u011bsn\u011bn\u00ed a maz\u00e1n\u00ed hraj\u00ed kl\u00ed\u010dovou roli ve funk\u010dnosti a \u017eivotnosti hydraulick\u00fdch v\u00e1lc\u016f. K prevenci \u00fanik\u016f a udr\u017een\u00ed tlaku se pou\u017e\u00edvaj\u00ed r\u016fzn\u00e1 t\u011bsn\u011bn\u00ed, jako jsou p\u00edstn\u00ed a p\u00edstn\u00ed t\u011bsn\u011bn\u00ed. Materi\u00e1ly jako polyuretan a nitrilov\u00e1 pry\u017e jsou up\u0159ednost\u0148ov\u00e1ny pro svou odolnost proti opot\u0159eben\u00ed a trvanlivost.<\/p>\n<p>T\u011bleso v\u00e1lce a z\u00e1vitov\u00e9 koncov\u00e9 plochy vy\u017eaduj\u00ed jemn\u00e9 opracov\u00e1n\u00ed pro zv\u00fd\u0161en\u00ed odolnosti proti opot\u0159eben\u00ed. Pravideln\u00e9 dopl\u0148ov\u00e1n\u00ed hydraulick\u00e9ho oleje je nezbytn\u00e9 pro maz\u00e1n\u00ed, zaji\u0161t\u011bn\u00ed plynul\u00e9ho provozu a prevenci po\u0161kozen\u00ed t\u0159en\u00edm.<\/p>\n<h2>Pravideln\u00e1 kontrola a preventivn\u00ed \u00fadr\u017eba<\/h2>\n<ul>\n<li><strong>Pravideln\u00e9 kontroly:<\/strong> Prov\u00e1d\u011bjte pravideln\u00e9 kontroly, abyste v\u010das odhalili opot\u0159eben\u00ed nebo po\u0161kozen\u00ed. Tento proaktivn\u00ed p\u0159\u00edstup pom\u00e1h\u00e1 zm\u00edrnit z\u00e1va\u017en\u00e9 probl\u00e9my d\u0159\u00edve, ne\u017e se zhor\u0161\u00ed.<\/li>\n<li><strong>Spr\u00e1vn\u00e9 maz\u00e1n\u00ed:<\/strong> Zajist\u011bte, aby byl v\u00e1lec \u0159\u00e1dn\u011b maz\u00e1n podle specifikac\u00ed v\u00fdrobce. Nedostate\u010dn\u00e9 maz\u00e1n\u00ed m\u016f\u017ee v\u00e9st k p\u0159eh\u0159\u00e1t\u00ed a p\u0159ed\u010dasn\u00e9mu opot\u0159eben\u00ed.<\/li>\n<li><strong>V\u00fdm\u011bna t\u011bsn\u011bn\u00ed:<\/strong> Sledujte t\u011bsn\u011bn\u00ed, zda nevykazuj\u00ed zn\u00e1mky opot\u0159eben\u00ed, a v p\u0159\u00edpad\u011b pot\u0159eby je vym\u011b\u0148te, aby se zachoval optim\u00e1ln\u00ed v\u00fdkon. Zhor\u0161en\u00e1 t\u011bsn\u011bn\u00ed mohou v\u00e9st k net\u011bsnostem a sn\u00ed\u017een\u00ed \u00fa\u010dinnosti.<\/li>\n<\/ul>\n<h2>Pokyny k instalaci<\/h2>\n<p>Spr\u00e1vn\u00e1 instalace je z\u00e1sadn\u00ed pro efektivn\u00ed provoz v\u00e1lce v\u00fdlo\u017en\u00edku. Dodr\u017eujte tyto pokyny:<\/p>\n<ul>\n<li>Zajist\u011bte spr\u00e1vn\u00e9 vyrovn\u00e1n\u00ed v\u00e1lce s mont\u00e1\u017en\u00edmi konzolami, aby se zabr\u00e1nilo nadm\u011brn\u00e9mu nam\u00e1h\u00e1n\u00ed b\u011bhem provozu.<\/li>\n<li>Pou\u017eijte vhodn\u00e9 mont\u00e1\u017en\u00ed konzoly k pevn\u00e9mu upevn\u011bn\u00ed v\u00e1lce na m\u00edst\u011b a zajist\u011bte, aby odolal provozn\u00edm sil\u00e1m.<\/li>\n<li>Pro zaji\u0161t\u011bn\u00ed optim\u00e1ln\u00edho v\u00fdkonu dodr\u017eujte doporu\u010den\u00ed v\u00fdrobce ohledn\u011b typu a mno\u017estv\u00ed hydraulick\u00e9 kapaliny.<\/li>\n<li>Po instalaci zkontrolujte t\u011bsnost a prove\u010fte pot\u0159ebn\u00e1 se\u0159\u00edzen\u00ed pro zaji\u0161t\u011bn\u00ed spr\u00e1vn\u00e9ho provozu.<\/li>\n<\/ul>\n<h2>\u00dakoly \u00fadr\u017eby<\/h2>\n<h3>Pravideln\u00e9 kontroly<\/h3>\n<p>Pravideln\u00e9 kontroly umo\u017e\u0148uj\u00ed odhalit potenci\u00e1ln\u00ed probl\u00e9my d\u0159\u00edve, ne\u017e povedou k poru\u0161e. Kontrolujte net\u011bsnosti, opot\u0159eben\u00ed a spr\u00e1vnou funkci. Pro bezpe\u010dnost a efektivitu je tak\u00e9 nezbytn\u00e9 zajistit, aby v\u0161echna spojen\u00ed byla t\u011bsn\u00e1 a bezpe\u010dn\u00e1.<\/p>\n<h3>Spr\u00e1vn\u00e9 maz\u00e1n\u00ed<\/h3>\n<p>Udr\u017eov\u00e1n\u00ed spr\u00e1vn\u00e9ho maz\u00e1n\u00ed je z\u00e1sadn\u00ed pro minimalizaci t\u0159en\u00ed a prodlou\u017een\u00ed \u017eivotnosti v\u00e1lce. Pou\u017e\u00edvejte vysoce kvalitn\u00ed hydraulick\u00fd olej dle doporu\u010den\u00ed v\u00fdrobce a stanovte pravideln\u00fd pl\u00e1n maz\u00e1n\u00ed, aby v\u00e1lec fungoval optim\u00e1ln\u011b.<\/p>\n<h3>V\u00fdm\u011bna t\u011bsn\u011bn\u00ed<\/h3>\n<p>T\u011bsn\u011bn\u00ed by m\u011bla b\u00fdt pravideln\u011b vym\u011b\u0148ov\u00e1na v r\u00e1mci b\u011b\u017en\u00e9 \u00fadr\u017eby. Zkontrolujte t\u011bsn\u011bn\u00ed, zda nevykazuj\u00ed zn\u00e1mky opot\u0159eben\u00ed, jako jsou praskliny nebo rozt\u0159epen\u00ed, a neprodlen\u011b je vym\u011b\u0148te, abyste zabr\u00e1nili \u00fanik\u016fm a udr\u017eeli tlak v syst\u00e9mu.<\/p>\n<p><img decoding=\"async\" src=\"https:\/\/www.hydraulic-cylinders.net\/wp-content\/uploads\/2025\/04\/songte-chushion-collar.webp\" alt=\"Pol\u0161t\u00e1\u0159ov\u00fd l\u00edmec\" \/><\/p>\n<h2>Bezpe\u010dnostn\u00ed aspekty a faktory prost\u0159ed\u00ed<\/h2>\n<p>P\u0159i pou\u017e\u00edv\u00e1n\u00ed hydraulick\u00fdch v\u00e1lc\u016f v\u00fdlo\u017en\u00edku jsou bezpe\u010dnostn\u00ed opat\u0159en\u00ed nanejv\u00fd\u0161 d\u016fle\u017eit\u00e1. Obsluha by m\u011bla b\u00fdt pro\u0161kolena v bezpe\u010dn\u00fdch postupech manipulace a rozum\u011bt fungov\u00e1n\u00ed hydraulick\u00e9ho syst\u00e9mu. Pravideln\u00e9 bezpe\u010dnostn\u00ed kontroly by m\u011bly b\u00fdt prov\u00e1d\u011bny, aby se zajistilo, \u017ee v\u0161echny komponenty funguj\u00ed spr\u00e1vn\u011b. Krom\u011b toho je nezbytn\u00e9 dodr\u017eovat p\u0159edpisy na ochranu \u017eivotn\u00edho prost\u0159ed\u00ed, proto\u017ee nespr\u00e1vn\u00e1 likvidace hydraulick\u00fdch kapalin m\u016f\u017ee po\u0161kodit ekosyst\u00e9my.<\/p>\n<h2>Diagnostika z\u00e1vad a b\u011b\u017en\u00e9 probl\u00e9my<\/h2>\n<ul>\n<li><strong>\u00danik:<\/strong> Net\u011bsnost je \u010dasto zn\u00e1mkou opot\u0159ebovan\u00fdch t\u011bsn\u011bn\u00ed nebo po\u0161kozen\u00ed v\u00e1lce. Pravideln\u00e9 kontroly mohou pomoci tento probl\u00e9m v\u010das odhalit.<\/li>\n<li><strong>Sn\u00ed\u017een\u00fd v\u00fdkon:<\/strong> Pokud v\u00e1lec nepracuje hladce, m\u016f\u017ee b\u00fdt nutn\u00e9 jej promazat nebo vym\u011bnit t\u011bsn\u011bn\u00ed. To m\u016f\u017ee ovlivnit celkovou \u00fa\u010dinnost stroje.<\/li>\n<li><strong>P\u0159eh\u0159\u00e1t\u00ed:<\/strong> P\u0159eh\u0159\u00e1t\u00ed m\u016f\u017ee znamenat nedostate\u010dn\u00e9 maz\u00e1n\u00ed nebo nadm\u011brn\u00e9 zat\u00ed\u017een\u00ed. Je nezbytn\u00e9 zajistit spr\u00e1vn\u00e9 maz\u00e1n\u00ed a dodr\u017eov\u00e1n\u00ed limit\u016f zat\u00ed\u017een\u00ed.<\/li>\n<\/ul>\n<h2>Tipy pro \u0159e\u0161en\u00ed probl\u00e9m\u016f<\/h2>\n<p>Pro efektivn\u00ed diagnostiku a \u0159e\u0161en\u00ed probl\u00e9m\u016f se \u0159i\u010fte t\u011bmito tipy:<\/p>\n<ul>\n<li>Zkontrolujte hladiny v\u0161ech hydraulick\u00fdch kapalin a ujist\u011bte se, \u017ee jsou v doporu\u010den\u00e9m rozsahu.<\/li>\n<li>Zkontrolujte t\u011bsn\u011bn\u00ed a hadice, zda nevykazuj\u00ed zn\u00e1mky opot\u0159eben\u00ed nebo po\u0161kozen\u00ed, a v p\u0159\u00edpad\u011b pot\u0159eby je vym\u011b\u0148te.<\/li>\n<li>Sledujte provozn\u00ed teplotu v\u00e1lce; pokud dojde k p\u0159eh\u0159\u00e1t\u00ed, sni\u017ete zat\u00ed\u017een\u00ed a zkontrolujte hladinu maz\u00e1n\u00ed.<\/li>\n<\/ul>\n<p><img decoding=\"async\" src=\"https:\/\/www.hydraulic-cylinders.net\/wp-content\/uploads\/2025\/04\/songte-bushings-with-all-kinds-of-excavator-models.webp\" alt=\"Pouzdra pro bagry\" \/><\/p>\n<h2>O na\u0161\u00ed spole\u010dnosti<\/h2>\n<p>Jsme p\u0159edn\u00ed v\u00fdrobce a velkoobchodn\u00edk hydraulick\u00fdch v\u00e1lc\u016f, zn\u00e1m\u00ed pro n\u00e1\u0161 \u0161irok\u00fd sortiment produkt\u016f. Na\u0161e spole\u010dnost se dr\u017e\u00ed dokonalosti v kvalit\u011b a \u0159\u00edd\u00ed se strategi\u00ed industrializovan\u00e9ho \u0159\u00edzen\u00ed v\u00fdroby, kter\u00e1 klade d\u016fraz na p\u0159esn\u00e9 v\u00fdrobn\u00ed procesy.<\/p>\n<p>Neust\u00e1le vylep\u0161ujeme na\u0161i v\u00fdrobn\u00ed platformu vyu\u017e\u00edv\u00e1n\u00edm kvalifikovan\u00fdch technik\u016f, pokro\u010dil\u00e9ho digit\u00e1ln\u00edho v\u00fdrobn\u00edho za\u0159\u00edzen\u00ed a profesion\u00e1ln\u00edch testovac\u00edch syst\u00e9m\u016f. N\u00e1\u0161 z\u00e1vazek k vysok\u00e9 efektivit\u011b, p\u0159esnosti a kvalit\u011b n\u00e1m umo\u017e\u0148uje efektivn\u011b uspokojovat rozmanit\u00e9 pot\u0159eby z\u00e1kazn\u00edk\u016f.<\/p>\n<p><img decoding=\"async\" src=\"https:\/\/www.hydraulic-cylinders.net\/wp-content\/uploads\/2025\/04\/songte-company-4.webp\" alt=\"V\u00fdroba spole\u010dnosti\" \/><br \/>\n<img decoding=\"async\" src=\"https:\/\/www.hydraulic-cylinders.net\/wp-content\/uploads\/2025\/04\/songte-company-3.webp\" alt=\"Vybaven\u00ed spole\u010dnosti\" \/><\/p>\n<p>Autor: lyl<\/p>","protected":false},"excerpt":{"rendered":"<p>Boom Cylinder For Yanmar SV017 Understanding the Boom Cylinder The Boom Cylinder is a crucial component in the hydraulic systems used in heavy machinery, particularly those operated by Yanmar SV017 excavators. This hydraulic cylinder is designed specifically to control the movement of the boom, which is an essential part of the machine that allows it [&hellip;]<\/p>","protected":false},"featured_media":17876,"comment_status":"open","ping_status":"closed","template":"","meta":{"_et_pb_use_builder":"","_et_pb_old_content":"","_et_gb_content_width":""},"product_brand":[],"product_cat":[1546],"product_tag":[1547,1496],"class_list":{"0":"post-19553","1":"product","2":"type-product","3":"status-publish","4":"has-post-thumbnail","6":"product_cat-boom-cylinders","7":"product_tag-boom-cylinders","8":"product_tag-hydraulic-cylinders","10":"first","11":"instock","12":"shipping-taxable","13":"product-type-simple"},"amp_enabled":true,"_links":{"self":[{"href":"https:\/\/www.hydraulic-cylinders.net\/cs\/wp-json\/wp\/v2\/product\/19553","targetHints":{"allow":["GET"]}}],"collection":[{"href":"https:\/\/www.hydraulic-cylinders.net\/cs\/wp-json\/wp\/v2\/product"}],"about":[{"href":"https:\/\/www.hydraulic-cylinders.net\/cs\/wp-json\/wp\/v2\/types\/product"}],"replies":[{"embeddable":true,"href":"https:\/\/www.hydraulic-cylinders.net\/cs\/wp-json\/wp\/v2\/comments?post=19553"}],"wp:featuredmedia":[{"embeddable":true,"href":"https:\/\/www.hydraulic-cylinders.net\/cs\/wp-json\/wp\/v2\/media\/17876"}],"wp:attachment":[{"href":"https:\/\/www.hydraulic-cylinders.net\/cs\/wp-json\/wp\/v2\/media?parent=19553"}],"wp:term":[{"taxonomy":"product_brand","embeddable":true,"href":"https:\/\/www.hydraulic-cylinders.net\/cs\/wp-json\/wp\/v2\/product_brand?post=19553"},{"taxonomy":"product_cat","embeddable":true,"href":"https:\/\/www.hydraulic-cylinders.net\/cs\/wp-json\/wp\/v2\/product_cat?post=19553"},{"taxonomy":"product_tag","embeddable":true,"href":"https:\/\/www.hydraulic-cylinders.net\/cs\/wp-json\/wp\/v2\/product_tag?post=19553"}],"curies":[{"name":"wp","href":"https:\/\/api.w.org\/{rel}","templated":true}]}}