{"id":19555,"date":"2025-04-07T06:54:16","date_gmt":"2025-04-07T06:54:16","guid":{"rendered":"https:\/\/www.hydraulic-cylinders.net\/product\/boom-cylinder-for-yanmar-vi030-6b\/"},"modified":"2025-04-07T06:54:18","modified_gmt":"2025-04-07T06:54:18","slug":"boom-cylinder-for-yanmar-vi030-6b","status":"publish","type":"product","link":"https:\/\/www.hydraulic-cylinders.net\/cs\/produkt\/boom-cylinder-for-yanmar-vi030-6b\/","title":{"rendered":"V\u00e1lec v\u00fdlo\u017en\u00edku pro Yanmar VI030-6B"},"content":{"rendered":"<h1>V\u00e1lec v\u00fdlo\u017en\u00edku pro Yanmar VI030-6B<\/h1>\n<h2>P\u0159ehled produktu<\/h2>\n<p>Hydraulick\u00fd v\u00e1lec v\u00fdlo\u017en\u00edku pro Yanmar VI030-6B je kl\u00ed\u010dov\u00e1 sou\u010d\u00e1st navr\u017een\u00e1 speci\u00e1ln\u011b pro t\u011b\u017ek\u00e9 stroje, zejm\u00e9na pro bagry a rypadla. Tento hydraulick\u00fd v\u00e1lec hraje kl\u00ed\u010dovou roli v \u0159\u00edzen\u00ed pohybu l\u017e\u00edce a umo\u017e\u0148uje jej\u00ed p\u0159esn\u00e9 zved\u00e1n\u00ed, spou\u0161t\u011bn\u00ed a nakl\u00e1p\u011bn\u00ed. Tyto funkce jsou nezbytn\u00e9 pro efektivn\u00ed manipulaci s materi\u00e1lem na staveni\u0161t\u00edch a v r\u016fzn\u00fdch pr\u016fmyslov\u00fdch aplikac\u00edch.<\/p>\n<p><img decoding=\"async\" src=\"https:\/\/www.hydraulic-cylinders.net\/wp-content\/uploads\/2025\/04\/songte-company-1.webp\" alt=\"V\u00e1lec v\u00fdlo\u017en\u00edku pro bagry\" \/><\/p>\n<h3>Definice a funkce<\/h3>\n<p>Hydraulick\u00fd v\u00e1lec l\u017e\u00edce je typ hydraulick\u00e9ho v\u00e1lce, kter\u00fd se pou\u017e\u00edv\u00e1 konkr\u00e9tn\u011b v t\u011b\u017ek\u00fdch stroj\u00edch k ovl\u00e1d\u00e1n\u00ed pohybu p\u0159\u00edslu\u0161enstv\u00ed l\u017e\u00edce. Umo\u017e\u0148uje l\u017e\u00edci vykon\u00e1vat z\u00e1kladn\u00ed funkce, jako je kop\u00e1n\u00ed, nab\u00edr\u00e1n\u00ed a p\u0159emis\u0165ov\u00e1n\u00ed materi\u00e1l\u016f. D\u00edky vyu\u017eit\u00ed hydraulick\u00e9ho tlaku tyto v\u00e1lce zaji\u0161\u0165uj\u00ed plynul\u00fd a efektivn\u00ed provoz, co\u017e je \u010din\u00ed nepostradateln\u00fdmi pro \u00fakoly vy\u017eaduj\u00edc\u00ed p\u0159esnost a v\u00fdkon.<\/p>\n<h2>Kl\u00ed\u010dov\u00e9 vlastnosti<\/h2>\n<ul>\n<li><strong>Vysok\u00e1 pevnost a trvanlivost:<\/strong> Tyto v\u00e1lce, obvykle vyroben\u00e9 z vysokopevnostn\u00ed oceli nebo hlin\u00edku, odol\u00e1vaj\u00ed vysok\u00fdm tlak\u016fm a velk\u00e9mu zat\u00ed\u017een\u00ed, p\u0159izp\u016fsobuj\u00ed se n\u00e1ro\u010dn\u00e9mu pracovn\u00edmu prost\u0159ed\u00ed a z\u00e1rove\u0148 prodlu\u017euj\u00ed svou \u017eivotnost.<\/li>\n<li><strong>Efektivn\u00ed hydraulick\u00fd provoz:<\/strong> V\u00e1lec v\u00fdlo\u017en\u00edku s vyu\u017eit\u00edm hydraulick\u00e9ho tlaku oleje zaji\u0161\u0165uje plynul\u00e9 vysouv\u00e1n\u00ed a zasouv\u00e1n\u00ed s rychlou reakc\u00ed na povely obsluhy, co\u017e jej \u010din\u00ed vhodn\u00fdm pro zved\u00e1n\u00ed t\u011b\u017ek\u00fdch b\u0159emen a slo\u017eit\u00e9 \u00fakoly.<\/li>\n<li><strong>R\u016fzn\u00e9 typy:<\/strong> K dispozici v jedno\u010dinn\u00e9m a dvoj\u010dinn\u00e9m proveden\u00ed, kter\u00e9 vyhovuj\u00ed r\u016fzn\u00fdm provozn\u00edm pot\u0159eb\u00e1m. N\u011bkter\u00e9 modely jsou teleskopick\u00e9, co\u017e umo\u017e\u0148uje v\u011bt\u0161\u00ed v\u00fdsuv bez zv\u011bt\u0161en\u00ed vn\u011bj\u0161\u00edch rozm\u011br\u016f, ide\u00e1ln\u00ed pro omezen\u00e9 prostory.<\/li>\n<li><strong>Zak\u00e1zkov\u00e1 v\u00fdroba:<\/strong> Na\u0161e produkty dok\u00e1\u017e\u00ed dokonale nahradit st\u00e1vaj\u00edc\u00ed hydraulick\u00e9 v\u00e1lce a zaji\u0161\u0165uj\u00ed tak kompatibilitu a spolehlivost ve v\u0161ech aplikac\u00edch.<\/li>\n<li><strong>Snadn\u00e1 \u00fadr\u017eba:<\/strong> Na\u0161e v\u00e1lce jsou navr\u017eeny s ohledem na pohodl\u00ed u\u017eivatele, snadno se udr\u017euj\u00ed a zaji\u0161\u0165uj\u00ed tak optim\u00e1ln\u00ed funk\u010dnost v pr\u016fb\u011bhu \u010dasu.<\/li>\n<\/ul>\n<p><img decoding=\"async\" src=\"https:\/\/www.hydraulic-cylinders.net\/wp-content\/uploads\/2025\/04\/songte-cylinder-head-with-all-kinds-excavator-models.webp\" alt=\"Modely hydraulick\u00fdch v\u00e1lc\u016f\" \/><\/p>\n<h2>Sc\u00e9n\u00e1\u0159e aplikac\u00ed<\/h2>\n<h3>Stavebn\u00ed stroje<\/h3>\n<p>U bagr\u016f je v\u00e1lec v\u00fdlo\u017en\u00edku kl\u00ed\u010dov\u00fd pro kop\u00e1n\u00ed, nakl\u00e1d\u00e1n\u00ed a p\u0159esouv\u00e1n\u00ed zeminy nebo suti. Jeho schopnost p\u0159esn\u00e9ho ovl\u00e1d\u00e1n\u00ed umo\u017e\u0148uje obsluze efektivn\u011b vykon\u00e1vat \u00fakoly a zkracovat \u010das pot\u0159ebn\u00fd pro v\u00fdkopov\u00e9 projekty.<\/p>\n<h3>Zem\u011bd\u011blsk\u00e9 stroje<\/h3>\n<p>\u010celn\u00ed naklada\u010de vyu\u017e\u00edvaj\u00ed v\u00e1lce v\u00fdlo\u017en\u00edku k nab\u00edr\u00e1n\u00ed, zved\u00e1n\u00ed a p\u0159eprav\u011b p\u016fdy, sena a dal\u0161\u00edch materi\u00e1l\u016f. Hydraulick\u00fd mechanismus zaji\u0161\u0165uje, \u017ee zem\u011bd\u011blci mohou snadno manipulovat s t\u011b\u017ek\u00fdmi b\u0159emeny, co\u017e zvy\u0161uje produktivitu zem\u011bd\u011blsk\u00fdch operac\u00ed a sni\u017euje jejich pracnost.<\/p>\n<h3>Bagry<\/h3>\n<p>V\u00e1lec l\u017e\u00edce usnad\u0148uje kop\u00e1n\u00ed t\u00edm, \u017ee umo\u017e\u0148uje l\u017e\u00edci efektivn\u011b pronikat do p\u016fdy. Tato schopnost je z\u00e1sadn\u00ed p\u0159i stavebn\u00edch a krajin\u00e1\u0159sk\u00fdch prac\u00edch, kde je pro z\u00e1kladov\u00e9 pr\u00e1ce nezbytn\u00fd p\u0159esn\u00fd v\u00fdkop.<\/p>\n<h3>Naklada\u010de<\/h3>\n<p>U \u010deln\u00edch naklada\u010d\u016f pom\u00e1haj\u00ed v\u00e1lce v\u00fdlo\u017en\u00edku efektivn\u011b zvedat a vykl\u00e1dat b\u0159emena. Jejich konstrukce umo\u017e\u0148uje optim\u00e1ln\u00ed v\u00fd\u0161ku a dosah vykl\u00e1dky, co\u017e usnad\u0148uje a zefektiv\u0148uje manipulaci s materi\u00e1lem.<\/p>\n<h2>Konstruk\u010dn\u00ed aspekty a krit\u00e9ria v\u00fdb\u011bru<\/h2>\n<h3>Nosnost<\/h3>\n<p>Kl\u00ed\u010dov\u00fdm faktorem p\u0159i v\u00fdb\u011bru v\u00e1lce v\u00fdlo\u017en\u00edku je jeho nosnost. Mus\u00ed b\u00fdt schopen zvl\u00e1dnout maxim\u00e1ln\u00ed hmotnost, kterou zvedne, ani\u017e by byla ohro\u017eena bezpe\u010dnost nebo v\u00fdkon. V\u00fdb\u011br v\u00e1lce s odpov\u00eddaj\u00edc\u00ed nosnost\u00ed zajist\u00ed, \u017ee bude fungovat efektivn\u011b i p\u0159i maxim\u00e1ln\u00edm nam\u00e1h\u00e1n\u00ed.<\/p>\n<h3>T\u011bsn\u011bn\u00ed a trvanlivost<\/h3>\n<p>T\u011bsn\u011bn\u00ed je z\u00e1sadn\u00ed pro prevenci \u00fanik\u016f hydraulick\u00e9 kapaliny, kter\u00e9 mohou v\u00e9st k neefektivit\u011b a potenci\u00e1ln\u00edmu po\u0161kozen\u00ed. Dob\u0159e ut\u011bsn\u011bn\u00fd hydraulick\u00fd v\u00e1lec udr\u017euje tlak a v\u00fdkon, co\u017e zaji\u0161\u0165uje dlouhou \u017eivotnost a spolehlivost v n\u00e1ro\u010dn\u00fdch podm\u00ednk\u00e1ch.<\/p>\n<h3>Bezpe\u010dnostn\u00ed prvky<\/h3>\n<p>Bezpe\u010dnost je p\u0159i konstrukci hydraulick\u00fdch v\u00e1lc\u016f prvo\u0159ad\u00e1. Prvky, jako jsou p\u0159etlakov\u00e9 ventily a robustn\u00ed konstruk\u010dn\u00ed materi\u00e1ly, pom\u00e1haj\u00ed p\u0159edch\u00e1zet katastrofick\u00fdm poruch\u00e1m. Pravideln\u00e9 kontroly a dodr\u017eov\u00e1n\u00ed bezpe\u010dnostn\u00edch norem jsou tak\u00e9 nezbytn\u00e9 pro provozn\u00ed bezpe\u010dnost.<\/p>\n<p><img decoding=\"async\" src=\"https:\/\/www.hydraulic-cylinders.net\/wp-content\/uploads\/2025\/04\/songte-oil-pipes-and-spare-parts.webp\" alt=\"Hydraulick\u00e9 olejov\u00e9 trubky\" \/><\/p>\n<h2>T\u011bsn\u011bn\u00ed a maz\u00e1n\u00ed<\/h2>\n<p>Pou\u017eit\u00ed r\u016fzn\u00fdch t\u011bsn\u011bn\u00ed, jako jsou p\u00edstn\u00ed a p\u00edstn\u00ed t\u011bsn\u011bn\u00ed, je nezbytn\u00e9 pro udr\u017een\u00ed hydraulick\u00e9 integrity. T\u011bsn\u011bn\u00ed vyroben\u00e1 z odoln\u00fdch materi\u00e1l\u016f, jako je polyuretan a nitrilov\u00e1 pry\u017e, poskytuj\u00ed vynikaj\u00edc\u00ed odolnost proti opot\u0159eben\u00ed a dlouhou \u017eivotnost. P\u0159esn\u00e9 obr\u00e1b\u011bn\u00ed t\u011blesa v\u00e1lce a z\u00e1vitov\u00fdch koncov\u00fdch ploch zvy\u0161uje odolnost proti opot\u0159eben\u00ed a podporuje \u00fa\u010dinn\u00e9 ut\u011bsn\u011bn\u00ed, \u010d\u00edm\u017e sni\u017euje riziko \u00fanik\u016f.<\/p>\n<p>Pravideln\u00e9 maz\u00e1n\u00ed hydraulick\u00fdm olejem je nezbytn\u00e9 pro zaji\u0161t\u011bn\u00ed hladk\u00e9ho provozu. Spr\u00e1vn\u00e9 maz\u00e1n\u00ed minimalizuje t\u0159en\u00ed a prodlu\u017euje \u017eivotnost t\u011bsn\u011bn\u00ed i samotn\u00e9ho v\u00e1lce.<\/p>\n<h2>Pravideln\u00e1 kontrola a preventivn\u00ed \u00fadr\u017eba<\/h2>\n<ul>\n<li><strong>\u010cast\u00e9 kontroly:<\/strong> Prov\u00e1d\u011bjte pravideln\u00e9 kontroly, abyste v\u010das odhalili opot\u0159eben\u00ed nebo po\u0161kozen\u00ed. Hledejte zn\u00e1mky net\u011bsnost\u00ed nebo nepravideln\u00e9ho provozu.<\/li>\n<li><strong>Vhodn\u00e9 maz\u00e1n\u00ed:<\/strong> Zajist\u011bte, aby byla hladina hydraulick\u00e9ho oleje dostate\u010dn\u00e1 a aby bylo prov\u00e1d\u011bno pravideln\u00e9 maz\u00e1n\u00ed, aby byl zaji\u0161t\u011bn optim\u00e1ln\u00ed v\u00fdkon.<\/li>\n<li><strong>V\u00fdm\u011bna t\u011bsn\u011bn\u00ed:<\/strong> V p\u0159\u00edpad\u011b pot\u0159eby vym\u011b\u0148ujte t\u011bsn\u011bn\u00ed, abyste zabr\u00e1nili net\u011bsnostem a udr\u017eeli hydraulick\u00fd tlak. Pravideln\u011b kontrolujte stav t\u011bsn\u011bn\u00ed a vym\u011b\u0148te je, jakmile se objev\u00ed zn\u00e1mky opot\u0159eben\u00ed.<\/li>\n<\/ul>\n<h2>Pokyny k instalaci<\/h2>\n<p>Spr\u00e1vn\u00e1 instalace v\u00e1lce v\u00fdlo\u017en\u00edku je z\u00e1sadn\u00ed pro optim\u00e1ln\u00ed v\u00fdkon. Zajist\u011bte, aby byl v\u00e1lec spr\u00e1vn\u011b zarovn\u00e1n s hydraulick\u00fdmi spoji, aby se zabr\u00e1nilo nadm\u011brn\u00e9mu nam\u00e1h\u00e1n\u00ed. Pro zaji\u0161t\u011bn\u00ed v\u00e1lce na m\u00edst\u011b se doporu\u010duje pou\u017e\u00edt vhodn\u00e9 mont\u00e1\u017en\u00ed konzoly.<\/p>\n<p>Pro \u00fasp\u011b\u0161nou instalaci postupujte podle t\u011bchto krok\u016f:<\/p>\n<ol>\n<li>Zarovnejte v\u00e1lec s mont\u00e1\u017en\u00edmi body a ujist\u011bte se, \u017ee v\u0161echny sou\u010d\u00e1sti jsou \u010dist\u00e9.<\/li>\n<li>Zajist\u011bte v\u00e1lec pomoc\u00ed \u0161roub\u016f a matic a ujist\u011bte se, \u017ee jsou uta\u017eeny podle specifikac\u00ed v\u00fdrobce.<\/li>\n<li>P\u0159ipojte hydraulick\u00e9 hadice a ujist\u011bte se, \u017ee nejsou zlomen\u00e9 a \u0159\u00e1dn\u011b zaji\u0161t\u011bn\u00e9.<\/li>\n<li>Napl\u0148te hydraulick\u00fd syst\u00e9m doporu\u010den\u00fdm olejem a odvzdu\u0161n\u011bte syst\u00e9m.<\/li>\n<li>Otestujte syst\u00e9m, abyste se ujistili, \u017ee v\u00e1lec funguje hladce a bez \u00fanik\u016f.<\/li>\n<\/ol>\n<h2>B\u011b\u017en\u00e9 \u00fakoly \u00fadr\u017eby<\/h2>\n<ul>\n<li><strong>Pravideln\u00e9 kontroly:<\/strong> Zajist\u011bte, aby v\u0161echny sou\u010d\u00e1sti hydraulick\u00e9ho syst\u00e9mu byly \u010dasto kontrolov\u00e1ny, zda nevykazuj\u00ed zn\u00e1mky opot\u0159eben\u00ed nebo po\u0161kozen\u00ed. V\u010dasn\u00e9 odhalen\u00ed pom\u00e1h\u00e1 p\u0159edch\u00e1zet v\u011bt\u0161\u00edm probl\u00e9m\u016fm.<\/li>\n<li><strong>Spr\u00e1vn\u00e9 maz\u00e1n\u00ed:<\/strong> Pravideln\u011b kontrolujte a udr\u017eujte hladinu hydraulick\u00e9ho oleje pro zaji\u0161t\u011bn\u00ed hladk\u00e9ho provozu. Maz\u00e1n\u00ed je nezbytn\u00e9 pro sn\u00ed\u017een\u00ed opot\u0159eben\u00ed vnit\u0159n\u00edch sou\u010d\u00e1st\u00ed.<\/li>\n<li><strong>V\u00fdm\u011bna t\u011bsn\u011bn\u00ed:<\/strong> Pro zachov\u00e1n\u00ed hydraulick\u00e9 \u00fa\u010dinnosti proaktivn\u011b vym\u011b\u0148ujte ve\u0161ker\u00e1 opot\u0159ebovan\u00e1 nebo po\u0161kozen\u00e1 t\u011bsn\u011bn\u00ed. Pravideln\u00e9 kontroly mohou pomoci identifikovat t\u011bsn\u011bn\u00ed, kter\u00e1 je t\u0159eba vym\u011bnit, d\u0159\u00edve ne\u017e povedou k z\u00e1va\u017en\u00fdm probl\u00e9m\u016fm.<\/li>\n<\/ul>\n<p>Spr\u00e1vn\u00e1 instalace, maz\u00e1n\u00ed a se\u0159\u00edzen\u00ed jsou nezbytn\u00e9 pro prodlou\u017een\u00ed \u017eivotnosti v\u00e1lce v\u00fdlo\u017en\u00edku a zaji\u0161t\u011bn\u00ed optim\u00e1ln\u00edho v\u00fdkonu.<\/p>\n<p><img decoding=\"async\" src=\"https:\/\/www.hydraulic-cylinders.net\/wp-content\/uploads\/2025\/04\/songte-chushion-collar.webp\" alt=\"Pol\u0161t\u00e1\u0159ov\u00fd l\u00edmec\" \/><\/p>\n<h2>Bezpe\u010dnostn\u00ed aspekty a faktory prost\u0159ed\u00ed<\/h2>\n<p>Bezpe\u010dn\u00e9 pou\u017e\u00edv\u00e1n\u00ed hydraulick\u00fdch syst\u00e9m\u016f je prvo\u0159ad\u00e9. Obsluha by m\u011bla b\u00fdt pro\u0161kolena, aby rozum\u011bla rizik\u016fm spojen\u00fdm s hydraulick\u00fdm za\u0159\u00edzen\u00edm. Spr\u00e1vn\u00e1 manipulace a dodr\u017eov\u00e1n\u00ed bezpe\u010dnostn\u00edch protokol\u016f pom\u00e1h\u00e1 zm\u00edrnit rizika a zajistit bezpe\u010dn\u00e9 pracovn\u00ed prost\u0159ed\u00ed.<\/p>\n<h2>Odstra\u0148ov\u00e1n\u00ed probl\u00e9m\u016f a b\u011b\u017en\u00e9 probl\u00e9my<\/h2>\n<ul>\n<li><strong>\u00danik:<\/strong> Pokud zjist\u00edte net\u011bsnosti, zkontrolujte t\u011bsn\u011bn\u00ed a spoje. Opot\u0159ebovan\u00e1 t\u011bsn\u011bn\u00ed m\u016f\u017ee vy\u017eadovat v\u00fdm\u011bnu nebo uta\u017een\u00ed spoj\u016f.<\/li>\n<li><strong>Pomal\u00fd provoz:<\/strong> To m\u016f\u017ee znamenat n\u00edzkou hladinu hydraulick\u00e9 kapaliny nebo pot\u0159ebu odvzdu\u0161n\u011bn\u00ed syst\u00e9mu. Zkontrolujte hladiny kapalin a ujist\u011bte se, \u017ee v syst\u00e9mu nejsou \u017e\u00e1dn\u00e9 vzduchov\u00e9 ucp\u00e1vky.<\/li>\n<li><strong>Neobvykl\u00e9 zvuky:<\/strong> Sk\u0159\u00edpav\u00e9 nebo sy\u010div\u00e9 zvuky mohou signalizovat vnit\u0159n\u00ed po\u0161kozen\u00ed nebo n\u00edzkou hladinu provozn\u00edch kapalin. Syst\u00e9m d\u016fkladn\u011b zkontrolujte.<\/li>\n<\/ul>\n<p>V\u010dasn\u00e9 \u0159e\u0161en\u00ed probl\u00e9m\u016f m\u016f\u017ee zabr\u00e1nit v\u011bt\u0161\u00edm mechanick\u00fdm poruch\u00e1m a zajistit dlouhou \u017eivotnost za\u0159\u00edzen\u00ed.<\/p>\n<p><img decoding=\"async\" src=\"https:\/\/www.hydraulic-cylinders.net\/wp-content\/uploads\/2025\/04\/songte-bushings-with-all-kinds-of-excavator-models.webp\" alt=\"Pouzdra pro modely bagr\u016f\" \/><\/p>\n<h2>P\u0159ehled spole\u010dnosti<\/h2>\n<p>Jsme p\u0159edn\u00edm v\u00fdrobcem a velkoobchodn\u00edkem hydraulick\u00fdch v\u00e1lc\u016f a nab\u00edz\u00edme komplexn\u00ed sortiment produkt\u016f pro r\u016fzn\u00e9 aplikace. N\u00e1\u0161 z\u00e1vazek k dokonalosti se odr\u00e1\u017e\u00ed v na\u0161ich p\u0159esn\u00fdch v\u00fdrobn\u00edch postupech a dodr\u017eov\u00e1n\u00ed p\u0159\u00edsn\u00fdch standard\u016f kvality. Se siln\u00fdm zam\u011b\u0159en\u00edm na inovace vyu\u017e\u00edv\u00e1me pokro\u010dil\u00e9 technologie a kvalifikovan\u00fd person\u00e1l ke zv\u00fd\u0161en\u00ed na\u0161ich v\u00fdrobn\u00edch kapacit.<\/p>\n<p>Na\u0161e nab\u00eddka zahrnuje \u0159e\u0161en\u00ed na m\u00edru \u0161it\u00e1 na m\u00edru specifick\u00fdm pot\u0159eb\u00e1m klient\u016f, podpo\u0159en\u00e1 mezin\u00e1rodn\u00edmi certifikacemi, kter\u00e9 potvrzuj\u00ed n\u00e1\u0161 z\u00e1vazek ke kvalit\u011b. Jsme hrd\u00ed na na\u0161e efektivn\u00ed v\u00fdrobn\u00ed procesy a robustn\u00ed poprodejn\u00ed podporu, \u010d\u00edm\u017e zaji\u0161\u0165ujeme spokojenost z\u00e1kazn\u00edk\u016f v ka\u017ed\u00e9 f\u00e1zi.<\/p>\n<p><img decoding=\"async\" src=\"https:\/\/www.hydraulic-cylinders.net\/wp-content\/uploads\/2025\/04\/songte-company-4.webp\" alt=\"Obr\u00e1zek spole\u010dnosti 1\" \/><br \/>\n<img decoding=\"async\" src=\"https:\/\/www.hydraulic-cylinders.net\/wp-content\/uploads\/2025\/04\/songte-company-3.webp\" alt=\"Obr\u00e1zek spole\u010dnosti 2\" \/><\/p>\n<p>Autor: lyl<\/p>","protected":false},"excerpt":{"rendered":"<p>Boom Cylinder For Yanmar VI030-6B Product Overview The Boom Cylinder for Yanmar VI030-6B is a vital component designed specifically for heavy machinery, particularly excavators and backhoes. This hydraulic cylinder plays a crucial role in controlling the movement of the bucket, allowing it to lift, lower, and tilt with precision. These functions are essential for efficient [&hellip;]<\/p>","protected":false},"featured_media":17878,"comment_status":"open","ping_status":"closed","template":"","meta":{"_et_pb_use_builder":"","_et_pb_old_content":"","_et_gb_content_width":""},"product_brand":[],"product_cat":[1546],"product_tag":[1547,1496],"class_list":{"0":"post-19555","1":"product","2":"type-product","3":"status-publish","4":"has-post-thumbnail","6":"product_cat-boom-cylinders","7":"product_tag-boom-cylinders","8":"product_tag-hydraulic-cylinders","10":"first","11":"instock","12":"shipping-taxable","13":"product-type-simple"},"amp_enabled":true,"_links":{"self":[{"href":"https:\/\/www.hydraulic-cylinders.net\/cs\/wp-json\/wp\/v2\/product\/19555","targetHints":{"allow":["GET"]}}],"collection":[{"href":"https:\/\/www.hydraulic-cylinders.net\/cs\/wp-json\/wp\/v2\/product"}],"about":[{"href":"https:\/\/www.hydraulic-cylinders.net\/cs\/wp-json\/wp\/v2\/types\/product"}],"replies":[{"embeddable":true,"href":"https:\/\/www.hydraulic-cylinders.net\/cs\/wp-json\/wp\/v2\/comments?post=19555"}],"wp:featuredmedia":[{"embeddable":true,"href":"https:\/\/www.hydraulic-cylinders.net\/cs\/wp-json\/wp\/v2\/media\/17878"}],"wp:attachment":[{"href":"https:\/\/www.hydraulic-cylinders.net\/cs\/wp-json\/wp\/v2\/media?parent=19555"}],"wp:term":[{"taxonomy":"product_brand","embeddable":true,"href":"https:\/\/www.hydraulic-cylinders.net\/cs\/wp-json\/wp\/v2\/product_brand?post=19555"},{"taxonomy":"product_cat","embeddable":true,"href":"https:\/\/www.hydraulic-cylinders.net\/cs\/wp-json\/wp\/v2\/product_cat?post=19555"},{"taxonomy":"product_tag","embeddable":true,"href":"https:\/\/www.hydraulic-cylinders.net\/cs\/wp-json\/wp\/v2\/product_tag?post=19555"}],"curies":[{"name":"wp","href":"https:\/\/api.w.org\/{rel}","templated":true}]}}