{"id":19558,"date":"2025-04-07T06:54:23","date_gmt":"2025-04-07T06:54:23","guid":{"rendered":"https:\/\/www.hydraulic-cylinders.net\/product\/boom-cylinder-for-yanmar-sv025-6\/"},"modified":"2025-04-07T06:54:25","modified_gmt":"2025-04-07T06:54:25","slug":"boom-cylinder-for-yanmar-sv025-6","status":"publish","type":"product","link":"https:\/\/www.hydraulic-cylinders.net\/cs\/produkt\/boom-cylinder-for-yanmar-sv025-6\/","title":{"rendered":"V\u00e1lec v\u00fdlo\u017en\u00edku pro Yanmar SV025-6"},"content":{"rendered":"<h1>V\u00e1lec v\u00fdlo\u017en\u00edku pro Yanmar SV025-6<\/h1>\n<h2>Pochopen\u00ed v\u00e1lce v\u00fdlo\u017en\u00edku<\/h2>\n<p>Hydraulick\u00fd v\u00e1lec v\u00fdlo\u017en\u00edku je z\u00e1kladn\u00ed hydraulickou sou\u010d\u00e1st\u00ed, speci\u00e1ln\u011b navr\u017eenou pro ovl\u00e1d\u00e1n\u00ed pohybu l\u017e\u00edc v t\u011b\u017ek\u00fdch stroj\u00edch, jako jsou rypadla, r\u00fdpadlo-naklada\u010de a \u010deln\u00ed naklada\u010de. Tento hydraulick\u00fd v\u00e1lec umo\u017e\u0148uje zved\u00e1n\u00ed, spou\u0161t\u011bn\u00ed a nakl\u00e1p\u011bn\u00ed, \u010d\u00edm\u017e efektivn\u011b usnad\u0148uje manipulaci s materi\u00e1lem.<\/p>\n<p>Hydraulick\u00e9 v\u00e1lce v\u00fdlo\u017en\u00edku, konstruovan\u00e9 tak, aby odolaly n\u00e1ro\u010dn\u00fdm podm\u00ednk\u00e1m staveni\u0161\u0165 a v\u00fdkop\u016f, hraj\u00ed kl\u00ed\u010dovou roli v hydraulick\u00fdch syst\u00e9mech. Jejich prim\u00e1rn\u00ed funkc\u00ed je p\u0159em\u011bnit hydraulick\u00fd tlak na mechanickou s\u00edlu, co\u017e umo\u017e\u0148uje obsluze p\u0159esn\u011b manipulovat se za\u0159\u00edzen\u00edm. D\u00edky pou\u017eit\u00ed hydraulick\u00e9ho oleje jako m\u00e9dia dosahuj\u00ed tyto v\u00e1lce plynul\u00fdch a kontrolovan\u00fdch pohyb\u016f, co\u017e je \u010din\u00ed nepostradateln\u00fdmi pro obsluhu manipuluj\u00edc\u00ed s t\u011b\u017ek\u00fdmi b\u0159emeny.<\/p>\n<p><img decoding=\"async\" src=\"https:\/\/www.hydraulic-cylinders.net\/wp-content\/uploads\/2025\/04\/songte-company-1.webp\" alt=\"V\u00e1lec v\u00fdlo\u017en\u00edku\" \/><\/p>\n<h2>Kl\u00ed\u010dov\u00e9 vlastnosti v\u00e1lce v\u00fdlo\u017en\u00edku<\/h2>\n<ul>\n<li><strong>Vysok\u00e1 pevnost a trvanlivost:<\/strong> Tyto v\u00e1lce, obvykle vyroben\u00e9 z vysokopevnostn\u00ed oceli nebo hlin\u00edku, odol\u00e1vaj\u00ed vysok\u00e9mu tlaku a velk\u00e9mu zat\u00ed\u017een\u00ed, tak\u017ee se dob\u0159e p\u0159izp\u016fsobuj\u00ed n\u00e1ro\u010dn\u00fdm pracovn\u00edm prost\u0159ed\u00edm. Jejich konstrukce klade d\u016fraz na odolnost proti opot\u0159eben\u00ed a korozi, co\u017e prodlu\u017euje jejich \u017eivotnost.<\/li>\n<li><strong>Efektivn\u00ed hydraulick\u00fd provoz:<\/strong> V\u00e1lec v\u00fdlo\u017en\u00edku vyu\u017e\u00edv\u00e1 hydraulick\u00fd tlak oleje k usnadn\u011bn\u00ed plynul\u00e9ho vysouv\u00e1n\u00ed a zasouv\u00e1n\u00ed, co\u017e zaji\u0161\u0165uje rychlou reakci na povely obsluhy a poskytuje robustn\u00ed s\u00edly tla\u010den\u00ed a tahu pro n\u00e1ro\u010dn\u00e9 \u00fakoly.<\/li>\n<li><strong>R\u016fzn\u00e9 typy:<\/strong> V\u00e1lce v\u00fdlo\u017en\u00edku lze zvolit v jedno\u010dinn\u00e9m (ovl\u00e1daj\u00edc\u00edm hydraulickou s\u00edlu v jednom sm\u011bru) nebo dvoj\u010dinn\u00e9m (ovl\u00e1daj\u00edc\u00edm v obou sm\u011brech) proveden\u00ed, aby spl\u0148ovaly r\u016fzn\u00e9 provozn\u00ed pot\u0159eby. N\u011bkter\u00e9 modely jsou teleskopick\u00e9, co\u017e umo\u017e\u0148uje v\u011bt\u0161\u00ed vysunut\u00ed bez zv\u011bt\u0161en\u00ed vn\u011bj\u0161\u00edch rozm\u011br\u016f, co\u017e je ide\u00e1ln\u00ed pro aplikace s omezen\u00fdm prostorem.<\/li>\n<li><strong>Zak\u00e1zkov\u00e1 v\u00fdroba:<\/strong> Specializujeme se na v\u00fdrobu v\u00e1lc\u016f v\u00fdlo\u017en\u00edku, kter\u00e9 jsou perfektn\u00ed n\u00e1hradou za jin\u00e9 hydraulick\u00e9 v\u00e1lce, a zaji\u0161\u0165uj\u00ed tak kompatibilitu a optim\u00e1ln\u00ed v\u00fdkon.<\/li>\n<li><strong>V\u0161estrann\u00e9 aplikace:<\/strong> Tyto v\u00e1lce jsou ur\u010deny pro \u0159adu t\u011b\u017ek\u00fdch stroj\u016f, co\u017e je \u010din\u00ed nezbytn\u00fdmi pro mnoho pr\u016fmyslov\u00fdch odv\u011btv\u00ed.<\/li>\n<\/ul>\n<p><img decoding=\"async\" src=\"https:\/\/www.hydraulic-cylinders.net\/wp-content\/uploads\/2025\/04\/songte-cylinder-head-with-all-kinds-excavator-models.webp\" alt=\"Modely bagr\u016f\" \/><\/p>\n<h2>Aplikace v\u00e1lce v\u00fdlo\u017en\u00edku<\/h2>\n<h3>Stavebn\u00ed stroje<\/h3>\n<p>U bagr\u016f jsou v\u00e1lce v\u00fdlo\u017en\u00edku kl\u00ed\u010dov\u00e9 pro kop\u00e1n\u00ed, nakl\u00e1d\u00e1n\u00ed a p\u0159emis\u0165ov\u00e1n\u00ed zeminy nebo suti. Poskytuj\u00ed pot\u0159ebnou s\u00edlu pro spou\u0161t\u011bn\u00ed a zved\u00e1n\u00ed l\u017e\u00edce, co\u017e umo\u017e\u0148uje obsluze efektivn\u011b vykon\u00e1vat \u00fakoly. U rypadlo-naklada\u010d\u016f tyto v\u00e1lce pom\u00e1haj\u00ed nejen p\u0159i kop\u00e1n\u00ed, ale tak\u00e9 p\u0159i zved\u00e1n\u00ed materi\u00e1l\u016f, co\u017e ukazuje jejich v\u0161estrannost p\u0159i stavebn\u00edch prac\u00edch.<\/p>\n<h3>Zem\u011bd\u011blsk\u00e9 stroje<\/h3>\n<p>U \u010deln\u00edch naklada\u010d\u016f se v\u00e1lce v\u00fdlo\u017en\u00edku pou\u017e\u00edvaj\u00ed k nab\u00edr\u00e1n\u00ed, zved\u00e1n\u00ed a p\u0159eprav\u011b zeminy, sena a dal\u0161\u00edch materi\u00e1l\u016f. Jejich robustn\u00ed konstrukce pom\u00e1h\u00e1 zem\u011bd\u011blc\u016fm zvl\u00e1dat t\u011b\u017ek\u00e9 n\u00e1klady, co\u017e zvy\u0161uje produktivitu a efektivitu na farm\u011b. Plynul\u00fd chod v\u00e1lc\u016f v\u00fdlo\u017en\u00edku zaji\u0161\u0165uje, \u017ee stroj m\u016f\u017ee vykon\u00e1vat r\u016fzn\u00e9 \u00fakoly bez p\u0159eru\u0161en\u00ed.<\/p>\n<h3>Bagry<\/h3>\n<p>U bagr\u016f umo\u017e\u0148uje v\u00e1lec v\u00fdlo\u017en\u00edku l\u017e\u00edci efektivn\u00ed pronik\u00e1n\u00ed do p\u016fdy a zaji\u0161\u0165uje tak efektivn\u00ed kop\u00e1n\u00ed. Tato funkce je z\u00e1sadn\u00ed pro v\u00fdkopov\u00e9 projekty, kde je vy\u017eadov\u00e1na p\u0159esnost a v\u00fdkon pro rychl\u00fd a bezpe\u010dn\u00fd p\u0159esun velk\u00fdch objem\u016f materi\u00e1lu.<\/p>\n<h3>Naklada\u010de<\/h3>\n<p>U \u010deln\u00edch naklada\u010d\u016f usnad\u0148uj\u00ed v\u00e1lce v\u00fdlo\u017en\u00edku efektivn\u00ed zved\u00e1n\u00ed a vykl\u00e1p\u011bn\u00ed b\u0159emen. Umo\u017e\u0148uj\u00ed obsluze zvednout l\u017e\u00edci a vykl\u00e1dat materi\u00e1l do v\u00fd\u0161ky, co\u017e zlep\u0161uje pracovn\u00ed postup a zkracuje pracovn\u00ed dobu na staveni\u0161ti.<\/p>\n<h2>Konstruk\u010dn\u00ed aspekty a krit\u00e9ria v\u00fdb\u011bru<\/h2>\n<h3>Nosnost<\/h3>\n<p>P\u0159i v\u00fdb\u011bru v\u00e1lce v\u00fdlo\u017en\u00edku je z\u00e1sadn\u00ed pochopen\u00ed nosnosti. Ta se vztahuje k maxim\u00e1ln\u00ed hmotnosti, kterou v\u00e1lec zvl\u00e1dne p\u0159i zachov\u00e1n\u00ed provozn\u00ed \u00fa\u010dinnosti. Nosnost je ur\u010dena faktory, jako je velikost v\u00e1lce, pevnost materi\u00e1lu a limity hydraulick\u00e9ho tlaku. Je nezbytn\u00e9 vybrat v\u00e1lec s odpov\u00eddaj\u00edc\u00ed nosnost\u00ed, kter\u00fd nejen spl\u0148uje provozn\u00ed po\u017eadavky, ale tak\u00e9 zajist\u00ed bezpe\u010dnost b\u011bhem pou\u017e\u00edv\u00e1n\u00ed.<\/p>\n<h3>Integrita t\u011bsn\u011bn\u00ed<\/h3>\n<p>T\u011bsn\u011bn\u00ed hraje z\u00e1sadn\u00ed roli ve v\u00fdkonu hydraulick\u00fdch v\u00e1lc\u016f. Spr\u00e1vn\u00e1 t\u011bsn\u011bn\u00ed zabra\u0148uj\u00ed \u00fanik\u016fm hydraulick\u00e9 kapaliny, co\u017e m\u016f\u017ee v\u00e9st ke sn\u00ed\u017een\u00ed \u00fa\u010dinnosti a mo\u017en\u00e9mu po\u0161kozen\u00ed strojn\u00edho za\u0159\u00edzen\u00ed. T\u011bsn\u011bn\u00ed mus\u00ed b\u00fdt vyrobena z odoln\u00fdch materi\u00e1l\u016f, kter\u00e9 odol\u00e1vaj\u00ed extr\u00e9mn\u00edm teplot\u00e1m a kol\u00eds\u00e1n\u00ed tlaku. Spr\u00e1vn\u00e9 t\u011bsn\u011bn\u00ed zaji\u0161\u0165uje del\u0161\u00ed provozn\u00ed \u017eivotnost a vy\u0161\u0161\u00ed spolehlivost v\u00e1lce.<\/p>\n<h3>Trvanlivost<\/h3>\n<p>Trvanlivost je kl\u00ed\u010dov\u00fdm faktorem p\u0159i konstrukci hydraulick\u00fdch v\u00e1lc\u016f. Materi\u00e1ly pou\u017eit\u00e9 p\u0159i jejich v\u00fdrob\u011b by m\u011bly b\u00fdt odoln\u00e9 v\u016f\u010di opot\u0159eben\u00ed, korozi a dal\u0161\u00edm vliv\u016fm prost\u0159ed\u00ed. To je obzvl\u00e1\u0161t\u011b d\u016fle\u017eit\u00e9 u v\u00e1lc\u016f pracuj\u00edc\u00edch v n\u00e1ro\u010dn\u00fdch podm\u00ednk\u00e1ch, kde vystaven\u00ed prachu, vlhkosti a chemik\u00e1li\u00edm m\u016f\u017ee nep\u0159\u00edzniv\u011b ovlivnit v\u00fdkon. V\u00fdb\u011br odoln\u00e9ho v\u00e1lce v\u00fdlo\u017en\u00edku zaji\u0161\u0165uje konzistentn\u00ed v\u00fdkon a minimalizuje pot\u0159ebu \u010dast\u00fdch v\u00fdm\u011bn.<\/p>\n<h3>Bezpe\u010dnostn\u00ed prvky<\/h3>\n<p>Bezpe\u010dnost by m\u011bla b\u00fdt v\u017edy prioritou p\u0159i navrhov\u00e1n\u00ed a v\u00fdb\u011bru hydraulick\u00fdch v\u00e1lc\u016f. Je nezbytn\u00e9 za\u010dlenit bezpe\u010dnostn\u00ed prvky, jako jsou p\u0159etlakov\u00e9 ventily a robustn\u00ed mont\u00e1\u017en\u00ed konstrukce, aby se zabr\u00e1nilo nehod\u00e1m b\u011bhem provozu. Tyto prvky nejen chr\u00e1n\u00ed za\u0159\u00edzen\u00ed, ale tak\u00e9 zaji\u0161\u0165uj\u00ed bezpe\u010dnost obsluhy pracuj\u00edc\u00ed v jeho bl\u00edzkosti.<\/p>\n<h3>P\u0159\u00edstupnost \u00fadr\u017eby<\/h3>\n<p>Dal\u0161\u00edm kl\u00ed\u010dov\u00fdm faktorem je snadn\u00e1 \u00fadr\u017eba. Dob\u0159e navr\u017een\u00fd v\u00e1lec v\u00fdlo\u017en\u00edku by m\u011bl umo\u017e\u0148ovat snadn\u00fd p\u0159\u00edstup ke kritick\u00fdm komponent\u016fm pro b\u011b\u017en\u00e9 kontroly a \u00fadr\u017ebu. To nejen usnad\u0148uje pravidelnou \u00fadr\u017ebu, ale tak\u00e9 p\u0159isp\u00edv\u00e1 k dlouh\u00e9 \u017eivotnosti v\u00e1lce a celkov\u00e9 \u00fa\u010dinnosti za\u0159\u00edzen\u00ed.<\/p>\n<p><img decoding=\"async\" src=\"https:\/\/www.hydraulic-cylinders.net\/wp-content\/uploads\/2025\/04\/songte-oil-pipes-and-spare-parts.webp\" alt=\"Hydraulick\u00e9 komponenty\" \/><\/p>\n<h2>T\u011bsn\u011bn\u00ed a maz\u00e1n\u00ed<\/h2>\n<p>Pou\u017eit\u00ed r\u016fzn\u00fdch t\u011bsnic\u00edch komponent\u016f, v\u010detn\u011b t\u011bsn\u011bn\u00ed p\u00edst\u016f a t\u011bsn\u011bn\u00ed p\u00edstnic, je z\u00e1sadn\u00ed pro zachov\u00e1n\u00ed integrity hydraulick\u00fdch v\u00e1lc\u016f. T\u011bsn\u011bn\u00ed vyroben\u00e1 z odoln\u00fdch materi\u00e1l\u016f, jako je polyuretan a nitrilov\u00e1 pry\u017e, jsou nezbytn\u00e1 pro zaji\u0161t\u011bn\u00ed odolnosti proti opot\u0159eben\u00ed. T\u011bleso v\u00e1lce a z\u00e1vitov\u00e9 koncov\u00e9 plochy proch\u00e1zej\u00ed p\u0159esn\u00fdm zpracov\u00e1n\u00edm pro zv\u00fd\u0161en\u00ed odolnosti proti opot\u0159eben\u00ed, \u010d\u00edm\u017e se prodlu\u017euje provozn\u00ed \u017eivotnost v\u00e1lce.<\/p>\n<p>Pravideln\u00e9 maz\u00e1n\u00ed je nezbytn\u00e9 pro udr\u017een\u00ed optim\u00e1ln\u00edho v\u00fdkonu. Je z\u00e1sadn\u00ed zajistit dostate\u010dn\u00e9 mno\u017estv\u00ed hydraulick\u00e9ho oleje, aby se zajistil plynul\u00fd pohyb ve v\u00e1lci. Zanedb\u00e1n\u00ed maz\u00e1n\u00ed m\u016f\u017ee v\u00e9st ke zv\u00fd\u0161en\u00e9mu t\u0159en\u00ed, opot\u0159eben\u00ed a potenci\u00e1ln\u00edm poruch\u00e1m, co\u017e zd\u016fraz\u0148uje d\u016fle\u017eitost zaveden\u00ed pravideln\u00e9ho mazac\u00edho pl\u00e1nu.<\/p>\n<h2>Pravideln\u00e1 kontrola a preventivn\u00ed \u00fadr\u017eba<\/h2>\n<ul>\n<li><strong>Pravideln\u00e9 kontroly:<\/strong> Prov\u00e1d\u011bn\u00ed pravideln\u00fdch kontrol je z\u00e1sadn\u00ed pro v\u010dasnou identifikaci jak\u00fdchkoli zn\u00e1mek opot\u0159eben\u00ed nebo po\u0161kozen\u00ed. Obsluha by m\u011bla b\u011bhem provozu za\u0159\u00edzen\u00ed vizu\u00e1ln\u011b kontrolovat net\u011bsnosti, praskliny nebo neobvykl\u00e9 zvuky a p\u0159\u00edpadn\u00e9 probl\u00e9my okam\u017eit\u011b \u0159e\u0161it.<\/li>\n<li><strong>Spr\u00e1vn\u00e9 maz\u00e1n\u00ed:<\/strong> Zaji\u0161t\u011bn\u00ed dostate\u010dn\u00e9ho maz\u00e1n\u00ed v\u00e1lc\u016f je nezbytn\u00e9 pro optim\u00e1ln\u00ed v\u00fdkon. Obsluha by se m\u011bla \u0159\u00eddit pokyny v\u00fdrobce ohledn\u011b typu maziva a \u010detnosti aplikace, aby se zachovala \u00fa\u010dinnost.<\/li>\n<li><strong>V\u00fdm\u011bna t\u011bsn\u011bn\u00ed:<\/strong> Postupem \u010dasu se t\u011bsn\u011bn\u00ed mohou opot\u0159ebovat a je nutn\u00e9 je vym\u011bnit. Pravideln\u00e1 kontrola opot\u0159eben\u00ed t\u011bsn\u011bn\u00ed a jejich v\u010dasn\u00e1 v\u00fdm\u011bna mohou zabr\u00e1nit \u00fanik\u016fm a udr\u017eet hydraulickou \u00fa\u010dinnost.<\/li>\n<\/ul>\n<h2>Pokyny k instalaci<\/h2>\n<p>Spr\u00e1vn\u00e1 instalace v\u00e1lce v\u00fdlo\u017en\u00edku je z\u00e1sadn\u00ed pro optim\u00e1ln\u00ed v\u00fdkon. Zde je n\u011bkolik krok\u016f, kter\u00e9 je t\u0159eba dodr\u017eet:<\/p>\n<ul>\n<li>P\u0159ed instalac\u00ed se ujist\u011bte, \u017ee jsou mont\u00e1\u017en\u00ed konzoly a povrchy \u010dist\u00e9 a bez ne\u010distot. Minimalizuje se tak riziko po\u0161kozen\u00ed b\u011bhem mont\u00e1\u017ee.<\/li>\n<li>P\u0159esn\u011b vyrovnejte v\u00e1lec s mont\u00e1\u017en\u00edmi body. Nespr\u00e1vn\u00e9 vyrovn\u00e1n\u00ed m\u016f\u017ee v\u00e9st k nam\u00e1h\u00e1n\u00ed v\u00e1lce, co\u017e ovliv\u0148uje jeho v\u00fdkon a \u017eivotnost.<\/li>\n<li>K zaji\u0161t\u011bn\u00ed v\u00e1lce na m\u00edst\u011b pou\u017eijte vhodn\u00e9 mont\u00e1\u017en\u00ed konzoly a zajist\u011bte jeho pevn\u00e9 uchycen\u00ed bez pou\u017eit\u00ed nadm\u011brn\u00e9 s\u00edly, kter\u00e1 by mohla zp\u016fsobit po\u0161kozen\u00ed.<\/li>\n<li>Dvakr\u00e1t zkontrolujte t\u011bsnost v\u0161ech hydraulick\u00fdch potrub\u00ed a spoj\u016f, abyste p\u0159ede\u0161li net\u011bsnostem. Jak\u00e9koli uvoln\u011bn\u00e9 spoje mohou v\u00e9st k neefektivit\u011b syst\u00e9mu a potenci\u00e1ln\u00edm poruch\u00e1m.<\/li>\n<li>Po instalaci prove\u010fte zku\u0161ebn\u00ed provoz, abyste se ujistili, \u017ee v\u00e1lec funguje hladce a efektivn\u011b, a zkontrolujte p\u0159\u00edpadn\u00e9 probl\u00e9my, kter\u00e9 by mohly nastat.<\/li>\n<\/ul>\n<h2>B\u011b\u017en\u00e9 \u00fakoly \u00fadr\u017eby<\/h2>\n<ul>\n<li><strong>Pravideln\u00e9 kontroly:<\/strong> Pravideln\u00e9 vizu\u00e1ln\u00ed kontroly mohou pomoci v\u010das odhalit jak\u00e9koli zn\u00e1mky opot\u0159eben\u00ed nebo net\u011bsnost\u00ed a p\u0159edej\u00edt tak z\u00e1va\u017en\u011bj\u0161\u00edm probl\u00e9m\u016fm v budoucnu. V\u017edy sledujte hladiny hydraulick\u00e9 kapaliny a hledejte jak\u00e9koli anom\u00e1lie v provozu.<\/li>\n<li><strong>Maz\u00e1n\u00ed:<\/strong> Spr\u00e1vn\u00e9 maz\u00e1n\u00ed je nezbytn\u00e9 pro zaji\u0161t\u011bn\u00ed hladk\u00e9ho fungov\u00e1n\u00ed v\u00e1lce. Dodr\u017eov\u00e1n\u00ed pokyn\u016f v\u00fdrobce ohledn\u011b typu a frekvence maziva zv\u00fd\u0161\u00ed v\u00fdkon a prodlou\u017e\u00ed \u017eivotnost.<\/li>\n<li><strong>V\u00fdm\u011bna t\u011bsn\u011bn\u00ed:<\/strong> Pravideln\u011b by se m\u011bly kontrolovat t\u011bsn\u011bn\u00ed. Pokud se objev\u00ed jak\u00e9koli zn\u00e1mky opot\u0159eben\u00ed, je okam\u017eit\u00e1 v\u00fdm\u011bna t\u011bsn\u011bn\u00ed nezbytn\u00e1 pro udr\u017een\u00ed hydraulick\u00e9 \u00fa\u010dinnosti a prevenci net\u011bsnost\u00ed.<\/li>\n<\/ul>\n<h2>Bezpe\u010dnostn\u00ed aspekty a faktory prost\u0159ed\u00ed<\/h2>\n<p>P\u0159i obsluze hydraulick\u00fdch v\u00e1lc\u016f jsou bezpe\u010dnostn\u00ed opat\u0159en\u00ed prvo\u0159ad\u00e1. Obsluha by m\u011bla b\u00fdt pro\u0161kolena v rozpozn\u00e1v\u00e1n\u00ed d\u016fle\u017eitosti bezpe\u010dnostn\u00edch protokol\u016f, v\u010detn\u011b no\u0161en\u00ed vhodn\u00fdch osobn\u00edch ochrann\u00fdch prost\u0159edk\u016f (OOP) a pochopen\u00ed potenci\u00e1ln\u00edch rizik spojen\u00fdch s obsluhou v\u00e1lc\u016f. M\u011bla by b\u00fdt prov\u00e1d\u011bna pravideln\u00e1 bezpe\u010dnostn\u00ed \u0161kolen\u00ed, aby se zajistilo, \u017ee ve\u0161ker\u00fd person\u00e1l je obezn\u00e1men s postupy a dok\u00e1\u017ee v p\u0159\u00edpad\u011b nouze efektivn\u011b reagovat.<\/p>\n<h2>\u0158e\u0161en\u00ed b\u011b\u017en\u00fdch probl\u00e9m\u016f<\/h2>\n<ul>\n<li><strong>\u00danik:<\/strong> Jedn\u00edm z nej\u010dast\u011bj\u0161\u00edch probl\u00e9m\u016f s hydraulick\u00fdmi v\u00e1lci je net\u011bsnost. Pokud dojde k \u00faniku kapaliny, m\u016f\u017ee to b\u00fdt zp\u016fsobeno opot\u0159ebovan\u00fdmi t\u011bsn\u011bn\u00edmi nebo po\u0161kozen\u00fdmi spoji. Rychl\u00e1 identifikace a v\u00fdm\u011bna t\u011bsn\u011bn\u00ed m\u016f\u017ee tento probl\u00e9m vy\u0159e\u0161it.<\/li>\n<li><strong>Nekonzistentn\u00ed provoz:<\/strong> Pokud v\u00e1lec v\u00fdlo\u017en\u00edku pracuje nepravideln\u011b, m\u016f\u017ee to znamenat probl\u00e9my s hladinou hydraulick\u00e9 kapaliny nebo ucp\u00e1n\u00ed hydraulick\u00e9ho potrub\u00ed. Kontrola hladiny kapalin a zaji\u0161t\u011bn\u00ed \u010distoty potrub\u00ed je nezbytn\u00e1.<\/li>\n<li><strong>Pomal\u00e1 odezva:<\/strong> Pomal\u00e1 odezva v provozu m\u016f\u017ee b\u00fdt zp\u016fsobena vzduchem v hydraulick\u00e9m syst\u00e9mu nebo nedostate\u010dn\u00fdm mno\u017estv\u00edm hydraulick\u00e9 kapaliny. Tento probl\u00e9m lze vy\u0159e\u0161it odvzdu\u0161n\u011bn\u00edm syst\u00e9mu za \u00fa\u010delem odstran\u011bn\u00ed vzduchu a dopln\u011bn\u00edm hydraulick\u00e9 kapaliny.<\/li>\n<\/ul>\n<p>P\u0159ijet\u00ed preventivn\u00edch opat\u0159en\u00ed, jako jsou pravideln\u00e9 kontroly \u00fadr\u017eby, m\u016f\u017ee v\u00fdrazn\u011b sn\u00ed\u017eit pravd\u011bpodobnost v\u00fdskytu t\u011bchto probl\u00e9m\u016f. Provozovatel\u00e9 by m\u011bli b\u00fdt ve sv\u00e9m p\u0159\u00edstupu k \u00fadr\u017eb\u011b proaktivn\u00ed a dodr\u017eovat zaveden\u00e9 postupy, aby zajistili, \u017ee hydraulick\u00fd syst\u00e9m z\u016fstane funk\u010dn\u00ed.<\/p>\n<p><img decoding=\"async\" src=\"https:\/\/www.hydraulic-cylinders.net\/wp-content\/uploads\/2025\/04\/songte-bushings-with-all-kinds-of-excavator-models.webp\" alt=\"Pouzdra pro bagry\" \/><\/p>\n<h2>O na\u0161\u00ed spole\u010dnosti<\/h2>\n<p>Jsme p\u0159edn\u00edm v\u00fdrobcem a velkoobchodn\u00edkem hydraulick\u00fdch v\u00e1lc\u016f, specializuj\u00edc\u00edm se na poskytov\u00e1n\u00ed vysoce kvalitn\u00edch alternativ. N\u00e1\u0161 rozs\u00e1hl\u00fd sortiment n\u00e1s \u0159ad\u00ed mezi p\u0159edn\u00ed hr\u00e1\u010de na dom\u00e1c\u00edm i mezin\u00e1rodn\u00edm trhu. V souladu s principem excelence vyu\u017e\u00edv\u00e1me propracovan\u00e9 v\u00fdrobn\u00ed strategie prost\u0159ednictv\u00edm pokro\u010dil\u00e9ho digit\u00e1ln\u00edho vybaven\u00ed a profesion\u00e1ln\u00edch testovac\u00edch syst\u00e9m\u016f.<\/p>\n<p>N\u00e1\u0161 z\u00e1vazek ke kvalit\u011b se odr\u00e1\u017e\u00ed v investic\u00edch do kvalifikovan\u00fdch pracovn\u00edk\u016f a inovativn\u00edch v\u00fdrobn\u00edch technik, kter\u00e9 vylep\u0161uj\u00ed na\u0161e v\u00fdrobn\u00ed platformy a zvy\u0161uj\u00ed kvalitu produkt\u016f. S d\u016frazem na efektivitu, p\u0159esnost a vysokou kvalitu uspokojujeme rozmanit\u00e9 pot\u0159eby z\u00e1kazn\u00edk\u016f prost\u0159ednictv\u00edm \u0159e\u0161en\u00ed \u0161it\u00fdch na m\u00edru.<\/p>\n<p><img decoding=\"async\" src=\"https:\/\/www.hydraulic-cylinders.net\/wp-content\/uploads\/2025\/04\/songte-company-4.webp\" alt=\"P\u0159ehled spole\u010dnosti\" \/><br \/>\n<img decoding=\"async\" src=\"https:\/\/www.hydraulic-cylinders.net\/wp-content\/uploads\/2025\/04\/songte-company-3.webp\" alt=\"V\u00fdrobn\u00ed za\u0159\u00edzen\u00ed\" \/><\/p>\n<p>Stru\u010dn\u011b \u0159e\u010deno, na\u0161e spole\u010dnost vynik\u00e1 d\u00edky profesionalit\u011b, mezin\u00e1rodn\u00edm certifikac\u00edm, zak\u00e1zkov\u00fdm slu\u017eb\u00e1m, modern\u00edmu v\u00fdrobn\u00edmu vybaven\u00ed a v\u00fdjime\u010dn\u00e9 poprodejn\u00ed podpo\u0159e.<\/p>\n<p>Autor: lyl<\/p>","protected":false},"excerpt":{"rendered":"<p>Boom Cylinder For Yanmar SV025-6 Understanding the Boom Cylinder The boom cylinder is an essential hydraulic component, specifically designed for controlling the movement of buckets in heavy machinery such as excavators, backhoe loaders, and front loaders. This hydraulic cylinder allows for lifting, lowering, and tilting motions, thereby facilitating material handling tasks efficiently. Constructed to endure [&hellip;]<\/p>","protected":false},"featured_media":17881,"comment_status":"open","ping_status":"closed","template":"","meta":{"_et_pb_use_builder":"","_et_pb_old_content":"","_et_gb_content_width":""},"product_brand":[],"product_cat":[1546],"product_tag":[1547,1496],"class_list":{"0":"post-19558","1":"product","2":"type-product","3":"status-publish","4":"has-post-thumbnail","6":"product_cat-boom-cylinders","7":"product_tag-boom-cylinders","8":"product_tag-hydraulic-cylinders","10":"first","11":"instock","12":"shipping-taxable","13":"product-type-simple"},"amp_enabled":true,"_links":{"self":[{"href":"https:\/\/www.hydraulic-cylinders.net\/cs\/wp-json\/wp\/v2\/product\/19558","targetHints":{"allow":["GET"]}}],"collection":[{"href":"https:\/\/www.hydraulic-cylinders.net\/cs\/wp-json\/wp\/v2\/product"}],"about":[{"href":"https:\/\/www.hydraulic-cylinders.net\/cs\/wp-json\/wp\/v2\/types\/product"}],"replies":[{"embeddable":true,"href":"https:\/\/www.hydraulic-cylinders.net\/cs\/wp-json\/wp\/v2\/comments?post=19558"}],"wp:featuredmedia":[{"embeddable":true,"href":"https:\/\/www.hydraulic-cylinders.net\/cs\/wp-json\/wp\/v2\/media\/17881"}],"wp:attachment":[{"href":"https:\/\/www.hydraulic-cylinders.net\/cs\/wp-json\/wp\/v2\/media?parent=19558"}],"wp:term":[{"taxonomy":"product_brand","embeddable":true,"href":"https:\/\/www.hydraulic-cylinders.net\/cs\/wp-json\/wp\/v2\/product_brand?post=19558"},{"taxonomy":"product_cat","embeddable":true,"href":"https:\/\/www.hydraulic-cylinders.net\/cs\/wp-json\/wp\/v2\/product_cat?post=19558"},{"taxonomy":"product_tag","embeddable":true,"href":"https:\/\/www.hydraulic-cylinders.net\/cs\/wp-json\/wp\/v2\/product_tag?post=19558"}],"curies":[{"name":"wp","href":"https:\/\/api.w.org\/{rel}","templated":true}]}}