{"id":19562,"date":"2025-04-07T06:54:37","date_gmt":"2025-04-07T06:54:37","guid":{"rendered":"https:\/\/www.hydraulic-cylinders.net\/product\/boom-cylinder-for-yanmar-vi085\/"},"modified":"2025-04-07T06:54:39","modified_gmt":"2025-04-07T06:54:39","slug":"boom-cylinder-for-yanmar-vi085","status":"publish","type":"product","link":"https:\/\/www.hydraulic-cylinders.net\/cs\/produkt\/boom-cylinder-for-yanmar-vi085\/","title":{"rendered":"V\u00e1lec v\u00fdlo\u017en\u00edku pro Yanmar VI085"},"content":{"rendered":"<h1>V\u00e1lec v\u00fdlo\u017en\u00edku pro Yanmar VI085<\/h1>\n<h2>P\u0159ehled produktu<\/h2>\n<p>Hydraulick\u00fd v\u00e1lec v\u00fdlo\u017en\u00edku pro Yanmar VI085 je kl\u00ed\u010dovou sou\u010d\u00e1st\u00ed ur\u010denou pro t\u011b\u017ek\u00e9 stroje, zejm\u00e9na pro bagry, rypadla a \u010deln\u00ed naklada\u010de. Tento hydraulick\u00fd v\u00e1lec je zodpov\u011bdn\u00fd za ovl\u00e1d\u00e1n\u00ed pohybu ramene v\u00fdlo\u017en\u00edku, co\u017e umo\u017e\u0148uje jeho efektivn\u00ed zved\u00e1n\u00ed, spou\u0161t\u011bn\u00ed a nakl\u00e1p\u011bn\u00ed. V hydraulick\u00fdch syst\u00e9mech hraje v\u00e1lec v\u00fdlo\u017en\u00edku kl\u00ed\u010dovou roli p\u0159i manipulaci s materi\u00e1lem a nab\u00edz\u00ed p\u0159esnost a v\u00fdkon. Umo\u017e\u0148uje obsluze bezprobl\u00e9mov\u011b manipulovat s t\u011b\u017ek\u00fdmi b\u0159emeny, co\u017e z n\u011bj \u010din\u00ed nezbytnou sou\u010d\u00e1st r\u016fzn\u00fdch stavebn\u00edch a zem\u011bd\u011blsk\u00fdch prac\u00ed.<\/p>\n<p><img decoding=\"async\" src=\"https:\/\/www.hydraulic-cylinders.net\/wp-content\/uploads\/2025\/04\/songte-company-1.webp\" alt=\"V\u00e1lec v\u00fdlo\u017en\u00edku\" \/><\/p>\n<h3>Definice a p\u0159ehled kore\u010dkov\u00fdch v\u00e1lc\u016f<\/h3>\n<p>Hydraulick\u00fd v\u00e1lec kope\u010dku je specializovan\u00fd hydraulick\u00fd v\u00e1lec ur\u010den\u00fd k \u0159\u00edzen\u00ed pohybu kope\u010dk\u016f na t\u011b\u017ek\u00fdch stroj\u00edch, jako jsou bagry a naklada\u010de. Jeho prim\u00e1rn\u00ed funkc\u00ed je usnadnit pohyb kope\u010dku, co\u017e umo\u017e\u0148uje obsluze prov\u00e1d\u011bt \u00fakoly, jako je kop\u00e1n\u00ed, zved\u00e1n\u00ed a vysyp\u00e1v\u00e1n\u00ed materi\u00e1l\u016f. \u00da\u010dinnost a spolehlivost hydraulick\u00e9ho v\u00e1lce kope\u010dku p\u0159\u00edmo ovliv\u0148uje celkov\u00fd v\u00fdkon hydraulick\u00e9ho stroje, co\u017e z n\u011bj \u010din\u00ed kl\u00ed\u010dovou sou\u010d\u00e1st pro efektivitu a produktivitu v ter\u00e9nu.<\/p>\n<h2>Vlastnosti v\u00e1lce v\u00fdlo\u017en\u00edku<\/h2>\n<ul>\n<li><strong>Vysok\u00e1 pevnost a trvanlivost:<\/strong> Tyto v\u00e1lce jsou vyrobeny z vysokopevnostn\u00ed oceli nebo hlin\u00edku a jsou konstruov\u00e1ny tak, aby odolaly vysok\u00fdm tlak\u016fm a velk\u00e9mu zat\u00ed\u017een\u00ed, co\u017e je \u010din\u00ed vhodn\u00fdmi pro n\u00e1ro\u010dn\u00e9 pracovn\u00ed prost\u0159ed\u00ed.<\/li>\n<li><strong>Efektivn\u00ed hydraulick\u00fd provoz:<\/strong> D\u00edky vyu\u017eit\u00ed tlaku hydraulick\u00e9ho oleje umo\u017e\u0148uje v\u00e1lec v\u00fdlo\u017en\u00edku plynul\u00e9 a citliv\u00e9 pohyby a poskytuje zna\u010dnou tla\u010dnou a ta\u017enou s\u00edlu, ide\u00e1ln\u00ed pro manipulaci s t\u011b\u017ek\u00fdmi materi\u00e1ly a slo\u017eit\u00e9 \u00fakoly.<\/li>\n<li><strong>R\u016fzn\u00e9 typy:<\/strong> K dispozici v jedno\u010dinn\u00e9m (pracuj\u00edc\u00edm v jednom sm\u011bru) nebo dvoj\u010dinn\u00e9m (pracuj\u00edc\u00edm v obou sm\u011brech) proveden\u00ed, co\u017e umo\u017e\u0148uje p\u0159izp\u016fsoben\u00ed na z\u00e1klad\u011b provozn\u00edch pot\u0159eb.<\/li>\n<li><strong>Prostorov\u011b \u00fasporn\u00e9 designy:<\/strong> N\u011bkter\u00e9 modely maj\u00ed teleskopickou konstrukci, kter\u00e1 umo\u017e\u0148uje v\u011bt\u0161\u00ed v\u00fdsuv bez zv\u011bt\u0161en\u00ed vn\u011bj\u0161\u00edch rozm\u011br\u016f, co\u017e je ide\u00e1ln\u00ed pro aplikace s omezen\u00fdm prostorem.<\/li>\n<li><strong>Zv\u00fd\u0161en\u00e1 \u017eivotnost:<\/strong> Konstrukce zohled\u0148uje odolnost proti opot\u0159eben\u00ed a prevenci koroze, \u010d\u00edm\u017e se prodlu\u017euje \u017eivotnost v\u00e1lce v\u00fdlo\u017en\u00edku i v n\u00e1ro\u010dn\u00fdch podm\u00ednk\u00e1ch.<\/li>\n<\/ul>\n<p>Na\u0161e spole\u010dnost se specializuje na v\u00fdrobu t\u011bchto nezbytn\u00fdch hydraulick\u00fdch komponent\u016f a nab\u00edz\u00ed produkty, kter\u00e9 dokonale nahrazuj\u00ed st\u00e1vaj\u00edc\u00ed hydraulick\u00e9 v\u00e1lce.<\/p>\n<p><img decoding=\"async\" src=\"https:\/\/www.hydraulic-cylinders.net\/wp-content\/uploads\/2025\/04\/songte-cylinder-head-with-all-kinds-excavator-models.webp\" alt=\"Modely hydraulick\u00fdch v\u00e1lc\u016f\" \/><\/p>\n<h2>Aplikace v\u00e1lce v\u00fdlo\u017en\u00edku<\/h2>\n<h3>Stavebn\u00ed stroje<\/h3>\n<p>U stavebn\u00edch stroj\u016f, jako jsou bagry, jsou v\u00e1lce v\u00fdlo\u017en\u00edku nezbytn\u00e9 pro kop\u00e1n\u00ed, nakl\u00e1d\u00e1n\u00ed a p\u0159emis\u0165ov\u00e1n\u00ed zeminy nebo suti. Jejich schopnost p\u0159esn\u011b zvedat a umis\u0165ovat b\u0159emena umo\u017e\u0148uje efektivn\u00ed provoz na staveni\u0161t\u00edch a zaji\u0161\u0165uje v\u010dasn\u00e9 dokon\u010den\u00ed projektu.<\/p>\n<h3>Zem\u011bd\u011blsk\u00e9 stroje<\/h3>\n<p>V zem\u011bd\u011blstv\u00ed se \u010deln\u00ed naklada\u010de vybaven\u00e9 v\u00e1lci v\u00fdlo\u017en\u00edku pou\u017e\u00edvaj\u00ed k nab\u00edr\u00e1n\u00ed, zved\u00e1n\u00ed a p\u0159eprav\u011b p\u016fdy, sena a dal\u0161\u00edch materi\u00e1l\u016f. Tato funkce je kl\u00ed\u010dov\u00e1 pro udr\u017een\u00ed produktivity v zem\u011bd\u011blsk\u00fdch operac\u00edch a umo\u017e\u0148uje zem\u011bd\u011blc\u016fm efektivn\u011b hospoda\u0159it s jejich zdroji.<\/p>\n<h3>Bagry<\/h3>\n<p>Rypadla vyu\u017e\u00edvaj\u00ed v\u00e1lce v\u00fdlo\u017en\u00edku, aby umo\u017enily l\u017e\u00edci efektivn\u011b pronikat do zem\u011b. Tento ryc\u00ed \u00fakon je nezbytn\u00fd pro r\u016fzn\u00e9 \u00fakoly, v\u010detn\u011b z\u00e1kladov\u00fdch prac\u00ed, hlouben\u00ed v\u00fdkop\u016f a \u00fapravy ter\u00e9nu, co\u017e z n\u011bj \u010din\u00ed nepostradateln\u00fd n\u00e1stroj na staveni\u0161t\u00edch.<\/p>\n<h3>Naklada\u010de<\/h3>\n<p>U \u010deln\u00edch naklada\u010d\u016f usnad\u0148uj\u00ed v\u00e1lce v\u00fdlo\u017en\u00edku efektivn\u00ed zved\u00e1n\u00ed a vykl\u00e1p\u011bn\u00ed b\u0159emen. Jejich konstrukce umo\u017e\u0148uje optim\u00e1ln\u00ed rozlo\u017een\u00ed hmotnosti a ovl\u00e1d\u00e1n\u00ed, co\u017e zaji\u0161\u0165uje, \u017ee obsluha m\u016f\u017ee bezpe\u010dn\u011b a efektivn\u011b p\u0159emis\u0165ovat velk\u00e9 objemy materi\u00e1l\u016f.<\/p>\n<h2>Konstruk\u010dn\u00ed aspekty a krit\u00e9ria v\u00fdb\u011bru<\/h2>\n<h3>Nosnost<\/h3>\n<p>Nosnost v\u00e1lce v\u00fdlo\u017en\u00edku je z\u00e1kladn\u00edm konstruk\u010dn\u00edm krit\u00e9riem. Mus\u00ed b\u00fdt dostate\u010dn\u00e1 k tomu, aby zvl\u00e1dla maxim\u00e1ln\u00ed o\u010dek\u00e1van\u00e9 zat\u00ed\u017een\u00ed b\u011bhem provozu. Nadhodnocen\u00ed nebo podhodnocen\u00ed t\u00e9to nosnosti m\u016f\u017ee v\u00e9st k poruch\u00e1m nebo neefektivnosti.<\/p>\n<h3>T\u011bsn\u011bn\u00ed<\/h3>\n<p>\u00da\u010dinn\u00e9 t\u011bsn\u011bn\u00ed je kl\u00ed\u010dov\u00e9 pro udr\u017een\u00ed hydraulick\u00e9ho tlaku uvnit\u0159 v\u00e1lce. Vysoce kvalitn\u00ed t\u011bsn\u011bn\u00ed zabra\u0148uje \u00fanik\u016fm a zaji\u0161\u0165uje efektivn\u00ed provoz. Volba t\u011bsnic\u00edch materi\u00e1l\u016f, jako je polyuretan nebo nitrilov\u00e1 pry\u017e, v\u00fdznamn\u011b ovliv\u0148uje celkov\u00fd v\u00fdkon a \u017eivotnost v\u00e1lce.<\/p>\n<h3>Trvanlivost<\/h3>\n<p>Trvanlivost je kl\u00ed\u010dov\u00fdm faktorem p\u0159i konstrukci v\u00e1lc\u016f v\u00fdlo\u017en\u00edku. Mus\u00ed b\u00fdt schopny odolat n\u00e1ro\u010dn\u00fdm podm\u00ednk\u00e1m prost\u0159ed\u00ed a nep\u0159etr\u017eit\u00e9mu provozu. Pou\u017eit\u00ed vysoce kvalitn\u00edch materi\u00e1l\u016f a ochrann\u00fdch povlak\u016f m\u016f\u017ee zv\u00fd\u0161it jejich odolnost proti opot\u0159eben\u00ed a korozi.<\/p>\n<h3>Bezpe\u010dnost<\/h3>\n<p>Bezpe\u010dnostn\u00ed prvky jsou u hydraulick\u00fdch v\u00e1lc\u016f nezbytn\u00e9 pro prevenci nehod b\u011bhem provozu. Integrovan\u00e9 pojistn\u00e9 ventily a mechanismy pro pojistn\u00e9 zm\u00edrn\u011bn\u00ed tlaku pom\u00e1haj\u00ed zm\u00edr\u0148ovat rizika a chr\u00e1n\u00ed jak obsluhu, tak za\u0159\u00edzen\u00ed p\u0159ed potenci\u00e1ln\u00edmi nebezpe\u010d\u00edmi.<\/p>\n<h3>Udr\u017eovatelnost<\/h3>\n<p>Navrhov\u00e1n\u00ed s ohledem na \u00fadr\u017ebu zaji\u0161\u0165uje snadnou a efektivn\u00ed \u00fadr\u017ebu v\u00e1lc\u016f v\u00fdlo\u017en\u00edku. To zahrnuje i zv\u00e1\u017een\u00ed p\u0159\u00edstupnosti sou\u010d\u00e1st\u00ed pro kontroly a opravy, co\u017e v kone\u010dn\u00e9m d\u016fsledku p\u0159isp\u00edv\u00e1 k del\u0161\u00ed \u017eivotnosti a ni\u017e\u0161\u00edm provozn\u00edm n\u00e1klad\u016fm.<\/p>\n<p><img decoding=\"async\" src=\"https:\/\/www.hydraulic-cylinders.net\/wp-content\/uploads\/2025\/04\/songte-oil-pipes-and-spare-parts.webp\" alt=\"Hydraulick\u00e9 d\u00edly\" \/><\/p>\n<h2>T\u011bsn\u011bn\u00ed a maz\u00e1n\u00ed v\u00e1lce<\/h2>\n<p>Pou\u017eit\u00ed r\u016fzn\u00fdch t\u011bsnic\u00edch prvk\u016f, jako jsou t\u011bsn\u011bn\u00ed p\u00edst\u016f a p\u00edstnic, je z\u00e1sadn\u00ed pro efektivn\u00ed provoz hydraulick\u00fdch v\u00e1lc\u016f. T\u011bsn\u011bn\u00ed vyroben\u00e1 z odoln\u00fdch materi\u00e1l\u016f, jako je polyuretan a nitrilov\u00e1 pry\u017e, zvy\u0161uj\u00ed odolnost proti opot\u0159eben\u00ed. T\u011bleso v\u00e1lce a z\u00e1vitov\u00e9 konce proch\u00e1zej\u00ed pe\u010dlivou povrchovou \u00fapravou, kter\u00e1 zlep\u0161uje jejich odolnost proti opot\u0159eben\u00ed. Pravideln\u00e9 maz\u00e1n\u00ed hydraulick\u00fdm olejem je nezbytn\u00e9 pro udr\u017een\u00ed optim\u00e1ln\u00edho provozu a prevenci p\u0159ed\u010dasn\u00e9ho opot\u0159eben\u00ed.<\/p>\n<h2>Pravideln\u00e1 \u00fadr\u017eba a preventivn\u00ed opat\u0159en\u00ed<\/h2>\n<ul>\n<li><strong>Rutinn\u00ed kontroly:<\/strong> Pravideln\u011b kontrolujte hydraulick\u00fd syst\u00e9m, zda nedoch\u00e1z\u00ed k \u00fanik\u016fm a probl\u00e9m\u016fm s v\u00fdkonem. V\u010dasn\u00e9 odhalen\u00ed probl\u00e9m\u016f m\u016f\u017ee zabr\u00e1nit n\u00e1kladn\u00fdm oprav\u00e1m.<\/li>\n<li><strong>Spr\u00e1vn\u00e9 maz\u00e1n\u00ed:<\/strong> Zajist\u011bte dostate\u010dn\u00e9 maz\u00e1n\u00ed v\u00e1lce, aby se minimalizovalo t\u0159en\u00ed a opot\u0159eben\u00ed. To by m\u011blo b\u00fdt provedeno v souladu s doporu\u010den\u00edmi v\u00fdrobce.<\/li>\n<li><strong>V\u00fdm\u011bna t\u011bsn\u011bn\u00ed:<\/strong> Sledujte stav t\u011bsn\u011bn\u00ed a v p\u0159\u00edpad\u011b pot\u0159eby je vym\u011b\u0148ujte, abyste zabr\u00e1nili net\u011bsnostem a udr\u017eeli hydraulick\u00fd tlak.<\/li>\n<\/ul>\n<h2>Pokyny k instalaci<\/h2>\n<p>Spr\u00e1vn\u00e1 instalace v\u00e1lce v\u00fdlo\u017en\u00edku je z\u00e1sadn\u00ed pro optim\u00e1ln\u00ed v\u00fdkon. Za\u010dn\u011bte t\u00edm, \u017ee se ujist\u00edte, \u017ee jsou mont\u00e1\u017en\u00ed konzoly a p\u0159\u00edslu\u0161enstv\u00ed spr\u00e1vn\u011b zarovn\u00e1ny. K zaji\u0161t\u011bn\u00ed v\u00e1lce pou\u017eijte vhodn\u00e9 n\u00e1stroje a vyhn\u011bte se jak\u00e9mukoli nespr\u00e1vn\u00e9mu zarovn\u00e1n\u00ed, kter\u00e9 by mohlo v\u00e9st k provozn\u00edm probl\u00e9m\u016fm. Pro p\u0159esn\u00e9 instala\u010dn\u00ed rozm\u011bry se doporu\u010duje prostudovat specifikace v\u00fdrobce. Po instalaci prove\u010fte d\u016fkladnou kontrolu, abyste se ujistili, \u017ee v\u0161echna p\u0159ipojen\u00ed jsou bezpe\u010dn\u00e1 a t\u011bsn\u00e1. Nakonec prove\u010fte zku\u0161ebn\u00ed provoz, abyste se ujistili o funk\u010dnosti p\u0159ed pln\u00fdm nasazen\u00edm.<\/p>\n<h2>B\u011b\u017en\u00e9 \u00fakoly \u00fadr\u017eby<\/h2>\n<h3>Pravideln\u00e9 kontroly<\/h3>\n<p>Pravideln\u00e9 kontroly jsou nezbytn\u00e9 pro identifikaci potenci\u00e1ln\u00edch probl\u00e9m\u016f d\u0159\u00edve, ne\u017e se zhor\u0161\u00ed. Zkontrolujte v\u0161echna p\u0159ipojen\u00ed a v\u00e1lec, zda nevykazuj\u00ed zn\u00e1mky opot\u0159eben\u00ed nebo po\u0161kozen\u00ed. V\u010dasn\u00e9 \u0159e\u0161en\u00ed drobn\u00fdch probl\u00e9m\u016f m\u016f\u017ee zabr\u00e1nit z\u00e1va\u017en\u00fdm poruch\u00e1m.<\/p>\n<h3>Spr\u00e1vn\u00e9 maz\u00e1n\u00ed<\/h3>\n<p>Pou\u017eit\u00ed spr\u00e1vn\u00e9ho typu a mno\u017estv\u00ed hydraulick\u00e9ho oleje je z\u00e1sadn\u00ed pro dlouhou \u017eivotnost v\u00e1lc\u016f. Nedostate\u010dn\u00e9 maz\u00e1n\u00ed m\u016f\u017ee v\u00e9st ke zv\u00fd\u0161en\u00e9mu t\u0159en\u00ed a opot\u0159eben\u00ed, zat\u00edmco nadm\u011brn\u00e9 maz\u00e1n\u00ed m\u016f\u017ee zp\u016fsobit probl\u00e9my s hydraulick\u00fdm tlakem. V\u017edy dodr\u017eujte pokyny v\u00fdrobce.<\/p>\n<h3>V\u00fdm\u011bna t\u011bsn\u011bn\u00ed a kontroly kalibrace<\/h3>\n<p>Pravideln\u00e1 v\u00fdm\u011bna t\u011bsn\u011bn\u00ed zaji\u0161\u0165uje, \u017ee hydraulick\u00fd syst\u00e9m udr\u017e\u00ed sv\u016fj tlak a \u00fa\u010dinnost. Kalibra\u010dn\u00ed kontroly mohou pomoci zajistit, aby v\u00e1lec fungoval v r\u00e1mci stanoven\u00fdch parametr\u016f, a p\u0159edej\u00edt tak neo\u010dek\u00e1van\u00fdm poruch\u00e1m b\u011bhem provozu.<\/p>\n<p><img decoding=\"async\" src=\"https:\/\/www.hydraulic-cylinders.net\/wp-content\/uploads\/2025\/04\/songte-chushion-collar.webp\" alt=\"Pol\u0161t\u00e1\u0159ov\u00fd l\u00edmec\" \/><\/p>\n<h2>Bezpe\u010dnostn\u00ed aspekty a faktory prost\u0159ed\u00ed<\/h2>\n<p>Up\u0159ednost\u0148ov\u00e1n\u00ed bezpe\u010dnostn\u00edch opat\u0159en\u00ed p\u0159i pr\u00e1ci s hydraulick\u00fdmi v\u00e1lci je nezbytn\u00e9 pro prevenci nehod a zaji\u0161t\u011bn\u00ed bezpe\u010dnosti obsluhy. Proveden\u00ed \u0159\u00e1dn\u00e9ho \u0161kolen\u00ed a dodr\u017eov\u00e1n\u00ed bezpe\u010dnostn\u00edch protokol\u016f m\u016f\u017ee zm\u00edrnit rizika spojen\u00e1 s hydraulick\u00fdm za\u0159\u00edzen\u00edm.<\/p>\n<h2>Diagnostika z\u00e1vad a b\u011b\u017en\u00e9 probl\u00e9my<\/h2>\n<ul>\n<li><strong>\u00danik:<\/strong> \u010casto je to zp\u016fsobeno opot\u0159ebovan\u00fdmi t\u011bsn\u011bn\u00edmi, co\u017e vede ke sn\u00ed\u017een\u00ed \u00fa\u010dinnosti v\u00e1lce. Pravideln\u00e9 kontroly mohou pomoci tento probl\u00e9m v\u010das identifikovat a odstranit.<\/li>\n<li><strong>Nekonzistentn\u00ed pohyb:<\/strong> To m\u016f\u017ee znamenat vnit\u0159n\u00ed po\u0161kozen\u00ed nebo kontaminaci hydraulick\u00e9 kapaliny. Pravideln\u00e1 \u00fadr\u017eba a kontroly syst\u00e9mu mohou t\u011bmto probl\u00e9m\u016fm p\u0159edej\u00edt.<\/li>\n<li><strong>Kol\u00eds\u00e1n\u00ed tlaku:<\/strong> M\u016f\u017ee signalizovat probl\u00e9my v hydraulick\u00e9m syst\u00e9mu, jako jsou ucp\u00e1n\u00ed nebo nefunk\u010dn\u00ed sou\u010d\u00e1sti. K vy\u0159e\u0161en\u00ed t\u011bchto probl\u00e9m\u016f je nutn\u00fd d\u016fkladn\u00fd diagnostick\u00fd p\u0159\u00edstup.<\/li>\n<\/ul>\n<h2>Tipy pro \u0159e\u0161en\u00ed probl\u00e9m\u016f<\/h2>\n<p>Pro efektivn\u00ed diagnostiku a \u0159e\u0161en\u00ed z\u00e1vad prov\u00e1d\u011bjte systematick\u00e9 kontroly hydraulick\u00e9ho syst\u00e9mu. Identifikujte net\u011bsnosti, kontrolujte hladiny kapalin a posuzujte integritu t\u011bsn\u011bn\u00ed. Zav\u00e1d\u011bjte pravideln\u00e9 pl\u00e1ny \u00fadr\u017eby, abyste minimalizovali potenci\u00e1ln\u00ed probl\u00e9my a zajistili efektivn\u00ed provoz za\u0159\u00edzen\u00ed.<\/p>\n<p><img decoding=\"async\" src=\"https:\/\/www.hydraulic-cylinders.net\/wp-content\/uploads\/2025\/04\/songte-bushings-with-all-kinds-of-excavator-models.webp\" alt=\"Pouzdra pro bagry\" \/><\/p>\n<h2>P\u0159ehled spole\u010dnosti<\/h2>\n<p>Jsme p\u0159edn\u00edm v\u00fdrobcem n\u00e1hradn\u00edch hydraulick\u00fdch v\u00e1lc\u016f a nab\u00edz\u00edme komplexn\u00ed sortiment produkt\u016f, kter\u00e9 n\u00e1s pozicionovaly jako kl\u00ed\u010dov\u00e9ho hr\u00e1\u010de na dom\u00e1c\u00edm i mezin\u00e1rodn\u00edm trhu. N\u00e1\u0161 z\u00e1vazek ke kvalit\u011b je pos\u00edlen na\u0161imi pokro\u010dil\u00fdmi v\u00fdrobn\u00edmi postupy a p\u0159\u00edsn\u00fdmi opat\u0159en\u00edmi kontroly kvality. Neust\u00e1le vylep\u0161ujeme na\u0161i v\u00fdrobn\u00ed platformu integrac\u00ed kvalifikovan\u00fdch pracovn\u00edk\u016f, \u0161pi\u010dkov\u00e9ho digit\u00e1ln\u00edho v\u00fdrobn\u00edho za\u0159\u00edzen\u00ed a specializovan\u00fdch testovac\u00edch syst\u00e9m\u016f, co\u017e zaji\u0161\u0165uje efektivn\u00ed uspokojov\u00e1n\u00ed rozmanit\u00fdch pot\u0159eb z\u00e1kazn\u00edk\u016f.<\/p>\n<h3>Odbornost a certifikace<\/h3>\n<p>Na\u0161e v\u00fdrobky jsou certifikov\u00e1ny podle mezin\u00e1rodn\u00edch norem, co\u017e zaru\u010duje jejich spolehlivost a bezpe\u010dnost. Nab\u00edz\u00edme tak\u00e9 \u0159e\u0161en\u00ed na m\u00edru p\u0159izp\u016fsoben\u00e1 specifick\u00fdm po\u017eadavk\u016fm, abychom zajistili, \u017ee na\u0161i klienti obdr\u017e\u00ed ty nejlep\u0161\u00ed mo\u017en\u00e9 produkty pro sv\u00e9 pot\u0159eby.<\/p>\n<h3>V\u00fdrobn\u00ed za\u0159\u00edzen\u00ed<\/h3>\n<p>D\u00edky nejmodern\u011bj\u0161\u00edmu v\u00fdrobn\u00edmu za\u0159\u00edzen\u00ed zaji\u0161\u0165ujeme vysokou efektivitu, p\u0159esnost a kvalitu ka\u017ed\u00e9ho produktu, kter\u00fd vytv\u00e1\u0159\u00edme. Tato pokro\u010dil\u00e1 technologie n\u00e1m umo\u017e\u0148uje dodr\u017eovat p\u0159\u00edsn\u00e9 v\u00fdrobn\u00ed standardy a z\u00e1rove\u0148 se p\u0159izp\u016fsobovat po\u017eadavk\u016fm trhu.<\/p>\n<h3>Poprodejn\u00ed servis<\/h3>\n<p>Prioritou je spokojenost z\u00e1kazn\u00edk\u016f a nab\u00edz\u00edme komplexn\u00ed poprodejn\u00ed podporu, v\u010detn\u011b pomoci s \u0159e\u0161en\u00edm probl\u00e9m\u016f a poradenstv\u00ed v oblasti \u00fadr\u017eby. N\u00e1\u0161 specializovan\u00fd t\u00fdm je v\u017edy k dispozici, aby pomohl na\u0161im klient\u016fm maximalizovat v\u00fdkon a \u017eivotnost na\u0161ich produkt\u016f.<\/p>\n<p><img decoding=\"async\" src=\"https:\/\/www.hydraulic-cylinders.net\/wp-content\/uploads\/2025\/04\/songte-company-4.webp\" alt=\"V\u00fdroba spole\u010dnosti\" \/><br \/>\n<img decoding=\"async\" src=\"https:\/\/www.hydraulic-cylinders.net\/wp-content\/uploads\/2025\/04\/songte-company-3.webp\" alt=\"P\u0159ehled spole\u010dnosti\" \/><\/p>\n<p>Autor: lyl<\/p>","protected":false},"excerpt":{"rendered":"<p>Boom Cylinder For Yanmar VI085 Product Overview The Boom Cylinder for Yanmar VI085 is a crucial component designed for heavy machinery, particularly in excavators, backhoes, and front loaders. This hydraulic cylinder is responsible for controlling the movement of the boom arm, enabling it to lift, lower, and tilt effectively. In hydraulic systems, the boom cylinder [&hellip;]<\/p>","protected":false},"featured_media":17870,"comment_status":"open","ping_status":"closed","template":"","meta":{"_et_pb_use_builder":"","_et_pb_old_content":"","_et_gb_content_width":""},"product_brand":[],"product_cat":[1546],"product_tag":[1547,1496],"class_list":{"0":"post-19562","1":"product","2":"type-product","3":"status-publish","4":"has-post-thumbnail","6":"product_cat-boom-cylinders","7":"product_tag-boom-cylinders","8":"product_tag-hydraulic-cylinders","10":"first","11":"instock","12":"shipping-taxable","13":"product-type-simple"},"amp_enabled":true,"_links":{"self":[{"href":"https:\/\/www.hydraulic-cylinders.net\/cs\/wp-json\/wp\/v2\/product\/19562","targetHints":{"allow":["GET"]}}],"collection":[{"href":"https:\/\/www.hydraulic-cylinders.net\/cs\/wp-json\/wp\/v2\/product"}],"about":[{"href":"https:\/\/www.hydraulic-cylinders.net\/cs\/wp-json\/wp\/v2\/types\/product"}],"replies":[{"embeddable":true,"href":"https:\/\/www.hydraulic-cylinders.net\/cs\/wp-json\/wp\/v2\/comments?post=19562"}],"wp:featuredmedia":[{"embeddable":true,"href":"https:\/\/www.hydraulic-cylinders.net\/cs\/wp-json\/wp\/v2\/media\/17870"}],"wp:attachment":[{"href":"https:\/\/www.hydraulic-cylinders.net\/cs\/wp-json\/wp\/v2\/media?parent=19562"}],"wp:term":[{"taxonomy":"product_brand","embeddable":true,"href":"https:\/\/www.hydraulic-cylinders.net\/cs\/wp-json\/wp\/v2\/product_brand?post=19562"},{"taxonomy":"product_cat","embeddable":true,"href":"https:\/\/www.hydraulic-cylinders.net\/cs\/wp-json\/wp\/v2\/product_cat?post=19562"},{"taxonomy":"product_tag","embeddable":true,"href":"https:\/\/www.hydraulic-cylinders.net\/cs\/wp-json\/wp\/v2\/product_tag?post=19562"}],"curies":[{"name":"wp","href":"https:\/\/api.w.org\/{rel}","templated":true}]}}