{"id":19570,"date":"2025-04-07T06:55:07","date_gmt":"2025-04-07T06:55:07","guid":{"rendered":"https:\/\/www.hydraulic-cylinders.net\/product\/boom-cylinder-for-john-deere-e210lc\/"},"modified":"2025-04-07T06:55:09","modified_gmt":"2025-04-07T06:55:09","slug":"boom-cylinder-for-john-deere-e210lc","status":"publish","type":"product","link":"https:\/\/www.hydraulic-cylinders.net\/cs\/produkt\/boom-cylinder-for-john-deere-e210lc\/","title":{"rendered":"V\u00e1lec v\u00fdlo\u017en\u00edku pro John Deere E210LC"},"content":{"rendered":"<h1>V\u00e1lec v\u00fdlo\u017en\u00edku pro John Deere E210LC<\/h1>\n<h2>P\u0159ehled produktu<\/h2>\n<p>Hydraulick\u00fd v\u00e1lec v\u00fdlo\u017en\u00edku pro John Deere E210LC je z\u00e1kladn\u00ed hydraulick\u00e1 sou\u010d\u00e1st ur\u010den\u00e1 k ovl\u00e1d\u00e1n\u00ed pohybu v\u00fdlo\u017en\u00edku v bagrech. Tento hydraulick\u00fd v\u00e1lec hraje kl\u00ed\u010dovou roli v provozu t\u011b\u017ek\u00fdch stroj\u016f a umo\u017e\u0148uje plynul\u00e9 zved\u00e1n\u00ed, spou\u0161t\u011bn\u00ed a nakl\u00e1p\u011bn\u00ed v\u00fdlo\u017en\u00edku. V podstat\u011b umo\u017e\u0148uje obsluze efektivn\u011b \u0159\u00eddit \u00fakoly manipulace s materi\u00e1lem, a\u0165 u\u017e se jedn\u00e1 o stavebn\u00ed, demoli\u010dn\u00ed nebo ter\u00e9nn\u00ed \u00fapravy.<\/p>\n<p>Hydraulick\u00fd v\u00e1lec v\u00fdlo\u017en\u00edku, speci\u00e1ln\u011b navr\u017een\u00fd pro pou\u017eit\u00ed v t\u011b\u017ek\u00fdch stroj\u00edch, je zodpov\u011bdn\u00fd za p\u0159em\u011bnu hydraulick\u00e9ho tlaku na mechanickou s\u00edlu. To umo\u017e\u0148uje v\u00fdlo\u017en\u00edku vykon\u00e1vat \u0159adu funkc\u00ed, jako je kop\u00e1n\u00ed, zved\u00e1n\u00ed a p\u0159esun materi\u00e1l\u016f s p\u0159esnost\u00ed a lehkost\u00ed. Za\u010dlen\u011bn\u00ed pokro\u010dil\u00fdch konstruk\u010dn\u00edch prvk\u016f do jeho konstrukce zaji\u0161\u0165uje odolnost a spolehlivost, co\u017e z n\u011bj \u010din\u00ed kl\u00ed\u010dovou sou\u010d\u00e1st pro maximalizaci v\u00fdkonu stroj\u016f.<\/p>\n<p><img decoding=\"async\" src=\"https:\/\/www.hydraulic-cylinders.net\/wp-content\/uploads\/2025\/04\/songte-company-1.webp\" alt=\"V\u00e1lec v\u00fdlo\u017en\u00edku pro John Deere E210LC\"\/><\/p>\n<h2>Vlastnosti v\u00e1lce v\u00fdlo\u017en\u00edku<\/h2>\n<ul>\n<li>\n<h3>Vysok\u00e1 pevnost a trvanlivost<\/h3>\n<p>V\u00e1lec v\u00fdlo\u017en\u00edku je vyroben z vysokopevnostn\u00ed oceli nebo hlin\u00edku a odol\u00e1 vysok\u00e9mu tlaku a velk\u00e9mu zat\u00ed\u017een\u00ed. Jeho konstrukce zohled\u0148uje tak\u00e9 odolnost proti opot\u0159eben\u00ed a korozi, \u010d\u00edm\u017e se prodlu\u017euje jeho \u017eivotnost i v n\u00e1ro\u010dn\u00fdch pracovn\u00edch podm\u00ednk\u00e1ch.<\/p>\n<\/li>\n<li>\n<h3>Efektivn\u00ed hydraulick\u00fd provoz<\/h3>\n<p>V\u00e1lec vyu\u017e\u00edv\u00e1 hydraulick\u00fd tlak oleje pro plynul\u00e9 vysouv\u00e1n\u00ed a zasouv\u00e1n\u00ed, co\u017e umo\u017e\u0148uje rychlou reakci na povely obsluhy. Poskytuje siln\u00e9 tlakov\u00e9 a ta\u017en\u00e9 s\u00edly, d\u00edky \u010demu\u017e je ide\u00e1ln\u00ed pro zvl\u00e1d\u00e1n\u00ed t\u011b\u017ek\u00fdch a slo\u017eit\u00fdch \u00fakol\u016f.<\/p>\n<\/li>\n<li>\n<h3>Rozmanitost typ\u016f<\/h3>\n<p>V z\u00e1vislosti na provozn\u00edch pot\u0159eb\u00e1ch si u\u017eivatel\u00e9 mohou vybrat mezi jedno\u010dinn\u00fdmi (hydraulick\u00e1 s\u00edla v jednom sm\u011bru) nebo dvoj\u010dinn\u00fdmi (hydraulick\u00e1 s\u00edla v obou sm\u011brech) v\u00e1lci. N\u011bkter\u00e9 modely jsou teleskopick\u00e9, co\u017e umo\u017e\u0148uje v\u011bt\u0161\u00ed v\u00fdsuv bez zv\u011bt\u0161en\u00ed vn\u011bj\u0161\u00edch rozm\u011br\u016f, co\u017e je ide\u00e1ln\u00ed pro aplikace s omezen\u00fdm prostorem.<\/p>\n<\/li>\n<\/ul>\n<p>Na\u0161e v\u00fdrobn\u00ed kapacity n\u00e1m umo\u017e\u0148uj\u00ed vyrobit tento produkt tak, aby dokonale nahradil st\u00e1vaj\u00edc\u00ed hydraulick\u00e9 v\u00e1lce.<\/p>\n<p><img decoding=\"async\" src=\"https:\/\/www.hydraulic-cylinders.net\/wp-content\/uploads\/2025\/04\/songte-cylinder-head-with-all-kinds-excavator-models.webp\" alt=\"R\u016fzn\u00e9 modely hlav v\u00e1lc\u016f pro bagry\"\/><\/p>\n<h2>Aplikace v\u00e1lce v\u00fdlo\u017en\u00edku<\/h2>\n<ul>\n<li>\n<h3>Stavebn\u00ed stroje<\/h3>\n<p>U bagr\u016f jsou v\u00e1lce v\u00fdlo\u017en\u00edku kl\u00ed\u010dov\u00e9 pro kop\u00e1n\u00ed, nakl\u00e1d\u00e1n\u00ed a p\u0159esouv\u00e1n\u00ed zeminy nebo suti. Tyto v\u00e1lce usnad\u0148uj\u00ed zved\u00e1n\u00ed a spou\u0161t\u011bn\u00ed v\u00fdlo\u017en\u00edku, co\u017e umo\u017e\u0148uje obsluze efektivn\u011b vykon\u00e1vat \u00fakoly. Zejm\u00e9na na staveni\u0161t\u00edch je schopnost nastavit v\u00fd\u0161ku a \u00fahel v\u00fdlo\u017en\u00edku z\u00e1sadn\u00ed pro bezpe\u010dn\u00fd a efektivn\u00ed provoz.<\/p>\n<\/li>\n<li>\n<h3>Zem\u011bd\u011blsk\u00e9 stroje<\/h3>\n<p>U \u010deln\u00edch naklada\u010d\u016f jsou v\u00e1lce v\u00fdlo\u017en\u00edku nezbytn\u00e9 pro nab\u00edr\u00e1n\u00ed, zved\u00e1n\u00ed a p\u0159epravu zeminy, sena a dal\u0161\u00edch materi\u00e1l\u016f. Poskytuj\u00ed pot\u0159ebnou s\u00edlu pro efektivn\u00ed zvl\u00e1d\u00e1n\u00ed n\u00e1kladu, co\u017e je kl\u00ed\u010dov\u00e9 b\u011bhem set\u00ed a sklizn\u011b, kdy je \u010das kl\u00ed\u010dov\u00fd.<\/p>\n<\/li>\n<li>\n<h3>Bagry<\/h3>\n<p>U rypadel umo\u017e\u0148uje v\u00e1lec v\u00fdlo\u017en\u00edku pronik\u00e1n\u00ed l\u017e\u00edce do p\u016fdy, co\u017e umo\u017e\u0148uje efektivn\u00ed kop\u00e1n\u00ed. Tato schopnost je obzvl\u00e1\u0161t\u011b d\u016fle\u017eit\u00e1 u projekt\u016f vy\u017eaduj\u00edc\u00edch v\u00fdkop hlubok\u00fdch v\u00fdkop\u016f nebo velk\u00fdch ploch, co\u017e zaji\u0161\u0165uje produktivitu a rychlost provozu.<\/p>\n<\/li>\n<li>\n<h3>Naklada\u010de<\/h3>\n<p>U \u010deln\u00edch naklada\u010d\u016f pom\u00e1haj\u00ed v\u00e1lce v\u00fdlo\u017en\u00edku efektivn\u011b zvedat a vykl\u00e1p\u011bt materi\u00e1ly. Schopnost ovl\u00e1dat \u00fahel a v\u00fd\u0161ku n\u00e1kladu zvy\u0161uje man\u00e9vrovatelnost a umo\u017e\u0148uje obsluze plnit \u00fakoly s p\u0159esnost\u00ed a snadnost\u00ed.<\/p>\n<\/li>\n<\/ul>\n<h2>Konstruk\u010dn\u00ed aspekty a krit\u00e9ria v\u00fdb\u011bru<\/h2>\n<ul>\n<li>\n<h3>Nosnost<\/h3>\n<p>Nosnost je kl\u00ed\u010dov\u00fdm faktorem p\u0159i konstrukci v\u00e1lce v\u00fdlo\u017en\u00edku. Ur\u010duje, jakou hmotnost m\u016f\u017ee v\u00e1lec bezpe\u010dn\u011b zvednout a un\u00e9st. Spr\u00e1vn\u011b navr\u017een\u00fd v\u00e1lec by m\u011bl m\u00edt dostate\u010dnou pevnost, aby zvl\u00e1dl maxim\u00e1ln\u00ed hmotnost, s n\u00ed\u017e se setk\u00e1 b\u011bhem provozu. To zahrnuje v\u00fdb\u011br materi\u00e1lu, struktur\u00e1ln\u00ed integritu a d\u016fkladn\u00e9 testov\u00e1n\u00ed pro zaji\u0161t\u011bn\u00ed bezpe\u010dnosti a spolehlivosti.<\/p>\n<\/li>\n<li>\n<h3>T\u011bsn\u011bn\u00ed<\/h3>\n<p>\u00da\u010dinn\u00e9 t\u011bsn\u011bn\u00ed je nezbytn\u00e9 pro prevenci \u00faniku hydraulick\u00e9 kapaliny. Pro zaji\u0161t\u011bn\u00ed trvanlivosti a odolnosti proti opot\u0159eben\u00ed se \u010dasto pou\u017e\u00edvaj\u00ed vysoce kvalitn\u00ed t\u011bsn\u011bn\u00ed vyroben\u00e1 z materi\u00e1l\u016f, jako je polyuretan nebo nitrilov\u00e1 pry\u017e. Konstrukce by m\u011bla tak\u00e9 zohled\u0148ovat tlakov\u00e9 rozd\u00edly a teploty, kter\u00fdm budou t\u011bsn\u011bn\u00ed vystavena, aby se zajistila jejich \u017eivotnost a v\u00fdkon za r\u016fzn\u00fdch podm\u00ednek.<\/p>\n<\/li>\n<li>\n<h3>Trvanlivost<\/h3>\n<p>Trvanlivost se vztahuje k schopnosti v\u00e1lce v\u00fdlo\u017en\u00edku odol\u00e1vat opot\u0159eben\u00ed v pr\u016fb\u011bhu \u010dasu. To zahrnuje odolnost v\u016f\u010di korozi, od\u011bru a \u00fanav\u011b materi\u00e1lu. V\u00fdrobn\u00ed procesy, kter\u00e9 zvy\u0161uj\u00ed hou\u017eevnatost, jako jsou povrchov\u00e9 kalen\u00ed a ochrann\u00e9 povlaky, jsou d\u016fle\u017eit\u00e9 pro prodlou\u017een\u00ed \u017eivotnosti v\u00e1lce a udr\u017een\u00ed jeho v\u00fdkonu.<\/p>\n<\/li>\n<li>\n<h3>Bezpe\u010dnost<\/h3>\n<p>Bezpe\u010dnostn\u00ed prvky jsou p\u0159i konstrukci hydraulick\u00fdch v\u00e1lc\u016f prvo\u0159ad\u00e9. Pat\u0159\u00ed sem p\u0159etlakov\u00e9 ventily, kter\u00e9 zabra\u0148uj\u00ed p\u0159et\u00ed\u017een\u00ed, a tak\u00e9 robustn\u00ed mont\u00e1\u017en\u00ed konstrukce, kter\u00e1 zabra\u0148uje selh\u00e1n\u00ed b\u011bhem provozu. Zaji\u0161t\u011bn\u00ed toho, aby v\u00e1lec v\u00fdlo\u017en\u00edku spl\u0148oval bezpe\u010dnostn\u00ed normy v oboru, je z\u00e1sadn\u00ed pro ochranu obsluhy a za\u0159\u00edzen\u00ed.<\/p>\n<\/li>\n<li>\n<h3>\u00dadr\u017eba<\/h3>\n<p>Dal\u0161\u00edm d\u016fle\u017eit\u00fdm faktorem je snadn\u00e1 \u00fadr\u017eba. Konstrukce by m\u011bla umo\u017e\u0148ovat snadn\u00fd p\u0159\u00edstup ke komponent\u016fm, kter\u00e9 vy\u017eaduj\u00ed pravidelnou \u00fadr\u017ebu, jako jsou t\u011bsn\u011bn\u00ed a mazac\u00ed body. Implementace prvk\u016f, kter\u00e9 usnad\u0148uj\u00ed rychlou kontrolu a opravy, minimalizuje prostoje a zv\u00fd\u0161\u00ed provozn\u00ed efektivitu.<\/p>\n<\/li>\n<\/ul>\n<p><img decoding=\"async\" src=\"https:\/\/www.hydraulic-cylinders.net\/wp-content\/uploads\/2025\/04\/songte-oil-pipes-and-spare-parts.webp\" alt=\"Hydraulick\u00e9 potrub\u00ed a n\u00e1hradn\u00ed d\u00edly\"\/><\/p>\n<h2>T\u011bsn\u011bn\u00ed a maz\u00e1n\u00ed hydraulick\u00e9ho v\u00e1lce<\/h2>\n<p>T\u011bsnic\u00ed a mazac\u00ed syst\u00e9m v\u00e1lce v\u00fdlo\u017en\u00edku je z\u00e1sadn\u00ed pro jeho funk\u010dnost a \u017eivotnost. R\u016fzn\u00e9 t\u011bsnic\u00ed komponenty, jako jsou t\u011bsn\u011bn\u00ed p\u00edst\u016f a p\u00edstnic, by m\u011bly b\u00fdt vyb\u00edr\u00e1ny na z\u00e1klad\u011b jejich schopnosti odol\u00e1vat hydraulick\u00fdm tlak\u016fm a zabr\u00e1nit \u00faniku kapaliny. Mezi b\u011b\u017en\u011b pou\u017e\u00edvan\u00e9 materi\u00e1ly pat\u0159\u00ed polyuretan a nitrilov\u00e1 pry\u017e, kter\u00e9 nab\u00edzej\u00ed vysokou odolnost proti opot\u0159eben\u00ed a chemick\u00e9 degradaci.<\/p>\n<p>T\u011bleso v\u00e1lce a z\u00e1vitov\u00e9 konce by nav\u00edc m\u011bly b\u00fdt p\u0159esn\u011b obrobeny, aby se zlep\u0161ila povrchov\u00e1 \u00faprava, zv\u00fd\u0161ila odolnost proti opot\u0159eben\u00ed a zajistilo se t\u011bsn\u00e9 ut\u011bsn\u011bn\u00ed. Pravideln\u00e9 maz\u00e1n\u00ed vhodn\u00fdm hydraulick\u00fdm olejem je nezbytn\u00e9 pro udr\u017een\u00ed plynul\u00e9ho chodu a sn\u00ed\u017een\u00ed t\u0159en\u00ed mezi pohybliv\u00fdmi \u010d\u00e1stmi, \u010d\u00edm\u017e se prodlou\u017e\u00ed \u017eivotnost v\u00e1lce.<\/p>\n<h2>Pravideln\u00e1 kontrola a preventivn\u00ed \u00fadr\u017eba<\/h2>\n<ul>\n<li>\n<h3>Pravideln\u00e9 kontroly<\/h3>\n<p>Pravideln\u00e9 kontroly v\u00e1lce v\u00fdlo\u017en\u00edku jsou nezbytn\u00e9 pro identifikaci jak\u00fdchkoli zn\u00e1mek opot\u0159eben\u00ed nebo po\u0161kozen\u00ed. Obsluha by m\u011bla kontrolovat \u00faniky hydraulick\u00e9 kapaliny, zkontrolovat neporu\u0161enost t\u011bsn\u011bn\u00ed a hledat deformace t\u011blesa v\u00e1lce. V\u010dasn\u00e9 odhalen\u00ed probl\u00e9m\u016f m\u016f\u017ee zabr\u00e1nit z\u00e1va\u017en\u00fdm poruch\u00e1m a n\u00e1kladn\u00fdm oprav\u00e1m.<\/p>\n<\/li>\n<li>\n<h3>Vhodn\u00e9 maz\u00e1n\u00ed<\/h3>\n<p>Pou\u017eit\u00ed spr\u00e1vn\u00e9ho mno\u017estv\u00ed hydraulick\u00e9ho oleje je nezbytn\u00e9 pro optim\u00e1ln\u00ed v\u00fdkon. Nadm\u011brn\u00e9 nebo nedostate\u010dn\u00e9 maz\u00e1n\u00ed m\u016f\u017ee v\u00e9st k provozn\u00edm probl\u00e9m\u016fm. Pro zachov\u00e1n\u00ed funk\u010dnosti v\u00e1lce je d\u016fle\u017eit\u00e9 dodr\u017eovat doporu\u010den\u00ed v\u00fdrobce ohledn\u011b frekvence a mno\u017estv\u00ed maz\u00e1n\u00ed.<\/p>\n<\/li>\n<li>\n<h3>V\u00fdm\u011bna t\u011bsn\u011bn\u00ed a kontroly kalibrace<\/h3>\n<p>V\u00fdm\u011bna opot\u0159ebovan\u00fdch t\u011bsn\u011bn\u00ed je z\u00e1sadn\u00ed pro udr\u017een\u00ed hydraulick\u00e9 \u00fa\u010dinnosti. Obsluha by m\u011bla b\u00fdt pro\u0161kolena v rozpozn\u00e1n\u00ed selh\u00e1n\u00ed t\u011bsn\u011bn\u00ed a v jejich okam\u017eit\u00e9 v\u00fdm\u011bn\u011b. Pravideln\u00e9 kalibra\u010dn\u00ed kontroly nav\u00edc zaji\u0161\u0165uj\u00ed, \u017ee hydraulick\u00fd syst\u00e9m pracuje v r\u00e1mci stanoven\u00fdch parametr\u016f, co\u017e zvy\u0161uje bezpe\u010dnost a v\u00fdkon.<\/p>\n<\/li>\n<\/ul>\n<p><img decoding=\"async\" src=\"https:\/\/www.hydraulic-cylinders.net\/wp-content\/uploads\/2025\/04\/songte-chushion-collar.webp\" alt=\"V\u00e1lcov\u00e9 pol\u0161t\u00e1\u0159ov\u00e9 l\u00edmce\"\/><\/p>\n<h2>Bezpe\u010dnostn\u00ed aspekty a faktory prost\u0159ed\u00ed<\/h2>\n<p>P\u0159i pou\u017e\u00edv\u00e1n\u00ed hydraulick\u00fdch komponent\u016f, jako je v\u00e1lec v\u00fdlo\u017en\u00edku, je nanejv\u00fd\u0161 d\u016fle\u017eit\u00e9 zav\u00e9st bezpe\u010dnostn\u00ed opat\u0159en\u00ed. Obsluha by m\u011bla b\u00fdt pro\u0161kolena v bezpe\u010dn\u00fdch provozn\u00edch postupech, v\u010detn\u011b omezen\u00ed zat\u00ed\u017een\u00ed, nouzov\u00fdch vypnut\u00ed a spr\u00e1vn\u00e9ho um\u00edst\u011bn\u00ed za\u0159\u00edzen\u00ed, aby se p\u0159ede\u0161lo nehod\u00e1m. D\u00e1le je t\u0159eba zv\u00e1\u017eit faktory prost\u0159ed\u00ed, jako jsou teplotn\u00ed v\u00fdkyvy a vystaven\u00ed korozivn\u00edm l\u00e1tk\u00e1m, proto\u017ee ty mohou ovlivnit v\u00fdkon a \u017eivotnost v\u00e1lce.<\/p>\n<h2>Diagnostika z\u00e1vad a b\u011b\u017en\u00e9 probl\u00e9my<\/h2>\n<ul>\n<li>\n<h3>\u00danik<\/h3>\n<p>\u00daniky hydraulick\u00e9 kapaliny pat\u0159\u00ed k nej\u010dast\u011bj\u0161\u00edm probl\u00e9m\u016fm. M\u016f\u017ee to b\u00fdt zp\u016fsobeno opot\u0159ebovan\u00fdmi t\u011bsn\u011bn\u00edmi, po\u0161kozen\u00fdmi hadicemi nebo nespr\u00e1vnou instalac\u00ed. V\u010dasn\u00e1 identifikace zdroje \u00faniku je z\u00e1sadn\u00ed pro zabr\u00e1n\u011bn\u00ed ztr\u00e1ty hydraulick\u00e9ho tlaku a zaji\u0161t\u011bn\u00ed bezpe\u010dn\u00e9ho provozu.<\/p>\n<\/li>\n<li>\n<h3>Pomal\u00e1 doba odezvy<\/h3>\n<p>Pokud v\u00e1lec v\u00fdlo\u017en\u00edku vykazuje pomalou dobu odezvy, m\u016f\u017ee to znamenat n\u00edzkou hladinu hydraulick\u00e9 kapaliny nebo vnit\u0159n\u00ed opot\u0159eben\u00ed. Obsluha by m\u011bla kontrolovat hladiny kapalin a zkontrolovat v\u00e1lec, zda nevykazuje zn\u00e1mky vnit\u0159n\u00edho po\u0161kozen\u00ed. Pravideln\u00e1 \u00fadr\u017eba a kontroly kapalin mohou pomoci tento probl\u00e9m zm\u00edrnit.<\/p>\n<\/li>\n<li>\n<h3>Nerovnom\u011brn\u00fd pohyb<\/h3>\n<p>Nerovnom\u011brn\u00fd pohyb ramene m\u016f\u017ee b\u00fdt zp\u016fsoben nerovnom\u011brn\u00fdm rozlo\u017een\u00edm tlaku v hydraulick\u00e9m syst\u00e9mu. To m\u016f\u017ee b\u00fdt zp\u016fsobeno ucp\u00e1n\u00edm hadic nebo ventil\u016f. Pravideln\u00e9 kontroly a \u010di\u0161t\u011bn\u00ed hydraulick\u00e9ho syst\u00e9mu mohou pomoci udr\u017eet rovnom\u011brnou funk\u010dnost.<\/p>\n<\/li>\n<\/ul>\n<h2>Tipy pro \u0159e\u0161en\u00ed probl\u00e9m\u016f a preventivn\u00ed opat\u0159en\u00ed<\/h2>\n<p>Aby bylo mo\u017en\u00e9 efektivn\u011b \u0159e\u0161it probl\u00e9my s v\u00e1lcem v\u00fdlo\u017en\u00edku, m\u011bli by si oper\u00e1to\u0159i v\u00e9st podrobn\u00fd z\u00e1znam o v\u00fdkonu a v\u0161ech nesrovnalostech. Pravideln\u00e1 \u00fadr\u017eba, v\u010detn\u011b kontrol t\u011bsnosti a zaji\u0161t\u011bn\u00ed spr\u00e1vn\u00e9ho maz\u00e1n\u00ed, minimalizuje potenci\u00e1ln\u00ed probl\u00e9my. Zaveden\u00ed pl\u00e1nu preventivn\u00ed \u00fadr\u017eby m\u016f\u017ee v\u00fdrazn\u011b sn\u00ed\u017eit pravd\u011bpodobnost poruch hydraulick\u00e9ho syst\u00e9mu, a v kone\u010dn\u00e9m d\u016fsledku zv\u00fd\u0161it bezpe\u010dnost a produktivitu provozu.<\/p>\n<p><img decoding=\"async\" src=\"https:\/\/www.hydraulic-cylinders.net\/wp-content\/uploads\/2025\/04\/songte-bushings-with-all-kinds-of-excavator-models.webp\" alt=\"Pouzdra pro modely bagr\u016f\"\/><\/p>\n<h2>O na\u0161\u00ed spole\u010dnosti<\/h2>\n<p>Jsme v\u00fdrobce specializuj\u00edc\u00ed se na n\u00e1hradn\u00ed d\u00edly hydraulick\u00fdch v\u00e1lc\u016f a nab\u00edz\u00edme \u0161irokou \u0161k\u00e1lu produkt\u016f, d\u00edky nim\u017e jsme jedn\u00edm z p\u0159edn\u00edch v\u00fdrobc\u016f a velkoobchodn\u00edch distributor\u016f na dom\u00e1c\u00edm i mezin\u00e1rodn\u00edm trhu. N\u00e1\u0161 z\u00e1vazek k dokonalosti je podpo\u0159en propracovanou strategi\u00ed \u0159\u00edzen\u00ed v\u00fdroby s vyu\u017eit\u00edm \u0161pi\u010dkov\u00e9ho v\u00fdrobn\u00edho za\u0159\u00edzen\u00ed a specializovan\u00e9ho testovac\u00edho syst\u00e9mu. Neust\u00e1le vylep\u0161ujeme na\u0161i v\u00fdrobn\u00ed platformu a zaji\u0161\u0165ujeme vysokou efektivitu, p\u0159esnost a kvalitu, abychom splnili rozmanit\u00e9 pot\u0159eby z\u00e1kazn\u00edk\u016f.<\/p>\n<p>Na\u0161e spole\u010dnost se py\u0161n\u00ed profesionalitou a je dr\u017eitelem mezin\u00e1rodn\u00edch certifikac\u00ed, kter\u00e9 zaru\u010duj\u00ed kvalitu na\u0161ich produkt\u016f. Nab\u00edz\u00edme slu\u017eby na m\u00edru, abychom vyhov\u011bli specifick\u00fdm po\u017eadavk\u016fm klient\u016f, a udr\u017eujeme nejmodern\u011bj\u0161\u00ed v\u00fdrobn\u00ed za\u0159\u00edzen\u00ed, abychom zajistili \u0161pi\u010dkov\u00e9 produkty. N\u00e1\u0161 specializovan\u00fd poprodejn\u00ed servis nav\u00edc zaru\u010duje z\u00e1kaznickou podporu, poskytuje klid a \u0159e\u0161\u00ed ve\u0161ker\u00e9 obavy, kter\u00e9 mohou nastat.<\/p>\n<p><img decoding=\"async\" src=\"https:\/\/www.hydraulic-cylinders.net\/wp-content\/uploads\/2025\/04\/songte-company-4.webp\" alt=\"P\u0159ehled spole\u010dnosti\"\/><br \/>\n<img decoding=\"async\" src=\"https:\/\/www.hydraulic-cylinders.net\/wp-content\/uploads\/2025\/04\/songte-company-3.webp\" alt=\"Za\u0159\u00edzen\u00ed spole\u010dnosti\"\/><\/p>\n<p>Autor: lyl<\/p>","protected":false},"excerpt":{"rendered":"<p>Boom Cylinder For John Deere E210LC Product Overview The Boom Cylinder for John Deere E210LC is an essential hydraulic component designed to control the movement of the boom in excavators. This hydraulic cylinder plays a crucial role in the operation of heavy machinery, enabling the smooth lifting, lowering, and tilting of the boom. In essence, [&hellip;]<\/p>","protected":false},"featured_media":17878,"comment_status":"open","ping_status":"closed","template":"","meta":{"_et_pb_use_builder":"","_et_pb_old_content":"","_et_gb_content_width":""},"product_brand":[],"product_cat":[1546],"product_tag":[1547,1496],"class_list":{"0":"post-19570","1":"product","2":"type-product","3":"status-publish","4":"has-post-thumbnail","6":"product_cat-boom-cylinders","7":"product_tag-boom-cylinders","8":"product_tag-hydraulic-cylinders","10":"first","11":"instock","12":"shipping-taxable","13":"product-type-simple"},"amp_enabled":true,"_links":{"self":[{"href":"https:\/\/www.hydraulic-cylinders.net\/cs\/wp-json\/wp\/v2\/product\/19570","targetHints":{"allow":["GET"]}}],"collection":[{"href":"https:\/\/www.hydraulic-cylinders.net\/cs\/wp-json\/wp\/v2\/product"}],"about":[{"href":"https:\/\/www.hydraulic-cylinders.net\/cs\/wp-json\/wp\/v2\/types\/product"}],"replies":[{"embeddable":true,"href":"https:\/\/www.hydraulic-cylinders.net\/cs\/wp-json\/wp\/v2\/comments?post=19570"}],"wp:featuredmedia":[{"embeddable":true,"href":"https:\/\/www.hydraulic-cylinders.net\/cs\/wp-json\/wp\/v2\/media\/17878"}],"wp:attachment":[{"href":"https:\/\/www.hydraulic-cylinders.net\/cs\/wp-json\/wp\/v2\/media?parent=19570"}],"wp:term":[{"taxonomy":"product_brand","embeddable":true,"href":"https:\/\/www.hydraulic-cylinders.net\/cs\/wp-json\/wp\/v2\/product_brand?post=19570"},{"taxonomy":"product_cat","embeddable":true,"href":"https:\/\/www.hydraulic-cylinders.net\/cs\/wp-json\/wp\/v2\/product_cat?post=19570"},{"taxonomy":"product_tag","embeddable":true,"href":"https:\/\/www.hydraulic-cylinders.net\/cs\/wp-json\/wp\/v2\/product_tag?post=19570"}],"curies":[{"name":"wp","href":"https:\/\/api.w.org\/{rel}","templated":true}]}}