{"id":19581,"date":"2025-04-07T06:55:51","date_gmt":"2025-04-07T06:55:51","guid":{"rendered":"https:\/\/www.hydraulic-cylinders.net\/product\/boom-cylinder-for-yuchai-yc13-8\/"},"modified":"2025-04-07T06:55:53","modified_gmt":"2025-04-07T06:55:53","slug":"boom-cylinder-for-yuchai-yc13-8","status":"publish","type":"product","link":"https:\/\/www.hydraulic-cylinders.net\/cs\/produkt\/boom-cylinder-for-yuchai-yc13-8\/","title":{"rendered":"V\u00e1lec v\u00fdlo\u017en\u00edku pro Yuchai YC13-8"},"content":{"rendered":"<h1>V\u00e1lec v\u00fdlo\u017en\u00edku pro Yuchai YC13-8<\/h1>\n<h2>\u00davod k v\u00e1lci v\u00fdlo\u017en\u00edku<\/h2>\n<p>Hydraulick\u00fd v\u00e1lec v\u00fdlo\u017en\u00edku je kl\u00ed\u010dovou sou\u010d\u00e1st\u00ed hydraulick\u00fdch syst\u00e9m\u016f, speci\u00e1ln\u011b navr\u017een\u00fd pro ovl\u00e1d\u00e1n\u00ed pohybu l\u017e\u00edc v r\u016fzn\u00fdch t\u011b\u017ek\u00fdch stroj\u00edch, jako jsou bagry, rypadla-naklada\u010de a \u010deln\u00ed naklada\u010de. Tento hydraulick\u00fd v\u00e1lec umo\u017e\u0148uje l\u017e\u00edci zvedat, spou\u0161t\u011bt a nakl\u00e1n\u011bt, co\u017e usnad\u0148uje efektivn\u00ed manipulaci s materi\u00e1lem. V\u00e1lec l\u017e\u00edce je kl\u00ed\u010dov\u00fd pro efektivn\u00ed provoz ve stavebnictv\u00ed a zem\u011bd\u011blstv\u00ed, proto\u017ee umo\u017e\u0148uje obsluze p\u0159esn\u011b a snadno man\u00e9vrovat s t\u011b\u017ek\u00fdmi b\u0159emeny.<\/p>\n<p><img decoding=\"async\" src=\"https:\/\/www.hydraulic-cylinders.net\/wp-content\/uploads\/2025\/04\/songte-company-1.webp\" alt=\"Obr\u00e1zek v\u00e1lce v\u00fdlo\u017en\u00edku\"><\/p>\n<h2>Vlastnosti v\u00e1lce v\u00fdlo\u017en\u00edku<\/h2>\n<ul>\n<li>\n<h3>Vysok\u00e1 pevnost a trvanlivost<\/h3>\n<p>V\u00e1lec v\u00fdlo\u017en\u00edku je vyroben z vysokopevnostn\u00ed oceli nebo hlin\u00edku a je navr\u017een tak, aby odolal vysok\u00fdm tlak\u016fm a velk\u00e9mu zat\u00ed\u017een\u00ed. Jeho robustn\u00ed konstrukce zaji\u0161\u0165uje odolnost v n\u00e1ro\u010dn\u00fdch pracovn\u00edch podm\u00ednk\u00e1ch a nab\u00edz\u00ed odolnost proti opot\u0159eben\u00ed a korozi pro del\u0161\u00ed \u017eivotnost.<\/p>\n<\/li>\n<li>\n<h3>Efektivn\u00ed hydraulick\u00fd provoz<\/h3>\n<p>V\u00e1lec vyu\u017e\u00edv\u00e1 hydraulick\u00fd tlak oleje k dosa\u017een\u00ed plynul\u00e9ho vysouv\u00e1n\u00ed a zasouv\u00e1n\u00ed. Rychle reaguje na povely obsluhy a poskytuje silnou tla\u010dnou a ta\u017enou s\u00edlu vhodnou pro manipulaci s t\u011b\u017ek\u00fdmi p\u0159edm\u011bty a slo\u017eit\u00e9 \u00fakoly.<\/p>\n<\/li>\n<li>\n<h3>R\u016fznorod\u00e9 typy<\/h3>\n<p>V\u00e1lec v\u00fdlo\u017en\u00edku je k dispozici v r\u016fzn\u00fdch konfigurac\u00edch, co\u017e umo\u017e\u0148uje v\u00fdb\u011br mezi jedno\u010dinn\u00fdm (pracuj\u00edc\u00edm v jednom sm\u011bru) nebo dvoj\u010dinn\u00fdm (pracuj\u00edc\u00edm v obou sm\u011brech) v\u00e1lcem na z\u00e1klad\u011b provozn\u00edch po\u017eadavk\u016f. N\u011bkter\u00e9 modely maj\u00ed teleskopickou konstrukci, kter\u00e1 umo\u017e\u0148uje v\u011bt\u0161\u00ed vysunut\u00ed bez zv\u011bt\u0161en\u00ed vn\u011bj\u0161\u00edch rozm\u011br\u016f, co\u017e je ide\u00e1ln\u00ed pro aplikace s omezen\u00fdm prostorem.<\/p>\n<\/li>\n<li>\n<h3>Zak\u00e1zkov\u00e1 v\u00fdroba<\/h3>\n<p>Na\u0161e spole\u010dnost se specializuje na v\u00fdrobu n\u00e1hradn\u00edch hydraulick\u00fdch v\u00e1lc\u016f, co\u017e zaji\u0161\u0165uje, \u017ee na\u0161e produkty jsou perfektn\u00ed n\u00e1hradou za r\u016fzn\u00e9 modely. Jsme hrd\u00ed na to, \u017ee poskytujeme vysoce kvalitn\u00ed alternativy, kter\u00e9 spl\u0148uj\u00ed nebo p\u0159ekra\u010duj\u00ed standardy origin\u00e1ln\u00edho vybaven\u00ed.<\/p>\n<\/li>\n<li>\n<h3>V\u0161estrann\u00e9 aplikace<\/h3>\n<p>D\u00edky sv\u00e9 v\u0161estrannosti je v\u00e1lec v\u00fdlo\u017en\u00edku vhodn\u00fd pro \u0159adu aplikac\u00ed v r\u016fzn\u00fdch odv\u011btv\u00edch, od stavebnictv\u00ed a\u017e po zem\u011bd\u011blstv\u00ed, a zvy\u0161uje produktivitu a efektivitu p\u0159i manipulaci s materi\u00e1lem.<\/p>\n<\/li>\n<\/ul>\n<p><img decoding=\"async\" src=\"https:\/\/www.hydraulic-cylinders.net\/wp-content\/uploads\/2025\/04\/songte-cylinder-head-with-all-kinds-excavator-models.webp\" alt=\"Obr\u00e1zek aplikac\u00ed v\u00e1lce v\u00fdlo\u017en\u00edku\"><\/p>\n<h2>Sc\u00e9n\u00e1\u0159e pou\u017eit\u00ed v\u00e1lce v\u00fdlo\u017en\u00edku<\/h2>\n<ul>\n<li>\n<h3>Stavebn\u00ed stroje<\/h3>\n<p>U bagr\u016f hraj\u00ed v\u00e1lce v\u00fdlo\u017en\u00edku kl\u00ed\u010dovou roli p\u0159i kop\u00e1n\u00ed, nakl\u00e1d\u00e1n\u00ed a p\u0159emis\u0165ov\u00e1n\u00ed zeminy nebo suti. Umo\u017e\u0148uj\u00ed p\u0159esn\u00e9 ovl\u00e1d\u00e1n\u00ed pohybu l\u017e\u00edce, co\u017e usnad\u0148uje efektivn\u00ed v\u00fdkopov\u00e9 procesy. U rypadlo-naklada\u010d\u016f tyto v\u00e1lce pom\u00e1haj\u00ed jak p\u0159i kop\u00e1n\u00ed, tak p\u0159i zved\u00e1n\u00ed, \u010d\u00edm\u017e optimalizuj\u00ed celkovou funk\u010dnost a v\u0161estrannost stroje na staveni\u0161ti.<\/p>\n<\/li>\n<li>\n<h3>Zem\u011bd\u011blsk\u00e9 stroje<\/h3>\n<p>U \u010deln\u00edch naklada\u010d\u016f jsou v\u00e1lce v\u00fdlo\u017en\u00edku nezbytn\u00e9 pro nab\u00edr\u00e1n\u00ed, zved\u00e1n\u00ed a p\u0159epravu zeminy, sena a dal\u0161\u00edch materi\u00e1l\u016f. Jejich schopnost poskytovat siln\u00e9 zvedac\u00ed s\u00edly zvy\u0161uje provozn\u00ed efektivitu, d\u00edky \u010demu\u017e jsou nepostradateln\u00e9 p\u0159i zem\u011bd\u011blsk\u00fdch \u00fakonech, jako je nakl\u00e1d\u00e1n\u00ed a vykl\u00e1d\u00e1n\u00ed.<\/p>\n<\/li>\n<li>\n<h3>Bagry<\/h3>\n<p>U rypadel umo\u017e\u0148uj\u00ed v\u00e1lce v\u00fdlo\u017en\u00edku pronik\u00e1n\u00ed l\u017e\u00edce do p\u016fdy a efektivn\u00ed prov\u00e1d\u011bn\u00ed kop\u00e1n\u00ed. Tato funkce umo\u017e\u0148uje obsluze manipulovat s r\u016fzn\u00fdmi typy ter\u00e9nu a prov\u00e1d\u011bt p\u0159esn\u00e9 v\u00fdkopy, co\u017e je z\u00e1sadn\u00ed pro stavebn\u00ed a krajin\u00e1\u0159sk\u00e9 projekty.<\/p>\n<\/li>\n<li>\n<h3>Naklada\u010de<\/h3>\n<p>U \u010deln\u00edch naklada\u010d\u016f tyto v\u00e1lce efektivn\u011b pom\u00e1haj\u00ed p\u0159i zved\u00e1n\u00ed a vysyp\u00e1v\u00e1n\u00ed materi\u00e1l\u016f. Zaji\u0161\u0165uj\u00ed plynul\u00e9 a kontrolovan\u00e9 pohyby, kter\u00e9 jsou kl\u00ed\u010dov\u00e9 pro nakl\u00e1dac\u00ed operace ve stavebnictv\u00ed a manipulaci s materi\u00e1lem, a p\u0159isp\u00edvaj\u00ed tak k celkov\u00e9 produktivit\u011b.<\/p>\n<\/li>\n<\/ul>\n<h2>Konstruk\u010dn\u00ed aspekty a krit\u00e9ria v\u00fdb\u011bru<\/h2>\n<ul>\n<li>\n<h3>Nosnost<\/h3>\n<p>Konstrukce v\u00e1lce v\u00fdlo\u017en\u00edku mus\u00ed zohled\u0148ovat nosnost a zajistit, aby zvl\u00e1dl maxim\u00e1ln\u00ed hmotnosti, se kter\u00fdmi se setk\u00e1v\u00e1me v provozn\u00edch sc\u00e9n\u00e1\u0159\u00edch. Spr\u00e1vn\u00e9 v\u00fdpo\u010dty a volba materi\u00e1l\u016f jsou z\u00e1sadn\u00ed pro zamezen\u00ed poruch a zaji\u0161t\u011bn\u00ed bezpe\u010dnosti b\u011bhem pou\u017e\u00edv\u00e1n\u00ed. To zahrnuje posouzen\u00ed pou\u017eit\u00fdch materi\u00e1l\u016f a tak\u00e9 konstruk\u010dn\u00ed geometrie pro optimalizaci pevnosti a v\u00fdkonu p\u0159i zat\u00ed\u017een\u00ed.<\/p>\n<\/li>\n<li>\n<h3>T\u011bsn\u011bn\u00ed a trvanlivost<\/h3>\n<p>\u00da\u010dinn\u00e9 t\u011bsn\u011bn\u00ed je pro hydraulick\u00e9 v\u00e1lce z\u00e1sadn\u00ed, zabra\u0148uje \u00faniku kapaliny a udr\u017euje tlak. Volba t\u011bsn\u011bn\u00ed, jako jsou p\u00edstn\u00ed a p\u00edstn\u00ed t\u011bsn\u011bn\u00ed, by m\u011bla zahrnovat materi\u00e1ly s vysokou odolnost\u00ed proti opot\u0159eben\u00ed, jako je polyuretan nebo nitrilov\u00e1 pry\u017e. T\u011bleso v\u00e1lce a z\u00e1vity mus\u00ed b\u00fdt nav\u00edc pe\u010dliv\u011b opracov\u00e1ny, aby se zv\u00fd\u0161ila odolnost proti opot\u0159eben\u00ed a zajistila se dlouh\u00e1 \u017eivotnost.<\/p>\n<\/li>\n<li>\n<h3>Bezpe\u010dnostn\u00ed prvky<\/h3>\n<p>Za\u010dlen\u011bn\u00ed bezpe\u010dnostn\u00edch prvk\u016f je p\u0159i konstrukci v\u00e1lc\u016f v\u00fdlo\u017en\u00edku z\u00e1sadn\u00ed pro zm\u00edrn\u011bn\u00ed rizik b\u011bhem provozu. Pat\u0159\u00ed sem p\u0159etlakov\u00e9 ventily, kter\u00e9 zabra\u0148uj\u00ed p\u0159etlaku, robustn\u00ed konstrukce odol\u00e1vaj\u00edc\u00ed n\u00e1hodn\u00fdm n\u00e1raz\u016fm a bezpe\u010dnostn\u00ed z\u00e1mky, kter\u00e9 zaji\u0161\u0165uj\u00ed polohu v\u00e1lce, kdy\u017e se nepou\u017e\u00edv\u00e1. Tyto prvky zvy\u0161uj\u00ed bezpe\u010dnost obsluhy a spolehlivost za\u0159\u00edzen\u00ed.<\/p>\n<\/li>\n<li>\n<h3>P\u0159\u00edstupnost \u00fadr\u017eby<\/h3>\n<p>Konstrukce by m\u011bla umo\u017e\u0148ovat snadn\u00fd p\u0159\u00edstup ke kritick\u00fdm bod\u016fm \u00fadr\u017eby, co\u017e by usnad\u0148ovalo b\u011b\u017en\u00e9 kontroly a opravy. Prvky, jako jsou odn\u00edmateln\u00e9 kryty nebo snadno p\u0159\u00edstupn\u00e9 mazac\u00ed body, jsou nezbytn\u00e9 pro zaji\u0161t\u011bn\u00ed efektivn\u00edho prov\u00e1d\u011bn\u00ed \u00fadr\u017eby, minimalizaci prostoj\u016f a zv\u00fd\u0161en\u00ed produktivity.<\/p>\n<\/li>\n<\/ul>\n<p><img decoding=\"async\" src=\"https:\/\/www.hydraulic-cylinders.net\/wp-content\/uploads\/2025\/04\/songte-oil-pipes-and-spare-parts.webp\" alt=\"Obr\u00e1zek n\u00e1vrhu hydraulick\u00e9ho v\u00e1lce\"><\/p>\n<h2>T\u011bsn\u011bn\u00ed a maz\u00e1n\u00ed hydraulick\u00e9ho v\u00e1lce<\/h2>\n<p>Spr\u00e1vn\u00e9 ut\u011bsn\u011bn\u00ed je z\u00e1sadn\u00ed pro funk\u010dnost hydraulick\u00fdch v\u00e1lc\u016f. R\u016fzn\u00e9 typy t\u011bsn\u011bn\u00ed, v\u010detn\u011b t\u011bsn\u011bn\u00ed p\u00edst\u016f a t\u011bsn\u011bn\u00ed p\u00edstnic, jsou nezbytn\u00e9 pro prevenci \u00faniku hydraulick\u00e9 kapaliny. V\u00fdb\u011br t\u011bsn\u011bn\u00ed vyroben\u00fdch z odoln\u00fdch materi\u00e1l\u016f, jako je polyuretan a nitrilov\u00e1 pry\u017e, zvy\u0161uje odolnost proti opot\u0159eben\u00ed a \u017eivotnost. T\u011bleso v\u00e1lce a z\u00e1vitov\u00e9 povrchy proch\u00e1zej\u00ed jemn\u00fdm opracov\u00e1n\u00edm, kter\u00e9 zlep\u0161uje odolnost proti opot\u0159eben\u00ed a trvanlivost. Pravideln\u00e9 maz\u00e1n\u00ed hydraulick\u00fdm olejem je tak\u00e9 nezbytn\u00e9 pro zaji\u0161t\u011bn\u00ed plynul\u00e9ho provozu a prevenci opot\u0159eben\u00ed, co\u017e vy\u017eaduje pravideln\u00e9 kontroly a dopl\u0148ov\u00e1n\u00ed oleje pro udr\u017een\u00ed optim\u00e1ln\u00edho v\u00fdkonu.<\/p>\n<h2>Preventivn\u00ed \u00fadr\u017ebov\u00e1 opat\u0159en\u00ed<\/h2>\n<ul>\n<li>\n<h3>Pravideln\u00e9 kontroly<\/h3>\n<p>Pravideln\u00e9 kontroly v\u00e1lce v\u00fdlo\u017en\u00edku jsou z\u00e1sadn\u00ed pro v\u010dasnou identifikaci jak\u00fdchkoli zn\u00e1mek opot\u0159eben\u00ed nebo po\u0161kozen\u00ed. Doporu\u010duje se pravideln\u011b kontrolovat net\u011bsnosti, abnorm\u00e1ln\u00ed zvuky a nesrovnalosti ve v\u00fdkonu. Tento proaktivn\u00ed p\u0159\u00edstup pom\u00e1h\u00e1 \u0159e\u0161it probl\u00e9my d\u0159\u00edve, ne\u017e se vyhrot\u00ed, a zaji\u0161\u0165uje tak spolehlivost za\u0159\u00edzen\u00ed.<\/p>\n<\/li>\n<li>\n<h3>Vhodn\u00e9 maz\u00e1n\u00ed<\/h3>\n<p>Udr\u017eov\u00e1n\u00ed spr\u00e1vn\u00e9ho maz\u00e1n\u00ed je nezbytn\u00e9 pro dlouhou \u017eivotnost hydraulick\u00e9ho v\u00e1lce. Pou\u017eit\u00ed spr\u00e1vn\u00e9ho typu a mno\u017estv\u00ed hydraulick\u00e9ho oleje zabra\u0148uje t\u0159en\u00ed a opot\u0159eben\u00ed, co\u017e usnad\u0148uje plynul\u00fd provoz. Obsluha by m\u011bla dodr\u017eovat pl\u00e1n maz\u00e1n\u00ed na z\u00e1klad\u011b pou\u017e\u00edv\u00e1n\u00ed a podm\u00ednek prost\u0159ed\u00ed, aby zajistila efektivn\u00ed provoz v\u00e1lce.<\/p>\n<\/li>\n<li>\n<h3>V\u00fdm\u011bna t\u011bsn\u011bn\u00ed<\/h3>\n<p>Postupem \u010dasu se t\u011bsn\u011bn\u00ed mohou opot\u0159ebovat a vy\u017eadovat v\u00fdm\u011bnu. Pravideln\u00e9 hodnocen\u00ed stavu t\u011bsn\u011bn\u00ed a jejich v\u00fdm\u011bna v p\u0159\u00edpad\u011b pot\u0159eby je z\u00e1sadn\u00ed pro udr\u017een\u00ed hydraulick\u00e9ho tlaku a v\u00fdkonu. Obsluha by m\u011bla dodr\u017eovat pokyny v\u00fdrobce ohledn\u011b interval\u016f v\u00fdm\u011bny t\u011bsn\u011bn\u00ed, aby byla zaji\u0161t\u011bna optim\u00e1ln\u00ed funkce.<\/p>\n<\/li>\n<\/ul>\n<h2>Pokyny k instalaci<\/h2>\n<p>Spr\u00e1vn\u00e1 instalace v\u00e1lce v\u00fdlo\u017en\u00edku je z\u00e1sadn\u00ed pro jeho v\u00fdkon a dlouhou \u017eivotnost. Za\u010dn\u011bte t\u00edm, \u017ee se ujist\u00edte, \u017ee v\u0161echny sou\u010d\u00e1sti jsou \u010dist\u00e9 a bez ne\u010distot. V\u00e1lec p\u0159esn\u011b vyrovnejte s mont\u00e1\u017en\u00edmi body pomoc\u00ed vhodn\u00fdch konzol pro bezpe\u010dn\u00e9 uchycen\u00ed. Je nezbytn\u00e9 ut\u00e1hnout v\u0161echny \u0161rouby podle specifikac\u00ed v\u00fdrobce, aby se zabr\u00e1nilo jak\u00e9mukoli nespr\u00e1vn\u00e9mu vyrovn\u00e1n\u00ed nebo uvoln\u011bn\u00ed b\u011bhem provozu. Po instalaci prove\u010fte d\u016fkladnou kontrolu, abyste se ujistili, \u017ee jsou v\u0161echna spojen\u00ed bezpe\u010dn\u00e1, a prove\u010fte zku\u0161ebn\u00ed j\u00edzdu, abyste ov\u011b\u0159ili spr\u00e1vnou funk\u010dnost. Pravideln\u00e9 kontroly po instalaci pomohou v\u010das identifikovat p\u0159\u00edpadn\u00e9 probl\u00e9my a zajistit tak hladk\u00fd provoz.<\/p>\n<h2>B\u011b\u017en\u00e9 \u00fakoly \u00fadr\u017eby<\/h2>\n<ul>\n<li>\n<h3>Pravideln\u00e9 kontroly<\/h3>\n<p>Prov\u00e1d\u011bn\u00ed pravideln\u00fdch kontrol je z\u00e1sadn\u00ed pro stav hydraulick\u00e9ho v\u00e1lce. Kontrola net\u011bsnost\u00ed, opot\u0159eben\u00ed a celkov\u00e9ho stavu m\u016f\u017ee pomoci v\u010das odhalit probl\u00e9my a zabr\u00e1nit tak n\u00e1kladn\u00fdm oprav\u00e1m v budoucnu. Veden\u00ed den\u00edku \u00fadr\u017eby m\u016f\u017ee pomoci sledovat v\u00fdkon a stav v pr\u016fb\u011bhu \u010dasu.<\/p>\n<\/li>\n<li>\n<h3>Spr\u00e1vn\u00e9 maz\u00e1n\u00ed<\/h3>\n<p>Zaji\u0161t\u011bn\u00ed dostate\u010dn\u00e9ho maz\u00e1n\u00ed hydraulick\u00e9ho v\u00e1lce je z\u00e1sadn\u00ed pro jeho bezprobl\u00e9mov\u00fd provoz. Pou\u017eit\u00ed spr\u00e1vn\u00e9ho hydraulick\u00e9ho oleje a udr\u017eov\u00e1n\u00ed spr\u00e1vn\u00e9 hladiny oleje sn\u00ed\u017e\u00ed t\u0159en\u00ed a opot\u0159eben\u00ed, \u010d\u00edm\u017e prodlou\u017e\u00ed \u017eivotnost v\u00e1lce. Obsluha by si m\u011bla stanovit pl\u00e1n maz\u00e1n\u00ed, kter\u00fd odpov\u00edd\u00e1 \u010detnosti pou\u017e\u00edv\u00e1n\u00ed.<\/p>\n<\/li>\n<li>\n<h3>V\u00fdm\u011bna t\u011bsn\u011bn\u00ed a kontroly kalibrace<\/h3>\n<p>Pravideln\u00e1 v\u00fdm\u011bna t\u011bsn\u011bn\u00ed a prov\u00e1d\u011bn\u00ed kalibra\u010dn\u00edch kontrol jsou nezbytn\u00e9 pro udr\u017een\u00ed provozn\u00ed integrity hydraulick\u00e9ho v\u00e1lce. To zahrnuje zaji\u0161t\u011bn\u00ed spr\u00e1vn\u00e9 funkce v\u00e1lce v r\u00e1mci jeho navr\u017een\u00fdch parametr\u016f a neporu\u0161enosti v\u0161ech t\u011bsn\u011bn\u00ed, aby se zabr\u00e1nilo \u00fanik\u016fm.<\/p>\n<\/li>\n<\/ul>\n<p><img decoding=\"async\" src=\"https:\/\/www.hydraulic-cylinders.net\/wp-content\/uploads\/2025\/04\/songte-chushion-collar.webp\" alt=\"Obr\u00e1zek \u00fakol\u016f \u00fadr\u017eby\"><\/p>\n<h2>Bezpe\u010dnostn\u00ed aspekty a faktory prost\u0159ed\u00ed<\/h2>\n<p>Bezpe\u010dnostn\u00ed opat\u0159en\u00ed jsou p\u0159i provozu hydraulick\u00fdch v\u00e1lc\u016f z\u00e1sadn\u00ed. Obsluha by si m\u011bla b\u00fdt v\u011bdoma potenci\u00e1ln\u00edch nebezpe\u010d\u00ed spojen\u00fdch s hydraulick\u00fdmi syst\u00e9my, v\u010detn\u011b rizika \u00faniku hydraulick\u00e9 kapaliny a n\u00e1hl\u00fdch pohyb\u016f v\u00e1lc\u016f. Zaveden\u00ed \u0159\u00e1dn\u00e9ho \u0161kolen\u00ed a bezpe\u010dnostn\u00edch protokol\u016f m\u016f\u017ee tato rizika zm\u00edrnit a zajistit bezpe\u010dn\u00e9 pracovn\u00ed prost\u0159ed\u00ed. Pro udr\u017een\u00ed bezpe\u010dnosti na pracovi\u0161ti a dodr\u017eov\u00e1n\u00ed environment\u00e1ln\u00edch p\u0159edpis\u016f je nav\u00edc z\u00e1sadn\u00ed zohlednit faktory prost\u0159ed\u00ed, jako je potenci\u00e1ln\u00ed kontaminace zp\u016fsoben\u00e1 rozlit\u00edm hydraulick\u00e9 kapaliny.<\/p>\n<h2>Odstra\u0148ov\u00e1n\u00ed probl\u00e9m\u016f a b\u011b\u017en\u00e9 probl\u00e9my<\/h2>\n<ul>\n<li>\n<h3>\u00danik<\/h3>\n<p>\u00danik je b\u011b\u017en\u00fdm probl\u00e9mem hydraulick\u00fdch v\u00e1lc\u016f. M\u016f\u017ee k n\u011bmu doch\u00e1zet v d\u016fsledku opot\u0159ebovan\u00fdch t\u011bsn\u011bn\u00ed nebo po\u0161kozen\u00fdch sou\u010d\u00e1st\u00ed. Obsluha by m\u011bla t\u011bsn\u011bn\u00ed zkontrolovat a v p\u0159\u00edpad\u011b pot\u0159eby je vym\u011bnit, aby se ujistila, \u017ee v\u0161echny sou\u010d\u00e1sti jsou neporu\u0161en\u00e9 a spr\u00e1vn\u011b funguj\u00ed.<\/p>\n<\/li>\n<li>\n<h3>Ztr\u00e1ta tlaku<\/h3>\n<p>Ztr\u00e1ta hydraulick\u00e9ho tlaku m\u016f\u017ee v\u00fdznamn\u011b ovlivnit v\u00fdkon v\u00e1lce. M\u016f\u017ee to b\u00fdt zp\u016fsobeno net\u011bsnostmi, ucp\u00e1n\u00edm hydraulick\u00e9ho potrub\u00ed nebo vadn\u00fdmi \u010derpadly. \u0158e\u0161en\u00ed probl\u00e9m\u016f zahrnuje kontrolu net\u011bsnost\u00ed, zaji\u0161t\u011bn\u00ed spr\u00e1vn\u00e9 hladiny hydraulick\u00e9 kapaliny a kontrolu cel\u00e9ho hydraulick\u00e9ho syst\u00e9mu, zda nedo\u0161lo k ucp\u00e1n\u00ed nebo poruch\u00e1m.<\/p>\n<\/li>\n<li>\n<h3>Pomal\u00fd pohyb<\/h3>\n<p>Pokud se v\u00e1lec v\u00fdlo\u017en\u00edku ot\u00e1\u010d\u00ed pomalu, m\u016f\u017ee to znamenat nedostatek hydraulick\u00e9 kapaliny nebo ucpan\u00e9 filtry. Pravideln\u00e1 \u00fadr\u017eba a kontroly mohou t\u011bmto probl\u00e9m\u016fm p\u0159edej\u00edt. Obsluha by m\u011bla zajistit, aby hydraulick\u00e1 kapalina byla na doporu\u010den\u00e9 \u00farovni a aby filtry byly \u010dist\u00e9 a funk\u010dn\u00ed.<\/p>\n<\/li>\n<\/ul>\n<h2>Tipy a \u0159e\u0161en\u00ed probl\u00e9m\u016f<\/h2>\n<p>Pro efektivn\u00ed \u0159e\u0161en\u00ed probl\u00e9m\u016f s v\u00e1lcem v\u00fdlo\u017en\u00edku by oper\u00e1to\u0159i m\u011bli za\u010d\u00edt systematick\u00fdm p\u0159\u00edstupem. Prove\u010fte vizu\u00e1ln\u00ed kontrolu, abyste identifikovali jak\u00e9koli zjevn\u00e9 zn\u00e1mky opot\u0159eben\u00ed nebo po\u0161kozen\u00ed. Zkontrolujte hladinu kapalin a hledejte net\u011bsnosti v hydraulick\u00e9m syst\u00e9mu. Pokud m\u00e1te podez\u0159en\u00ed na ztr\u00e1tu tlaku, ov\u011b\u0159te, zda hydraulick\u00e9 \u010derpadlo funguje spr\u00e1vn\u011b a zda \u017e\u00e1dn\u00e9 ucp\u00e1n\u00ed nebr\u00e1n\u00ed pr\u016ftoku kapaliny. Pravideln\u00e1 \u00fadr\u017eba a dodr\u017eov\u00e1n\u00ed doporu\u010den\u00fdch servisn\u00edch pl\u00e1n\u016f m\u016f\u017ee d\u00e1le zabr\u00e1nit vzniku t\u011bchto probl\u00e9m\u016f a zajistit efektivn\u00ed provoz v\u00e1lce.<\/p>\n<p><img decoding=\"async\" src=\"https:\/\/www.hydraulic-cylinders.net\/wp-content\/uploads\/2025\/04\/songte-bushings-with-all-kinds-of-excavator-models.webp\" alt=\"Obr\u00e1zek pro \u0159e\u0161en\u00ed probl\u00e9m\u016f\"><\/p>\n<h2>P\u0159ehled spole\u010dnosti<\/h2>\n<p>Jsme v\u00fdrobce specializuj\u00edc\u00ed se na n\u00e1hradn\u00ed hydraulick\u00e9 v\u00e1lce a nab\u00edz\u00edme komplexn\u00ed sortiment produkt\u016f. Na\u0161e spole\u010dnost se etablovala jako p\u0159edn\u00ed v\u00fdrobce a velkoobchodn\u00ed distributor hydraulick\u00fdch v\u00e1lc\u016f na dom\u00e1c\u00edm i mezin\u00e1rodn\u00edm trhu. Dodr\u017eujeme principy excelence a spol\u00e9h\u00e1me se na propracovan\u00e9 v\u00fdrobn\u00ed strategie, p\u0159i\u010dem\u017e pou\u017e\u00edv\u00e1me pokro\u010dil\u00e9 digit\u00e1ln\u00ed v\u00fdrobn\u00ed za\u0159\u00edzen\u00ed a profesion\u00e1ln\u00ed testovac\u00ed syst\u00e9my ke zlep\u0161en\u00ed na\u0161ich v\u00fdrobn\u00edch kapacit. Na\u0161e siln\u00e1 tv\u016fr\u010d\u00ed kapacita a z\u00e1vazek k vysok\u00e9 efektivit\u011b, p\u0159esnosti a kvalit\u011b n\u00e1m umo\u017e\u0148uj\u00ed uspokojovat rozmanit\u00e9 pot\u0159eby klient\u016f.<\/p>\n<p><img decoding=\"async\" src=\"https:\/\/www.hydraulic-cylinders.net\/wp-content\/uploads\/2025\/04\/songte-company-4.webp\" alt=\"Obr\u00e1zek s p\u0159ehledem spole\u010dnosti\"><br \/>\n<img decoding=\"async\" src=\"https:\/\/www.hydraulic-cylinders.net\/wp-content\/uploads\/2025\/04\/songte-company-3.webp\" alt=\"Obr\u00e1zek produkce spole\u010dnosti\"><\/p>\n<h2>Z\u00e1v\u011br<\/h2>\n<p>Stru\u010dn\u011b \u0159e\u010deno, v\u00e1lec v\u00fdlo\u017en\u00edku pro Yuchai YC13-8 je z\u00e1kladn\u00ed sou\u010d\u00e1st\u00ed hydraulick\u00fdch syst\u00e9m\u016f a hraje kl\u00ed\u010dovou roli ve funk\u010dnosti t\u011b\u017ek\u00fdch stroj\u016f. Pochopen\u00ed jeho funkc\u00ed, aplikac\u00ed a po\u017eadavk\u016f na \u00fadr\u017ebu je nezbytn\u00e9 pro optim\u00e1ln\u00ed v\u00fdkon a dlouhou \u017eivotnost. Dodr\u017eov\u00e1n\u00edm spr\u00e1vn\u00fdch postup\u016f instalace a \u00fadr\u017eby mohou oper\u00e1to\u0159i zajistit efektivn\u00ed provoz a sn\u00ed\u017eit pravd\u011bpodobnost probl\u00e9m\u016f.<\/p>\n<p>Autor: lyl<\/p>","protected":false},"excerpt":{"rendered":"<p>Boom Cylinder For Yuchai YC13-8 Introduction to Boom Cylinder The Boom Cylinder is a vital component in hydraulic systems, specifically designed for controlling the movement of buckets in various heavy machinery such as excavators, backhoe loaders, and front loaders. This hydraulic cylinder enables the bucket to lift, lower, and tilt, facilitating efficient material handling tasks. [&hellip;]<\/p>","protected":false},"featured_media":17874,"comment_status":"open","ping_status":"closed","template":"","meta":{"_et_pb_use_builder":"","_et_pb_old_content":"","_et_gb_content_width":""},"product_brand":[],"product_cat":[1546],"product_tag":[1547,1496],"class_list":{"0":"post-19581","1":"product","2":"type-product","3":"status-publish","4":"has-post-thumbnail","6":"product_cat-boom-cylinders","7":"product_tag-boom-cylinders","8":"product_tag-hydraulic-cylinders","10":"first","11":"instock","12":"shipping-taxable","13":"product-type-simple"},"amp_enabled":true,"_links":{"self":[{"href":"https:\/\/www.hydraulic-cylinders.net\/cs\/wp-json\/wp\/v2\/product\/19581","targetHints":{"allow":["GET"]}}],"collection":[{"href":"https:\/\/www.hydraulic-cylinders.net\/cs\/wp-json\/wp\/v2\/product"}],"about":[{"href":"https:\/\/www.hydraulic-cylinders.net\/cs\/wp-json\/wp\/v2\/types\/product"}],"replies":[{"embeddable":true,"href":"https:\/\/www.hydraulic-cylinders.net\/cs\/wp-json\/wp\/v2\/comments?post=19581"}],"wp:featuredmedia":[{"embeddable":true,"href":"https:\/\/www.hydraulic-cylinders.net\/cs\/wp-json\/wp\/v2\/media\/17874"}],"wp:attachment":[{"href":"https:\/\/www.hydraulic-cylinders.net\/cs\/wp-json\/wp\/v2\/media?parent=19581"}],"wp:term":[{"taxonomy":"product_brand","embeddable":true,"href":"https:\/\/www.hydraulic-cylinders.net\/cs\/wp-json\/wp\/v2\/product_brand?post=19581"},{"taxonomy":"product_cat","embeddable":true,"href":"https:\/\/www.hydraulic-cylinders.net\/cs\/wp-json\/wp\/v2\/product_cat?post=19581"},{"taxonomy":"product_tag","embeddable":true,"href":"https:\/\/www.hydraulic-cylinders.net\/cs\/wp-json\/wp\/v2\/product_tag?post=19581"}],"curies":[{"name":"wp","href":"https:\/\/api.w.org\/{rel}","templated":true}]}}