{"id":19582,"date":"2025-04-07T06:55:53","date_gmt":"2025-04-07T06:55:53","guid":{"rendered":"https:\/\/www.hydraulic-cylinders.net\/product\/boom-cylinder-for-yuchai-yc18-8\/"},"modified":"2025-04-07T06:55:56","modified_gmt":"2025-04-07T06:55:56","slug":"boom-cylinder-for-yuchai-yc18-8","status":"publish","type":"product","link":"https:\/\/www.hydraulic-cylinders.net\/cs\/produkt\/boom-cylinder-for-yuchai-yc18-8\/","title":{"rendered":"V\u00e1lec v\u00fdlo\u017en\u00edku pro Yuchai YC18-8"},"content":{"rendered":"<h1>V\u00e1lec v\u00fdlo\u017en\u00edku pro Yuchai YC18-8<\/h1>\n<h2>P\u0159ehled produktu<\/h2>\n<p>Hydraulick\u00fd v\u00e1lec v\u00fdlo\u017en\u00edku pro Yuchai YC18-8 je specializovan\u00fd hydraulick\u00fd v\u00e1lec, kter\u00fd hraje kl\u00ed\u010dovou roli v \u0159\u00edzen\u00ed pohybu l\u017e\u00edce u r\u016fzn\u00fdch t\u011b\u017ek\u00fdch stroj\u016f, v\u010detn\u011b bagr\u016f, rypadlo-naklada\u010d\u016f a \u010deln\u00edch naklada\u010d\u016f. Tento hydraulick\u00fd v\u00e1lec umo\u017e\u0148uje l\u017e\u00edci zvedat, spou\u0161t\u011bt a nakl\u00e1n\u011bt, co\u017e usnad\u0148uje efektivn\u00ed manipulaci s materi\u00e1lem. Tyto v\u00e1lce jsou navr\u017eeny tak, aby odolaly vysok\u00fdm tlak\u016fm a t\u011b\u017ek\u00fdm n\u00e1klad\u016fm, a jsou nezbytn\u00fdmi sou\u010d\u00e1stmi hydraulick\u00fdch syst\u00e9m\u016f, kter\u00e9 zaji\u0161\u0165uj\u00ed optim\u00e1ln\u00ed v\u00fdkon stavebn\u00edch a zem\u011bd\u011blsk\u00fdch stroj\u016f.<\/p>\n<p><img decoding=\"async\" src=\"https:\/\/www.hydraulic-cylinders.net\/wp-content\/uploads\/2025\/04\/songte-company-1.webp\" alt=\"V\u00e1lec v\u00fdlo\u017en\u00edku pro Yuchai YC18-8\" \/><\/p>\n<h2>Kl\u00ed\u010dov\u00e9 vlastnosti<\/h2>\n<ul>\n<li>\n<h3>Vysok\u00e1 pevnost a trvanlivost<\/h3>\n<p>Tyto v\u00e1lce, vyroben\u00e9 z vysokopevnostn\u00ed oceli nebo hlin\u00edku, odol\u00e1vaj\u00ed vysok\u00e9mu tlaku a velk\u00e9mu zat\u00ed\u017een\u00ed a z\u00e1rove\u0148 se p\u0159izp\u016fsob\u00ed n\u00e1ro\u010dn\u00fdm pracovn\u00edm podm\u00ednk\u00e1m. Jsou navr\u017eeny s ohledem na odolnost proti opot\u0159eben\u00ed a korozi, co\u017e prodlu\u017euje jejich \u017eivotnost.<\/li>\n<li>\n<h3>Efektivn\u00ed hydraulick\u00fd provoz<\/h3>\n<p>D\u00edky tlaku hydraulick\u00e9ho oleje dosahuj\u00ed tyto v\u00e1lce plynul\u00e9ho vysouv\u00e1n\u00ed a zasouv\u00e1n\u00ed, rychle reaguj\u00ed na ovl\u00e1dac\u00ed povely a poskytuj\u00ed v\u00fdkonn\u00e9 tla\u010dn\u00e9 a ta\u017en\u00e9 schopnosti vhodn\u00e9 pro manipulaci s t\u011b\u017ek\u00fdmi p\u0159edm\u011bty a slo\u017eit\u00fdmi \u00fakoly.<\/li>\n<li>\n<h3>R\u016fznorod\u00e9 typy<\/h3>\n<p>V\u00e1lce jsou k dispozici v r\u016fzn\u00fdch typech, v\u010detn\u011b jedno\u010dinn\u00fdch (funguj\u00edc\u00edch v jednom sm\u011bru) a dvoj\u010dinn\u00fdch (funguj\u00edc\u00edch v obou sm\u011brech), aby spl\u0148ovaly r\u016fzn\u00e9 provozn\u00ed pot\u0159eby. N\u011bkter\u00e9 modely jsou teleskopick\u00e9, co\u017e umo\u017e\u0148uje v\u011bt\u0161\u00ed v\u00fdsuv bez zv\u011bt\u0161en\u00ed vn\u011bj\u0161\u00edch rozm\u011br\u016f, co\u017e je ide\u00e1ln\u00ed pro aplikace s omezen\u00fdm prostorem.<\/li>\n<li>\n<h3>Zak\u00e1zkov\u00e1 v\u00fdroba<\/h3>\n<p>Tento produkt vyr\u00e1b\u00edme tak, aby dokonale nahradil st\u00e1vaj\u00edc\u00ed hydraulick\u00e9 v\u00e1lce a zajistil tak kompatibilitu a spolehlivost v\u00fdkonu.<\/li>\n<li>\n<h3>V\u0161estrann\u00e9 aplikace<\/h3>\n<p>Jsou navr\u017eeny pro r\u016fzn\u00e9 typy t\u011b\u017ek\u00fdch stroj\u016f a lze je p\u0159izp\u016fsobit r\u016fzn\u00fdm provozn\u00edm sc\u00e9n\u00e1\u0159\u016fm, co\u017e zvy\u0161uje produktivitu v r\u016fzn\u00fdch odv\u011btv\u00edch.<\/li>\n<\/ul>\n<p><img decoding=\"async\" src=\"https:\/\/www.hydraulic-cylinders.net\/wp-content\/uploads\/2025\/04\/songte-cylinder-head-with-all-kinds-excavator-models.webp\" alt=\"Varianty hydraulick\u00fdch v\u00e1lc\u016f\" \/><\/p>\n<h2>Aplikace v\u00e1lce v\u00fdlo\u017en\u00edku<\/h2>\n<h3>Stavebn\u00ed stroje<\/h3>\n<p>U bagr\u016f je v\u00e1lec v\u00fdlo\u017en\u00edku nezbytn\u00fd pro kop\u00e1n\u00ed, nakl\u00e1d\u00e1n\u00ed a p\u0159esouv\u00e1n\u00ed zeminy nebo suti. Poskytuje pot\u0159ebnou s\u00edlu pro zved\u00e1n\u00ed l\u017e\u00edce a umo\u017e\u0148uje p\u0159esn\u00e9 polohov\u00e1n\u00ed b\u011bhem operace. U rypadlo-naklada\u010d\u016f v\u00e1lec usnad\u0148uje jak kop\u00e1n\u00ed, tak zved\u00e1n\u00ed, co\u017e v\u00fdznamn\u011b p\u0159isp\u00edv\u00e1 k efektivit\u011b na staveni\u0161t\u00edch.<\/p>\n<h3>Zem\u011bd\u011blsk\u00e9 stroje<\/h3>\n<p>Tyto v\u00e1lce jsou kl\u00ed\u010dov\u00e9 u \u010deln\u00edch naklada\u010d\u016f, kde se pou\u017e\u00edvaj\u00ed k nab\u00edr\u00e1n\u00ed, zved\u00e1n\u00ed a p\u0159eprav\u011b zeminy, sena a dal\u0161\u00edch materi\u00e1l\u016f. Jejich hydraulick\u00fd v\u00fdkon umo\u017e\u0148uje bezprobl\u00e9mov\u00fd provoz v zem\u011bd\u011blsk\u00e9m prost\u0159ed\u00ed, zvy\u0161uje produktivitu a sni\u017euje manu\u00e1ln\u00ed pr\u00e1ci.<\/p>\n<h3>Bagry<\/h3>\n<p>V\u00e1lec v\u00fdlo\u017en\u00edku umo\u017e\u0148uje l\u017e\u00edci proniknout do p\u016fdy, co\u017e usnad\u0148uje efektivn\u00ed kop\u00e1n\u00ed. Hydraulick\u00fd v\u00fdkon umo\u017e\u0148uje pr\u00e1ci v n\u00e1ro\u010dn\u00fdch podm\u00ednk\u00e1ch, co\u017e z n\u00ed \u010din\u00ed nepostradatelnou sou\u010d\u00e1st pro v\u00fdkopov\u00e9 pr\u00e1ce v r\u016fzn\u00fdch ter\u00e9nech.<\/p>\n<h3>Naklada\u010de<\/h3>\n<p>U \u010deln\u00edch naklada\u010d\u016f pom\u00e1h\u00e1 v\u00e1lec v\u00fdlo\u017en\u00edku efektivn\u011b zvedat a vykl\u00e1dat materi\u00e1ly. To zaji\u0161\u0165uje snadnou manipulaci s t\u011b\u017ek\u00fdmi b\u0159emeny a zvy\u0161uje celkovou produktivitu nakl\u00e1dac\u00edch operac\u00ed.<\/p>\n<h2>Konstruk\u010dn\u00ed aspekty a krit\u00e9ria v\u00fdb\u011bru<\/h2>\n<h3>Nosnost<\/h3>\n<p>Nosnost v\u00e1lce v\u00fdlo\u017en\u00edku je kritick\u00fdm konstruk\u010dn\u00edm hlediskem. Mus\u00ed b\u00fdt navr\u017een tak, aby zvl\u00e1dl specifickou hmotnost p\u0159epravovan\u00fdch nebo zvedan\u00fdch materi\u00e1l\u016f. Spr\u00e1vn\u00fd v\u00fdpo\u010det nosnosti zaji\u0161\u0165uje, \u017ee v\u00e1lec m\u016f\u017ee bez probl\u00e9m\u016f fungovat i p\u0159i maxim\u00e1ln\u00edm provozn\u00edm zat\u00ed\u017een\u00ed.<\/p>\n<h3>T\u011bsnic\u00ed v\u00fdkon<\/h3>\n<p>\u00da\u010dinn\u00e9 ut\u011bsn\u011bn\u00ed je z\u00e1sadn\u00ed pro prevenci \u00fanik\u016f a kontaminace hydraulick\u00e9 kapaliny. Konstrukce mus\u00ed zahrnovat odoln\u00e1 t\u011bsn\u011bn\u00ed, jako jsou t\u011bsn\u011bn\u00ed p\u00edst\u016f a p\u00edstnic, aby se v pr\u016fb\u011bhu \u010dasu zachovala integrita a v\u00fdkon syst\u00e9mu. Vysoce kvalitn\u00ed t\u011bsn\u011bn\u00ed minimalizuj\u00ed opot\u0159eben\u00ed a prodlu\u017euj\u00ed \u017eivotnost hydraulick\u00e9ho v\u00e1lce.<\/p>\n<h3>Trvanlivost<\/h3>\n<p>Trvanlivost je z\u00e1sadn\u00ed, zejm\u00e9na v n\u00e1ro\u010dn\u00fdch pracovn\u00edch podm\u00ednk\u00e1ch. Materi\u00e1ly pou\u017eit\u00e9 p\u0159i konstrukci v\u00e1lce v\u00fdlo\u017en\u00edku by m\u011bly odol\u00e1vat opot\u0159eben\u00ed a korozi, aby byla zaji\u0161t\u011bna jeho del\u0161\u00ed funk\u010dn\u00ed funk\u010dnost. Pravideln\u00e9 kontroly integrity materi\u00e1lu mohou zabr\u00e1nit p\u0159ed\u010dasn\u00fdm poruch\u00e1m.<\/p>\n<h3>Bezpe\u010dnostn\u00ed prvky<\/h3>\n<p>Bezpe\u010dnost by m\u011bla b\u00fdt p\u0159i konstrukci hydraulick\u00fdch v\u00e1lc\u016f prioritou. Za\u010dlen\u011bn\u00ed prvk\u016f, jako jsou p\u0159etlakov\u00e9 ventily, m\u016f\u017ee zabr\u00e1nit p\u0159et\u00ed\u017een\u00ed a potenci\u00e1ln\u00edm nehod\u00e1m b\u011bhem provozu. Zaji\u0161t\u011bn\u00ed spln\u011bn\u00ed bezpe\u010dnostn\u00edch norem chr\u00e1n\u00ed jak za\u0159\u00edzen\u00ed, tak i obsluhu.<\/p>\n<h3>Udr\u017eovatelnost<\/h3>\n<p>Navrhov\u00e1n\u00ed s ohledem na \u00fadr\u017ebu umo\u017e\u0148uje snadn\u011bj\u0161\u00ed kontroly a opravy. Sou\u010d\u00e1sti by m\u011bly b\u00fdt snadno p\u0159\u00edstupn\u00e9 a konstrukce by m\u011bla usnad\u0148ovat b\u011b\u017en\u00e9 \u00fadr\u017eb\u00e1\u0159sk\u00e9 \u00fakony, jako je v\u00fdm\u011bna t\u011bsn\u011bn\u00ed a maz\u00e1n\u00ed, aby se prodlou\u017eila \u017eivotnost hydraulick\u00e9ho syst\u00e9mu.<\/p>\n<p><img decoding=\"async\" src=\"https:\/\/www.hydraulic-cylinders.net\/wp-content\/uploads\/2025\/04\/songte-oil-pipes-and-spare-parts.webp\" alt=\"Sou\u010d\u00e1sti hydraulick\u00e9ho v\u00e1lce\" \/><\/p>\n<h2>T\u011bsn\u011bn\u00ed a maz\u00e1n\u00ed<\/h2>\n<p>\u00da\u010dinnost hydraulick\u00e9ho v\u00e1lce v\u00fdznamn\u011b z\u00e1vis\u00ed na jeho t\u011bsnic\u00edch a mazac\u00edch syst\u00e9mech. R\u016fzn\u00e1 t\u011bsn\u011bn\u00ed, v\u010detn\u011b p\u00edstn\u00edch a p\u00edstn\u00edch t\u011bsn\u011bn\u00ed, jsou kl\u00ed\u010dov\u00e1 pro udr\u017een\u00ed hydraulick\u00e9ho tlaku a prevenci \u00fanik\u016f. Materi\u00e1ly jako polyuretan a nitrilov\u00e1 pry\u017e se \u010dasto pou\u017e\u00edvaj\u00ed kv\u016fli sv\u00fdm vlastnostem odoln\u00fdm proti opot\u0159eben\u00ed.<\/p>\n<p>T\u011bleso v\u00e1lce a z\u00e1vitov\u00e9 koncov\u00e9 plochy jsou nav\u00edc jemn\u011b opracov\u00e1ny pro zv\u00fd\u0161en\u00ed odolnosti proti opot\u0159eben\u00ed. Pravideln\u00e9 maz\u00e1n\u00ed hydraulick\u00fdm olejem je nezbytn\u00e9 pro zaji\u0161t\u011bn\u00ed plynul\u00e9ho chodu v\u0161ech pohybliv\u00fdch \u010d\u00e1st\u00ed a minimalizaci t\u0159en\u00ed, kter\u00e9 m\u016f\u017ee v\u00e9st k p\u0159ed\u010dasn\u00e9mu opot\u0159eben\u00ed.<\/p>\n<h2>Preventivn\u00ed \u00fadr\u017ebov\u00e1 opat\u0159en\u00ed<\/h2>\n<ul>\n<li>\n<h3>Pravideln\u00e9 kontroly<\/h3>\n<p>Pravideln\u00e9 kontroly v\u00e1lce v\u00fdlo\u017en\u00edku, zda nevykazuje zn\u00e1mky opot\u0159eben\u00ed nebo po\u0161kozen\u00ed, jsou nezbytn\u00e9. Kontrola net\u011bsnost\u00ed, zaji\u0161t\u011bn\u00ed neporu\u0161enosti t\u011bsn\u011bn\u00ed a posouzen\u00ed stavu hydraulick\u00fdch hadic pom\u016f\u017ee identifikovat probl\u00e9my d\u0159\u00edve, ne\u017e se zhor\u0161\u00ed.<\/li>\n<li>\n<h3>Vhodn\u00e9 maz\u00e1n\u00ed<\/h3>\n<p>Zaji\u0161t\u011bn\u00ed dostate\u010dn\u00e9 hladiny hydraulick\u00e9ho oleje a spr\u00e1vn\u00e9 maz\u00e1n\u00ed pohybliv\u00fdch \u010d\u00e1st\u00ed zv\u00fd\u0161\u00ed v\u00fdkon a prodlou\u017e\u00ed \u017eivotnost v\u00e1lce. Je nezbytn\u00e9 dodr\u017eovat doporu\u010den\u00ed v\u00fdrobce ohledn\u011b interval\u016f maz\u00e1n\u00ed.<\/li>\n<li>\n<h3>V\u00fdm\u011bna t\u011bsn\u011bn\u00ed<\/h3>\n<p>Pravideln\u00e1 v\u00fdm\u011bna t\u011bsn\u011bn\u00ed v r\u00e1mci pl\u00e1nu \u00fadr\u017eby zabr\u00e1n\u00ed net\u011bsnostem a udr\u017e\u00ed hydraulickou \u00fa\u010dinnost. Pokud opot\u0159ebovan\u00e1 t\u011bsn\u011bn\u00ed nevym\u011bn\u00edte, m\u016f\u017ee to v\u00e9st k v\u00fdznamn\u00fdm probl\u00e9m\u016fm s v\u00fdkonem a n\u00e1kladn\u00fdm oprav\u00e1m.<\/li>\n<\/ul>\n<h2>Pokyny k instalaci<\/h2>\n<p>Pro zaji\u0161t\u011bn\u00ed spr\u00e1vn\u00e9 funkce a dlouh\u00e9 \u017eivotnosti v\u00e1lce v\u00fdlo\u017en\u00edku je nezbytn\u00e9 dodr\u017eovat spr\u00e1vn\u00e9 instala\u010dn\u00ed postupy. Za\u010dn\u011bte t\u00edm, \u017ee se ujist\u00edte, \u017ee mont\u00e1\u017en\u00ed povrchy jsou \u010dist\u00e9 a bez ne\u010distot. V\u00e1lec spr\u00e1vn\u011b vyrovnejte s upev\u0148ovac\u00edmi body a dodr\u017eujte spr\u00e1vnou orientaci, abyste zabr\u00e1nili nam\u00e1h\u00e1n\u00ed t\u011bsn\u011bn\u00ed.<\/p>\n<p>K zaji\u0161t\u011bn\u00ed v\u00e1lce a zabr\u00e1n\u011bn\u00ed jeho pohybu b\u011bhem provozu pou\u017eijte vhodn\u00e9 mont\u00e1\u017en\u00ed konzoly. Po instalaci zkontrolujte spr\u00e1vnou hladinu hydraulick\u00e9 kapaliny a odvzdu\u0161n\u011bte syst\u00e9m, abyste odstranili v\u0161echny vzduchov\u00e9 kapsy, kter\u00e9 by mohly ovlivnit v\u00fdkon. Nakonec prove\u010fte zku\u0161ebn\u00ed provoz, abyste se ujistili, \u017ee v\u00e1lec pracuje hladce a efektivn\u011b, a prove\u010fte v\u0161echna pot\u0159ebn\u00e1 se\u0159\u00edzen\u00ed.<\/p>\n<h2>B\u011b\u017en\u00e9 \u00fakoly \u00fadr\u017eby<\/h2>\n<ul>\n<li>\n<h3>Pravideln\u00e9 kontroly<\/h3>\n<p>Pravideln\u00e9 kontroly pom\u00e1haj\u00ed v\u010das odhalit potenci\u00e1ln\u00ed probl\u00e9my. Zkontrolujte opot\u0159eben\u00ed t\u011bsn\u011bn\u00ed, viditeln\u00e9 net\u011bsnosti a celkov\u00fd stav. V\u010dasn\u00fd z\u00e1sah m\u016f\u017ee zabr\u00e1nit z\u00e1va\u017en\u00fdm poruch\u00e1m a n\u00e1kladn\u00fdm oprav\u00e1m.<\/li>\n<li>\n<h3>Spr\u00e1vn\u00e9 maz\u00e1n\u00ed<\/h3>\n<p>Udr\u017eov\u00e1n\u00ed dostate\u010dn\u00e9 hladiny maz\u00e1n\u00ed je z\u00e1sadn\u00ed pro hladk\u00fd provoz hydraulick\u00e9ho syst\u00e9mu. Pravideln\u011b kontrolujte a dopl\u0148ujte hydraulick\u00fd olej a ujist\u011bte se, \u017ee spl\u0148uje po\u017eadovan\u00e9 specifikace, abyste p\u0159ede\u0161li probl\u00e9m\u016fm s v\u00fdkonem.<\/li>\n<li>\n<h3>V\u00fdm\u011bna a kalibrace t\u011bsn\u011bn\u00ed<\/h3>\n<p>Vym\u011b\u0148te t\u011bsn\u011bn\u00ed, kter\u00e1 vykazuj\u00ed zn\u00e1mky opot\u0159eben\u00ed nebo po\u0161kozen\u00ed, aby se udr\u017eel hydraulick\u00fd tlak. Kalibrace hydraulick\u00e9ho syst\u00e9mu nav\u00edc zajist\u00ed, \u017ee bude fungovat v r\u00e1mci stanoven\u00fdch parametr\u016f, co\u017e optimalizuje v\u00fdkon a bezpe\u010dnost.<\/li>\n<\/ul>\n<h2>Bezpe\u010dnostn\u00ed aspekty a faktory prost\u0159ed\u00ed<\/h2>\n<p>P\u0159i pou\u017e\u00edv\u00e1n\u00ed hydraulick\u00fdch v\u00e1lc\u016f jsou bezpe\u010dnostn\u00ed opat\u0159en\u00ed prvo\u0159ad\u00e1. Obsluha by m\u011bla b\u00fdt pro\u0161kolena v rozpozn\u00e1v\u00e1n\u00ed zn\u00e1mek selh\u00e1n\u00ed nebo poruchy hydraulick\u00e9ho syst\u00e9mu. Pravideln\u00e9 bezpe\u010dnostn\u00ed audity a dodr\u017eov\u00e1n\u00ed provozn\u00edch pokyn\u016f pom\u00e1haj\u00ed zm\u00edr\u0148ovat rizika. Krom\u011b toho by m\u011bly b\u00fdt zav\u00e1d\u011bny ekologicky bezpe\u010dn\u00e9 postupy, jako je spr\u00e1vn\u00e1 likvidace hydraulick\u00fdch kapalin a recyklace materi\u00e1l\u016f, pokud je to mo\u017en\u00e9.<\/p>\n<h2>Diagnostika z\u00e1vad a b\u011b\u017en\u00e9 probl\u00e9my<\/h2>\n<ul>\n<li>\n<h3>Hydraulick\u00e9 net\u011bsnosti<\/h3>\n<p>K net\u011bsnostem m\u016f\u017ee doch\u00e1zet v d\u016fsledku opot\u0159ebovan\u00fdch t\u011bsn\u011bn\u00ed nebo po\u0161kozen\u00fdch hadic. Je nezbytn\u00e9 pravideln\u011b kontrolovat syst\u00e9m, aby se net\u011bsnosti v\u010das identifikovaly a odstranily.<\/li>\n<li>\n<h3>Ztr\u00e1ta tlaku<\/h3>\n<p>N\u00e1hl\u00e1 ztr\u00e1ta tlaku m\u016f\u017ee nazna\u010dovat vnit\u0159n\u00ed po\u0161kozen\u00ed nebo \u00fanik kapaliny. Sledov\u00e1n\u00ed \u00fadaj\u016f z manometru m\u016f\u017ee pomoci ur\u010dit, zda se jedn\u00e1 o probl\u00e9m, a umo\u017enit v\u010dasn\u00e9 opravy.<\/li>\n<li>\n<h3>Nereaguj\u00edc\u00ed v\u00e1lec<\/h3>\n<p>Pokud v\u00e1lec nereaguje na ovl\u00e1dac\u00ed povely, m\u016f\u017ee to znamenat zablokov\u00e1n\u00ed hydraulick\u00e9ho syst\u00e9mu nebo poruchu ovl\u00e1dac\u00edho mechanismu. \u0158e\u0161en\u00ed probl\u00e9m\u016f s ovl\u00e1dac\u00edmi ventily a hadicemi m\u016f\u017ee pomoci identifikovat p\u0159\u00ed\u010dinu.<\/li>\n<\/ul>\n<h2>Tipy pro \u0159e\u0161en\u00ed probl\u00e9m\u016f<\/h2>\n<p>Pro efektivn\u00ed diagnostiku a \u0159e\u0161en\u00ed probl\u00e9m\u016f s v\u00e1lcem v\u00fdlo\u017en\u00edku by si oper\u00e1to\u0159i m\u011bli v\u00e9st podrobn\u00fd z\u00e1znam o p\u0159\u00edznac\u00edch a historii \u00fadr\u017eby. Pravideln\u00e9 \u0161kolen\u00ed v technik\u00e1ch odstra\u0148ov\u00e1n\u00ed probl\u00e9m\u016f pom\u016f\u017ee person\u00e1lu v\u010das identifikovat probl\u00e9my.<\/p>\n<p>Zav\u00e1d\u011bn\u00ed preventivn\u00edch opat\u0159en\u00ed, jako jsou pravideln\u00e9 pl\u00e1ny \u00fadr\u017eby a dodr\u017eov\u00e1n\u00ed provozn\u00edch pokyn\u016f, minimalizuje potenci\u00e1ln\u00ed probl\u00e9my. Nav\u00edc zaji\u0161t\u011bn\u00ed toho, aby oper\u00e1to\u0159i byli obezn\u00e1meni s bezpe\u010dnostn\u00edmi protokoly, podpo\u0159\u00ed bezpe\u010dn\u011bj\u0161\u00ed pracovn\u00ed prost\u0159ed\u00ed.<\/p>\n<p><img decoding=\"async\" src=\"https:\/\/www.hydraulic-cylinders.net\/wp-content\/uploads\/2025\/04\/songte-bushings-with-all-kinds-of-excavator-models.webp\" alt=\"Sou\u010d\u00e1sti bagru\" \/><\/p>\n<h2>O na\u0161\u00ed spole\u010dnosti<\/h2>\n<p>Jsme p\u0159edn\u00edm v\u00fdrobcem n\u00e1hradn\u00edch hydraulick\u00fdch v\u00e1lc\u016f a nab\u00edz\u00edme komplexn\u00ed sortiment produkt\u016f pro mezin\u00e1rodn\u00ed trhy. Dodr\u017eov\u00e1n\u00edm v\u00fdjime\u010dn\u00fdch standard\u016f kvality a implementac\u00ed propracovan\u00e9 strategie \u0159\u00edzen\u00ed v\u00fdroby neust\u00e1le zlep\u0161ujeme na\u0161e v\u00fdrobn\u00ed kapacity. Na\u0161e zam\u011b\u0159en\u00ed na technologick\u00e9 talenty, modern\u00ed v\u00fdrobn\u00ed za\u0159\u00edzen\u00ed a specializovan\u00e9 testovac\u00ed syst\u00e9my n\u00e1m umo\u017e\u0148uje uspokojovat rozmanit\u00e9 po\u017eadavky z\u00e1kazn\u00edk\u016f s vysokou efektivitou, p\u0159esnost\u00ed a kvalitou.<\/p>\n<p>Na\u0161e spole\u010dnost je mezin\u00e1rodn\u011b certifikov\u00e1na a nab\u00edz\u00ed slu\u017eby na m\u00edru p\u0159izp\u016fsoben\u00e9 specifick\u00fdm po\u017eadavk\u016fm klient\u016f. D\u00edky nejmodern\u011bj\u0161\u00edmu v\u00fdrobn\u00edmu za\u0159\u00edzen\u00ed a specializovan\u00e9mu t\u00fdmu poprodejn\u00edch slu\u017eeb zaji\u0161\u0165ujeme, aby na\u0161i z\u00e1kazn\u00edci obdr\u017eeli produkty a podporu nejvy\u0161\u0161\u00ed kvality.<\/p>\n<p><img decoding=\"async\" src=\"https:\/\/www.hydraulic-cylinders.net\/wp-content\/uploads\/2025\/04\/songte-company-4.webp\" alt=\"P\u0159ehled spole\u010dnosti\" \/><br \/>\n<img decoding=\"async\" src=\"https:\/\/www.hydraulic-cylinders.net\/wp-content\/uploads\/2025\/04\/songte-company-3.webp\" alt=\"V\u00fdrobn\u00ed z\u00e1vod\" \/><\/p>\n<p>Autor: lyl<\/p>","protected":false},"excerpt":{"rendered":"<p>Boom Cylinder For Yuchai YC18-8 Product Overview The Boom Cylinder for Yuchai YC18-8 is a specialized hydraulic cylinder that plays a critical role in controlling the movement of the bucket on various heavy machinery, including excavators, backhoe loaders, and front loaders. This hydraulic cylinder enables the bucket to lift, lower, and tilt, facilitating efficient material [&hellip;]<\/p>","protected":false},"featured_media":17875,"comment_status":"open","ping_status":"closed","template":"","meta":{"_et_pb_use_builder":"","_et_pb_old_content":"","_et_gb_content_width":""},"product_brand":[],"product_cat":[1546],"product_tag":[1547,1496],"class_list":{"0":"post-19582","1":"product","2":"type-product","3":"status-publish","4":"has-post-thumbnail","6":"product_cat-boom-cylinders","7":"product_tag-boom-cylinders","8":"product_tag-hydraulic-cylinders","10":"first","11":"instock","12":"shipping-taxable","13":"product-type-simple"},"amp_enabled":true,"_links":{"self":[{"href":"https:\/\/www.hydraulic-cylinders.net\/cs\/wp-json\/wp\/v2\/product\/19582","targetHints":{"allow":["GET"]}}],"collection":[{"href":"https:\/\/www.hydraulic-cylinders.net\/cs\/wp-json\/wp\/v2\/product"}],"about":[{"href":"https:\/\/www.hydraulic-cylinders.net\/cs\/wp-json\/wp\/v2\/types\/product"}],"replies":[{"embeddable":true,"href":"https:\/\/www.hydraulic-cylinders.net\/cs\/wp-json\/wp\/v2\/comments?post=19582"}],"wp:featuredmedia":[{"embeddable":true,"href":"https:\/\/www.hydraulic-cylinders.net\/cs\/wp-json\/wp\/v2\/media\/17875"}],"wp:attachment":[{"href":"https:\/\/www.hydraulic-cylinders.net\/cs\/wp-json\/wp\/v2\/media?parent=19582"}],"wp:term":[{"taxonomy":"product_brand","embeddable":true,"href":"https:\/\/www.hydraulic-cylinders.net\/cs\/wp-json\/wp\/v2\/product_brand?post=19582"},{"taxonomy":"product_cat","embeddable":true,"href":"https:\/\/www.hydraulic-cylinders.net\/cs\/wp-json\/wp\/v2\/product_cat?post=19582"},{"taxonomy":"product_tag","embeddable":true,"href":"https:\/\/www.hydraulic-cylinders.net\/cs\/wp-json\/wp\/v2\/product_tag?post=19582"}],"curies":[{"name":"wp","href":"https:\/\/api.w.org\/{rel}","templated":true}]}}