{"id":19583,"date":"2025-04-07T06:55:56","date_gmt":"2025-04-07T06:55:56","guid":{"rendered":"https:\/\/www.hydraulic-cylinders.net\/product\/boom-cylinder-for-yuchai-yc35sr\/"},"modified":"2025-04-07T06:55:58","modified_gmt":"2025-04-07T06:55:58","slug":"boom-cylinder-for-yuchai-yc35sr","status":"publish","type":"product","link":"https:\/\/www.hydraulic-cylinders.net\/cs\/produkt\/boom-cylinder-for-yuchai-yc35sr\/","title":{"rendered":"V\u00e1lec v\u00fdlo\u017en\u00edku pro Yuchai YC35SR"},"content":{"rendered":"<h1>V\u00e1lec v\u00fdlo\u017en\u00edku pro Yuchai YC35SR<\/h1>\n<h2>\u00davod k v\u00e1lc\u016fm v\u00fdlo\u017en\u00edku<\/h2>\n<p>V\u00e1lec v\u00fdlo\u017en\u00edku je kl\u00ed\u010dovou sou\u010d\u00e1st\u00ed hydraulick\u00fdch syst\u00e9m\u016f, speci\u00e1ln\u011b navr\u017een\u00fd pro ovl\u00e1d\u00e1n\u00ed pohybu l\u017e\u00edc v r\u016fzn\u00fdch t\u011b\u017ek\u00fdch stroj\u00edch. Pat\u0159\u00ed sem rypadla, r\u00fdpadlo-naklada\u010de a \u010deln\u00ed naklada\u010de. Umo\u017e\u0148uje l\u017e\u00edci zvedat, spou\u0161t\u011bt a nakl\u00e1n\u011bt, co\u017e usnad\u0148uje r\u016fzn\u00e9 \u00fakoly manipulace s materi\u00e1lem.<\/p>\n<p><img decoding=\"async\" src=\"https:\/\/www.hydraulic-cylinders.net\/wp-content\/uploads\/2025\/04\/songte-company-1.webp\" alt=\"V\u00e1lec v\u00fdlo\u017en\u00edku\"><\/p>\n<h3>Funk\u010dnost a definice<\/h3>\n<p>Hydraulick\u00fd v\u00e1lec l\u017e\u00edce je typ hydraulick\u00e9ho v\u00e1lce ur\u010den\u00e9ho k \u0159\u00edzen\u00ed pohybu l\u017e\u00edce stroj\u016f. Tyto v\u00e1lce hraj\u00ed v hydraulick\u00e9m syst\u00e9mu z\u00e1sadn\u00ed roli t\u00edm, \u017ee p\u0159em\u011b\u0148uj\u00ed hydraulickou energii na mechanickou energii, co\u017e umo\u017e\u0148uje p\u0159esn\u00e9 ovl\u00e1d\u00e1n\u00ed pohyb\u016f l\u017e\u00edce. Schopnost zvedat t\u011b\u017ek\u00e1 b\u0159emena, p\u0159esn\u011b je spou\u0161t\u011bt a nakl\u00e1n\u011bt pro lep\u0161\u00ed polohov\u00e1n\u00ed \u010din\u00ed z v\u00e1lc\u016f v\u00fdlo\u017en\u00edku nezbytn\u00e9 prvky ve stavebnictv\u00ed, zem\u011bd\u011blstv\u00ed a r\u016fzn\u00fdch pr\u016fmyslov\u00fdch aplikac\u00edch.<\/p>\n<h2>Vlastnosti v\u00e1lce v\u00fdlo\u017en\u00edku<\/h2>\n<ul>\n<li><strong>Vysok\u00e1 pevnost a trvanlivost:<\/strong> Tyto v\u00e1lce, obvykle vyroben\u00e9 z vysokopevnostn\u00ed oceli nebo hlin\u00edku, odol\u00e1vaj\u00ed vysok\u00e9mu tlaku a velk\u00e9mu zat\u00ed\u017een\u00ed, d\u00edky \u010demu\u017e jsou vhodn\u00e9 pro n\u00e1ro\u010dn\u00e9 pracovn\u00ed prost\u0159ed\u00ed. Jejich konstrukce zahrnuje odolnost proti opot\u0159eben\u00ed a korozi, co\u017e prodlu\u017euje jejich \u017eivotnost.<\/li>\n<li><strong>Efektivn\u00ed hydraulick\u00fd provoz:<\/strong> V\u00e1lce v\u00fdlo\u017en\u00edku zaji\u0161\u0165uj\u00ed plynul\u00e9 vysouv\u00e1n\u00ed a zasouv\u00e1n\u00ed pomoc\u00ed hydraulick\u00e9ho tlaku oleje. Rychle reaguj\u00ed na ovl\u00e1dac\u00ed povely a vyv\u00edjej\u00ed siln\u00e9 tlakov\u00e9 a ta\u017en\u00e9 s\u00edly nezbytn\u00e9 pro manipulaci s t\u011b\u017ek\u00fdmi materi\u00e1ly a slo\u017eit\u00fdmi \u00fakoly.<\/li>\n<li><strong>R\u016fzn\u00e9 typy:<\/strong> V\u00e1lce v\u00fdlo\u017en\u00edku lze zvolit jako jedno\u010dinn\u00e9 (funguj\u00edc\u00ed v jednom sm\u011bru) nebo dvoj\u010dinn\u00e9 (funguj\u00edc\u00ed v obou sm\u011brech), co\u017e vyhovuje r\u016fzn\u00fdm provozn\u00edm pot\u0159eb\u00e1m. N\u011bkter\u00e9 modely jsou teleskopick\u00e9, co\u017e umo\u017e\u0148uje v\u011bt\u0161\u00ed vysunut\u00ed bez zv\u011bt\u0161en\u00ed vn\u011bj\u0161\u00edch rozm\u011br\u016f, co\u017e je ide\u00e1ln\u00ed pro aplikace s omezen\u00fdm prostorem.<\/li>\n<li><strong>P\u0159izp\u016fsoben\u00ed na m\u00edru:<\/strong> Na\u0161e produkty dok\u00e1\u017e\u00ed dokonale nahradit st\u00e1vaj\u00edc\u00ed hydraulick\u00e9 v\u00e1lce a zajist\u00ed tak kompatibilitu a v\u00fdkon.<\/li>\n<li><strong>Pokro\u010dil\u00e1 v\u00fdroba:<\/strong> Na\u0161e v\u00e1lce jsou vyrobeny s p\u0159esnost\u00ed a pomoc\u00ed nejmodern\u011bj\u0161\u00edch technologi\u00ed a spl\u0148uj\u00ed p\u0159\u00edsn\u00e9 standardy kvality, aby byla zaji\u0161t\u011bna spolehlivost a \u00fa\u010dinnost.<\/li>\n<\/ul>\n<p><img decoding=\"async\" src=\"https:\/\/www.hydraulic-cylinders.net\/wp-content\/uploads\/2025\/04\/songte-cylinder-head-with-all-kinds-excavator-models.webp\" alt=\"Modely bagr\u016f\"><\/p>\n<h2>Aplikace v\u00e1lc\u016f v\u00fdlo\u017en\u00edku<\/h2>\n<h3>Stavebn\u00ed stroje<\/h3>\n<p>U bagr\u016f jsou v\u00e1lce v\u00fdlo\u017en\u00edku nezbytn\u00e9 pro kop\u00e1n\u00ed, nakl\u00e1d\u00e1n\u00ed a p\u0159esouv\u00e1n\u00ed zeminy nebo suti. Poskytuj\u00ed pot\u0159ebnou s\u00edlu pro efektivn\u00ed pronik\u00e1n\u00ed do zem\u011b, co\u017e je \u010din\u00ed nepostradateln\u00fdmi ve stavebn\u00edch projektech. U rypadlo-naklada\u010d\u016f tyto v\u00e1lce pom\u00e1haj\u00ed jak p\u0159i kop\u00e1n\u00ed, tak p\u0159i zved\u00e1n\u00ed, co\u017e zaji\u0161\u0165uje v\u0161estrannost na staveni\u0161ti.<\/p>\n<h3>Zem\u011bd\u011blsk\u00e9 stroje<\/h3>\n<p>U \u010deln\u00edch naklada\u010d\u016f hraj\u00ed v\u00e1lce v\u00fdlo\u017en\u00edku kl\u00ed\u010dovou roli p\u0159i nab\u00edr\u00e1n\u00ed, zved\u00e1n\u00ed a p\u0159eprav\u011b p\u016fdy, sena a dal\u0161\u00edch materi\u00e1l\u016f. Jejich schopnost zvl\u00e1dat r\u016fzn\u00e9 \u00fakoly je \u010din\u00ed neoceniteln\u00fdmi v zem\u011bd\u011blsk\u00fdch operac\u00edch, co\u017e zvy\u0161uje produktivitu a efektivitu.<\/p>\n<h3>Bagry<\/h3>\n<p>U bagr\u016f umo\u017e\u0148uje v\u00e1lec v\u00fdlo\u017en\u00edku pronik\u00e1n\u00ed l\u017e\u00edce do p\u016fdy, co\u017e usnad\u0148uje efektivn\u00ed v\u00fdkop. Hydraulick\u00fd v\u00fdkon poskytovan\u00fd t\u011bmito v\u00e1lci zaji\u0161\u0165uje, \u017ee stroj zvl\u00e1dne n\u00e1ro\u010dn\u00fd ter\u00e9n a t\u011b\u017ek\u00e9 n\u00e1klady, co\u017e je \u010din\u00ed vhodn\u00fdmi pro \u0161irokou \u0161k\u00e1lu v\u00fdkopov\u00fdch \u00fakol\u016f.<\/p>\n<h3>Naklada\u010de<\/h3>\n<p>U \u010deln\u00edch naklada\u010d\u016f pom\u00e1haj\u00ed v\u00e1lce v\u00fdlo\u017en\u00edku efektivn\u011b zvedat a vykl\u00e1p\u011bt b\u0159emena. Jejich schopnost zvl\u00e1dat t\u011b\u017ek\u00e9 materi\u00e1ly zaji\u0161\u0165uje rychl\u00e9 a bezpe\u010dn\u00e9 prov\u00e1d\u011bn\u00ed operac\u00ed, \u010d\u00edm\u017e se optimalizuje pracovn\u00ed postup na stavb\u00e1ch a pr\u016fmyslov\u00fdch pracovi\u0161t\u00edch.<\/p>\n<h2>Konstruk\u010dn\u00ed aspekty a krit\u00e9ria v\u00fdb\u011bru<\/h2>\n<h3>Nosnost<\/h3>\n<p>Nosnost v\u00e1lce v\u00fdlo\u017en\u00edku je kritick\u00fdm konstruk\u010dn\u00edm hlediskem. Je nezbytn\u00e9 zajistit, aby v\u00e1lec zvl\u00e1dl maxim\u00e1ln\u00ed o\u010dek\u00e1van\u00e9 zat\u00ed\u017een\u00ed bez rizika selh\u00e1n\u00ed. In\u017een\u00fd\u0159i mus\u00ed vz\u00edt v \u00favahu s\u00edly p\u016fsob\u00edc\u00ed na v\u00e1lec b\u011bhem provozu a vybrat materi\u00e1ly a konstrukce, kter\u00e9 tomuto zat\u00ed\u017een\u00ed v pr\u016fb\u011bhu \u010dasu odol\u00e1vaj\u00ed.<\/p>\n<h3>T\u011bsnic\u00ed mechanismy<\/h3>\n<p>\u00da\u010dinn\u00e9 t\u011bsn\u011bn\u00ed je z\u00e1sadn\u00ed pro prevenci \u00fanik\u016f hydraulick\u00e9 kapaliny. V\u00fdb\u011br t\u011bsn\u011bn\u00ed, jako jsou p\u00edstn\u00ed a p\u00edstn\u00ed t\u011bsn\u011bn\u00ed, mus\u00ed b\u00fdt proveden na z\u00e1klad\u011b specifick\u00fdch pot\u0159eb aplikace. Vysoce kvalitn\u00ed t\u011bsn\u011bn\u00ed jsou nezbytn\u00e1 pro zaji\u0161t\u011bn\u00ed dlouhodob\u00e9ho v\u00fdkonu a minimalizaci po\u017eadavk\u016f na \u00fadr\u017ebu.<\/p>\n<h3>Trvanlivost<\/h3>\n<p>Trvanlivost je kl\u00ed\u010dov\u00fdm faktorem p\u0159i konstrukci v\u00e1lc\u016f v\u00fdlo\u017en\u00edku. Mus\u00ed b\u00fdt vyrobeny z materi\u00e1l\u016f, kter\u00e9 odol\u00e1vaj\u00ed n\u00e1ro\u010dn\u00fdm provozn\u00edm podm\u00ednk\u00e1m, v\u010detn\u011b vystaven\u00ed ne\u010distot\u00e1m, vlhkosti a extr\u00e9mn\u00edm teplot\u00e1m. Pou\u017eit\u00ed korozivzdorn\u00fdch povlak\u016f a robustn\u00edch materi\u00e1l\u016f m\u016f\u017ee zv\u00fd\u0161it trvanlivost v\u00e1lce.<\/p>\n<h3>Bezpe\u010dnostn\u00ed prvky<\/h3>\n<p>Bezpe\u010dnost je v hydraulick\u00fdch aplikac\u00edch prvo\u0159ad\u00e1. V\u00e1lce v\u00fdlo\u017en\u00edku mus\u00ed b\u00fdt navr\u017eeny s prvky, kter\u00e9 zabra\u0148uj\u00ed ne\u00famysln\u00e9mu pohybu, jako jsou bezpe\u010dnostn\u00ed z\u00e1mky nebo syst\u00e9my ochrany proti p\u0159et\u00ed\u017een\u00ed. Zaji\u0161t\u011bn\u00ed t\u011bchto bezpe\u010dnostn\u00edch opat\u0159en\u00ed pom\u00e1h\u00e1 p\u0159edch\u00e1zet nehod\u00e1m a po\u0161kozen\u00ed za\u0159\u00edzen\u00ed.<\/p>\n<h3>P\u0159\u00edstupnost \u00fadr\u017eby<\/h3>\n<p>Navrhov\u00e1n\u00ed v\u00e1lc\u016f v\u00fdlo\u017en\u00edku pro snadnou \u00fadr\u017ebu je z\u00e1sadn\u00ed. B\u011bhem procesu n\u00e1vrhu by m\u011bly b\u00fdt zv\u00e1\u017eeny p\u0159\u00edstupov\u00e9 body pro maz\u00e1n\u00ed, v\u00fdm\u011bnu t\u011bsn\u011bn\u00ed a kontroly. To usnad\u0148uje b\u011b\u017enou \u00fadr\u017ebu, \u010d\u00edm\u017e se prodlu\u017euje \u017eivotnost v\u00e1lce a zlep\u0161uje provozn\u00ed efektivita.<\/p>\n<p><img decoding=\"async\" src=\"https:\/\/www.hydraulic-cylinders.net\/wp-content\/uploads\/2025\/04\/songte-oil-pipes-and-spare-parts.webp\" alt=\"Hydraulick\u00e9 d\u00edly\"><\/p>\n<h2>T\u011bsn\u011bn\u00ed a maz\u00e1n\u00ed<\/h2>\n<p>T\u011bsn\u011bn\u00ed a maz\u00e1n\u00ed v\u00e1lc\u016f v\u00fdlo\u017en\u00edku jsou z\u00e1sadn\u00ed pro optim\u00e1ln\u00ed v\u00fdkon a dlouhou \u017eivotnost. K zabr\u00e1n\u011bn\u00ed \u00faniku hydraulick\u00e9 kapaliny se pou\u017e\u00edvaj\u00ed r\u016fzn\u00e1 t\u011bsn\u011bn\u00ed, jako jsou p\u00edstn\u00ed t\u011bsn\u011bn\u00ed a t\u011bsn\u011bn\u00ed p\u00edstnice. T\u011bsn\u011bn\u00ed vyroben\u00e1 z materi\u00e1l\u016f odoln\u00fdch proti opot\u0159eben\u00ed, jako je polyuretan a nitrilov\u00e1 pry\u017e, poskytuj\u00ed odolnost v n\u00e1ro\u010dn\u00fdch podm\u00ednk\u00e1ch.<\/p>\n<p>T\u011bleso v\u00e1lce a z\u00e1vitov\u00e9 konce jsou jemn\u011b opracov\u00e1ny pro zv\u00fd\u0161en\u00ed odolnosti proti opot\u0159eben\u00ed a minimalizaci rizika po\u0161kozen\u00ed v pr\u016fb\u011bhu \u010dasu. Pravideln\u00e9 maz\u00e1n\u00ed hydraulick\u00fdm olejem je nav\u00edc nezbytn\u00e9 pro udr\u017een\u00ed plynul\u00e9ho provozu a prevenci opot\u0159eben\u00ed pohybliv\u00fdch \u010d\u00e1st\u00ed. Pravideln\u00e9 kontroly a spr\u00e1vn\u00e9 maz\u00e1n\u00ed zaji\u0161\u0165uj\u00ed efektivn\u00ed provoz v\u00e1lce a prodlu\u017euj\u00ed jeho \u017eivotnost.<\/p>\n<h2>Pravideln\u00e1 kontrola a preventivn\u00ed \u00fadr\u017eba<\/h2>\n<ul>\n<li><strong>Pravideln\u00e9 kontroly:<\/strong> Prov\u00e1d\u011bjte pravideln\u00e9 kontroly, abyste identifikovali zn\u00e1mky opot\u0159eben\u00ed nebo po\u0161kozen\u00ed. To zahrnuje kontrolu net\u011bsnost\u00ed, zaji\u0161t\u011bn\u00ed neporu\u0161enosti t\u011bsn\u011bn\u00ed a ov\u011b\u0159en\u00ed celkov\u00e9ho stavu v\u00e1lce. V\u010dasn\u00e9 odhalen\u00ed probl\u00e9m\u016f m\u016f\u017ee zabr\u00e1nit n\u00e1kladn\u00fdm oprav\u00e1m a prostoj\u016fm.<\/li>\n<li><strong>Vhodn\u00e9 maz\u00e1n\u00ed:<\/strong> Zajist\u011bte, aby byl v\u00e1lec v p\u0159edepsan\u00fdch intervalech dostate\u010dn\u011b maz\u00e1n. Pou\u017eit\u00ed spr\u00e1vn\u00e9ho typu hydraulick\u00e9ho oleje a dodr\u017eov\u00e1n\u00ed doporu\u010den\u00ed v\u00fdrobce pro maz\u00e1n\u00ed pom\u00e1h\u00e1 udr\u017eovat efektivn\u00ed provoz.<\/li>\n<li><strong>V\u00fdm\u011bna t\u011bsn\u011bn\u00ed:<\/strong> Postupem \u010dasu se t\u011bsn\u011bn\u00ed mohou opot\u0159ebovat a je nutn\u00e9 je vym\u011bnit. Pravideln\u00e9 pl\u00e1ny \u00fadr\u017eby by m\u011bly zahrnovat kontroly integrity t\u011bsn\u011bn\u00ed a pl\u00e1n v\u010dasn\u00e9 v\u00fdm\u011bny, aby se zabr\u00e1nilo \u00fanik\u016fm.<\/li>\n<\/ul>\n<h2>Pokyny k instalaci<\/h2>\n<p>Spr\u00e1vn\u00e1 instalace v\u00e1lc\u016f v\u00fdlo\u017en\u00edku je z\u00e1sadn\u00ed pro zaji\u0161t\u011bn\u00ed jejich \u00fa\u010dinnosti a dlouh\u00e9 \u017eivotnosti. Za\u010dn\u011bte pe\u010dliv\u00fdm srovn\u00e1n\u00edm v\u00e1lce s mont\u00e1\u017en\u00edmi konzolami a ujist\u011bte se, \u017ee je rovn\u00fd a spr\u00e1vn\u011b um\u00edst\u011bn\u00fd. Pro zaji\u0161t\u011bn\u00ed v\u00e1lce je vhodn\u00e9 pou\u017e\u00edt vhodn\u00e9 mont\u00e1\u017en\u00ed konzoly, aby se zabr\u00e1nilo jeho nespr\u00e1vn\u00e9mu srovn\u00e1n\u00ed b\u011bhem provozu.<\/p>\n<p>P\u0159ed uta\u017een\u00edm jak\u00fdchkoli \u0161roub\u016f zkontrolujte dvakr\u00e1t spr\u00e1vn\u00e9 vyrovn\u00e1n\u00ed, abyste zabr\u00e1nili nadm\u011brn\u00e9mu nam\u00e1h\u00e1n\u00ed v\u00e1lce. Po upevn\u011bn\u00ed v\u00e1lce p\u0159ipojte hydraulick\u00e9 hadice a ujist\u011bte se, \u017ee nejsou zalomen\u00e9 ani ohyban\u00e9, kter\u00e9 by mohly br\u00e1nit proud\u011bn\u00ed kapaliny. Po instalaci prove\u010fte tlakovou zkou\u0161ku, abyste se ujistili, \u017ee v\u00e1lec funguje spr\u00e1vn\u011b a \u017ee nedoch\u00e1z\u00ed k \u00fanik\u016fm. Udr\u017eov\u00e1n\u00ed spr\u00e1vn\u00e9ho vyrovn\u00e1n\u00ed je z\u00e1sadn\u00ed pro prevenci opot\u0159eben\u00ed a prodlou\u017een\u00ed \u017eivotnosti v\u00e1lce v\u00fdlo\u017en\u00edku.<\/p>\n<h2>B\u011b\u017en\u00e9 \u00fakoly \u00fadr\u017eby<\/h2>\n<ul>\n<li><strong>Pravideln\u00e9 kontroly:<\/strong> Pravideln\u011b kontrolujte stav v\u00e1lce. Hledejte zn\u00e1mky opot\u0159eben\u00ed, jako jsou \u0161kr\u00e1bance na p\u00edstnici nebo net\u011bsnosti kolem t\u011bsn\u011bn\u00ed. V\u010dasn\u00e1 identifikace probl\u00e9m\u016f m\u016f\u017ee zabr\u00e1nit z\u00e1va\u017en\u011bj\u0161\u00edm probl\u00e9m\u016fm v budoucnu.<\/li>\n<li><strong>Vhodn\u00e9 maz\u00e1n\u00ed:<\/strong> Zajist\u011bte, aby byl v\u00e1lec dostate\u010dn\u011b promaz\u00e1n podle specifikac\u00ed v\u00fdrobce. Pou\u017e\u00edvejte doporu\u010den\u00fd hydraulick\u00fd olej a pravideln\u011b prov\u00e1d\u011bjte maz\u00e1n\u00ed, abyste udr\u017eeli optim\u00e1ln\u00ed v\u00fdkon.<\/li>\n<li><strong>V\u00fdm\u011bna t\u011bsn\u011bn\u00ed:<\/strong> Sledujte stav t\u011bsn\u011bn\u00ed a v p\u0159\u00edpad\u011b pot\u0159eby je vym\u011b\u0148te. T\u00edm se zabr\u00e1n\u00ed \u00faniku kapaliny a udr\u017e\u00ed se \u00fa\u010dinnost hydraulick\u00e9ho syst\u00e9mu.<\/li>\n<\/ul>\n<p>Spr\u00e1vn\u00e1 instalace, maz\u00e1n\u00ed a se\u0159\u00edzen\u00ed jsou pro funk\u010dnost v\u00e1lce z\u00e1sadn\u00ed. B\u011bhem instalace zajist\u011bte, aby byl v\u00e1lec spr\u00e1vn\u011b vyrovn\u00e1n a bezpe\u010dn\u011b upevn\u011bn pomoc\u00ed vhodn\u00fdch mont\u00e1\u017en\u00edch podp\u011br. Pravideln\u00e9 kontroly, opravy a v\u00fdm\u011bny prodlu\u017euj\u00ed \u017eivotnost v\u00e1lc\u016f v\u00fdlo\u017en\u00edku.<\/p>\n<p><img decoding=\"async\" src=\"https:\/\/www.hydraulic-cylinders.net\/wp-content\/uploads\/2025\/04\/songte-chushion-collar.webp\" alt=\"Pol\u0161t\u00e1\u0159ov\u00fd l\u00edmec\"><\/p>\n<h2>Bezpe\u010dnostn\u00ed aspekty a faktory prost\u0159ed\u00ed<\/h2>\n<p>Zav\u00e1d\u011bn\u00ed bezpe\u010dnostn\u00edch opat\u0159en\u00ed b\u011bhem provozu v\u00e1lc\u016f v\u00fdlo\u017en\u00edku je nezbytn\u00e9 pro prevenci nehod. Obsluha by m\u011bla b\u00fdt pro\u0161kolena v postupech bezpe\u010dn\u00e9 manipulace a m\u011bla by si b\u00fdt v\u011bdoma potenci\u00e1ln\u00edch nebezpe\u010d\u00ed spojen\u00fdch s hydraulick\u00fdmi syst\u00e9my. Pou\u017e\u00edv\u00e1n\u00ed vhodn\u00fdch osobn\u00edch ochrann\u00fdch prost\u0159edk\u016f (OOP) a dodr\u017eov\u00e1n\u00ed bezpe\u010dnostn\u00edch protokol\u016f v\u00fdrazn\u011b sni\u017euje rizika na pracovi\u0161ti.<\/p>\n<h2>\u0158e\u0161en\u00ed b\u011b\u017en\u00fdch probl\u00e9m\u016f<\/h2>\n<ul>\n<li><strong>\u00daniky hydraulick\u00e9 kapaliny:<\/strong> Zkontrolujte t\u011bsn\u011bn\u00ed a spoje, zda nevykazuj\u00ed zn\u00e1mky net\u011bsnosti. Po\u0161kozen\u00e1 t\u011bsn\u011bn\u00ed ihned vym\u011b\u0148te, abyste zabr\u00e1nili ztr\u00e1t\u011b hydraulick\u00e9ho tlaku.<\/li>\n<li><strong>Sn\u00ed\u017een\u00fd v\u00fdkon:<\/strong> Pokud je v\u00e1lec pomal\u00fd nebo nereaguje, zkontrolujte hladinu hydraulick\u00e9 kapaliny a prohl\u00e9dn\u011bte, zda v hydraulick\u00fdch potrub\u00edch nejsou ucpan\u00e9 \u010d\u00e1sti.<\/li>\n<li><strong>Nadm\u011brn\u00fd hluk:<\/strong> Neobvykl\u00e9 zvuky b\u011bhem provozu mohou nazna\u010dovat vnit\u0159n\u00ed po\u0161kozen\u00ed nebo vzduch v hydraulick\u00e9m syst\u00e9mu. Odvzdu\u0161n\u011bte syst\u00e9m, abyste odstranili ve\u0161ker\u00fd zachycen\u00fd vzduch a zajistili hladk\u00fd provoz.<\/li>\n<\/ul>\n<p>Rychl\u00e9 \u0159e\u0161en\u00ed t\u011bchto probl\u00e9m\u016f m\u016f\u017ee zabr\u00e1nit z\u00e1va\u017en\u011bj\u0161\u00edm probl\u00e9m\u016fm a prodlou\u017eit \u017eivotnost v\u00e1lce v\u00fdlo\u017en\u00edku. Pravideln\u00e1 \u00fadr\u017eba a kontroly hraj\u00ed kl\u00ed\u010dovou roli ve v\u010dasn\u00e9 identifikaci potenci\u00e1ln\u00edch probl\u00e9m\u016f a zaji\u0161\u0165uj\u00ed bezprobl\u00e9mov\u00fd provoz.<\/p>\n<p><img decoding=\"async\" src=\"https:\/\/www.hydraulic-cylinders.net\/wp-content\/uploads\/2025\/04\/songte-bushings-with-all-kinds-of-excavator-models.webp\" alt=\"Pouzdra pro bagry\"><\/p>\n<h2>O na\u0161\u00ed spole\u010dnosti<\/h2>\n<p>Jsme p\u0159edn\u00edm v\u00fdrobcem n\u00e1hradn\u00edch hydraulick\u00fdch v\u00e1lc\u016f a nab\u00edz\u00edme komplexn\u00ed sortiment produkt\u016f, kter\u00e9 uspokoj\u00ed jak dom\u00e1c\u00ed, tak mezin\u00e1rodn\u00ed trh. N\u00e1\u0161 z\u00e1vazek k vynikaj\u00edc\u00ed kvalit\u011b je podpo\u0159en propracovan\u00fdmi v\u00fdrobn\u00edmi strategiemi v na\u0161ich nejmodern\u011bj\u0161\u00edch za\u0159\u00edzen\u00edch. Neust\u00e1le vylep\u0161ujeme na\u0161e v\u00fdrobn\u00ed kapacity investicemi do technick\u00fdch talent\u016f, pokro\u010dil\u00e9ho digit\u00e1ln\u00edho v\u00fdrobn\u00edho za\u0159\u00edzen\u00ed a specializovan\u00fdch testovac\u00edch syst\u00e9m\u016f.<\/p>\n<p>Na\u0161e v\u00fdrobn\u00ed procesy jsou navr\u017eeny tak, aby spl\u0148ovaly vysok\u00e9 standardy efektivity, p\u0159esnosti a kvality, co\u017e n\u00e1m umo\u017e\u0148uje uspokojit rozmanit\u00e9 pot\u0159eby z\u00e1kazn\u00edk\u016f. Jsme hrd\u00ed na na\u0161i schopnost dod\u00e1vat \u0159e\u0161en\u00ed na m\u00edru, podpo\u0159en\u00e1 mezin\u00e1rodn\u00edmi certifikacemi, kter\u00e9 zaji\u0161\u0165uj\u00ed, \u017ee na\u0161e produkty spl\u0148uj\u00ed glob\u00e1ln\u00ed pr\u016fmyslov\u00e9 standardy.<\/p>\n<p><img decoding=\"async\" src=\"https:\/\/www.hydraulic-cylinders.net\/wp-content\/uploads\/2025\/04\/songte-company-4.webp\" alt=\"P\u0159ehled spole\u010dnosti\"><br \/>\n<img decoding=\"async\" src=\"https:\/\/www.hydraulic-cylinders.net\/wp-content\/uploads\/2025\/04\/songte-company-3.webp\" alt=\"Pokro\u010dil\u00e1 v\u00fdroba\"><\/p>\n<p>S d\u016frazem na profesion\u00e1ln\u00ed servis poskytujeme komplexn\u00ed poprodejn\u00ed podporu, abychom na\u0161im klient\u016fm zajistili nejvy\u0161\u0161\u00ed \u00farove\u0148 slu\u017eeb po celou dobu \u017eivotnosti na\u0161ich produkt\u016f.<\/p>\n<p>Autor: lyl<\/p>","protected":false},"excerpt":{"rendered":"<p>Boom Cylinder For Yuchai YC35SR Introduction to Boom Cylinders The Boom Cylinder is a crucial component in hydraulic systems, specifically designed for controlling the movement of buckets in various heavy machinery. This includes excavators, backhoe loaders, and front loaders. It enables the bucket to lift, lower, and tilt, facilitating various material handling tasks. Functionality and [&hellip;]<\/p>","protected":false},"featured_media":17876,"comment_status":"open","ping_status":"closed","template":"","meta":{"_et_pb_use_builder":"","_et_pb_old_content":"","_et_gb_content_width":""},"product_brand":[],"product_cat":[1546],"product_tag":[1547,1496],"class_list":{"0":"post-19583","1":"product","2":"type-product","3":"status-publish","4":"has-post-thumbnail","6":"product_cat-boom-cylinders","7":"product_tag-boom-cylinders","8":"product_tag-hydraulic-cylinders","10":"first","11":"instock","12":"shipping-taxable","13":"product-type-simple"},"amp_enabled":true,"_links":{"self":[{"href":"https:\/\/www.hydraulic-cylinders.net\/cs\/wp-json\/wp\/v2\/product\/19583","targetHints":{"allow":["GET"]}}],"collection":[{"href":"https:\/\/www.hydraulic-cylinders.net\/cs\/wp-json\/wp\/v2\/product"}],"about":[{"href":"https:\/\/www.hydraulic-cylinders.net\/cs\/wp-json\/wp\/v2\/types\/product"}],"replies":[{"embeddable":true,"href":"https:\/\/www.hydraulic-cylinders.net\/cs\/wp-json\/wp\/v2\/comments?post=19583"}],"wp:featuredmedia":[{"embeddable":true,"href":"https:\/\/www.hydraulic-cylinders.net\/cs\/wp-json\/wp\/v2\/media\/17876"}],"wp:attachment":[{"href":"https:\/\/www.hydraulic-cylinders.net\/cs\/wp-json\/wp\/v2\/media?parent=19583"}],"wp:term":[{"taxonomy":"product_brand","embeddable":true,"href":"https:\/\/www.hydraulic-cylinders.net\/cs\/wp-json\/wp\/v2\/product_brand?post=19583"},{"taxonomy":"product_cat","embeddable":true,"href":"https:\/\/www.hydraulic-cylinders.net\/cs\/wp-json\/wp\/v2\/product_cat?post=19583"},{"taxonomy":"product_tag","embeddable":true,"href":"https:\/\/www.hydraulic-cylinders.net\/cs\/wp-json\/wp\/v2\/product_tag?post=19583"}],"curies":[{"name":"wp","href":"https:\/\/api.w.org\/{rel}","templated":true}]}}