{"id":19588,"date":"2025-04-07T06:56:10","date_gmt":"2025-04-07T06:56:10","guid":{"rendered":"https:\/\/www.hydraulic-cylinders.net\/product\/boom-cylinder-for-yuchai-yc240lc-8\/"},"modified":"2025-04-07T06:56:12","modified_gmt":"2025-04-07T06:56:12","slug":"boom-cylinder-for-yuchai-yc240lc-8","status":"publish","type":"product","link":"https:\/\/www.hydraulic-cylinders.net\/cs\/produkt\/boom-cylinder-for-yuchai-yc240lc-8\/","title":{"rendered":"V\u00e1lec v\u00fdlo\u017en\u00edku pro Yuchai YC240LC-8"},"content":{"rendered":"<h1>V\u00e1lec v\u00fdlo\u017en\u00edku pro Yuchai YC240LC-8<\/h1>\n<h2>P\u0159ehled produktu<\/h2>\n<p>Hydraulick\u00fd v\u00e1lec v\u00fdlo\u017en\u00edku pro Yuchai YC240LC-8 je kl\u00ed\u010dovou sou\u010d\u00e1st\u00ed hydraulick\u00fdch syst\u00e9m\u016f, navr\u017eenou speci\u00e1ln\u011b pro ovl\u00e1d\u00e1n\u00ed pohybu l\u017e\u00edce v r\u016fzn\u00fdch t\u011b\u017ek\u00fdch stroj\u00edch, jako jsou rypadla, r\u00fdpadlo-naklada\u010de a \u010deln\u00ed naklada\u010de. Tento hydraulick\u00fd v\u00e1lec umo\u017e\u0148uje l\u017e\u00edci zvedat, spou\u0161t\u011bt a nakl\u00e1n\u011bt, co\u017e usnad\u0148uje efektivn\u00ed manipulaci s materi\u00e1lem. V\u00e1lec l\u017e\u00edce je nezbytnou sou\u010d\u00e1st\u00ed hydraulick\u00e9ho syst\u00e9mu, kter\u00fd vyu\u017e\u00edv\u00e1 hydraulickou kapalinu k vytv\u00e1\u0159en\u00ed pohyb\u016f, kter\u00e9 jsou z\u00e1rove\u0148 siln\u00e9 a p\u0159esn\u00e9.<\/p>\n<p><img decoding=\"async\" src=\"https:\/\/www.hydraulic-cylinders.net\/wp-content\/uploads\/2025\/04\/songte-company-1.webp\" alt=\"Obr\u00e1zek v\u00e1lce v\u00fdlo\u017en\u00edku\" \/><\/p>\n<h3>Definice a \u00fa\u010del<\/h3>\n<p>Hydraulick\u00fd v\u00e1lec kore\u010dkov\u00e9ho v\u00e1lce je typ hydraulick\u00e9ho aktu\u00e1toru, kter\u00fd p\u0159em\u011b\u0148uje hydraulickou energii na mechanickou energii, co\u017e umo\u017e\u0148uje t\u011b\u017ek\u00fdm stroj\u016fm snadno vykon\u00e1vat r\u016fzn\u00e9 funkce. Tyto v\u00e1lce jsou navr\u017eeny tak, aby odolaly vysok\u00fdm tlak\u016fm a velk\u00e9mu zat\u00ed\u017een\u00ed, a proto jsou vhodn\u00e9 pro n\u00e1ro\u010dn\u00e1 prost\u0159ed\u00ed. Funk\u010dnost poskytovan\u00e1 hydraulick\u00fdm v\u00e1lcem kore\u010dkov\u00e9ho v\u00e1lce zvy\u0161uje provozn\u00ed efektivitu, zkracuje prostoje a zaji\u0161\u0165uje bezpe\u010dnost obsluhy p\u0159i zved\u00e1n\u00ed a p\u0159emis\u0165ov\u00e1n\u00ed t\u011b\u017ek\u00fdch b\u0159emen.<\/p>\n<h2>Vlastnosti v\u00e1lce v\u00fdlo\u017en\u00edku<\/h2>\n<ul>\n<li><strong>Vysok\u00e1 pevnost a trvanlivost:<\/strong> Vyrobeno z vysokopevnostn\u00ed oceli nebo hlin\u00edku, schopn\u00e9 odolat vysok\u00e9mu tlaku a t\u011b\u017ek\u00e9mu zat\u00ed\u017een\u00ed, navr\u017een\u00e9 pro n\u00e1ro\u010dn\u00e9 pracovn\u00ed podm\u00ednky, s odolnost\u00ed proti opot\u0159eben\u00ed a korozi pro del\u0161\u00ed \u017eivotnost.<\/li>\n<li><strong>Efektivn\u00ed hydraulick\u00fd provoz:<\/strong> Vyu\u017e\u00edv\u00e1 tlak hydraulick\u00e9 kapaliny k dosa\u017een\u00ed plynul\u00e9ho vysouv\u00e1n\u00ed a zasouv\u00e1n\u00ed, rychle reaguje na povely obsluhy a poskytuje silnou tla\u010dnou a ta\u017enou s\u00edlu, ide\u00e1ln\u00ed pro manipulaci s t\u011b\u017ek\u00fdmi a slo\u017eit\u00fdmi \u00fakoly.<\/li>\n<li><strong>R\u016fzn\u00e9 typy:<\/strong> K dispozici s jedno\u010dinn\u00fdmi (hydraulick\u00e1 kapalina pracuje v jednom sm\u011bru) nebo dvoj\u010dinn\u00fdmi (ob\u011b sm\u011bry) v\u00e1lci pro spln\u011bn\u00ed r\u016fzn\u00fdch provozn\u00edch pot\u0159eb, p\u0159i\u010dem\u017e n\u011bkter\u00e9 modely jsou teleskopick\u00e9 pro v\u011bt\u0161\u00ed v\u00fdsuv bez zv\u011bt\u0161en\u00ed vn\u011bj\u0161\u00edch rozm\u011br\u016f, ide\u00e1ln\u00ed pro aplikace s omezen\u00fdm prostorem.<\/li>\n<li><strong>\u0158e\u0161en\u00ed na m\u00edru:<\/strong> Na\u0161e produkty dok\u00e1\u017e\u00ed dokonale nahradit r\u016fzn\u00e9 hydraulick\u00e9 v\u00e1lce a zaji\u0161\u0165uj\u00ed tak kompatibilitu a v\u00fdkon.<\/li>\n<\/ul>\n<p><img decoding=\"async\" src=\"https:\/\/www.hydraulic-cylinders.net\/wp-content\/uploads\/2025\/04\/songte-cylinder-head-with-all-kinds-excavator-models.webp\" alt=\"Kompatibilita hydraulick\u00fdch v\u00e1lc\u016f\" \/><\/p>\n<h2>Aplikace v\u00e1lce v\u00fdlo\u017en\u00edku<\/h2>\n<h3>Stavebn\u00ed stroje<\/h3>\n<p>U bagr\u016f hraj\u00ed v\u00e1lce v\u00fdlo\u017en\u00edku z\u00e1sadn\u00ed roli p\u0159i kop\u00e1n\u00ed, nakl\u00e1d\u00e1n\u00ed a p\u0159emis\u0165ov\u00e1n\u00ed zeminy nebo suti. Poskytuj\u00ed pot\u0159ebnou s\u00edlu, aby l\u017e\u00edce efektivn\u011b pronikla do zem\u011b, \u010d\u00edm\u017e zvy\u0161uj\u00ed celkovou produktivitu stroje. P\u0159esn\u00e9 ovl\u00e1d\u00e1n\u00ed, kter\u00e9 tyto v\u00e1lce nab\u00edzej\u00ed, zaji\u0161\u0165uje, \u017ee obsluha m\u016f\u017ee prov\u00e1d\u011bt slo\u017eit\u00e9 \u00fakoly s p\u0159esnost\u00ed a snadno. U r\u00fdpadel nav\u00edc v\u00e1lce l\u017e\u00edce pom\u00e1haj\u00ed p\u0159i kop\u00e1n\u00ed i zved\u00e1n\u00ed, co\u017e je \u010din\u00ed nepostradateln\u00fdmi pro stavebn\u00ed projekty.<\/p>\n<h3>Zem\u011bd\u011blsk\u00e9 stroje<\/h3>\n<p>U \u010deln\u00edch naklada\u010d\u016f jsou v\u00e1lce v\u00fdlo\u017en\u00edku kl\u00ed\u010dov\u00e9 pro nab\u00edr\u00e1n\u00ed, zved\u00e1n\u00ed a p\u0159epravu p\u016fdy, sena a dal\u0161\u00edch materi\u00e1l\u016f. Jejich robustn\u00ed konstrukce jim umo\u017e\u0148uje zvl\u00e1dat n\u00e1ro\u010dn\u00e9 \u00fakoly, kter\u00e9 jsou \u010dasto vy\u017eadov\u00e1ny v zem\u011bd\u011blsk\u00e9m prost\u0159ed\u00ed, a zaji\u0161\u0165uje tak spolehlivost a odolnost. Usnadn\u011bn\u00edm efektivn\u00ed manipulace s materi\u00e1lem tyto v\u00e1lce v\u00fdznamn\u011b p\u0159isp\u00edvaj\u00ed ke zv\u00fd\u0161en\u00ed produktivity na farm\u00e1ch a v zem\u011bd\u011blsk\u00fdch provozech.<\/p>\n<h3>Bagry<\/h3>\n<p>U bagr\u016f umo\u017e\u0148uj\u00ed v\u00e1lce kore\u010dk\u016f pronik\u00e1n\u00ed kore\u010dk\u016f do p\u016fdy, co\u017e je nezbytn\u00e9 pro efektivn\u00ed kop\u00e1n\u00ed. Hydraulick\u00fd v\u00fdkon poskytovan\u00fd t\u011bmito v\u00e1lci umo\u017e\u0148uje hlubok\u00fd v\u00fdkop s minim\u00e1ln\u00edm \u00fasil\u00edm obsluhy, co\u017e zlep\u0161uje provozn\u00ed efektivitu a zkracuje \u010das pot\u0159ebn\u00fd pro projekty.<\/p>\n<h3>Naklada\u010de<\/h3>\n<p>U \u010deln\u00edch naklada\u010d\u016f pom\u00e1haj\u00ed v\u00e1lce v\u00fdlo\u017en\u00edku efektivn\u011b zvedat a vykl\u00e1dat b\u0159emena. Jejich schopnost poskytovat siln\u00e9 zvedac\u00ed s\u00edly zaji\u0161\u0165uje efektivn\u00ed nakl\u00e1d\u00e1n\u00ed a vykl\u00e1d\u00e1n\u00ed t\u011b\u017ek\u00fdch materi\u00e1l\u016f, co\u017e p\u0159isp\u00edv\u00e1 k hladk\u00e9mu provozu stavebn\u00edch, t\u011b\u017eebn\u00edch a manipula\u010dn\u00edch prac\u00ed.<\/p>\n<h2>Konstruk\u010dn\u00ed aspekty a krit\u00e9ria v\u00fdb\u011bru<\/h2>\n<h3>Nosnost<\/h3>\n<p>P\u0159i v\u00fdb\u011bru v\u00e1lce v\u00fdlo\u017en\u00edku je nosnost kritick\u00fdm faktorem. V\u00e1lec mus\u00ed b\u00fdt navr\u017een tak, aby zvl\u00e1dl maxim\u00e1ln\u00ed hmotnost, s n\u00ed\u017e se bude b\u011bhem provozu setk\u00e1vat. To zaji\u0161\u0165uje bezpe\u010dnost a \u00fa\u010dinnost, proto\u017ee nedostate\u010dn\u011b dimenzovan\u00fd v\u00e1lec m\u016f\u017ee p\u0159i nam\u00e1h\u00e1n\u00ed selhat, co\u017e vede k po\u0161kozen\u00ed za\u0159\u00edzen\u00ed nebo nehod\u00e1m. V\u00fdrobci obvykle poskytuj\u00ed podrobn\u00e9 specifikace t\u00fdkaj\u00edc\u00ed se nosnosti, co\u017e umo\u017e\u0148uje obsluze \u010dinit informovan\u00e1 rozhodnut\u00ed na z\u00e1klad\u011b jejich specifick\u00fdch pot\u0159eb.<\/p>\n<h3>T\u011bsn\u011bn\u00ed a trvanlivost<\/h3>\n<p>\u00da\u010dinn\u00e9 t\u011bsn\u011bn\u00ed je z\u00e1sadn\u00ed pro zaji\u0161t\u011bn\u00ed dlouh\u00e9 \u017eivotnosti v\u00e1lce v\u00fdlo\u017en\u00edku. Vysoce kvalitn\u00ed t\u011bsn\u011bn\u00ed zabra\u0148uje \u00faniku hydraulick\u00e9 kapaliny, co\u017e m\u016f\u017ee ohrozit v\u00fdkon a bezpe\u010dnost. K vytvo\u0159en\u00ed t\u011bsn\u011bn\u00ed, kter\u00e1 odol\u00e1vaj\u00ed opot\u0159eben\u00ed a degradaci, se pou\u017e\u00edvaj\u00ed r\u016fzn\u00e9 materi\u00e1ly, jako je polyuretan a nitrilov\u00e1 pry\u017e. Spr\u00e1vn\u00e9 t\u011bsn\u011bn\u00ed tak\u00e9 zvy\u0161uje schopnost v\u00e1lce odol\u00e1vat n\u00e1ro\u010dn\u00fdm podm\u00ednk\u00e1m prost\u0159ed\u00ed a zaji\u0161\u0165uje konzistentn\u00ed v\u00fdkon v pr\u016fb\u011bhu \u010dasu.<\/p>\n<h3>Bezpe\u010dnostn\u00ed prvky<\/h3>\n<p>Bezpe\u010dnost je p\u0159i konstrukci v\u00e1lc\u016f v\u00fdlo\u017en\u00edku prvo\u0159ad\u00e1. Funkce, jako jsou p\u0159etlakov\u00e9 ventily a ochrana proti p\u0159et\u00ed\u017een\u00ed, jsou nezbytn\u00e9 pro prevenci poruch a zaji\u0161t\u011bn\u00ed bezpe\u010dn\u00e9ho provozu. Obsluha by si m\u011bla b\u00fdt t\u011bchto bezpe\u010dnostn\u00edch prvk\u016f v\u011bdoma a m\u011bla by rozum\u011bt tomu, jak funguj\u00ed v r\u00e1mci hydraulick\u00e9ho syst\u00e9mu. Krom\u011b toho je nezbytn\u00e1 pravideln\u00e1 \u00fadr\u017eba a kontroly, aby se identifikovaly potenci\u00e1ln\u00ed bezpe\u010dnostn\u00ed probl\u00e9my d\u0159\u00edve, ne\u017e povedou k nehod\u00e1m.<\/p>\n<h3>Snadn\u00e1 \u00fadr\u017eba<\/h3>\n<p>Navr\u017een\u00ed v\u00e1lc\u016f v\u00fdlo\u017en\u00edku s ohledem na snadnou \u00fadr\u017ebu m\u016f\u017ee v\u00fdrazn\u011b prodlou\u017eit jejich provozn\u00ed \u017eivotnost. Sou\u010d\u00e1sti by m\u011bly b\u00fdt snadno p\u0159\u00edstupn\u00e9 pro kontrolu a opravy, co\u017e by sni\u017eovalo prostoje a n\u00e1klady na \u00fadr\u017ebu. Nab\u00eddka modul\u00e1rn\u00edch konstrukc\u00ed, kter\u00e9 umo\u017e\u0148uj\u00ed snadnou v\u00fdm\u011bnu d\u00edl\u016f, m\u016f\u017ee tak\u00e9 p\u0159isp\u011bt k celkov\u00e9 efektivit\u011b a zajistit, aby za\u0159\u00edzen\u00ed z\u016fstalo provozuschopn\u00e9 a produktivn\u00ed.<\/p>\n<p><img decoding=\"async\" src=\"https:\/\/www.hydraulic-cylinders.net\/wp-content\/uploads\/2025\/04\/songte-oil-pipes-and-spare-parts.webp\" alt=\"Hydraulick\u00e9 komponenty\" \/><\/p>\n<h2>T\u011bsn\u011bn\u00ed a maz\u00e1n\u00ed<\/h2>\n<p>T\u011bsn\u011bn\u00ed a maz\u00e1n\u00ed v\u00e1lc\u016f v\u00fdlo\u017en\u00edku jsou kl\u00ed\u010dov\u00e9 pro jejich v\u00fdkon a dlouhou \u017eivotnost. K udr\u017een\u00ed hydraulick\u00e9ho tlaku a zabr\u00e1n\u011bn\u00ed \u00faniku kapalin se pou\u017e\u00edvaj\u00ed r\u016fzn\u00e9 t\u011bsnic\u00ed komponenty, jako jsou t\u011bsn\u011bn\u00ed p\u00edst\u016f a p\u00edstnic. T\u011bsn\u011bn\u00ed vyroben\u00e1 z odoln\u00fdch materi\u00e1l\u016f, jako je polyuretan a nitrilov\u00e1 pry\u017e, odol\u00e1vaj\u00ed od\u011bru a chemick\u00e9 degradaci, \u010d\u00edm\u017e prodlu\u017euj\u00ed \u017eivotnost v\u00e1lce.<\/p>\n<p>T\u011bleso v\u00e1lce a z\u00e1vitov\u00e9 koncov\u00e9 plochy jsou nav\u00edc p\u0159esn\u011b opracov\u00e1ny pro zlep\u0161en\u00ed odolnosti proti opot\u0159eben\u00ed a zaji\u0161t\u011bn\u00ed hladk\u00e9ho chodu sou\u010d\u00e1st\u00ed v pr\u016fb\u011bhu \u010dasu. Pravideln\u00e9 maz\u00e1n\u00ed je nezbytn\u00e9; obsluha by m\u011bla pravideln\u011b dopl\u0148ovat hydraulick\u00fd olej, aby si udr\u017eela optim\u00e1ln\u00ed v\u00fdkon a sn\u00ed\u017eila opot\u0159eben\u00ed, a t\u00edm prodlou\u017eila \u017eivotnost hydraulick\u00e9ho syst\u00e9mu. Spr\u00e1vn\u00e9 maz\u00e1n\u00ed tak\u00e9 minimalizuje riziko p\u0159eh\u0159\u00e1t\u00ed a sni\u017euje t\u0159en\u00ed, co\u017e umo\u017e\u0148uje plynulej\u0161\u00ed provoz.<\/p>\n<h2>Pravideln\u00e1 kontrola a preventivn\u00ed \u00fadr\u017eba<\/h2>\n<ul>\n<li><strong>Rutinn\u00ed kontroly:<\/strong> Prov\u00e1d\u011bn\u00ed pravideln\u00fdch kontrol hydraulick\u00fdch v\u00e1lc\u016f je nezbytn\u00e9 pro v\u010dasnou identifikaci potenci\u00e1ln\u00edch probl\u00e9m\u016f. Kontrolujte net\u011bsnosti, opot\u0159eben\u00ed a dal\u0161\u00ed zn\u00e1mky po\u0161kozen\u00ed. V\u010dasn\u00e9 odhalen\u00ed m\u016f\u017ee zabr\u00e1nit n\u00e1kladn\u00fdm oprav\u00e1m a zajistit bezpe\u010dnost.<\/li>\n<li><strong>Spr\u00e1vn\u00e9 maz\u00e1n\u00ed:<\/strong> Zajist\u011bte udr\u017eov\u00e1n\u00ed hladiny hydraulick\u00e9ho oleje a pravidelnou \u00fadr\u017ebu mazac\u00edch m\u00edst. Spr\u00e1vn\u00e9 maz\u00e1n\u00ed sni\u017euje t\u0159en\u00ed a opot\u0159eben\u00ed, \u010d\u00edm\u017e zvy\u0161uje v\u00fdkon a \u017eivotnost v\u00e1lc\u016f.<\/li>\n<li><strong>V\u00fdm\u011bna t\u011bsn\u011bn\u00ed:<\/strong> Postupem \u010dasu se t\u011bsn\u011bn\u00ed mohou opot\u0159ebovat a vy\u017eadovat v\u00fdm\u011bnu. Pravideln\u011b kontrolujte stav t\u011bsn\u011bn\u00ed a v p\u0159\u00edpad\u011b pot\u0159eby je vym\u011b\u0148ujte, abyste zabr\u00e1nili net\u011bsnostem a zachovali integritu syst\u00e9mu.<\/li>\n<\/ul>\n<h2>Pokyny k instalaci<\/h2>\n<p>Spr\u00e1vn\u00e1 instalace v\u00e1lce v\u00fdlo\u017en\u00edku je z\u00e1sadn\u00ed pro jeho v\u00fdkon a bezpe\u010dnost. Za\u010dn\u011bte t\u00edm, \u017ee se ujist\u00edte, \u017ee je m\u00edsto instalace \u010dist\u00e9 a bez ne\u010distot. V\u00e1lec spr\u00e1vn\u011b vyrovnejte, abyste zabr\u00e1nili jeho nespr\u00e1vn\u00e9mu vyrovn\u00e1n\u00ed, kter\u00e9 m\u016f\u017ee zp\u016fsobit p\u0159ed\u010dasn\u00e9 opot\u0159eben\u00ed nebo poruchu. K zaji\u0161t\u011bn\u00ed v\u00e1lce na m\u00edst\u011b pou\u017eijte vhodn\u00e9 mont\u00e1\u017en\u00ed konzoly a ujist\u011bte se, \u017ee je pevn\u011b uchycen a stabiln\u00ed.<\/p>\n<p>Dodr\u017eujte specifikace v\u00fdrobce ohledn\u011b nastaven\u00ed utahovac\u00edho momentu a pou\u017e\u00edvejte vysoce kvalitn\u00ed spojovac\u00ed prvky, abyste zabr\u00e1nili jejich uvoln\u011bn\u00ed v pr\u016fb\u011bhu \u010dasu. Po instalaci prove\u010fte zku\u0161ebn\u00ed provoz, abyste zkontrolovali t\u011bsnost a ujistili se, \u017ee v\u00e1lec funguje hladce. V\u011bnujte pozornost v\u0161em neobvykl\u00fdm zvuk\u016fm nebo pohyb\u016fm, kter\u00e9 by mohly nazna\u010dovat probl\u00e9m. Nakonec zdokumentujte proces instalace, abyste si mohli uchov\u00e1vat z\u00e1znamy pro budouc\u00ed pou\u017eit\u00ed.<\/p>\n<h2>B\u011b\u017en\u00e9 \u00fakoly \u00fadr\u017eby<\/h2>\n<h3>Rutinn\u00ed kontroly<\/h3>\n<p>Pravideln\u00e9 kontroly jsou pro \u00fadr\u017ebu hydraulick\u00fdch syst\u00e9m\u016f z\u00e1sadn\u00ed. Technici by m\u011bli kontrolovat zn\u00e1mky opot\u0159eben\u00ed, net\u011bsnosti a dal\u0161\u00ed potenci\u00e1ln\u00ed probl\u00e9my. \u010cast\u00e9 kontroly pom\u00e1haj\u00ed zajistit, aby ve\u0161ker\u00e9 nezbytn\u00e9 opravy nebo v\u00fdm\u011bny byly provedeny v\u010das, \u010d\u00edm\u017e se minimalizuj\u00ed prostoje a zvy\u0161uje bezpe\u010dnost. Pravideln\u00e1 dokumentace v\u00fdsledk\u016f kontrol m\u016f\u017ee tak\u00e9 pomoci sledovat stav za\u0159\u00edzen\u00ed v pr\u016fb\u011bhu \u010dasu.<\/p>\n<h3>Vhodn\u00e9 maz\u00e1n\u00ed<\/h3>\n<p>Zaji\u0161t\u011bn\u00ed spr\u00e1vn\u00e9ho maz\u00e1n\u00ed hydraulick\u00fdch v\u00e1lc\u016f je z\u00e1sadn\u00ed pro jejich dlouhou \u017eivotnost. Technici by m\u011bli stanovit mazac\u00ed pl\u00e1n, kter\u00fd je v souladu s doporu\u010den\u00edmi v\u00fdrobce. T\u00edm se nejen zabr\u00e1n\u00ed opot\u0159eben\u00ed a p\u0159eh\u0159\u00e1t\u00ed, ale tak\u00e9 se p\u0159isp\u00edv\u00e1 k celkov\u00e9 \u00fa\u010dinnosti hydraulick\u00e9ho syst\u00e9mu. Pravideln\u00e1 kontrola hladiny kapalin a jejich v\u00fdm\u011bna v p\u0159\u00edpad\u011b pot\u0159eby je nezbytn\u00e1 pro udr\u017een\u00ed optim\u00e1ln\u00edho v\u00fdkonu.<\/p>\n<h3>V\u00fdm\u011bna t\u011bsn\u011bn\u00ed a kontroly kalibrace<\/h3>\n<p>Postupem \u010dasu se t\u011bsn\u011bn\u00ed opot\u0159ebov\u00e1vaj\u00ed a je nutn\u00e9 je vym\u011bnit, aby se zachovala integrita syst\u00e9mu. Technici by m\u011bli b\u00fdt pro\u0161koleni v rozpozn\u00e1v\u00e1n\u00ed zn\u00e1mek opot\u0159eben\u00ed t\u011bsn\u011bn\u00ed a rozum\u011bt procesu v\u00fdm\u011bny. Pravideln\u00e9 kalibra\u010dn\u00ed kontroly nav\u00edc zaji\u0161\u0165uj\u00ed, \u017ee hydraulick\u00fd syst\u00e9m pracuje v r\u00e1mci stanoven\u00fdch parametr\u016f, \u010d\u00edm\u017e se p\u0159edch\u00e1z\u00ed probl\u00e9m\u016fm s v\u00fdkonem a zvy\u0161uje se bezpe\u010dnost. Spr\u00e1vn\u00e9 \u0161kolen\u00ed a dodr\u017eov\u00e1n\u00ed pl\u00e1n\u016f \u00fadr\u017eby jsou z\u00e1sadn\u00ed pro prodlou\u017een\u00ed \u017eivotnosti hydraulick\u00fdch v\u00e1lc\u016f.<\/p>\n<p><img decoding=\"async\" src=\"https:\/\/www.hydraulic-cylinders.net\/wp-content\/uploads\/2025\/04\/songte-chushion-collar.webp\" alt=\"Instalace a \u00fadr\u017eba\" \/><\/p>\n<h2>Bezpe\u010dnostn\u00ed aspekty a faktory prost\u0159ed\u00ed<\/h2>\n<p>P\u0159i pr\u00e1ci s v\u00e1lci v\u00fdlo\u017en\u00edku jsou bezpe\u010dnostn\u00ed opat\u0159en\u00ed nezbytn\u00e1. Obsluha mus\u00ed dodr\u017eovat bezpe\u010dnostn\u00ed protokoly, v\u010detn\u011b no\u0161en\u00ed vhodn\u00fdch osobn\u00edch ochrann\u00fdch prost\u0159edk\u016f (OOP) a pochopen\u00ed specifick\u00fdch rizik spojen\u00fdch s hydraulick\u00fdmi syst\u00e9my. Pravideln\u00e9 \u0161kolen\u00ed o bezpe\u010dn\u00fdch provozn\u00edch postupech m\u016f\u017ee pomoci minimalizovat rizika. Krom\u011b toho je z\u00e1sadn\u00ed dodr\u017eov\u00e1n\u00ed environment\u00e1ln\u00edch p\u0159edpis\u016f, kter\u00e9 zaji\u0161\u0165uj\u00ed bezpe\u010dnou manipulaci s hydraulick\u00fdmi kapalinami a dal\u0161\u00edmi materi\u00e1ly a jejich likvidaci.<\/p>\n<h2>Odstra\u0148ov\u00e1n\u00ed probl\u00e9m\u016f a b\u011b\u017en\u00e9 probl\u00e9my<\/h2>\n<ul>\n<li><strong>\u00danik:<\/strong> K \u00fanik\u016fm hydraulick\u00e9 kapaliny m\u016f\u017ee doch\u00e1zet v d\u016fsledku opot\u0159ebovan\u00fdch t\u011bsn\u011bn\u00ed nebo po\u0161kozen\u00fdch sou\u010d\u00e1st\u00ed. Pro zachov\u00e1n\u00ed integrity syst\u00e9mu je nezbytn\u00e9 identifikovat zdroj \u00faniku a v\u010das vym\u011bnit t\u011bsn\u011bn\u00ed nebo po\u0161kozen\u00e9 sou\u010d\u00e1sti.<\/li>\n<li><strong>Neobvykl\u00e9 zvuky:<\/strong> Pokud v\u00e1lec v\u00fdlo\u017en\u00edku b\u011bhem provozu vyd\u00e1v\u00e1 neobvykl\u00e9 zvuky, m\u016f\u017ee to znamenat nedostate\u010dn\u00e9 maz\u00e1n\u00ed nebo vnit\u0159n\u00ed po\u0161kozen\u00ed. Vypn\u011bte za\u0159\u00edzen\u00ed a prove\u010fte d\u016fkladnou kontrolu, abyste probl\u00e9m identifikovali a odstranili.<\/li>\n<li><strong>Nekonzistentn\u00ed v\u00fdkon:<\/strong> Pokud v\u00e1lec nepracuje hladce nebo vykazuje nekonzistentn\u00ed v\u00fdkon, m\u016f\u017ee to b\u00fdt zp\u016fsobeno vzduchem v hydraulick\u00e9m potrub\u00ed nebo n\u00edzkou hladinou kapaliny. Odvzdu\u0161n\u011bn\u00ed hydraulick\u00e9ho syst\u00e9mu a kontrola hladiny kapalin mohou tyto probl\u00e9my vy\u0159e\u0161it.<\/li>\n<\/ul>\n<h3>Tipy pro \u0159e\u0161en\u00ed probl\u00e9m\u016f<\/h3>\n<p>Aby bylo mo\u017en\u00e9 efektivn\u011b diagnostikovat a \u0159e\u0161it probl\u00e9my s v\u00e1lci v\u00fdlo\u017en\u00edku, m\u011bli by oper\u00e1to\u0159i v\u00e9st podrobn\u00e9 z\u00e1znamy o \u00fadr\u017eb\u011b a kontroln\u00edch \u010dinnostech. Pravideln\u00e1 kontrola t\u011bchto z\u00e1znam\u016f m\u016f\u017ee pomoci identifikovat vzorce a potenci\u00e1ln\u00ed probl\u00e9my. Zaveden\u00ed preventivn\u00edch opat\u0159en\u00ed, jako je b\u011b\u017en\u00e1 \u00fadr\u017eba a kontroly, m\u016f\u017ee minimalizovat v\u00fdskyt probl\u00e9m\u016f a zlep\u0161it celkov\u00fd v\u00fdkon syst\u00e9mu.<\/p>\n<p><img decoding=\"async\" src=\"https:\/\/www.hydraulic-cylinders.net\/wp-content\/uploads\/2025\/04\/songte-bushings-with-all-kinds-of-excavator-models.webp\" alt=\"\u0158e\u0161en\u00ed probl\u00e9m\u016f s hydraulick\u00fdmi v\u00e1lci\" \/><\/p>\n<h2>O na\u0161\u00ed spole\u010dnosti<\/h2>\n<p>Jsme p\u0159edn\u00edm v\u00fdrobcem n\u00e1hradn\u00edch hydraulick\u00fdch v\u00e1lc\u016f a nab\u00edz\u00edme komplexn\u00ed sortiment produkt\u016f, d\u00edky nim\u017e jsme se stali jedn\u00edm z p\u0159edn\u00edch v\u00fdrobc\u016f a velkoobchodn\u00edk\u016f na dom\u00e1c\u00edm i mezin\u00e1rodn\u00edm trhu. Jsme odd\u00e1ni dokonalosti a spol\u00e9h\u00e1me na propracovanou v\u00fdrobn\u00ed strategii, kter\u00e1 klade d\u016fraz na \u0159\u00edzen\u00ed pr\u016fmyslov\u00e9 v\u00fdroby. Na\u0161e spole\u010dnost neust\u00e1le vylep\u0161uje svou v\u00fdrobn\u00ed platformu integrac\u00ed technick\u00fdch znalost\u00ed, pokro\u010dil\u00e9ho digit\u00e1ln\u00edho v\u00fdrobn\u00edho za\u0159\u00edzen\u00ed a profesion\u00e1ln\u00edch testovac\u00edch syst\u00e9m\u016f.<\/p>\n<p>Na\u0161e robustn\u00ed kapacity n\u00e1m umo\u017e\u0148uj\u00ed efektivn\u011b uspokojovat rozmanit\u00e9 po\u017eadavky z\u00e1kazn\u00edk\u016f se zam\u011b\u0159en\u00edm na vysokou efektivitu, p\u0159esnost a kvalitu. Nab\u00edz\u00edme \u0159e\u0161en\u00ed na m\u00edru, abychom zajistili, \u017ee na\u0161i klienti obdr\u017e\u00ed produkty p\u0159izp\u016fsoben\u00e9 jejich specifick\u00fdm po\u017eadavk\u016fm. Krom\u011b toho jsme z\u00edskali mezin\u00e1rodn\u00ed certifikace, kter\u00e9 potvrzuj\u00ed n\u00e1\u0161 z\u00e1vazek k dodr\u017eov\u00e1n\u00ed standard\u016f kvality a bezpe\u010dnosti.<\/p>\n<p><img decoding=\"async\" src=\"https:\/\/www.hydraulic-cylinders.net\/wp-content\/uploads\/2025\/04\/songte-company-4.webp\" alt=\"P\u0159ehled spole\u010dnosti\" \/><br \/>\n<img decoding=\"async\" src=\"https:\/\/www.hydraulic-cylinders.net\/wp-content\/uploads\/2025\/04\/songte-company-3.webp\" alt=\"Na\u0161e v\u00fdrobn\u00ed za\u0159\u00edzen\u00ed\" \/><\/p>\n<p>Autor: lyl<\/p>","protected":false},"excerpt":{"rendered":"<p>Boom Cylinder For Yuchai YC240LC-8 Product Overview The Boom Cylinder for Yuchai YC240LC-8 is a critical component in hydraulic systems, designed specifically for controlling the movement of the bucket in various heavy machinery, such as excavators, backhoe loaders, and front loaders. This hydraulic cylinder enables the bucket to lift, lower, and tilt, facilitating efficient material [&hellip;]<\/p>","protected":false},"featured_media":17881,"comment_status":"open","ping_status":"closed","template":"","meta":{"_et_pb_use_builder":"","_et_pb_old_content":"","_et_gb_content_width":""},"product_brand":[],"product_cat":[1546],"product_tag":[1547,1496],"class_list":{"0":"post-19588","1":"product","2":"type-product","3":"status-publish","4":"has-post-thumbnail","6":"product_cat-boom-cylinders","7":"product_tag-boom-cylinders","8":"product_tag-hydraulic-cylinders","10":"first","11":"instock","12":"shipping-taxable","13":"product-type-simple"},"amp_enabled":true,"_links":{"self":[{"href":"https:\/\/www.hydraulic-cylinders.net\/cs\/wp-json\/wp\/v2\/product\/19588","targetHints":{"allow":["GET"]}}],"collection":[{"href":"https:\/\/www.hydraulic-cylinders.net\/cs\/wp-json\/wp\/v2\/product"}],"about":[{"href":"https:\/\/www.hydraulic-cylinders.net\/cs\/wp-json\/wp\/v2\/types\/product"}],"replies":[{"embeddable":true,"href":"https:\/\/www.hydraulic-cylinders.net\/cs\/wp-json\/wp\/v2\/comments?post=19588"}],"wp:featuredmedia":[{"embeddable":true,"href":"https:\/\/www.hydraulic-cylinders.net\/cs\/wp-json\/wp\/v2\/media\/17881"}],"wp:attachment":[{"href":"https:\/\/www.hydraulic-cylinders.net\/cs\/wp-json\/wp\/v2\/media?parent=19588"}],"wp:term":[{"taxonomy":"product_brand","embeddable":true,"href":"https:\/\/www.hydraulic-cylinders.net\/cs\/wp-json\/wp\/v2\/product_brand?post=19588"},{"taxonomy":"product_cat","embeddable":true,"href":"https:\/\/www.hydraulic-cylinders.net\/cs\/wp-json\/wp\/v2\/product_cat?post=19588"},{"taxonomy":"product_tag","embeddable":true,"href":"https:\/\/www.hydraulic-cylinders.net\/cs\/wp-json\/wp\/v2\/product_tag?post=19588"}],"curies":[{"name":"wp","href":"https:\/\/api.w.org\/{rel}","templated":true}]}}