{"id":19592,"date":"2025-04-07T06:56:19","date_gmt":"2025-04-07T06:56:19","guid":{"rendered":"https:\/\/www.hydraulic-cylinders.net\/product\/boom-cylinder-for-tota-tx210c\/"},"modified":"2025-04-07T06:56:22","modified_gmt":"2025-04-07T06:56:22","slug":"boom-cylinder-for-tota-tx210c","status":"publish","type":"product","link":"https:\/\/www.hydraulic-cylinders.net\/cs\/produkt\/boom-cylinder-for-tota-tx210c\/","title":{"rendered":"V\u00e1lec v\u00fdlo\u017en\u00edku pro Tota TX210C"},"content":{"rendered":"<h1>V\u00e1lec v\u00fdlo\u017en\u00edku pro Tota TX210C<\/h1>\n<h2>P\u0159ehled produktu<\/h2>\n<p>Hydraulick\u00fd v\u00e1lec v\u00fdlo\u017en\u00edku pro Tota TX210C je kl\u00ed\u010dovou sou\u010d\u00e1st\u00ed hydraulick\u00fdch syst\u00e9m\u016f, speci\u00e1ln\u011b navr\u017eenou pro ovl\u00e1d\u00e1n\u00ed pohybu v\u00fdlo\u017en\u00edku u r\u016fzn\u00fdch t\u011b\u017ek\u00fdch stroj\u016f, jako jsou bagry, r\u00fdpadlo-naklada\u010de a \u010deln\u00ed naklada\u010de. Tento hydraulick\u00fd v\u00e1lec umo\u017e\u0148uje zved\u00e1n\u00ed, spou\u0161t\u011bn\u00ed a nakl\u00e1p\u011bn\u00ed v\u00fdlo\u017en\u00edku, co\u017e usnad\u0148uje efektivn\u00ed manipulaci s materi\u00e1lem.<\/p>\n<p>V podstat\u011b je kore\u010dkov\u00fd v\u00e1lec typ hydraulick\u00e9ho v\u00e1lce navr\u017een\u00e9ho pro p\u0159esn\u00fd a spolehliv\u00fd provoz. Zaji\u0161\u0165uje, aby se t\u011b\u017ek\u00e1 za\u0159\u00edzen\u00ed mohla efektivn\u011b pohybovat v n\u00e1ro\u010dn\u00fdch pracovn\u00edch podm\u00ednk\u00e1ch, co\u017e z n\u011bj \u010din\u00ed nepostradateln\u00fd prvek ve stavebnictv\u00ed, zem\u011bd\u011blstv\u00ed a dal\u0161\u00edch t\u011b\u017ek\u00fdch aplikac\u00edch.<\/p>\n<p><img decoding=\"async\" src=\"https:\/\/www.hydraulic-cylinders.net\/wp-content\/uploads\/2025\/04\/songte-company-1.webp\" alt=\"Obr\u00e1zek v\u00e1lce v\u00fdlo\u017en\u00edku\" \/><\/p>\n<h2>Kl\u00ed\u010dov\u00e9 vlastnosti<\/h2>\n<ul>\n<li><strong>Vysok\u00e1 pevnost a trvanlivost:<\/strong> Tyto v\u00e1lce, vyroben\u00e9 z vysokopevnostn\u00ed oceli nebo hlin\u00edku, odol\u00e1vaj\u00ed vysok\u00e9mu tlaku a velk\u00e9mu zat\u00ed\u017een\u00ed a p\u0159izp\u016fsobuj\u00ed se n\u00e1ro\u010dn\u00fdm pracovn\u00edm prost\u0159ed\u00edm. Konstrukce klade d\u016fraz na odolnost proti opot\u0159eben\u00ed a korozi, co\u017e zaji\u0161\u0165uje prodlou\u017eenou \u017eivotnost.<\/li>\n<li><strong>Efektivn\u00ed hydraulick\u00fd provoz:<\/strong> Tyto v\u00e1lce vyu\u017e\u00edvaj\u00ed tlak hydraulick\u00e9ho oleje a zaji\u0161\u0165uj\u00ed plynul\u00fd pohyb vysouv\u00e1n\u00ed a zasouv\u00e1n\u00ed. Dok\u00e1\u017eou rychle reagovat na \u0159\u00eddic\u00ed povely a vytv\u00e1\u0159et siln\u00e9 tlakov\u00e9 a ta\u017en\u00e9 s\u00edly, ide\u00e1ln\u00ed pro manipulaci s t\u011b\u017ek\u00fdmi materi\u00e1ly a slo\u017eit\u00fdmi \u00fakoly.<\/li>\n<li><strong>R\u016fzn\u00e9 typy:<\/strong> V\u00e1lce v\u00fdlo\u017en\u00edku jsou k dispozici v jedno\u010dinn\u00e9m (ovl\u00e1daj\u00edc\u00edm se v jednom sm\u011bru) a dvoj\u010dinn\u00e9m (ovl\u00e1daj\u00edc\u00edm se v obou sm\u011brech) proveden\u00ed, aby spl\u0148ovaly r\u016fzn\u00e9 provozn\u00ed pot\u0159eby. N\u011bkter\u00e9 modely jsou teleskopick\u00e9, co\u017e umo\u017e\u0148uje v\u011bt\u0161\u00ed vysunut\u00ed bez zv\u011bt\u0161en\u00ed vn\u011bj\u0161\u00edch rozm\u011br\u016f, a jsou vhodn\u00e9 pro aplikace s omezen\u00fdm prostorem.<\/li>\n<li><strong>Zak\u00e1zkov\u00e1 v\u00fdroba:<\/strong> Tyto produkty vyr\u00e1b\u00edme tak, aby dokonale nahradily hydraulick\u00e9 v\u00e1lce a zajistily tak kompatibilitu a v\u00fdkon.<\/li>\n<li><strong>V\u0161estrann\u00e9 aplikace:<\/strong> Vhodn\u00e9 pro r\u016fzn\u00e9 stroje a \u00fakoly, zvy\u0161uj\u00edc\u00ed provozn\u00ed efektivitu v r\u016fzn\u00fdch odv\u011btv\u00edch.<\/li>\n<\/ul>\n<p><img decoding=\"async\" src=\"https:\/\/www.hydraulic-cylinders.net\/wp-content\/uploads\/2025\/04\/songte-cylinder-head-with-all-kinds-excavator-models.webp\" alt=\"Modely bagr\u016f\" \/><\/p>\n<h2>Aplikace<\/h2>\n<h3>Stavebn\u00ed stroje<\/h3>\n<p>V\u00e1lce v\u00fdlo\u017en\u00edku se nach\u00e1zej\u00ed v bagrech a jsou kl\u00ed\u010dov\u00e9 pro kop\u00e1n\u00ed, nakl\u00e1d\u00e1n\u00ed a p\u0159esouv\u00e1n\u00ed zeminy nebo suti. Umo\u017e\u0148uj\u00ed p\u0159esn\u00e9 ovl\u00e1d\u00e1n\u00ed pohyb\u016f v\u00fdlo\u017en\u00edku, d\u00edky \u010demu\u017e jsou \u00fakoly efektivn\u00ed a \u00fa\u010dinn\u00e9. U rypadlo-naklada\u010d\u016f tyto v\u00e1lce pom\u00e1haj\u00ed jak p\u0159i kop\u00e1n\u00ed, tak p\u0159i zved\u00e1n\u00ed, co\u017e ukazuje jejich v\u0161estrannost ve stavebn\u00edch projektech.<\/p>\n<h3>Zem\u011bd\u011blsk\u00e9 stroje<\/h3>\n<p>U \u010deln\u00edch naklada\u010d\u016f jsou v\u00e1lce v\u00fdlo\u017en\u00edku zodpov\u011bdn\u00e9 za nab\u00edr\u00e1n\u00ed, zved\u00e1n\u00ed a p\u0159epravu zeminy, sena a dal\u0161\u00edch materi\u00e1l\u016f. Jejich spolehliv\u00fd v\u00fdkon pom\u00e1h\u00e1 zem\u011bd\u011blc\u016fm a zem\u011bd\u011blsk\u00fdm pracovn\u00edk\u016fm snadno zvl\u00e1dat t\u011b\u017ek\u00e9 n\u00e1klady a zvy\u0161uje produktivitu na farm\u011b.<\/p>\n<h3>Bagry<\/h3>\n<p>U bagr\u016f umo\u017e\u0148uje v\u00e1lec v\u00fdlo\u017en\u00edku l\u017e\u00edci efektivn\u00ed pronik\u00e1n\u00ed do zem\u011b b\u011bhem v\u00fdkopov\u00fdch prac\u00ed. Tato funkce je z\u00e1sadn\u00ed pro stavebn\u00ed, krajin\u00e1\u0159sk\u00e9 a in\u017een\u00fdrsk\u00e9 projekty, kde je vy\u017eadov\u00e1no hlubok\u00e9 kop\u00e1n\u00ed a zemn\u00ed pr\u00e1ce.<\/p>\n<h3>Naklada\u010de<\/h3>\n<p>U \u010deln\u00edch naklada\u010d\u016f pom\u00e1haj\u00ed v\u00e1lce v\u00fdlo\u017en\u00edku efektivn\u011b zvedat a vykl\u00e1dat b\u0159emena. Zaji\u0161\u0165uj\u00ed rychl\u00fd a bezpe\u010dn\u00fd pohyb materi\u00e1l\u016f, \u010d\u00edm\u017e zvy\u0161uj\u00ed celkovou efektivitu nakl\u00e1dac\u00edch operac\u00ed v r\u016fzn\u00fdch pr\u016fmyslov\u00fdch prost\u0159ed\u00edch.<\/p>\n<h2>\u00davahy o n\u00e1vrhu a standardy v\u00fdb\u011bru<\/h2>\n<h3>Nosnost<\/h3>\n<p>P\u0159i v\u00fdb\u011bru v\u00e1lce v\u00fdlo\u017en\u00edku je nosnost prvo\u0159ad\u00e1. Je nezbytn\u00e9 pochopit maxim\u00e1ln\u00ed zat\u00ed\u017een\u00ed, kter\u00e9 v\u00e1lec b\u011bhem provozu zvl\u00e1dne. P\u0159et\u00ed\u017een\u00ed m\u016f\u017ee v\u00e9st ke katastrof\u00e1ln\u00edm poruch\u00e1m, proto je nezbytn\u00fd v\u00fdb\u011br v\u00e1lce s vhodnou nosnost\u00ed pro konkr\u00e9tn\u00ed aplikace. To zahrnuje posouzen\u00ed hmotnosti manipulovan\u00e9ho materi\u00e1lu a po\u017eadovan\u00fdch v\u00fd\u0161ek zdvihu. V\u00fdrobci \u010dasto specifikuj\u00ed nosnosti na z\u00e1klad\u011b d\u016fkladn\u00e9ho testov\u00e1n\u00ed, aby se zajistilo, \u017ee v\u00e1lce budou fungovat za o\u010dek\u00e1van\u00fdch provozn\u00edch podm\u00ednek.<\/p>\n<h3>T\u011bsnic\u00ed v\u00fdkon<\/h3>\n<p>T\u011bsn\u011bn\u00ed je u hydraulick\u00fdch v\u00e1lc\u016f z\u00e1sadn\u00ed, aby se zabr\u00e1nilo \u00faniku kapaliny a udr\u017eel tlak. Pro zaji\u0161t\u011bn\u00ed optim\u00e1ln\u00edho v\u00fdkonu a dlouh\u00e9 \u017eivotnosti je nutn\u00e9 volit vysoce kvalitn\u00ed t\u011bsn\u011bn\u00ed. Materi\u00e1ly pou\u017eit\u00e9 pro t\u011bsn\u011bn\u00ed by m\u011bly odol\u00e1vat n\u00e1ro\u010dn\u00fdm podm\u00ednk\u00e1m, kter\u00fdm \u010del\u00ed, v\u010detn\u011b teplotn\u00edch v\u00fdkyv\u016f a vystaven\u00ed ne\u010distot\u00e1m. Spr\u00e1vn\u00e9 t\u011bsn\u011bn\u00ed nejen zlep\u0161uje \u00fa\u010dinnost, ale tak\u00e9 prodlu\u017euje \u017eivotnost hydraulick\u00e9ho syst\u00e9mu. Pravideln\u00e1 \u00fadr\u017eba t\u011bsn\u011bn\u00ed je nezbytn\u00e1, aby se zabr\u00e1nilo net\u011bsnostem, kter\u00e9 by mohly v\u00e9st ke sn\u00ed\u017een\u00ed v\u00fdkonu a mo\u017en\u00e9mu po\u0161kozen\u00ed.<\/p>\n<h3>Trvanlivost<\/h3>\n<p>Trvanlivost je kl\u00ed\u010dov\u00fdm faktorem, proto\u017ee v\u00e1lce v\u00fdlo\u017en\u00edku pracuj\u00ed v n\u00e1ro\u010dn\u00fdch prost\u0159ed\u00edch. Materi\u00e1ly pou\u017eit\u00e9 p\u0159i v\u00fdrob\u011b by m\u011bly b\u00fdt odoln\u00e9 proti opot\u0159eben\u00ed a korozi, co\u017e by zajistilo dlouhodobou spolehlivost. V\u00fdrobci pou\u017e\u00edvaj\u00ed pokro\u010dil\u00e9 povlaky a \u00fapravy, kter\u00e9 zvy\u0161uj\u00ed odolnost v\u00e1lc\u016f a umo\u017e\u0148uj\u00ed jim odolat n\u00e1ro\u010dn\u00fdm aplikac\u00edm v n\u00e1ro\u010dn\u00e9m prost\u0159ed\u00ed. Pochopen\u00ed faktor\u016f prost\u0159ed\u00ed, kter\u00fdm bude v\u00e1lec \u010delit, jako je vlhkost, prach a extr\u00e9mn\u00ed teploty, pom\u00e1h\u00e1 p\u0159i v\u00fdb\u011bru vhodn\u011b odoln\u00fdch mo\u017enost\u00ed.<\/p>\n<h3>Bezpe\u010dnostn\u00ed prvky<\/h3>\n<p>Bezpe\u010dnost je p\u0159i konstrukci hydraulick\u00fdch v\u00e1lc\u016f prvo\u0159ad\u00e1. Prvky, jako jsou p\u0159etlakov\u00e9 ventily a bezpe\u010dnostn\u00ed mechanismy, jsou kl\u00ed\u010dov\u00e9 pro prevenci nehod a po\u0161kozen\u00ed za\u0159\u00edzen\u00ed. Obsluha by si m\u011bla b\u00fdt t\u011bchto bezpe\u010dnostn\u00edch prvk\u016f v\u011bdoma a m\u011bla by rozum\u011bt tomu, jak je b\u011bhem provozu efektivn\u011b vyu\u017e\u00edvat. Pravideln\u00e9 \u0161kolen\u00ed o bezpe\u010dnostn\u00edch opat\u0159en\u00edch m\u016f\u017ee v\u00fdrazn\u011b sn\u00ed\u017eit riziko nehod s hydraulick\u00fdmi za\u0159\u00edzen\u00edmi.<\/p>\n<h3>\u00dadr\u017eba a provozuschopnost<\/h3>\n<p>Dal\u0161\u00edm kritick\u00fdm konstruk\u010dn\u00edm hlediskem je \u00fadr\u017eba a provozuschopnost. Hydraulick\u00e9 v\u00e1lce by m\u011bly b\u00fdt navr\u017eeny tak, aby umo\u017e\u0148ovaly snadn\u00fd p\u0159\u00edstup k vnit\u0159n\u00edm sou\u010d\u00e1stem pro pravidelnou kontrolu a \u00fadr\u017ebu. To zahrnuje mo\u017enost v\u00fdm\u011bny t\u011bsn\u011bn\u00ed, kontroly hladiny kapalin a servisu hydraulick\u00e9ho oleje bez rozs\u00e1hl\u00e9 demont\u00e1\u017ee. Dob\u0159e navr\u017een\u00fd v\u00e1lec minimalizuje prostoje a n\u00e1klady na \u00fadr\u017ebu, co\u017e p\u0159isp\u00edv\u00e1 k celkov\u00e9 provozn\u00ed efektivit\u011b.<\/p>\n<p><img decoding=\"async\" src=\"https:\/\/www.hydraulic-cylinders.net\/wp-content\/uploads\/2025\/04\/songte-oil-pipes-and-spare-parts.webp\" alt=\"Olejov\u00e9 trubky a n\u00e1hradn\u00ed d\u00edly\" \/><\/p>\n<h2>T\u011bsn\u011bn\u00ed a maz\u00e1n\u00ed<\/h2>\n<p>\u00da\u010dinn\u00e9 t\u011bsn\u011bn\u00ed a maz\u00e1n\u00ed jsou pro v\u00fdkon hydraulick\u00fdch v\u00e1lc\u016f z\u00e1sadn\u00ed. K zaji\u0161t\u011bn\u00ed prevence \u00fanik\u016f kapalin se pou\u017e\u00edvaj\u00ed r\u016fzn\u00e9 t\u011bsnic\u00ed komponenty, jako jsou t\u011bsn\u011bn\u00ed p\u00edst\u016f a p\u00edstnic. T\u011bsn\u011bn\u00ed vyroben\u00e1 z materi\u00e1l\u016f odoln\u00fdch proti opot\u0159eben\u00ed, jako je polyuretan a nitrilov\u00e1 pry\u017e, jsou preferov\u00e1na pro svou trvanlivost a spolehlivost. T\u011bleso v\u00e1lce a z\u00e1vitov\u00e9 koncov\u00e9 plochy proch\u00e1zej\u00ed pe\u010dliv\u00fdm zpracov\u00e1n\u00edm, aby se zv\u00fd\u0161ila odolnost proti opot\u0159eben\u00ed a celkov\u00fd v\u00fdkon. Pravideln\u00e9 p\u0159id\u00e1v\u00e1n\u00ed vhodn\u00e9ho mno\u017estv\u00ed hydraulick\u00e9ho oleje pro maz\u00e1n\u00ed je nezbytn\u00e9 pro udr\u017een\u00ed optim\u00e1ln\u00edho provozu a sn\u00ed\u017een\u00ed opot\u0159eben\u00ed.<\/p>\n<h2>Preventivn\u00ed \u00fadr\u017ebov\u00e1 opat\u0159en\u00ed<\/h2>\n<ul>\n<li><strong>Pravideln\u00e9 kontroly:<\/strong> Prov\u00e1d\u011bn\u00ed pravideln\u00fdch kontrol hydraulick\u00e9ho syst\u00e9mu je z\u00e1sadn\u00ed. Pat\u0159\u00ed sem kontrola net\u011bsnost\u00ed, posouzen\u00ed stavu t\u011bsn\u011bn\u00ed a zaji\u0161t\u011bn\u00ed optim\u00e1ln\u00ed hladiny hydraulick\u00e9 kapaliny. V\u010dasn\u00e9 odhalen\u00ed potenci\u00e1ln\u00edch probl\u00e9m\u016f m\u016f\u017ee zabr\u00e1nit n\u00e1kladn\u00fdm oprav\u00e1m a prostoj\u016fm.<\/li>\n<li><strong>Maz\u00e1n\u00ed:<\/strong> Zaji\u0161t\u011bn\u00ed dostate\u010dn\u00e9ho maz\u00e1n\u00ed v\u0161ech pohybliv\u00fdch \u010d\u00e1st\u00ed je z\u00e1sadn\u00ed pro sn\u00ed\u017een\u00ed t\u0159en\u00ed a opot\u0159eben\u00ed. Pravideln\u00e9 pou\u017e\u00edv\u00e1n\u00ed doporu\u010den\u00e9ho hydraulick\u00e9ho oleje pom\u00e1h\u00e1 udr\u017eovat efektivn\u00ed provoz a prodlu\u017euje \u017eivotnost v\u00e1lce.<\/li>\n<li><strong>V\u00fdm\u011bna t\u011bsn\u011bn\u00ed:<\/strong> Postupem \u010dasu se t\u011bsn\u011bn\u00ed mohou opot\u0159ebovat a ztratit svou \u00fa\u010dinnost. Pravideln\u00e9 v\u00fdm\u011bny jsou nezbytn\u00e9 k prevenci net\u011bsnost\u00ed a udr\u017een\u00ed hydraulick\u00e9 \u00fa\u010dinnosti. Udr\u017eov\u00e1n\u00ed z\u00e1sob n\u00e1hradn\u00edch t\u011bsn\u011bn\u00ed m\u016f\u017ee usnadnit v\u010dasn\u00e9 proveden\u00ed \u00fadr\u017eby.<\/li>\n<\/ul>\n<h2>Pokyny k instalaci<\/h2>\n<p>Spr\u00e1vn\u00e1 instalace v\u00e1lce v\u00fdlo\u017en\u00edku je z\u00e1sadn\u00ed pro optim\u00e1ln\u00ed v\u00fdkon a bezpe\u010dnost. Je t\u0159eba dodr\u017eovat n\u00e1sleduj\u00edc\u00ed pokyny:<\/p>\n<ol>\n<li><strong>Spr\u00e1vn\u00e9 zarovn\u00e1n\u00ed:<\/strong> Ujist\u011bte se, \u017ee je v\u00e1lec spr\u00e1vn\u011b zarovn\u00e1n s mont\u00e1\u017en\u00edmi body na za\u0159\u00edzen\u00ed. Nespr\u00e1vn\u00e9 zarovn\u00e1n\u00ed m\u016f\u017ee v\u00e9st k nerovnom\u011brn\u00e9mu opot\u0159eben\u00ed a mo\u017en\u00e9mu selh\u00e1n\u00ed.<\/li>\n<li><strong>Pou\u017eijte vhodn\u00e9 mont\u00e1\u017en\u00ed konzoly:<\/strong> K upevn\u011bn\u00ed v\u00e1lce pou\u017eijte doporu\u010den\u00e9 mont\u00e1\u017en\u00ed konzoly. T\u00edm zajist\u00edte stabilitu a zabr\u00e1n\u00edte jak\u00e9mukoli pohybu b\u011bhem provozu.<\/li>\n<li><strong>Hydraulick\u00e9 p\u0159ipojen\u00ed:<\/strong> Ujist\u011bte se, \u017ee v\u0161echna hydraulick\u00e1 p\u0159ipojen\u00ed jsou bezpe\u010dn\u00e1 a bez \u00fanik\u016f. P\u0159ed p\u0159ipojen\u00edm zkontrolujte hadice a armatury, zda nevykazuj\u00ed zn\u00e1mky opot\u0159eben\u00ed nebo po\u0161kozen\u00ed.<\/li>\n<li><strong>Testovac\u00ed operace:<\/strong> Po instalaci prove\u010fte zku\u0161ebn\u00ed provoz, abyste se ujistili, \u017ee v\u00e1lec funguje hladce. Sledujte, zda se neoz\u00fdvaj\u00ed neobvykl\u00e9 zvuky nebo pohyby, kter\u00e9 by mohly nazna\u010dovat probl\u00e9m s instalac\u00ed.<\/li>\n<li><strong>Dokumentace:<\/strong> Ve\u010fte si z\u00e1znam o procesu instalace, v\u010detn\u011b v\u0161ech proveden\u00fdch \u00faprav a pou\u017eit\u00fdch d\u00edl\u016f. Tato dokumentace m\u016f\u017ee b\u00fdt cenn\u00e1 pro budouc\u00ed \u00fadr\u017ebu a kontroly.<\/li>\n<\/ol>\n<h2>B\u011b\u017en\u00e9 \u00fakoly \u00fadr\u017eby<\/h2>\n<ul>\n<li><strong>Pravideln\u00e9 kontroly:<\/strong> Pravideln\u00e9 kontroly hydraulick\u00fdch syst\u00e9m\u016f pom\u00e1haj\u00ed v\u010das identifikovat potenci\u00e1ln\u00ed probl\u00e9my. Obsluha by m\u011bla kontrolovat net\u011bsnosti, opot\u0159eben\u00ed t\u011bsn\u011bn\u00ed a celkov\u00fd stav, aby zajistila optim\u00e1ln\u00ed provoz.<\/li>\n<li><strong>Spr\u00e1vn\u00e9 maz\u00e1n\u00ed:<\/strong> Udr\u017eov\u00e1n\u00ed spr\u00e1vn\u00e9ho maz\u00e1n\u00ed je z\u00e1sadn\u00ed pro dlouhou \u017eivotnost hydraulick\u00fdch v\u00e1lc\u016f. Obsluha by m\u011bla zajistit dostate\u010dnou hladinu hydraulick\u00e9ho oleje a jeho pravidelnou v\u00fdm\u011bnu podle pot\u0159eby.<\/li>\n<li><strong>V\u00fdm\u011bna t\u011bsn\u011bn\u00ed:<\/strong> Integrita t\u011bsn\u011bn\u00ed je z\u00e1sadn\u00ed pro prevenci \u00fanik\u016f. Pravideln\u00e1 v\u00fdm\u011bna t\u011bsn\u011bn\u00ed pom\u00e1h\u00e1 udr\u017eovat hydraulick\u00fd tlak a \u00fa\u010dinnost a zaji\u0161\u0165uje hladk\u00fd provoz hydraulick\u00e9ho syst\u00e9mu.<\/li>\n<\/ul>\n<h2>Bezpe\u010dnostn\u00ed aspekty a faktory prost\u0159ed\u00ed<\/h2>\n<p>P\u0159i pou\u017e\u00edv\u00e1n\u00ed hydraulick\u00fdch v\u00e1lc\u016f jsou bezpe\u010dnostn\u00ed opat\u0159en\u00ed nanejv\u00fd\u0161 d\u016fle\u017eit\u00e1. Obsluha si mus\u00ed b\u00fdt v\u011bdoma potenci\u00e1ln\u00edch nebezpe\u010d\u00ed spojen\u00fdch s hydraulick\u00fdmi syst\u00e9my, v\u010detn\u011b \u00fanik\u016f kapalin pod vysok\u00fdm tlakem, kter\u00e9 mohou zp\u016fsobit v\u00e1\u017en\u00e1 zran\u011bn\u00ed. Pro sn\u00ed\u017een\u00ed rizik je nezbytn\u00e9 dodr\u017eovat bezpe\u010dnostn\u00ed protokoly, jako je no\u0161en\u00ed vhodn\u00fdch osobn\u00edch ochrann\u00fdch prost\u0159edk\u016f a prov\u00e1d\u011bn\u00ed bezpe\u010dnostn\u00edch \u0161kolen\u00ed. Pro dodr\u017eov\u00e1n\u00ed p\u0159edpis\u016f a minimalizaci ekologick\u00e9ho dopadu je nav\u00edc z\u00e1sadn\u00ed zohledn\u011bn\u00ed faktor\u016f prost\u0159ed\u00ed, jako je likvidace kapalin a kontaminace.<\/p>\n<h2>Odstra\u0148ov\u00e1n\u00ed probl\u00e9m\u016f a b\u011b\u017en\u00e9 probl\u00e9my<\/h2>\n<ul>\n<li><strong>\u00danik kapaliny:<\/strong> Jedn\u00edm z nej\u010dast\u011bj\u0161\u00edch probl\u00e9m\u016f je \u00fanik kapaliny. To \u010dasto nazna\u010duje opot\u0159ebovan\u00e1 t\u011bsn\u011bn\u00ed nebo po\u0161kozen\u00e9 hadice. Zkontrolujte t\u011bsn\u011bn\u00ed a spoje, zda nejsou opot\u0159ebovan\u00e9, a v p\u0159\u00edpad\u011b pot\u0159eby je vym\u011b\u0148te, abyste zabr\u00e1nili dal\u0161\u00edmu \u00faniku.<\/li>\n<li><strong>Pomal\u00fd nebo nekonzistentn\u00ed pohyb:<\/strong> Pokud se v\u00e1lec pohybuje pomalu nebo nepravideln\u011b, m\u016f\u017ee to znamenat n\u00edzkou hladinu hydraulick\u00e9 kapaliny nebo vzduch v syst\u00e9mu. Zkontrolujte hladiny kapalin a odvzdu\u0161n\u011bte syst\u00e9m, abyste odstranili p\u0159\u00edpadn\u00fd zachycen\u00fd vzduch.<\/li>\n<li><strong>Neobvykl\u00e9 zvuky:<\/strong> Jak\u00e9koli neobvykl\u00e9 zvuky b\u011bhem provozu, jako je sk\u0159\u00edp\u00e1n\u00ed nebo kv\u00edlen\u00ed, mohou nazna\u010dovat mechanick\u00e9 probl\u00e9my nebo nedostate\u010dn\u00e9 maz\u00e1n\u00ed. Prove\u010fte d\u016fkladnou kontrolu, abyste zjistili zdroj hluku a neprodlen\u011b jej odstra\u0148te.<\/li>\n<\/ul>\n<h2>Tipy pro dlouhou \u017eivotnost produktu<\/h2>\n<p>Pro prodlou\u017een\u00ed \u017eivotnosti hydraulick\u00fdch v\u00e1lc\u016f by se obsluha m\u011bla \u0159\u00eddit t\u011bmito tipy:<\/p>\n<ul>\n<li>B\u011bhem instalace dbejte na spr\u00e1vn\u00e9 vyrovn\u00e1n\u00ed, abyste zabr\u00e1nili nerovnom\u011brn\u00e9mu opot\u0159eben\u00ed.<\/li>\n<li>Pravideln\u011b kontrolujte a udr\u017eujte hladinu hydraulick\u00e9 kapaliny, abyste zajistili efektivn\u00ed provoz.<\/li>\n<li>Prov\u00e1d\u011bjte preventivn\u00ed \u00fadr\u017ebu a v\u010das vym\u011b\u0148ujte opot\u0159ebovan\u00e9 sou\u010d\u00e1sti.<\/li>\n<\/ul>\n<p><img decoding=\"async\" src=\"https:\/\/www.hydraulic-cylinders.net\/wp-content\/uploads\/2025\/04\/songte-bushings-with-all-kinds-of-excavator-models.webp\" alt=\"Pouzdra pro bagry\" \/><\/p>\n<h2>P\u0159ehled spole\u010dnosti<\/h2>\n<p>Jsme p\u0159edn\u00edm v\u00fdrobcem n\u00e1hradn\u00edch hydraulick\u00fdch v\u00e1lc\u016f a nab\u00edz\u00edme \u0161irokou \u0161k\u00e1lu produkt\u016f, kter\u00e9 uspokoj\u00ed dom\u00e1c\u00ed i mezin\u00e1rodn\u00ed trhy. N\u00e1\u0161 z\u00e1vazek k dokonalosti n\u00e1s \u017eene k v\u00fdrob\u011b vysoce kvalitn\u00edch hydraulick\u00fdch v\u00e1lc\u016f, kter\u00e9 spl\u0148uj\u00ed p\u0159\u00edsn\u00e9 pr\u016fmyslov\u00e9 standardy. Vyu\u017e\u00edv\u00e1me pokro\u010dil\u00e9 v\u00fdrobn\u00ed techniky a kvalifikovanou pracovn\u00ed s\u00edlu, abychom neust\u00e1le roz\u0161i\u0159ovali na\u0161e v\u00fdrobn\u00ed kapacity.<\/p>\n<p>Jsme hrd\u00ed na na\u0161i odbornost a na\u0161e produkty proch\u00e1zej\u00ed p\u0159\u00edsnou kontrolou kvality, abychom zajistili jejich spolehlivost a v\u00fdkon. Mezin\u00e1rodn\u00ed certifikace potvrzuj\u00ed na\u0161i oddanost kvalit\u011b a na\u0161e slu\u017eby p\u0159izp\u016fsoben\u00ed n\u00e1m umo\u017e\u0148uj\u00ed spl\u0148ovat specifick\u00e9 pot\u0159eby na\u0161ich klient\u016f.<\/p>\n<p>Na\u0161e nejmodern\u011bj\u0161\u00ed v\u00fdrobn\u00ed za\u0159\u00edzen\u00ed jsou vybavena nejmodern\u011bj\u0161\u00edmi stroji, kter\u00e9 n\u00e1m umo\u017e\u0148uj\u00ed vyr\u00e1b\u011bt hydraulick\u00e9 v\u00e1lce s p\u0159esnost\u00ed a efektivitou. Krom\u011b toho poskytujeme v\u00fdjime\u010dnou poprodejn\u00ed podporu, abychom na\u0161im klient\u016fm zajistili pot\u0159ebnou asistenci po celou dobu \u017eivotn\u00edho cyklu na\u0161ich produkt\u016f.<\/p>\n<p><img decoding=\"async\" src=\"https:\/\/www.hydraulic-cylinders.net\/wp-content\/uploads\/2025\/04\/songte-company-4.webp\" alt=\"Obr\u00e1zek spole\u010dnosti 1\" \/><br \/>\n<img decoding=\"async\" src=\"https:\/\/www.hydraulic-cylinders.net\/wp-content\/uploads\/2025\/04\/songte-company-3.webp\" alt=\"Obr\u00e1zek spole\u010dnosti 2\" \/><\/p>\n<p>Autor: lyl<\/p>","protected":false},"excerpt":{"rendered":"<p>Boom Cylinder For Tota TX210C Product Overview The Boom Cylinder for Tota TX210C is a critical component in hydraulic systems, specifically designed to control the movement of the boom on various heavy machinery such as excavators, backhoe loaders, and front-end loaders. This hydraulic cylinder is responsible for allowing the boom to lift, lower, and tilt, [&hellip;]<\/p>","protected":false},"featured_media":17870,"comment_status":"open","ping_status":"closed","template":"","meta":{"_et_pb_use_builder":"","_et_pb_old_content":"","_et_gb_content_width":""},"product_brand":[],"product_cat":[1546],"product_tag":[1547,1496],"class_list":{"0":"post-19592","1":"product","2":"type-product","3":"status-publish","4":"has-post-thumbnail","6":"product_cat-boom-cylinders","7":"product_tag-boom-cylinders","8":"product_tag-hydraulic-cylinders","10":"first","11":"instock","12":"shipping-taxable","13":"product-type-simple"},"amp_enabled":true,"_links":{"self":[{"href":"https:\/\/www.hydraulic-cylinders.net\/cs\/wp-json\/wp\/v2\/product\/19592","targetHints":{"allow":["GET"]}}],"collection":[{"href":"https:\/\/www.hydraulic-cylinders.net\/cs\/wp-json\/wp\/v2\/product"}],"about":[{"href":"https:\/\/www.hydraulic-cylinders.net\/cs\/wp-json\/wp\/v2\/types\/product"}],"replies":[{"embeddable":true,"href":"https:\/\/www.hydraulic-cylinders.net\/cs\/wp-json\/wp\/v2\/comments?post=19592"}],"wp:featuredmedia":[{"embeddable":true,"href":"https:\/\/www.hydraulic-cylinders.net\/cs\/wp-json\/wp\/v2\/media\/17870"}],"wp:attachment":[{"href":"https:\/\/www.hydraulic-cylinders.net\/cs\/wp-json\/wp\/v2\/media?parent=19592"}],"wp:term":[{"taxonomy":"product_brand","embeddable":true,"href":"https:\/\/www.hydraulic-cylinders.net\/cs\/wp-json\/wp\/v2\/product_brand?post=19592"},{"taxonomy":"product_cat","embeddable":true,"href":"https:\/\/www.hydraulic-cylinders.net\/cs\/wp-json\/wp\/v2\/product_cat?post=19592"},{"taxonomy":"product_tag","embeddable":true,"href":"https:\/\/www.hydraulic-cylinders.net\/cs\/wp-json\/wp\/v2\/product_tag?post=19592"}],"curies":[{"name":"wp","href":"https:\/\/api.w.org\/{rel}","templated":true}]}}