{"id":19595,"date":"2025-04-07T06:56:28","date_gmt":"2025-04-07T06:56:28","guid":{"rendered":"https:\/\/www.hydraulic-cylinders.net\/product\/boom-cylinder-for-xinyuan-crawler-excavator-xy90\/"},"modified":"2025-04-07T06:56:30","modified_gmt":"2025-04-07T06:56:30","slug":"boom-cylinder-for-xinyuan-crawler-excavator-xy90","status":"publish","type":"product","link":"https:\/\/www.hydraulic-cylinders.net\/cs\/produkt\/boom-cylinder-for-xinyuan-crawler-excavator-xy90\/","title":{"rendered":"V\u00e1lec v\u00fdlo\u017en\u00edku pro p\u00e1sov\u00e9 rypadlo Xinyuan XY90"},"content":{"rendered":"<h1>V\u00e1lec v\u00fdlo\u017en\u00edku pro p\u00e1sov\u00e9 rypadlo Xinyuan XY90<\/h1>\n<h2>P\u0159ehled produktu<\/h2>\n<p>V\u00e1lec v\u00fdlo\u017en\u00edku pro p\u00e1sov\u00e9 rypadlo Xinyuan XY90 je kl\u00ed\u010dovou sou\u010d\u00e1st\u00ed navr\u017eenou pro zv\u00fd\u0161en\u00ed provozn\u00ed efektivity t\u011b\u017ek\u00fdch stroj\u016f. Tyto v\u00e1lce jsou speci\u00e1ln\u011b navr\u017eeny pro ovl\u00e1d\u00e1n\u00ed pohybu r\u016fzn\u00fdch p\u0159\u00eddavn\u00fdch za\u0159\u00edzen\u00ed, jako jsou l\u017e\u00edce, u rypadel, rypadlo-naklada\u010d\u016f a \u010deln\u00edch naklada\u010d\u016f. Umo\u017en\u011bn\u00edm zved\u00e1n\u00ed, spou\u0161t\u011bn\u00ed a nakl\u00e1p\u011bn\u00ed v\u00fdlo\u017en\u00edku tyto v\u00e1lce efektivn\u011b usnad\u0148uj\u00ed manipulaci s materi\u00e1lem.<\/p>\n<p><img decoding=\"async\" src=\"https:\/\/www.hydraulic-cylinders.net\/wp-content\/uploads\/2025\/04\/songte-company-1.webp\" alt=\"V\u00e1lec v\u00fdlo\u017en\u00edku pro bagr\" \/><\/p>\n<h3>Pochopen\u00ed kore\u010dkov\u00fdch v\u00e1lc\u016f<\/h3>\n<p>Hydraulick\u00e9 v\u00e1lce kore\u010dk\u016f hraj\u00ed kl\u00ed\u010dovou roli v hydraulick\u00fdch syst\u00e9mech stavebn\u00edch stroj\u016f. Umo\u017e\u0148uj\u00ed p\u0159esn\u00fd pohyb kore\u010dk\u016f, co\u017e obsluze umo\u017e\u0148uje snadnou v\u00fdkopovou pr\u00e1ci, zved\u00e1n\u00ed a p\u0159epravu materi\u00e1l\u016f. Tyto v\u00e1lce jsou vyrobeny z robustn\u00edch materi\u00e1l\u016f a zaji\u0161\u0165uj\u00ed spolehlivost a \u00fa\u010dinnost v n\u00e1ro\u010dn\u00fdch podm\u00ednk\u00e1ch, co\u017e je \u010din\u00ed nezbytn\u00fdmi pro jak\u00e9koli v\u00fdkopov\u00e9 operace.<\/p>\n<h2>Vlastnosti v\u00e1lce v\u00fdlo\u017en\u00edku<\/h2>\n<ul>\n<li><strong>Vysok\u00e1 pevnost a trvanlivost:<\/strong> Tyto v\u00e1lce, vyroben\u00e9 z vysokopevnostn\u00ed oceli nebo hlin\u00edku, odol\u00e1vaj\u00ed vysok\u00e9mu tlaku a velk\u00e9mu zat\u00ed\u017een\u00ed a jsou navr\u017eeny tak, aby vynikaly v n\u00e1ro\u010dn\u00fdch podm\u00ednk\u00e1ch, a z\u00e1rove\u0148 zohled\u0148uj\u00ed odolnost proti opot\u0159eben\u00ed a korozi pro del\u0161\u00ed \u017eivotnost.<\/li>\n<li><strong>Efektivn\u00ed hydraulick\u00fd provoz:<\/strong> D\u00edky plynul\u00e9mu vysouv\u00e1n\u00ed a zasouv\u00e1n\u00ed vyu\u017e\u00edv\u00e1 hydraulick\u00fd tlak oleje v\u00e1lec v\u00fdlo\u017en\u00edku rychlou odezvu na ovl\u00e1dac\u00ed povely a poskytuje zna\u010dnou tla\u010dnou a ta\u017enou s\u00edlu, ide\u00e1ln\u00ed pro zved\u00e1n\u00ed t\u011b\u017ek\u00fdch b\u0159emen a slo\u017eit\u00e9 \u00fakoly.<\/li>\n<li><strong>R\u016fzn\u00e9 typy:<\/strong> K dispozici jsou jedno\u010dinn\u00e9 v\u00e1lce (vyu\u017e\u00edvaj\u00edc\u00ed hydraulick\u00fd v\u00fdkon v jednom sm\u011bru) nebo dvoj\u010dinn\u00e9 v\u00e1lce (vyu\u017e\u00edvaj\u00edc\u00ed hydraulick\u00fd v\u00fdkon v obou sm\u011brech) pro spln\u011bn\u00ed r\u016fzn\u00fdch provozn\u00edch pot\u0159eb. N\u011bkter\u00e9 modely jsou teleskopick\u00e9, co\u017e umo\u017e\u0148uje v\u011bt\u0161\u00ed v\u00fdsuv bez zv\u011bt\u0161en\u00ed vn\u011bj\u0161\u00edch rozm\u011br\u016f, co\u017e je ide\u00e1ln\u00ed pro aplikace s omezen\u00fdm prostorem.<\/li>\n<\/ul>\n<p>Vyr\u00e1b\u00edme vysoce kvalitn\u00ed hydraulick\u00e9 v\u00e1lce v\u00fdlo\u017en\u00edku, kter\u00e9 dok\u00e1\u017e\u00ed dokonale nahradit st\u00e1vaj\u00edc\u00ed hydraulick\u00e9 v\u00e1lce a zaji\u0161\u0165uj\u00ed tak bezprobl\u00e9movou integraci a v\u00fdkon.<\/p>\n<p><img decoding=\"async\" src=\"https:\/\/www.hydraulic-cylinders.net\/wp-content\/uploads\/2025\/04\/songte-cylinder-head-with-all-kinds-excavator-models.webp\" alt=\"V\u00fdm\u011bna hydraulick\u00e9ho v\u00e1lce\" \/><\/p>\n<h2>Aplikace v\u00e1lce v\u00fdlo\u017en\u00edku<\/h2>\n<h3>Stavebn\u00ed stroje<\/h3>\n<p>U bagr\u016f je v\u00e1lec v\u00fdlo\u017en\u00edku nezbytn\u00fd pro kop\u00e1n\u00ed, nakl\u00e1d\u00e1n\u00ed a p\u0159emis\u0165ov\u00e1n\u00ed zeminy nebo suti. Umo\u017e\u0148uje obsluze efektivn\u011b vykon\u00e1vat \u00fakoly, a\u0165 u\u017e se jedn\u00e1 o hlouben\u00ed v\u00fdkop\u016f nebo p\u0159\u00edpravu staveni\u0161t\u011b.<\/p>\n<h3>Zem\u011bd\u011blsk\u00e9 stroje<\/h3>\n<p>U \u010deln\u00edch naklada\u010d\u016f pom\u00e1haj\u00ed v\u00e1lce v\u00fdlo\u017en\u00edku p\u0159i nab\u00edr\u00e1n\u00ed, zved\u00e1n\u00ed a p\u0159eprav\u011b zeminy, sena a dal\u0161\u00edch materi\u00e1l\u016f, co\u017e hraje kl\u00ed\u010dovou roli p\u0159i zvy\u0161ov\u00e1n\u00ed produktivity na farm\u00e1ch.<\/p>\n<h3>Bagry<\/h3>\n<p>V\u00e1lec l\u017e\u00edce umo\u017e\u0148uje l\u017e\u00edci rypadla efektivn\u011b pronikat do p\u016fdy, co\u017e usnad\u0148uje a zefektiv\u0148uje v\u00fdkopov\u00e9 pr\u00e1ce.<\/p>\n<h3>Naklada\u010de<\/h3>\n<p>U \u010deln\u00edch naklada\u010d\u016f usnad\u0148uj\u00ed v\u00e1lce v\u00fdlo\u017en\u00edku zved\u00e1n\u00ed a vykl\u00e1p\u011bn\u00ed b\u0159emen, \u010d\u00edm\u017e zaji\u0161\u0165uj\u00ed efektivn\u00ed manipulaci s materi\u00e1lem a provozn\u00ed efektivitu.<\/p>\n<h2>Konstruk\u010dn\u00ed aspekty a krit\u00e9ria v\u00fdb\u011bru<\/h2>\n<h3>Nosnost<\/h3>\n<p>V\u00fdb\u011br v\u00e1lce v\u00fdlo\u017en\u00edku vy\u017eaduje pe\u010dliv\u00e9 zv\u00e1\u017een\u00ed jeho nosnosti. Mus\u00ed odpov\u00eddat provozn\u00edm po\u017eadavk\u016fm rypadla, aby byl zaji\u0161t\u011bn bezpe\u010dn\u00fd a efektivn\u00ed v\u00fdkon. Nosnost je d\u00e1na pr\u016fm\u011brem a materi\u00e1lem v\u00e1lce, jako\u017e i jeho konstruk\u010dn\u00edmi specifikacemi.<\/p>\n<h3>T\u011bsn\u011bn\u00ed<\/h3>\n<p>\u00da\u010dinn\u00e9 t\u011bsn\u011bn\u00ed je pro hydraulick\u00e9 v\u00e1lce z\u00e1sadn\u00ed, zabra\u0148uje \u00fanik\u016fm a udr\u017euje tlak. Vysoce kvalitn\u00ed t\u011bsn\u011bn\u00ed vyroben\u00e1 z materi\u00e1l\u016f, jako je polyuretan nebo nitrilov\u00e1 pry\u017e, jsou nezbytn\u00e1 pro zaji\u0161t\u011bn\u00ed dlouh\u00e9 \u017eivotnosti a v\u00fdkonu, proto\u017ee odol\u00e1vaj\u00ed n\u00e1ro\u010dn\u00fdm podm\u00ednk\u00e1m a opot\u0159eben\u00ed.<\/p>\n<h3>Trvanlivost<\/h3>\n<p>Trvanlivost je kl\u00ed\u010dov\u00fdm faktorem p\u0159i konstrukci hydraulick\u00fdch v\u00e1lc\u016f. Mus\u00ed b\u00fdt schopny odolat nejen provozn\u00edmu zat\u00ed\u017een\u00ed, ale tak\u00e9 podm\u00ednk\u00e1m prost\u0159ed\u00ed, kter\u00fdm budou \u010delit, jako jsou teplotn\u00ed v\u00fdkyvy a vystaven\u00ed kontaminant\u016fm. Vhodn\u00e9 materi\u00e1ly a ochrann\u00e9 povlaky mohou trvanlivost v\u00fdrazn\u011b zv\u00fd\u0161it.<\/p>\n<h3>Bezpe\u010dnost<\/h3>\n<p>Bezpe\u010dnostn\u00ed prvky v konstrukci v\u00e1lc\u016f v\u00fdlo\u017en\u00edku jsou prvo\u0159ad\u00e9. Pat\u0159\u00ed sem pojistn\u00e9 ventily, kter\u00e9 zabra\u0148uj\u00ed p\u0159etlaku, a mechanismy, kter\u00e9 zaji\u0161\u0165uj\u00ed stabilitu b\u011bhem provozu. Spr\u00e1vn\u00e9 bezpe\u010dnostn\u00ed aspekty sni\u017euj\u00ed riziko nehod a selh\u00e1n\u00ed za\u0159\u00edzen\u00ed.<\/p>\n<h3>Udr\u017eovatelnost<\/h3>\n<p>Konstrukce s ohledem na \u00fadr\u017ebu zaji\u0161\u0165uje snadnou \u00fadr\u017ebu v\u00e1lc\u016f. To zahrnuje p\u0159\u00edstupnost pro kontroly, mazac\u00ed body a mo\u017enost v\u00fdm\u011bny t\u011bsn\u011bn\u00ed a dal\u0161\u00edch sou\u010d\u00e1st\u00ed bez v\u00fdznamn\u00fdch prostoj\u016f.<\/p>\n<p><img decoding=\"async\" src=\"https:\/\/www.hydraulic-cylinders.net\/wp-content\/uploads\/2025\/04\/songte-oil-pipes-and-spare-parts.webp\" alt=\"D\u00edly hydraulick\u00e9ho v\u00e1lce\" \/><\/p>\n<h2>T\u011bsn\u011bn\u00ed a maz\u00e1n\u00ed<\/h2>\n<p>Hydraulick\u00e9 v\u00e1lce vyu\u017e\u00edvaj\u00ed r\u016fzn\u00e9 metody t\u011bsn\u011bn\u00ed k udr\u017een\u00ed tlaku a zabr\u00e1n\u011bn\u00ed \u00faniku kapaliny. V tomto procesu hraj\u00ed kl\u00ed\u010dovou roli komponenty, jako jsou t\u011bsn\u011bn\u00ed p\u00edst\u016f a p\u00edstnic. T\u011bsn\u011bn\u00ed vyroben\u00e1 z odoln\u00fdch materi\u00e1l\u016f, jako je polyuretan a nitrilov\u00e1 pry\u017e, zaji\u0161\u0165uj\u00ed dlouhou \u017eivotnost a \u00fa\u010dinn\u00e9 ut\u011bsn\u011bn\u00ed pod tlakem. Povrch t\u011blesa v\u00e1lce a z\u00e1vitov\u00e9 konce jsou nav\u00edc jemn\u011b opracov\u00e1ny pro zv\u00fd\u0161en\u00ed odolnosti proti opot\u0159eben\u00ed.<\/p>\n<p>Pravideln\u00e9 maz\u00e1n\u00ed je nezbytn\u00e9 pro optim\u00e1ln\u00ed v\u00fdkon. Hydraulick\u00fd olej je nutn\u00e9 pravideln\u011b dopl\u0148ovat, aby vnit\u0159n\u00ed sou\u010d\u00e1sti z\u016fstaly promazan\u00e9, \u010d\u00edm\u017e se p\u0159edejde opot\u0159eben\u00ed a zajist\u00ed se hladk\u00fd provoz. Spr\u00e1vn\u00e9 maz\u00e1n\u00ed tak\u00e9 sni\u017euje t\u0159en\u00ed, \u010d\u00edm\u017e se zvy\u0161uje \u00fa\u010dinnost a \u017eivotnost hydraulick\u00e9ho syst\u00e9mu.<\/p>\n<h2>Preventivn\u00ed \u00fadr\u017ebov\u00e1 opat\u0159en\u00ed<\/h2>\n<ul>\n<li><strong>Pravideln\u00e9 kontroly:<\/strong> Prov\u00e1d\u011bn\u00ed pravideln\u00fdch kontrol hydraulick\u00e9ho syst\u00e9mu pom\u00e1h\u00e1 v\u010das identifikovat potenci\u00e1ln\u00ed probl\u00e9my. Zkontrolujte, zda nedoch\u00e1z\u00ed k net\u011bsnostem, opot\u0159eben\u00ed a zda v\u00e1lec funguje spr\u00e1vn\u011b.<\/li>\n<li><strong>Spr\u00e1vn\u00e9 maz\u00e1n\u00ed:<\/strong> Zajist\u011bte, aby v\u00e1lce byly dostate\u010dn\u011b maz\u00e1ny podle doporu\u010den\u00ed v\u00fdrobce. To pom\u00e1h\u00e1 minimalizovat opot\u0159eben\u00ed vnit\u0159n\u00edch sou\u010d\u00e1st\u00ed.<\/li>\n<li><strong>V\u00fdm\u011bna t\u011bsn\u011bn\u00ed:<\/strong> Pravideln\u011b kontrolujte t\u011bsn\u011bn\u00ed, zda nevykazuj\u00ed zn\u00e1mky opot\u0159eben\u00ed nebo po\u0161kozen\u00ed. V\u010dasn\u00e1 v\u00fdm\u011bna m\u016f\u017ee zabr\u00e1nit \u00fanik\u016fm a udr\u017eet \u00fa\u010dinnost syst\u00e9mu.<\/li>\n<\/ul>\n<h2>Pokyny k instalaci<\/h2>\n<p>Spr\u00e1vn\u00e1 instalace v\u00e1lce v\u00fdlo\u017en\u00edku je z\u00e1sadn\u00ed pro optim\u00e1ln\u00ed v\u00fdkon. Za\u010dn\u011bte t\u00edm, \u017ee se ujist\u00edte, \u017ee mont\u00e1\u017en\u00ed povrchy jsou \u010dist\u00e9 a bez ne\u010distot. Spr\u00e1vn\u011b vyrovnejte v\u00e1lec se za\u0159\u00edzen\u00edm, abyste p\u0159ede\u0161li probl\u00e9m\u016fm s nespr\u00e1vn\u00fdm vyrovn\u00e1n\u00edm, kter\u00e9 by mohlo v\u00e9st k p\u0159ed\u010dasn\u00e9mu opot\u0159eben\u00ed nebo poru\u0161e.<\/p>\n<p>K upevn\u011bn\u00ed v\u00e1lce na m\u00edst\u011b pou\u017eijte vhodn\u00e9 mont\u00e1\u017en\u00ed konzoly. Ujist\u011bte se, \u017ee hydraulick\u00e9 potrub\u00ed je spr\u00e1vn\u011b p\u0159ipojeno a \u017ee v\u0161echny armatury jsou uta\u017een\u00e9. Po instalaci prove\u010fte d\u016fkladnou kontrolu, abyste se ujistili, \u017ee v\u00e1lec funguje hladce, bez jak\u00fdchkoli p\u0159ek\u00e1\u017eek nebo net\u011bsnost\u00ed.<\/p>\n<h2>B\u011b\u017en\u00e9 \u00fakoly \u00fadr\u017eby<\/h2>\n<ul>\n<li><strong>Pravideln\u00e9 kontroly:<\/strong> \u010cast\u00e9 kontroly pom\u00e1haj\u00ed odhalit probl\u00e9my d\u0159\u00edve, ne\u017e se vyhrot\u00ed. Hledejte zn\u00e1mky opot\u0159eben\u00ed, net\u011bsnosti a ujist\u011bte se, \u017ee v\u0161echny komponenty funguj\u00ed spr\u00e1vn\u011b.<\/li>\n<li><strong>Spr\u00e1vn\u00e9 maz\u00e1n\u00ed:<\/strong> Dodr\u017eujte mazac\u00ed pl\u00e1ny, abyste zajistili hladk\u00fd provoz a zabr\u00e1nili p\u0159ed\u010dasn\u00e9mu opot\u0159eben\u00ed. Pou\u017e\u00edvejte doporu\u010den\u00fd hydraulick\u00fd olej a \u0159i\u010fte se pokyny pro intervaly dopl\u0148ov\u00e1n\u00ed.<\/li>\n<li><strong>V\u00fdm\u011bna t\u011bsn\u011bn\u00ed:<\/strong> Sledujte t\u011bsn\u011bn\u00ed, zda nevykazuj\u00ed zn\u00e1mky opot\u0159eben\u00ed, a v p\u0159\u00edpad\u011b pot\u0159eby je vym\u011b\u0148te. To je z\u00e1sadn\u00ed pro zachov\u00e1n\u00ed integrity hydraulick\u00e9ho syst\u00e9mu a zamezen\u00ed \u00fanik\u016f.<\/li>\n<\/ul>\n<p>Spr\u00e1vn\u00e9 vyrovn\u00e1n\u00ed b\u011bhem instalace je nezbytn\u00e9, aby se zabr\u00e1nilo nadm\u011brn\u00e9mu nam\u00e1h\u00e1n\u00ed v\u00e1lce. K zaji\u0161t\u011bn\u00ed v\u00e1lce pou\u017eijte vhodn\u00e9 \u00fachyty, kter\u00e9 zajist\u00ed jeho provoz v souladu s konstruk\u010dn\u00edmi specifikacemi. Pravideln\u00e9 kontroly vyrovn\u00e1n\u00ed a kalibrace prodlou\u017e\u00ed \u017eivotnost v\u00e1lce.<\/p>\n<p><img decoding=\"async\" src=\"https:\/\/www.hydraulic-cylinders.net\/wp-content\/uploads\/2025\/04\/songte-chushion-collar.webp\" alt=\"Pol\u0161t\u00e1\u0159ov\u00fd l\u00edmec\" \/><\/p>\n<h2>Bezpe\u010dnostn\u00ed aspekty a faktory prost\u0159ed\u00ed<\/h2>\n<p>P\u0159i pr\u00e1ci s hydraulick\u00fdmi v\u00e1lci je z\u00e1sadn\u00ed pochopen\u00ed bezpe\u010dnostn\u00edch opat\u0159en\u00ed. Obsluha by m\u011bla v\u017edy nosit vhodn\u00e9 osobn\u00ed ochrann\u00e9 prost\u0159edky (OOP) a zajistit dodr\u017eov\u00e1n\u00ed v\u0161ech bezpe\u010dnostn\u00edch protokol\u016f. \u0158\u00e1dn\u00e9 \u0161kolen\u00ed o pou\u017e\u00edv\u00e1n\u00ed hydraulick\u00fdch syst\u00e9m\u016f sni\u017euje riziko nehod a zlep\u0161uje celkovou bezpe\u010dnost na pracovi\u0161ti.<\/p>\n<h2>Diagnostika z\u00e1vad a b\u011b\u017en\u00e9 probl\u00e9my<\/h2>\n<ul>\n<li><strong>\u00danik:<\/strong> Jedn\u00edm z nej\u010dast\u011bj\u0161\u00edch probl\u00e9m\u016f je \u00fanik hydraulick\u00e9 kapaliny, kter\u00fd m\u016f\u017ee b\u00fdt zp\u016fsoben opot\u0159ebovan\u00fdmi t\u011bsn\u011bn\u00edmi nebo po\u0161kozen\u00fdmi armaturami. Pravideln\u00e9 kontroly pom\u00e1haj\u00ed tyto probl\u00e9my v\u010das identifikovat a \u0159e\u0161it.<\/li>\n<li><strong>Pomal\u00e1 odezva:<\/strong> Pokud v\u00e1lec reaguje pomalu, m\u016f\u017ee to znamenat probl\u00e9m s hydraulick\u00fdm syst\u00e9mem, nap\u0159\u00edklad n\u00edzkou hladinu kapaliny nebo poruchu \u010derpadla.<\/li>\n<li><strong>Nadm\u011brn\u00e9 opot\u0159eben\u00ed:<\/strong> Neobvykl\u00e9 vzorce opot\u0159eben\u00ed mohou nazna\u010dovat nespr\u00e1vn\u00e9 souosost, nespr\u00e1vn\u00e9 maz\u00e1n\u00ed nebo nadm\u011brn\u00e9 zat\u00ed\u017een\u00ed. Pravideln\u00e1 \u00fadr\u017eba pom\u00e1h\u00e1 tyto faktory sledovat a upravovat.<\/li>\n<\/ul>\n<h2>Tipy pro \u0159e\u0161en\u00ed probl\u00e9m\u016f<\/h2>\n<p>Pro efektivn\u00ed diagnostiku a \u0159e\u0161en\u00ed hydraulick\u00fdch probl\u00e9m\u016f za\u010dn\u011bte kontrolou hladiny kapalin a kontrolou net\u011bsnost\u00ed. Ujist\u011bte se, \u017ee v\u0161echna spojen\u00ed jsou t\u011bsn\u00e1 a t\u011bsn\u011bn\u00ed v dobr\u00e9m stavu. Pravideln\u00e1 \u00fadr\u017eba m\u016f\u017ee v\u00fdrazn\u011b sn\u00ed\u017eit v\u00fdskyt t\u011bchto probl\u00e9m\u016f.<\/p>\n<p>Zav\u00e1d\u011bn\u00ed preventivn\u00edch opat\u0159en\u00ed, jako je dodr\u017eov\u00e1n\u00ed pl\u00e1n\u016f \u00fadr\u017eby a v\u00fdm\u011bna opot\u0159ebovan\u00fdch d\u00edl\u016f, pom\u00e1h\u00e1 minimalizovat potenci\u00e1ln\u00ed probl\u00e9my a prodlu\u017euje \u017eivotnost hydraulick\u00e9ho syst\u00e9mu.<\/p>\n<p><img decoding=\"async\" src=\"https:\/\/www.hydraulic-cylinders.net\/wp-content\/uploads\/2025\/04\/songte-bushings-with-all-kinds-of-excavator-models.webp\" alt=\"Modely bagr\u016f\" \/><\/p>\n<h2>P\u0159ehled spole\u010dnosti<\/h2>\n<p>Jsme p\u0159edn\u00ed v\u00fdrobce a velkoobchodn\u00edk hydraulick\u00fdch v\u00e1lc\u016f se specializac\u00ed na vysoce kvalitn\u00ed n\u00e1hradn\u00ed d\u00edly. N\u00e1\u0161 komplexn\u00ed sortiment produkt\u016f n\u00e1s etabloval jako kl\u00ed\u010dov\u00e9ho hr\u00e1\u010de na dom\u00e1c\u00edm i mezin\u00e1rodn\u00edm trhu. \u0158\u00edd\u00edme se strategi\u00ed excelence a vyu\u017e\u00edv\u00e1me zdokonalen\u00e9 v\u00fdrobn\u00ed procesy a nejmodern\u011bj\u0161\u00ed technologie ke zv\u00fd\u0161en\u00ed na\u0161ich v\u00fdrobn\u00edch kapacit.<\/p>\n<p>Na\u0161e zam\u011b\u0159en\u00ed na kvalitu je podpo\u0159eno t\u00fdmem kvalifikovan\u00fdch profesion\u00e1l\u016f, kte\u0159\u00ed se v\u011bnuj\u00ed neust\u00e1l\u00e9mu zlep\u0161ov\u00e1n\u00ed. Nab\u00edz\u00edme slu\u017eby na m\u00edru, abychom splnili rozmanit\u00e9 pot\u0159eby na\u0161ich klient\u016f, a zaji\u0161\u0165ujeme tak efektivn\u00ed \u0159e\u0161en\u00ed p\u0159izp\u016fsoben\u00e1 specifick\u00fdm aplikac\u00edm.<\/p>\n<p><img decoding=\"async\" src=\"https:\/\/www.hydraulic-cylinders.net\/wp-content\/uploads\/2025\/04\/songte-company-4.webp\" alt=\"P\u0159ehled spole\u010dnosti\" \/><br \/>\n<img decoding=\"async\" src=\"https:\/\/www.hydraulic-cylinders.net\/wp-content\/uploads\/2025\/04\/songte-company-3.webp\" alt=\"V\u00fdrobn\u00ed z\u00e1vod\" \/><\/p>\n<p>Autor: lyl<\/p>","protected":false},"excerpt":{"rendered":"<p>Boom Cylinder For Xinyuan Crawler Excavator XY90 Product Overview The Boom Cylinder for the Xinyuan Crawler Excavator XY90 is a vital component designed to enhance the operational efficiency of heavy machinery. These cylinders are specifically engineered to control the movement of various attachments, such as buckets, on excavators, backhoe loaders, and front loaders. By allowing [&hellip;]<\/p>","protected":false},"featured_media":17873,"comment_status":"open","ping_status":"closed","template":"","meta":{"_et_pb_use_builder":"","_et_pb_old_content":"","_et_gb_content_width":""},"product_brand":[],"product_cat":[1546],"product_tag":[1547,1496],"class_list":{"0":"post-19595","1":"product","2":"type-product","3":"status-publish","4":"has-post-thumbnail","6":"product_cat-boom-cylinders","7":"product_tag-boom-cylinders","8":"product_tag-hydraulic-cylinders","10":"first","11":"instock","12":"shipping-taxable","13":"product-type-simple"},"amp_enabled":true,"_links":{"self":[{"href":"https:\/\/www.hydraulic-cylinders.net\/cs\/wp-json\/wp\/v2\/product\/19595","targetHints":{"allow":["GET"]}}],"collection":[{"href":"https:\/\/www.hydraulic-cylinders.net\/cs\/wp-json\/wp\/v2\/product"}],"about":[{"href":"https:\/\/www.hydraulic-cylinders.net\/cs\/wp-json\/wp\/v2\/types\/product"}],"replies":[{"embeddable":true,"href":"https:\/\/www.hydraulic-cylinders.net\/cs\/wp-json\/wp\/v2\/comments?post=19595"}],"wp:featuredmedia":[{"embeddable":true,"href":"https:\/\/www.hydraulic-cylinders.net\/cs\/wp-json\/wp\/v2\/media\/17873"}],"wp:attachment":[{"href":"https:\/\/www.hydraulic-cylinders.net\/cs\/wp-json\/wp\/v2\/media?parent=19595"}],"wp:term":[{"taxonomy":"product_brand","embeddable":true,"href":"https:\/\/www.hydraulic-cylinders.net\/cs\/wp-json\/wp\/v2\/product_brand?post=19595"},{"taxonomy":"product_cat","embeddable":true,"href":"https:\/\/www.hydraulic-cylinders.net\/cs\/wp-json\/wp\/v2\/product_cat?post=19595"},{"taxonomy":"product_tag","embeddable":true,"href":"https:\/\/www.hydraulic-cylinders.net\/cs\/wp-json\/wp\/v2\/product_tag?post=19595"}],"curies":[{"name":"wp","href":"https:\/\/api.w.org\/{rel}","templated":true}]}}