{"id":19596,"date":"2025-04-07T06:56:30","date_gmt":"2025-04-07T06:56:30","guid":{"rendered":"https:\/\/www.hydraulic-cylinders.net\/product\/boom-cylinder-for-xinyuan-wheel-excavator-xy65w-7-8\/"},"modified":"2025-04-07T06:56:33","modified_gmt":"2025-04-07T06:56:33","slug":"boom-cylinder-for-xinyuan-wheel-excavator-xy65w-7-8","status":"publish","type":"product","link":"https:\/\/www.hydraulic-cylinders.net\/cs\/produkt\/boom-cylinder-for-xinyuan-wheel-excavator-xy65w-7-8\/","title":{"rendered":"V\u00e1lec v\u00fdlo\u017en\u00edku pro kolov\u00e9 rypadlo Xinyuan XY65W-7-8"},"content":{"rendered":"<h1>V\u00e1lec v\u00fdlo\u017en\u00edku pro kolov\u00e9 rypadlo Xinyuan XY65W-7-8<\/h1>\n<h2>\u00davod k v\u00e1lci v\u00fdlo\u017en\u00edku<\/h2>\n<p>Hydraulick\u00fd v\u00e1lec v\u00fdlo\u017en\u00edku je kl\u00ed\u010dovou sou\u010d\u00e1st\u00ed navr\u017eenou speci\u00e1ln\u011b pro hydraulick\u00e9 syst\u00e9my pou\u017e\u00edvan\u00e9 v t\u011b\u017ek\u00fdch stroj\u00edch, jako jsou bagry. Tento hydraulick\u00fd v\u00e1lec je zodpov\u011bdn\u00fd za ovl\u00e1d\u00e1n\u00ed pohybu l\u017e\u00edce v r\u016fzn\u00fdch stavebn\u00edch a zemn\u00edch aplikac\u00edch. Umo\u017e\u0148uje l\u017e\u00edci zvedat, spou\u0161t\u011bt a nakl\u00e1n\u011bt, co\u017e usnad\u0148uje efektivn\u00ed manipulaci s materi\u00e1lem.<\/p>\n<p>V\u00e1lec l\u017e\u00edce, kter\u00fd se obvykle nach\u00e1z\u00ed v bagrech, r\u00fdpadlo-naklada\u010d\u00edch a \u010deln\u00edch naklada\u010d\u00edch, hraje z\u00e1sadn\u00ed roli p\u0159i zvy\u0161ov\u00e1n\u00ed provozn\u00edch schopnost\u00ed t\u011bchto stroj\u016f. Vyu\u017eit\u00edm hydraulick\u00e9ho tlaku zaji\u0161\u0165uje v\u00e1lec v\u00fdlo\u017en\u00edku plynul\u00e9 a citliv\u00e9 pohyby, co\u017e z n\u011bj \u010din\u00ed nezbytn\u00fd n\u00e1stroj pro stavebn\u00ed d\u011bln\u00edky a obsluhu t\u011b\u017ek\u00fdch stroj\u016f.<\/p>\n<p><img decoding=\"async\" src=\"https:\/\/www.hydraulic-cylinders.net\/wp-content\/uploads\/2025\/04\/songte-company-1.webp\" alt=\"V\u00e1lec v\u00fdlo\u017en\u00edku\" \/><\/p>\n<h2>Vlastnosti v\u00e1lce v\u00fdlo\u017en\u00edku<\/h2>\n<ul>\n<li><strong>Vysok\u00e1 pevnost a trvanlivost:<\/strong> V\u00e1lec v\u00fdlo\u017en\u00edku je vyroben z vysokopevnostn\u00ed oceli nebo hlin\u00edku a odol\u00e1 vysok\u00e9mu tlaku a velk\u00e9mu zat\u00ed\u017een\u00ed, tak\u017ee je vhodn\u00fd pro n\u00e1ro\u010dn\u00e9 pracovn\u00ed prost\u0159ed\u00ed. Jeho konstrukce zahrnuje odolnost proti opot\u0159eben\u00ed a korozi, co\u017e prodlu\u017euje jeho \u017eivotnost.<\/li>\n<li><strong>Efektivn\u00ed hydraulick\u00fd provoz:<\/strong> V\u00e1lec v\u00fdlo\u017en\u00edku vyu\u017e\u00edv\u00e1 hydraulick\u00fd tlak oleje pro plynul\u00e9 vysouv\u00e1n\u00ed a zasouv\u00e1n\u00ed, co\u017e umo\u017e\u0148uje rychlou reakci na provozn\u00ed povely. Poskytuje zna\u010dnou tla\u010dnou a ta\u017enou s\u00edlu, ide\u00e1ln\u00ed pro manipulaci s t\u011b\u017ek\u00fdmi p\u0159edm\u011bty a slo\u017eit\u00e9 \u00fakoly.<\/li>\n<li><strong>R\u016fzn\u00e9 typy:<\/strong> V\u00e1lec v\u00fdlo\u017en\u00edku, kter\u00fd je k dispozici v jedno\u010dinn\u00e9m (hydraulick\u00e9m v jednom sm\u011bru) nebo dvoj\u010dinn\u00e9m (hydraulick\u00e9m v obou sm\u011brech), m\u016f\u017ee spl\u0148ovat r\u016fzn\u00e9 provozn\u00ed pot\u0159eby. N\u011bkter\u00e9 modely maj\u00ed teleskopickou konstrukci, kter\u00e1 umo\u017e\u0148uje v\u011bt\u0161\u00ed vysunut\u00ed bez zv\u011bt\u0161en\u00ed vn\u011bj\u0161\u00edch rozm\u011br\u016f, a proto jsou vhodn\u00e9 pro st\u00edsn\u011bn\u00e9 prostory.<\/li>\n<li><strong>Kompatibilita:<\/strong> Na\u0161e produkty dok\u00e1\u017e\u00ed dokonale nahradit r\u016fzn\u00e9 hydraulick\u00e9 v\u00e1lce pou\u017e\u00edvan\u00e9 v r\u016fzn\u00fdch za\u0159\u00edzen\u00edch, co\u017e zaji\u0161\u0165uje bezprobl\u00e9movou integraci a funk\u010dnost.<\/li>\n<li><strong>\u0158e\u0161en\u00ed na m\u00edru:<\/strong> Nab\u00edz\u00edme \u0159e\u0161en\u00ed a konfigurace na m\u00edru, kter\u00e9 spl\u0148uj\u00ed specifick\u00e9 pot\u0159eby r\u016fzn\u00fdch stroj\u016f a aplikac\u00ed.<\/li>\n<\/ul>\n<p><img decoding=\"async\" src=\"https:\/\/www.hydraulic-cylinders.net\/wp-content\/uploads\/2025\/04\/songte-cylinder-head-with-all-kinds-excavator-models.webp\" alt=\"Hydraulick\u00fd v\u00e1lec\" \/><\/p>\n<h2>Aplikace v\u00e1lce v\u00fdlo\u017en\u00edku<\/h2>\n<h3>Stavebn\u00ed vybaven\u00ed:<\/h3>\n<p>U bagr\u016f je v\u00e1lec v\u00fdlo\u017en\u00edku nezbytn\u00fd pro kop\u00e1n\u00ed, nakl\u00e1d\u00e1n\u00ed a p\u0159esouv\u00e1n\u00ed zeminy nebo suti. Jeho p\u0159esn\u00e9 ovl\u00e1d\u00e1n\u00ed umo\u017e\u0148uje efektivn\u00ed v\u00fdkopov\u00e9 a zvedac\u00ed operace, co\u017e z n\u011bj \u010din\u00ed nepostradateln\u00fd v\u00e1lec na staveni\u0161t\u00edch.<\/p>\n<h3>Zem\u011bd\u011blsk\u00e9 stroje:<\/h3>\n<p>U \u010deln\u00edch naklada\u010d\u016f je v\u00e1lec v\u00fdlo\u017en\u00edku nezbytn\u00fd pro nab\u00edr\u00e1n\u00ed, zved\u00e1n\u00ed a p\u0159epravu zeminy, sena a dal\u0161\u00edch materi\u00e1l\u016f. Zvy\u0161uje efektivitu zem\u011bd\u011blsk\u00fdch operac\u00ed t\u00edm, \u017ee umo\u017e\u0148uje obsluze snadno zvl\u00e1dat t\u011b\u017ek\u00e9 n\u00e1klady.<\/p>\n<h3>Bagry:<\/h3>\n<p>V\u00e1lec v\u00fdlo\u017en\u00edku umo\u017e\u0148uje l\u017e\u00edci efektivn\u011b pronikat do p\u016fdy, co\u017e usnad\u0148uje proces kop\u00e1n\u00ed. Jeho robustn\u00ed konstrukce zaji\u0161\u0165uje odolnost a spolehlivost p\u0159i rozs\u00e1hl\u00fdch v\u00fdkopov\u00fdch prac\u00edch.<\/p>\n<h3>Naklada\u010de:<\/h3>\n<p>U \u010deln\u00edch naklada\u010d\u016f pom\u00e1h\u00e1 v\u00e1lec v\u00fdlo\u017en\u00edku efektivn\u011b zvedat a vykl\u00e1p\u011bt materi\u00e1ly. Jeho hydraulick\u00fd v\u00fdkon pom\u00e1h\u00e1 obsluze rychle a efektivn\u011b p\u0159esouvat b\u0159emena, co\u017e zvy\u0161uje celkovou produktivitu na pracovi\u0161ti.<\/p>\n<h2>Konstruk\u010dn\u00ed aspekty a krit\u00e9ria v\u00fdb\u011bru<\/h2>\n<h3>Nosnost:<\/h3>\n<p>P\u0159i v\u00fdb\u011bru v\u00e1lce v\u00fdlo\u017en\u00edku je nosnost kritick\u00fdm faktorem. V\u00e1lec mus\u00ed b\u00fdt schopen zvl\u00e1dnout maxim\u00e1ln\u00ed zat\u00ed\u017een\u00ed, kter\u00e9 m\u00e1 za\u0159\u00edzen\u00ed zvednout nebo p\u0159esunout. P\u0159et\u00ed\u017een\u00ed v\u00e1lce m\u016f\u017ee v\u00e9st k poru\u0161e, proto je nezbytn\u00e9 vybrat takov\u00fd, kter\u00fd m\u00e1 dostate\u010dnou nosnost pro zam\u00fd\u0161lenou aplikaci.<\/p>\n<h3>T\u011bsn\u011bn\u00ed:<\/h3>\n<p>T\u011bsnic\u00ed syst\u00e9m v\u00e1lce v\u00fdlo\u017en\u00edku je navr\u017een tak, aby zabr\u00e1nil \u00faniku hydraulick\u00e9 kapaliny a z\u00e1rove\u0148 udr\u017eoval tlak. Vysoce kvalitn\u00ed t\u011bsn\u011bn\u00ed zaji\u0161\u0165uj\u00ed, \u017ee v\u00e1lec pracuje efektivn\u011b a spolehliv\u011b po dlouhou dobu. Spr\u00e1vn\u00e9 ut\u011bsn\u011bn\u00ed tak\u00e9 chr\u00e1n\u00ed vnit\u0159n\u00ed sou\u010d\u00e1sti p\u0159ed kontaminanty, kter\u00e9 by mohly v\u00e9st k p\u0159ed\u010dasn\u00e9mu opot\u0159eben\u00ed nebo poru\u0161e.<\/p>\n<h3>Trvanlivost:<\/h3>\n<p>Trvanlivost je kl\u00ed\u010dov\u00fdm krit\u00e9riem p\u0159i konstrukci v\u00e1lce v\u00fdlo\u017en\u00edku. M\u011bl by b\u00fdt vyroben tak, aby odolal n\u00e1ro\u010dn\u00e9mu pou\u017e\u00edv\u00e1n\u00ed v n\u00e1ro\u010dn\u00fdch podm\u00ednk\u00e1ch. Materi\u00e1ly odoln\u00e9 proti opot\u0159eben\u00ed a korozi jsou nezbytn\u00e9 pro zaji\u0161t\u011bn\u00ed dlouh\u00e9 \u017eivotnosti v\u00e1lce a sn\u00ed\u017een\u00ed pot\u0159eby \u010dast\u00fdch v\u00fdm\u011bn.<\/p>\n<h3>Bezpe\u010dnost:<\/h3>\n<p>Bezpe\u010dnostn\u00ed prvky, jako jsou p\u0159etlakov\u00e9 ventily a mechanismy nouzov\u00e9ho zastaven\u00ed, jsou v hydraulick\u00fdch syst\u00e9mech kl\u00ed\u010dov\u00e9. Tyto prvky pom\u00e1haj\u00ed p\u0159edch\u00e1zet nehod\u00e1m a po\u0161kozen\u00ed za\u0159\u00edzen\u00ed t\u00edm, \u017ee \u0159\u00edd\u00ed s\u00edly vyv\u00edjen\u00e9 b\u011bhem provozu.<\/p>\n<h3>\u00dadr\u017eba:<\/h3>\n<p>Snadn\u00e1 \u00fadr\u017eba je dal\u0161\u00edm d\u016fle\u017eit\u00fdm aspektem. Konstrukce by m\u011bla umo\u017e\u0148ovat snadnou \u00fadr\u017ebu, v\u010detn\u011b maz\u00e1n\u00ed, v\u00fdm\u011bny t\u011bsn\u011bn\u00ed a kontroly kritick\u00fdch sou\u010d\u00e1st\u00ed. Dob\u0159e udr\u017eovan\u00fd v\u00e1lec bude po celou dobu sv\u00e9 \u017eivotnosti fungovat spolehliv\u011bji a efektivn\u011bji.<\/p>\n<p><img decoding=\"async\" src=\"https:\/\/www.hydraulic-cylinders.net\/wp-content\/uploads\/2025\/04\/songte-oil-pipes-and-spare-parts.webp\" alt=\"N\u00e1hradn\u00ed d\u00edly\" \/><\/p>\n<h2>T\u011bsn\u011bn\u00ed a maz\u00e1n\u00ed v\u00e1lce<\/h2>\n<p>\u00da\u010dinn\u00e9 t\u011bsn\u011bn\u00ed a maz\u00e1n\u00ed jsou z\u00e1sadn\u00ed pro v\u00fdkon a dlouhou \u017eivotnost v\u00e1lce v\u00fdlo\u017en\u00edku. K zabr\u00e1n\u011bn\u00ed \u00faniku hydraulick\u00e9 kapaliny se pou\u017e\u00edvaj\u00ed r\u016fzn\u00e1 t\u011bsn\u011bn\u00ed, jako jsou p\u00edstn\u00ed t\u011bsn\u011bn\u00ed a t\u011bsn\u011bn\u00ed p\u00edstnice. V\u00fdb\u011br materi\u00e1l\u016f, jako je polyuretan a nitrilov\u00e1 pry\u017e, zvy\u0161uje odolnost proti opot\u0159eben\u00ed a zaji\u0161\u0165uje robustn\u00ed t\u011bsnic\u00ed syst\u00e9m.<\/p>\n<p>T\u011bleso v\u00e1lce a z\u00e1vitov\u00e9 konce proch\u00e1zej\u00ed jemn\u00fdm obr\u00e1b\u011bn\u00edm pro zlep\u0161en\u00ed odolnosti proti opot\u0159eben\u00ed a zaji\u0161t\u011bn\u00ed t\u011bsn\u00e9ho ulo\u017een\u00ed. Pravideln\u00e9 maz\u00e1n\u00ed hydraulick\u00fdm olejem je nezbytn\u00e9 pro udr\u017een\u00ed plynul\u00e9ho chodu a sn\u00ed\u017een\u00ed t\u0159en\u00ed mezi pohybliv\u00fdmi \u010d\u00e1stmi, kter\u00e9 m\u016f\u017ee v\u00e9st k opot\u0159eben\u00ed a poru\u0161e.<\/p>\n<h2>Preventivn\u00ed \u00fadr\u017ebov\u00e1 opat\u0159en\u00ed<\/h2>\n<ul>\n<li><strong>Pravideln\u00e9 kontroly:<\/strong> Pravideln\u011b kontrolujte v\u00e1lec v\u00fdlo\u017en\u00edku, zda nevykazuje zn\u00e1mky opot\u0159eben\u00ed, net\u011bsnost\u00ed nebo po\u0161kozen\u00ed. V\u010dasn\u00e9 odhalen\u00ed potenci\u00e1ln\u00edch probl\u00e9m\u016f m\u016f\u017ee zabr\u00e1nit n\u00e1kladn\u00fdm oprav\u00e1m a prostoj\u016fm.<\/li>\n<li><strong>Vhodn\u00e9 maz\u00e1n\u00ed:<\/strong> Zajist\u011bte dostate\u010dn\u00e9 maz\u00e1n\u00ed v\u00e1lce, aby v\u0161echny pohybliv\u00e9 \u010d\u00e1sti fungovaly hladce. T\u00edm se sni\u017euje t\u0159en\u00ed a opot\u0159eben\u00ed a prodlu\u017euje se \u017eivotnost sou\u010d\u00e1sti.<\/li>\n<li><strong>V\u00fdm\u011bna t\u011bsn\u011bn\u00ed:<\/strong> Sledujte opot\u0159eben\u00ed t\u011bsn\u011bn\u00ed a v p\u0159\u00edpad\u011b pot\u0159eby je vym\u011b\u0148te, abyste udr\u017eeli tlak a zabr\u00e1nili \u00fanik\u016fm. Pravideln\u00e1 \u00fadr\u017eba t\u011bsn\u011bn\u00ed je z\u00e1sadn\u00ed pro optim\u00e1ln\u00ed provoz.<\/li>\n<\/ul>\n<h2>Pokyny k instalaci v\u00e1lce v\u00fdlo\u017en\u00edku<\/h2>\n<p>Spr\u00e1vn\u00e1 instalace v\u00e1lce v\u00fdlo\u017en\u00edku je z\u00e1sadn\u00ed pro jeho v\u00fdkon a \u017eivotnost. Za\u010dn\u011bte p\u0159esn\u00fdm vyrovn\u00e1n\u00edm v\u00e1lce s mont\u00e1\u017en\u00edmi body na stroji. K zaji\u0161t\u011bn\u00ed v\u00e1lce na m\u00edst\u011b pou\u017eijte vhodn\u00e9 mont\u00e1\u017en\u00ed konzoly a ujist\u011bte se, \u017ee je vodorovn\u00fd a spr\u00e1vn\u011b orientovan\u00fd.<\/p>\n<p>Jakmile jsou hydraulick\u00e9 hadice v po\u017eadovan\u00e9 poloze, p\u0159ipojte je a dbejte na to, aby nedo\u0161lo k jejich zalomen\u00ed nebo zbyte\u010dn\u00fdm ohyb\u016fm, kter\u00e9 by mohly omezit pr\u016ftok kapaliny. Po p\u0159ipojen\u00ed hydraulick\u00fdch hadic prove\u010fte tlakovou zkou\u0161ku syst\u00e9mu, abyste zkontrolovali t\u011bsnost a ov\u011b\u0159ili, \u017ee v\u00e1lec pracuje hladce.<\/p>\n<p>Nakonec se ujist\u011bte, \u017ee v\u0161echny upev\u0148ovac\u00ed prvky jsou uta\u017eeny podle specifikac\u00ed v\u00fdrobce, a p\u0159ed pou\u017eit\u00edm za\u0159\u00edzen\u00ed prove\u010fte z\u00e1v\u011bre\u010dnou kontrolu. Dodr\u017eov\u00e1n\u00ed t\u011bchto pokyn\u016f pom\u016f\u017ee dos\u00e1hnout optim\u00e1ln\u00edho v\u00fdkonu v\u00e1lce v\u00fdlo\u017en\u00edku.<\/p>\n<h2>B\u011b\u017en\u00e9 \u00fakoly \u00fadr\u017eby<\/h2>\n<ul>\n<li><strong>Pravideln\u00e9 kontroly:<\/strong> Prov\u00e1d\u011bn\u00ed pravideln\u00fdch kontrol umo\u017e\u0148uje v\u010dasn\u00e9 odhalen\u00ed opot\u0159eben\u00ed nebo po\u0161kozen\u00ed. Toto proaktivn\u00ed opat\u0159en\u00ed m\u016f\u017ee pomoci p\u0159edej\u00edt z\u00e1va\u017en\u011bj\u0161\u00edm probl\u00e9m\u016fm v budoucnu.<\/li>\n<li><strong>Spr\u00e1vn\u00e9 maz\u00e1n\u00ed:<\/strong> Zaji\u0161t\u011bn\u00ed dostate\u010dn\u00e9ho maz\u00e1n\u00ed v\u00e1lce zabra\u0148uje t\u0159en\u00ed a opot\u0159eben\u00ed, \u010d\u00edm\u017e zvy\u0161uje \u00fa\u010dinnost a \u017eivotnost sou\u010d\u00e1sti.<\/li>\n<li><strong>V\u00fdm\u011bna t\u011bsn\u011bn\u00ed:<\/strong> Pravideln\u00e1 v\u00fdm\u011bna t\u011bsn\u011bn\u00ed je nezbytn\u00e1 pro prevenci \u00fanik\u016f hydraulick\u00e9 kapaliny a udr\u017een\u00ed tlaku v syst\u00e9mu. Jedn\u00e1 se o kl\u00ed\u010dov\u00fd \u00fakol \u00fadr\u017eby, kter\u00fd by se nem\u011bl p\u0159ehl\u00ed\u017eet.<\/li>\n<\/ul>\n<h2>Bezpe\u010dnostn\u00ed aspekty a faktory prost\u0159ed\u00ed<\/h2>\n<p>P\u0159i pr\u00e1ci s hydraulick\u00fdmi syst\u00e9my je nutn\u00e9 up\u0159ednost\u0148ovat bezpe\u010dnostn\u00ed opat\u0159en\u00ed. Obsluha by m\u011bla b\u00fdt pro\u0161kolena ve spr\u00e1vn\u00e9 manipulaci s hydraulick\u00fdm za\u0159\u00edzen\u00edm a jeho obsluze. Pou\u017e\u00edv\u00e1n\u00ed vhodn\u00fdch osobn\u00edch ochrann\u00fdch prost\u0159edk\u016f (OOP) m\u016f\u017ee nav\u00edc zm\u00edrnit rizika spojen\u00e1 s \u00fanikem hydraulick\u00e9 kapaliny a mo\u017en\u00fdmi zran\u011bn\u00edmi.<\/p>\n<h2>Odstra\u0148ov\u00e1n\u00ed probl\u00e9m\u016f a b\u011b\u017en\u00e9 probl\u00e9my<\/h2>\n<ul>\n<li><strong>\u00danik:<\/strong> Pokud z v\u00e1lce v\u00fdlo\u017en\u00edku unik\u00e1 hydraulick\u00e1 kapalina, zkontrolujte opot\u0159eben\u00ed t\u011bsn\u011bn\u00ed a v p\u0159\u00edpad\u011b pot\u0159eby je vym\u011b\u0148te. Ujist\u011bte se, \u017ee v\u0161echna spojen\u00ed jsou t\u011bsn\u00e1 a nepo\u0161kozen\u00e1.<\/li>\n<li><strong>Pomal\u00fd provoz:<\/strong> Pokud v\u00e1lec pracuje pomalu, zkontrolujte hladinu hydraulick\u00e9 kapaliny a ujist\u011bte se, \u017ee v hydraulick\u00fdch potrub\u00edch nejsou \u017e\u00e1dn\u00e9 ucp\u00e1n\u00ed. Zkontrolujte, zda nejsou patrn\u00e9 zn\u00e1mky zne\u010di\u0161t\u011bn\u00ed hydraulick\u00e9 kapaliny.<\/li>\n<li><strong>Nekonzistentn\u00ed pohyb:<\/strong> Pokud se v\u00e1lec v\u00fdlo\u017en\u00edku pohybuje nepravideln\u011b, m\u016f\u017ee to b\u00fdt zp\u016fsobeno vzduchem zachycen\u00fdm v hydraulick\u00e9m syst\u00e9mu. Odvzdu\u0161n\u011bte syst\u00e9m, abyste odstranili vzduch, nebo zkontrolujte, zda nejsou po\u0161kozen\u00e9 sou\u010d\u00e1sti, kter\u00e9 by mohly ovlivnit pohyb.<\/li>\n<\/ul>\n<h2>Tipy pro \u0159e\u0161en\u00ed probl\u00e9m\u016f<\/h2>\n<p>To effectively diagnose and resolve issues, it&#8217;s essential to follow a systematic approach. Start with visual inspections to identify any obvious signs of wear or damage. Use pressure gauges to check the system\u2019s hydraulic pressure levels, ensuring they meet the required specifications.<\/p>\n<p>Pro minimalizaci pravd\u011bpodobnosti opakuj\u00edc\u00edch se probl\u00e9m\u016f zav\u00e1d\u011bjte preventivn\u00ed opat\u0159en\u00ed, jako jsou pravideln\u00e9 pl\u00e1ny \u00fadr\u017eby a \u0161kolen\u00ed obsluhy. Udr\u017eov\u00e1n\u00ed hydraulick\u00e9ho syst\u00e9mu v \u010distot\u011b a dobr\u00e9m maz\u00e1n\u00ed tak\u00e9 p\u0159isp\u011bje k jeho spolehlivosti a v\u00fdkonu.<\/p>\n<p><img decoding=\"async\" src=\"https:\/\/www.hydraulic-cylinders.net\/wp-content\/uploads\/2025\/04\/songte-bushings-with-all-kinds-of-excavator-models.webp\" alt=\"Pouzdra\" \/><\/p>\n<h2>P\u0159ehled spole\u010dnosti<\/h2>\n<p>Jsme p\u0159edn\u00edm v\u00fdrobcem n\u00e1hradn\u00edch hydraulick\u00fdch v\u00e1lc\u016f a nab\u00edz\u00edme komplexn\u00ed sortiment produkt\u016f, kter\u00e9 n\u00e1s etablovaly jako v\u00fdznamn\u00e9ho hr\u00e1\u010de na dom\u00e1c\u00edm i mezin\u00e1rodn\u00edm trhu. N\u00e1\u0161 z\u00e1vazek k v\u00fdjime\u010dn\u00e9 kvalit\u011b je podpo\u0159en p\u0159esn\u00fdmi v\u00fdrobn\u00edmi strategiemi a integrac\u00ed pokro\u010dil\u00fdch technologi\u00ed.<\/p>\n<p>S d\u016frazem na technick\u00e9 talenty a \u0161pi\u010dkov\u00e9 digit\u00e1ln\u00ed v\u00fdrobn\u00ed za\u0159\u00edzen\u00ed se na\u0161e v\u00fdrobn\u00ed procesy neust\u00e1le vyv\u00edjej\u00ed s c\u00edlem zlep\u0161it kvalitu na\u0161ich produkt\u016f. Udr\u017eujeme robustn\u00ed syst\u00e9m kontroly kvality, kter\u00fd zaji\u0161\u0165uje, \u017ee ka\u017ed\u00e1 l\u00e1hev spl\u0148uje p\u0159\u00edsn\u00e9 standardy v\u00fdkonu a odolnosti.<\/p>\n<p>Na\u0161e spole\u010dnost se tak\u00e9 py\u0161n\u00ed poskytov\u00e1n\u00edm \u0159e\u0161en\u00ed na m\u00edru, mezin\u00e1rodn\u00edmi certifikacemi a vynikaj\u00edc\u00edm poprodejn\u00edm servisem. Tento holistick\u00fd p\u0159\u00edstup zaji\u0161\u0165uje, \u017ee uspokojujeme rozmanit\u00e9 pot\u0159eby na\u0161ich klient\u016f a z\u00e1rove\u0148 si udr\u017eujeme pov\u011bst spolehlivosti a excelence.<\/p>\n<p><img decoding=\"async\" src=\"https:\/\/www.hydraulic-cylinders.net\/wp-content\/uploads\/2025\/04\/songte-company-4.webp\" alt=\"P\u0159ehled spole\u010dnosti\" \/><br \/>\n<img decoding=\"async\" src=\"https:\/\/www.hydraulic-cylinders.net\/wp-content\/uploads\/2025\/04\/songte-company-3.webp\" alt=\"Na\u0161e za\u0159\u00edzen\u00ed\" \/><\/p>\n<p>Autor: lyl<\/p>","protected":false},"excerpt":{"rendered":"<p>Boom Cylinder For Xinyuan Wheel Excavator XY65W-7-8 Introduction to Boom Cylinder The Boom Cylinder is a crucial component designed specifically for hydraulic systems used in heavy machinery such as excavators. This hydraulic cylinder is responsible for controlling the movement of the bucket in various construction and earth-moving applications. It allows the bucket to lift, lower, [&hellip;]<\/p>","protected":false},"featured_media":17874,"comment_status":"open","ping_status":"closed","template":"","meta":{"_et_pb_use_builder":"","_et_pb_old_content":"","_et_gb_content_width":""},"product_brand":[],"product_cat":[1546],"product_tag":[1547,1496],"class_list":{"0":"post-19596","1":"product","2":"type-product","3":"status-publish","4":"has-post-thumbnail","6":"product_cat-boom-cylinders","7":"product_tag-boom-cylinders","8":"product_tag-hydraulic-cylinders","10":"first","11":"instock","12":"shipping-taxable","13":"product-type-simple"},"amp_enabled":true,"_links":{"self":[{"href":"https:\/\/www.hydraulic-cylinders.net\/cs\/wp-json\/wp\/v2\/product\/19596","targetHints":{"allow":["GET"]}}],"collection":[{"href":"https:\/\/www.hydraulic-cylinders.net\/cs\/wp-json\/wp\/v2\/product"}],"about":[{"href":"https:\/\/www.hydraulic-cylinders.net\/cs\/wp-json\/wp\/v2\/types\/product"}],"replies":[{"embeddable":true,"href":"https:\/\/www.hydraulic-cylinders.net\/cs\/wp-json\/wp\/v2\/comments?post=19596"}],"wp:featuredmedia":[{"embeddable":true,"href":"https:\/\/www.hydraulic-cylinders.net\/cs\/wp-json\/wp\/v2\/media\/17874"}],"wp:attachment":[{"href":"https:\/\/www.hydraulic-cylinders.net\/cs\/wp-json\/wp\/v2\/media?parent=19596"}],"wp:term":[{"taxonomy":"product_brand","embeddable":true,"href":"https:\/\/www.hydraulic-cylinders.net\/cs\/wp-json\/wp\/v2\/product_brand?post=19596"},{"taxonomy":"product_cat","embeddable":true,"href":"https:\/\/www.hydraulic-cylinders.net\/cs\/wp-json\/wp\/v2\/product_cat?post=19596"},{"taxonomy":"product_tag","embeddable":true,"href":"https:\/\/www.hydraulic-cylinders.net\/cs\/wp-json\/wp\/v2\/product_tag?post=19596"}],"curies":[{"name":"wp","href":"https:\/\/api.w.org\/{rel}","templated":true}]}}