{"id":19597,"date":"2025-04-07T06:56:33","date_gmt":"2025-04-07T06:56:33","guid":{"rendered":"https:\/\/www.hydraulic-cylinders.net\/product\/boom-cylinder-for-xinyuan-wheel-excavator-xy75w-8-9\/"},"modified":"2025-04-07T06:56:35","modified_gmt":"2025-04-07T06:56:35","slug":"boom-cylinder-for-xinyuan-wheel-excavator-xy75w-8-9","status":"publish","type":"product","link":"https:\/\/www.hydraulic-cylinders.net\/cs\/produkt\/boom-cylinder-for-xinyuan-wheel-excavator-xy75w-8-9\/","title":{"rendered":"V\u00e1lec v\u00fdlo\u017en\u00edku pro kolov\u00e9 rypadlo Xinyuan XY75W-8-9"},"content":{"rendered":"<h1>V\u00e1lec v\u00fdlo\u017en\u00edku pro kolov\u00e9 rypadlo Xinyuan XY75W-8-9<\/h1>\n<h2>\u00davod k v\u00e1lc\u016fm v\u00fdlo\u017en\u00edku<\/h2>\n<p>Hydraulick\u00fd v\u00e1lec v\u00fdlo\u017en\u00edku je kl\u00ed\u010dovou sou\u010d\u00e1st\u00ed hydraulick\u00fdch syst\u00e9m\u016f pou\u017e\u00edvan\u00fdch v t\u011b\u017ek\u00fdch stroj\u00edch, speci\u00e1ln\u011b navr\u017een\u00fdch pro ovl\u00e1d\u00e1n\u00ed pohybu v\u00fdlo\u017en\u00edku rypadel, rypadlo-naklada\u010d\u016f a \u010deln\u00edch naklada\u010d\u016f. Tento hydraulick\u00fd v\u00e1lec je zodpov\u011bdn\u00fd za zved\u00e1n\u00ed, spou\u0161t\u011bn\u00ed a nakl\u00e1p\u011bn\u00ed v\u00fdlo\u017en\u00edku, \u010d\u00edm\u017e usnad\u0148uje r\u016fzn\u00e9 \u00fakoly manipulace s materi\u00e1lem. V\u00e1lec v\u00fdlo\u017en\u00edku pracuje s vyu\u017eit\u00edm tlaku hydraulick\u00e9 kapaliny, kter\u00fd umo\u017e\u0148uje plynul\u00e9 a siln\u00e9 pohyby nezbytn\u00e9 pro efektivn\u00ed provoz ve stavebnictv\u00ed, t\u011b\u017eb\u011b a zem\u011bd\u011blstv\u00ed.<\/p>\n<p><img decoding=\"async\" src=\"https:\/\/www.hydraulic-cylinders.net\/wp-content\/uploads\/2025\/04\/songte-company-1.webp\" alt=\"Obr\u00e1zek v\u00e1lce v\u00fdlo\u017en\u00edku\" \/><\/p>\n<h2>Kl\u00ed\u010dov\u00e9 vlastnosti v\u00e1lce v\u00fdlo\u017en\u00edku<\/h2>\n<ul>\n<li><strong>Vysok\u00e1 pevnost a trvanlivost:<\/strong> Tyto v\u00e1lce, vyroben\u00e9 z vysokopevnostn\u00ed oceli nebo hlin\u00edku, jsou navr\u017eeny tak, aby odolaly vysok\u00fdm tlak\u016fm a velk\u00e9mu zat\u00ed\u017een\u00ed, a proto jsou vhodn\u00e9 pro n\u00e1ro\u010dn\u00e9 pracovn\u00ed prost\u0159ed\u00ed.<\/li>\n<li><strong>Efektivn\u00ed hydraulick\u00fd provoz:<\/strong> V\u00e1lec v\u00fdlo\u017en\u00edku vyu\u017e\u00edv\u00e1 hydraulick\u00fd tlak oleje pro plynul\u00e9 vysouv\u00e1n\u00ed a zasouv\u00e1n\u00ed, co\u017e umo\u017e\u0148uje rychlou odezvu na ovl\u00e1dac\u00ed povely a poskytuje siln\u00e9 tlakov\u00e9 a ta\u017en\u00e9 s\u00edly.<\/li>\n<li><strong>R\u016fzn\u00e9 typy:<\/strong> K dispozici v jedno\u010dinn\u00e9m (ob\u011bsm\u011brn\u00e9m) nebo dvoj\u010dinn\u00e9m (ob\u011bsm\u011brn\u00e9m) proveden\u00ed, p\u0159i\u010dem\u017e n\u011bkter\u00e9 modely jsou teleskopick\u00e9, co\u017e umo\u017e\u0148uje v\u011bt\u0161\u00ed v\u00fdsuv bez zv\u011bt\u0161en\u00ed vn\u011bj\u0161\u00edch rozm\u011br\u016f.<\/li>\n<li><strong>P\u0159izp\u016fsobiteln\u00e9 mo\u017enosti:<\/strong> Na\u0161e v\u00e1lce v\u00fdlo\u017en\u00edku lze p\u0159izp\u016fsobit specifick\u00fdm provozn\u00edm pot\u0159eb\u00e1m, co\u017e zaji\u0161\u0165uje kompatibilitu s r\u016fzn\u00fdmi modely bagr\u016f.<\/li>\n<li><strong>Snadn\u00e1 \u00fadr\u017eba:<\/strong> Tyto v\u00e1lce jsou navr\u017eeny pro snadnou \u00fadr\u017ebu a obsahuj\u00ed prvky, kter\u00e9 zjednodu\u0161uj\u00ed kontrolu a servis, \u010d\u00edm\u017e sni\u017euj\u00ed prostoje a provozn\u00ed n\u00e1klady.<\/li>\n<\/ul>\n<p><img decoding=\"async\" src=\"https:\/\/www.hydraulic-cylinders.net\/wp-content\/uploads\/2025\/04\/songte-cylinder-head-with-all-kinds-excavator-models.webp\" alt=\"Modely bagr\u016f\" \/><\/p>\n<h2>Aplikace v\u00e1lc\u016f v\u00fdlo\u017en\u00edku<\/h2>\n<h3>Stavebn\u00ed stroje<\/h3>\n<p>U bagr\u016f jsou v\u00e1lce v\u00fdlo\u017en\u00edku kl\u00ed\u010dov\u00e9 pro kop\u00e1n\u00ed, nakl\u00e1d\u00e1n\u00ed a p\u0159emis\u0165ov\u00e1n\u00ed zeminy nebo suti. P\u0159esn\u00e9 ovl\u00e1d\u00e1n\u00ed, kter\u00e9 tyto v\u00e1lce poskytuj\u00ed, zvy\u0161uje efektivitu stroje a umo\u017e\u0148uje obsluze prov\u00e1d\u011bt \u00fakoly s p\u0159esnost\u00ed a rychlost\u00ed. U rypadlo-naklada\u010d\u016f pom\u00e1haj\u00ed jak p\u0159i v\u00fdkopov\u00fdch, tak i p\u0159i zved\u00e1n\u00ed, co\u017e je \u010din\u00ed nepostradateln\u00fdmi na staveni\u0161t\u00edch.<\/p>\n<h3>Zem\u011bd\u011blsk\u00e9 stroje<\/h3>\n<p>V\u00e1lce v\u00fdlo\u017en\u00edku, pou\u017e\u00edvan\u00e9 v \u010deln\u00edch naklada\u010d\u00edch, jsou nezbytn\u00e9 pro nab\u00edr\u00e1n\u00ed, zved\u00e1n\u00ed a p\u0159epravu p\u016fdy, sena a dal\u0161\u00edch materi\u00e1l\u016f. Jejich schopnost zvl\u00e1dat t\u011b\u017ek\u00e9 n\u00e1klady pom\u00e1h\u00e1 zem\u011bd\u011blc\u016fm efektivn\u011b \u0159\u00eddit jejich provoz a zvy\u0161ovat produktivitu v zem\u011bd\u011blsk\u00fdch \u00fakolech.<\/p>\n<h3>V\u00fdkop a kop\u00e1n\u00ed<\/h3>\n<p>U bagr\u016f umo\u017e\u0148uje v\u00e1lec v\u00fdlo\u017en\u00edku efektivn\u00ed pronik\u00e1n\u00ed l\u017e\u00edce do zem\u011b a zah\u00e1jen\u00ed procesu kop\u00e1n\u00ed. Tato funkce je kl\u00ed\u010dov\u00e1 pro r\u016fzn\u00e9 v\u00fdkopov\u00e9 projekty, od pokl\u00e1d\u00e1n\u00ed z\u00e1klad\u016f a\u017e po ter\u00e9nn\u00ed \u00fapravy.<\/p>\n<h3>Nakl\u00e1dac\u00ed za\u0159\u00edzen\u00ed<\/h3>\n<p>U \u010deln\u00edch naklada\u010d\u016f usnad\u0148uj\u00ed v\u00e1lce v\u00fdlo\u017en\u00edku efektivn\u00ed zved\u00e1n\u00ed a vykl\u00e1p\u011bn\u00ed materi\u00e1l\u016f. Jejich robustn\u00ed konstrukce zaji\u0161\u0165uje, \u017ee snadno zvl\u00e1daj\u00ed zna\u010dn\u00e9 n\u00e1klady, co\u017e p\u0159isp\u00edv\u00e1 k celkov\u00e9 produktivit\u011b stroje.<\/p>\n<h2>Konstruk\u010dn\u00ed aspekty a krit\u00e9ria v\u00fdb\u011bru<\/h2>\n<h3>Nosnost<\/h3>\n<p>P\u0159i v\u00fdb\u011bru v\u00e1lce v\u00fdlo\u017en\u00edku je prvo\u0159ad\u00e9 pochopen\u00ed jeho nosnosti. V\u00e1lec mus\u00ed b\u00fdt schopen zvl\u00e1dnout maxim\u00e1ln\u00ed zat\u00ed\u017een\u00ed o\u010dek\u00e1van\u00e9 b\u011bhem provozu bez rizika selh\u00e1n\u00ed. To zahrnuje zv\u00e1\u017een\u00ed hmotnosti p\u0159epravovan\u00fdch materi\u00e1l\u016f a specifick\u00fdch schopnost\u00ed stroje k zaji\u0161t\u011bn\u00ed bezpe\u010dnosti a v\u00fdkonu.<\/p>\n<h3>Integrita t\u011bsn\u011bn\u00ed<\/h3>\n<p>Spr\u00e1vn\u00e9 ut\u011bsn\u011bn\u00ed je nezbytn\u00e9 k zabr\u00e1n\u011bn\u00ed \u00faniku hydraulick\u00e9 kapaliny, co\u017e m\u016f\u017ee v\u00e9st ke sn\u00ed\u017een\u00ed \u00fa\u010dinnosti a zv\u00fd\u0161en\u00e9mu opot\u0159eben\u00ed sou\u010d\u00e1st\u00ed. Vysoce kvalitn\u00ed t\u011bsn\u011bn\u00ed, jako jsou t\u011bsn\u011bn\u00ed vyroben\u00e1 z polyuretanu nebo nitrilov\u00e9 pry\u017ee, zvy\u0161uj\u00ed odolnost a zaji\u0161\u0165uj\u00ed dlouhou \u017eivotnost v\u00e1lce.<\/p>\n<h3>Trvanlivost<\/h3>\n<p>Materi\u00e1ly pou\u017eit\u00e9 p\u0159i konstrukci v\u00e1lce v\u00fdlo\u017en\u00edku jsou pro jeho dlouhou \u017eivotnost z\u00e1sadn\u00ed. Vysokopevnostn\u00ed ocel nebo hlin\u00edk poskytuj\u00ed pot\u0159ebnou odolnost proti opot\u0159eben\u00ed v n\u00e1ro\u010dn\u00fdch podm\u00ednk\u00e1ch, \u010d\u00edm\u017e prodlu\u017euj\u00ed \u017eivotnost v\u00e1lce.<\/p>\n<h3>Bezpe\u010dnostn\u00ed normy<\/h3>\n<p>Bezpe\u010dnost je p\u0159i konstrukci hydraulick\u00fdch v\u00e1lc\u016f d\u016fle\u017eit\u00fdm krit\u00e9riem. Dodr\u017eov\u00e1n\u00ed zaveden\u00fdch bezpe\u010dnostn\u00edch norem sni\u017euje riziko nehod a selh\u00e1n\u00ed za\u0159\u00edzen\u00ed. V\u00fdrobci by m\u011bli zajistit, aby jejich v\u00fdrobky spl\u0148ovaly mezin\u00e1rodn\u00ed bezpe\u010dnostn\u00ed p\u0159edpisy, a t\u00edm obsluze poskytli klid.<\/p>\n<h3>P\u0159\u00edstupnost \u00fadr\u017eby<\/h3>\n<p>Konstrukce v\u00e1lc\u016f v\u00fdlo\u017en\u00edku pro snadnou \u00fadr\u017ebu m\u016f\u017ee v\u00fdrazn\u011b zkr\u00e1tit prostoje. Prvky, jako jsou odn\u00edmateln\u00e1 t\u011bsn\u011bn\u00ed a snadno p\u0159\u00edstupn\u00e9 mazac\u00ed body, usnad\u0148uj\u00ed pravideln\u00e9 kontroly a servis, kter\u00e9 jsou nezbytn\u00e9 pro udr\u017een\u00ed optim\u00e1ln\u00edho v\u00fdkonu a spolehlivosti.<\/p>\n<p><img decoding=\"async\" src=\"https:\/\/www.hydraulic-cylinders.net\/wp-content\/uploads\/2025\/04\/songte-oil-pipes-and-spare-parts.webp\" alt=\"Hydraulick\u00e9 komponenty\" \/><\/p>\n<h2>T\u011bsn\u011bn\u00ed a maz\u00e1n\u00ed<\/h2>\n<p>\u00da\u010dinn\u00e9 t\u011bsn\u011bn\u00ed a maz\u00e1n\u00ed jsou z\u00e1sadn\u00ed pro v\u00fdkon v\u00e1lc\u016f v\u00fdlo\u017en\u00edku. K udr\u017een\u00ed hydraulick\u00e9ho tlaku a prevenci \u00fanik\u016f se pou\u017e\u00edvaj\u00ed r\u016fzn\u00e9 t\u011bsnic\u00ed komponenty, v\u010detn\u011b t\u011bsn\u011bn\u00ed p\u00edst\u016f a t\u011bsn\u011bn\u00ed p\u00edstnic. V\u00fdb\u011br t\u011bsn\u011bn\u00ed vyroben\u00fdch z materi\u00e1l\u016f odoln\u00fdch proti opot\u0159eben\u00ed, jako je polyuretan nebo nitrilov\u00e1 pry\u017e, zvy\u0161uje trvanlivost. P\u0159esn\u00e9 opracov\u00e1n\u00ed t\u011blesa v\u00e1lce a z\u00e1vitov\u00fdch konc\u016f nav\u00edc zlep\u0161uje odolnost proti opot\u0159eben\u00ed a zaji\u0161\u0165uje tak dlouhodob\u00fd v\u00fdkon. Pravideln\u00e9 maz\u00e1n\u00ed hydraulick\u00fdm olejem je nezbytn\u00e9 pro minimalizaci t\u0159en\u00ed a opot\u0159eben\u00ed pohybliv\u00fdch \u010d\u00e1st\u00ed, co\u017e d\u00e1le p\u0159isp\u00edv\u00e1 k dlouh\u00e9 \u017eivotnosti v\u00e1lce.<\/p>\n<h2>Pravideln\u00e1 kontrola a preventivn\u00ed \u00fadr\u017eba<\/h2>\n<ul>\n<li><strong>Pravideln\u00e9 kontroly:<\/strong> Prov\u00e1d\u011bn\u00ed pravideln\u00fdch kontrol je z\u00e1sadn\u00ed pro identifikaci potenci\u00e1ln\u00edch probl\u00e9m\u016f d\u0159\u00edve, ne\u017e se vyhrot\u00ed. Zkontrolujte zn\u00e1mky opot\u0159eben\u00ed, net\u011bsnosti a celkov\u00fd stav, abyste zajistili efektivn\u00ed provoz v\u00e1lce.<\/li>\n<li><strong>Spr\u00e1vn\u00e9 maz\u00e1n\u00ed:<\/strong> Zaji\u0161t\u011bn\u00ed spr\u00e1vn\u00e9ho maz\u00e1n\u00ed v\u00e1lce hydraulick\u00fdm olejem pom\u00e1h\u00e1 sn\u00ed\u017eit t\u0159en\u00ed a opot\u0159eben\u00ed sou\u010d\u00e1st\u00ed, \u010d\u00edm\u017e prodlu\u017euje \u017eivotnost v\u00e1lce a udr\u017euje jeho v\u00fdkon.<\/li>\n<li><strong>V\u00fdm\u011bna t\u011bsn\u011bn\u00ed:<\/strong> Pravideln\u00e1 v\u00fdm\u011bna t\u011bsn\u011bn\u00ed v r\u00e1mci \u00fadr\u017eby zaji\u0161\u0165uje \u00fa\u010dinn\u00e9 zachycen\u00ed hydraulick\u00e9 kapaliny a zabra\u0148uje \u00fanik\u016fm, kter\u00e9 mohou v\u00e9st k probl\u00e9m\u016fm s v\u00fdkonem a bezpe\u010dnostn\u00edm rizik\u016fm.<\/li>\n<\/ul>\n<h2>Pokyny k instalaci<\/h2>\n<p>Spr\u00e1vn\u00e1 instalace v\u00e1lc\u016f v\u00fdlo\u017en\u00edku je nezbytn\u00e1 pro optim\u00e1ln\u00ed v\u00fdkon. Za\u010dn\u011bte t\u00edm, \u017ee se ujist\u00edte, \u017ee je v\u00e1lec spr\u00e1vn\u011b zarovn\u00e1n s mont\u00e1\u017en\u00edmi body na bagru. K zaji\u0161t\u011bn\u00ed v\u00e1lce na m\u00edst\u011b pou\u017eijte vhodn\u00e9 mont\u00e1\u017en\u00ed konzoly, abyste zabr\u00e1nili jeho nespr\u00e1vn\u00e9mu zarovn\u00e1n\u00ed, kter\u00e9 by mohlo v\u00e9st k nadm\u011brn\u00e9mu opot\u0159eben\u00ed nebo poru\u0161e. B\u011bhem instalace je nezbytn\u00e9 dodr\u017eovat specifikace v\u00fdrobce ohledn\u011b nastaven\u00ed utahovac\u00edho momentu, aby nedo\u0161lo k po\u0161kozen\u00ed sou\u010d\u00e1st\u00ed. Po instalaci zkontrolujte hydraulick\u00e9 spoje, zda nedoch\u00e1z\u00ed k \u00fanik\u016fm, a ujist\u011bte se, \u017ee v\u00e1lec pracuje hladce v cel\u00e9m rozsahu pohybu. Pravideln\u011b kontrolujte spr\u00e1vn\u00e9 zarovn\u00e1n\u00ed a zajist\u011bte v\u0161echny armatury, abyste zachovali v\u00fdkon.<\/p>\n<h2>B\u011b\u017en\u00e9 \u00fakoly \u00fadr\u017eby<\/h2>\n<h3>Pravideln\u00e9 kontroly<\/h3>\n<p>\u010cast\u00e9 kontroly pom\u00e1haj\u00ed v\u010das odhalit opot\u0159eben\u00ed a potenci\u00e1ln\u00ed probl\u00e9my. Oper\u00e1to\u0159i by si m\u011bli zav\u00e9st rutinn\u00ed kontrolu v\u00e1lc\u016f, zda nevykazuj\u00ed zn\u00e1mky \u00faniku hydraulick\u00e9 kapaliny, po\u0161kozen\u00ed nebo abnorm\u00e1ln\u00edho opot\u0159eben\u00ed, a zajistit, aby ve\u0161ker\u00e9 probl\u00e9my byly neprodlen\u011b \u0159e\u0161eny, aby byla zachov\u00e1na provozn\u00ed efektivita.<\/p>\n<h3>Vhodn\u00e9 maz\u00e1n\u00ed<\/h3>\n<p>Udr\u017eov\u00e1n\u00ed spr\u00e1vn\u00e9ho maz\u00e1n\u00ed je z\u00e1sadn\u00ed pro dlouhou \u017eivotnost v\u00e1lc\u016f v\u00fdlo\u017en\u00edku. Obsluha by m\u011bla zajistit, aby byl v\u00e1lec pravideln\u011b maz\u00e1n vhodn\u00fdm hydraulick\u00fdm olejem, p\u0159i\u010dem\u017e by se m\u011bla zam\u011b\u0159it na udr\u017eov\u00e1n\u00ed t\u011bsn\u011bn\u00ed a pohybliv\u00fdch \u010d\u00e1st\u00ed dob\u0159e promazan\u00fdch, aby se minimalizovalo t\u0159en\u00ed a opot\u0159eben\u00ed.<\/p>\n<h3>V\u00fdm\u011bna t\u011bsn\u011bn\u00ed a kontroly kalibrace<\/h3>\n<p>Pravideln\u00e1 kontrola a v\u00fdm\u011bna t\u011bsn\u011bn\u00ed je nezbytn\u00e1 pro prevenci net\u011bsnost\u00ed a udr\u017een\u00ed hydraulick\u00e9ho tlaku. Kalibra\u010dn\u00ed kontroly zaji\u0161\u0165uj\u00ed, \u017ee v\u00e1lec pracuje v r\u00e1mci stanoven\u00fdch parametr\u016f, co\u017e umo\u017e\u0148uje p\u0159esn\u00e9 pohyby a efektivn\u00ed manipulaci s materi\u00e1lem. Tato preventivn\u00ed \u00fadr\u017eba je kl\u00ed\u010dov\u00e1 pro udr\u017een\u00ed provozn\u00ed efektivity a prodlou\u017een\u00ed \u017eivotnosti za\u0159\u00edzen\u00ed.<\/p>\n<p><img decoding=\"async\" src=\"https:\/\/www.hydraulic-cylinders.net\/wp-content\/uploads\/2025\/04\/songte-chushion-collar.webp\" alt=\"Pol\u0161t\u00e1\u0159ov\u00fd l\u00edmec\" \/><\/p>\n<h2>Bezpe\u010dnostn\u00ed aspekty a faktory prost\u0159ed\u00ed<\/h2>\n<p>P\u0159i pr\u00e1ci s v\u00e1lci v\u00fdlo\u017en\u00edku jsou bezpe\u010dnostn\u00ed opat\u0159en\u00ed prvo\u0159ad\u00e1. Obsluha by m\u011bla dodr\u017eovat bezpe\u010dnostn\u00ed protokoly, jako je no\u0161en\u00ed ochrann\u00fdch pom\u016fcek a zaji\u0161t\u011bn\u00ed odtlakov\u00e1n\u00ed hydraulick\u00e9ho syst\u00e9mu p\u0159ed prov\u00e1d\u011bn\u00edm \u00fadr\u017eby. D\u00e1le je t\u0159eba zohlednit environment\u00e1ln\u00ed aspekty, jako je spr\u00e1vn\u00e1 likvidace hydraulick\u00fdch kapalin a \u00fadr\u017eba za\u0159\u00edzen\u00ed, aby se zabr\u00e1nilo \u00fanik\u016fm, kter\u00e9 by mohly po\u0161kodit \u017eivotn\u00ed prost\u0159ed\u00ed. Tyto postupy nejen zvy\u0161uj\u00ed bezpe\u010dnost, ale tak\u00e9 podporuj\u00ed udr\u017eitelnost provozu.<\/p>\n<h2>Odstra\u0148ov\u00e1n\u00ed probl\u00e9m\u016f a b\u011b\u017en\u00e9 probl\u00e9my<\/h2>\n<ul>\n<li><strong>\u00daniky kapalin:<\/strong> Jedn\u00edm z nej\u010dast\u011bj\u0161\u00edch probl\u00e9m\u016f s v\u00e1lci v\u00fdlo\u017en\u00edku je \u00fanik kapaliny. \u010casto to lze vysledovat k opot\u0159ebovan\u00fdm t\u011bsn\u011bn\u00edm. Pravideln\u00e1 kontrola a v\u00fdm\u011bna t\u011bsn\u011bn\u00ed m\u016f\u017ee tomuto probl\u00e9mu p\u0159edej\u00edt.<\/li>\n<li><strong>Nedostate\u010dn\u00e9 prodlou\u017een\u00ed nebo zata\u017een\u00ed:<\/strong> Pokud se v\u00e1lec zcela nevysouv\u00e1 nebo nezasouv\u00e1, m\u016f\u017ee to b\u00fdt zp\u016fsobeno n\u00edzkou hladinou hydraulick\u00e9 kapaliny nebo vzduchem v syst\u00e9mu. Kontrola hladiny kapalin a odvzdu\u0161n\u011bn\u00ed syst\u00e9mu m\u016f\u017ee tento probl\u00e9m vy\u0159e\u0161it.<\/li>\n<li><strong>Neobvykl\u00e9 zvuky:<\/strong> Neobvykl\u00e9 zvuky b\u011bhem provozu mohou nazna\u010dovat vnit\u0159n\u00ed po\u0161kozen\u00ed nebo nespr\u00e1vn\u00e9 maz\u00e1n\u00ed. V\u010dasn\u00e9 pro\u0161et\u0159en\u00ed t\u011bchto zvuk\u016f m\u016f\u017ee pomoci zabr\u00e1nit dal\u0161\u00edmu po\u0161kozen\u00ed v\u00e1lce.<\/li>\n<\/ul>\n<h2>Preventivn\u00ed opat\u0159en\u00ed<\/h2>\n<p>Zav\u00e1d\u011bn\u00ed preventivn\u00edch opat\u0159en\u00ed je nezbytn\u00e9 pro sn\u00ed\u017een\u00ed pravd\u011bpodobnosti probl\u00e9m\u016f s v\u00e1lci v\u00fdlo\u017en\u00edku. Pravideln\u00e9 pl\u00e1ny \u00fadr\u017eby, v\u010detn\u011b kontrol a maz\u00e1n\u00ed, pom\u00e1haj\u00ed v\u010das identifikovat probl\u00e9my. \u0160kolen\u00ed obsluhy v rozpozn\u00e1v\u00e1n\u00ed zn\u00e1mek opot\u0159eben\u00ed nebo poruchy m\u016f\u017ee d\u00e1le minimalizovat potenci\u00e1ln\u00ed probl\u00e9my. Zaveden\u00ed robustn\u00edho syst\u00e9mu hl\u00e1\u0161en\u00ed pot\u0159eb \u00fadr\u017eby nav\u00edc m\u016f\u017ee zajistit v\u010dasn\u00e9 z\u00e1sahy a zachovat funk\u010dnost a bezpe\u010dnost za\u0159\u00edzen\u00ed.<\/p>\n<p><img decoding=\"async\" src=\"https:\/\/www.hydraulic-cylinders.net\/wp-content\/uploads\/2025\/04\/songte-bushings-with-all-kinds-of-excavator-models.webp\" alt=\"Pouzdra pro modely bagr\u016f\" \/><\/p>\n<h2>O na\u0161\u00ed spole\u010dnosti<\/h2>\n<p>Jsme p\u0159edn\u00edm v\u00fdrobcem n\u00e1hradn\u00edch hydraulick\u00fdch v\u00e1lc\u016f a nab\u00edz\u00edme komplexn\u00ed sortiment produkt\u016f, d\u00edky \u010demu\u017e jsme jedn\u00edm z p\u0159edn\u00edch v\u00fdrobc\u016f a velkoobchodn\u00edch distributor\u016f na dom\u00e1c\u00edm i mezin\u00e1rodn\u00edm trhu. N\u00e1\u0161 z\u00e1vazek k dokonalosti n\u00e1s vede k implementaci propracovan\u00fdch v\u00fdrobn\u00edch strategi\u00ed s vyu\u017eit\u00edm pokro\u010dil\u00fdch technologi\u00ed a specializovan\u00fdch testovac\u00edch syst\u00e9m\u016f ke zlep\u0161en\u00ed na\u0161ich v\u00fdrobn\u00edch kapacit. Na\u0161e siln\u00e9 kreativn\u00ed schopnosti n\u00e1m umo\u017e\u0148uj\u00ed spl\u0148ovat rozmanit\u00e9 po\u017eadavky z\u00e1kazn\u00edk\u016f s vysokou efektivitou, p\u0159esnost\u00ed a kvalitou.<\/p>\n<p>Jsme hrd\u00ed na na\u0161i profesionalitu a dr\u017eiteli mezin\u00e1rodn\u00edch certifikac\u00ed, kter\u00e9 odr\u00e1\u017eej\u00ed n\u00e1\u0161 z\u00e1vazek ke kvalit\u011b. Na\u0161e slu\u017eby na m\u00edru uspokojuj\u00ed specifick\u00e9 pot\u0159eby a zaji\u0161\u0165uj\u00ed, \u017ee klienti obdr\u017e\u00ed p\u0159esn\u011b ty produkty, kter\u00e9 pot\u0159ebuj\u00ed. Na\u0161e nejmodern\u011bj\u0161\u00ed v\u00fdrobn\u00ed za\u0159\u00edzen\u00ed n\u00e1m umo\u017e\u0148uje udr\u017eovat vysok\u00e9 standardy v na\u0161ich v\u00fdrobn\u00edch procesech a zajistit konzistentn\u00ed kvalitu v\u0161ech produkt\u016f. N\u00e1\u0161 specializovan\u00fd poprodejn\u00ed servis nav\u00edc zaji\u0161\u0165uje spokojenost z\u00e1kazn\u00edk\u016f a podporu po celou dobu \u017eivotn\u00edho cyklu produktu.<\/p>\n<p><img decoding=\"async\" src=\"https:\/\/www.hydraulic-cylinders.net\/wp-content\/uploads\/2025\/04\/songte-company-4.webp\" alt=\"P\u0159ehled spole\u010dnosti\" \/><br \/>\n<img decoding=\"async\" src=\"https:\/\/www.hydraulic-cylinders.net\/wp-content\/uploads\/2025\/04\/songte-company-3.webp\" alt=\"Za\u0159\u00edzen\u00ed spole\u010dnosti\" \/><\/p>\n<p>Autor: lyl<\/p>","protected":false},"excerpt":{"rendered":"<p>Boom Cylinder For Xinyuan Wheel Excavator XY75W-8-9 Introduction to Boom Cylinders The boom cylinder is a vital component in hydraulic systems used in heavy machinery, specifically designed to control the movement of the boom of excavators, backhoe loaders, and front loaders. This hydraulic cylinder is responsible for lifting, lowering, and tilting the boom, thus facilitating [&hellip;]<\/p>","protected":false},"featured_media":17875,"comment_status":"open","ping_status":"closed","template":"","meta":{"_et_pb_use_builder":"","_et_pb_old_content":"","_et_gb_content_width":""},"product_brand":[],"product_cat":[1546],"product_tag":[1547,1496],"class_list":{"0":"post-19597","1":"product","2":"type-product","3":"status-publish","4":"has-post-thumbnail","6":"product_cat-boom-cylinders","7":"product_tag-boom-cylinders","8":"product_tag-hydraulic-cylinders","10":"first","11":"instock","12":"shipping-taxable","13":"product-type-simple"},"amp_enabled":true,"_links":{"self":[{"href":"https:\/\/www.hydraulic-cylinders.net\/cs\/wp-json\/wp\/v2\/product\/19597","targetHints":{"allow":["GET"]}}],"collection":[{"href":"https:\/\/www.hydraulic-cylinders.net\/cs\/wp-json\/wp\/v2\/product"}],"about":[{"href":"https:\/\/www.hydraulic-cylinders.net\/cs\/wp-json\/wp\/v2\/types\/product"}],"replies":[{"embeddable":true,"href":"https:\/\/www.hydraulic-cylinders.net\/cs\/wp-json\/wp\/v2\/comments?post=19597"}],"wp:featuredmedia":[{"embeddable":true,"href":"https:\/\/www.hydraulic-cylinders.net\/cs\/wp-json\/wp\/v2\/media\/17875"}],"wp:attachment":[{"href":"https:\/\/www.hydraulic-cylinders.net\/cs\/wp-json\/wp\/v2\/media?parent=19597"}],"wp:term":[{"taxonomy":"product_brand","embeddable":true,"href":"https:\/\/www.hydraulic-cylinders.net\/cs\/wp-json\/wp\/v2\/product_brand?post=19597"},{"taxonomy":"product_cat","embeddable":true,"href":"https:\/\/www.hydraulic-cylinders.net\/cs\/wp-json\/wp\/v2\/product_cat?post=19597"},{"taxonomy":"product_tag","embeddable":true,"href":"https:\/\/www.hydraulic-cylinders.net\/cs\/wp-json\/wp\/v2\/product_tag?post=19597"}],"curies":[{"name":"wp","href":"https:\/\/api.w.org\/{rel}","templated":true}]}}