{"id":19598,"date":"2025-04-07T06:56:35","date_gmt":"2025-04-07T06:56:35","guid":{"rendered":"https:\/\/www.hydraulic-cylinders.net\/product\/boom-cylinder-for-xinyuan-wheel-excavator-xy90\/"},"modified":"2025-04-07T06:56:41","modified_gmt":"2025-04-07T06:56:41","slug":"boom-cylinder-for-xinyuan-wheel-excavator-xy90","status":"publish","type":"product","link":"https:\/\/www.hydraulic-cylinders.net\/cs\/produkt\/boom-cylinder-for-xinyuan-wheel-excavator-xy90\/","title":{"rendered":"V\u00e1lec v\u00fdlo\u017en\u00edku pro kolov\u00e9 rypadlo Xinyuan XY90"},"content":{"rendered":"<h1>V\u00e1lec v\u00fdlo\u017en\u00edku pro kolov\u00e9 rypadlo Xinyuan XY90<\/h1>\n<h2>P\u0159ehled produktu<\/h2>\n<p>Hydraulick\u00fd v\u00e1lec v\u00fdlo\u017en\u00edku pro kolov\u00e9 rypadlo Xinyuan XY90 je z\u00e1kladn\u00ed hydraulick\u00e1 sou\u010d\u00e1st ur\u010den\u00e1 k ovl\u00e1d\u00e1n\u00ed pohybu v\u00fdlo\u017en\u00edku v rypadlech. Tento hydraulick\u00fd v\u00e1lec hraje kl\u00ed\u010dovou roli p\u0159i zved\u00e1n\u00ed, spou\u0161t\u011bn\u00ed a nakl\u00e1p\u011bn\u00ed v\u00fdlo\u017en\u00edku, co\u017e je nezbytn\u00e9 pro r\u016fzn\u00e9 \u00fakoly manipulace s materi\u00e1lem ve stavebn\u00edch a v\u00fdkopov\u00fdch prac\u00edch. Funkce v\u00e1lce v\u00fdlo\u017en\u00edku umo\u017e\u0148uje efektivn\u00ed kop\u00e1n\u00ed, nakl\u00e1d\u00e1n\u00ed a p\u0159epravu materi\u00e1l\u016f, jako je zemina a su\u0165.<\/p>\n<p>V hydraulick\u00fdch syst\u00e9mech funguje v\u00e1lec v\u00fdlo\u017en\u00edku tak, \u017ee k vytvo\u0159en\u00ed pohybu vyu\u017e\u00edv\u00e1 tlakovou hydraulickou kapalinu. Hydraulick\u00fd syst\u00e9m umo\u017e\u0148uje plynul\u00fd a v\u00fdkonn\u00fd provoz, kter\u00fd je pro t\u011b\u017ek\u00e9 stroje z\u00e1sadn\u00ed. V\u00e1lec kope\u010dku, specializovan\u00fd typ hydraulick\u00e9ho v\u00e1lce, je speci\u00e1ln\u011b navr\u017een tak, aby odolal vysok\u00fdm tlak\u016fm a t\u011b\u017ek\u00fdm z\u00e1t\u011b\u017e\u00edm, a zaji\u0161\u0165uje tak optim\u00e1ln\u00ed v\u00fdkon i v n\u00e1ro\u010dn\u00fdch pracovn\u00edch prost\u0159ed\u00edch.<\/p>\n<p><img decoding=\"async\" src=\"https:\/\/www.hydraulic-cylinders.net\/wp-content\/uploads\/2025\/04\/songte-company-1.webp\" alt=\"V\u00e1lec v\u00fdlo\u017en\u00edku pro bagry\"><\/p>\n<h2>Vlastnosti v\u00e1lce v\u00fdlo\u017en\u00edku<\/h2>\n<h3>1. Vysok\u00e1 pevnost a trvanlivost<\/h3>\n<p>V\u00e1lec v\u00fdlo\u017en\u00edku je obvykle vyroben z vysokopevnostn\u00ed oceli nebo hlin\u00edku. To zaji\u0161\u0165uje, \u017ee vydr\u017e\u00ed vysok\u00fd tlak a velk\u00e9 zat\u00ed\u017een\u00ed a z\u00e1rove\u0148 si zachov\u00e1 funk\u010dnost v n\u00e1ro\u010dn\u00fdch pracovn\u00edch podm\u00ednk\u00e1ch. Konstrukce zohled\u0148uje odolnost proti opot\u0159eben\u00ed a korozi, co\u017e v\u00fdrazn\u011b prodlu\u017euje \u017eivotnost produktu.<\/p>\n<h3>2. Efektivn\u00ed hydraulick\u00fd provoz<\/h3>\n<p>D\u00edky tlaku hydraulick\u00e9ho oleje dosahuje v\u00e1lec plynul\u00e9ho a rychl\u00e9ho vysouv\u00e1n\u00ed a zasouv\u00e1n\u00ed. Tato rychl\u00e1 reakce na ovl\u00e1dac\u00ed povely poskytuje zna\u010dnou tla\u010dnou a ta\u017enou s\u00edlu, d\u00edky \u010demu\u017e je vhodn\u00fd pro manipulaci s t\u011b\u017ek\u00fdmi p\u0159edm\u011bty a prov\u00e1d\u011bn\u00ed slo\u017eit\u00fdch \u00fakol\u016f.<\/p>\n<h3>3. V\u0161estrann\u00e9 typy<\/h3>\n<p>V\u00e1lec v\u00fdlo\u017en\u00edku je k dispozici v r\u016fzn\u00fdch typech, v\u010detn\u011b jedno\u010dinn\u00fdch (vyu\u017e\u00edvaj\u00edc\u00edch hydraulick\u00fd tlak v jednom sm\u011bru) a dvoj\u010dinn\u00fdch (vyv\u00edjej\u00edc\u00edch tlak v obou sm\u011brech). Tato v\u0161estrannost spl\u0148uje r\u016fzn\u00e9 provozn\u00ed pot\u0159eby, p\u0159i\u010dem\u017e n\u011bkter\u00e9 modely disponuj\u00ed teleskopickou konstrukc\u00ed, kter\u00e1 umo\u017e\u0148uje v\u011bt\u0161\u00ed vysunut\u00ed bez zv\u011bt\u0161en\u00ed vn\u011bj\u0161\u00edch rozm\u011br\u016f v\u00e1lce, co\u017e je ide\u00e1ln\u00ed pro aplikace s omezen\u00fdm prostorem.<\/p>\n<h3>4. Zak\u00e1zkov\u00e1 v\u00fdroba<\/h3>\n<p>Specializujeme se na v\u00fdrobu tohoto produktu a zaji\u0161\u0165ujeme, aby na\u0161e v\u00e1lce byly perfektn\u00ed n\u00e1hradou za st\u00e1vaj\u00edc\u00ed hydraulick\u00e9 v\u00e1lce v r\u016fzn\u00fdch strojn\u00edch aplikac\u00edch.<\/p>\n<p><img decoding=\"async\" src=\"https:\/\/www.hydraulic-cylinders.net\/wp-content\/uploads\/2025\/04\/songte-cylinder-head-with-all-kinds-excavator-models.webp\" alt=\"Hlava v\u00e1lc\u016f bagru\"><\/p>\n<h3>5. V\u0161estrannost pou\u017eit\u00ed<\/h3>\n<p>Na\u0161e v\u00e1lce v\u00fdlo\u017en\u00edku nach\u00e1zej\u00ed uplatn\u011bn\u00ed v mnoha odv\u011btv\u00edch a poskytuj\u00ed kl\u00ed\u010dovou oporu v r\u016fzn\u00fdch stroj\u00edch:<\/p>\n<ul>\n<li><strong>Stavebn\u00ed vybaven\u00ed:<\/strong> U bagr\u016f je kl\u00ed\u010dov\u00fd pro kop\u00e1n\u00ed, nakl\u00e1d\u00e1n\u00ed a p\u0159emis\u0165ov\u00e1n\u00ed zeminy nebo suti. V\u00e1lec v\u00fdlo\u017en\u00edku pom\u00e1h\u00e1 p\u0159i kop\u00e1n\u00ed i zved\u00e1n\u00ed u rypadlo-naklada\u010d\u016f.<\/li>\n<li><strong>Zem\u011bd\u011blsk\u00e9 stroje:<\/strong> Pou\u017e\u00edv\u00e1 se v \u010deln\u00edch naklada\u010d\u00edch k efektivn\u00edmu nab\u00edr\u00e1n\u00ed, zved\u00e1n\u00ed a p\u0159eprav\u011b zeminy, sena a dal\u0161\u00edch materi\u00e1l\u016f.<\/li>\n<li><strong>Bagry:<\/strong> V\u00e1lec v\u00fdlo\u017en\u00edku umo\u017e\u0148uje ryp\u00e1n\u00ed t\u00edm, \u017ee umo\u017e\u0148uje l\u017e\u00edci efektivn\u011b pronikat do zem\u011b.<\/li>\n<li><strong>Naklada\u010de:<\/strong> U \u010deln\u00edch naklada\u010d\u016f tyto v\u00e1lce usnad\u0148uj\u00ed zved\u00e1n\u00ed a vykl\u00e1p\u011bn\u00ed materi\u00e1l\u016f, \u010d\u00edm\u017e zvy\u0161uj\u00ed produktivitu p\u0159i r\u016fzn\u00fdch \u00fakolech.<\/li>\n<\/ul>\n<h2>Konstruk\u010dn\u00ed aspekty a krit\u00e9ria v\u00fdb\u011bru<\/h2>\n<h3>1. Nosnost<\/h3>\n<p>Nosnost v\u00e1lce v\u00fdlo\u017en\u00edku je kritick\u00fdm konstruk\u010dn\u00edm hlediskem. Mus\u00ed b\u00fdt schopen zvl\u00e1dnout maxim\u00e1ln\u00ed zat\u00ed\u017een\u00ed, s n\u00edm\u017e se b\u011bhem provozu setk\u00e1v\u00e1. In\u017een\u00fd\u0159i vypo\u010d\u00edtaj\u00ed po\u017eadovanou nosnost na z\u00e1klad\u011b konkr\u00e9tn\u00ed aplikace, aby zajistili, \u017ee v\u00e1lec m\u016f\u017ee efektivn\u011b fungovat za r\u016fzn\u00fdch podm\u00ednek bez rizika selh\u00e1n\u00ed.<\/p>\n<h3>2. T\u011bsn\u011bn\u00ed<\/h3>\n<p>\u00da\u010dinn\u00e9 t\u011bsn\u011bn\u00ed je nezbytn\u00e9 pro prevenci \u00faniku hydraulick\u00e9 kapaliny. Pro zaji\u0161t\u011bn\u00ed v\u00fdkonu a dlouh\u00e9 \u017eivotnosti se vyb\u00edraj\u00ed vysoce kvalitn\u00ed t\u011bsn\u011bn\u00ed, jako jsou t\u011bsn\u011bn\u00ed p\u00edst\u016f a p\u00edstnic. Materi\u00e1ly jako polyuretan a nitrilov\u00e1 pry\u017e jsou b\u011b\u017enou volbou d\u00edky sv\u00e9 odolnosti proti opot\u0159eben\u00ed a kompatibilit\u011b s hydraulick\u00fdmi kapalinami.<\/p>\n<h3>3. Trvanlivost<\/h3>\n<p>P\u0159i konstrukci v\u00e1lc\u016f v\u00fdlo\u017en\u00edku je prvo\u0159ad\u00e1 odolnost. Mus\u00ed odol\u00e1vat n\u00e1ro\u010dn\u00e9mu prost\u0159ed\u00ed a opakovan\u00fdm cykl\u016fm bez degradace. Materi\u00e1ly pou\u017eit\u00e9 p\u0159i konstrukci a ochrann\u00e9 povlaky nanesen\u00e9 na povrch v\u00e1lc\u016f v\u00fdznamn\u011b p\u0159isp\u00edvaj\u00ed k jejich celkov\u00e9 odolnosti.<\/p>\n<h3>4. Bezpe\u010dnostn\u00ed prvky<\/h3>\n<p>Bezpe\u010dnost je p\u0159i navrhov\u00e1n\u00ed hydraulick\u00fdch v\u00e1lc\u016f kl\u00ed\u010dov\u00fdm hlediskem. Pro zv\u00fd\u0161en\u00ed bezpe\u010dnosti b\u011bhem provozu a prevenci potenci\u00e1ln\u00edch rizik spojen\u00fdch s hydraulick\u00fdmi poruchami jsou pou\u017eity prvky, jako jsou p\u0159etlakov\u00e9 ventily a mechanismy ochrany proti prasknut\u00ed.<\/p>\n<h3>5. P\u0159\u00edstupnost pro \u00fadr\u017ebu<\/h3>\n<p>Navrhov\u00e1n\u00ed v\u00e1lc\u016f pro snadnou \u00fadr\u017ebu je z\u00e1sadn\u00ed pro minimalizaci prostoj\u016f. P\u0159\u00edstupn\u00e9 komponenty usnad\u0148uj\u00ed pravideln\u00e9 kontroly, v\u00fdm\u011bnu kapalin a t\u011bsn\u011bn\u00ed, co\u017e zaji\u0161\u0165uje, \u017ee v\u00e1lec z\u016fstane v optim\u00e1ln\u00edm provozn\u00edm stavu.<\/p>\n<p><img decoding=\"async\" src=\"https:\/\/www.hydraulic-cylinders.net\/wp-content\/uploads\/2025\/04\/songte-oil-pipes-and-spare-parts.webp\" alt=\"D\u00edly hydraulick\u00e9ho v\u00e1lce\"><\/p>\n<h2>T\u011bsn\u011bn\u00ed a maz\u00e1n\u00ed<\/h2>\n<p>\u00da\u010dinn\u00e9 t\u011bsn\u011bn\u00ed a maz\u00e1n\u00ed jsou kl\u00ed\u010dov\u00e9 pro dlouhou \u017eivotnost a v\u00fdkon v\u00e1lce v\u00fdlo\u017en\u00edku. K zabr\u00e1n\u011bn\u00ed \u00faniku hydraulick\u00e9 kapaliny se pou\u017e\u00edvaj\u00ed r\u016fzn\u00e1 t\u011bsn\u011bn\u00ed, v\u010detn\u011b t\u011bsn\u011bn\u00ed p\u00edst\u016f a t\u011bsn\u011bn\u00ed p\u00edstnic. V\u00fdb\u011br t\u011bsn\u011bn\u00ed vyroben\u00fdch z odoln\u00fdch materi\u00e1l\u016f, jako je polyuretan a nitrilov\u00e1 pry\u017e, zaji\u0161\u0165uje, \u017ee odol\u00e1vaj\u00ed opot\u0159eben\u00ed a vystaven\u00ed hydraulick\u00fdm kapalin\u00e1m.<\/p>\n<p>T\u011bleso v\u00e1lce a z\u00e1vitov\u00e9 konce proch\u00e1zej\u00ed jemn\u00fdm opracov\u00e1n\u00edm pro zv\u00fd\u0161en\u00ed odolnosti proti opot\u0159eben\u00ed. Pravideln\u00e9 maz\u00e1n\u00ed hydraulick\u00fdm olejem je nezbytn\u00e9 pro sn\u00ed\u017een\u00ed t\u0159en\u00ed a udr\u017een\u00ed plynul\u00e9ho provozu. Pro zaji\u0161t\u011bn\u00ed optim\u00e1ln\u00edho v\u00fdkonu je nezbytn\u00e9 pravideln\u011b kontrolovat a dopl\u0148ovat hladinu hydraulick\u00e9ho oleje.<\/p>\n<h2>Preventivn\u00ed \u00fadr\u017ebov\u00e1 opat\u0159en\u00ed<\/h2>\n<ul>\n<li><strong>Pravideln\u00e9 kontroly:<\/strong> Prov\u00e1d\u011bjte \u010dast\u00e9 kontroly, abyste odhalili jak\u00e9koli zn\u00e1mky opot\u0159eben\u00ed nebo po\u0161kozen\u00ed. Hledejte net\u011bsnosti, korozi a struktur\u00e1ln\u00ed integritu. V\u010dasn\u00e9 odhalen\u00ed m\u016f\u017ee zabr\u00e1nit v\u00fdznamn\u00fdm poruch\u00e1m.<\/li>\n<li><strong>Maz\u00e1n\u00ed:<\/strong> Udr\u017eujte spr\u00e1vnou hladinu maz\u00e1n\u00ed dopl\u0148ov\u00e1n\u00edm hydraulick\u00e9ho oleje dle pot\u0159eby. Nedostate\u010dn\u00e9 maz\u00e1n\u00ed m\u016f\u017ee v\u00e9st ke zv\u00fd\u0161en\u00e9mu t\u0159en\u00ed a p\u0159ed\u010dasn\u00e9mu opot\u0159eben\u00ed.<\/li>\n<li><strong>V\u00fdm\u011bna t\u011bsn\u011bn\u00ed:<\/strong> Sledujte stav t\u011bsn\u011bn\u00ed a vym\u011b\u0148te je, kdy\u017e se objev\u00ed zn\u00e1mky opot\u0159eben\u00ed. Tento proaktivn\u00ed p\u0159\u00edstup pom\u00e1h\u00e1 p\u0159edch\u00e1zet \u00fanik\u016fm a udr\u017euje hydraulickou \u00fa\u010dinnost.<\/li>\n<\/ul>\n<h2>Pokyny k instalaci<\/h2>\n<p>Spr\u00e1vn\u00e1 instalace v\u00e1lce v\u00fdlo\u017en\u00edku je nezbytn\u00e1 pro optim\u00e1ln\u00ed v\u00fdkon. Dodr\u017eujte tyto pokyny:<\/p>\n<ul>\n<li><strong>Zarovnejte v\u00e1lec:<\/strong> Zajist\u011bte, aby byl v\u00e1lec p\u0159esn\u011b zarovn\u00e1n s mont\u00e1\u017en\u00edmi body na stroji. Nespr\u00e1vn\u00e9 zarovn\u00e1n\u00ed m\u016f\u017ee zp\u016fsobit p\u0159ed\u010dasn\u00e9 opot\u0159eben\u00ed a sn\u00ed\u017eit \u00fa\u010dinnost.<\/li>\n<li><strong>Pou\u017eijte vhodn\u00e9 mont\u00e1\u017en\u00ed konzoly:<\/strong> Pro pevn\u00e9 upevn\u011bn\u00ed v\u00e1lce pou\u017eijte vhodn\u00e9 mont\u00e1\u017en\u00ed konzoly. T\u00edm se zabr\u00e1n\u00ed pohybu b\u011bhem provozu a zajist\u00ed se stabilita.<\/li>\n<li><strong>Zkontrolujte hydraulick\u00e9 potrub\u00ed:<\/strong> P\u0159ed uveden\u00edm stroje do provozu se ujist\u011bte, \u017ee jsou v\u0161echna hydraulick\u00e1 potrub\u00ed spr\u00e1vn\u011b p\u0159ipojena a net\u011bsn\u00ed.<\/li>\n<li><strong>Zku\u0161ebn\u00ed provoz:<\/strong> Po instalaci prove\u010fte zku\u0161ebn\u00ed provoz, abyste ov\u011b\u0159ili spr\u00e1vn\u00fd provoz, ne\u017e stroj znovu uvedete do b\u011b\u017en\u00e9ho provozu.<\/li>\n<\/ul>\n<h2>\u00dakoly \u00fadr\u017eby<\/h2>\n<ul>\n<li><strong>Pravideln\u00e9 kontroly:<\/strong> Zave\u010fte pravideln\u00fd kontroln\u00ed pl\u00e1n pro sledov\u00e1n\u00ed v\u00fdkonu v\u00e1lce v\u00fdlo\u017en\u00edku. To zahrnuje posouzen\u00ed hladiny kapalin, kontrolu net\u011bsnost\u00ed a kontrolu opot\u0159eben\u00ed sou\u010d\u00e1st\u00ed.<\/li>\n<li><strong>Maz\u00e1n\u00ed:<\/strong> Pravideln\u011b promaz\u00e1vejte v\u0161echny pohybliv\u00e9 \u010d\u00e1sti, abyste minimalizovali t\u0159en\u00ed a prodlou\u017eili \u017eivotnost v\u00e1lce. Pou\u017e\u00edvejte doporu\u010den\u00fd hydraulick\u00fd olej a ujist\u011bte se, \u017ee je na spr\u00e1vn\u00e9 hladin\u011b.<\/li>\n<li><strong>V\u00fdm\u011bna t\u011bsn\u011bn\u00ed:<\/strong> Opot\u0159ebovan\u00e1 nebo po\u0161kozen\u00e1 t\u011bsn\u011bn\u00ed v\u010das vym\u011b\u0148te, abyste zabr\u00e1nili \u00fanik\u016fm a udr\u017eeli hydraulick\u00fd tlak. Pravideln\u00e9 kontroly t\u011bsn\u011bn\u00ed mohou pomoci s efektivn\u00edm \u0159e\u0161en\u00edm tohoto probl\u00e9mu.<\/li>\n<\/ul>\n<h2>Bezpe\u010dnostn\u00ed aspekty a faktory prost\u0159ed\u00ed<\/h2>\n<p>P\u0159i pou\u017e\u00edv\u00e1n\u00ed v\u00e1lc\u016f v\u00fdlo\u017en\u00edku je prvo\u0159ad\u00e9 dodr\u017eov\u00e1n\u00ed bezpe\u010dnostn\u00edch opat\u0159en\u00ed. Obsluha by m\u011bla b\u00fdt pro\u0161kolena ve spr\u00e1vn\u00e9 manipulaci s hydraulick\u00fdmi syst\u00e9my a jejich obsluze. B\u011bhem \u00fadr\u017eby nebo provozu by se m\u011blo v\u017edy nosit ochrann\u00e9 pom\u016fcky, aby se minimalizovalo riziko. D\u00e1le je t\u0159eba zohlednit vhodn\u00e9 environment\u00e1ln\u00ed aspekty, jako je zaji\u0161t\u011bn\u00ed toho, aby hydraulick\u00e9 kapaliny neunikaly a nekontaminovaly okoln\u00ed prostor.<\/p>\n<h2>Diagnostika z\u00e1vad a b\u011b\u017en\u00e9 probl\u00e9my<\/h2>\n<ul>\n<li><strong>\u00danik:<\/strong> Jedn\u00edm z nej\u010dast\u011bj\u0161\u00edch probl\u00e9m\u016f je \u00fanik hydraulick\u00e9 kapaliny. M\u016f\u017ee to b\u00fdt zp\u016fsobeno opot\u0159ebovan\u00fdmi t\u011bsn\u011bn\u00edmi nebo nespr\u00e1vnou instalac\u00ed. Pravideln\u00e9 kontroly mohou pomoci tyto \u00faniky odhalit v\u010das.<\/li>\n<li><strong>Nekonzistentn\u00ed pohyb:<\/strong> Pokud se v\u00e1lec v\u00fdlo\u017en\u00edku pohybuje trhav\u011b nebo nekonzistentn\u011b, m\u016f\u017ee to znamenat vzduch v hydraulick\u00e9m potrub\u00ed nebo n\u00edzkou hladinu hydraulick\u00e9 kapaliny. Probl\u00e9m m\u016f\u017ee vy\u0159e\u0161it odvzdu\u0161n\u011bn\u00ed syst\u00e9mu a dopln\u011bn\u00ed kapalin.<\/li>\n<li><strong>Ztr\u00e1ta tlaku:<\/strong> Pokles hydraulick\u00e9ho tlaku m\u016f\u017ee v\u00e9st k neefektivn\u00edmu provozu. To m\u016f\u017ee b\u00fdt zp\u016fsobeno ucpan\u00fdm potrub\u00edm nebo vadn\u00fdm \u010derpadlem. Pro obnoven\u00ed funk\u010dnosti je nezbytn\u00e9 tyto komponenty odstranit.<\/li>\n<\/ul>\n<h2>Tipy pro \u0159e\u0161en\u00ed probl\u00e9m\u016f<\/h2>\n<p>Pro efektivn\u00ed diagnostiku a \u0159e\u0161en\u00ed probl\u00e9m\u016f by oper\u00e1to\u0159i m\u011bli prov\u00e9st n\u00e1sleduj\u00edc\u00ed:<\/p>\n<ul>\n<li><strong>Pravideln\u00e1 \u00fadr\u017eba:<\/strong> Prov\u00e1d\u011bjte \u00fadr\u017ebu proaktivn\u011b, abyste sn\u00ed\u017eili pravd\u011bpodobnost vzniku probl\u00e9m\u016f. U dob\u0159e udr\u017eovan\u00e9ho syst\u00e9mu je men\u0161\u00ed pravd\u011bpodobnost poruch.<\/li>\n<li><strong>V\u00fdkon monitoru:<\/strong> Sledujte v\u00fdkonnostn\u00ed ukazatele hydraulick\u00e9ho syst\u00e9mu. V\u010dasn\u00e9 zaznamen\u00e1n\u00ed zm\u011bn m\u016f\u017ee pomoci \u0159e\u0161it probl\u00e9my d\u0159\u00edve, ne\u017e se zhor\u0161\u00ed.<\/li>\n<li><strong>Konzultace s odborn\u00edky:<\/strong> Pokud \u0159e\u0161en\u00ed probl\u00e9m\u016f probl\u00e9m nevy\u0159e\u0161\u00ed, pora\u010fte se s odborn\u00edky na hydraulick\u00e9 syst\u00e9my, kte\u0159\u00ed v\u00e1m mohou poskytnout informace a doporu\u010den\u00ed na z\u00e1klad\u011b sv\u00fdch zku\u0161enost\u00ed.<\/li>\n<\/ul>\n<p><img decoding=\"async\" src=\"https:\/\/www.hydraulic-cylinders.net\/wp-content\/uploads\/2025\/04\/songte-bushings-with-all-kinds-of-excavator-models.webp\" alt=\"Pouzdra pro modely bagr\u016f\"><\/p>\n<h2>O na\u0161\u00ed spole\u010dnosti<\/h2>\n<p>Jsme p\u0159edn\u00edm v\u00fdrobcem n\u00e1hradn\u00edch hydraulick\u00fdch v\u00e1lc\u016f s rozmanitou nab\u00eddkou produkt\u016f, kter\u00e9 uspokojuj\u00ed dom\u00e1c\u00ed i mezin\u00e1rodn\u00ed trhy. N\u00e1\u0161 z\u00e1vazek k dokonalosti je patrn\u00fd v na\u0161\u00ed precizn\u00ed v\u00fdrobn\u00ed d\u00edln\u011b a strategi\u00edch \u0159\u00edzen\u00ed pr\u016fmyslov\u00e9 v\u00fdroby. Neust\u00e1le vylep\u0161ujeme na\u0161i v\u00fdrobn\u00ed platformu integrac\u00ed technick\u00fdch znalost\u00ed, pokro\u010dil\u00e9ho digit\u00e1ln\u00edho v\u00fdrobn\u00edho za\u0159\u00edzen\u00ed a specializovan\u00fdch testovac\u00edch syst\u00e9m\u016f.<\/p>\n<p>Zam\u011b\u0159ujeme se na kvalitu, proto\u017ee se sna\u017e\u00edme uspokojit rozmanit\u00e9 pot\u0159eby na\u0161ich z\u00e1kazn\u00edk\u016f s vysokou efektivitou, p\u0159esnost\u00ed a \u0161pi\u010dkov\u00fdmi produkty. N\u00e1\u0161 profesion\u00e1ln\u00ed t\u00fdm se v\u011bnuje poskytov\u00e1n\u00ed slu\u017eeb na m\u00edru a zaji\u0161\u0165uje, aby ka\u017ed\u00fd produkt spl\u0148oval specifick\u00e9 po\u017eadavky na\u0161ich klient\u016f. Krom\u011b toho m\u00e1me mezin\u00e1rodn\u00ed certifikace, kter\u00e9 zaru\u010duj\u00ed spolehlivost a bezpe\u010dnost na\u0161ich produkt\u016f.<\/p>\n<p><img decoding=\"async\" src=\"https:\/\/www.hydraulic-cylinders.net\/wp-content\/uploads\/2025\/04\/songte-company-4.webp\" alt=\"Obr\u00e1zek spole\u010dnosti 1\"><br \/>\n<img decoding=\"async\" src=\"https:\/\/www.hydraulic-cylinders.net\/wp-content\/uploads\/2025\/04\/songte-company-3.webp\" alt=\"Obr\u00e1zek spole\u010dnosti 2\"><\/p>\n<p>Autor: lyl<\/p>","protected":false},"excerpt":{"rendered":"<p>Boom Cylinder For Xinyuan Wheel Excavator XY90 Product Overview The Boom Cylinder for the Xinyuan Wheel Excavator XY90 is an essential hydraulic component designed to control the movement of the boom in excavators. This hydraulic cylinder plays a pivotal role in enabling the lifting, lowering, and tilting of the boom, which is fundamental for various [&hellip;]<\/p>","protected":false},"featured_media":17876,"comment_status":"open","ping_status":"closed","template":"","meta":{"_et_pb_use_builder":"","_et_pb_old_content":"","_et_gb_content_width":""},"product_brand":[],"product_cat":[1546],"product_tag":[1547,1496],"class_list":{"0":"post-19598","1":"product","2":"type-product","3":"status-publish","4":"has-post-thumbnail","6":"product_cat-boom-cylinders","7":"product_tag-boom-cylinders","8":"product_tag-hydraulic-cylinders","10":"first","11":"instock","12":"shipping-taxable","13":"product-type-simple"},"amp_enabled":true,"_links":{"self":[{"href":"https:\/\/www.hydraulic-cylinders.net\/cs\/wp-json\/wp\/v2\/product\/19598","targetHints":{"allow":["GET"]}}],"collection":[{"href":"https:\/\/www.hydraulic-cylinders.net\/cs\/wp-json\/wp\/v2\/product"}],"about":[{"href":"https:\/\/www.hydraulic-cylinders.net\/cs\/wp-json\/wp\/v2\/types\/product"}],"replies":[{"embeddable":true,"href":"https:\/\/www.hydraulic-cylinders.net\/cs\/wp-json\/wp\/v2\/comments?post=19598"}],"wp:featuredmedia":[{"embeddable":true,"href":"https:\/\/www.hydraulic-cylinders.net\/cs\/wp-json\/wp\/v2\/media\/17876"}],"wp:attachment":[{"href":"https:\/\/www.hydraulic-cylinders.net\/cs\/wp-json\/wp\/v2\/media?parent=19598"}],"wp:term":[{"taxonomy":"product_brand","embeddable":true,"href":"https:\/\/www.hydraulic-cylinders.net\/cs\/wp-json\/wp\/v2\/product_brand?post=19598"},{"taxonomy":"product_cat","embeddable":true,"href":"https:\/\/www.hydraulic-cylinders.net\/cs\/wp-json\/wp\/v2\/product_cat?post=19598"},{"taxonomy":"product_tag","embeddable":true,"href":"https:\/\/www.hydraulic-cylinders.net\/cs\/wp-json\/wp\/v2\/product_tag?post=19598"}],"curies":[{"name":"wp","href":"https:\/\/api.w.org\/{rel}","templated":true}]}}