{"id":19607,"date":"2025-04-07T06:57:08","date_gmt":"2025-04-07T06:57:08","guid":{"rendered":"https:\/\/www.hydraulic-cylinders.net\/product\/boom-cylinder-for-volwa-small-excavator-dls880-9b\/"},"modified":"2025-04-07T06:57:10","modified_gmt":"2025-04-07T06:57:10","slug":"boom-cylinder-for-volwa-small-excavator-dls880-9b","status":"publish","type":"product","link":"https:\/\/www.hydraulic-cylinders.net\/cs\/produkt\/boom-cylinder-for-volwa-small-excavator-dls880-9b\/","title":{"rendered":"V\u00e1lec v\u00fdlo\u017en\u00edku pro mal\u00e9 rypadlo Volvo DLS880-9B"},"content":{"rendered":"<h1>V\u00e1lec v\u00fdlo\u017en\u00edku pro mal\u00e9 rypadlo Volvo DLS880-9B<\/h1>\n<h2>\u00davod k v\u00e1lc\u016fm v\u00fdlo\u017en\u00edku<\/h2>\n<p>Hydraulick\u00fd v\u00e1lec v\u00fdlo\u017en\u00edku pro mal\u00e1 rypadla Volwa DLS880-9B je z\u00e1kladn\u00ed sou\u010d\u00e1st\u00ed hydraulick\u00e9ho syst\u00e9mu rypadel. Hraje kl\u00ed\u010dovou roli v \u0159\u00edzen\u00ed pohybu l\u017e\u00edce a umo\u017e\u0148uje j\u00ed efektivn\u011b zvedat, spou\u0161t\u011bt a nakl\u00e1n\u011bt. Tento hydraulick\u00fd v\u00e1lec je speci\u00e1ln\u011b navr\u017een pro manipulaci s t\u011b\u017ek\u00fdmi b\u0159emeny a z\u00e1rove\u0148 zaji\u0161\u0165uje p\u0159esn\u00fd pohyb nezbytn\u00fd pro r\u016fzn\u00e9 \u00fakoly manipulace s materi\u00e1lem na staveni\u0161t\u00edch a v dal\u0161\u00edch t\u011b\u017ek\u00fdch aplikac\u00edch.<\/p>\n<p><img decoding=\"async\" src=\"https:\/\/www.hydraulic-cylinders.net\/wp-content\/uploads\/2025\/04\/songte-company-1.webp\" alt=\"V\u00e1lec v\u00fdlo\u017en\u00edku pro bagry\"><\/p>\n<h3>Pochopen\u00ed kore\u010dkov\u00fdch v\u00e1lc\u016f<\/h3>\n<p>Hydraulick\u00e9 v\u00e1lce l\u017e\u00edce jsou hydraulick\u00e9 v\u00e1lce, kter\u00e9 se prim\u00e1rn\u011b pou\u017e\u00edvaj\u00ed k ovl\u00e1d\u00e1n\u00ed pohybu l\u017e\u00edce v t\u011b\u017ek\u00fdch stroj\u00edch, jako jsou rypadla, rypadla-naklada\u010de a \u010deln\u00ed naklada\u010de. Umo\u017e\u0148uj\u00ed l\u017e\u00edci vykon\u00e1vat n\u011bkolik z\u00e1kladn\u00edch funkc\u00ed, v\u010detn\u011b zved\u00e1n\u00ed, spou\u0161t\u011bn\u00ed a nakl\u00e1p\u011bn\u00ed, kter\u00e9 jsou kl\u00ed\u010dov\u00e9 pro efektivn\u00ed manipulaci s materi\u00e1lem. \u010cinnost t\u011bchto v\u00e1lc\u016f umo\u017e\u0148uje obsluze efektivn\u011b prov\u00e1d\u011bt \u00fakoly, jako je kop\u00e1n\u00ed, nakl\u00e1d\u00e1n\u00ed a p\u0159eprava materi\u00e1l\u016f, co\u017e p\u0159isp\u00edv\u00e1 ke zv\u00fd\u0161en\u00ed produktivity na staveni\u0161t\u00edch.<\/p>\n<h2>Vlastnosti v\u00e1lce v\u00fdlo\u017en\u00edku<\/h2>\n<ul>\n<li><strong>Vysok\u00e1 pevnost a trvanlivost:<\/strong> Tato l\u00e1hev je vyrobena z vysokopevnostn\u00ed oceli nebo hlin\u00edku, tak\u017ee odol\u00e1 vysok\u00e9mu tlaku a velk\u00e9mu zat\u00ed\u017een\u00ed, tak\u017ee je vhodn\u00e1 pro n\u00e1ro\u010dn\u00e9 pracovn\u00ed prost\u0159ed\u00ed. Je navr\u017eena tak, aby odol\u00e1vala opot\u0159eben\u00ed a korozi, co\u017e prodlu\u017euje jej\u00ed \u017eivotnost.<\/li>\n<li><strong>Efektivn\u00ed hydraulick\u00fd provoz:<\/strong> D\u00edky plynul\u00e9mu vysouv\u00e1n\u00ed a zasouv\u00e1n\u00ed pomoc\u00ed hydraulick\u00e9ho tlaku oleje reaguje v\u00e1lec rychle na povely obsluhy a poskytuje siln\u00e9 tlakov\u00e9 a ta\u017en\u00e9 s\u00edly, ide\u00e1ln\u00ed pro zvl\u00e1d\u00e1n\u00ed t\u011b\u017ek\u00fdch a slo\u017eit\u00fdch \u00fakol\u016f.<\/li>\n<li><strong>R\u016fzn\u00e9 mo\u017enosti:<\/strong> K dispozici je v jedno\u010dinn\u00e9m (hydraulick\u00fd pohon v jednom sm\u011bru) nebo dvoj\u010dinn\u00e9m (hydraulick\u00fd pohon v obou sm\u011brech) proveden\u00ed a vyhovuje r\u016fzn\u00fdm provozn\u00edm pot\u0159eb\u00e1m. N\u011bkter\u00e9 modely disponuj\u00ed teleskopick\u00fdm proveden\u00edm pro v\u011bt\u0161\u00ed vysunut\u00ed bez zv\u011bt\u0161en\u00ed vn\u011bj\u0161\u00edch rozm\u011br\u016f.<\/li>\n<li><strong>Kompatibilita:<\/strong> N\u00e1\u0161 produkt dok\u00e1\u017ee bez probl\u00e9m\u016f nahradit r\u016fzn\u00e9 hydraulick\u00e9 v\u00e1lce a zajistit tak spolehliv\u00fd provoz va\u0161ich stroj\u016f.<\/li>\n<\/ul>\n<p><img decoding=\"async\" src=\"https:\/\/www.hydraulic-cylinders.net\/wp-content\/uploads\/2025\/04\/songte-cylinder-head-with-all-kinds-excavator-models.webp\" alt=\"Kompatibilita model\u016f bagr\u016f\"><\/p>\n<h2>Aplikace v\u00e1lce v\u00fdlo\u017en\u00edku<\/h2>\n<h3>Stavebn\u00ed stroje<\/h3>\n<p>U bagr\u016f jsou v\u00e1lce v\u00fdlo\u017en\u00edku nezbytn\u00e9 pro kop\u00e1n\u00ed, nakl\u00e1d\u00e1n\u00ed a p\u0159epravu zeminy nebo suti. Umo\u017e\u0148uj\u00ed l\u017e\u00edci efektivn\u011b pronikat do zem\u011b, co\u017e je \u010din\u00ed nezbytn\u00fdmi pro v\u00fdkopov\u00e9 pr\u00e1ce. U rypadlo-naklada\u010d\u016f tyto v\u00e1lce pom\u00e1haj\u00ed jak p\u0159i kop\u00e1n\u00ed, tak p\u0159i zved\u00e1n\u00ed, \u010d\u00edm\u017e zvy\u0161uj\u00ed v\u0161estrannost.<\/p>\n<h3>Zem\u011bd\u011blsk\u00e9 stroje<\/h3>\n<p>\u010celn\u00ed naklada\u010de vyu\u017e\u00edvaj\u00ed v\u00e1lce v\u00fdlo\u017en\u00edku k nab\u00edr\u00e1n\u00ed, zved\u00e1n\u00ed a p\u0159eprav\u011b p\u016fdy, sena a dal\u0161\u00edch materi\u00e1l\u016f. Jejich schopnost prov\u00e1d\u011bt v\u00edce \u00fakon\u016f je \u010din\u00ed nepostradateln\u00fdmi v zem\u011bd\u011blsk\u00e9m prost\u0159ed\u00ed, kde je kl\u00ed\u010dov\u00e1 efektivita.<\/p>\n<h3>Bagry<\/h3>\n<p>U tradi\u010dn\u00edch rypadel umo\u017e\u0148uje v\u00e1lec l\u017e\u00edce rypadlo prorazit zeminu. Jejich konstrukce zaji\u0161\u0165uje maxim\u00e1ln\u00ed \u00fa\u010dinnost ryp\u00e1n\u00ed, co\u017e je kl\u00ed\u010dov\u00e9 pro zemn\u00ed pr\u00e1ce.<\/p>\n<h3>Naklada\u010de<\/h3>\n<p>U \u010deln\u00edch naklada\u010d\u016f tyto v\u00e1lce efektivn\u011b pom\u00e1haj\u00ed se zved\u00e1n\u00edm a vykl\u00e1p\u011bn\u00edm b\u0159emen. Jejich siln\u00fd hydraulick\u00fd \u00fa\u010dinek je nezbytn\u00fd pro efektivn\u00ed manipulaci s materi\u00e1lem a produktivitu na staveni\u0161ti.<\/p>\n<h2>Konstruk\u010dn\u00ed aspekty a krit\u00e9ria v\u00fdb\u011bru<\/h2>\n<h3>Nosnost<\/h3>\n<p>P\u0159i v\u00fdb\u011bru v\u00e1lce v\u00fdlo\u017en\u00edku je nosnost prvo\u0159ad\u00e1. V\u00e1lec mus\u00ed un\u00e9st t\u011b\u017ek\u00e9 n\u00e1klady bez ohro\u017een\u00ed struktur\u00e1ln\u00ed integrity. V\u00fdpo\u010det o\u010dek\u00e1van\u00e9ho zat\u00ed\u017een\u00ed b\u011bhem provozu zaji\u0161\u0165uje, \u017ee zvolen\u00fd v\u00e1lec zvl\u00e1dne po\u017eadavky bez poruchy.<\/p>\n<h3>T\u011bsn\u011bn\u00ed<\/h3>\n<p>\u00da\u010dinn\u00e9 t\u011bsn\u011bn\u00ed je z\u00e1sadn\u00ed pro prevenci \u00faniku hydraulick\u00e9 kapaliny, kter\u00fd m\u016f\u017ee v\u00e9st k neefektivit\u011b syst\u00e9mu. Vysoce kvalitn\u00ed t\u011bsn\u011bn\u00ed zaji\u0161\u0165uj\u00ed, \u017ee hydraulick\u00e1 kapalina z\u016fstane uzav\u0159ena a udr\u017euje optim\u00e1ln\u00ed tlak a v\u00fdkon.<\/p>\n<h3>Trvanlivost<\/h3>\n<p>Trvanlivost je kl\u00ed\u010dov\u00fdm faktorem, proto\u017ee v\u00e1lce v\u00fdlo\u017en\u00edku \u010dasto pracuj\u00ed v n\u00e1ro\u010dn\u00fdch podm\u00ednk\u00e1ch. V\u00fdb\u011br materi\u00e1l\u016f navr\u017een\u00fdch tak, aby odol\u00e1valy opot\u0159eben\u00ed, korozi a n\u00e1raz\u016fm, m\u016f\u017ee v\u00fdrazn\u011b prodlou\u017eit \u017eivotnost v\u00e1lce.<\/p>\n<h3>Bezpe\u010dnost<\/h3>\n<p>Bezpe\u010dnostn\u00ed prvky by m\u011bly b\u00fdt v\u017edy up\u0159ednost\u0148ov\u00e1ny. Pat\u0159\u00ed sem vestav\u011bn\u00e9 pojistn\u00e9 ventily, kter\u00e9 zabra\u0148uj\u00ed p\u0159etlaku, je\u017e by mohl v\u00e9st ke katastrof\u00e1ln\u00edm poruch\u00e1m b\u011bhem provozu.<\/p>\n<h3>Udr\u017eovatelnost<\/h3>\n<p>Snadn\u00e1 \u00fadr\u017eba hraje kl\u00ed\u010dovou roli p\u0159i v\u00fdb\u011bru v\u00e1lc\u016f v\u00fdlo\u017en\u00edku. Sou\u010d\u00e1sti, kter\u00e9 usnad\u0148uj\u00ed p\u0159\u00edstup k oprav\u00e1m a v\u00fdm\u011bn\u00e1m, zvy\u0161uj\u00ed produktivitu a zkracuj\u00ed prostoje.<\/p>\n<p><img decoding=\"async\" src=\"https:\/\/www.hydraulic-cylinders.net\/wp-content\/uploads\/2025\/04\/songte-oil-pipes-and-spare-parts.webp\" alt=\"Hydraulick\u00e9 d\u00edly a \u00fadr\u017eba\"><\/p>\n<h2>T\u011bsn\u011bn\u00ed a maz\u00e1n\u00ed hydraulick\u00e9ho v\u00e1lce<\/h2>\n<p>Spr\u00e1vn\u00e9 t\u011bsn\u011bn\u00ed a maz\u00e1n\u00ed jsou nezbytn\u00e9 pro efektivn\u00ed fungov\u00e1n\u00ed v\u00e1lc\u016f v\u00fdlo\u017en\u00edku. K zaji\u0161t\u011bn\u00ed dostate\u010dn\u00e9ho mno\u017estv\u00ed hydraulick\u00e9 kapaliny se pou\u017e\u00edvaj\u00ed r\u016fzn\u00e9 t\u011bsnic\u00ed prvky, jako jsou t\u011bsn\u011bn\u00ed p\u00edst\u016f a t\u011bsn\u011bn\u00ed p\u00edstnic. Tato t\u011bsn\u011bn\u00ed jsou \u010dasto vyrobena z materi\u00e1l\u016f odoln\u00fdch proti opot\u0159eben\u00ed, jako je polyuretan a nitrilov\u00e1 pry\u017e, co\u017e zvy\u0161uje jejich trvanlivost. T\u011blesa v\u00e1lc\u016f a z\u00e1vitov\u00e9 konce nav\u00edc proch\u00e1zej\u00ed pe\u010dliv\u00fdmi procesy kone\u010dn\u00e9 \u00fapravy, aby se zlep\u0161ila odolnost proti opot\u0159eben\u00ed. Pravideln\u00e9 maz\u00e1n\u00ed hydraulick\u00fdm olejem je nezbytn\u00e9 pro udr\u017een\u00ed plynul\u00e9ho provozu a prevenci opot\u0159eben\u00ed pohybliv\u00fdch \u010d\u00e1st\u00ed.<\/p>\n<h2>Pravideln\u00e1 kontrola a preventivn\u00ed \u00fadr\u017eba<\/h2>\n<ul>\n<li><strong>Pravideln\u00e9 kontroly:<\/strong> Napl\u00e1nujte si pravideln\u00e9 kontroly, abyste odhalili opot\u0159eben\u00ed a potenci\u00e1ln\u00ed poruchy d\u0159\u00edve, ne\u017e se zhor\u0161\u00ed. Zkontrolujte t\u011bsn\u011bn\u00ed, hadice a struktur\u00e1ln\u00ed integritu, abyste zajistili optim\u00e1ln\u00ed funkci.<\/li>\n<li><strong>Spr\u00e1vn\u00e9 maz\u00e1n\u00ed:<\/strong> Ujist\u011bte se, \u017ee hladina hydraulick\u00e9ho oleje je v dostate\u010dn\u00e9 m\u00ed\u0159e, a v p\u0159\u00edpad\u011b pot\u0159eby jej vym\u011b\u0148te, aby se zajistilo \u00fa\u010dinn\u00e9 maz\u00e1n\u00ed a provoz v\u00e1lce.<\/li>\n<li><strong>V\u00fdm\u011bna t\u011bsn\u011bn\u00ed:<\/strong> Sledujte opot\u0159eben\u00ed t\u011bsn\u011bn\u00ed a v\u010das je vym\u011b\u0148te. Opot\u0159ebovan\u00e1 t\u011bsn\u011bn\u00ed mohou v\u00e9st k \u00faniku kapaliny, co\u017e ovliv\u0148uje \u00fa\u010dinnost hydraulick\u00e9ho syst\u00e9mu.<\/li>\n<\/ul>\n<h2>Pokyny pro spr\u00e1vnou instalaci<\/h2>\n<p>Spr\u00e1vn\u00e1 instalace v\u00e1lce v\u00fdlo\u017en\u00edku je z\u00e1sadn\u00ed pro optim\u00e1ln\u00ed v\u00fdkon a dlouhou \u017eivotnost. Za\u010dn\u011bte t\u00edm, \u017ee se ujist\u00edte, \u017ee v\u0161echny sou\u010d\u00e1sti jsou \u010dist\u00e9 a bez ne\u010distot. Pe\u010dliv\u011b vyrovnejte v\u00e1lec s mont\u00e1\u017en\u00edmi body a zajist\u011bte jej pomoc\u00ed vhodn\u00fdch konzol. B\u011bhem instalace se vyvarujte nadm\u011brn\u00e9 s\u00edly, kter\u00e1 by mohla po\u0161kodit sou\u010d\u00e1sti. D\u00e1le pravideln\u011b kontrolujte vyrovn\u00e1n\u00ed a ujist\u011bte se, \u017ee hydraulick\u00e9 spoje jsou bezpe\u010dn\u00e9 a net\u011bsn\u00ed. Dodr\u017eov\u00e1n\u00ed t\u011bchto pokyn\u016f prodlou\u017e\u00ed provoz a \u017eivotnost v\u00e1lce.<\/p>\n<h2>B\u011b\u017en\u00e9 \u00fakoly \u00fadr\u017eby<\/h2>\n<ul>\n<li><strong>Pravideln\u00e9 kontroly:<\/strong> Prov\u00e1d\u011bjte pravideln\u00e9 kontroly, abyste odhalili jak\u00e9koli zn\u00e1mky opot\u0159eben\u00ed nebo potenci\u00e1ln\u00ed probl\u00e9my. V\u010dasn\u00e9 odhalen\u00ed m\u016f\u017ee zabr\u00e1nit z\u00e1va\u017en\u00fdm poruch\u00e1m a prodlou\u017eit \u017eivotnost v\u00e1lce.<\/li>\n<li><strong>Vhodn\u00e9 maz\u00e1n\u00ed:<\/strong> Zajist\u011bte, aby byla hladina hydraulick\u00e9ho oleje udr\u017eov\u00e1na na optim\u00e1ln\u00ed \u00farovni a v p\u0159\u00edpad\u011b pot\u0159eby jej vym\u011b\u0148ujte, aby syst\u00e9m fungoval hladce.<\/li>\n<li><strong>V\u00fdm\u011bna t\u011bsn\u011bn\u00ed:<\/strong> Pravideln\u011b kontrolujte opot\u0159eben\u00ed t\u011bsn\u011bn\u00ed a vym\u011b\u0148ujte je, abyste zabr\u00e1nili \u00faniku hydraulick\u00e9 kapaliny, kter\u00fd by mohl zhor\u0161it v\u00fdkon.<\/li>\n<\/ul>\n<p>Spr\u00e1vn\u00e1 instalace, maz\u00e1n\u00ed a se\u0159\u00edzen\u00ed jsou nezbytn\u00e9 pro udr\u017een\u00ed funk\u010dnosti a bezpe\u010dnosti v\u00e1lce v\u00fdlo\u017en\u00edku. B\u011bhem instalace v\u00e1lec spr\u00e1vn\u011b vyrovnejte, abyste p\u0159ede\u0161li jeho nespr\u00e1vn\u00e9mu vyrovn\u00e1n\u00ed, a pro zaji\u0161t\u011bn\u00ed stability pou\u017eijte mont\u00e1\u017en\u00ed konzoly. Pravideln\u00e9 kontroly, opravy a v\u00fdm\u011bny mohou zajistit \u0161pi\u010dkov\u00fd v\u00fdkon a prodlou\u017eit \u017eivotnost hydraulick\u00fdch komponent\u016f.<\/p>\n<p><img decoding=\"async\" src=\"https:\/\/www.hydraulic-cylinders.net\/wp-content\/uploads\/2025\/04\/songte-chushion-collar.webp\" alt=\"Pol\u0161t\u00e1\u0159ov\u00fd l\u00edmec pro v\u00e1lce\"><\/p>\n<h2>Bezpe\u010dnostn\u00ed aspekty a faktory prost\u0159ed\u00ed<\/h2>\n<p>P\u0159i pou\u017e\u00edv\u00e1n\u00ed v\u00e1lc\u016f v\u00fdlo\u017en\u00edku jsou bezpe\u010dnostn\u00ed opat\u0159en\u00ed z\u00e1sadn\u00ed. Obsluha by m\u011bla b\u00fdt pro\u0161kolena v manipulaci s hydraulick\u00fdm za\u0159\u00edzen\u00edm a m\u011bla by dodr\u017eovat v\u0161echny bezpe\u010dnostn\u00ed protokoly, aby se p\u0159ede\u0161lo nehod\u00e1m. D\u00e1le je t\u0159eba zv\u00e1\u017eit faktory prost\u0159ed\u00ed, jako jsou potenci\u00e1ln\u00ed \u00faniky, kter\u00e9 mohou po\u0161kodit okol\u00ed. Zaveden\u00ed opat\u0159en\u00ed k zamezen\u00ed \u00fanik\u016f a pravideln\u00e1 \u00fadr\u017eba mohou pomoci zm\u00edrnit tato rizika a zajistit bezpe\u010dn\u00fd provoz.<\/p>\n<h2>\u0158e\u0161en\u00ed b\u011b\u017en\u00fdch probl\u00e9m\u016f<\/h2>\n<ul>\n<li><strong>\u00danik:<\/strong> Identifikujte zdroj \u00faniku hydraulick\u00e9 kapaliny. Zkontrolujte t\u011bsn\u011bn\u00ed a spoje a okam\u017eit\u011b vym\u011b\u0148te v\u0161echny po\u0161kozen\u00e9 sou\u010d\u00e1sti.<\/li>\n<li><strong>\u0160patn\u00fd v\u00fdkon:<\/strong> Pokud v\u00e1lec nereaguje podle o\u010dek\u00e1v\u00e1n\u00ed, zkontrolujte hladinu hydraulick\u00e9 kapaliny a prohl\u00e9dn\u011bte, zda v syst\u00e9mu nen\u00ed ucp\u00e1n\u00ed.<\/li>\n<li><strong>Neobvykl\u00e9 zvuky:<\/strong> B\u011bhem provozu poslouchejte jak\u00e9koli abnorm\u00e1ln\u00ed zvuky, kter\u00e9 by mohly nazna\u010dovat mechanick\u00e9 probl\u00e9my. Ve\u0161ker\u00e9 probl\u00e9my neprodlen\u011b pro\u0161et\u0159ete a odstra\u0148te.<\/li>\n<\/ul>\n<p>Aby bylo mo\u017en\u00e9 tyto probl\u00e9my efektivn\u011b \u0159e\u0161it, m\u011bli by b\u00fdt oper\u00e1to\u0159i se syst\u00e9mem obezn\u00e1meni. Pravideln\u00e9 \u0161kolen\u00ed a aktualizace postup\u016f \u00fadr\u017eby mohou pomoci p\u0159edch\u00e1zet potenci\u00e1ln\u00edm probl\u00e9m\u016fm a zajistit bezprobl\u00e9mov\u00fd provoz.<\/p>\n<p><img decoding=\"async\" src=\"https:\/\/www.hydraulic-cylinders.net\/wp-content\/uploads\/2025\/04\/songte-bushings-with-all-kinds-of-excavator-models.webp\" alt=\"Pouzdra pro bagry\"><\/p>\n<h2>O na\u0161\u00ed spole\u010dnosti<\/h2>\n<p>Jsme p\u0159edn\u00edm v\u00fdrobcem n\u00e1hradn\u00edch hydraulick\u00fdch v\u00e1lc\u016f a nab\u00edz\u00edme \u0161irokou \u0161k\u00e1lu produkt\u016f, kter\u00e9 jsou nezbytn\u00e9 na dom\u00e1c\u00edm i mezin\u00e1rodn\u00edm trhu. N\u00e1\u0161 z\u00e1vazek ke kvalit\u011b se odr\u00e1\u017e\u00ed v na\u0161ich p\u0159esn\u00fdch v\u00fdrobn\u00edch procesech a vyu\u017e\u00edv\u00e1n\u00ed pokro\u010dil\u00fdch technologi\u00ed. S d\u016frazem na spokojenost z\u00e1kazn\u00edk\u016f poskytujeme \u0159e\u0161en\u00ed na m\u00edru, kter\u00e1 jsou p\u0159izp\u016fsobena jejich rozmanit\u00fdm pot\u0159eb\u00e1m. Na\u0161e nejmodern\u011bj\u0161\u00ed v\u00fdrobn\u00ed za\u0159\u00edzen\u00ed a p\u0159\u00edsn\u00e9 syst\u00e9my kontroly kvality zaji\u0161\u0165uj\u00ed, \u017ee ka\u017ed\u00fd produkt spl\u0148uje pr\u016fmyslov\u00e9 standardy a poskytuje vysokou \u00fa\u010dinnost, p\u0159esnost a spolehlivost.<\/p>\n<p><img decoding=\"async\" src=\"https:\/\/www.hydraulic-cylinders.net\/wp-content\/uploads\/2025\/04\/songte-company-4.webp\" alt=\"P\u0159ehled spole\u010dnosti\"><br \/>\n<img decoding=\"async\" src=\"https:\/\/www.hydraulic-cylinders.net\/wp-content\/uploads\/2025\/04\/songte-company-3.webp\" alt=\"V\u00fdrobn\u00ed z\u00e1vod\"><\/p>\n<h2>Z\u00e1v\u011br<\/h2>\n<p>Na\u0161e spole\u010dnost vynik\u00e1 jako d\u016fv\u011bryhodn\u00fd zdroj vysoce kvalitn\u00edch a spolehliv\u00fdch v\u00e1lc\u016f v\u00fdlo\u017en\u00edk\u016f. Na\u0161e odborn\u00e9 znalosti v oblasti hydraulick\u00fdch \u0159e\u0161en\u00ed zaru\u010duj\u00ed, \u017ee obdr\u017e\u00edte produkty, kter\u00e9 nejen spl\u0148uj\u00ed, ale i p\u0159ed\u010d\u00ed va\u0161e o\u010dek\u00e1v\u00e1n\u00ed. Kontaktujte n\u00e1s je\u0161t\u011b dnes a dozv\u00edte se v\u00edce o na\u0161ich nab\u00eddk\u00e1ch a o tom, jak v\u00e1m m\u016f\u017eeme pomoci s va\u0161imi hydraulick\u00fdmi pot\u0159ebami.<\/p>\n<p>Autor: lyl<\/p>","protected":false},"excerpt":{"rendered":"<p>Boom Cylinder For Volwa Small Excavator DLS880-9B Introduction to Boom Cylinders The Boom Cylinder for Volwa Small Excavator DLS880-9B is an essential component in the hydraulic system of excavators. It plays a critical role in controlling the movement of the bucket, allowing it to lift, lower, and tilt effectively. This hydraulic cylinder is specifically designed [&hellip;]<\/p>","protected":false},"featured_media":17870,"comment_status":"open","ping_status":"closed","template":"","meta":{"_et_pb_use_builder":"","_et_pb_old_content":"","_et_gb_content_width":""},"product_brand":[],"product_cat":[1546],"product_tag":[1547,1496],"class_list":{"0":"post-19607","1":"product","2":"type-product","3":"status-publish","4":"has-post-thumbnail","6":"product_cat-boom-cylinders","7":"product_tag-boom-cylinders","8":"product_tag-hydraulic-cylinders","10":"first","11":"instock","12":"shipping-taxable","13":"product-type-simple"},"amp_enabled":true,"_links":{"self":[{"href":"https:\/\/www.hydraulic-cylinders.net\/cs\/wp-json\/wp\/v2\/product\/19607","targetHints":{"allow":["GET"]}}],"collection":[{"href":"https:\/\/www.hydraulic-cylinders.net\/cs\/wp-json\/wp\/v2\/product"}],"about":[{"href":"https:\/\/www.hydraulic-cylinders.net\/cs\/wp-json\/wp\/v2\/types\/product"}],"replies":[{"embeddable":true,"href":"https:\/\/www.hydraulic-cylinders.net\/cs\/wp-json\/wp\/v2\/comments?post=19607"}],"wp:featuredmedia":[{"embeddable":true,"href":"https:\/\/www.hydraulic-cylinders.net\/cs\/wp-json\/wp\/v2\/media\/17870"}],"wp:attachment":[{"href":"https:\/\/www.hydraulic-cylinders.net\/cs\/wp-json\/wp\/v2\/media?parent=19607"}],"wp:term":[{"taxonomy":"product_brand","embeddable":true,"href":"https:\/\/www.hydraulic-cylinders.net\/cs\/wp-json\/wp\/v2\/product_brand?post=19607"},{"taxonomy":"product_cat","embeddable":true,"href":"https:\/\/www.hydraulic-cylinders.net\/cs\/wp-json\/wp\/v2\/product_cat?post=19607"},{"taxonomy":"product_tag","embeddable":true,"href":"https:\/\/www.hydraulic-cylinders.net\/cs\/wp-json\/wp\/v2\/product_tag?post=19607"}],"curies":[{"name":"wp","href":"https:\/\/api.w.org\/{rel}","templated":true}]}}