{"id":1963,"date":"2023-10-23T05:36:34","date_gmt":"2023-10-23T05:36:34","guid":{"rendered":"https:\/\/hydraulic-cylinders.net\/?post_type=product&#038;p=1963"},"modified":"2023-10-23T05:36:45","modified_gmt":"2023-10-23T05:36:45","slug":"v30d-series-axial-piston-variable-displacement-hydraulic-pump","status":"publish","type":"product","link":"https:\/\/www.hydraulic-cylinders.net\/cs\/produkt\/v30d-series-axial-piston-variable-displacement-hydraulic-pump\/","title":{"rendered":"Axi\u00e1ln\u00ed p\u00edstov\u00e9 hydraulick\u00e9 \u010derpadlo s prom\u011bnn\u00fdm objemem \u0159ady V30D"},"content":{"rendered":"<h1 style=\"text-align: center;\"><strong>Axi\u00e1ln\u00ed p\u00edstov\u00e9 hydraulick\u00e9 \u010derpadlo s prom\u011bnn\u00fdm objemem \u0159ady V30D<\/strong><\/h1>\n<p><img loading=\"lazy\" decoding=\"async\" class=\"aligncenter wp-image-1974\" src=\"https:\/\/hydraulic-cylinders.net\/wp-content\/uploads\/2023\/10\/v30d-series-axial-piston-variable-displacement-pump-1-300x300.webp\" alt=\"\" width=\"400\" height=\"400\" \/><\/p>\n<p>Axi\u00e1ln\u00ed p\u00edstov\u00e9 hydraulick\u00e9 \u010derpadlo s prom\u011bnn\u00fdm objemem \u0159ady V30D je nejmodern\u011bj\u0161\u00ed \u0159e\u0161en\u00ed navr\u017een\u00e9 pro dosa\u017een\u00ed v\u00fdjime\u010dn\u00e9ho v\u00fdkonu a \u00fa\u010dinnosti v r\u016fzn\u00fdch hydraulick\u00fdch aplikac\u00edch. D\u00edky pokro\u010dil\u00e9 konstrukci, v\u0161estrann\u00e9 konstrukci a p\u0159esn\u00e9mu ovl\u00e1d\u00e1n\u00ed je toto hydraulick\u00e9 \u010derpadlo pr\u016flomem v oboru.<\/p>\n<p>Axi\u00e1ln\u00ed p\u00edstov\u00e9 hydraulick\u00e9 \u010derpadlo s prom\u011bnn\u00fdm objemem \u0159ady V30D nastavuje nov\u00fd standard \u00fa\u010dinnosti a v\u00fdkonu v hydraulick\u00fdch syst\u00e9mech. D\u00edky technologii prom\u011bnn\u00e9ho objemu, vysok\u00e9mu v\u00fdkonu a v\u0161estrann\u00e9 konstrukci nab\u00edz\u00ed toto \u010derpadlo vynikaj\u00edc\u00ed ovl\u00e1d\u00e1n\u00ed a optimalizovan\u00e9 vyu\u017eit\u00ed energie. Dodr\u017eov\u00e1n\u00edm doporu\u010den\u00fdch metod pou\u017e\u00edv\u00e1n\u00ed a pravideln\u00fdch postup\u016f \u00fadr\u017eby bude \u010derpadlo \u0159ady V30D i nad\u00e1le poskytovat v\u00fdjime\u010dnou \u00fa\u010dinnost a v\u00fdkon, co\u017e p\u0159isp\u011bje k \u00fasp\u011bchu r\u016fzn\u00fdch pr\u016fmyslov\u00fdch aplikac\u00ed. Vyu\u017eijte s\u00edlu a \u00fa\u010dinnost axi\u00e1ln\u00edho p\u00edstov\u00e9ho hydraulick\u00e9ho \u010derpadla s prom\u011bnn\u00fdm objemem \u0159ady V30D ke zv\u00fd\u0161en\u00ed v\u00fdkonu va\u0161eho hydraulick\u00e9ho syst\u00e9mu.<\/p>\n<p>Axi\u00e1ln\u00ed p\u00edstov\u00e9 hydraulick\u00e9 \u010derpadlo s prom\u011bnn\u00fdm objemem \u0159ady V30D Kl\u00ed\u010dov\u00e9 vlastnosti:<\/p>\n<ul>\n<li>Technologie prom\u011bnn\u00e9ho v\u00fdtlaku: \u010cerpadlo \u0159ady V30D vyu\u017e\u00edv\u00e1 \u0161pi\u010dkovou technologii prom\u011bnn\u00e9ho v\u00fdtlaku, kter\u00e1 umo\u017e\u0148uje upravovat v\u00fdkon \u010derpadla na z\u00e1klad\u011b po\u017eadavk\u016f syst\u00e9mu. Tato funkce zaji\u0161\u0165uje optim\u00e1ln\u00ed vyu\u017eit\u00ed energie, co\u017e vede ke zv\u00fd\u0161en\u00ed \u00fa\u010dinnosti a sn\u00ed\u017een\u00ed spot\u0159eby energie.<\/li>\n<li>Vysok\u00fd v\u00fdkon: Toto hydraulick\u00e9 \u010derpadlo nastavuje nov\u00e9 standardy, pokud jde o v\u00fdkon. D\u00edky \u0161irok\u00e9mu rozsahu provozn\u00edch tlak\u016f a ot\u00e1\u010dek poskytuje \u010derpadlo \u0159ady V30D p\u0159esn\u00e9 ovl\u00e1d\u00e1n\u00ed a efektivn\u00ed dod\u00e1vku energie, co\u017e umo\u017e\u0148uje vynikaj\u00edc\u00ed v\u00fdkon a produktivitu syst\u00e9mu.<\/li>\n<li>V\u0161estrann\u00fd design: \u010cerpadlo \u0159ady V30D je navr\u017eeno tak, aby vyhovovalo r\u016fzn\u00fdm hydraulick\u00fdm syst\u00e9m\u016fm a aplikac\u00edm. Nab\u00edz\u00ed flexibilitu v mo\u017enostech mont\u00e1\u017ee, kompatibilit\u011b s kapalinami a metod\u00e1ch \u0159\u00edzen\u00ed, d\u00edky \u010demu\u017e je vhodn\u00e9 pro \u0161irokou \u0161k\u00e1lu pr\u016fmyslov\u00fdch odv\u011btv\u00ed a stroj\u016f.<\/li>\n<li>\u00da\u010dinnost p\u0159i jak\u00e9mkoli zat\u00ed\u017een\u00ed: \u010cerpadlo \u0159ady V30D zaji\u0161\u0165uje \u00fa\u010dinnost v \u0161irok\u00e9m rozsahu zat\u00ed\u017een\u00ed d\u00edky funkci prom\u011bnn\u00e9ho v\u00fdtlaku. Automaticky upravuje v\u00fdkon tak, aby odpov\u00eddal po\u017eadavk\u016fm syst\u00e9mu, minimalizuje energetick\u00e9 ztr\u00e1ty a maximalizuje produktivitu.<\/li>\n<\/ul>\n<h2><strong>Parametr hydraulick\u00e9ho \u010derpadla s axi\u00e1ln\u00edm p\u00edstem a prom\u011bnn\u00fdm objemem \u0159ady V30D:<\/strong><\/h2>\n<table class=\"table table-bordered table-hover table-colored\">\n<tbody>\n<tr class=\"firstRow\">\n<td colspan=\"1\" rowspan=\"2\" align=\"center\" valign=\"middle\">Velikost<\/td>\n<td rowspan=\"2\" align=\"center\" valign=\"middle\">Zdvihov\u00fd objem cm\u00b3\/ot.<\/td>\n<td colspan=\"2\" rowspan=\"1\" align=\"center\" valign=\"middle\">Tlak bar<\/td>\n<td colspan=\"2\" rowspan=\"1\" align=\"center\" valign=\"middle\">Rychlost ot\u00e1\u010den\u00ed ot\/min<\/td>\n<\/tr>\n<tr>\n<td align=\"center\" valign=\"middle\">Hodnoceno<\/td>\n<td align=\"center\" valign=\"middle\">Vrchol<\/td>\n<td align=\"center\" valign=\"middle\">Max. pro samonas\u00e1v\u00e1n\u00ed<sup>*1<\/sup><\/td>\n<td align=\"center\" valign=\"middle\">Max<sup>*2<\/sup><\/td>\n<\/tr>\n<tr>\n<td align=\"center\" valign=\"middle\">\u00a0V30D45<\/td>\n<td align=\"center\" valign=\"middle\">45<\/td>\n<td align=\"center\" valign=\"middle\">350<\/td>\n<td align=\"center\" valign=\"middle\">420<\/td>\n<td align=\"center\" valign=\"middle\">2600<\/td>\n<td align=\"center\" valign=\"middle\">3600<\/td>\n<\/tr>\n<tr>\n<td align=\"center\" valign=\"middle\">\u00a0V30D75<\/td>\n<td align=\"center\" valign=\"middle\">75<\/td>\n<td align=\"center\" valign=\"middle\">350<\/td>\n<td align=\"center\" valign=\"middle\">420<\/td>\n<td align=\"center\" valign=\"middle\">2400<\/td>\n<td align=\"center\" valign=\"middle\">3200<\/td>\n<\/tr>\n<tr>\n<td align=\"center\" valign=\"middle\">\u00a0V30D95<\/td>\n<td align=\"center\" valign=\"middle\">96<\/td>\n<td align=\"center\" valign=\"middle\">350<\/td>\n<td align=\"center\" valign=\"middle\">420<\/td>\n<td align=\"center\" valign=\"middle\">2200<\/td>\n<td align=\"center\" valign=\"middle\">2900<\/td>\n<\/tr>\n<tr>\n<td align=\"center\" valign=\"middle\">\u00a0V30D115<\/td>\n<td align=\"center\" valign=\"middle\">115<\/td>\n<td align=\"center\" valign=\"middle\">250<\/td>\n<td align=\"center\" valign=\"middle\">300<\/td>\n<td align=\"center\" valign=\"middle\">2000<\/td>\n<td align=\"center\" valign=\"middle\">2800<\/td>\n<\/tr>\n<tr>\n<td align=\"center\" valign=\"middle\">\u00a0V30D140<\/td>\n<td align=\"center\" valign=\"middle\">142<\/td>\n<td align=\"center\" valign=\"middle\">350<\/td>\n<td align=\"center\" valign=\"middle\">420<\/td>\n<td align=\"center\" valign=\"middle\">2200<\/td>\n<td align=\"center\" valign=\"middle\">2600<\/td>\n<\/tr>\n<tr>\n<td align=\"center\" valign=\"middle\">\u00a0V30D160<\/td>\n<td align=\"center\" valign=\"middle\">164<\/td>\n<td align=\"center\" valign=\"middle\">250<\/td>\n<td align=\"center\" valign=\"middle\">300<\/td>\n<td align=\"center\" valign=\"middle\">1900<\/td>\n<td align=\"center\" valign=\"middle\">2500<\/td>\n<\/tr>\n<tr>\n<td align=\"center\" valign=\"middle\">\u00a0V30D250<\/td>\n<td align=\"center\" valign=\"middle\">250<\/td>\n<td align=\"center\" valign=\"middle\">350<\/td>\n<td align=\"center\" valign=\"middle\">420<\/td>\n<td align=\"center\" valign=\"middle\">1800<\/td>\n<td align=\"center\" valign=\"middle\">2000<\/td>\n<\/tr>\n<tr>\n<td align=\"center\" valign=\"middle\">V30D520<\/td>\n<td align=\"center\" valign=\"middle\">520<\/td>\n<td align=\"center\" valign=\"middle\">400<\/td>\n<td align=\"center\" valign=\"middle\">450<\/td>\n<td align=\"center\" valign=\"middle\">1500<\/td>\n<td align=\"center\" valign=\"middle\">1800<\/td>\n<\/tr>\n<\/tbody>\n<\/table>\n<h2><strong>V\u00fdhody hydraulick\u00e9ho \u010derpadla s axi\u00e1ln\u00edm p\u00edstem a prom\u011bnn\u00fdm objemem \u0159ady V30D:<\/strong><\/h2>\n<p>\u2022 Pou\u017e\u00edv\u00e1 se v hydraulick\u00fdch syst\u00e9mech s otev\u0159en\u00fdm okruhem<br \/>\n\u2022 N\u00edzk\u00e1 hlu\u010dnost<br \/>\n\u2022 V\u00edce \u0159\u00eddic\u00edch modul\u016f<br \/>\n\u2022 Poskytuje dostate\u010dn\u00fd to\u010div\u00fd moment pro zadn\u00ed \u010derpadlo, kdy\u017e je vy\u017eadov\u00e1no pou\u017eit\u00ed tandemov\u00e9ho \u010derpadla<\/p>\n<h2><strong>Axi\u00e1ln\u00ed p\u00edstov\u00e9 hydraulick\u00e9 \u010derpadlo s prom\u011bnn\u00fdm objemem \u0159ady V30D <\/strong><strong>Aplikace:<\/strong><\/h2>\n<p><img loading=\"lazy\" decoding=\"async\" class=\"alignnone wp-image-1976 size-full\" src=\"https:\/\/hydraulic-cylinders.net\/wp-content\/uploads\/2023\/10\/v30d-series-axial-piston-variable-displacement-pump-2.webp\" alt=\"\" width=\"1144\" height=\"394\" srcset=\"https:\/\/hydraulic-cylinders.net\/wp-content\/uploads\/2023\/10\/v30d-series-axial-piston-variable-displacement-pump-2.webp 1144w, https:\/\/hydraulic-cylinders.net\/wp-content\/uploads\/2023\/10\/v30d-series-axial-piston-variable-displacement-pump-2-980x338.webp 980w, https:\/\/hydraulic-cylinders.net\/wp-content\/uploads\/2023\/10\/v30d-series-axial-piston-variable-displacement-pump-2-480x165.webp 480w\" sizes=\"(min-width: 0px) and (max-width: 480px) 480px, (min-width: 481px) and (max-width: 980px) 980px, (min-width: 981px) 1144px, 100vw\" \/><\/p>\n<h2><strong>Zp\u016fsob pou\u017eit\u00ed axi\u00e1ln\u00edho p\u00edstov\u00e9ho hydraulick\u00e9ho \u010derpadla s prom\u011bnn\u00fdm objemem \u0159ady V30D<\/strong><strong>:<\/strong><\/h2>\n<ul>\n<li><strong>Instalace a integrace:<\/strong> Pro instalaci axi\u00e1ln\u00edho p\u00edstov\u00e9ho hydraulick\u00e9ho \u010derpadla s prom\u011bnn\u00fdm objemem \u0159ady V30D vyberte v hydraulick\u00e9m syst\u00e9mu vhodn\u00e9 m\u00edsto. Zajist\u011bte spr\u00e1vn\u00e9 vyrovn\u00e1n\u00ed a bezpe\u010dn\u011b namontujte \u010derpadlo pomoc\u00ed vhodn\u00fdch konzol nebo p\u0159\u00edslu\u0161enstv\u00ed. P\u0159ipojte \u010derpadlo k hydraulick\u00e9mu syst\u00e9mu pomoc\u00ed kompatibiln\u00edch armatur a hadic a zajist\u011bte bezprobl\u00e9mov\u00e9 spojen\u00ed.<\/li>\n<li><strong>Kompatibilita s kapalinami:<\/strong> Ov\u011b\u0159te, zda je hydraulick\u00e1 kapalina pou\u017eit\u00e1 v syst\u00e9mu kompatibiln\u00ed s \u010derpadlem \u0159ady V30D. \u0158i\u010fte se typem kapaliny, viskozitou a teplotn\u00edm rozsahem doporu\u010den\u00fdm v\u00fdrobcem. Pravideln\u011b sledujte a udr\u017eujte hydraulickou kapalinu, abyste zajistili optim\u00e1ln\u00ed provoz a dlouhou \u017eivotnost \u010derpadla.<\/li>\n<li><strong>Ovl\u00e1d\u00e1n\u00ed a nastaven\u00ed:<\/strong> Seznamte se s mo\u017enostmi ovl\u00e1d\u00e1n\u00ed, kter\u00e9 nab\u00edz\u00ed \u010derpadlo \u0159ady V30D. V z\u00e1vislosti na konkr\u00e9tn\u00edm modelu m\u016f\u017ee nab\u00edzet r\u016fzn\u00e9 metody ovl\u00e1d\u00e1n\u00ed, jako je ru\u010dn\u00ed, proporcion\u00e1ln\u00ed nebo elektronick\u00e9 ovl\u00e1d\u00e1n\u00ed. Seznamte se s doporu\u010den\u00fdmi nastaven\u00edmi ovl\u00e1d\u00e1n\u00ed a upravte je podle nich pro optimalizaci v\u00fdkonu \u010derpadla.<\/li>\n<li><strong>Optimalizace syst\u00e9mu:<\/strong> \u010cerpadlo \u0159ady V30D umo\u017e\u0148uje optimalizaci syst\u00e9mu \u00fapravou v\u00fdtlaku \u010derpadla tak, aby odpov\u00eddal po\u017eadavk\u016fm na zat\u00ed\u017een\u00ed. Vyu\u017eijte tuto funkci k maximalizaci energetick\u00e9 \u00fa\u010dinnosti a celkov\u00e9ho v\u00fdkonu syst\u00e9mu.<\/li>\n<\/ul>\n<h2><strong>Jak odvzdu\u0161nit hydraulick\u00fd v\u00e1lec bez odvzdu\u0161\u0148ovac\u00edho ventilu?<\/strong><\/h2>\n<p>Odvzdu\u0161n\u011bn\u00ed hydraulick\u00e9ho v\u00e1lce bez odvzdu\u0161\u0148ovac\u00edho ventilu m\u016f\u017ee b\u00fdt trochu n\u00e1ro\u010dn\u011bj\u0161\u00ed, ale st\u00e1le je to mo\u017en\u00e9. Zde je podrobn\u00fd n\u00e1vod, jak odvzdu\u0161nit hydraulick\u00fd v\u00e1lec bez odvzdu\u0161\u0148ovac\u00edho ventilu:<\/p>\n<ol>\n<li><strong>Bezpe\u010dnost p\u0159edev\u0161\u00edm:<\/strong> P\u0159ed prac\u00ed na hydraulick\u00e9m v\u00e1lci se ujist\u011bte, \u017ee je syst\u00e9m bez tlaku. Vypn\u011bte nap\u00e1jen\u00ed a uvoln\u011bte ve\u0161ker\u00fd zbytkov\u00fd tlak aktivac\u00ed p\u0159etlakov\u00e9ho ventilu nebo provozem syst\u00e9mu do bodu maxim\u00e1ln\u00edho vysunut\u00ed nebo zasunut\u00ed.<\/li>\n<li><strong>Um\u00edst\u011bn\u00ed v\u00e1lce:<\/strong> Um\u00edst\u011bte hydraulick\u00fd v\u00e1lec do polohy, kde vzduchov\u00e9 bubliny mohou snadno stoupat do nejvy\u0161\u0161\u00edho bodu. To obvykle znamen\u00e1, \u017ee v\u00e1lec je ve svisl\u00e9 poloze s p\u00edstn\u00ed ty\u010d\u00ed sm\u011b\u0159uj\u00edc\u00ed nahoru.<\/li>\n<li><strong>Demont\u00e1\u017e armatury:<\/strong> Vyhledejte armaturu, kter\u00e1 spojuje hydraulick\u00e9 potrub\u00ed s v\u00e1lcem. K odpojen\u00ed a demont\u00e1\u017ei armatury pou\u017eijte vhodn\u00e9 n\u00e1stroje. Bu\u010fte p\u0159ipraveni na to, \u017ee b\u011bhem tohoto procesu m\u016f\u017ee uniknout hydraulick\u00e1 kapalina, proto si p\u0159ipravte n\u00e1dobu nebo hadry na zachycen\u00ed p\u0159\u00edpadn\u00fdch rozlit\u00fdch kapalin.<\/li>\n<li><strong>Zvedn\u011bte v\u00e1lec:<\/strong> Pokud je to mo\u017en\u00e9, zvedn\u011bte v\u00e1lec do jeho maxim\u00e1ln\u00ed vysunut\u00e9 polohy. To pom\u016f\u017ee minimalizovat mno\u017estv\u00ed vzduchu zachycen\u00e9ho uvnit\u0159 v\u00e1lce.<\/li>\n<li><strong>Klepn\u011bte na v\u00e1lec:<\/strong> Lehce poklepejte na boky v\u00e1lce gumov\u00fdm klad\u00edvkem nebo klad\u00edvkem s m\u011bkkou plochou. T\u00edm pom\u016f\u017eete uvolnit v\u0161echny vzduchov\u00e9 bubliny, kter\u00e9 mohly b\u00fdt zachyceny uvnit\u0159 v\u00e1lce. Za\u010dn\u011bte odspodu a postupujte sm\u011brem nahoru, poklep\u00e1vejte po obvodu v\u00e1lce.<\/li>\n<li><strong>Cyklus v\u00e1lce:<\/strong> Nechte hydraulick\u00fd syst\u00e9m n\u011bkolikr\u00e1t prob\u011bhnout. V\u00e1lec zcela vysu\u0148te a zasu\u0148te, aby mohla hydraulick\u00e1 kapalina prot\u00e9kat a p\u0159\u00edpadn\u011b vytla\u010dit vzduchov\u00e9 bubliny. Tento postup n\u011bkolikr\u00e1t opakujte, abyste zajistili d\u016fkladn\u00e9 odvzdu\u0161n\u011bn\u00ed.<\/li>\n<li><strong>Znovu p\u0159ipojte armaturu:<\/strong> Jakmile provedete cyklov\u00e1n\u00ed v\u00e1lce a c\u00edt\u00edte, \u017ee v\u011bt\u0161ina vzduchu byla vypu\u0161t\u011bna, znovu p\u0159ipojte armaturu k hydraulick\u00e9mu potrub\u00ed. Ujist\u011bte se, \u017ee je pevn\u011b uta\u017eena, ale ne p\u0159\u00edli\u0161, jinak by mohlo doj\u00edt k po\u0161kozen\u00ed armatury nebo k net\u011bsnosti.<\/li>\n<li><strong>Otestujte v\u00e1lec:<\/strong> Po odvzdu\u0161n\u011bn\u00ed v\u00e1lce otestujte jeho funkci jeho \u00fapln\u00fdm vysunut\u00edm a zasunut\u00edm. Sledujte v\u00e1lec, zda se na n\u011bm nevyskytuj\u00ed vzduchov\u00e9 bubliny nebo zda se v n\u011bm neobjevuj\u00ed abnorm\u00e1ln\u00ed vlastnosti. Pokud si v\u0161imnete jak\u00fdchkoli probl\u00e9m\u016f, odvzdu\u0161n\u011bn\u00ed opakujte nebo vyhledejte pomoc odborn\u00edka na hydrauliku.<\/li>\n<\/ol>\n<h2><strong>Schopnosti a kapacita tov\u00e1rny:<\/strong><\/h2>\n<h3>(1) Mont\u00e1\u017e<\/h3>\n<p>Disponujeme prvot\u0159\u00eddn\u00ed nez\u00e1vislou v\u00fdzkumnou a v\u00fdvojovou mont\u00e1\u017en\u00ed platformou. D\u00edlna na v\u00fdrobu hydraulick\u00fdch v\u00e1lc\u016f m\u00e1 \u010dty\u0159i poloautomatick\u00e9 mont\u00e1\u017en\u00ed linky pro zvedac\u00ed v\u00e1lce a jednu automatickou mont\u00e1\u017en\u00ed linku pro nakl\u00e1p\u011bc\u00ed v\u00e1lce s projektovanou ro\u010dn\u00ed v\u00fdrobn\u00ed kapacitou 1 milion kus\u016f. D\u00edlna na speci\u00e1ln\u00ed v\u00e1lce je vybavena poloautomatick\u00fdm \u010distic\u00edm mont\u00e1\u017en\u00edm syst\u00e9mem s r\u016fzn\u00fdmi specifikacemi a projektovanou ro\u010dn\u00ed v\u00fdrobn\u00ed kapacitou 200 000 kus\u016f a je vybavena zn\u00e1m\u00fdm CNC obr\u00e1b\u011bc\u00edm za\u0159\u00edzen\u00edm, obr\u00e1b\u011bc\u00edm centrem, vysoce p\u0159esn\u00fdm speci\u00e1ln\u00edm za\u0159\u00edzen\u00edm pro zpracov\u00e1n\u00ed v\u00e1lc\u016f, robotick\u00fdm sva\u0159ovac\u00edm strojem, automatick\u00fdm \u010distic\u00edm strojem, automatick\u00fdm mont\u00e1\u017en\u00edm strojem pro v\u00e1lce a automatickou lakovac\u00ed v\u00fdrobn\u00ed linkou. St\u00e1vaj\u00edc\u00ed kritick\u00e9 vybaven\u00ed m\u00e1 v\u00edce ne\u017e 300 sad. Optim\u00e1ln\u00ed alokace a efektivn\u00ed vyu\u017eit\u00ed zdroj\u016f za\u0159\u00edzen\u00ed zaji\u0161\u0165uje po\u017eadavky na p\u0159esnost v\u00fdrobk\u016f a spl\u0148uje po\u017eadavky na vysokou kvalitu v\u00fdrobk\u016f.<\/p>\n<p><img loading=\"lazy\" decoding=\"async\" class=\"alignnone wp-image-626\" src=\"https:\/\/hydraulic-cylinders.net\/wp-content\/uploads\/2023\/08\/hydraulic-cylinder-product-1-300x158.webp\" alt=\"\" width=\"495\" height=\"260\" srcset=\"https:\/\/hydraulic-cylinders.net\/wp-content\/uploads\/2023\/08\/hydraulic-cylinder-product-1-300x158.webp 495w, https:\/\/hydraulic-cylinders.net\/wp-content\/uploads\/2023\/08\/hydraulic-cylinder-product-1-480x252.webp 480w\" sizes=\"(min-width: 0px) and (max-width: 480px) 480px, (min-width: 481px) 495px, 100vw\" \/> <img loading=\"lazy\" decoding=\"async\" class=\"alignnone wp-image-627\" src=\"https:\/\/hydraulic-cylinders.net\/wp-content\/uploads\/2023\/08\/hydraulic-cylinder-product-2-300x189.webp\" alt=\"\" width=\"413\" height=\"260\" \/><\/p>\n<h3>(2) Obr\u00e1b\u011bn\u00ed<\/h3>\n<p>Obrobna je vybavena zak\u00e1zkov\u00fdm soustru\u017enick\u00fdm centrem pro \u0161ikm\u00e9 kolejnice, obr\u00e1b\u011bc\u00edm centrem, vysokorychlostn\u00edm honovac\u00edm strojem, sva\u0159ovac\u00edm robotem a dal\u0161\u00edm souvisej\u00edc\u00edm za\u0159\u00edzen\u00edm, kter\u00e9 zvl\u00e1dne obr\u00e1b\u011bn\u00ed v\u00e1lcov\u00fdch trubek s maxim\u00e1ln\u00edm vnit\u0159n\u00edm pr\u016fm\u011brem 400 mm a maxim\u00e1ln\u00ed d\u00e9lkou 6 metr\u016f.<\/p>\n<p><img loading=\"lazy\" decoding=\"async\" class=\"alignnone wp-image-628 size-large\" src=\"https:\/\/hydraulic-cylinders.net\/wp-content\/uploads\/2023\/08\/hydraulic-cylinder-product-3-1024x391.webp\" alt=\"\" width=\"1024\" height=\"391\" srcset=\"https:\/\/hydraulic-cylinders.net\/wp-content\/uploads\/2023\/08\/hydraulic-cylinder-product-3-980x374.webp 980w, https:\/\/hydraulic-cylinders.net\/wp-content\/uploads\/2023\/08\/hydraulic-cylinder-product-3-480x183.webp 480w\" sizes=\"(min-width: 0px) and (max-width: 480px) 480px, (min-width: 481px) and (max-width: 980px) 980px, (min-width: 981px) 1024px, 100vw\" \/><\/p>\n<h3>(3) Sva\u0159ov\u00e1n\u00ed<\/h3>\n<p><img loading=\"lazy\" decoding=\"async\" class=\"alignnone wp-image-629 size-large\" src=\"https:\/\/hydraulic-cylinders.net\/wp-content\/uploads\/2023\/08\/hydraulic-cylinder-product-4-1024x510.webp\" alt=\"\" width=\"1024\" height=\"510\" srcset=\"https:\/\/hydraulic-cylinders.net\/wp-content\/uploads\/2023\/08\/hydraulic-cylinder-product-4-980x488.webp 980w, https:\/\/hydraulic-cylinders.net\/wp-content\/uploads\/2023\/08\/hydraulic-cylinder-product-4-480x239.webp 480w\" sizes=\"(min-width: 0px) and (max-width: 480px) 480px, (min-width: 481px) and (max-width: 980px) 980px, (min-width: 981px) 1024px, 100vw\" \/><\/p>\n<h3>(4) Lakov\u00e1n\u00ed a n\u00e1t\u011bry<\/h3>\n<p>S mal\u00fdmi a st\u0159edn\u00edmi v\u00e1lcov\u00fdmi automatick\u00fdmi linkami na nan\u00e1\u0161en\u00ed barev na vodn\u00ed b\u00e1zi, pro dosa\u017een\u00ed automatick\u00e9ho robotick\u00e9ho nakl\u00e1d\u00e1n\u00ed a vykl\u00e1d\u00e1n\u00ed a automatick\u00e9ho st\u0159\u00edk\u00e1n\u00ed, je konstruk\u010dn\u00ed kapacita 4000 kus\u016f za sm\u011bnu;<br \/>\nM\u00e1me tak\u00e9 poloautomatickou linku na v\u00fdrobu barev pro velk\u00e9 tlakov\u00e9 lahve poh\u00e1n\u011bn\u00e9 \u0159et\u011bzem s konstruk\u010dn\u00ed kapacitou 60 lahv\u00ed za sm\u011bnu.<\/p>\n<p><img loading=\"lazy\" decoding=\"async\" class=\"alignnone wp-image-630\" src=\"https:\/\/hydraulic-cylinders.net\/wp-content\/uploads\/2023\/08\/hydraulic-cylinder-product-5-300x213.webp\" alt=\"\" width=\"366\" height=\"260\" \/> <img loading=\"lazy\" decoding=\"async\" class=\"alignnone wp-image-631\" src=\"https:\/\/hydraulic-cylinders.net\/wp-content\/uploads\/2023\/08\/hydraulic-cylinder-product-6-300x225.webp\" alt=\"\" width=\"347\" height=\"260\" \/><\/p>\n<h3>(5) Testov\u00e1n\u00ed<\/h3>\n<p>Disponujeme prvot\u0159\u00eddn\u00edmi inspek\u010dn\u00edmi za\u0159\u00edzen\u00edmi a zku\u0161ebn\u00edmi laborato\u0159emi, abychom zajistili, \u017ee v\u00fdkon v\u00e1lce spl\u0148uje po\u017eadavky.<\/p>\n<p><img loading=\"lazy\" decoding=\"async\" class=\"alignnone wp-image-632\" src=\"https:\/\/hydraulic-cylinders.net\/wp-content\/uploads\/2023\/08\/hydraulic-cylinder-product-8-300x200.webp\" alt=\"\" width=\"389\" height=\"260\" \/><\/p>\n<p>&nbsp;<\/p>\n<p>&nbsp;<\/p>\n<p>Jsme jedn\u00edm z nejlep\u0161\u00edch v\u00fdrobc\u016f hydraulick\u00fdch v\u00e1lc\u016f. Nab\u00edz\u00edme komplexn\u00ed hydraulick\u00e9 v\u00e1lce. Dod\u00e1v\u00e1me tak\u00e9 odpov\u00eddaj\u00edc\u00ed <a href=\"https:\/\/hzpt.com\/agricultural-pto-gearbox\/\" target=\"_blank\" rel=\"noopener\">zem\u011bd\u011blsk\u00e9 p\u0159evodovky<\/a>Na\u0161e v\u00fdrobky jsme exportovali klient\u016fm po cel\u00e9m sv\u011bt\u011b a d\u00edky vynikaj\u00edc\u00ed kvalit\u011b v\u00fdrobk\u016f a poprodejn\u00edmu servisu jsme si z\u00edskali dobrou pov\u011bst. V\u00edt\u00e1me z\u00e1kazn\u00edky doma i v zahrani\u010d\u00ed, kte\u0159\u00ed n\u00e1s kontaktuj\u00ed za \u00fa\u010delem vyjedn\u00e1v\u00e1n\u00ed obchodn\u00edch p\u0159\u00edle\u017eitost\u00ed, v\u00fdm\u011bny informac\u00ed a <a href=\"https:\/\/www.hydraulic-cylinders.net\/cs\/contact-us\/\">spolupracujte s n\u00e1mi<\/a>!<\/p>\n<p>&nbsp;<\/p>","protected":false},"excerpt":{"rendered":"<p>V30D Series Axial Piston Variable Displacement Hydraulic Pump The V30D series axial piston variable displacement hydraulic pump is a state-of-the-art solution designed to deliver exceptional performance and efficiency in various hydraulic applications. With its advanced engineering, versatile design, and precise control, this hydraulic pump is a game-changer in the industry. The V30D series axial piston [&hellip;]<\/p>","protected":false},"featured_media":1975,"comment_status":"open","ping_status":"closed","template":"","meta":{"_et_pb_use_builder":"","_et_pb_old_content":"","_et_gb_content_width":""},"product_brand":[],"product_cat":[1425],"product_tag":[1426],"class_list":{"0":"post-1963","1":"product","2":"type-product","3":"status-publish","4":"has-post-thumbnail","6":"product_cat-piston-pump","7":"product_tag-hydraulic-pump","9":"first","10":"instock","11":"shipping-taxable","12":"product-type-simple"},"amp_enabled":true,"_links":{"self":[{"href":"https:\/\/www.hydraulic-cylinders.net\/cs\/wp-json\/wp\/v2\/product\/1963","targetHints":{"allow":["GET"]}}],"collection":[{"href":"https:\/\/www.hydraulic-cylinders.net\/cs\/wp-json\/wp\/v2\/product"}],"about":[{"href":"https:\/\/www.hydraulic-cylinders.net\/cs\/wp-json\/wp\/v2\/types\/product"}],"replies":[{"embeddable":true,"href":"https:\/\/www.hydraulic-cylinders.net\/cs\/wp-json\/wp\/v2\/comments?post=1963"}],"wp:featuredmedia":[{"embeddable":true,"href":"https:\/\/www.hydraulic-cylinders.net\/cs\/wp-json\/wp\/v2\/media\/1975"}],"wp:attachment":[{"href":"https:\/\/www.hydraulic-cylinders.net\/cs\/wp-json\/wp\/v2\/media?parent=1963"}],"wp:term":[{"taxonomy":"product_brand","embeddable":true,"href":"https:\/\/www.hydraulic-cylinders.net\/cs\/wp-json\/wp\/v2\/product_brand?post=1963"},{"taxonomy":"product_cat","embeddable":true,"href":"https:\/\/www.hydraulic-cylinders.net\/cs\/wp-json\/wp\/v2\/product_cat?post=1963"},{"taxonomy":"product_tag","embeddable":true,"href":"https:\/\/www.hydraulic-cylinders.net\/cs\/wp-json\/wp\/v2\/product_tag?post=1963"}],"curies":[{"name":"wp","href":"https:\/\/api.w.org\/{rel}","templated":true}]}}