{"id":19638,"date":"2025-04-07T06:58:59","date_gmt":"2025-04-07T06:58:59","guid":{"rendered":"https:\/\/www.hydraulic-cylinders.net\/product\/boom-cylinder-for-atlas-3306lc\/"},"modified":"2025-04-07T06:59:01","modified_gmt":"2025-04-07T06:59:01","slug":"boom-cylinder-for-atlas-3306lc","status":"publish","type":"product","link":"https:\/\/www.hydraulic-cylinders.net\/cs\/produkt\/boom-cylinder-for-atlas-3306lc\/","title":{"rendered":"V\u00e1lec v\u00fdlo\u017en\u00edku pro Atlas 3306LC"},"content":{"rendered":"<h1>V\u00e1lec v\u00fdlo\u017en\u00edku pro Atlas 3306LC<\/h1>\n<h2>P\u0159ehled produktu<\/h2>\n<p>Ten\/Ta\/To <strong>V\u00e1lec v\u00fdlo\u017en\u00edku pro Atlas 3306LC<\/strong> je specializovan\u00fd hydraulick\u00fd v\u00e1lec ur\u010den\u00fd k ovl\u00e1d\u00e1n\u00ed pohybu v\u00fdlo\u017en\u00edku v r\u016fzn\u00fdch t\u011b\u017ek\u00fdch stroj\u00edch, zejm\u00e9na u bagr\u016f, r\u00fdpadel a \u010deln\u00edch naklada\u010d\u016f. Tyto v\u00e1lce jsou ned\u00edlnou sou\u010d\u00e1st\u00ed hydraulick\u00fdch syst\u00e9m\u016f a umo\u017e\u0148uj\u00ed p\u0159esn\u00e9 zved\u00e1n\u00ed, spou\u0161t\u011bn\u00ed a nakl\u00e1p\u011bn\u00ed l\u017e\u00edc pro usnadn\u011bn\u00ed manipulace s materi\u00e1lem. V podstat\u011b je v\u00e1lec l\u017e\u00edce typ hydraulick\u00e9ho aktu\u00e1toru, kter\u00fd p\u0159ev\u00e1d\u00ed hydraulick\u00fd tlak na mechanick\u00fd pohyb.<\/p>\n<p>Vyu\u017eit\u00edm tlaku hydraulick\u00e9 kapaliny tyto v\u00e1lce poskytuj\u00ed pot\u0159ebnou s\u00edlu pro efektivn\u00ed prov\u00e1d\u011bn\u00ed t\u011b\u017ek\u00fdch zdvihac\u00edch \u00fakol\u016f. Konstrukce a funk\u010dnost v\u00e1lce v\u00fdlo\u017en\u00edku jsou kl\u00ed\u010dov\u00e9 pro optim\u00e1ln\u00ed v\u00fdkon v n\u00e1ro\u010dn\u00fdch pracovn\u00edch prost\u0159ed\u00edch. V\u00e1lec v\u00fdlo\u017en\u00edku, obvykle vyroben\u00fd z vysokopevnostn\u00ed oceli nebo hlin\u00edku, je navr\u017een pro odolnost a spolehlivost i v extr\u00e9mn\u00edch podm\u00ednk\u00e1ch. Jeho konstrukce nav\u00edc obsahuje prvky odol\u00e1vaj\u00edc\u00ed opot\u0159eben\u00ed a korozi, \u010d\u00edm\u017e se prodlu\u017euje jeho provozn\u00ed \u017eivotnost.<\/p>\n<p><img decoding=\"async\" src=\"https:\/\/www.hydraulic-cylinders.net\/wp-content\/uploads\/2025\/04\/songte-company-1.webp\" alt=\"Obr\u00e1zek v\u00e1lce v\u00fdlo\u017en\u00edku\"><\/p>\n<h2>Vlastnosti v\u00e1lce v\u00fdlo\u017en\u00edku<\/h2>\n<ul>\n<li><strong>Vysok\u00e1 pevnost a trvanlivost:<\/strong> V\u00e1lec v\u00fdlo\u017en\u00edku je vyroben z vysoce pevn\u00fdch materi\u00e1l\u016f a je navr\u017een tak, aby odolal vysok\u00fdm tlak\u016fm a t\u011b\u017ek\u00fdm z\u00e1t\u011b\u017e\u00edm a z\u00e1rove\u0148 byl vhodn\u00fd pro n\u00e1ro\u010dn\u00e9 pracovn\u00ed podm\u00ednky.<\/li>\n<li><strong>Efektivn\u00ed hydraulick\u00fd provoz:<\/strong> V\u00e1lec vyu\u017e\u00edv\u00e1 hydraulick\u00fd tlak oleje pro plynul\u00e9 a rychl\u00e9 vysouv\u00e1n\u00ed a zasouv\u00e1n\u00ed, co\u017e poskytuje zna\u010dnou tla\u010dnou a ta\u017enou s\u00edlu.<\/li>\n<li><strong>R\u016fzn\u00e9 typy:<\/strong> K dispozici v jedno\u010dinn\u00e9 a dvoj\u010dinn\u00e9 variant\u011b, co\u017e umo\u017e\u0148uje spln\u011bn\u00ed r\u016fzn\u00fdch provozn\u00edch po\u017eadavk\u016f, v\u010detn\u011b teleskopick\u00fdch model\u016f pro aplikace s omezen\u00fdm prostorem.<\/li>\n<li><strong>Vylep\u0161en\u00fd v\u00fdkon:<\/strong> Konstrukce zohled\u0148uje odolnost proti opot\u0159eben\u00ed a korozi, \u010d\u00edm\u017e maximalizuje \u00fa\u010dinnost a \u017eivotnost v\u00e1lce.<\/li>\n<li><strong>Snadn\u00e1 \u00fadr\u017eba:<\/strong> Navr\u017eeno pro snadn\u00fd p\u0159\u00edstup ke komponent\u016fm pro pravidelnou \u00fadr\u017ebu, co\u017e zaji\u0161\u0165uje dlouhodob\u00e9 udr\u017een\u00ed optim\u00e1ln\u00edho v\u00fdkonu.<\/li>\n<\/ul>\n<p>Tento produkt vyr\u00e1b\u00edme a na\u0161e v\u00e1lce jsou perfektn\u00ed n\u00e1hradou za tyto hydraulick\u00e9 pohony.<\/p>\n<p><img decoding=\"async\" src=\"https:\/\/www.hydraulic-cylinders.net\/wp-content\/uploads\/2025\/04\/songte-cylinder-head-with-all-kinds-excavator-models.webp\" alt=\"Obr\u00e1zek hlavy v\u00e1lc\u016f\"><\/p>\n<h2>Aplikace v\u00e1lce v\u00fdlo\u017en\u00edku<\/h2>\n<h3>Stavebn\u00ed stroje<\/h3>\n<p>U bagr\u016f hraje v\u00e1lec v\u00fdlo\u017en\u00edku z\u00e1sadn\u00ed roli p\u0159i kop\u00e1n\u00ed, nakl\u00e1d\u00e1n\u00ed a p\u0159emis\u0165ov\u00e1n\u00ed zeminy nebo suti. Poskytuje pot\u0159ebnou s\u00edlu pro kloubov\u00e9 spojen\u00ed v\u00fdlo\u017en\u00edku, co\u017e umo\u017e\u0148uje obsluze efektivn\u011b vykon\u00e1vat \u0159adu \u00fakol\u016f. U r\u00fdpadlo-naklada\u010d\u016f v\u00e1lec v\u00fdlo\u017en\u00edku usnad\u0148uje jak kop\u00e1n\u00ed, tak zved\u00e1n\u00ed, \u010d\u00edm\u017e zvy\u0161uje v\u0161estrannost stroje na staveni\u0161ti.<\/p>\n<h3>Zem\u011bd\u011blsk\u00e9 stroje<\/h3>\n<p>U \u010deln\u00edch naklada\u010d\u016f je v\u00e1lec v\u00fdlo\u017en\u00edku nezbytn\u00fd pro nab\u00edr\u00e1n\u00ed, zved\u00e1n\u00ed a p\u0159epravu zeminy, sena a dal\u0161\u00edch materi\u00e1l\u016f. Jeho spolehliv\u00fd provoz umo\u017e\u0148uje zem\u011bd\u011blc\u016fm a zem\u011bd\u011blsk\u00fdm pracovn\u00edk\u016fm efektivn\u011b manipulovat s materi\u00e1ly, zvy\u0161ovat produktivitu a sni\u017eovat manu\u00e1ln\u00ed pr\u00e1ci.<\/p>\n<h3>Bagry<\/h3>\n<p>V\u00e1lec v\u00fdlo\u017en\u00edku umo\u017e\u0148uje l\u017e\u00edci pronikat do p\u016fdy b\u011bhem v\u00fdkopov\u00fdch prac\u00ed. Jeho schopnost ovl\u00e1dat \u00fahel a hloubku l\u017e\u00edce je kl\u00ed\u010dov\u00e1 pro efektivn\u00ed v\u00fdkopov\u00e9 operace, co\u017e z n\u00ed \u010din\u00ed nepostradatelnou sou\u010d\u00e1st stavebn\u00edch a krajin\u00e1\u0159sk\u00fdch projekt\u016f.<\/p>\n<h3>Naklada\u010de<\/h3>\n<p>U \u010deln\u00edch naklada\u010d\u016f pom\u00e1haj\u00ed v\u00e1lce v\u00fdlo\u017en\u00edku p\u0159i zved\u00e1n\u00ed a vykl\u00e1p\u011bn\u00ed b\u0159emen. Tato funkce je kl\u00ed\u010dov\u00e1 pro nakl\u00e1d\u00e1n\u00ed materi\u00e1l\u016f do n\u00e1kladn\u00edch automobil\u016f nebo jin\u00fdch vozidel, co\u017e zaji\u0161\u0165uje efektivn\u00ed prov\u00e1d\u011bn\u00ed \u00fakol\u016f na staveni\u0161t\u00edch.<\/p>\n<h2>Konstruk\u010dn\u00ed aspekty a krit\u00e9ria v\u00fdb\u011bru<\/h2>\n<h3>Nosnost<\/h3>\n<p>Zaji\u0161t\u011bn\u00ed, aby v\u00e1lec v\u00fdlo\u017en\u00edku zvl\u00e1dl po\u017eadovanou nosnost, je prvo\u0159ad\u00e9. Konstrukce mus\u00ed zohled\u0148ovat maxim\u00e1ln\u00ed hmotnost, kterou zvedne a unese, ani\u017e by byla ohro\u017eena bezpe\u010dnost. To zahrnuje v\u00fdpo\u010det d\u00e9lky zdvihu a pr\u016fm\u011bru v\u00e1lce pro dosa\u017een\u00ed po\u017eadovan\u00e9 v\u00fdstupn\u00ed s\u00edly. Spr\u00e1vn\u011b dimenzovan\u00fd v\u00e1lec nejen zvy\u0161uje v\u00fdkon, ale tak\u00e9 p\u0159isp\u00edv\u00e1 k dlouh\u00e9 \u017eivotnosti stroje.<\/p>\n<h3>Technologie t\u011bsn\u011bn\u00ed<\/h3>\n<p>\u00da\u010dinn\u00e9 t\u011bsn\u011bn\u00ed je u hydraulick\u00fdch v\u00e1lc\u016f z\u00e1sadn\u00ed pro prevenci \u00fanik\u016f a udr\u017een\u00ed tlaku. Pou\u017eit\u00ed vysoce kvalitn\u00edch t\u011bsnic\u00edch materi\u00e1l\u016f, jako je polyuretan a nitrilov\u00e1 pry\u017e, zaji\u0161\u0165uje trvanlivost a odolnost proti opot\u0159eben\u00ed. T\u011bsn\u011bn\u00ed mus\u00ed \u00fa\u010dinn\u011b zadr\u017eovat hydraulickou kapalinu a z\u00e1rove\u0148 minimalizovat t\u0159en\u00ed, co\u017e umo\u017e\u0148uje plynul\u00fd provoz. Pravideln\u00e1 kontrola t\u011bsn\u011bn\u00ed je nezbytn\u00e1 pro v\u010dasnou detekci opot\u0159eben\u00ed a prevenci hydraulick\u00fdch poruch.<\/p>\n<h3>Trvanlivost<\/h3>\n<p>Odoln\u00e1 konstrukce je nezbytn\u00e1 pro to, aby v\u00e1lce v\u00fdlo\u017en\u00edku odolaly n\u00e1ro\u010dn\u00e9mu prost\u0159ed\u00ed a intenzivn\u00edmu pou\u017e\u00edv\u00e1n\u00ed. To zahrnuje zv\u00e1\u017een\u00ed v\u00fdb\u011bru materi\u00e1lu, povrchov\u00fdch \u00faprav a ochrann\u00fdch povlak\u016f, kter\u00e9 odol\u00e1vaj\u00ed korozi a opot\u0159eben\u00ed. Odoln\u00fd v\u00e1lec sni\u017euje prostoje zp\u016fsoben\u00e9 \u00fadr\u017ebou a opravami a zaji\u0161\u0165uje tak konzistentn\u00ed provoz.<\/p>\n<h3>Bezpe\u010dnostn\u00ed prvky<\/h3>\n<p>Za\u010dlen\u011bn\u00ed bezpe\u010dnostn\u00edch prvk\u016f do konstrukce v\u00e1lc\u016f v\u00fdlo\u017en\u00edku je nezbytn\u00e9 pro ochranu obsluhy a stroj\u016f. Nap\u0159\u00edklad pojistn\u00e9 ventily zabra\u0148uj\u00ed p\u0159etlaku, kter\u00fd m\u016f\u017ee v\u00e9st k nebezpe\u010dn\u00fdm situac\u00edm. Krom\u011b toho by m\u011bly b\u00fdt poskytnuty jasn\u00e9 pokyny pro instalaci a provoz, aby bylo zaji\u0161t\u011bno bezpe\u010dn\u00e9 pou\u017e\u00edv\u00e1n\u00ed v ter\u00e9nu.<\/p>\n<h3>P\u0159\u00edstupnost \u00fadr\u017eby<\/h3>\n<p>Konstrukce v\u00e1lc\u016f pro snadnou \u00fadr\u017ebu je z\u00e1sadn\u00ed pro dlouhodobou spolehlivost. To znamen\u00e1 um\u00edst\u011bn\u00ed sou\u010d\u00e1st\u00ed, jako jsou maznice a t\u011bsn\u011bn\u00ed, na snadno p\u0159\u00edstupn\u00fdch m\u00edstech, aby se usnadnily b\u011b\u017en\u00e9 kontroly a opravy. Konstrukce s ohledem na \u00fadr\u017ebu sni\u017euje provozn\u00ed n\u00e1klady a prodlu\u017euje provozuschopnost stroje.<\/p>\n<p><img decoding=\"async\" src=\"https:\/\/www.hydraulic-cylinders.net\/wp-content\/uploads\/2025\/04\/songte-oil-pipes-and-spare-parts.webp\" alt=\"Obr\u00e1zek olejov\u00fdch trubek a n\u00e1hradn\u00edch d\u00edl\u016f\"><\/p>\n<h2>T\u011bsn\u011bn\u00ed a maz\u00e1n\u00ed<\/h2>\n<p>Pou\u017eit\u00ed r\u016fzn\u00fdch t\u011bsnic\u00edch komponent\u016f, jako jsou t\u011bsn\u011bn\u00ed p\u00edst\u016f a p\u00edstnic, je nezbytn\u00e9 pro zaji\u0161t\u011bn\u00ed \u00fa\u010dinnosti v\u00e1lce v\u00fdlo\u017en\u00edku. V\u00fdb\u011br t\u011bsn\u011bn\u00ed vyroben\u00fdch z materi\u00e1l\u016f odoln\u00fdch proti opot\u0159eben\u00ed, jako je polyuretan a nitrilov\u00e1 pry\u017e, p\u0159isp\u00edv\u00e1 k celkov\u00e9 spolehlivosti v\u00e1lce. T\u011bleso v\u00e1lce a jeho z\u00e1vitov\u00e9 konce jsou nav\u00edc p\u0159esn\u011b opracov\u00e1ny pro zv\u00fd\u0161en\u00ed odolnosti proti opot\u0159eben\u00ed a zaji\u0161t\u011bn\u00ed del\u0161\u00ed provozn\u00ed \u017eivotnosti. Pravideln\u00e9 maz\u00e1n\u00ed hydraulick\u00fdm olejem je nezbytn\u00e9 pro udr\u017een\u00ed optim\u00e1ln\u00ed funk\u010dnosti a sn\u00ed\u017een\u00ed t\u0159en\u00ed mezi pohybliv\u00fdmi \u010d\u00e1stmi, \u010d\u00edm\u017e se zabr\u00e1n\u00ed p\u0159ed\u010dasn\u00e9mu opot\u0159eben\u00ed.<\/p>\n<h2>Pravideln\u00e1 kontrola a preventivn\u00ed \u00fadr\u017eba<\/h2>\n<ul>\n<li><strong>Vizu\u00e1ln\u00ed kontroly:<\/strong> Prov\u00e1d\u011bjte pravideln\u00e9 vizu\u00e1ln\u00ed kontroly, abyste zkontrolovali zn\u00e1mky opot\u0159eben\u00ed, net\u011bsnost\u00ed nebo po\u0161kozen\u00ed v\u00e1lce. V\u010dasn\u00e9 odhalen\u00ed probl\u00e9m\u016f m\u016f\u017ee zabr\u00e1nit katastrof\u00e1ln\u00edm poruch\u00e1m.<\/li>\n<li><strong>Kontroly maz\u00e1n\u00ed:<\/strong> Ujist\u011bte se, \u017ee hladina hydraulick\u00e9ho oleje je dostate\u010dn\u00e1 a \u017ee mazac\u00ed syst\u00e9m funguje spr\u00e1vn\u011b. Dostate\u010dn\u00e9 maz\u00e1n\u00ed sni\u017euje t\u0159en\u00ed a prodlu\u017euje \u017eivotnost v\u00e1lce.<\/li>\n<li><strong>V\u00fdm\u011bna t\u011bsn\u011bn\u00ed:<\/strong> Pravideln\u011b kontrolujte t\u011bsn\u011bn\u00ed, zda nejsou opot\u0159ebovan\u00e1, a v p\u0159\u00edpad\u011b pot\u0159eby je vym\u011b\u0148ujte, abyste zabr\u00e1nili \u00faniku hydraulick\u00e9 kapaliny a udr\u017eeli tlak.<\/li>\n<\/ul>\n<h2>Pokyny k instalaci<\/h2>\n<p>Pro zaji\u0161t\u011bn\u00ed spr\u00e1vn\u00e9 instalace v\u00e1lce v\u00fdlo\u017en\u00edku dodr\u017eujte n\u00e1sleduj\u00edc\u00ed pokyny:<\/p>\n<ol>\n<li><strong>Zarovn\u00e1n\u00ed:<\/strong> Ujist\u011bte se, \u017ee je v\u00e1lec spr\u00e1vn\u011b zarovn\u00e1n s mont\u00e1\u017en\u00edmi body. Nespr\u00e1vn\u00e9 zarovn\u00e1n\u00ed m\u016f\u017ee zp\u016fsobit nerovnom\u011brn\u00e9 opot\u0159eben\u00ed a potenci\u00e1ln\u00ed poruchu.<\/li>\n<li><strong>Pou\u017eit\u00ed spr\u00e1vn\u00fdch mont\u00e1\u017en\u00edch konzol:<\/strong> K upevn\u011bn\u00ed v\u00e1lce pou\u017eijte vhodn\u00e9 mont\u00e1\u017en\u00ed konzoly. T\u00edm se zabr\u00e1n\u00ed pohybu b\u011bhem provozu, kter\u00fd by mohl v\u00e9st k po\u0161kozen\u00ed.<\/li>\n<li><strong>Specifikace to\u010div\u00e9ho momentu:<\/strong> Dodr\u017eujte utahovac\u00ed momenty uveden\u00e9 v\u00fdrobcem pro v\u0161echny spojovac\u00ed prvky. Nadm\u011brn\u00e9 uta\u017een\u00ed m\u016f\u017ee v\u00e9st k deformaci, zat\u00edmco nedostate\u010dn\u00e9 uta\u017een\u00ed m\u016f\u017ee zp\u016fsobit uvoln\u011bn\u00ed sou\u010d\u00e1st\u00ed b\u011bhem provozu.<\/li>\n<li><strong>Hydraulick\u00e9 p\u0159ipojen\u00ed:<\/strong> P\u0159ed pou\u017eit\u00edm se ujist\u011bte, \u017ee jsou v\u0161echna hydraulick\u00e1 spojen\u00ed bezpe\u010dn\u00e1 a bez \u00fanik\u016f. V p\u0159\u00edpad\u011b pot\u0159eby pou\u017eijte t\u011bsnic\u00ed prost\u0159edek na z\u00e1vity, abyste zabr\u00e1nili \u00fanik\u016fm.<\/li>\n<li><strong>Testov\u00e1n\u00ed:<\/strong> Po instalaci prove\u010fte d\u016fkladnou zkou\u0161ku funk\u010dnosti v\u00e1lce, abyste se ujistili, \u017ee v\u0161echny funkce funguj\u00ed spr\u00e1vn\u011b a bezpe\u010dn\u011b. Ve\u0161ker\u00e9 nesrovnalosti ihned odstra\u0148te.<\/li>\n<\/ol>\n<p><img decoding=\"async\" src=\"https:\/\/www.hydraulic-cylinders.net\/wp-content\/uploads\/2025\/04\/songte-chushion-collar.webp\" alt=\"Obr\u00e1zek pol\u0161t\u00e1\u0159ov\u00e9ho l\u00edmce\"><\/p>\n<h2>Bezpe\u010dnostn\u00ed aspekty a faktory prost\u0159ed\u00ed<\/h2>\n<p>P\u0159i provozu hydraulick\u00fdch v\u00e1lc\u016f jsou bezpe\u010dnostn\u00ed opat\u0159en\u00ed prvo\u0159ad\u00e1. Obsluha by m\u011bla b\u00fdt pro\u0161kolena v bezpe\u010dn\u00fdch provozn\u00edch postupech, aby se p\u0159ede\u0161lo nehod\u00e1m. D\u00e1le je t\u0159eba zv\u00e1\u017eit prost\u0159ed\u00ed, ve kter\u00e9m v\u00e1lec pracuje. V\u00fdkon a bezpe\u010dnost mohou ovlivnit faktory, jako je vystaven\u00ed nep\u0159\u00edzniv\u00fdm pov\u011btrnostn\u00edm podm\u00ednk\u00e1m nebo kontaminant\u016fm. Zaveden\u00ed bezpe\u010dnostn\u00edch opat\u0159en\u00ed, jako jsou \u0159\u00e1dn\u00e9 pl\u00e1ny \u00fadr\u017eby a ochrann\u00e9 pom\u016fcky, pom\u00e1h\u00e1 zm\u00edrnit rizika spojen\u00e1 s hydraulick\u00fdmi syst\u00e9my.<\/p>\n<h2>Diagnostika z\u00e1vad a b\u011b\u017en\u00e9 probl\u00e9my<\/h2>\n<ul>\n<li><strong>\u00danik:<\/strong> Zkontrolujte, zda nedoch\u00e1z\u00ed k \u00fanik\u016fm hydraulick\u00e9 kapaliny, co\u017e m\u016f\u017ee nazna\u010dovat selh\u00e1n\u00ed t\u011bsn\u011bn\u00ed nebo nespr\u00e1vn\u00e9 p\u0159ipojen\u00ed.<\/li>\n<li><strong>Nekonzistentn\u00ed pohyb:<\/strong> Pokud se v\u00e1lec nevysouv\u00e1 ani nezasouv\u00e1 plynule, zkontrolujte, zda nedoch\u00e1z\u00ed k ucp\u00e1n\u00ed, nedostatku hydraulick\u00e9 kapaliny nebo po\u0161kozen\u00ed t\u011bsn\u011bn\u00ed.<\/li>\n<li><strong>P\u0159eh\u0159\u00e1t\u00ed:<\/strong> Sledujte teplotu hydraulick\u00e9 kapaliny. P\u0159eh\u0159\u00e1t\u00ed m\u016f\u017ee b\u00fdt zp\u016fsobeno nadm\u011brn\u00fdm zat\u00ed\u017een\u00edm nebo nedostate\u010dn\u00fdm chlazen\u00edm.<\/li>\n<\/ul>\n<h2>Tipy pro \u0159e\u0161en\u00ed probl\u00e9m\u016f<\/h2>\n<p>Pro efektivn\u00ed \u0159e\u0161en\u00ed probl\u00e9m\u016f za\u010dn\u011bte identifikac\u00ed p\u0159\u00edznak\u016f probl\u00e9mu. Pokud zjist\u00edte net\u011bsnost, zkontrolujte t\u011bsn\u011bn\u00ed a spoje, zda nejsou opot\u0159ebovan\u00e9. V p\u0159\u00edpad\u011b nepravideln\u00e9ho pohybu zkontrolujte hladinu hydraulick\u00e9 kapaliny a p\u0159\u00edpadn\u00e9 p\u0159ek\u00e1\u017eky v syst\u00e9mu. Abyste zabr\u00e1nili p\u0159eh\u0159\u00e1t\u00ed, ujist\u011bte se, \u017ee hydraulick\u00fd syst\u00e9m nen\u00ed p\u0159et\u00ed\u017een\u00fd a \u017ee chladic\u00ed mechanismy jsou funk\u010dn\u00ed. Je t\u0159eba dodr\u017eovat pravideln\u00e9 postupy \u00fadr\u017eby a provozu, aby se minimalizovalo riziko vzniku probl\u00e9m\u016f.<\/p>\n<p><img decoding=\"async\" src=\"https:\/\/www.hydraulic-cylinders.net\/wp-content\/uploads\/2025\/04\/songte-bushings-with-all-kinds-of-excavator-models.webp\" alt=\"Obr\u00e1zek pouzder\"><\/p>\n<h2>O na\u0161\u00ed spole\u010dnosti<\/h2>\n<p>Jsme p\u0159edn\u00edm v\u00fdrobcem n\u00e1hradn\u00edch hydraulick\u00fdch v\u00e1lc\u016f a nab\u00edz\u00edme \u0161irokou \u0161k\u00e1lu produkt\u016f, kter\u00e9 uspokoj\u00ed jak dom\u00e1c\u00ed, tak mezin\u00e1rodn\u00ed trh. N\u00e1\u0161 z\u00e1vazek k dokonalosti je patrn\u00fd v na\u0161ich p\u0159esn\u00fdch v\u00fdrobn\u00edch procesech a vyu\u017e\u00edv\u00e1n\u00ed pokro\u010dil\u00fdch technologi\u00ed. Neust\u00e1le zlep\u0161ujeme na\u0161e v\u00fdrobn\u00ed kapacity a kvalitu produkt\u016f, abychom zajistili, \u017ee spl\u0148ujeme rozmanit\u00e9 po\u017eadavky z\u00e1kazn\u00edk\u016f. Na\u0161e nab\u00eddky jsou podpo\u0159eny odbornou technickou podporou, kter\u00e1 zaji\u0161\u0165uje, \u017ee klienti obdr\u017e\u00ed ty nejlep\u0161\u00ed slu\u017eby po celou dobu sv\u00e9 spolupr\u00e1ce s n\u00e1mi.<\/p>\n<p>Na\u0161e produkty se vyzna\u010duj\u00ed profesion\u00e1ln\u00edmi standardy, mezin\u00e1rodn\u00edmi certifikacemi a \u0159e\u0161en\u00edmi na m\u00edru \u0161it\u00fdmi na m\u00edru specifick\u00fdm po\u017eadavk\u016fm. D\u00edky nejmodern\u011bj\u0161\u00edmu v\u00fdrobn\u00edmu za\u0159\u00edzen\u00ed a specializovan\u00e9mu t\u00fdmu poprodejn\u00edch slu\u017eeb zaji\u0161\u0165ujeme, aby na\u0161i z\u00e1kazn\u00edci obdr\u017eeli vysoce kvalitn\u00ed produkty a podporu.<\/p>\n<p><img decoding=\"async\" src=\"https:\/\/www.hydraulic-cylinders.net\/wp-content\/uploads\/2025\/04\/songte-company-4.webp\" alt=\"Obr\u00e1zek s p\u0159ehledem spole\u010dnosti\"><br \/>\n<img decoding=\"async\" src=\"https:\/\/www.hydraulic-cylinders.net\/wp-content\/uploads\/2025\/04\/songte-company-3.webp\" alt=\"Obr\u00e1zek v\u00fdrobn\u00edho za\u0159\u00edzen\u00ed\"><\/p>\n<p>Autor: lyl<\/p>","protected":false},"excerpt":{"rendered":"<p>Boom Cylinder For Atlas 3306LC Product Overview The Boom Cylinder for Atlas 3306LC is a specialized hydraulic cylinder designed to control the movement of the boom in various heavy machinery applications, particularly excavators, backhoe loaders, and front loaders. These cylinders are integral to hydraulic systems, enabling the precise lifting, lowering, and tilting of buckets to [&hellip;]<\/p>","protected":false},"featured_media":17871,"comment_status":"open","ping_status":"closed","template":"","meta":{"_et_pb_use_builder":"","_et_pb_old_content":"","_et_gb_content_width":""},"product_brand":[],"product_cat":[1546],"product_tag":[1547,1496],"class_list":{"0":"post-19638","1":"product","2":"type-product","3":"status-publish","4":"has-post-thumbnail","6":"product_cat-boom-cylinders","7":"product_tag-boom-cylinders","8":"product_tag-hydraulic-cylinders","10":"first","11":"instock","12":"shipping-taxable","13":"product-type-simple"},"amp_enabled":true,"_links":{"self":[{"href":"https:\/\/www.hydraulic-cylinders.net\/cs\/wp-json\/wp\/v2\/product\/19638","targetHints":{"allow":["GET"]}}],"collection":[{"href":"https:\/\/www.hydraulic-cylinders.net\/cs\/wp-json\/wp\/v2\/product"}],"about":[{"href":"https:\/\/www.hydraulic-cylinders.net\/cs\/wp-json\/wp\/v2\/types\/product"}],"replies":[{"embeddable":true,"href":"https:\/\/www.hydraulic-cylinders.net\/cs\/wp-json\/wp\/v2\/comments?post=19638"}],"wp:featuredmedia":[{"embeddable":true,"href":"https:\/\/www.hydraulic-cylinders.net\/cs\/wp-json\/wp\/v2\/media\/17871"}],"wp:attachment":[{"href":"https:\/\/www.hydraulic-cylinders.net\/cs\/wp-json\/wp\/v2\/media?parent=19638"}],"wp:term":[{"taxonomy":"product_brand","embeddable":true,"href":"https:\/\/www.hydraulic-cylinders.net\/cs\/wp-json\/wp\/v2\/product_brand?post=19638"},{"taxonomy":"product_cat","embeddable":true,"href":"https:\/\/www.hydraulic-cylinders.net\/cs\/wp-json\/wp\/v2\/product_cat?post=19638"},{"taxonomy":"product_tag","embeddable":true,"href":"https:\/\/www.hydraulic-cylinders.net\/cs\/wp-json\/wp\/v2\/product_tag?post=19638"}],"curies":[{"name":"wp","href":"https:\/\/api.w.org\/{rel}","templated":true}]}}