{"id":19645,"date":"2025-04-07T06:59:19","date_gmt":"2025-04-07T06:59:19","guid":{"rendered":"https:\/\/www.hydraulic-cylinders.net\/product\/boom-cylinder-for-bonny-ced1000-7\/"},"modified":"2025-04-07T06:59:22","modified_gmt":"2025-04-07T06:59:22","slug":"boom-cylinder-for-bonny-ced1000-7","status":"publish","type":"product","link":"https:\/\/www.hydraulic-cylinders.net\/cs\/produkt\/boom-cylinder-for-bonny-ced1000-7\/","title":{"rendered":"V\u00e1lec v\u00fdlo\u017en\u00edku pro Bonny CED1000-7"},"content":{"rendered":"<h1>V\u00e1lec v\u00fdlo\u017en\u00edku pro Bonny CED1000-7<\/h1>\n<h2>\u00davod k v\u00e1lci v\u00fdlo\u017en\u00edku<\/h2>\n<p>Hydraulick\u00fd v\u00e1lec v\u00fdlo\u017en\u00edku, speci\u00e1ln\u011b navr\u017een\u00fd pro Bonny CED1000-7, je kl\u00ed\u010dovou sou\u010d\u00e1st\u00ed hydraulick\u00fdch syst\u00e9m\u016f pou\u017e\u00edvan\u00fdch v t\u011b\u017ek\u00fdch stroj\u00edch. Tento hydraulick\u00fd v\u00e1lec je prim\u00e1rn\u011b zodpov\u011bdn\u00fd za ovl\u00e1d\u00e1n\u00ed pohybu v\u00fdlo\u017en\u00edku a umo\u017e\u0148uje jeho vysouv\u00e1n\u00ed, zasouv\u00e1n\u00ed a nakl\u00e1p\u011bn\u00ed podle pot\u0159eby. Tato funkce je z\u00e1sadn\u00ed pro r\u016fzn\u00e9 \u00fakoly manipulace s materi\u00e1lem a zvy\u0161uje efektivitu a v\u0161estrannost za\u0159\u00edzen\u00ed, jako jsou rypadla, r\u00fdpadlo-naklada\u010de a \u010deln\u00ed naklada\u010de.<\/p>\n<p>Jako specializovan\u00fd hydraulick\u00fd v\u00e1lec hraje v\u00e1lec l\u017e\u00edce z\u00e1sadn\u00ed roli v provozu t\u011b\u017ek\u00fdch stroj\u016f. Umo\u017e\u0148uje p\u0159esn\u00e9 pohyby l\u017e\u00edce, co\u017e obsluze umo\u017e\u0148uje snadno prov\u00e1d\u011bt \u00fakoly, jako je kop\u00e1n\u00ed, zved\u00e1n\u00ed a nakl\u00e1p\u011bn\u00ed. Tlak v hydraulick\u00e9m syst\u00e9mu usnad\u0148uje plynul\u00fd provoz a zaji\u0161\u0165uje, \u017ee v\u00fdlo\u017en\u00edk dok\u00e1\u017ee efektivn\u011b zvl\u00e1dat po\u017eadavky stavebnictv\u00ed, zem\u011bd\u011blstv\u00ed a dal\u0161\u00edch t\u011b\u017ek\u00fdch aplikac\u00ed.<\/p>\n<p><img decoding=\"async\" src=\"https:\/\/www.hydraulic-cylinders.net\/wp-content\/uploads\/2025\/04\/songte-company-1.webp\" alt=\"V\u00e1lec v\u00fdlo\u017en\u00edku\"><\/p>\n<h2>Vlastnosti v\u00e1lce v\u00fdlo\u017en\u00edku<\/h2>\n<ul>\n<li>\n<h3>Vysok\u00e1 pevnost a trvanlivost<\/h3>\n<p>V\u00e1lec v\u00fdlo\u017en\u00edku je vyroben z vysokopevnostn\u00ed oceli nebo hlin\u00edku a je navr\u017een tak, aby odolal vysok\u00e9mu tlaku a velk\u00e9mu zat\u00ed\u017een\u00ed, tak\u017ee je vhodn\u00fd pro n\u00e1ro\u010dn\u00e9 pracovn\u00ed prost\u0159ed\u00ed. Pou\u017eit\u00e9 materi\u00e1ly zaji\u0161\u0165uj\u00ed odolnost proti opot\u0159eben\u00ed a korozi, \u010d\u00edm\u017e prodlu\u017euj\u00ed \u017eivotnost v\u00e1lce.<\/p>\n<\/li>\n<li>\n<h3>Efektivn\u00ed hydraulick\u00fd provoz<\/h3>\n<p>V\u00e1lec vyu\u017e\u00edv\u00e1 hydraulick\u00fd tlak oleje pro plynul\u00e9 pohyby vysouv\u00e1n\u00ed a zasouv\u00e1n\u00ed. Tato konstrukce umo\u017e\u0148uje rychlou reakci na provozn\u00ed povely a poskytuje zna\u010dnou tla\u010dnou a ta\u017enou s\u00edlu, kter\u00e1 je nezbytn\u00e1 pro manipulaci s t\u011b\u017ek\u00fdmi b\u0159emeny a slo\u017eit\u00fdmi \u00fakoly.<\/p>\n<\/li>\n<li>\n<h3>Rozmanitost typ\u016f<\/h3>\n<p>V\u00e1lec v\u00fdlo\u017en\u00edku je k dispozici v jedno\u010dinn\u00e9m (s hydraulick\u00fdm tlakem v jednom sm\u011bru) i dvoj\u010dinn\u00e9m (s hydraulick\u00fdm tlakem v obou sm\u011brech) proveden\u00ed a dok\u00e1\u017ee splnit rozmanit\u00e9 provozn\u00ed po\u017eadavky. N\u011bkter\u00e9 modely jsou teleskopick\u00e9, co\u017e umo\u017e\u0148uje v\u011bt\u0161\u00ed vysunut\u00ed bez zv\u011bt\u0161en\u00ed vn\u011bj\u0161\u00edch rozm\u011br\u016f, a je tak ide\u00e1ln\u00ed pro aplikace s omezen\u00fdm prostorem.<\/p>\n<\/li>\n<\/ul>\n<h2>V\u00fdrobn\u00ed kapacity<\/h2>\n<p>Jsme hrd\u00ed na na\u0161i schopnost vyr\u00e1b\u011bt v\u00e1lce v\u00fdlo\u017en\u00edku, kter\u00e9 nab\u00edzej\u00ed perfektn\u00ed n\u00e1hradu za st\u00e1vaj\u00edc\u00ed hydraulick\u00e9 v\u00e1lce. Na\u0161e produkty jsou vyr\u00e1b\u011bny podle nejvy\u0161\u0161\u00edch standard\u016f, co\u017e zaji\u0161\u0165uje kompatibilitu a v\u00fdkon s r\u016fzn\u00fdmi hydraulick\u00fdmi syst\u00e9my.<\/p>\n<p><img decoding=\"async\" src=\"https:\/\/www.hydraulic-cylinders.net\/wp-content\/uploads\/2025\/04\/songte-cylinder-head-with-all-kinds-excavator-models.webp\" alt=\"Modely bagr\u016f\"><\/p>\n<h2>Aplikace v\u00e1lce v\u00fdlo\u017en\u00edku<\/h2>\n<ul>\n<li>\n<h3>Stavebn\u00ed stroje<\/h3>\n<p>U bagr\u016f hraje v\u00e1lec v\u00fdlo\u017en\u00edku kl\u00ed\u010dovou roli p\u0159i kop\u00e1n\u00ed, nakl\u00e1d\u00e1n\u00ed a p\u0159emis\u0165ov\u00e1n\u00ed zeminy nebo suti. Umo\u017e\u0148uje l\u017e\u00edci efektivn\u011b pronikat do zem\u011b, co\u017e umo\u017e\u0148uje efektivn\u00ed v\u00fdkop a manipulaci s materi\u00e1lem. U r\u00fdpadlo-naklada\u010d\u016f nav\u00edc v\u00e1lec pom\u00e1h\u00e1 p\u0159i kop\u00e1n\u00ed i zved\u00e1n\u00ed, \u010d\u00edm\u017e optimalizuje v\u00fdkon na staveni\u0161t\u00edch.<\/p>\n<\/li>\n<li>\n<h3>Zem\u011bd\u011blsk\u00e9 stroje<\/h3>\n<p>\u010celn\u00ed naklada\u010de vyu\u017e\u00edvaj\u00ed v\u00fdlo\u017en\u00edkov\u00e9 v\u00e1lce k nab\u00edr\u00e1n\u00ed, zved\u00e1n\u00ed a p\u0159eprav\u011b zeminy, sena a dal\u0161\u00edch materi\u00e1l\u016f. \u00da\u010dinnost t\u011bchto v\u00e1lc\u016f zvy\u0161uje produktivitu v zem\u011bd\u011blsk\u00fdch operac\u00edch a umo\u017e\u0148uje zem\u011bd\u011blc\u016fm efektivn\u011bji \u0159\u00eddit jejich \u00fakoly.<\/p>\n<\/li>\n<li>\n<h3>Bagry<\/h3>\n<p>V\u00e1lec v\u00fdlo\u017en\u00edku usnad\u0148uje kop\u00e1n\u00ed u bagr\u016f a umo\u017e\u0148uje l\u017e\u00edci p\u0159esn\u011b prorazit zeminu. Tato schopnost je nezbytn\u00e1 pro r\u016fzn\u00e9 stavebn\u00ed a demoli\u010dn\u00ed projekty, kde je vy\u017eadov\u00e1n p\u0159esn\u00fd v\u00fdkop.<\/p>\n<\/li>\n<li>\n<h3>Naklada\u010de<\/h3>\n<p>U \u010deln\u00edch naklada\u010d\u016f pom\u00e1h\u00e1 v\u00e1lec v\u00fdlo\u017en\u00edku efektivn\u011b zvedat a vykl\u00e1dat b\u0159emena. Tato funkce je z\u00e1sadn\u00ed pro \u00fakoly, jako je odkl\u00edzen\u00ed suti nebo p\u0159eprava materi\u00e1l\u016f, co\u017e z n\u011bj \u010din\u00ed nepostradatelnou sou\u010d\u00e1st ve stavebn\u00edch a krajin\u00e1\u0159sk\u00fdch prac\u00edch.<\/p>\n<\/li>\n<\/ul>\n<h2>Konstruk\u010dn\u00ed aspekty a krit\u00e9ria v\u00fdb\u011bru<\/h2>\n<ul>\n<li>\n<h3>Nosnost<\/h3>\n<p>Pochopen\u00ed nosnosti je kl\u00ed\u010dov\u00e9 p\u0159i v\u00fdb\u011bru hydraulick\u00e9ho v\u00e1lce. V\u00e1lec v\u00fdlo\u017en\u00edku mus\u00ed b\u00fdt schopen zvl\u00e1dnout o\u010dek\u00e1van\u00e9 zat\u00ed\u017een\u00ed b\u011bhem provozu. Spr\u00e1vn\u00e9 dimenzov\u00e1n\u00ed zaji\u0161\u0165uje bezpe\u010dnost a efektivitu a zabra\u0148uje poruch\u00e1m, kter\u00e9 by mohly v\u00e9st k n\u00e1kladn\u00fdm prostoj\u016fm.<\/p>\n<\/li>\n<li>\n<h3>T\u011bsn\u011bn\u00ed<\/h3>\n<p>\u00da\u010dinn\u00e9 t\u011bsn\u011bn\u00ed je nezbytn\u00e9 pro udr\u017een\u00ed hydraulick\u00e9ho tlaku a prevenci \u00fanik\u016f. V\u00e1lec v\u00fdlo\u017en\u00edku obvykle pou\u017e\u00edv\u00e1 vysoce kvalitn\u00ed t\u011bsn\u011bn\u00ed, kter\u00e1 odol\u00e1vaj\u00ed n\u00e1ro\u010dn\u00fdm podm\u00ednk\u00e1m a z\u00e1rove\u0148 zaji\u0161\u0165uj\u00ed dlouhou \u017eivotnost. Spr\u00e1vn\u00e9 t\u011bsn\u011bn\u00ed tak\u00e9 minimalizuje pot\u0159ebu \u00fadr\u017eby.<\/p>\n<\/li>\n<li>\n<h3>Trvanlivost<\/h3>\n<p>Materi\u00e1ly a konstrukce v\u00e1lce v\u00fdlo\u017en\u00edku v\u00fdznamn\u011b p\u0159isp\u00edvaj\u00ed k jeho trvanlivosti. Aby bylo zaji\u0161t\u011bno, \u017ee v\u00e1lec vydr\u017e\u00ed n\u00e1ro\u010dn\u00e9 pou\u017e\u00edv\u00e1n\u00ed v pr\u016fb\u011bhu \u010dasu, je t\u0159eba zv\u00e1\u017eit faktory, jako je pevnost materi\u00e1lu, povrchov\u00e1 \u00faprava a celkov\u00e1 konstrukce.<\/p>\n<\/li>\n<li>\n<h3>Bezpe\u010dnost<\/h3>\n<p>Bezpe\u010dnostn\u00ed prvky jsou v hydraulick\u00fdch syst\u00e9mech prvo\u0159ad\u00e9. V\u00e1lec v\u00fdlo\u017en\u00edku by m\u011bl obsahovat mechanismy, kter\u00e9 zabra\u0148uj\u00ed n\u00e1hodn\u00e9mu uvoln\u011bn\u00ed tlaku, a pojistn\u00e9 ventily pro zvl\u00e1d\u00e1n\u00ed situac\u00ed p\u0159et\u00ed\u017een\u00ed, \u010d\u00edm\u017e je zaji\u0161t\u011bna bezpe\u010dnost obsluhy b\u011bhem pou\u017e\u00edv\u00e1n\u00ed.<\/p>\n<\/li>\n<li>\n<h3>\u00dadr\u017eba<\/h3>\n<p>A kone\u010dn\u011b, snadn\u00e1 \u00fadr\u017eba je kl\u00ed\u010dov\u00fdm faktorem p\u0159i konstrukci v\u00e1lc\u016f. Vlastnosti, kter\u00e9 umo\u017e\u0148uj\u00ed rychlou kontrolu, snadn\u00fd p\u0159\u00edstup k mazivu a p\u0159\u00edmo\u010dar\u00e9 procesy v\u00fdm\u011bny, mohou v\u00fdrazn\u011b zv\u00fd\u0161it provozn\u00ed provozuschopnost a sn\u00ed\u017eit n\u00e1klady.<\/p>\n<\/li>\n<\/ul>\n<p><img decoding=\"async\" src=\"https:\/\/www.hydraulic-cylinders.net\/wp-content\/uploads\/2025\/04\/songte-oil-pipes-and-spare-parts.webp\" alt=\"Olejov\u00e9 trubky a n\u00e1hradn\u00ed d\u00edly\"><\/p>\n<h2>T\u011bsn\u011bn\u00ed a maz\u00e1n\u00ed v\u00e1lce v\u00fdlo\u017en\u00edku<\/h2>\n<p>Pro zaji\u0161t\u011bn\u00ed optim\u00e1ln\u00edho v\u00fdkonu v\u00e1lce v\u00fdlo\u017en\u00edku je nezbytn\u00e9 pou\u017e\u00edt r\u016fzn\u00e9 t\u011bsnic\u00ed komponenty, jako jsou t\u011bsn\u011bn\u00ed p\u00edst\u016f a t\u011bsn\u011bn\u00ed p\u00edstnic. V\u00fdb\u011br t\u011bsn\u011bn\u00ed vyroben\u00fdch z odoln\u00fdch materi\u00e1l\u016f, jako je polyuretan a nitrilov\u00e1 pry\u017e, zvy\u0161uje odolnost proti opot\u0159eben\u00ed a \u017eivotnost. T\u011bleso v\u00e1lce a z\u00e1vitov\u00e9 konce by nav\u00edc m\u011bly proj\u00edt jemn\u00fdm obr\u00e1b\u011bn\u00edm, aby se zlep\u0161ila odolnost proti opot\u0159eben\u00ed. Pravideln\u00e9 kontroly a dopl\u0148ov\u00e1n\u00ed hydraulick\u00e9ho oleje pro maz\u00e1n\u00ed jsou tak\u00e9 nezbytn\u00e9 pro udr\u017een\u00ed plynul\u00e9ho provozu a prevenci nadm\u011brn\u00e9ho opot\u0159eben\u00ed.<\/p>\n<h2>Preventivn\u00ed \u00fadr\u017ebov\u00e1 opat\u0159en\u00ed<\/h2>\n<ul>\n<li>\n<h3>Pravideln\u00e9 kontroly<\/h3>\n<p>Prov\u00e1d\u011bn\u00ed pravideln\u00fdch kontrol umo\u017e\u0148uje v\u010dasnou detekci potenci\u00e1ln\u00edch probl\u00e9m\u016f. Hledejte zn\u00e1mky opot\u0159eben\u00ed, net\u011bsnost\u00ed nebo nesrovnalost\u00ed v provozu v\u00e1lc\u016f. V\u010dasn\u00e1 identifikace m\u016f\u017ee zabr\u00e1nit z\u00e1va\u017en\u00fdm poruch\u00e1m, kter\u00e9 naru\u0161uj\u00ed provoz.<\/p>\n<\/li>\n<li>\n<h3>Vhodn\u00e9 maz\u00e1n\u00ed<\/h3>\n<p>Zaji\u0161t\u011bn\u00ed dostate\u010dn\u00e9ho maz\u00e1n\u00ed v\u00e1lce v\u00fdlo\u017en\u00edku je z\u00e1sadn\u00ed pro hladk\u00fd provoz. Pravideln\u011b kontrolujte a dopl\u0148ujte hladinu hydraulick\u00e9ho oleje, abyste zabr\u00e1nili t\u0159en\u00ed a p\u0159eh\u0159\u00e1t\u00ed, kter\u00e9 m\u016f\u017ee v\u00e9st k selh\u00e1n\u00ed sou\u010d\u00e1st\u00ed.<\/p>\n<\/li>\n<li>\n<h3>V\u00fdm\u011bna t\u011bsn\u011bn\u00ed<\/h3>\n<p>T\u011bsn\u011bn\u00ed by m\u011bla b\u00fdt pravideln\u011b vym\u011b\u0148ov\u00e1na, aby se udr\u017eel tlak a zabr\u00e1nilo se net\u011bsnostem. Sledov\u00e1n\u00ed stavu t\u011bsn\u011bn\u00ed m\u016f\u017ee pomoci identifikovat, kdy je nutn\u00e1 v\u00fdm\u011bna, a t\u00edm se zabr\u00e1n\u00ed sn\u00ed\u017een\u00ed \u00fa\u010dinnosti a potenci\u00e1ln\u00edm poruch\u00e1m syst\u00e9mu.<\/p>\n<\/li>\n<\/ul>\n<h2>Pokyny k instalaci<\/h2>\n<p>Spr\u00e1vn\u00e1 instalace v\u00e1lce v\u00fdlo\u017en\u00edku je z\u00e1sadn\u00ed pro optim\u00e1ln\u00ed v\u00fdkon. Nejprve se ujist\u011bte, \u017ee je v\u00e1lec spr\u00e1vn\u011b zarovn\u00e1n s mont\u00e1\u017en\u00edmi body na stroji. Pou\u017eit\u00ed vhodn\u00fdch mont\u00e1\u017en\u00edch konzol pom\u016f\u017ee zajistit v\u00e1lec na m\u00edst\u011b. Dbejte na to, abyste se vyhnuli nespr\u00e1vn\u00e9mu zarovn\u00e1n\u00ed, kter\u00e9 m\u016f\u017ee v\u00e9st k provozn\u00ed neefektivnosti nebo p\u0159ed\u010dasn\u00e9mu opot\u0159eben\u00ed. Pou\u017e\u00edvejte spr\u00e1vn\u00e9 hydraulick\u00e9 armatury a ujist\u011bte se, \u017ee jsou uta\u017eeny podle specifikac\u00ed v\u00fdrobce. Po instalaci d\u00e1le zkontrolujte p\u0159\u00edpadn\u00e9 hydraulick\u00e9 net\u011bsnosti a p\u0159ed zah\u00e1jen\u00edm provozu zajist\u011bte spr\u00e1vnou hladinu kapalin.<\/p>\n<h2>B\u011b\u017en\u00e9 \u00fakoly \u00fadr\u017eby<\/h2>\n<ul>\n<li>\n<h3>Pravideln\u00e9 kontroly<\/h3>\n<p>Pravideln\u00e9 kontroly jsou nezbytn\u00e9 pro zaji\u0161t\u011bn\u00ed efektivn\u00edho fungov\u00e1n\u00ed v\u00e1lce v\u00fdlo\u017en\u00edku. Zkontrolujte zn\u00e1mky opot\u0159eben\u00ed, net\u011bsnosti a spr\u00e1vnou funkci t\u011bsn\u011bn\u00ed. Tento proaktivn\u00ed p\u0159\u00edstup pom\u00e1h\u00e1 identifikovat potenci\u00e1ln\u00ed probl\u00e9my d\u0159\u00edve, ne\u017e se zhor\u0161\u00ed.<\/p>\n<\/li>\n<li>\n<h3>Spr\u00e1vn\u00e9 maz\u00e1n\u00ed<\/h3>\n<p>Pou\u017e\u00edv\u00e1n\u00ed spr\u00e1vn\u00e9ho hydraulick\u00e9ho oleje a udr\u017eov\u00e1n\u00ed dostate\u010dn\u00e9ho maz\u00e1n\u00ed je z\u00e1sadn\u00ed pro dlouhou \u017eivotnost v\u00e1lce. Pravideln\u011b sledujte hladinu a kvalitu oleje, abyste zajistili plynul\u00fd chod v\u00e1lce bez zbyte\u010dn\u00e9ho t\u0159en\u00ed.<\/p>\n<\/li>\n<li>\n<h3>V\u00fdm\u011bna t\u011bsn\u011bn\u00ed a kontroly kalibrace<\/h3>\n<p>Pravideln\u011b vym\u011b\u0148ujte opot\u0159ebovan\u00e1 t\u011bsn\u011bn\u00ed a prov\u00e1d\u011bjte kalibra\u010dn\u00ed kontroly, abyste zajistili p\u0159esn\u00fd provoz. Postupem \u010dasu se t\u011bsn\u011bn\u00ed mohou opot\u0159ebovat, co\u017e vede k net\u011bsnostem, proto je nutn\u00e1 jejich v\u010dasn\u00e1 v\u00fdm\u011bna. Kalibrace zaji\u0161\u0165uje, \u017ee v\u00e1lec pracuje podle po\u017eadovan\u00fdch specifikac\u00ed, co\u017e zvy\u0161uje bezpe\u010dnost a \u00fa\u010dinnost.<\/p>\n<\/li>\n<\/ul>\n<p><img decoding=\"async\" src=\"https:\/\/www.hydraulic-cylinders.net\/wp-content\/uploads\/2025\/04\/songte-chushion-collar.webp\" alt=\"Pol\u0161t\u00e1\u0159ov\u00fd l\u00edmec\"><\/p>\n<h2>Bezpe\u010dnostn\u00ed aspekty a faktory prost\u0159ed\u00ed<\/h2>\n<p>P\u0159i pou\u017e\u00edv\u00e1n\u00ed hydraulick\u00fdch v\u00e1lc\u016f jsou z\u00e1sadn\u00ed bezpe\u010dnostn\u00ed opat\u0159en\u00ed. Obsluha by m\u011bla b\u00fdt pro\u0161kolena ve specifick\u00fdch funkc\u00edch a potenci\u00e1ln\u00edch nebezpe\u010d\u00edch spojen\u00fdch s v\u00e1lcem v\u00fdlo\u017en\u00edku. Pravideln\u00e9 bezpe\u010dnostn\u00ed audity a dodr\u017eov\u00e1n\u00ed provozn\u00edch pokyn\u016f mohou minimalizovat nehody a zajistit bezpe\u010dn\u00e9 pracovn\u00ed prost\u0159ed\u00ed. B\u011bhem provozu je t\u0159eba nav\u00edc zohlednit faktory prost\u0159ed\u00ed, jako je vyh\u00fdb\u00e1n\u00ed se vystaven\u00ed extr\u00e9mn\u00edm teplot\u00e1m, kter\u00e9 by mohly ovlivnit v\u00fdkon hydraulick\u00e9 kapaliny a integritu v\u00e1lce.<\/p>\n<h2>Odstra\u0148ov\u00e1n\u00ed probl\u00e9m\u016f a b\u011b\u017en\u00e9 probl\u00e9my<\/h2>\n<ul>\n<li>\n<h3>Hydraulick\u00e9 net\u011bsnosti<\/h3>\n<p>K \u00fanik\u016fm hydraulick\u00e9 kapaliny m\u016f\u017ee doch\u00e1zet v d\u016fsledku selh\u00e1n\u00ed t\u011bsn\u011bn\u00ed nebo nespr\u00e1vn\u00e9ho pou\u017eit\u00ed armatur. Pravideln\u011b kontrolujte neporu\u0161enost t\u011bsn\u011bn\u00ed a armatur. Pokud zjist\u00edte net\u011bsnosti, t\u011bsn\u011bn\u00ed okam\u017eit\u011b vym\u011b\u0148te, abyste zabr\u00e1nili \u00faniku kapaliny a udr\u017eeli tlak.<\/p>\n<\/li>\n<li>\n<h3>\u0160patn\u00fd v\u00fdkon<\/h3>\n<p>Pokud v\u00e1lec v\u00fdlo\u017en\u00edku nefunguje efektivn\u011b, zkontrolujte hladinu hydraulick\u00e9 kapaliny a ujist\u011bte se, \u017ee ve v\u00e1lci nejsou \u017e\u00e1dn\u00e9 p\u0159ek\u00e1\u017eky. N\u00edzk\u00e1 hladina kapaliny m\u016f\u017ee v\u00e9st k pomal\u00e9mu provozu a sn\u00ed\u017een\u00e9 nosnosti.<\/p>\n<\/li>\n<li>\n<h3>Neobvykl\u00e9 zvuky<\/h3>\n<p>Neobvykl\u00e9 zvuky b\u011bhem provozu mohou nazna\u010dovat vnit\u0159n\u00ed opot\u0159eben\u00ed nebo vzduch v hydraulick\u00e9m syst\u00e9mu. Prozkoumejte zdroj hluku a prove\u010fte nezbytnou \u00fadr\u017ebu, abyste probl\u00e9m urychlen\u011b vy\u0159e\u0161ili.<\/p>\n<\/li>\n<\/ul>\n<p><img decoding=\"async\" src=\"https:\/\/www.hydraulic-cylinders.net\/wp-content\/uploads\/2025\/04\/songte-bushings-with-all-kinds-of-excavator-models.webp\" alt=\"Pouzdra s modely bagr\u016f\"><\/p>\n<h2>Tipy pro \u0159e\u0161en\u00ed probl\u00e9m\u016f<\/h2>\n<p>Pro efektivn\u00ed diagnostiku a \u0159e\u0161en\u00ed probl\u00e9m\u016f zva\u017ete zaveden\u00ed preventivn\u00edch opat\u0159en\u00ed, jako jsou pravideln\u00e9 kontroly a pl\u00e1ny \u00fadr\u017eby. Veden\u00ed podrobn\u00fdch z\u00e1znam\u016f o provozu a \u00fadr\u017eb\u011b m\u016f\u017ee pomoci identifikovat vzorce, kter\u00e9 vedou k probl\u00e9m\u016fm. D\u00e1le zajist\u011bte, aby byli oper\u00e1to\u0159i pro\u0161koleni v v\u010dasn\u00e9m rozpozn\u00e1v\u00e1n\u00ed p\u0159\u00edznak\u016f potenci\u00e1ln\u00edch poruch, co\u017e umo\u017en\u00ed rychl\u00fd z\u00e1sah a minim\u00e1ln\u00ed prostoje.<\/p>\n<h2>O na\u0161\u00ed spole\u010dnosti<\/h2>\n<p>Jsme p\u0159edn\u00edm v\u00fdrobcem a velkoobchodn\u00edkem hydraulick\u00fdch v\u00e1lc\u016f, kter\u00fd z\u00e1sobuje dom\u00e1c\u00ed i mezin\u00e1rodn\u00ed trhy. N\u00e1\u0161 rozs\u00e1hl\u00fd sortiment n\u00e1s \u0159ad\u00ed mezi kl\u00ed\u010dov\u00e9 hr\u00e1\u010de v oboru. Zavazujeme se k vynikaj\u00edc\u00ed kvalit\u011b, kterou poh\u00e1n\u00ed propracovan\u00e1 v\u00fdrobn\u00ed strategie s d\u016frazem na p\u0159esnost a efektivitu. Na\u0161i kvalifikovan\u00ed pracovn\u00edci ve spojen\u00ed s pokro\u010dil\u00fdmi digit\u00e1ln\u00edmi v\u00fdrobn\u00edmi technologiemi a p\u0159\u00edsn\u00fdmi testovac\u00edmi syst\u00e9my roz\u0161i\u0159uj\u00ed na\u0161e v\u00fdrobn\u00ed kapacity. Jsme odhodl\u00e1ni uspokojovat rozmanit\u00e9 pot\u0159eby z\u00e1kazn\u00edk\u016f vysoce kvalitn\u00edmi produkty a v\u00fdjime\u010dn\u00fdm servisem.<\/p>\n<p>Na\u0161i profesionalitu podpo\u0159ily mezin\u00e1rodn\u00ed certifikace, kter\u00e9 zaru\u010duj\u00ed spln\u011bn\u00ed glob\u00e1ln\u00edch standard\u016f. Nab\u00edz\u00edme tak\u00e9 slu\u017eby na m\u00edru p\u0159izp\u016fsoben\u00e9 specifick\u00fdm po\u017eadavk\u016fm klient\u016f. Na\u0161e nejmodern\u011bj\u0161\u00ed v\u00fdrobn\u00ed za\u0159\u00edzen\u00ed n\u00e1m umo\u017e\u0148uje udr\u017eovat vysokou efektivitu a p\u0159esnost, zat\u00edmco n\u00e1\u0161 poprodejn\u00ed servis zaji\u0161\u0165uje na\u0161im z\u00e1kazn\u00edk\u016fm neust\u00e1lou podporu.<\/p>\n<p><img decoding=\"async\" src=\"https:\/\/www.hydraulic-cylinders.net\/wp-content\/uploads\/2025\/04\/songte-company-4.webp\" alt=\"Obr\u00e1zek spole\u010dnosti 1\"><br \/>\n<img decoding=\"async\" src=\"https:\/\/www.hydraulic-cylinders.net\/wp-content\/uploads\/2025\/04\/songte-company-3.webp\" alt=\"Obr\u00e1zek spole\u010dnosti 2\"><\/p>\n<p>Autor: lyl<\/p>","protected":false},"excerpt":{"rendered":"<p>Boom Cylinder For Bonny CED1000-7 Introduction to Boom Cylinder The Boom Cylinder, specifically designed for the Bonny CED1000-7, is a crucial component in hydraulic systems used in heavy machinery. This hydraulic cylinder is primarily responsible for controlling the movement of the boom, allowing it to extend, retract, and tilt as needed. This functionality is vital [&hellip;]<\/p>","protected":false},"featured_media":17878,"comment_status":"open","ping_status":"closed","template":"","meta":{"_et_pb_use_builder":"","_et_pb_old_content":"","_et_gb_content_width":""},"product_brand":[],"product_cat":[1546],"product_tag":[1547,1496],"class_list":{"0":"post-19645","1":"product","2":"type-product","3":"status-publish","4":"has-post-thumbnail","6":"product_cat-boom-cylinders","7":"product_tag-boom-cylinders","8":"product_tag-hydraulic-cylinders","10":"first","11":"instock","12":"shipping-taxable","13":"product-type-simple"},"amp_enabled":true,"_links":{"self":[{"href":"https:\/\/www.hydraulic-cylinders.net\/cs\/wp-json\/wp\/v2\/product\/19645","targetHints":{"allow":["GET"]}}],"collection":[{"href":"https:\/\/www.hydraulic-cylinders.net\/cs\/wp-json\/wp\/v2\/product"}],"about":[{"href":"https:\/\/www.hydraulic-cylinders.net\/cs\/wp-json\/wp\/v2\/types\/product"}],"replies":[{"embeddable":true,"href":"https:\/\/www.hydraulic-cylinders.net\/cs\/wp-json\/wp\/v2\/comments?post=19645"}],"wp:featuredmedia":[{"embeddable":true,"href":"https:\/\/www.hydraulic-cylinders.net\/cs\/wp-json\/wp\/v2\/media\/17878"}],"wp:attachment":[{"href":"https:\/\/www.hydraulic-cylinders.net\/cs\/wp-json\/wp\/v2\/media?parent=19645"}],"wp:term":[{"taxonomy":"product_brand","embeddable":true,"href":"https:\/\/www.hydraulic-cylinders.net\/cs\/wp-json\/wp\/v2\/product_brand?post=19645"},{"taxonomy":"product_cat","embeddable":true,"href":"https:\/\/www.hydraulic-cylinders.net\/cs\/wp-json\/wp\/v2\/product_cat?post=19645"},{"taxonomy":"product_tag","embeddable":true,"href":"https:\/\/www.hydraulic-cylinders.net\/cs\/wp-json\/wp\/v2\/product_tag?post=19645"}],"curies":[{"name":"wp","href":"https:\/\/api.w.org\/{rel}","templated":true}]}}