{"id":19649,"date":"2025-04-07T06:59:31","date_gmt":"2025-04-07T06:59:31","guid":{"rendered":"https:\/\/www.hydraulic-cylinders.net\/product\/boom-cylinder-for-bonny-ce1000-7\/"},"modified":"2025-04-07T06:59:33","modified_gmt":"2025-04-07T06:59:33","slug":"boom-cylinder-for-bonny-ce1000-7","status":"publish","type":"product","link":"https:\/\/www.hydraulic-cylinders.net\/cs\/produkt\/boom-cylinder-for-bonny-ce1000-7\/","title":{"rendered":"V\u00e1lec v\u00fdlo\u017en\u00edku pro Bonny CE1000-7"},"content":{"rendered":"<h1>V\u00e1lec v\u00fdlo\u017en\u00edku pro Bonny CE1000-7<\/h1>\n<h2>Pochopen\u00ed v\u00e1lce v\u00fdlo\u017en\u00edku<\/h2>\n<p>V\u00e1lec v\u00fdlo\u017en\u00edku je d\u016fle\u017eitou hydraulickou sou\u010d\u00e1st\u00ed pou\u017e\u00edvanou v r\u016fzn\u00fdch t\u011b\u017ek\u00fdch stroj\u00edch. Je speci\u00e1ln\u011b navr\u017een pro ovl\u00e1d\u00e1n\u00ed pohybu l\u017e\u00edce v bagrech, rypadlech a \u010deln\u00edch naklada\u010d\u00edch a umo\u017e\u0148uje l\u017e\u00edci zvedat, spou\u0161t\u011bt a nakl\u00e1n\u011bt, co\u017e zefektiv\u0148uje a zefektiv\u0148uje manipulaci s materi\u00e1lem.<\/p>\n<p>Jako typ hydraulick\u00e9ho v\u00e1lce pracuje v\u00e1lec v\u00fdlo\u017en\u00edku s vyu\u017eit\u00edm tlaku hydraulick\u00e9 kapaliny k vytvo\u0159en\u00ed pohybu. Tato funkce je kl\u00ed\u010dov\u00e1 ve stavebnictv\u00ed a zem\u011bd\u011blstv\u00ed, kde je vy\u017eadov\u00e1na p\u0159esn\u00e1 kontrola nad t\u011b\u017ek\u00fdmi b\u0159emeny. Hydraulick\u00fd syst\u00e9m vyu\u017e\u00edv\u00e1 s\u00edlu mechaniky tekutin, co\u017e umo\u017e\u0148uje v\u00e1lci v\u00fdlo\u017en\u00edku bezprobl\u00e9mov\u011b plnit jeho \u00fakoly, a t\u00edm zvy\u0161ovat produktivitu.<\/p>\n<p><img decoding=\"async\" src=\"https:\/\/www.hydraulic-cylinders.net\/wp-content\/uploads\/2025\/04\/songte-company-1.webp\" alt=\"V\u00e1lec v\u00fdlo\u017en\u00edku\"><\/p>\n<h2>Kl\u00ed\u010dov\u00e9 vlastnosti v\u00e1lce v\u00fdlo\u017en\u00edku<\/h2>\n<ul>\n<li><strong>Vysok\u00e1 pevnost a trvanlivost:<\/strong> V\u00e1lec v\u00fdlo\u017en\u00edku, obvykle vyroben\u00fd z vysokopevnostn\u00ed oceli nebo hlin\u00edku, odol\u00e1 vysok\u00fdm tlak\u016fm a t\u011b\u017ek\u00fdm z\u00e1t\u011b\u017e\u00edm. Jeho konstrukce zahrnuje odolnost proti opot\u0159eben\u00ed a korozi, co\u017e prodlu\u017euje jeho \u017eivotnost i v n\u00e1ro\u010dn\u00fdch pracovn\u00edch podm\u00ednk\u00e1ch.<\/li>\n<li><strong>Efektivn\u00ed hydraulick\u00fd provoz:<\/strong> V\u00e1lec vyu\u017e\u00edv\u00e1 tlak hydraulick\u00e9 kapaliny pro plynul\u00e9 vysouv\u00e1n\u00ed a zasouv\u00e1n\u00ed, rychle reaguje na povely obsluhy a poskytuje silnou tla\u010dnou a ta\u017enou s\u00edlu, vhodnou pro manipulaci s t\u011b\u017ek\u00fdmi a slo\u017eit\u00fdmi \u00fakoly.<\/li>\n<li><strong>R\u016fzn\u00e9 typy:<\/strong> V\u00e1lec v\u00fdlo\u017en\u00edku, kter\u00fd je k dispozici v jedno\u010dinn\u00e9m (s hydraulick\u00fdm tlakem v jednom sm\u011bru) nebo dvoj\u010dinn\u00e9m (s hydraulick\u00fdm tlakem v obou sm\u011brech), lze p\u0159izp\u016fsobit r\u016fzn\u00fdm provozn\u00edm pot\u0159eb\u00e1m. N\u011bkter\u00e9 modely jsou teleskopick\u00e9, co\u017e umo\u017e\u0148uje v\u011bt\u0161\u00ed vysunut\u00ed bez zv\u011bt\u0161en\u00ed vn\u011bj\u0161\u00edch rozm\u011br\u016f, co\u017e je ide\u00e1ln\u00ed pro aplikace s omezen\u00fdm prostorem.<\/li>\n<li><strong>Zak\u00e1zkov\u00e1 v\u00fdroba:<\/strong> Jsme schopni tento produkt vyrobit, tak\u017ee na\u0161e v\u00e1lce jsou perfektn\u00ed n\u00e1hradou pro va\u0161e hydraulick\u00e9 pot\u0159eby.<\/li>\n<li><strong>\u0160irok\u00fd rozsah pou\u017eit\u00ed:<\/strong> D\u00edky t\u00e9to v\u0161estrannosti je v\u00e1lec v\u00fdlo\u017en\u00edku vhodn\u00fd pro r\u016fzn\u00e9 t\u011b\u017ek\u00e9 stroje a provozn\u00ed situace.<\/li>\n<\/ul>\n<p><img decoding=\"async\" src=\"https:\/\/www.hydraulic-cylinders.net\/wp-content\/uploads\/2025\/04\/songte-cylinder-head-with-all-kinds-excavator-models.webp\" alt=\"Modely bagr\u016f\"><\/p>\n<h2>Aplikace v\u00e1lce v\u00fdlo\u017en\u00edku<\/h2>\n<h3>Stavebn\u00ed stroje<\/h3>\n<p>V\u00e1lec v\u00fdlo\u017en\u00edku se hojn\u011b pou\u017e\u00edv\u00e1 v bagrech, kde je kl\u00ed\u010dov\u00fd pro kop\u00e1n\u00ed, nakl\u00e1d\u00e1n\u00ed a p\u0159emis\u0165ov\u00e1n\u00ed zeminy nebo suti. Jeho p\u0159esn\u00e9 ovl\u00e1d\u00e1n\u00ed umo\u017e\u0148uje obsluze prov\u00e1d\u011bt p\u0159esn\u00e9 pohyby, co\u017e usnad\u0148uje r\u016fzn\u00e9 stavebn\u00ed \u00fakoly. U rypadlo-naklada\u010d\u016f v\u00e1lec v\u00fdlo\u017en\u00edku nejen pom\u00e1h\u00e1 p\u0159i v\u00fdkopov\u00fdch prac\u00edch, ale tak\u00e9 p\u0159i zved\u00e1n\u00ed materi\u00e1l\u016f, co\u017e z n\u011bj \u010din\u00ed nezbytnou sou\u010d\u00e1st t\u011bchto stroj\u016f.<\/p>\n<h3>Zem\u011bd\u011blsk\u00e9 stroje<\/h3>\n<p>U \u010deln\u00edch naklada\u010d\u016f se v\u00e1lce v\u00fdlo\u017en\u00edku pou\u017e\u00edvaj\u00ed k nab\u00edr\u00e1n\u00ed, zved\u00e1n\u00ed a p\u0159eprav\u011b zeminy, sena a dal\u0161\u00edch materi\u00e1l\u016f. Jejich robustn\u00ed konstrukce zaji\u0161\u0165uje, \u017ee zvl\u00e1dnou i n\u00e1ro\u010dn\u00e9 zem\u011bd\u011blsk\u00e9 pr\u00e1ce, co\u017e zvy\u0161uje efektivitu a produktivitu p\u0159i zem\u011bd\u011blsk\u00fdch \u00fakonech.<\/p>\n<h3>Bagry<\/h3>\n<p>V\u00e1lec v\u00fdlo\u017en\u00edku umo\u017e\u0148uje l\u017e\u00edci efektivn\u011b pronikat do zem\u011b, co\u017e usnad\u0148uje proces kop\u00e1n\u00ed. Tato funkce je kl\u00ed\u010dov\u00e1 ve stavebnictv\u00ed, krajin\u00e1\u0159stv\u00ed a v\u00fdkopov\u00fdch projektech, kde jsou vy\u017eadov\u00e1ny p\u0159esn\u00e9 zemn\u00ed pr\u00e1ce.<\/p>\n<h3>Naklada\u010de<\/h3>\n<p>U \u010deln\u00edch naklada\u010d\u016f pom\u00e1haj\u00ed v\u00e1lce v\u00fdlo\u017en\u00edku efektivn\u011b zvedat a skl\u00e1p\u011bt b\u0159emena. Tato schopnost je nezbytn\u00e1 pro p\u0159epravu materi\u00e1l\u016f na staveni\u0161t\u00edch a zaji\u0161\u0165uje rychl\u00e9 a bezpe\u010dn\u00e9 dokon\u010den\u00ed \u00fakol\u016f.<\/p>\n<h2>Konstruk\u010dn\u00ed aspekty a krit\u00e9ria v\u00fdb\u011bru<\/h2>\n<h3>Nosnost<\/h3>\n<p>Nosnost v\u00e1lce v\u00fdlo\u017en\u00edku je kritick\u00fdm aspektem, kter\u00fd ur\u010duje, kolik hmotnosti m\u016f\u017ee v\u00e1lec bezpe\u010dn\u011b zvednout a s n\u00edm\u017e m\u016f\u017ee man\u00e9vrovat. Spr\u00e1vn\u00e9 posouzen\u00ed nosnosti zaji\u0161\u0165uje, \u017ee v\u00e1lec zvl\u00e1dne specifick\u00e9 po\u017eadovan\u00e9 \u00fakoly bez rizika selh\u00e1n\u00ed nebo po\u0161kozen\u00ed.<\/p>\n<h3>Integrita t\u011bsn\u011bn\u00ed<\/h3>\n<p>\u00da\u010dinn\u00e9 t\u011bsn\u011bn\u00ed je z\u00e1sadn\u00ed pro v\u00fdkon a dlouhou \u017eivotnost v\u00e1lce v\u00fdlo\u017en\u00edku. Vysoce kvalitn\u00ed t\u011bsn\u011bn\u00ed zabra\u0148uje \u00fanik\u016fm hydraulick\u00e9 kapaliny, \u010d\u00edm\u017e zaji\u0161\u0165uje optim\u00e1ln\u00ed provoz a sni\u017euje riziko kontaminace \u017eivotn\u00edho prost\u0159ed\u00ed. Je nutn\u00e9 zvolit vhodn\u00e9 t\u011bsnic\u00ed materi\u00e1ly a technologie, kter\u00e9 odpov\u00eddaj\u00ed pracovn\u00edm podm\u00ednk\u00e1m.<\/p>\n<h3>Trvanlivost<\/h3>\n<p>Trvanlivost zahrnuje schopnost v\u00e1lce v\u00fdlo\u017en\u00edku odol\u00e1vat opot\u0159eben\u00ed v pr\u016fb\u011bhu \u010dasu. To zahrnuje odolnost v\u016f\u010di od\u011bru, korozi a \u00fanav\u011b materi\u00e1lu. V\u00fdb\u011br materi\u00e1l\u016f a povrchov\u00fdch \u00faprav, kter\u00e9 zvy\u0161uj\u00ed odolnost, zajist\u00ed, \u017ee hydraulick\u00fd v\u00e1lec bude spolehliv\u011b fungovat v n\u00e1ro\u010dn\u00fdch podm\u00ednk\u00e1ch.<\/p>\n<h3>Bezpe\u010dnostn\u00ed prvky<\/h3>\n<p>Bezpe\u010dnost je p\u0159i navrhov\u00e1n\u00ed hydraulick\u00fdch v\u00e1lc\u016f prvo\u0159ad\u00e1. Za\u010dlen\u011bn\u00ed prvk\u016f, jako je ochrana proti p\u0159et\u00ed\u017een\u00ed a pojistn\u00e9 ventily, m\u016f\u017ee zabr\u00e1nit nehod\u00e1m a selh\u00e1n\u00ed za\u0159\u00edzen\u00ed a chr\u00e1nit tak obsluhu i stroje. Pochopen\u00ed bezpe\u010dnostn\u00edch po\u017eadavk\u016f a p\u0159edpis\u016f je z\u00e1sadn\u00ed pro shodu n\u00e1vrhu s p\u0159edpisy.<\/p>\n<h3>\u00davahy o \u00fadr\u017eb\u011b<\/h3>\n<p>Navrhov\u00e1n\u00ed s ohledem na \u00fadr\u017ebu znamen\u00e1 zv\u00e1\u017eit, jak snadno lze v\u00e1lec v\u00fdlo\u017en\u00edku servisovat nebo opravovat. Vlastnosti, jako jsou p\u0159\u00edstupn\u00e1 t\u011bsn\u011bn\u00ed, vym\u011bniteln\u00e9 komponenty a jasn\u00e9 pokyny pro \u00fadr\u017ebu, p\u0159isp\u00edvaj\u00ed k efektivn\u00ed \u00fadr\u017eb\u011b, minimalizuj\u00ed prostoje a provozn\u00ed n\u00e1klady.<\/p>\n<p><img decoding=\"async\" src=\"https:\/\/www.hydraulic-cylinders.net\/wp-content\/uploads\/2025\/04\/songte-oil-pipes-and-spare-parts.webp\" alt=\"Olejov\u00e9 trubky a n\u00e1hradn\u00ed d\u00edly\"><\/p>\n<h2>T\u011bsn\u011bn\u00ed a maz\u00e1n\u00ed<\/h2>\n<p>\u00da\u010dinn\u00e9 t\u011bsn\u011bn\u00ed a maz\u00e1n\u00ed jsou nezbytn\u00e9 pro optim\u00e1ln\u00ed v\u00fdkon v\u00e1lce v\u00fdlo\u017en\u00edku. R\u016fzn\u00e1 t\u011bsn\u011bn\u00ed, jako jsou t\u011bsn\u011bn\u00ed p\u00edst\u016f a p\u00edstnic, hraj\u00ed kl\u00ed\u010dovou roli v udr\u017eov\u00e1n\u00ed hydraulick\u00e9ho tlaku a prevenci \u00fanik\u016f. T\u011bsn\u011bn\u00ed vyroben\u00e1 z odoln\u00fdch materi\u00e1l\u016f, jako je polyuretan a nitrilov\u00e1 pry\u017e, zvy\u0161uj\u00ed odolnost proti opot\u0159eben\u00ed.<\/p>\n<p>Povrchy t\u011blesa v\u00e1lce a z\u00e1vitov\u00fdch konc\u016f jsou jemn\u011b opracov\u00e1ny pro zv\u00fd\u0161en\u00ed jejich odolnosti proti opot\u0159eben\u00ed. Krom\u011b toho je nezbytn\u00e9 pravideln\u011b vst\u0159ikovat vhodn\u00fd hydraulick\u00fd olej pro maz\u00e1n\u00ed, \u010d\u00edm\u017e se zajist\u00ed hladk\u00fd chod v\u0161ech pohybliv\u00fdch \u010d\u00e1st\u00ed a sn\u00ed\u017e\u00ed se t\u0159en\u00ed.<\/p>\n<h2>Pravideln\u00e9 kontroly a preventivn\u00ed \u00fadr\u017eba<\/h2>\n<ul>\n<li><strong>Rutinn\u00ed kontroly:<\/strong> Pravideln\u011b kontrolujte v\u00e1lec v\u00fdlo\u017en\u00edku, zda nevykazuje zn\u00e1mky opot\u0159eben\u00ed, net\u011bsnost\u00ed nebo po\u0161kozen\u00ed. V\u010dasn\u00e9 odhalen\u00ed probl\u00e9m\u016f m\u016f\u017ee zabr\u00e1nit z\u00e1va\u017en\u011bj\u0161\u00edm probl\u00e9m\u016fm a n\u00e1kladn\u00fdm oprav\u00e1m.<\/li>\n<li><strong>Vhodn\u00e9 maz\u00e1n\u00ed:<\/strong> Ujist\u011bte se, \u017ee hydraulick\u00fd olej je na spr\u00e1vn\u00e9 hladin\u011b a \u017ee maz\u00e1n\u00ed je prov\u00e1d\u011bno podle pokyn\u016f v\u00fdrobce. T\u00edm se zv\u00fd\u0161\u00ed v\u00fdkon a prodlou\u017e\u00ed \u017eivotnost hydraulick\u00e9ho v\u00e1lce.<\/li>\n<li><strong>V\u00fdm\u011bna t\u011bsn\u011bn\u00ed:<\/strong> T\u011bsn\u011bn\u00ed by m\u011bla b\u00fdt vym\u011b\u0148ov\u00e1na v r\u00e1mci pravideln\u00e9ho pl\u00e1nu \u00fadr\u017eby, aby se zabr\u00e1nilo net\u011bsnostem a udr\u017eela se \u00fa\u010dinnost syst\u00e9mu. Spr\u00e1vn\u00fd v\u00fdb\u011br n\u00e1hradn\u00edch t\u011bsn\u011bn\u00ed je z\u00e1sadn\u00ed pro zachov\u00e1n\u00ed integrity hydraulick\u00e9ho syst\u00e9mu.<\/li>\n<\/ul>\n<h2>Pokyny k instalaci<\/h2>\n<p>P\u0159i instalaci v\u00e1lce v\u00fdlo\u017en\u00edku je nezbytn\u00e9 dodr\u017eovat tyto pokyny, aby byla zaji\u0161t\u011bna spr\u00e1vn\u00e1 funk\u010dnost a \u017eivotnost:<\/p>\n<ul>\n<li><strong>Zarovn\u00e1n\u00ed:<\/strong> Spr\u00e1vn\u011b vyrovnejte v\u00e1lec s mont\u00e1\u017en\u00edmi body, abyste b\u011bhem provozu p\u0159ede\u0161li probl\u00e9m\u016fm s nam\u00e1h\u00e1n\u00edm a nespr\u00e1vn\u00fdm vyrovn\u00e1n\u00edm. Pro dosa\u017een\u00ed spr\u00e1vn\u00e9 polohy pou\u017eijte podle pot\u0159eby podlo\u017eky nebo distan\u010dn\u00ed podlo\u017eky.<\/li>\n<li><strong>Bezpe\u010dn\u00e1 mont\u00e1\u017e:<\/strong> K zaji\u0161t\u011bn\u00ed v\u00e1lce na m\u00edst\u011b pou\u017eijte vhodn\u00e9 mont\u00e1\u017en\u00ed konzoly a spojovac\u00ed materi\u00e1l. Ujist\u011bte se, \u017ee v\u0161echny upev\u0148ovac\u00ed prvky jsou uta\u017eeny podle specifikac\u00ed v\u00fdrobce, aby se zabr\u00e1nilo jejich pohybu b\u011bhem provozu.<\/li>\n<li><strong>Hydraulick\u00e9 p\u0159ipojen\u00ed:<\/strong> Hydraulick\u00e9 potrub\u00ed p\u0159ipojujte opatrn\u011b, abyste p\u0159ede\u0161li net\u011bsnostem. Ujist\u011bte se, \u017ee v\u0161echny spoje jsou ut\u011bsn\u011bny a uta\u017eeny dle specifikac\u00ed v\u00fdrobce, aby byla zachov\u00e1na integrita syst\u00e9mu.<\/li>\n<li><strong>Testov\u00e1n\u00ed:<\/strong> Po instalaci prove\u010fte d\u016fkladnou zkou\u0161ku hydraulick\u00e9ho syst\u00e9mu, abyste zajistili jeho spr\u00e1vn\u00fd provoz. Sledujte p\u0159\u00edpadn\u00e9 net\u011bsnosti, neobvykl\u00e9 zvuky nebo probl\u00e9my s v\u00fdkonem.<\/li>\n<\/ul>\n<p><img decoding=\"async\" src=\"https:\/\/www.hydraulic-cylinders.net\/wp-content\/uploads\/2025\/04\/songte-chushion-collar.webp\" alt=\"Pol\u0161t\u00e1\u0159ov\u00fd l\u00edmec\"><\/p>\n<h2>Bezpe\u010dnostn\u00ed aspekty a faktory prost\u0159ed\u00ed<\/h2>\n<p>P\u0159i pou\u017e\u00edv\u00e1n\u00ed hydraulick\u00fdch v\u00e1lc\u016f je z\u00e1sadn\u00ed up\u0159ednostnit bezpe\u010dnostn\u00ed opat\u0159en\u00ed. Obsluha by m\u011bla b\u00fdt pro\u0161kolena, aby rozum\u011bla fungov\u00e1n\u00ed hydraulick\u00fdch syst\u00e9m\u016f a d\u016fle\u017eitosti dodr\u017eov\u00e1n\u00ed bezpe\u010dnostn\u00edch protokol\u016f b\u011bhem provozu a \u00fadr\u017eby. Pravideln\u00e9 bezpe\u010dnostn\u00ed audity a \u0161kolen\u00ed mohou zm\u00edrnit rizika spojen\u00e1 s hydraulick\u00fdm za\u0159\u00edzen\u00edm.<\/p>\n<h2>Odstra\u0148ov\u00e1n\u00ed probl\u00e9m\u016f a b\u011b\u017en\u00e9 probl\u00e9my<\/h2>\n<ul>\n<li><strong>\u00danik:<\/strong> \u010casto zp\u016fsobeno opot\u0159ebovan\u00fdmi t\u011bsn\u011bn\u00edmi nebo uvoln\u011bn\u00fdmi spoji. Zkontrolujte v\u0161echny hydraulick\u00e9 spoje a t\u011bsn\u011bn\u00ed, zda nejsou po\u0161kozen\u00e9, a v p\u0159\u00edpad\u011b pot\u0159eby je opravte nebo vym\u011b\u0148te.<\/li>\n<li><strong>Pomal\u00fd provoz:<\/strong> M\u016f\u017ee to znamenat n\u00edzkou hladinu hydraulick\u00e9 kapaliny nebo vzduch v syst\u00e9mu. Zkontrolujte hladiny kapalin a odvzdu\u0161n\u011bte syst\u00e9m, abyste odstranili p\u0159\u00edpadn\u00fd zachycen\u00fd vzduch.<\/li>\n<li><strong>Nadm\u011brn\u00fd hluk:<\/strong> \u010casto je to zn\u00e1mka vnit\u0159n\u00edho opot\u0159eben\u00ed nebo kavitace. Prozkoumejte v\u00e1lec a hydraulick\u00fd syst\u00e9m, zda nedo\u0161lo k p\u0159\u00edpadn\u00fdm poruch\u00e1m, a neprodlen\u011b je odstra\u0148te.<\/li>\n<\/ul>\n<p>Pochopen\u00edm t\u011bchto b\u011b\u017en\u00fdch probl\u00e9m\u016f mohou oper\u00e1to\u0159i efektivn\u011b diagnostikovat a \u0159e\u0161it probl\u00e9my a zajistit tak konzistentn\u00ed v\u00fdkon.<\/p>\n<p><img decoding=\"async\" src=\"https:\/\/www.hydraulic-cylinders.net\/wp-content\/uploads\/2025\/04\/songte-bushings-with-all-kinds-of-excavator-models.webp\" alt=\"Pouzdra s modely bagr\u016f\"><\/p>\n<h2>Z\u00e1v\u011br<\/h2>\n<p>Jsme p\u0159edn\u00edm v\u00fdrobcem n\u00e1hradn\u00edch hydraulick\u00fdch v\u00e1lc\u016f a nab\u00edz\u00edme komplexn\u00ed sortiment produkt\u016f, kter\u00e9 uspokoj\u00ed jak dom\u00e1c\u00ed, tak mezin\u00e1rodn\u00ed trhy. N\u00e1\u0161 z\u00e1vazek k dokonalosti a pe\u010dliv\u00e9 strategie \u0159\u00edzen\u00ed v\u00fdroby n\u00e1s \u0159ad\u00ed mezi \u0161pi\u010dkov\u00e9 v\u00fdrobce a velkoobchodn\u00ed distributory hydraulick\u00fdch v\u00e1lc\u016f.<\/p>\n<p>Up\u0159ednost\u0148ujeme kvalitu prost\u0159ednictv\u00edm modern\u00edch v\u00fdrobn\u00edch za\u0159\u00edzen\u00ed a proces\u016f, vyu\u017e\u00edv\u00e1me kvalifikovan\u00e9 pracovn\u00edky a nejmodern\u011bj\u0161\u00ed digit\u00e1ln\u00ed vybaven\u00ed. Na\u0161e zam\u011b\u0159en\u00ed na zaji\u0161t\u011bn\u00ed kvality ve spojen\u00ed s na\u0161\u00ed schopnost\u00ed p\u0159izp\u016fsobit \u0159e\u0161en\u00ed zaji\u0161\u0165uje, \u017ee efektivn\u011b uspokojujeme rozmanit\u00e9 pot\u0159eby z\u00e1kazn\u00edk\u016f.<\/p>\n<p><img decoding=\"async\" src=\"https:\/\/www.hydraulic-cylinders.net\/wp-content\/uploads\/2025\/04\/songte-company-4.webp\" alt=\"P\u0159ehled spole\u010dnosti\"><br \/>\n<img decoding=\"async\" src=\"https:\/\/www.hydraulic-cylinders.net\/wp-content\/uploads\/2025\/04\/songte-company-3.webp\" alt=\"V\u00fdrobn\u00ed z\u00e1vod\"><\/p>\n<p>Autor: lyl<\/p>","protected":false},"excerpt":{"rendered":"<p>Boom Cylinder For Bonny CE1000-7 Understanding the Boom Cylinder The boom cylinder is a vital hydraulic component used in various heavy machinery. Specifically designed for controlling the movement of the bucket in excavators, backhoes, and front loaders, it allows the bucket to lift, lower, and tilt, making material handling tasks efficient and effective. As a [&hellip;]<\/p>","protected":false},"featured_media":17867,"comment_status":"open","ping_status":"closed","template":"","meta":{"_et_pb_use_builder":"","_et_pb_old_content":"","_et_gb_content_width":""},"product_brand":[],"product_cat":[1546],"product_tag":[1547,1496],"class_list":{"0":"post-19649","1":"product","2":"type-product","3":"status-publish","4":"has-post-thumbnail","6":"product_cat-boom-cylinders","7":"product_tag-boom-cylinders","8":"product_tag-hydraulic-cylinders","10":"first","11":"instock","12":"shipping-taxable","13":"product-type-simple"},"amp_enabled":true,"_links":{"self":[{"href":"https:\/\/www.hydraulic-cylinders.net\/cs\/wp-json\/wp\/v2\/product\/19649","targetHints":{"allow":["GET"]}}],"collection":[{"href":"https:\/\/www.hydraulic-cylinders.net\/cs\/wp-json\/wp\/v2\/product"}],"about":[{"href":"https:\/\/www.hydraulic-cylinders.net\/cs\/wp-json\/wp\/v2\/types\/product"}],"replies":[{"embeddable":true,"href":"https:\/\/www.hydraulic-cylinders.net\/cs\/wp-json\/wp\/v2\/comments?post=19649"}],"wp:featuredmedia":[{"embeddable":true,"href":"https:\/\/www.hydraulic-cylinders.net\/cs\/wp-json\/wp\/v2\/media\/17867"}],"wp:attachment":[{"href":"https:\/\/www.hydraulic-cylinders.net\/cs\/wp-json\/wp\/v2\/media?parent=19649"}],"wp:term":[{"taxonomy":"product_brand","embeddable":true,"href":"https:\/\/www.hydraulic-cylinders.net\/cs\/wp-json\/wp\/v2\/product_brand?post=19649"},{"taxonomy":"product_cat","embeddable":true,"href":"https:\/\/www.hydraulic-cylinders.net\/cs\/wp-json\/wp\/v2\/product_cat?post=19649"},{"taxonomy":"product_tag","embeddable":true,"href":"https:\/\/www.hydraulic-cylinders.net\/cs\/wp-json\/wp\/v2\/product_tag?post=19649"}],"curies":[{"name":"wp","href":"https:\/\/api.w.org\/{rel}","templated":true}]}}