{"id":19651,"date":"2025-04-07T06:59:37","date_gmt":"2025-04-07T06:59:37","guid":{"rendered":"https:\/\/www.hydraulic-cylinders.net\/product\/boom-cylinder-for-bonny-wy160ahd\/"},"modified":"2025-04-07T06:59:40","modified_gmt":"2025-04-07T06:59:40","slug":"boom-cylinder-for-bonny-wy160ahd","status":"publish","type":"product","link":"https:\/\/www.hydraulic-cylinders.net\/cs\/produkt\/boom-cylinder-for-bonny-wy160ahd\/","title":{"rendered":"V\u00e1lec v\u00fdlo\u017en\u00edku pro Bonny WY160AHD"},"content":{"rendered":"<h1>V\u00e1lec v\u00fdlo\u017en\u00edku pro Bonny WY160AHD<\/h1>\n<h2>P\u0159ehled produktu<\/h2>\n<p>Hydraulick\u00fd v\u00e1lec v\u00fdlo\u017en\u00edku pro Bonny WY160AHD je specializovan\u00fd hydraulick\u00fd v\u00e1lec ur\u010den\u00fd k ovl\u00e1d\u00e1n\u00ed pohybu v\u00fdlo\u017en\u00edku v r\u016fzn\u00fdch t\u011b\u017ek\u00fdch stroj\u00edch, jako jsou bagry, rypadla-naklada\u010de a \u010deln\u00ed naklada\u010de. Tyto v\u00e1lce umo\u017e\u0148uj\u00ed zved\u00e1n\u00ed, spou\u0161t\u011bn\u00ed a nakl\u00e1p\u011bn\u00ed v\u00fdlo\u017en\u00edku, co\u017e usnad\u0148uje a p\u0159esn\u011b usnad\u0148uje manipulaci s materi\u00e1lem. V\u00e1lec l\u017e\u00edce hraje kl\u00ed\u010dovou roli v hydraulick\u00fdch syst\u00e9mech a poskytuje pot\u0159ebnou s\u00edlu a ovl\u00e1d\u00e1n\u00ed pro efektivn\u00ed provoz v n\u00e1ro\u010dn\u00fdch prost\u0159ed\u00edch.<\/p>\n<p><img decoding=\"async\" src=\"https:\/\/www.hydraulic-cylinders.net\/wp-content\/uploads\/2025\/04\/songte-company-1.webp\" alt=\"V\u00e1lec v\u00fdlo\u017en\u00edku pro Bonny WY160AHD\"><\/p>\n<h3>Definice a funk\u010dnost<\/h3>\n<p>Hydraulick\u00fd v\u00e1lec l\u017e\u00edce je typ hydraulick\u00e9ho v\u00e1lce speci\u00e1ln\u011b navr\u017een\u00e9ho pro \u0159\u00edzen\u00ed pohybu l\u017e\u00edce u t\u011b\u017ek\u00fdch stroj\u016f. U bagr\u016f umo\u017e\u0148uje p\u0159esn\u00e9 kop\u00e1n\u00ed, zved\u00e1n\u00ed a nakl\u00e1p\u011bn\u00ed l\u017e\u00edce, co\u017e umo\u017e\u0148uje efektivn\u00ed v\u00fdkop a p\u0159epravu materi\u00e1lu. Konstrukce t\u011bchto v\u00e1lc\u016f obvykle zaji\u0161\u0165uje vysokou odolnost a spolehlivost a optim\u00e1ln\u00ed v\u00fdkon za podm\u00ednek vysok\u00e9ho tlaku.<\/p>\n<h2>Vlastnosti v\u00e1lce v\u00fdlo\u017en\u00edku<\/h2>\n<ul>\n<li><strong>Vysok\u00e1 pevnost a trvanlivost:<\/strong> Tyto v\u00e1lce, vyroben\u00e9 z vysokopevnostn\u00ed oceli nebo hlin\u00edku, odol\u00e1vaj\u00ed vysok\u00e9mu tlaku a velk\u00e9mu zat\u00ed\u017een\u00ed, tak\u017ee jsou vhodn\u00e9 pro n\u00e1ro\u010dn\u00e9 pracovn\u00ed prost\u0159ed\u00ed. Jejich konstrukce zohled\u0148uje odolnost proti opot\u0159eben\u00ed a korozi, aby se prodlou\u017eila jejich \u017eivotnost.<\/li>\n<li><strong>Efektivn\u00ed hydraulick\u00fd provoz:<\/strong> Tyto v\u00e1lce vyu\u017e\u00edvaj\u00ed hydraulick\u00fd tlak oleje pro plynul\u00e9 vysouv\u00e1n\u00ed a zasouv\u00e1n\u00ed, rychle reaguj\u00ed na \u0159\u00eddic\u00ed povely a poskytuj\u00ed zna\u010dnou tla\u010dnou a ta\u017enou s\u00edlu, ide\u00e1ln\u00ed pro zvl\u00e1d\u00e1n\u00ed t\u011b\u017ek\u00fdch a slo\u017eit\u00fdch \u00fakol\u016f.<\/li>\n<li><strong>R\u016fzn\u00e9 typy:<\/strong> K dispozici jsou jedno\u010dinn\u00e9 (ovl\u00e1daj\u00edc\u00ed v jednom sm\u011bru) a dvoj\u010dinn\u00e9 (ob\u011b sm\u011bry) v\u00e1lce, kter\u00e9 spl\u0148uj\u00ed r\u016fzn\u00e9 provozn\u00ed po\u017eadavky. N\u011bkter\u00e9 modely jsou teleskopick\u00e9, co\u017e umo\u017e\u0148uje v\u011bt\u0161\u00ed v\u00fdsuv bez zv\u011bt\u0161en\u00ed vn\u011bj\u0161\u00edch rozm\u011br\u016f, a jsou vhodn\u00e9 pro aplikace s omezen\u00fdm prostorem.<\/li>\n<li><strong>P\u0159izp\u016fsobiteln\u00e1 \u0159e\u0161en\u00ed:<\/strong> Na\u0161e v\u00fdrobn\u00ed kapacity n\u00e1m umo\u017e\u0148uj\u00ed vyr\u00e1b\u011bt v\u00e1lce, kter\u00e9 dokonale nahrazuj\u00ed st\u00e1vaj\u00edc\u00ed hydraulick\u00e9 v\u00e1lce a zaji\u0161\u0165uj\u00ed tak bezprobl\u00e9movou integraci do va\u0161eho za\u0159\u00edzen\u00ed.<\/li>\n<li><strong>Robustn\u00ed konstrukce:<\/strong> Konstrukce t\u011bchto v\u00e1lc\u016f zohled\u0148uje faktory, jako je nosnost, t\u011bsn\u011bn\u00ed, trvanlivost, bezpe\u010dnost a \u00fadr\u017eba, a zaji\u0161\u0165uje tak spolehliv\u00fd v\u00fdkon nap\u0159\u00ed\u010d aplikacemi.<\/li>\n<\/ul>\n<p><img decoding=\"async\" src=\"https:\/\/www.hydraulic-cylinders.net\/wp-content\/uploads\/2025\/04\/songte-cylinder-head-with-all-kinds-excavator-models.webp\" alt=\"Hlava v\u00e1lc\u016f pro bagry\"><\/p>\n<h2>Aplikace v\u00e1lce v\u00fdlo\u017en\u00edku<\/h2>\n<h3>Stavebn\u00ed stroje<\/h3>\n<p>U bagr\u016f jsou v\u00e1lce v\u00fdlo\u017en\u00edku nezbytn\u00e9 pro kop\u00e1n\u00ed, nakl\u00e1d\u00e1n\u00ed a p\u0159emis\u0165ov\u00e1n\u00ed zeminy nebo suti. Poskytuj\u00ed pot\u0159ebnou s\u00edlu pro efektivn\u00ed manipulaci s v\u00fdlo\u017en\u00edkem, co\u017e umo\u017e\u0148uje obsluze prov\u00e1d\u011bt \u0159adu \u00fakol\u016f s p\u0159esnost\u00ed. Schopnost v\u00fdlo\u017en\u00edku zvedat t\u011b\u017ek\u00e1 b\u0159emena je ve stavebn\u00edch projektech kl\u00ed\u010dov\u00e1, proto\u017ee zaji\u0161\u0165uje efektivitu a produktivitu.<\/p>\n<h3>Zem\u011bd\u011blsk\u00e9 stroje<\/h3>\n<p>V\u00e1lce v\u00fdlo\u017en\u00edku, pou\u017e\u00edvan\u00e9 v \u010deln\u00edch naklada\u010d\u00edch, usnad\u0148uj\u00ed nab\u00edr\u00e1n\u00ed, zved\u00e1n\u00ed a p\u0159epravu materi\u00e1l\u016f, jako je zemina a seno. Jejich robustn\u00ed konstrukce zaji\u0161\u0165uje spolehliv\u00fd provoz p\u0159i r\u016fzn\u00fdch zem\u011bd\u011blsk\u00fdch \u00fakonech a v\u00fdrazn\u011b zvy\u0161uje produktivitu na farm\u00e1ch.<\/p>\n<h3>Bagry<\/h3>\n<p>U bagr\u016f umo\u017e\u0148uj\u00ed v\u00e1lce v\u00fdlo\u017en\u00edku rypadla t\u00edm, \u017ee umo\u017e\u0148uj\u00ed l\u017e\u00edci proniknout do p\u016fdy. Jejich konstrukce maximalizuje hydraulickou \u00fa\u010dinnost a poskytuje v\u00fdkon pot\u0159ebn\u00fd k efektivn\u00edmu v\u00fdkopu materi\u00e1l\u016f, \u010d\u00edm\u017e se zlep\u0161uje celkov\u00fd v\u00fdkon stroje.<\/p>\n<h3>Naklada\u010de<\/h3>\n<p>U \u010deln\u00edch naklada\u010d\u016f pom\u00e1haj\u00ed v\u00e1lce v\u00fdlo\u017en\u00edku efektivn\u011b zvedat a vykl\u00e1p\u011bt b\u0159emena. Jejich schopnost manipulovat s t\u011b\u017ek\u00fdmi materi\u00e1ly je \u010din\u00ed nezbytn\u00fdmi ve stavebnictv\u00ed a manipulaci s materi\u00e1lem, co\u017e zaji\u0161\u0165uje rychl\u00e9 a efektivn\u00ed dokon\u010den\u00ed \u00fakol\u016f.<\/p>\n<h2>Konstruk\u010dn\u00ed aspekty a krit\u00e9ria v\u00fdb\u011bru<\/h2>\n<h3>Nosnost<\/h3>\n<p>P\u0159i v\u00fdb\u011bru v\u00e1lce v\u00fdlo\u017en\u00edku je nosnost kritick\u00fdm aspektem. V\u00e1lec mus\u00ed b\u00fdt schopen zvl\u00e1dnout maxim\u00e1ln\u00ed zat\u00ed\u017een\u00ed, kter\u00e9mu bude stroj \u010delit. To vy\u017eaduje pe\u010dliv\u00e9 konstruk\u010dn\u00ed \u0159e\u0161en\u00ed, aby se zajistilo, \u017ee pou\u017eit\u00e9 materi\u00e1ly odolaj\u00ed sil\u00e1m p\u016fsob\u00edc\u00edm b\u011bhem provozu bez deformace nebo selh\u00e1n\u00ed.<\/p>\n<h3>T\u011bsn\u011bn\u00ed<\/h3>\n<p>T\u011bsn\u011bn\u00ed je dal\u0161\u00edm d\u016fle\u017eit\u00fdm faktorem. \u00da\u010dinn\u00e1 t\u011bsn\u011bn\u00ed zabra\u0148uj\u00ed \u00faniku hydraulick\u00e9 kapaliny a kontaminaci, co\u017e m\u016f\u017ee ohrozit v\u00fdkon a bezpe\u010dnost. Vysoce kvalitn\u00ed t\u011bsn\u011bn\u00ed vyroben\u00e1 z materi\u00e1l\u016f, jako je polyuretan nebo nitrilov\u00e1 pry\u017e, jsou kl\u00ed\u010dov\u00e1 pro udr\u017een\u00ed integrity hydraulick\u00e9ho syst\u00e9mu.<\/p>\n<h3>Trvanlivost<\/h3>\n<p>Trvanlivost v\u00e1lce v\u00fdlo\u017en\u00edku je z\u00e1sadn\u00ed, zejm\u00e9na v n\u00e1ro\u010dn\u00fdch podm\u00ednk\u00e1ch. M\u011bl by odol\u00e1vat opot\u0159eben\u00ed v d\u016fsledku neust\u00e1l\u00e9ho pou\u017e\u00edv\u00e1n\u00ed a vystaven\u00ed drsn\u00fdm podm\u00ednk\u00e1m. To zahrnuje od\u011br od ne\u010distot a \u00falomk\u016f, stejn\u011b jako korozi zp\u016fsobenou vlhkost\u00ed a chemik\u00e1liemi.<\/p>\n<h3>Bezpe\u010dnost<\/h3>\n<p>Bezpe\u010dnostn\u00ed prvky mus\u00ed b\u00fdt integrov\u00e1ny do konstrukce v\u00e1lc\u016f v\u00fdlo\u017en\u00edku, aby se p\u0159ede\u0161lo nehod\u00e1m. Pat\u0159\u00ed sem mechanismy ochrany proti p\u0159et\u00ed\u017een\u00ed a pojistn\u00e9 ventily, kter\u00e9 mohou zabr\u00e1nit p\u0159ekro\u010den\u00ed bezpe\u010dn\u00fdch provozn\u00edch limit\u016f syst\u00e9mu, a t\u00edm zajistit bezpe\u010dnost obsluhy i dlouhou \u017eivotnost za\u0159\u00edzen\u00ed.<\/p>\n<h3>Udr\u017eovatelnost<\/h3>\n<p>D\u016fle\u017eit\u00fdm faktorem je i snadn\u00e1 \u00fadr\u017eba. Konstrukce, kter\u00e1 zjednodu\u0161uje kontroly, maz\u00e1n\u00ed a v\u00fdm\u011bnu t\u011bsn\u011bn\u00ed, povede k ni\u017e\u0161\u00edm prostoj\u016fm a n\u00e1klad\u016fm na \u00fadr\u017ebu. V\u00fdrobci by m\u011bli up\u0159ednost\u0148ovat konstrukce, kter\u00e9 umo\u017e\u0148uj\u00ed snadn\u00fd p\u0159\u00edstup ke kritick\u00fdm komponent\u016fm.<\/p>\n<p><img decoding=\"async\" src=\"https:\/\/www.hydraulic-cylinders.net\/wp-content\/uploads\/2025\/04\/songte-oil-pipes-and-spare-parts.webp\" alt=\"Hydraulick\u00e9 komponenty\"><\/p>\n<h2>T\u011bsn\u011bn\u00ed a maz\u00e1n\u00ed<\/h2>\n<p>\u00da\u010dinnost v\u00e1lc\u016f v\u00fdlo\u017en\u00edku do zna\u010dn\u00e9 m\u00edry z\u00e1vis\u00ed na spr\u00e1vn\u00e9m t\u011bsn\u011bn\u00ed a maz\u00e1n\u00ed. R\u016fzn\u00e9 t\u011bsnic\u00ed komponenty, jako jsou t\u011bsn\u011bn\u00ed p\u00edst\u016f a p\u00edstnic, jsou kl\u00ed\u010dov\u00e9 pro udr\u017een\u00ed hydraulick\u00e9ho tlaku a prevenci \u00fanik\u016f. T\u011bsn\u011bn\u00ed jsou obvykle vyrobena z materi\u00e1l\u016f odoln\u00fdch proti opot\u0159eben\u00ed, jako je polyuretan nebo nitrilov\u00e1 pry\u017e, kter\u00e9 nab\u00edzej\u00ed vynikaj\u00edc\u00ed odolnost v\u016f\u010di n\u00e1ro\u010dn\u00fdm provozn\u00edm podm\u00ednk\u00e1m, kter\u00fdm hydraulick\u00e9 v\u00e1lce \u010dasto \u010del\u00ed. Povrchy t\u011blesa v\u00e1lce a z\u00e1vitov\u00e9 konce jsou nav\u00edc jemn\u011b opracov\u00e1ny pro zv\u00fd\u0161en\u00ed odolnosti proti opot\u0159eben\u00ed, co\u017e p\u0159isp\u00edv\u00e1 k celkov\u00e9 spolehlivosti v\u00e1lce.<\/p>\n<p>Pravideln\u00e9 maz\u00e1n\u00ed je tak\u00e9 nezbytn\u00e9. Obsluha by m\u011bla pravideln\u011b pl\u0148ovat hydraulick\u00fd syst\u00e9m vhodn\u00fdm hydraulick\u00fdm olejem, aby se zajistilo hladk\u00e9 fungov\u00e1n\u00ed v\u0161ech pohybliv\u00fdch \u010d\u00e1st\u00ed a minimalizovalo se t\u0159en\u00ed. Tento postup prodlu\u017euje \u017eivotnost v\u00e1lce a udr\u017euje optim\u00e1ln\u00ed v\u00fdkon.<\/p>\n<h2>Preventivn\u00ed \u00fadr\u017ebov\u00e1 opat\u0159en\u00ed<\/h2>\n<ul>\n<li><strong>Pravideln\u00e9 kontroly:<\/strong> Napl\u00e1nujte si \u010dast\u00e9 kontroly, abyste odhalili jak\u00e9koli zn\u00e1mky opot\u0159eben\u00ed, net\u011bsnosti nebo po\u0161kozen\u00ed. V\u010dasn\u00e9 odhalen\u00ed probl\u00e9m\u016f m\u016f\u017ee zabr\u00e1nit vzniku z\u00e1va\u017en\u011bj\u0161\u00edch probl\u00e9m\u016f.<\/li>\n<li><strong>Vhodn\u00e9 maz\u00e1n\u00ed:<\/strong> Zajist\u011bte udr\u017eov\u00e1n\u00ed hladiny hydraulick\u00e9 kapaliny a pravideln\u00e9 maz\u00e1n\u00ed syst\u00e9mu, aby se sn\u00ed\u017eilo t\u0159en\u00ed a opot\u0159eben\u00ed pohybliv\u00fdch \u010d\u00e1st\u00ed.<\/li>\n<li><strong>V\u00fdm\u011bna t\u011bsn\u011bn\u00ed:<\/strong> Sledujte stav t\u011bsn\u011bn\u00ed a v p\u0159\u00edpad\u011b pot\u0159eby je vym\u011b\u0148ujte, abyste zabr\u00e1nili net\u011bsnostem a udr\u017eeli hydraulickou \u00fa\u010dinnost.<\/li>\n<\/ul>\n<h2>Pokyny k instalaci<\/h2>\n<p>Spr\u00e1vn\u00e1 instalace v\u00e1lce v\u00fdlo\u017en\u00edku je z\u00e1sadn\u00ed pro optim\u00e1ln\u00ed provoz a dlouhou \u017eivotnost. Za\u010dn\u011bte t\u00edm, \u017ee se ujist\u00edte, \u017ee mont\u00e1\u017en\u00ed body na stroji jsou \u010dist\u00e9 a bez ne\u010distot. V\u00e1lec pe\u010dliv\u011b vyrovnejte a dbejte na to, aby byl rovn\u00fd, aby nedo\u0161lo k jak\u00e9mukoli nespr\u00e1vn\u00e9mu vyrovn\u00e1n\u00ed, kter\u00e9 by mohlo v\u00e9st k p\u0159ed\u010dasn\u00e9mu opot\u0159eben\u00ed nebo poru\u0161e. K zaji\u0161t\u011bn\u00ed v\u00e1lce na m\u00edst\u011b pou\u017eijte vhodn\u00e9 mont\u00e1\u017en\u00ed konzoly a zajist\u011bte jeho pevn\u00e9 uchycen\u00ed.<\/p>\n<p>V\u017edy se \u0159i\u010fte specifikacemi v\u00fdrobce ohledn\u011b nastaven\u00ed utahovac\u00edho momentu a p\u0159\u00edpadn\u00fdch specifick\u00fdch po\u017eadavk\u016f na instalaci. Po instalaci prove\u010fte testy, abyste se ujistili, \u017ee v\u00e1lec funguje hladce a bez \u00fanik\u016f. Nakonec zdokumentujte proces instalace a ve\u0161ker\u00e9 proveden\u00e9 \u00fapravy pro budouc\u00ed pou\u017eit\u00ed.<\/p>\n<h2>B\u011b\u017en\u00e9 \u00fakoly \u00fadr\u017eby<\/h2>\n<h3>Pravideln\u00e9 kontroly<\/h3>\n<p>Prov\u00e1d\u011bn\u00ed pravideln\u00fdch kontrol je z\u00e1sadn\u00ed pro identifikaci potenci\u00e1ln\u00edch probl\u00e9m\u016f d\u0159\u00edve, ne\u017e se stanou v\u00e1\u017en\u00fdmi. Hledejte zn\u00e1mky opot\u0159eben\u00ed, jako jsou praskliny nebo deformace ve v\u00e1lci, a kontrolujte hladiny hydraulick\u00e9 kapaliny, abyste se ujistili, \u017ee jsou v doporu\u010den\u00e9m rozsahu. Kontroly by m\u011bly b\u00fdt napl\u00e1nov\u00e1ny v pravideln\u00fdch intervalech, aby byla zachov\u00e1na integrita a v\u00fdkonnost v\u00e1lce v\u00fdlo\u017en\u00edku.<\/p>\n<h3>Vhodn\u00e9 maz\u00e1n\u00ed<\/h3>\n<p>Spr\u00e1vn\u00e9 maz\u00e1n\u00ed je nezbytn\u00e9 pro prodlou\u017een\u00ed \u017eivotnosti v\u00e1lce v\u00fdlo\u017en\u00edku. Zajist\u011bte dostate\u010dnou hladinu hydraulick\u00e9ho oleje a pravidelnou \u00fadr\u017ebu mazac\u00edch m\u00edst. Mus\u00ed b\u00fdt pou\u017eit spr\u00e1vn\u00fd typ hydraulick\u00e9ho oleje a obsluha by m\u011bla dodr\u017eovat doporu\u010den\u00ed v\u00fdrobce, aby se p\u0159ede\u0161lo po\u0161kozen\u00ed a zajistil se plynul\u00fd provoz.<\/p>\n<h3>V\u00fdm\u011bna t\u011bsn\u011bn\u00ed<\/h3>\n<p>T\u011bsn\u011bn\u00ed jsou kl\u00ed\u010dov\u00e1 pro udr\u017een\u00ed hydraulick\u00e9ho tlaku a prevenci \u00fanik\u016f. Pravideln\u011b kontrolujte t\u011bsn\u011bn\u00ed, zda nevykazuj\u00ed zn\u00e1mky opot\u0159eben\u00ed nebo po\u0161kozen\u00ed, a v p\u0159\u00edpad\u011b pot\u0159eby je vym\u011b\u0148te. To pom\u016f\u017ee udr\u017eet \u00fa\u010dinnost hydraulick\u00e9ho syst\u00e9mu a zabr\u00e1nit n\u00e1kladn\u00fdm oprav\u00e1m v d\u016fsledku \u00fanik\u016f kapalin. Veden\u00ed z\u00e1znam\u016f o v\u00fdm\u011bn\u00e1ch t\u011bsn\u011bn\u00ed pom\u016f\u017ee sledovat \u00fasil\u00ed \u00fadr\u017eby.<\/p>\n<p><img decoding=\"async\" src=\"https:\/\/www.hydraulic-cylinders.net\/wp-content\/uploads\/2025\/04\/songte-chushion-collar.webp\" alt=\"Pol\u0161t\u00e1\u0159ov\u00fd l\u00edmec\"><\/p>\n<h2>Bezpe\u010dnostn\u00ed aspekty a faktory prost\u0159ed\u00ed<\/h2>\n<p>P\u0159i obsluze hydraulick\u00fdch syst\u00e9m\u016f jsou bezpe\u010dnostn\u00ed opat\u0159en\u00ed prvo\u0159ad\u00e1. Obsluha by m\u011bla v\u017edy dodr\u017eovat bezpe\u010dnostn\u00ed protokoly, v\u010detn\u011b no\u0161en\u00ed vhodn\u00fdch osobn\u00edch ochrann\u00fdch prost\u0159edk\u016f (OOP) a zaji\u0161t\u011bn\u00ed toho, aby v\u0161ichni zam\u011bstnanci znali provozn\u00ed postupy. Pro prevenci nehod a zaji\u0161t\u011bn\u00ed bezpe\u010dn\u00e9ho provozu stroj\u016f vybaven\u00fdch v\u00e1lci v\u00fdlo\u017en\u00edku je nezbytn\u00e9 \u0159\u00e1dn\u00e9 \u0161kolen\u00ed.<\/p>\n<p>V\u00fdznamnou roli v provozu a \u017eivotnosti hydraulick\u00fdch v\u00e1lc\u016f hraj\u00ed tak\u00e9 faktory prost\u0159ed\u00ed. Obsluha mus\u00ed zv\u00e1\u017eit teplotn\u00ed extr\u00e9my, vystaven\u00ed vlhkosti a potenci\u00e1ln\u00ed kontaminanty v provozn\u00edm prost\u0159ed\u00ed. Zaveden\u00ed ochrann\u00fdch opat\u0159en\u00ed, jako je pou\u017eit\u00ed kryt\u016f nebo v\u00fdb\u011br vhodn\u00fdch materi\u00e1l\u016f, m\u016f\u017ee tato rizika zm\u00edrnit.<\/p>\n<h2>Diagnostika z\u00e1vad a b\u011b\u017en\u00e9 probl\u00e9my<\/h2>\n<ul>\n<li><strong>\u00danik:<\/strong> Pokud doch\u00e1z\u00ed k \u00faniku hydraulick\u00e9 kapaliny, zkontrolujte t\u011bsn\u011bn\u00ed a spoje, zda nejsou po\u0161kozen\u00e9. Vym\u011b\u0148te v\u0161echny vadn\u00e9 sou\u010d\u00e1sti, abyste obnovili integritu syst\u00e9mu.<\/li>\n<li><strong>Nekonzistentn\u00ed provoz:<\/strong> Pokud se v\u00e1lec nevysouv\u00e1 ani nezasouv\u00e1 plynule, zkontrolujte, zda nejsou hydraulick\u00e9 potrub\u00ed ucpan\u00e9, a ujist\u011bte se, \u017ee je v syst\u00e9mu dostate\u010dn\u00e9 mno\u017estv\u00ed hydraulick\u00e9 kapaliny.<\/li>\n<li><strong>Neobvykl\u00e9 zvuky:<\/strong> Zvuky podobn\u00e9 sk\u0159\u00edp\u00e1n\u00ed nebo cink\u00e1n\u00ed mohou nazna\u010dovat vnit\u0159n\u00ed po\u0161kozen\u00ed nebo opot\u0159eben\u00ed. Zkontrolujte v\u00e1lec, zda nevykazuje zn\u00e1mky mechanick\u00e9ho selh\u00e1n\u00ed nebo opot\u0159eben\u00ed.<\/li>\n<\/ul>\n<h2>Tipy pro \u0159e\u0161en\u00ed probl\u00e9m\u016f<\/h2>\n<p>Aby bylo mo\u017en\u00e9 efektivn\u011b diagnostikovat a \u0159e\u0161it probl\u00e9my, m\u011bli by oper\u00e1to\u0159i zachovat systematick\u00fd p\u0159\u00edstup. Za\u010dn\u011bte vizu\u00e1ln\u00ed kontrolou hydraulick\u00e9ho syst\u00e9mu a hledejte net\u011bsnosti nebo zjevn\u00e9 po\u0161kozen\u00ed. Pokud je zji\u0161t\u011bn probl\u00e9m, \u0159i\u010fte se pokyny v\u00fdrobce pro odstra\u0148ov\u00e1n\u00ed probl\u00e9m\u016f a postupy oprav. Pravideln\u00e9 \u0161kolen\u00ed o b\u011b\u017en\u00fdch probl\u00e9mech a jejich \u0159e\u0161en\u00edch m\u016f\u017ee oper\u00e1tor\u016fm pomoci zvl\u00e1dat drobn\u00e9 probl\u00e9my d\u0159\u00edve, ne\u017e se z nich stanou v\u011bt\u0161\u00ed opravy.<\/p>\n<p>Zav\u00e1d\u011bn\u00ed preventivn\u00edch opat\u0159en\u00ed, jako je pl\u00e1novan\u00e1 \u00fadr\u017eba a pravideln\u00e9 kontroly, m\u016f\u017ee pomoci minimalizovat potenci\u00e1ln\u00ed probl\u00e9my a zajistit hladk\u00fd provoz v\u00e1lce v\u00fdlo\u017en\u00edku.<\/p>\n<p><img decoding=\"async\" src=\"https:\/\/www.hydraulic-cylinders.net\/wp-content\/uploads\/2025\/04\/songte-bushings-with-all-kinds-of-excavator-models.webp\" alt=\"Pouzdra pro bagry\"><\/p>\n<h2>O na\u0161\u00ed spole\u010dnosti<\/h2>\n<p>Jsme p\u0159edn\u00edm v\u00fdrobcem a velkoobchodn\u00edm distributorem n\u00e1hradn\u00edch hydraulick\u00fdch v\u00e1lc\u016f s komplexn\u00ed nab\u00eddkou produkt\u016f. N\u00e1\u0161 z\u00e1vazek k v\u00fdjime\u010dn\u00e9 kvalit\u011b n\u00e1s etabloval jako p\u0159edn\u00edho hr\u00e1\u010de na dom\u00e1c\u00edm i mezin\u00e1rodn\u00edm trhu. Dodr\u017eujeme propracovanou, industrializovanou strategii \u0159\u00edzen\u00ed v\u00fdroby, kter\u00e1 se zam\u011b\u0159uje na excelenci a efektivitu.<\/p>\n<p>N\u00e1\u0161 t\u00fdm se skl\u00e1d\u00e1 ze zku\u0161en\u00fdch profesion\u00e1l\u016f vybaven\u00fdch pokro\u010dil\u00fdmi technologiemi digit\u00e1ln\u00ed v\u00fdroby a profesion\u00e1ln\u00edmi testovac\u00edmi syst\u00e9my. To zaji\u0161\u0165uje, \u017ee neust\u00e1le vylep\u0161ujeme na\u0161i v\u00fdrobn\u00ed platformu a zdokonalujeme v\u00fdrobn\u00ed postupy pro zaji\u0161t\u011bn\u00ed kvality na\u0161ich produkt\u016f. Na\u0161e robustn\u00ed kreativn\u00ed schopnosti n\u00e1m umo\u017e\u0148uj\u00ed uspokojovat rozmanit\u00e9 po\u017eadavky z\u00e1kazn\u00edk\u016f s vysokou efektivitou, p\u0159esnost\u00ed a kvalitou.<\/p>\n<p><img decoding=\"async\" src=\"https:\/\/www.hydraulic-cylinders.net\/wp-content\/uploads\/2025\/04\/songte-company-4.webp\" alt=\"P\u0159ehled spole\u010dnosti\"><br \/>\n<img decoding=\"async\" src=\"https:\/\/www.hydraulic-cylinders.net\/wp-content\/uploads\/2025\/04\/songte-company-3.webp\" alt=\"V\u00fdrobn\u00ed z\u00e1vod\"><\/p>\n<p>Nab\u00edz\u00edme specializovan\u00e9 slu\u017eby v\u010detn\u011b zak\u00e1zkov\u00fdch \u0159e\u0161en\u00ed, podlo\u017een\u00e9 mezin\u00e1rodn\u00edmi certifikacemi, kter\u00e9 potvrzuj\u00ed n\u00e1\u0161 z\u00e1vazek ke kvalit\u011b a bezpe\u010dnosti. Na\u0161e nejmodern\u011bj\u0161\u00ed v\u00fdrobn\u00ed za\u0159\u00edzen\u00ed zaji\u0161\u0165uje, \u017ee ka\u017ed\u00fd produkt spl\u0148uje p\u0159\u00edsn\u00e9 oborov\u00e9 standardy, zat\u00edmco n\u00e1\u0161 specializovan\u00fd poprodejn\u00ed servis zaru\u010duje spokojenost a podporu z\u00e1kazn\u00edk\u016f.<\/p>\n<p>Autor: lyl<\/p>","protected":false},"excerpt":{"rendered":"<p>Boom Cylinder For Bonny WY160AHD Product Overview The Boom Cylinder for Bonny WY160AHD is a specialized hydraulic cylinder designed to control the movement of the boom in various heavy machinery such as excavators, backhoe loaders, and front loaders. These cylinders enable the boom to lift, lower, and tilt, facilitating material handling tasks with ease and [&hellip;]<\/p>","protected":false},"featured_media":17869,"comment_status":"open","ping_status":"closed","template":"","meta":{"_et_pb_use_builder":"","_et_pb_old_content":"","_et_gb_content_width":""},"product_brand":[],"product_cat":[1546],"product_tag":[1547,1496],"class_list":{"0":"post-19651","1":"product","2":"type-product","3":"status-publish","4":"has-post-thumbnail","6":"product_cat-boom-cylinders","7":"product_tag-boom-cylinders","8":"product_tag-hydraulic-cylinders","10":"first","11":"instock","12":"shipping-taxable","13":"product-type-simple"},"amp_enabled":true,"_links":{"self":[{"href":"https:\/\/www.hydraulic-cylinders.net\/cs\/wp-json\/wp\/v2\/product\/19651","targetHints":{"allow":["GET"]}}],"collection":[{"href":"https:\/\/www.hydraulic-cylinders.net\/cs\/wp-json\/wp\/v2\/product"}],"about":[{"href":"https:\/\/www.hydraulic-cylinders.net\/cs\/wp-json\/wp\/v2\/types\/product"}],"replies":[{"embeddable":true,"href":"https:\/\/www.hydraulic-cylinders.net\/cs\/wp-json\/wp\/v2\/comments?post=19651"}],"wp:featuredmedia":[{"embeddable":true,"href":"https:\/\/www.hydraulic-cylinders.net\/cs\/wp-json\/wp\/v2\/media\/17869"}],"wp:attachment":[{"href":"https:\/\/www.hydraulic-cylinders.net\/cs\/wp-json\/wp\/v2\/media?parent=19651"}],"wp:term":[{"taxonomy":"product_brand","embeddable":true,"href":"https:\/\/www.hydraulic-cylinders.net\/cs\/wp-json\/wp\/v2\/product_brand?post=19651"},{"taxonomy":"product_cat","embeddable":true,"href":"https:\/\/www.hydraulic-cylinders.net\/cs\/wp-json\/wp\/v2\/product_cat?post=19651"},{"taxonomy":"product_tag","embeddable":true,"href":"https:\/\/www.hydraulic-cylinders.net\/cs\/wp-json\/wp\/v2\/product_tag?post=19651"}],"curies":[{"name":"wp","href":"https:\/\/api.w.org\/{rel}","templated":true}]}}