{"id":19655,"date":"2025-04-07T07:00:01","date_gmt":"2025-04-07T07:00:01","guid":{"rendered":"https:\/\/www.hydraulic-cylinders.net\/product\/boom-cylinder-for-bonny-cee2200-7\/"},"modified":"2025-04-07T07:00:04","modified_gmt":"2025-04-07T07:00:04","slug":"boom-cylinder-for-bonny-cee2200-7","status":"publish","type":"product","link":"https:\/\/www.hydraulic-cylinders.net\/cs\/produkt\/boom-cylinder-for-bonny-cee2200-7\/","title":{"rendered":"V\u00e1lec v\u00fdlo\u017en\u00edku pro Bonny CEE2200-7"},"content":{"rendered":"<h1>V\u00e1lec v\u00fdlo\u017en\u00edku pro Bonny CEE2200-7<\/h1>\n<h2>P\u0159ehled produktu<\/h2>\n<p>Hydraulick\u00fd v\u00e1lec v\u00fdlo\u017en\u00edku pro Bonny CEE2200-7 je nezbytn\u00fd hydraulick\u00fd v\u00e1lec navr\u017een\u00fd speci\u00e1ln\u011b pro ovl\u00e1d\u00e1n\u00ed pohybu l\u017e\u00edce v r\u016fzn\u00fdch aplikac\u00edch t\u011b\u017ek\u00e9 techniky. Tento typ v\u00e1lce je ned\u00edlnou sou\u010d\u00e1st\u00ed provozu za\u0159\u00edzen\u00ed, jako jsou rypadla, r\u00fdpadlo-naklada\u010de a \u010deln\u00ed naklada\u010de. Umo\u017e\u0148uje l\u017e\u00edci zvedat, spou\u0161t\u011bt a nakl\u00e1n\u011bt, co\u017e usnad\u0148uje efektivn\u00ed manipulaci s materi\u00e1lem.<\/p>\n<p>Hydraulick\u00e9 v\u00e1lce kore\u010dk\u016f jsou hydraulick\u00e9 aktu\u00e1tory, kter\u00e9 hraj\u00ed kl\u00ed\u010dovou roli v hydraulick\u00fdch syst\u00e9mech stavebn\u00edch a zem\u011bd\u011blsk\u00fdch stroj\u016f. Tyto v\u00e1lce vyu\u017e\u00edvaj\u00ed vysokotlakou hydraulickou kapalinu k vytv\u00e1\u0159en\u00ed pohybu, co\u017e umo\u017e\u0148uje obsluze p\u0159esn\u011b man\u00e9vrovat s kore\u010dkami. Plynul\u00e9 ovl\u00e1d\u00e1n\u00ed, kter\u00e9 tyto v\u00e1lce nab\u00edzej\u00ed, zvy\u0161uje produktivitu a provozn\u00ed efektivitu v r\u016fzn\u00fdch aplikac\u00edch.<\/p>\n<p><img decoding=\"async\" src=\"https:\/\/www.hydraulic-cylinders.net\/wp-content\/uploads\/2025\/04\/songte-company-1.webp\" alt=\"Obr\u00e1zek v\u00e1lce v\u00fdlo\u017en\u00edku\" \/><\/p>\n<h2>Kl\u00ed\u010dov\u00e9 vlastnosti<\/h2>\n<ul>\n<li><strong>Vysok\u00e1 pevnost a trvanlivost:<\/strong> V\u00e1lec v\u00fdlo\u017en\u00edku je vyroben z vysokopevnostn\u00ed oceli nebo hlin\u00edku a odol\u00e1 vysok\u00fdm tlak\u016fm a t\u011b\u017ek\u00fdm z\u00e1t\u011b\u017e\u00edm, tak\u017ee je vhodn\u00fd pro n\u00e1ro\u010dn\u00e9 pracovn\u00ed prost\u0159ed\u00ed. Jeho konstrukce zohled\u0148uje odolnost proti opot\u0159eben\u00ed a korozi, co\u017e prodlu\u017euje jeho \u017eivotnost.<\/li>\n<li><strong>Efektivn\u00ed hydraulick\u00fd provoz:<\/strong> Vyu\u017e\u00edv\u00e1 hydraulick\u00fd tlak oleje k dosa\u017een\u00ed plynul\u00e9ho vysouv\u00e1n\u00ed a zasouv\u00e1n\u00ed, rychle reaguje na povely obsluhy a poskytuje zna\u010dn\u00e9 s\u00edly v tlaku a tahu. D\u00edky t\u00e9to vlastnosti je ide\u00e1ln\u00ed pro manipulaci s t\u011b\u017ek\u00fdmi materi\u00e1ly a prov\u00e1d\u011bn\u00ed slo\u017eit\u00fdch \u00fakol\u016f.<\/li>\n<li><strong>R\u016fzn\u00e9 typy:<\/strong> K dispozici v jedno\u010dinn\u00e9m (hydraulick\u00fd pohon v jednom sm\u011bru) nebo dvoj\u010dinn\u00e9m (hydraulick\u00fd pohon v obou sm\u011brech) proveden\u00ed pro spln\u011bn\u00ed r\u016fzn\u00fdch provozn\u00edch pot\u0159eb. N\u011bkter\u00e9 modely jsou teleskopick\u00e9, co\u017e umo\u017e\u0148uje v\u011bt\u0161\u00ed v\u00fdsuv bez zv\u011bt\u0161en\u00ed vn\u011bj\u0161\u00edch rozm\u011br\u016f, co\u017e je ide\u00e1ln\u00ed pro aplikace s omezen\u00fdm prostorem.<\/li>\n<li><strong>\u0158e\u0161en\u00ed na m\u00edru:<\/strong> Vyr\u00e1b\u00edme tento produkt a nab\u00edz\u00edme perfektn\u00ed n\u00e1hradu za st\u00e1vaj\u00edc\u00ed hydraulick\u00e9 v\u00e1lce, \u010d\u00edm\u017e zaji\u0161\u0165ujeme kompatibilitu a v\u00fdkon v r\u016fzn\u00fdch stroj\u00edch.<\/li>\n<li><strong>Pokro\u010dil\u00e9 in\u017een\u00fdrstv\u00ed:<\/strong> Na\u0161e v\u00e1lce v\u00fdlo\u017en\u00edku jsou navr\u017eeny s ohledem na precizn\u00ed in\u017een\u00fdrstv\u00ed, aby zajistily optim\u00e1ln\u00ed v\u00fdkon v n\u00e1ro\u010dn\u00fdch podm\u00ednk\u00e1ch a byly p\u0159izp\u016fsobeny specifick\u00fdm provozn\u00edm po\u017eadavk\u016fm.<\/li>\n<\/ul>\n<p><img decoding=\"async\" src=\"https:\/\/www.hydraulic-cylinders.net\/wp-content\/uploads\/2025\/04\/songte-cylinder-head-with-all-kinds-excavator-models.webp\" alt=\"Hlava hydraulick\u00e9ho v\u00e1lce\" \/><\/p>\n<h2>Aplikace<\/h2>\n<h3>Stavebn\u00ed stroje<\/h3>\n<p>U bagr\u016f jsou v\u00e1lce v\u00fdlo\u017en\u00edku kl\u00ed\u010dov\u00e9 pro kop\u00e1n\u00ed, nakl\u00e1d\u00e1n\u00ed a p\u0159emis\u0165ov\u00e1n\u00ed zeminy nebo suti. Umo\u017e\u0148uj\u00ed l\u017e\u00edci kopat hluboko do zem\u011b a efektivn\u011b zvedat a p\u0159epravovat t\u011b\u017ek\u00e9 materi\u00e1ly. U rypadlo-naklada\u010d\u016f tyto v\u00e1lce pom\u00e1haj\u00ed nejen p\u0159i v\u00fdkopov\u00fdch, ale i p\u0159i zdvihac\u00edch operac\u00edch, co\u017e poskytuje v\u0161estrannost p\u0159i stavebn\u00edch \u00fakolech.<\/p>\n<h3>Zem\u011bd\u011blsk\u00e9 stroje<\/h3>\n<p>U \u010deln\u00edch naklada\u010d\u016f se v\u00e1lce v\u00fdlo\u017en\u00edku pou\u017e\u00edvaj\u00ed k nab\u00edr\u00e1n\u00ed, zved\u00e1n\u00ed a p\u0159eprav\u011b zeminy, sena a dal\u0161\u00edch materi\u00e1l\u016f. Jejich robustn\u00ed konstrukce jim umo\u017e\u0148uje zvl\u00e1dat n\u00e1roky zem\u011bd\u011blsk\u00e9 pr\u00e1ce a zaji\u0161\u0165uje spolehlivost b\u011bhem intenzivn\u00edho provozu.<\/p>\n<h3>Bagry<\/h3>\n<p>U bagr\u016f usnad\u0148uj\u00ed v\u00e1lce kore\u010dk\u016f ryc\u00ed pohyb t\u00edm, \u017ee umo\u017e\u0148uj\u00ed kore\u010dce efektivn\u011b pronikat do p\u016fdy. Tato schopnost je pro v\u00fdkopov\u00e9 pr\u00e1ce z\u00e1sadn\u00ed, proto\u017ee zaji\u0161\u0165uje, \u017ee obsluha m\u016f\u017ee prov\u00e1d\u011bt v\u00fdkopy s p\u0159esnost\u00ed a v\u00fdkonem.<\/p>\n<h3>Naklada\u010de<\/h3>\n<p>U \u010deln\u00edch naklada\u010d\u016f tyto v\u00e1lce pom\u00e1haj\u00ed efektivn\u011b zvedat a vykl\u00e1dat b\u0159emena. P\u0159isp\u00edvaj\u00ed k celkov\u00e9 funk\u010dnosti a produktivit\u011b stroje, d\u00edky \u010demu\u017e jsou nepostradateln\u00e9 v r\u016fzn\u00fdch aplikac\u00edch manipulace s materi\u00e1lem.<\/p>\n<h2>\u00davahy o designu<\/h2>\n<ul>\n<li><strong>Nosnost:<\/strong> Nosnost v\u00e1lce v\u00fdlo\u017en\u00edku je kl\u00ed\u010dov\u00fdm faktorem, kter\u00fd ur\u010duje, kolik hmotnosti dok\u00e1\u017ee zvednout a p\u0159esunout. Pochopen\u00ed po\u017eadavk\u016f na zat\u00ed\u017een\u00ed va\u0161eho za\u0159\u00edzen\u00ed je nezbytn\u00e9 pro v\u00fdb\u011br spr\u00e1vn\u00e9ho v\u00e1lce, kter\u00fd zajist\u00ed efektivitu a bezpe\u010dnost provozu. Konstrukce mus\u00ed zvl\u00e1dat prom\u011bnliv\u00e9 zat\u00ed\u017een\u00ed, ani\u017e by byla ohro\u017eena struktur\u00e1ln\u00ed integrita.<\/li>\n<li><strong>T\u011bsnic\u00ed schopnost:<\/strong> \u00da\u010dinn\u00e9 t\u011bsn\u011bn\u00ed je z\u00e1sadn\u00ed pro udr\u017een\u00ed hydraulick\u00e9ho tlaku a prevenci \u00fanik\u016f. Vysoce kvalitn\u00ed t\u011bsn\u011bn\u00ed vyroben\u00e1 z odoln\u00fdch materi\u00e1l\u016f, jako je polyuretan a nitrilov\u00e1 pry\u017e, jsou nezbytn\u00e1. Konstrukce v\u00e1lce mus\u00ed zajistit spr\u00e1vnou instalaci t\u011bchto t\u011bsn\u011bn\u00ed, aby se prodlou\u017eila \u017eivotnost a v\u00fdkon a minimalizovaly se n\u00e1roky na \u00fadr\u017ebu.<\/li>\n<li><strong>Trvanlivost:<\/strong> Materi\u00e1ly a konstrukce v\u00e1lce v\u00fdlo\u017en\u00edku mus\u00ed odol\u00e1vat opot\u0159eben\u00ed, zejm\u00e9na v n\u00e1ro\u010dn\u00fdch pracovn\u00edch podm\u00ednk\u00e1ch. Pou\u017eit\u00ed materi\u00e1l\u016f a povrchov\u00fdch \u00faprav odoln\u00fdch proti korozi m\u016f\u017ee v\u00fdrazn\u011b prodlou\u017eit \u017eivotnost v\u00e1lce a zajistit tak spolehliv\u00fd provoz v pr\u016fb\u011bhu \u010dasu.<\/li>\n<li><strong>Bezpe\u010dnostn\u00ed prvky:<\/strong> Bezpe\u010dnost je v hydraulick\u00fdch syst\u00e9mech prvo\u0159ad\u00e1. Zabudov\u00e1n\u00ed pojistn\u00fdch ventil\u016f a mechanism\u016f pro pojistn\u00e9 p\u0159etlaky zaji\u0161\u0165uje, \u017ee v\u00e1lec pracuje v bezpe\u010dn\u00fdch mez\u00edch a chr\u00e1n\u00ed jak za\u0159\u00edzen\u00ed, tak obsluhu. B\u011bhem proces\u016f n\u00e1vrhu a v\u00fdroby mus\u00ed b\u00fdt dodr\u017eov\u00e1ny odpov\u00eddaj\u00edc\u00ed bezpe\u010dnostn\u00ed normy.<\/li>\n<li><strong>\u00dadr\u017eba:<\/strong> Konstrukce by m\u011bla usnad\u0148ovat \u00fadr\u017ebu a opravy. Sou\u010d\u00e1sti by m\u011bly b\u00fdt snadno p\u0159\u00edstupn\u00e9 pro kontrolu a n\u00e1hradn\u00ed d\u00edly by m\u011bly b\u00fdt snadno dostupn\u00e9. Pravideln\u00e1 \u00fadr\u017eba je nezbytn\u00e1 pro zaji\u0161t\u011bn\u00ed dlouh\u00e9 \u017eivotnosti a spolehlivosti hydraulick\u00e9ho syst\u00e9mu.<\/li>\n<\/ul>\n<p><img decoding=\"async\" src=\"https:\/\/www.hydraulic-cylinders.net\/wp-content\/uploads\/2025\/04\/songte-oil-pipes-and-spare-parts.webp\" alt=\"Olejov\u00e9 trubky a n\u00e1hradn\u00ed d\u00edly\" \/><\/p>\n<h2>T\u011bsn\u011bn\u00ed a maz\u00e1n\u00ed<\/h2>\n<p>Integrita v\u00e1lce v\u00fdlo\u017en\u00edku do zna\u010dn\u00e9 m\u00edry z\u00e1vis\u00ed na \u00fa\u010dinn\u00e9m ut\u011bsn\u011bn\u00ed a maz\u00e1n\u00ed. K zabr\u00e1n\u011bn\u00ed \u00faniku hydraulick\u00e9 kapaliny se pou\u017e\u00edvaj\u00ed r\u016fzn\u00e1 t\u011bsn\u011bn\u00ed, v\u010detn\u011b t\u011bsn\u011bn\u00ed p\u00edst\u016f a t\u011bsn\u011bn\u00ed p\u00edstnic. T\u011bsn\u011bn\u00ed jsou obvykle vyrobena z materi\u00e1l\u016f odoln\u00fdch proti opot\u0159eben\u00ed, jako je polyuretan a nitrilov\u00e1 pry\u017e, aby byla zaji\u0161t\u011bna jejich trvanlivost. T\u011bleso v\u00e1lce a z\u00e1vitov\u00e9 koncov\u00e9 plochy jsou pe\u010dliv\u011b opracov\u00e1ny pro zv\u00fd\u0161en\u00ed odolnosti proti opot\u0159eben\u00ed a prodlou\u017een\u00ed \u017eivotnosti.<\/p>\n<p>Pravideln\u00e9 maz\u00e1n\u00ed je z\u00e1sadn\u00ed pro v\u00fdkon hydraulick\u00e9ho syst\u00e9mu. Pro zaji\u0161t\u011bn\u00ed plynul\u00e9ho provozu, zabr\u00e1n\u011bn\u00ed p\u0159eh\u0159\u00e1t\u00ed a sn\u00ed\u017een\u00ed t\u0159en\u00ed mezi pohybliv\u00fdmi \u010d\u00e1stmi by m\u011blo b\u00fdt udr\u017eov\u00e1no dostate\u010dn\u00e9 mno\u017estv\u00ed hydraulick\u00e9ho oleje. Obsluha by m\u011bla pe\u010dliv\u011b kontrolovat a v p\u0159\u00edpad\u011b pot\u0159eby dopl\u0148ovat hydraulickou kapalinu, aby byla zaji\u0161t\u011bna optim\u00e1ln\u00ed funk\u010dnost.<\/p>\n<h2>Pravideln\u00e1 kontrola a preventivn\u00ed \u00fadr\u017eba<\/h2>\n<ul>\n<li><strong>Pravideln\u00e9 kontroly:<\/strong> M\u011bly by b\u00fdt napl\u00e1nov\u00e1ny pravideln\u00e9 kontroly, aby se odhalily zn\u00e1mky opot\u0159eben\u00ed, net\u011bsnost\u00ed nebo po\u0161kozen\u00ed. Obsluha mus\u00ed zkontrolovat hydraulick\u00fd v\u00e1lec, zda nevykazuje viditeln\u00e9 zn\u00e1mky opot\u0159eben\u00ed, a neprodlen\u011b \u0159e\u0161it ve\u0161ker\u00e9 probl\u00e9my, aby se p\u0159ede\u0161lo katastrof\u00e1ln\u00edm poruch\u00e1m.<\/li>\n<li><strong>Spr\u00e1vn\u00e9 maz\u00e1n\u00ed:<\/strong> Zaji\u0161t\u011bn\u00ed dostate\u010dn\u00e9ho maz\u00e1n\u00ed hydraulick\u00e9ho syst\u00e9mu je z\u00e1sadn\u00ed pro hladk\u00fd provoz. Obsluha by m\u011bla dodr\u017eovat pokyny v\u00fdrobce ohledn\u011b mazac\u00edch pl\u00e1n\u016f a typ\u016f kapalin, aby se udr\u017eela \u00fa\u010dinnost a prodlou\u017eila \u017eivotnost syst\u00e9mu.<\/li>\n<li><strong>V\u00fdm\u011bna t\u011bsn\u011bn\u00ed:<\/strong> \u017divotnost t\u011bsn\u011bn\u00ed se m\u016f\u017ee li\u0161it v z\u00e1vislosti na pou\u017e\u00edv\u00e1n\u00ed a podm\u00ednk\u00e1ch prost\u0159ed\u00ed. Pravideln\u00e1 v\u00fdm\u011bna t\u011bsn\u011bn\u00ed je nezbytn\u00e1 pro udr\u017een\u00ed integrity syst\u00e9mu a prevenci \u00fanik\u016f. Provozovatel\u00e9 by si m\u011bli uchov\u00e1vat z\u00e1soby nezbytn\u00fdch n\u00e1hradn\u00edch t\u011bsn\u011bn\u00ed, aby usnadnili v\u010dasn\u00e9 opravy.<\/li>\n<\/ul>\n<h2>Pokyny k instalaci<\/h2>\n<p>Spr\u00e1vn\u00e1 instalace v\u00e1lce v\u00fdlo\u017en\u00edku je z\u00e1sadn\u00ed pro jeho efektivn\u00ed provoz. Za\u010dn\u011bte t\u00edm, \u017ee se ujist\u00edte, \u017ee je m\u00edsto instalace \u010dist\u00e9 a bez ne\u010distot. V\u00e1lec p\u0159esn\u011b vyrovnejte s mont\u00e1\u017en\u00ed pozic\u00ed, abyste zabr\u00e1nili jeho nespr\u00e1vn\u00e9mu vyrovn\u00e1n\u00ed, kter\u00e9 by mohlo v\u00e9st k p\u0159ed\u010dasn\u00e9mu opot\u0159eben\u00ed nebo poru\u0161e. Pro efektivn\u00ed zaji\u0161t\u011bn\u00ed v\u00e1lce se doporu\u010duje pou\u017e\u00edt vhodn\u00e9 mont\u00e1\u017en\u00ed konzoly.<\/p>\n<p>Po zarovn\u00e1n\u00ed ut\u00e1hn\u011bte v\u0161echny mont\u00e1\u017en\u00ed \u0161rouby podle pokyn\u016f v\u00fdrobce a ujist\u011bte se, \u017ee jsou bezpe\u010dn\u00e9, ale ne p\u0159\u00edli\u0161 uta\u017een\u00e9, jinak by mohlo doj\u00edt k po\u0161kozen\u00ed. Po instalaci prove\u010fte d\u016fkladnou kontrolu, abyste se ujistili, \u017ee v\u0161echny hydraulick\u00e9 spoje net\u011bsn\u00ed a \u017ee v\u00e1lec pracuje hladce a bez jak\u00fdchkoli p\u0159ek\u00e1\u017eek.<\/p>\n<p>Po instalaci je nezbytn\u00e9 otestovat hydraulick\u00fd syst\u00e9m za kontrolovan\u00fdch podm\u00ednek, aby se ov\u011b\u0159ila jeho funk\u010dnost. Pe\u010dliv\u00e9 sledov\u00e1n\u00ed syst\u00e9mu b\u011bhem po\u010d\u00e1te\u010dn\u00edho provozu pom\u016f\u017ee v\u010das identifikovat p\u0159\u00edpadn\u00e9 probl\u00e9my, co\u017e umo\u017en\u00ed v\u010dasn\u00e9 proveden\u00ed \u00faprav nebo oprav.<\/p>\n<h2>B\u011b\u017en\u00e9 \u00fakoly \u00fadr\u017eby<\/h2>\n<ul>\n<li><strong>Pravideln\u00e9 kontroly:<\/strong> Prov\u00e1d\u011bjte pravideln\u00e9 kontroly hydraulick\u00e9ho syst\u00e9mu, abyste odhalili p\u0159\u00edpadn\u00e9 probl\u00e9my d\u0159\u00edve, ne\u017e se stanou v\u00e1\u017en\u00fdmi. Pat\u0159\u00ed sem kontrola net\u011bsnost\u00ed, opot\u0159eben\u00ed a spr\u00e1vn\u00e9 funkce t\u011bsn\u011bn\u00ed a hydraulick\u00fdch spoj\u016f. Proaktivn\u00ed p\u0159\u00edstup zaji\u0161\u0165uje trval\u00fd v\u00fdkon a bezpe\u010dnost.<\/li>\n<li><strong>Vhodn\u00e9 maz\u00e1n\u00ed:<\/strong> Dodr\u017eujte p\u0159\u00edsn\u00fd mazac\u00ed pl\u00e1n, abyste udr\u017eeli hydraulick\u00fd syst\u00e9m v dobr\u00e9m stavu. Pou\u017e\u00edvejte doporu\u010den\u00fd typ hydraulick\u00e9ho oleje a zajist\u011bte, aby v\u0161echny pohybliv\u00e9 \u010d\u00e1sti byly dostate\u010dn\u011b maz\u00e1ny, aby se zabr\u00e1nilo opot\u0159eben\u00ed a p\u0159eh\u0159\u00e1t\u00ed. Spr\u00e1vn\u00e9 maz\u00e1n\u00ed je z\u00e1sadn\u00ed pro dlouhou \u017eivotnost v\u00e1lce.<\/li>\n<li><strong>V\u00fdm\u011bna t\u011bsn\u011bn\u00ed a kontroly kalibrace:<\/strong> Pravideln\u011b kontrolujte t\u011bsn\u011bn\u00ed, zda nevykazuj\u00ed zn\u00e1mky opot\u0159eben\u00ed, a v p\u0159\u00edpad\u011b pot\u0159eby je vym\u011b\u0148te. Kalibrace hydraulick\u00e9ho syst\u00e9mu je tak\u00e9 nezbytn\u00e1 pro zaji\u0161t\u011bn\u00ed jeho provozu v r\u00e1mci stanoven\u00fdch limit\u016f, co\u017e zvy\u0161uje bezpe\u010dnost a v\u00fdkon.<\/li>\n<\/ul>\n<p><img decoding=\"async\" src=\"https:\/\/www.hydraulic-cylinders.net\/wp-content\/uploads\/2025\/04\/songte-chushion-collar.webp\" alt=\"Pol\u0161t\u00e1\u0159ov\u00fd l\u00edmec\" \/><\/p>\n<h2>Bezpe\u010dnostn\u00ed aspekty a faktory prost\u0159ed\u00ed<\/h2>\n<p>P\u0159i pou\u017e\u00edv\u00e1n\u00ed hydraulick\u00fdch syst\u00e9m\u016f, jako je v\u00e1lec v\u00fdlo\u017en\u00edku pro Bonny CEE2200-7, jsou bezpe\u010dnostn\u00ed opat\u0159en\u00ed prvo\u0159ad\u00e1. Obsluha mus\u00ed b\u00fdt pro\u0161kolena ve spr\u00e1vn\u00e9m pou\u017e\u00edv\u00e1n\u00ed hydraulick\u00e9ho za\u0159\u00edzen\u00ed a mus\u00ed si b\u00fdt v\u011bdoma potenci\u00e1ln\u00edch rizik. Dodr\u017eov\u00e1n\u00ed bezpe\u010dnostn\u00edch protokol\u016f m\u016f\u017ee zabr\u00e1nit nehod\u00e1m a zran\u011bn\u00edm na pracovi\u0161ti. D\u00e1le je t\u0159eba zv\u00e1\u017eit dopad rozlit\u00ed hydraulick\u00e9 kapaliny na \u017eivotn\u00ed prost\u0159ed\u00ed, co\u017e vy\u017eaduje spr\u00e1vn\u00e9 postupy manipulace a likvidace.<\/p>\n<h2>Odstra\u0148ov\u00e1n\u00ed probl\u00e9m\u016f a b\u011b\u017en\u00e9 probl\u00e9my<\/h2>\n<ul>\n<li><strong>\u00danik:<\/strong> Jedn\u00edm z nej\u010dast\u011bj\u0161\u00edch probl\u00e9m\u016f je net\u011bsnost, \u010dasto zp\u016fsoben\u00e1 opot\u0159ebovan\u00fdmi t\u011bsn\u011bn\u00edmi. Pokud se zjist\u00ed net\u011bsnosti, je nutn\u00e9 okam\u017eit\u011b podniknout kroky k v\u00fdm\u011bn\u011b t\u011bsn\u011bn\u00ed a zabr\u00e1n\u011bn\u00ed \u00faniku hydraulick\u00e9 kapaliny.<\/li>\n<li><strong>Sn\u00ed\u017een\u00fd v\u00fdkon:<\/strong> Pokud v\u00e1lec v\u00fdlo\u017en\u00edku nereaguje o\u010dek\u00e1van\u00fdm zp\u016fsobem, m\u016f\u017ee to znamenat n\u00edzkou hladinu hydraulick\u00e9 kapaliny nebo vnit\u0159n\u00ed ucp\u00e1n\u00ed. Kontrola hladiny kapalin a zaji\u0161t\u011bn\u00ed \u010distoty v\u0161ech hydraulick\u00fdch potrub\u00ed je nezbytn\u00e1 pro obnoven\u00ed v\u00fdkonu.<\/li>\n<li><strong>Neobvykl\u00e9 zvuky:<\/strong> Jak\u00e9koli podivn\u00e9 zvuky b\u011bhem provozu mohou znamenat vnit\u0159n\u00ed probl\u00e9my ve v\u00e1lci. To m\u016f\u017ee vy\u017eadovat odbornou kontrolu k diagnostice a \u00fa\u010dinn\u00e9mu odstran\u011bn\u00ed probl\u00e9mu.<\/li>\n<\/ul>\n<h2>Preventivn\u00ed opat\u0159en\u00ed<\/h2>\n<p>Aby se minimalizovaly potenci\u00e1ln\u00ed probl\u00e9my s v\u00e1lcem v\u00fdlo\u017en\u00edku, je t\u0159eba kl\u00e1st d\u016fraz na pravidelnou \u00fadr\u017ebu a preventivn\u00ed opat\u0159en\u00ed. Stanoven\u00ed pl\u00e1nu \u00fadr\u017eby, kter\u00fd zahrnuje kontroly, maz\u00e1n\u00ed a v\u00fdm\u011bnu t\u011bsn\u011bn\u00ed, v\u00fdrazn\u011b sn\u00ed\u017e\u00ed riziko neo\u010dek\u00e1van\u00fdch poruch. Krom\u011b toho m\u016f\u017ee vzd\u011bl\u00e1v\u00e1n\u00ed obsluhy o osv\u011bd\u010den\u00fdch postupech pro pou\u017e\u00edv\u00e1n\u00ed hydraulick\u00e9ho za\u0159\u00edzen\u00ed d\u00e1le p\u0159edch\u00e1zet komplikac\u00edm a zajistit bezpe\u010dn\u011bj\u0161\u00ed a efektivn\u011bj\u0161\u00ed pracovn\u00ed prost\u0159ed\u00ed.<\/p>\n<p><img decoding=\"async\" src=\"https:\/\/www.hydraulic-cylinders.net\/wp-content\/uploads\/2025\/04\/songte-bushings-with-all-kinds-of-excavator-models.webp\" alt=\"Pouzdra s modely bagr\u016f\" \/><\/p>\n<h2>O na\u0161\u00ed spole\u010dnosti<\/h2>\n<p>Jsme p\u0159edn\u00edm v\u00fdrobcem n\u00e1hradn\u00edch hydraulick\u00fdch v\u00e1lc\u016f a nab\u00edz\u00edme \u0161irokou \u0161k\u00e1lu produkt\u016f pro dom\u00e1c\u00ed i mezin\u00e1rodn\u00ed trhy. N\u00e1\u0161 z\u00e1vazek k dokonalosti a kvalit\u011b je podpo\u0159en propracovanou strategi\u00ed \u0159\u00edzen\u00ed v\u00fdroby. Vyu\u017e\u00edv\u00e1me pokro\u010dil\u00e9 technologie a kvalifikovan\u00fd person\u00e1l k neust\u00e1l\u00e9mu zlep\u0161ov\u00e1n\u00ed na\u0161ich v\u00fdrobn\u00edch kapacit.<\/p>\n<p>Na\u0161e za\u0159\u00edzen\u00ed je vybaveno nejmodern\u011bj\u0161\u00edm v\u00fdrobn\u00edm za\u0159\u00edzen\u00edm a profesion\u00e1ln\u00edm testovac\u00edm syst\u00e9mem, co\u017e zaji\u0161\u0165uje, \u017ee na\u0161e produkty spl\u0148uj\u00ed nejvy\u0161\u0161\u00ed standardy. Zam\u011b\u0159ujeme se na vysokou efektivitu, p\u0159esnost a kvalitu, abychom uspokojili rozmanit\u00e9 pot\u0159eby na\u0161ich z\u00e1kazn\u00edk\u016f. A\u0165 u\u017e po\u017eadujete standardn\u00ed produkty nebo \u0159e\u0161en\u00ed na m\u00edru, jsme odhodl\u00e1ni poskytovat v\u00fdjime\u010dn\u00e9 slu\u017eby.<\/p>\n<p><img decoding=\"async\" src=\"https:\/\/www.hydraulic-cylinders.net\/wp-content\/uploads\/2025\/04\/songte-company-4.webp\" alt=\"P\u0159ehled spole\u010dnosti\" \/><br \/>\n<img decoding=\"async\" src=\"https:\/\/www.hydraulic-cylinders.net\/wp-content\/uploads\/2025\/04\/songte-company-3.webp\" alt=\"Pokro\u010dil\u00e1 v\u00fdroba\" \/><\/p>\n<p>Autor: lyl<\/p>","protected":false},"excerpt":{"rendered":"<p>Boom Cylinder For Bonny CEE2200-7 Product Overview The Boom Cylinder for Bonny CEE2200-7 is an essential hydraulic cylinder designed specifically to control the movement of the bucket in various heavy machinery applications. This type of cylinder is integral to the operation of equipment such as excavators, backhoe loaders, and front loaders. It enables the bucket [&hellip;]<\/p>","protected":false},"featured_media":17873,"comment_status":"open","ping_status":"closed","template":"","meta":{"_et_pb_use_builder":"","_et_pb_old_content":"","_et_gb_content_width":""},"product_brand":[],"product_cat":[1546],"product_tag":[1547,1496],"class_list":{"0":"post-19655","1":"product","2":"type-product","3":"status-publish","4":"has-post-thumbnail","6":"product_cat-boom-cylinders","7":"product_tag-boom-cylinders","8":"product_tag-hydraulic-cylinders","10":"first","11":"instock","12":"shipping-taxable","13":"product-type-simple"},"amp_enabled":true,"_links":{"self":[{"href":"https:\/\/www.hydraulic-cylinders.net\/cs\/wp-json\/wp\/v2\/product\/19655","targetHints":{"allow":["GET"]}}],"collection":[{"href":"https:\/\/www.hydraulic-cylinders.net\/cs\/wp-json\/wp\/v2\/product"}],"about":[{"href":"https:\/\/www.hydraulic-cylinders.net\/cs\/wp-json\/wp\/v2\/types\/product"}],"replies":[{"embeddable":true,"href":"https:\/\/www.hydraulic-cylinders.net\/cs\/wp-json\/wp\/v2\/comments?post=19655"}],"wp:featuredmedia":[{"embeddable":true,"href":"https:\/\/www.hydraulic-cylinders.net\/cs\/wp-json\/wp\/v2\/media\/17873"}],"wp:attachment":[{"href":"https:\/\/www.hydraulic-cylinders.net\/cs\/wp-json\/wp\/v2\/media?parent=19655"}],"wp:term":[{"taxonomy":"product_brand","embeddable":true,"href":"https:\/\/www.hydraulic-cylinders.net\/cs\/wp-json\/wp\/v2\/product_brand?post=19655"},{"taxonomy":"product_cat","embeddable":true,"href":"https:\/\/www.hydraulic-cylinders.net\/cs\/wp-json\/wp\/v2\/product_cat?post=19655"},{"taxonomy":"product_tag","embeddable":true,"href":"https:\/\/www.hydraulic-cylinders.net\/cs\/wp-json\/wp\/v2\/product_tag?post=19655"}],"curies":[{"name":"wp","href":"https:\/\/api.w.org\/{rel}","templated":true}]}}