{"id":19659,"date":"2025-04-07T07:00:13","date_gmt":"2025-04-07T07:00:13","guid":{"rendered":"https:\/\/www.hydraulic-cylinders.net\/product\/boom-cylinder-for-bonny-ctd460-6\/"},"modified":"2025-04-07T07:00:16","modified_gmt":"2025-04-07T07:00:16","slug":"boom-cylinder-for-bonny-ctd460-6","status":"publish","type":"product","link":"https:\/\/www.hydraulic-cylinders.net\/cs\/produkt\/boom-cylinder-for-bonny-ctd460-6\/","title":{"rendered":"V\u00e1lec v\u00fdlo\u017en\u00edku pro Bonny CTD460-6"},"content":{"rendered":"<h1>V\u00e1lec v\u00fdlo\u017en\u00edku pro Bonny CTD460-6<\/h1>\n<h2>\u00davod k v\u00e1lc\u016fm v\u00fdlo\u017en\u00edku<\/h2>\n<p>Hydraulick\u00fd v\u00e1lec v\u00fdlo\u017en\u00edku, \u010dasto ozna\u010dovan\u00fd jako v\u00e1lec kore\u010dkov\u00e9 l\u017e\u00edce, je specializovan\u00fd hydraulick\u00fd v\u00e1lec ur\u010den\u00fd p\u0159edev\u0161\u00edm k ovl\u00e1d\u00e1n\u00ed pohybu kore\u010dk\u016f v r\u016fzn\u00fdch t\u011b\u017ek\u00fdch stroj\u00edch, jako jsou bagry, rypadla-naklada\u010de a \u010deln\u00ed naklada\u010de. Tyto v\u00e1lce umo\u017e\u0148uj\u00ed zved\u00e1n\u00ed, spou\u0161t\u011bn\u00ed a nakl\u00e1p\u011bn\u00ed kore\u010dkov\u00e9 l\u017e\u00edce, co\u017e usnad\u0148uje efektivn\u00ed manipulaci s materi\u00e1lem. V\u00e1lec v\u00fdlo\u017en\u00edku hraje kl\u00ed\u010dovou roli v hydraulick\u00fdch syst\u00e9mech t\u00edm, \u017ee p\u0159em\u011b\u0148uje hydraulickou energii na mechanickou energii a poskytuje pot\u0159ebnou s\u00edlu pro prov\u00e1d\u011bn\u00ed t\u011b\u017ek\u00fdch \u00fakol\u016f. V z\u00e1vislosti na sv\u00e9 konstrukci a proveden\u00ed mohou v\u00e1lce v\u00fdlo\u017en\u00edku odol\u00e1vat vysok\u00e9mu tlaku a velk\u00e9mu zat\u00ed\u017een\u00ed, co\u017e je \u010din\u00ed nepostradateln\u00fdmi ve stavebnictv\u00ed, zem\u011bd\u011blstv\u00ed a dal\u0161\u00edch pr\u016fmyslov\u00fdch aplikac\u00edch.<\/p>\n<p><img decoding=\"async\" src=\"https:\/\/www.hydraulic-cylinders.net\/wp-content\/uploads\/2025\/04\/songte-company-1.webp\" alt=\"V\u00e1lec v\u00fdlo\u017en\u00edku\"><\/p>\n<h2>Vlastnosti v\u00e1lce v\u00fdlo\u017en\u00edku pro Bonny CTD460-6<\/h2>\n<ul>\n<li><strong>Vysok\u00e1 pevnost a trvanlivost:<\/strong> Tyto v\u00e1lce, vyroben\u00e9 z vysokopevnostn\u00ed oceli nebo hlin\u00edku, jsou navr\u017eeny tak, aby odolaly vysok\u00e9mu tlaku a velk\u00e9mu zat\u00ed\u017een\u00ed, a zajistily tak spolehlivost v n\u00e1ro\u010dn\u00fdch pracovn\u00edch podm\u00ednk\u00e1ch.<\/li>\n<li><strong>Efektivn\u00ed hydraulick\u00fd provoz:<\/strong> Tyto v\u00e1lce vyu\u017e\u00edvaj\u00ed hydraulick\u00fd tlak oleje a zaji\u0161\u0165uj\u00ed plynul\u00e9 vysouv\u00e1n\u00ed a zasouv\u00e1n\u00ed, rychle reaguj\u00ed na \u0159\u00eddic\u00ed povely a vyv\u00edjej\u00ed siln\u00e9 tlakov\u00e9 a ta\u017en\u00e9 s\u00edly.<\/li>\n<li><strong>R\u016fzn\u00e9 typy:<\/strong> K dispozici jako jedno\u010dinn\u00e9 (hydraulick\u00fd tlak v jednom sm\u011bru) nebo dvoj\u010dinn\u00e9 (hydraulick\u00fd tlak v obou sm\u011brech) v\u00e1lce, kter\u00e9 vyhovuj\u00ed r\u016fzn\u00fdm provozn\u00edm pot\u0159eb\u00e1m.<\/li>\n<li><strong>Kompaktn\u00ed design:<\/strong> N\u011bkter\u00e9 modely maj\u00ed teleskopickou konstrukci, kter\u00e1 umo\u017e\u0148uje v\u011bt\u0161\u00ed v\u00fdsuv bez zv\u011bt\u0161en\u00ed vn\u011bj\u0161\u00edch rozm\u011br\u016f, co\u017e je vhodn\u00e9 pro aplikace s omezen\u00fdm prostorem.<\/li>\n<li><strong>Odolnost proti korozi:<\/strong> Navr\u017eeno s odolnost\u00ed proti opot\u0159eben\u00ed a antikorozn\u00edmi vlastnostmi pro prodlou\u017een\u00ed \u017eivotnosti i v n\u00e1ro\u010dn\u00fdch podm\u00ednk\u00e1ch.<\/li>\n<\/ul>\n<h2>V\u00fdrobn\u00ed kapacity<\/h2>\n<p>M\u00e1me kapacitu tento produkt vyr\u00e1b\u011bt a na\u0161e produkty mohou tyto hydraulick\u00e9 v\u00e1lce dokonale nahradit.<\/p>\n<p><img decoding=\"async\" src=\"https:\/\/www.hydraulic-cylinders.net\/wp-content\/uploads\/2025\/04\/songte-cylinder-head-with-all-kinds-excavator-models.webp\" alt=\"V\u00fdroba hydraulick\u00fdch v\u00e1lc\u016f\"><\/p>\n<h2>Aplikace v\u00e1lc\u016f v\u00fdlo\u017en\u00edku<\/h2>\n<h3>Stavebn\u00ed stroje<\/h3>\n<p>U bagr\u016f jsou v\u00e1lce v\u00fdlo\u017en\u00edku kl\u00ed\u010dov\u00e9 pro kop\u00e1n\u00ed, nakl\u00e1d\u00e1n\u00ed a p\u0159esouv\u00e1n\u00ed zeminy nebo suti. Poskytuj\u00ed pot\u0159ebnou s\u00edlu pro spou\u0161t\u011bn\u00ed a zved\u00e1n\u00ed l\u017e\u00edce, co\u017e umo\u017e\u0148uje efektivn\u00ed v\u00fdkopov\u00e9 pr\u00e1ce a manipulaci s materi\u00e1lem. P\u0159esn\u00e9 ovl\u00e1d\u00e1n\u00ed, kter\u00e9 tyto v\u00e1lce nab\u00edzej\u00ed, umo\u017e\u0148uje obsluze efektivn\u011b pracovat i v n\u00e1ro\u010dn\u00e9m ter\u00e9nu.<\/p>\n<h3>Zem\u011bd\u011blsk\u00e9 stroje<\/h3>\n<p>U \u010deln\u00edch naklada\u010d\u016f jsou v\u00e1lce v\u00fdlo\u017en\u00edku nezbytn\u00e9 pro nab\u00edr\u00e1n\u00ed, zved\u00e1n\u00ed a p\u0159epravu zeminy, sena a dal\u0161\u00edch materi\u00e1l\u016f. Hydraulick\u00fd v\u00fdkon umo\u017e\u0148uje naklada\u010di prov\u00e1d\u011bt r\u016fzn\u00e9 \u00fakoly, jako je srovn\u00e1v\u00e1n\u00ed pol\u00ed a p\u0159emis\u0165ov\u00e1n\u00ed sypk\u00fdch materi\u00e1l\u016f, co\u017e zvy\u0161uje produktivitu v zem\u011bd\u011blsk\u00fdch operac\u00edch.<\/p>\n<h3>Bagry<\/h3>\n<p>D\u00edky schopnosti pronikat do p\u016fdy usnad\u0148uj\u00ed v\u00e1lce v\u00fdlo\u017en\u00edku kopac\u00ed pohyb rypadel. Jsou navr\u017eeny tak, aby zvl\u00e1daly s\u00edly vznikaj\u00edc\u00ed p\u0159i v\u00fdkopov\u00fdch prac\u00edch a zajistily efektivn\u00ed a kontrolovan\u00fd pohyb l\u017e\u00edce, a\u0165 u\u017e v m\u011bkk\u00e9m nebo tvrd\u00e9m ter\u00e9nu.<\/p>\n<h3>Naklada\u010de<\/h3>\n<p>U \u010deln\u00edch naklada\u010d\u016f pom\u00e1haj\u00ed v\u00e1lce v\u00fdlo\u017en\u00edku efektivn\u011b zvedat a vykl\u00e1p\u011bt b\u0159emena. Jejich hydraulick\u00e9 schopnosti umo\u017e\u0148uj\u00ed rychlou a efektivn\u00ed manipulaci s materi\u00e1lem, co\u017e je \u010din\u00ed nepostradateln\u00fdmi ve stavebnictv\u00ed a p\u0159i p\u0159eprav\u011b materi\u00e1lu.<\/p>\n<h2>Konstruk\u010dn\u00ed aspekty a krit\u00e9ria v\u00fdb\u011bru<\/h2>\n<h3>Nosnost<\/h3>\n<p>Nosnost v\u00e1lce v\u00fdlo\u017en\u00edku je jedn\u00edm z hlavn\u00edch faktor\u016f, kter\u00e9 je t\u0159eba p\u0159i n\u00e1vrhu kl\u00e1st d\u016fraz. Je z\u00e1sadn\u00ed zajistit, aby v\u00e1lec zvl\u00e1dl maxim\u00e1ln\u00ed hmotnost, kter\u00e9 bude b\u011bhem provozu vystaven. To zahrnuje v\u00fdpo\u010dty zalo\u017een\u00e9 na materi\u00e1lech a konstrukci v\u00e1lce, jako\u017e i na aplikovan\u00e9m hydraulick\u00e9m tlaku. V\u00fdrobci mus\u00ed volit vysoce kvalitn\u00ed materi\u00e1ly, kter\u00e9 odol\u00e1vaj\u00ed deformaci p\u0159i zat\u00ed\u017een\u00ed a z\u00e1rove\u0148 zaji\u0161\u0165uj\u00ed bezpe\u010dnost a \u00fa\u010dinnost.<\/p>\n<h3>T\u011bsn\u011bn\u00ed<\/h3>\n<p>T\u011bsn\u011bn\u00ed je dal\u0161\u00edm kritick\u00fdm aspektem konstrukce. \u00da\u010dinn\u00e9 t\u011bsn\u011bn\u00ed minimalizuje \u00fanik hydraulick\u00e9 kapaliny, co\u017e je nezbytn\u00e9 pro udr\u017een\u00ed tlaku v syst\u00e9mu. R\u016fzn\u00e9 t\u011bsnic\u00ed materi\u00e1ly, jako je polyuretan a nitrilov\u00e1 pry\u017e, se vyb\u00edraj\u00ed na z\u00e1klad\u011b jejich trvanlivosti a odolnosti proti opot\u0159eben\u00ed. Konstrukce mus\u00ed tak\u00e9 zajistit, aby t\u011bsn\u011bn\u00ed byla spr\u00e1vn\u011b osazena, aby se zabr\u00e1nilo kontaminaci a prodlou\u017eila se \u017eivotnost hydraulick\u00e9ho v\u00e1lce.<\/p>\n<h3>Trvanlivost<\/h3>\n<p>Trvanlivost je prvo\u0159ad\u00e1, zejm\u00e9na v prost\u0159ed\u00edch, kde je v\u00e1lec v\u00fdlo\u017en\u00edku vystaven drsn\u00fdm podm\u00ednk\u00e1m. Faktory, jako je opot\u0159eben\u00ed a koroze, mohou v\u00fdznamn\u011b ovlivnit v\u00fdkon a \u017eivotnost v\u00e1lce. Proto je nezbytn\u00e9 za\u010dlenit prvky, jako jsou tvrd\u00e9 povlaky a materi\u00e1ly odoln\u00e9 proti korozi. Pravideln\u00e1 \u00fadr\u017eba m\u016f\u017ee tak\u00e9 zv\u00fd\u0161it trvanlivost a zajistit, aby v\u00e1lec fungoval efektivn\u011b po del\u0161\u00ed dobu.<\/p>\n<h3>Bezpe\u010dnost<\/h3>\n<p>Bezpe\u010dnostn\u00ed prvky v konstrukci v\u00e1lc\u016f v\u00fdlo\u017en\u00edku nelze p\u0159ehl\u00ed\u017eet. Pat\u0159\u00ed sem p\u0159etlakov\u00e9 ventily, kter\u00e9 zabra\u0148uj\u00ed p\u0159et\u00ed\u017een\u00ed, a komplexn\u00ed testov\u00e1n\u00ed b\u011bhem v\u00fdroby, aby se zajistilo, \u017ee ka\u017ed\u00e1 jednotka spl\u0148uje bezpe\u010dnostn\u00ed normy v oboru. D\u016fraz na bezpe\u010dnost zahrnuje tak\u00e9 spr\u00e1vn\u00e9 pokyny pro instalaci a pou\u017e\u00edv\u00e1n\u00ed, aby se p\u0159ede\u0161lo nehod\u00e1m b\u011bhem provozu.<\/p>\n<h3>\u00dadr\u017eba<\/h3>\n<p>Konstruk\u010dn\u00ed aspekty mus\u00ed zohled\u0148ovat i snadnou \u00fadr\u017ebu. Sou\u010d\u00e1sti by m\u011bly b\u00fdt p\u0159\u00edstupn\u00e9 pro kontrolu, maz\u00e1n\u00ed a opravy. Pravideln\u00e1 \u00fadr\u017eba je nezbytn\u00e1 pro zaji\u0161t\u011bn\u00ed dlouh\u00e9 \u017eivotnosti v\u00e1lce a jeho efektivn\u00edho provozu. Proto se up\u0159ednost\u0148uj\u00ed konstrukce, kter\u00e9 usnad\u0148uj\u00ed p\u0159\u00edstup k d\u00edl\u016fm a jejich v\u00fdm\u011bnu.<\/p>\n<p><img decoding=\"async\" src=\"https:\/\/www.hydraulic-cylinders.net\/wp-content\/uploads\/2025\/04\/songte-oil-pipes-and-spare-parts.webp\" alt=\"D\u00edly hydraulick\u00e9ho v\u00e1lce\"><\/p>\n<h2>T\u011bsn\u011bn\u00ed a maz\u00e1n\u00ed v\u00e1lc\u016f v\u00fdlo\u017en\u00edku<\/h2>\n<p>Spr\u00e1vn\u00e9 t\u011bsn\u011bn\u00ed a maz\u00e1n\u00ed hraj\u00ed z\u00e1sadn\u00ed roli ve v\u00fdkonu v\u00e1lc\u016f v\u00fdlo\u017en\u00edku. R\u016fzn\u00e9 t\u011bsnic\u00ed komponenty, jako jsou t\u011bsn\u011bn\u00ed p\u00edst\u016f a p\u00edstnic, jsou nezbytn\u00e9 pro prevenci \u00faniku kapaliny, kter\u00fd m\u016f\u017ee ohrozit \u00fa\u010dinnost v\u00e1lce. T\u011bsn\u011bn\u00ed vyroben\u00e1 z materi\u00e1l\u016f odoln\u00fdch proti opot\u0159eben\u00ed, jako je polyuretan a nitrilov\u00e1 pry\u017e, zaji\u0161\u0165uj\u00ed dlouhou \u017eivotnost a odolnost p\u0159i provozn\u00edm nam\u00e1h\u00e1n\u00ed.<\/p>\n<p>T\u011bleso v\u00e1lce a z\u00e1vitov\u00e9 koncov\u00e9 plochy mus\u00ed b\u00fdt jemn\u011b opracov\u00e1ny, aby se zv\u00fd\u0161ila odolnost proti opot\u0159eben\u00ed, co\u017e je nezbytn\u00e9 pro udr\u017een\u00ed v\u00fdkonu v pr\u016fb\u011bhu \u010dasu. Pravideln\u00e9 maz\u00e1n\u00ed hydraulick\u00fdm olejem je tak\u00e9 nezbytn\u00e9, proto\u017ee sni\u017euje t\u0159en\u00ed mezi pohybliv\u00fdmi \u010d\u00e1stmi, zaji\u0161\u0165uje plynul\u00fd chod a zabra\u0148uje p\u0159ed\u010dasn\u00e9mu opot\u0159eben\u00ed. Pravideln\u00e9 kontroly a vhodn\u00e9 mazac\u00ed pl\u00e1ny p\u0159isp\u00edvaj\u00ed k optim\u00e1ln\u00edmu v\u00fdkonu a dlouh\u00e9 \u017eivotnosti v\u00e1lce v\u00fdlo\u017en\u00edku.<\/p>\n<h2>Pravideln\u00e1 kontrola a preventivn\u00ed \u00fadr\u017eba<\/h2>\n<ul>\n<li><strong>Pravideln\u00e9 kontroly:<\/strong> Prov\u00e1d\u011bn\u00ed systematick\u00fdch kontrol umo\u017e\u0148uje v\u010dasn\u00e9 odhalen\u00ed potenci\u00e1ln\u00edch probl\u00e9m\u016f. Provozovatel\u00e9 by m\u011bli b\u011bhem provozu kontrolovat zn\u00e1mky opot\u0159eben\u00ed, net\u011bsnosti a jak\u00e9koli nepravideln\u00e9 funkce. Pravideln\u00e9 kontroly pom\u00e1haj\u00ed identifikovat komponenty, kter\u00e9 mohou vy\u017eadovat v\u00fdm\u011bnu, ne\u017e sel\u017eou.<\/li>\n<li><strong>Spr\u00e1vn\u00e9 maz\u00e1n\u00ed:<\/strong> Zaji\u0161t\u011bn\u00ed spr\u00e1vn\u00e9 hladiny hydraulick\u00e9ho oleje a dostate\u010dn\u00e9ho maz\u00e1n\u00ed v\u0161ech pohybliv\u00fdch \u010d\u00e1st\u00ed je nezbytn\u00e9 pro prevenci opot\u0159eben\u00ed. Pravideln\u00e9 maz\u00e1n\u00ed m\u016f\u017ee zv\u00fd\u0161it \u00fa\u010dinnost a \u017eivotnost v\u00e1lce.<\/li>\n<li><strong>V\u00fdm\u011bna t\u011bsn\u011bn\u00ed:<\/strong> T\u011bsn\u011bn\u00ed jsou n\u00e1chyln\u00e1 k opot\u0159eben\u00ed v pr\u016fb\u011bhu \u010dasu v d\u016fsledku neust\u00e1l\u00e9ho vystaven\u00ed hydraulick\u00e9mu tlaku a pohybu. Pravideln\u00e1 v\u00fdm\u011bna t\u011bsn\u011bn\u00ed v r\u00e1mci \u00fadr\u017eby zabra\u0148uje \u00fanik\u016fm a zaji\u0161\u0165uje efektivn\u00ed provoz v\u00e1lce.<\/li>\n<\/ul>\n<h2>Pokyny k instalaci v\u00e1lc\u016f v\u00fdlo\u017en\u00edku<\/h2>\n<p>Spr\u00e1vn\u00e1 instalace v\u00e1lc\u016f v\u00fdlo\u017en\u00edku je z\u00e1sadn\u00ed pro zaji\u0161t\u011bn\u00ed optim\u00e1ln\u00edho v\u00fdkonu a bezpe\u010dnosti. Za\u010dn\u011bte t\u00edm, \u017ee si prostudujete instala\u010dn\u00ed manu\u00e1l v\u00fdrobce, kde naleznete konkr\u00e9tn\u00ed pokyny. Pro usnadn\u011bn\u00ed spr\u00e1vn\u00e9ho usazen\u00ed se ujist\u011bte, \u017ee mont\u00e1\u017en\u00ed povrchy jsou \u010dist\u00e9 a bez ne\u010distot.<\/p>\n<p>B\u011bhem instalace p\u0159esn\u011b zarovnejte v\u00e1lec s mont\u00e1\u017en\u00edmi body, abyste zabr\u00e1nili nadm\u011brn\u00e9mu nam\u00e1h\u00e1n\u00ed v\u00e1lce a souvisej\u00edc\u00edch sou\u010d\u00e1st\u00ed. Pou\u017eit\u00ed vhodn\u00fdch mont\u00e1\u017en\u00edch konzol m\u016f\u017ee pomoci stabilizovat v\u00e1lec a udr\u017eet vyrovn\u00e1n\u00ed b\u011bhem provozu.<\/p>\n<p>Po mont\u00e1\u017ei zkontrolujte v\u0161echna p\u0159ipojen\u00ed, zda jsou bezpe\u010dn\u00e1 a t\u011bsn\u00e1. Po instalaci otestujte syst\u00e9m pod n\u00edzk\u00fdm tlakem, abyste p\u0159ed pln\u00fdm pou\u017eit\u00edm ov\u011b\u0159ili, zda v\u0161e funguje spr\u00e1vn\u011b. Dodr\u017een\u00ed t\u011bchto krok\u016f zajist\u00ed, \u017ee v\u00e1lec v\u00fdlo\u017en\u00edku bude fungovat efektivn\u011b a bezpe\u010dn\u011b.<\/p>\n<h2>B\u011b\u017en\u00e9 \u00fakoly \u00fadr\u017eby<\/h2>\n<ul>\n<li><strong>Pravideln\u00e9 kontroly:<\/strong> Pravideln\u00e9 kontroly pom\u00e1haj\u00ed v\u010das odhalit potenci\u00e1ln\u00ed probl\u00e9my. Kontrola net\u011bsnost\u00ed, zn\u00e1mek opot\u0159eben\u00ed a celkov\u00e9 funk\u010dnosti zaji\u0161\u0165uje, \u017ee lahev funguje efektivn\u011b. Obsluha by m\u011bla b\u00fdt pro\u0161kolena k prov\u00e1d\u011bn\u00ed t\u011bchto kontrol pravideln\u011b.<\/li>\n<li><strong>Spr\u00e1vn\u00e9 maz\u00e1n\u00ed:<\/strong> Dostate\u010dn\u00e9 maz\u00e1n\u00ed sni\u017euje t\u0159en\u00ed a opot\u0159eben\u00ed, \u010d\u00edm\u017e prodlu\u017euje \u017eivotnost v\u00e1lce. Obsluha by m\u011bla dodr\u017eovat pl\u00e1n maz\u00e1n\u00ed zalo\u017een\u00fd na pou\u017e\u00edv\u00e1n\u00ed a podm\u00ednk\u00e1ch prost\u0159ed\u00ed a zajistit, aby byla udr\u017eov\u00e1na hladina hydraulick\u00e9ho oleje.<\/li>\n<li><strong>V\u00fdm\u011bna t\u011bsn\u011bn\u00ed:<\/strong> T\u011bsn\u011bn\u00ed by m\u011bla b\u00fdt pravideln\u011b kontrolov\u00e1na a v p\u0159\u00edpad\u011b pot\u0159eby vym\u011b\u0148ov\u00e1na, aby se zabr\u00e1nilo net\u011bsnostem. V\u010dasn\u00e1 v\u00fdm\u011bna t\u011bsn\u011bn\u00ed je z\u00e1sadn\u00ed pro udr\u017een\u00ed tlaku v hydraulick\u00e9m syst\u00e9mu a zaji\u0161t\u011bn\u00ed bezpe\u010dn\u00e9ho provozu.<\/li>\n<\/ul>\n<h2>Bezpe\u010dnostn\u00ed aspekty a faktory prost\u0159ed\u00ed<\/h2>\n<p>P\u0159i pr\u00e1ci s hydraulick\u00fdmi syst\u00e9my jsou bezpe\u010dnostn\u00ed opat\u0159en\u00ed prvo\u0159ad\u00e1. Zaji\u0161t\u011bn\u00ed toho, aby v\u0161echny komponenty byly v dobr\u00e9m stavu a spl\u0148ovaly bezpe\u010dnostn\u00ed normy, pom\u00e1h\u00e1 p\u0159edch\u00e1zet nehod\u00e1m. Obsluha by m\u011bla b\u00fdt pro\u0161kolena v bezpe\u010dn\u00e9m provozu stroj\u016f a rozum\u011bt d\u016fle\u017eitosti pou\u017e\u00edv\u00e1n\u00ed ochrann\u00fdch prost\u0159edk\u016f. Je t\u0159eba zv\u00e1\u017eit i faktory prost\u0159ed\u00ed, jako je vystaven\u00ed drsn\u00fdm podm\u00ednk\u00e1m, proto\u017ee ty mohou ovlivnit \u017eivotnost a v\u00fdkon v\u00e1lc\u016f v\u00fdlo\u017en\u00edku.<\/p>\n<h2>Diagnostika z\u00e1vad a b\u011b\u017en\u00e9 probl\u00e9my<\/h2>\n<ul>\n<li><strong>Net\u011bsn\u00edc\u00ed t\u011bsn\u011bn\u00ed:<\/strong> Pokud jsou t\u011bsn\u011bn\u00ed po\u0161kozena, m\u016f\u017ee doj\u00edt k \u00faniku hydraulick\u00e9 kapaliny, co\u017e sni\u017euje tlak v syst\u00e9mu a vede k poru\u0161e. Pravideln\u00e9 kontroly mohou pomoci v\u010das odhalit net\u011bsnosti, co\u017e umo\u017e\u0148uje v\u010dasn\u00e9 opravy nebo v\u00fdm\u011bny.<\/li>\n<li><strong>Neobvykl\u00e9 zvuky:<\/strong> Neobvykl\u00e9 zvuky b\u011bhem provozu mohou nazna\u010dovat mechanick\u00e9 probl\u00e9my, jako je nedostate\u010dn\u00e9 maz\u00e1n\u00ed nebo opot\u0159eben\u00ed vnit\u0159n\u00edch sou\u010d\u00e1st\u00ed. Obsluha by m\u011bla tyto zvuky neprodlen\u011b pro\u0161et\u0159it a \u0159e\u0161it.<\/li>\n<li><strong>Sn\u00ed\u017een\u00fd v\u00fdkon:<\/strong> Pokud v\u00e1lec nereaguje o\u010dek\u00e1van\u00fdm zp\u016fsobem, m\u016f\u017ee to b\u00fdt zp\u016fsobeno n\u00edzkou hladinou hydraulick\u00e9 kapaliny nebo ucp\u00e1n\u00edm hydraulick\u00e9ho potrub\u00ed. Zaji\u0161t\u011bn\u00ed spr\u00e1vn\u00e9 \u00fadr\u017eby syst\u00e9mu m\u016f\u017ee p\u0159edej\u00edt probl\u00e9m\u016fm s v\u00fdkonem.<\/li>\n<\/ul>\n<h2>Tipy pro \u0159e\u0161en\u00ed probl\u00e9m\u016f<\/h2>\n<p>Pro efektivn\u00ed diagnostiku a \u0159e\u0161en\u00ed probl\u00e9m\u016f by oper\u00e1to\u0159i m\u011bli zachovat systematick\u00fd p\u0159\u00edstup. Nejprve zkontrolujte hladinu hydraulick\u00e9 kapaliny a v p\u0159\u00edpad\u011b pot\u0159eby ji dopl\u0148te. Pot\u00e9 zkontrolujte t\u011bsn\u011bn\u00ed, zda nevykazuj\u00ed zn\u00e1mky opot\u0159eben\u00ed nebo po\u0161kozen\u00ed, a v p\u0159\u00edpad\u011b pot\u0159eby je vym\u011b\u0148te. Pravideln\u00e1 \u00fadr\u017eba, v\u010detn\u011b maz\u00e1n\u00ed a kontrol, m\u016f\u017ee zabr\u00e1nit zhor\u0161en\u00ed potenci\u00e1ln\u00edch probl\u00e9m\u016f.<\/p>\n<p>Krom\u011b toho by si provozovatel\u00e9 m\u011bli v\u00e9st podrobn\u00e9 z\u00e1znamy o \u00fadr\u017eb\u011b a oprav\u00e1ch, aby l\u00e9pe pochopili trendy v\u00fdkonu v\u00e1lce. Tyto informace mohou pomoci p\u0159edv\u00eddat potenci\u00e1ln\u00ed poruchy a usnadnit v\u010dasn\u00e1 preventivn\u00ed opat\u0159en\u00ed.<\/p>\n<p><img decoding=\"async\" src=\"https:\/\/www.hydraulic-cylinders.net\/wp-content\/uploads\/2025\/04\/songte-bushings-with-all-kinds-of-excavator-models.webp\" alt=\"Sou\u010d\u00e1sti hydraulick\u00e9ho v\u00e1lce\"><\/p>\n<h2>O na\u0161\u00ed spole\u010dnosti<\/h2>\n<p>Jsme p\u0159edn\u00edm v\u00fdrobcem a velkoobchodn\u00edm distributorem alternativn\u00edch hydraulick\u00fdch v\u00e1lc\u016f s komplexn\u00ed nab\u00eddkou produkt\u016f. Na\u0161e spole\u010dnost se etablovala jako jeden z p\u0159edn\u00edch v\u00fdrobc\u016f na dom\u00e1c\u00edm i mezin\u00e1rodn\u00edm trhu. Dodr\u017eujeme p\u0159\u00edsn\u00e9 standardy kvality a spol\u00e9h\u00e1me na propracovanou strategii \u0159\u00edzen\u00ed v\u00fdroby, kter\u00e1 vyu\u017e\u00edv\u00e1 pokro\u010dil\u00e9 technologie.<\/p>\n<p>N\u00e1\u0161 z\u00e1vazek k dokonalosti je podpo\u0159en kvalifikovanou pracovn\u00ed silou, \u0161pi\u010dkov\u00fdm digit\u00e1ln\u00edm v\u00fdrobn\u00edm za\u0159\u00edzen\u00edm a profesion\u00e1ln\u00edmi testovac\u00edmi syst\u00e9my. Neust\u00e1le vylep\u0161ujeme na\u0161i v\u00fdrobn\u00ed platformu a zdokonalujeme procesy zaji\u0161t\u011bn\u00ed kvality na\u0161ich produkt\u016f, abychom zajistili, \u017ee spl\u0148ujeme rozmanit\u00e9 pot\u0159eby z\u00e1kazn\u00edk\u016f s vysokou efektivitou, p\u0159esnost\u00ed a kvalitou.<\/p>\n<p><img decoding=\"async\" src=\"https:\/\/www.hydraulic-cylinders.net\/wp-content\/uploads\/2025\/04\/songte-company-4.webp\" alt=\"P\u0159ehled spole\u010dnosti\"><br \/>\n<img decoding=\"async\" src=\"https:\/\/www.hydraulic-cylinders.net\/wp-content\/uploads\/2025\/04\/songte-company-3.webp\" alt=\"Za\u0159\u00edzen\u00ed spole\u010dnosti\"><\/p>\n<p>Autor: lyl<\/p>","protected":false},"excerpt":{"rendered":"<p>Boom Cylinder For Bonny CTD460-6 Introduction to Boom Cylinders A boom cylinder, often referred to as a bucket cylinder, is a specialized hydraulic cylinder designed mainly for controlling the movement of buckets in various heavy machinery such as excavators, backhoe loaders, and front loaders. These cylinders allow the bucket to lift, lower, and tilt, facilitating [&hellip;]<\/p>","protected":false},"featured_media":17877,"comment_status":"open","ping_status":"closed","template":"","meta":{"_et_pb_use_builder":"","_et_pb_old_content":"","_et_gb_content_width":""},"product_brand":[],"product_cat":[1546],"product_tag":[1547,1496],"class_list":{"0":"post-19659","1":"product","2":"type-product","3":"status-publish","4":"has-post-thumbnail","6":"product_cat-boom-cylinders","7":"product_tag-boom-cylinders","8":"product_tag-hydraulic-cylinders","10":"first","11":"instock","12":"shipping-taxable","13":"product-type-simple"},"amp_enabled":true,"_links":{"self":[{"href":"https:\/\/www.hydraulic-cylinders.net\/cs\/wp-json\/wp\/v2\/product\/19659","targetHints":{"allow":["GET"]}}],"collection":[{"href":"https:\/\/www.hydraulic-cylinders.net\/cs\/wp-json\/wp\/v2\/product"}],"about":[{"href":"https:\/\/www.hydraulic-cylinders.net\/cs\/wp-json\/wp\/v2\/types\/product"}],"replies":[{"embeddable":true,"href":"https:\/\/www.hydraulic-cylinders.net\/cs\/wp-json\/wp\/v2\/comments?post=19659"}],"wp:featuredmedia":[{"embeddable":true,"href":"https:\/\/www.hydraulic-cylinders.net\/cs\/wp-json\/wp\/v2\/media\/17877"}],"wp:attachment":[{"href":"https:\/\/www.hydraulic-cylinders.net\/cs\/wp-json\/wp\/v2\/media?parent=19659"}],"wp:term":[{"taxonomy":"product_brand","embeddable":true,"href":"https:\/\/www.hydraulic-cylinders.net\/cs\/wp-json\/wp\/v2\/product_brand?post=19659"},{"taxonomy":"product_cat","embeddable":true,"href":"https:\/\/www.hydraulic-cylinders.net\/cs\/wp-json\/wp\/v2\/product_cat?post=19659"},{"taxonomy":"product_tag","embeddable":true,"href":"https:\/\/www.hydraulic-cylinders.net\/cs\/wp-json\/wp\/v2\/product_tag?post=19659"}],"curies":[{"name":"wp","href":"https:\/\/api.w.org\/{rel}","templated":true}]}}