{"id":19662,"date":"2025-04-07T07:00:22","date_gmt":"2025-04-07T07:00:22","guid":{"rendered":"https:\/\/www.hydraulic-cylinders.net\/product\/boom-cylinder-for-bonny-waydq50-5\/"},"modified":"2025-04-07T07:00:25","modified_gmt":"2025-04-07T07:00:25","slug":"boom-cylinder-for-bonny-waydq50-5","status":"publish","type":"product","link":"https:\/\/www.hydraulic-cylinders.net\/cs\/produkt\/boom-cylinder-for-bonny-waydq50-5\/","title":{"rendered":"V\u00e1lec v\u00fdlo\u017en\u00edku pro Bonny WAYDQ50-5"},"content":{"rendered":"<h1>V\u00e1lec v\u00fdlo\u017en\u00edku pro Bonny WAYDQ50-5<\/h1>\n<h2>\u00davod k v\u00e1lci v\u00fdlo\u017en\u00edku<\/h2>\n<p>Hydraulick\u00fd v\u00e1lec v\u00fdlo\u017en\u00edku, speci\u00e1ln\u011b navr\u017een\u00fd pro Bonny WAYDQ50-5, je kl\u00ed\u010dovou sou\u010d\u00e1st\u00ed hydraulick\u00fdch syst\u00e9m\u016f, kter\u00e9 ovl\u00e1daj\u00ed pohyb l\u017e\u00edc t\u011b\u017ek\u00fdch stroj\u016f. Tento hydraulick\u00fd v\u00e1lec se pou\u017e\u00edv\u00e1 p\u0159edev\u0161\u00edm k ovl\u00e1d\u00e1n\u00ed l\u017e\u00edc v bagrech, rypadlech a \u010deln\u00edch naklada\u010d\u00edch, co\u017e umo\u017e\u0148uje zved\u00e1n\u00ed, spou\u0161t\u011bn\u00ed a nakl\u00e1p\u011bn\u00ed l\u017e\u00edce, co\u017e usnad\u0148uje efektivn\u00ed manipulaci s materi\u00e1lem.<\/p>\n<p>A bucket cylinder is engineered to withstand high pressures and heavy loads, ensuring reliable performance in demanding environments. It plays a crucial role in enabling precise control over the bucket&#8217;s movements, which is essential for excavation, lifting, and transporting materials. With its robust design, the boom cylinder enhances productivity and efficiency in various applications.<\/p>\n<p><img decoding=\"async\" src=\"https:\/\/www.hydraulic-cylinders.net\/wp-content\/uploads\/2025\/04\/songte-company-1.webp\" alt=\"Obr\u00e1zek hydraulick\u00e9ho v\u00e1lce\"><\/p>\n<h2>Vlastnosti v\u00e1lce v\u00fdlo\u017en\u00edku<\/h2>\n<ul>\n<li>\n<h3>Vysok\u00e1 pevnost a trvanlivost<\/h3>\n<p>Tyto v\u00e1lce, obvykle vyroben\u00e9 z vysokopevnostn\u00ed oceli nebo hlin\u00edku, odol\u00e1vaj\u00ed vysok\u00e9mu tlaku a velk\u00e9mu zat\u00ed\u017een\u00ed, tak\u017ee jsou vhodn\u00e9 pro n\u00e1ro\u010dn\u00e9 pracovn\u00ed podm\u00ednky. Jejich konstrukce klade d\u016fraz tak\u00e9 na odolnost proti opot\u0159eben\u00ed a korozi, co\u017e prodlu\u017euje jejich \u017eivotnost.<\/li>\n<li>\n<h3>Efektivn\u00ed hydraulick\u00fd provoz<\/h3>\n<p>Tyto v\u00e1lce vyu\u017e\u00edvaj\u00ed hydraulick\u00fd tlak oleje a nab\u00edzej\u00ed plynul\u00e9 vysouv\u00e1n\u00ed a zasouv\u00e1n\u00ed, co\u017e umo\u017e\u0148uje rychlou odezvu na ovl\u00e1dac\u00ed povely a poskytuje zna\u010dnou tla\u010dnou a ta\u017enou s\u00edlu, ide\u00e1ln\u00ed pro manipulaci s t\u011b\u017ek\u00fdmi p\u0159edm\u011bty a prov\u00e1d\u011bn\u00ed slo\u017eit\u00fdch \u00fakol\u016f.<\/li>\n<li>\n<h3>R\u016fznorod\u00e9 typy<\/h3>\n<p>Tyto v\u00e1lce, kter\u00e9 jsou k dispozici v jedno\u010dinn\u00e9 (operuj\u00edc\u00ed v jednom sm\u011bru) i dvoj\u010dinn\u00e9 (operuj\u00edc\u00ed v obou sm\u011brech), mohou spl\u0148ovat r\u016fzn\u00e9 provozn\u00ed pot\u0159eby. N\u011bkter\u00e9 modely jsou teleskopick\u00e9, co\u017e umo\u017e\u0148uje v\u011bt\u0161\u00ed vysunut\u00ed bez zv\u011bt\u0161en\u00ed vn\u011bj\u0161\u00edch rozm\u011br\u016f, a proto jsou vhodn\u00e9 pro aplikace s omezen\u00fdm prostorem.<\/li>\n<li>\n<h3>Kompatibilita<\/h3>\n<p>Na\u0161e produkty dok\u00e1\u017e\u00ed dokonale nahradit st\u00e1vaj\u00edc\u00ed hydraulick\u00e9 v\u00e1lce a zajist\u00ed tak bezprobl\u00e9movou integraci a funk\u010dnost v r\u016fzn\u00fdch modelech stroj\u016f.<\/li>\n<\/ul>\n<p><img decoding=\"async\" src=\"https:\/\/www.hydraulic-cylinders.net\/wp-content\/uploads\/2025\/04\/songte-cylinder-head-with-all-kinds-excavator-models.webp\" alt=\"Obr\u00e1zek hlavy v\u00e1lc\u016f\"><\/p>\n<h2>Aplikace v\u00e1lce v\u00fdlo\u017en\u00edku<\/h2>\n<ul>\n<li>\n<h3>Stavebn\u00ed stroje<\/h3>\n<p>In excavators, boom cylinders are crucial for digging, loading, and moving earth or debris. They enable not only excavation but also the lifting of materials, enhancing the machine&#8217;s versatility and effectiveness on construction sites.<\/h3>\n<\/li>\n<li>\n<h3>Zem\u011bd\u011blsk\u00e9 stroje<\/h3>\n<p>U \u010deln\u00edch naklada\u010d\u016f tyto v\u00e1lce usnad\u0148uj\u00ed nab\u00edr\u00e1n\u00ed, zved\u00e1n\u00ed a p\u0159epravu zeminy, sena a dal\u0161\u00edch materi\u00e1l\u016f. Jejich konstrukce umo\u017e\u0148uje obsluze efektivn\u011b prov\u00e1d\u011bt zem\u011bd\u011blsk\u00e9 \u00fakoly a zvy\u0161ovat produktivitu v zem\u011bd\u011blsk\u00fdch operac\u00edch.<\/h3>\n<\/li>\n<li>\n<h3>Bagry<\/h3>\n<p>Kore\u010dkov\u00e9 v\u00e1lce umo\u017e\u0148uj\u00ed rypadl\u016fm efektivn\u011b pronikat do p\u016fdy, co\u017e usnad\u0148uje proces kop\u00e1n\u00ed. Jejich funk\u010dnost je nezbytn\u00e1 pro dosa\u017een\u00ed optim\u00e1ln\u00edho v\u00fdkonu p\u0159i r\u016fzn\u00fdch zemn\u00edch prac\u00edch.<\/h3>\n<\/li>\n<li>\n<h3>Naklada\u010de<\/h3>\n<p>U \u010deln\u00edch naklada\u010d\u016f pom\u00e1haj\u00ed v\u00e1lce v\u00fdlo\u017en\u00edku efektivn\u011b zvedat a vykl\u00e1dat b\u0159emena, co\u017e je \u010din\u00ed nepostradateln\u00fdmi pro manipulaci s materi\u00e1lem ve stavebnictv\u00ed a krajin\u00e1\u0159stv\u00ed.<\/h3>\n<\/li>\n<\/ul>\n<h2>Konstruk\u010dn\u00ed aspekty a krit\u00e9ria v\u00fdb\u011bru<\/h2>\n<ul>\n<li>\n<h3>Nosnost<\/h3>\n<p>P\u0159i v\u00fdb\u011bru v\u00e1lce v\u00fdlo\u017en\u00edku je z\u00e1sadn\u00ed zv\u00e1\u017eit jeho nosnost. V\u00e1lec mus\u00ed b\u00fdt schopen zvl\u00e1dnout maxim\u00e1ln\u00ed hmotnost, s n\u00ed\u017e se setk\u00e1 b\u011bhem provozu. To zaji\u0161\u0165uje bezpe\u010dnost a spolehlivost p\u0159i zved\u00e1n\u00ed t\u011b\u017ek\u00fdch b\u0159emen. Dostate\u010dn\u00e1 nosnost zabra\u0148uje poruch\u00e1m a prodlu\u017euje \u017eivotnost za\u0159\u00edzen\u00ed.<\/h3>\n<\/li>\n<li>\n<h3>T\u011bsn\u011bn\u00ed<\/h3>\n<p>\u00da\u010dinn\u00e9 t\u011bsn\u011bn\u00ed je z\u00e1sadn\u00ed pro prevenci \u00fanik\u016f hydraulick\u00e9 kapaliny. Vysoce kvalitn\u00ed t\u011bsn\u011bn\u00ed vyroben\u00e1 z odoln\u00fdch materi\u00e1l\u016f, jako je polyuretan a nitrilov\u00e1 pry\u017e, zvy\u0161uj\u00ed spolehlivost v\u00e1lce. Spr\u00e1vn\u00e9 t\u011bsn\u011bn\u00ed zaji\u0161\u0165uje optim\u00e1ln\u00ed v\u00fdkon a sni\u017euje n\u00e1klady na \u00fadr\u017ebu t\u00edm, \u017ee zabra\u0148uje \u00faniku kapaliny.<\/h3>\n<\/li>\n<li>\n<h3>Trvanlivost<\/h3>\n<p>Odolnost je v\u00fdznamn\u00fdm faktorem p\u0159i v\u00fdb\u011bru v\u00e1lce v\u00fdlo\u017en\u00edku. Materi\u00e1ly pou\u017eit\u00e9 p\u0159i konstrukci a celkov\u00e1 konstrukce mus\u00ed odol\u00e1vat n\u00e1ro\u010dn\u00fdm provozn\u00edm podm\u00ednk\u00e1m, v\u010detn\u011b extr\u00e9mn\u00edch teplot, vlhkosti a abrazivn\u00edch materi\u00e1l\u016f. Odoln\u00fd v\u00e1lec sni\u017euje prostoje a pot\u0159ebu \u00fadr\u017eby.<\/h3>\n<\/li>\n<li>\n<h3>Bezpe\u010dnost<\/h3>\n<p>Bezpe\u010dnostn\u00ed prvky jsou b\u011bhem provozu nezbytn\u00e9. V\u00e1lec by m\u011bl m\u00edt zabudovan\u00e9 bezpe\u010dnostn\u00ed mechanismy, kter\u00e9 zabra\u0148uj\u00ed n\u00e1hodn\u00e9 aktivaci a zaji\u0161\u0165uj\u00ed bezpe\u010dnou manipulaci s t\u011b\u017ek\u00fdmi b\u0159emeny. Dodr\u017eov\u00e1n\u00ed bezpe\u010dnostn\u00edch norem p\u0159i konstrukci a provozu pom\u00e1h\u00e1 chr\u00e1nit jak obsluhu, tak i stroje.<\/h3>\n<\/li>\n<li>\n<h3>Udr\u017eovatelnost<\/h3>\n<p>Snadn\u00e1 \u00fadr\u017eba je kl\u00ed\u010dov\u00fdm faktorem. V\u00e1lce navr\u017een\u00e9 pro jednoduch\u00e9 postupy \u00fadr\u017eby umo\u017e\u0148uj\u00ed rychl\u00e9 kontroly, maz\u00e1n\u00ed a v\u00fdm\u011bnu t\u011bsn\u011bn\u00ed. To minimalizuje provozn\u00ed p\u0159eru\u0161en\u00ed a zvy\u0161uje \u00fa\u010dinnost strojn\u00edho za\u0159\u00edzen\u00ed.<\/h3>\n<\/li>\n<\/ul>\n<p><img decoding=\"async\" src=\"https:\/\/www.hydraulic-cylinders.net\/wp-content\/uploads\/2025\/04\/songte-oil-pipes-and-spare-parts.webp\" alt=\"Obr\u00e1zek olejov\u00fdch trubek a n\u00e1hradn\u00edch d\u00edl\u016f\"><\/p>\n<h2>T\u011bsn\u011bn\u00ed a maz\u00e1n\u00ed v\u00e1lce<\/h2>\n<p>\u00da\u010dinn\u00e9 t\u011bsn\u011bn\u00ed a maz\u00e1n\u00ed jsou nezbytn\u00e9 pro dlouhou \u017eivotnost a \u00fa\u010dinnost hydraulick\u00fdch v\u00e1lc\u016f. K prevenci \u00fanik\u016f a udr\u017een\u00ed tlaku v syst\u00e9mu se pou\u017e\u00edvaj\u00ed r\u016fzn\u00e1 t\u011bsn\u011bn\u00ed, jako jsou p\u00edstn\u00ed t\u011bsn\u011bn\u00ed a t\u011bsn\u011bn\u00ed p\u00edstnice. V\u00fdb\u011br t\u011bsn\u011bn\u00ed je z\u00e1sadn\u00ed, p\u0159i\u010dem\u017e materi\u00e1ly jako polyuretan a nitrilov\u00e1 pry\u017e se up\u0159ednost\u0148uj\u00ed pro svou odolnost proti opot\u0159eben\u00ed.<\/p>\n<p>T\u011bleso v\u00e1lce a z\u00e1vitov\u00e9 koncov\u00e9 plochy jsou pe\u010dliv\u011b opracov\u00e1ny pro zv\u00fd\u0161en\u00ed odolnosti proti opot\u0159eben\u00ed a zaji\u0161t\u011bn\u00ed optim\u00e1ln\u00edho v\u00fdkonu v pr\u016fb\u011bhu \u010dasu. Pravideln\u00e9 maz\u00e1n\u00ed vhodn\u00fdm hydraulick\u00fdm olejem je tak\u00e9 nezbytn\u00e9 pro minimalizaci t\u0159en\u00ed a opot\u0159eben\u00ed mezi pohybliv\u00fdmi \u010d\u00e1stmi, co\u017e p\u0159isp\u00edv\u00e1 k celkov\u00e9 \u00fa\u010dinnosti hydraulick\u00e9ho syst\u00e9mu. Pravideln\u00e9 kontroly integrity t\u011bsn\u011bn\u00ed a hladiny maziva by m\u011bly b\u00fdt sou\u010d\u00e1st\u00ed ka\u017ed\u00e9ho pl\u00e1nu \u00fadr\u017eby, aby se p\u0159ede\u0161lo provozn\u00edm poruch\u00e1m.<\/p>\n<h2>Pravideln\u00e1 kontrola a preventivn\u00ed \u00fadr\u017eba<\/h2>\n<ul>\n<li>\n<h3>Pravideln\u00e9 kontroly<\/h3>\n<p>Prov\u00e1d\u011bn\u00ed pravideln\u00fdch kontrol je z\u00e1sadn\u00ed pro identifikaci potenci\u00e1ln\u00edch probl\u00e9m\u016f d\u0159\u00edve, ne\u017e se vyhrot\u00ed. Oper\u00e1to\u0159i by m\u011bli kontrolovat viditeln\u00e9 net\u011bsnosti, neobvykl\u00e9 zvuky a jak\u00e9koli zn\u00e1mky opot\u0159eben\u00ed. V\u010dasn\u00e9 odhalen\u00ed umo\u017e\u0148uje v\u010dasn\u00e9 z\u00e1sahy a zamezen\u00ed n\u00e1kladn\u00fdm oprav\u00e1m.<\/h3>\n<\/li>\n<li>\n<h3>Spr\u00e1vn\u00e9 maz\u00e1n\u00ed<\/h3>\n<p>Zaji\u0161t\u011bn\u00ed dostate\u010dn\u00e9ho maz\u00e1n\u00ed v\u00e1lce pom\u00e1h\u00e1 sn\u00ed\u017eit opot\u0159eben\u00ed pohybliv\u00fdch \u010d\u00e1st\u00ed. Obsluha by m\u011bla dodr\u017eovat doporu\u010den\u00ed v\u00fdrobce ohledn\u011b interval\u016f maz\u00e1n\u00ed a typ\u016f oleje. Spr\u00e1vn\u00e9 maz\u00e1n\u00ed zvy\u0161uje \u00fa\u010dinnost a \u017eivotnost hydraulick\u00e9ho syst\u00e9mu.<\/h3>\n<\/li>\n<li>\n<h3>V\u00fdm\u011bna t\u011bsn\u011bn\u00ed<\/h3>\n<p>T\u011bsn\u011bn\u00ed by m\u011bla b\u00fdt vym\u011b\u0148ov\u00e1na v doporu\u010den\u00fdch intervalech nebo kdy\u017e jsou patrn\u00e9 zn\u00e1mky opot\u0159eben\u00ed. Udr\u017eov\u00e1n\u00ed integrity t\u011bsn\u011bn\u00ed zabra\u0148uje \u00fanik\u016fm hydraulick\u00e9 kapaliny, co\u017e m\u016f\u017ee v\u00e9st k probl\u00e9m\u016fm s v\u00fdkonem a bezpe\u010dnostn\u00edm rizik\u016fm. Pravideln\u00e1 v\u00fdm\u011bna t\u011bsn\u011bn\u00ed m\u016f\u017ee v\u00fdrazn\u011b prodlou\u017eit \u017eivotnost hydraulick\u00fdch v\u00e1lc\u016f.<\/h3>\n<\/li>\n<\/ul>\n<h2>Pokyny k instalaci<\/h2>\n<p>Instalace v\u00e1lce v\u00fdlo\u017en\u00edku vy\u017eaduje pe\u010dlivou pozornost, aby byla zaji\u0161t\u011bna spr\u00e1vn\u00e1 funk\u010dnost a bezpe\u010dnost. Za\u010dn\u011bte t\u00edm, \u017ee se ujist\u00edte, \u017ee pracovn\u00ed prostor je voln\u00fd a bezpe\u010dn\u00fd pro provoz. Spr\u00e1vn\u00e9 vyrovn\u00e1n\u00ed v\u00e1lce je z\u00e1sadn\u00ed; m\u011bl by b\u00fdt zarovn\u00e1n s hydraulick\u00fdm syst\u00e9mem, aby se zabr\u00e1nilo nadm\u011brn\u00e9mu nam\u00e1h\u00e1n\u00ed a mo\u017en\u00e9mu selh\u00e1n\u00ed.<\/p>\n<p>K upevn\u011bn\u00ed v\u00e1lce na m\u00edst\u011b pou\u017eijte vhodn\u00e9 mont\u00e1\u017en\u00ed konzoly. Zajist\u011bte, aby spoje byly t\u011bsn\u00e9 a bez \u00fanik\u016f, aby byl udr\u017een hydraulick\u00fd tlak. Po instalaci prove\u010fte d\u016fkladnou kontrolu, abyste ov\u011b\u0159ili, zda jsou v\u0161echny komponenty spr\u00e1vn\u011b nainstalov\u00e1ny a funguj\u00ed podle pl\u00e1nu. P\u0159ed natlakov\u00e1n\u00edm na pln\u00fd provozn\u00ed tlak otestujte syst\u00e9m pod n\u00edzk\u00fdm tlakem, abyste zkontrolovali t\u011bsnost.<\/p>\n<h2>\u00dakoly \u00fadr\u017eby<\/h2>\n<ul>\n<li>\n<h3>Pravideln\u00e9 kontroly<\/h3>\n<p>Prov\u00e1d\u011bn\u00ed pravideln\u00fdch kontrol hydraulick\u00e9ho syst\u00e9mu umo\u017e\u0148uje v\u010dasn\u00e9 odhalen\u00ed potenci\u00e1ln\u00edch probl\u00e9m\u016f a zaji\u0161\u0165uje bezpe\u010dn\u00fd provoz. Obsluha by m\u011bla sledovat v\u00fdkon a kontrolovat jak\u00e9koli neobvykl\u00e9 chov\u00e1n\u00ed.<\/h3>\n<\/li>\n<li>\n<h3>Vhodn\u00e9 maz\u00e1n\u00ed<\/h3>\n<p>Proper lubrication is fundamental to maintaining cylinder performance. Following the manufacturer&#8217;s guidelines for lubrication frequency and type of oil is essential. Regular lubrication helps reduce wear and prolongs the life of the cylinder.<\/h3>\n<\/li>\n<li>\n<h3>V\u00fdm\u011bna a kalibrace t\u011bsn\u011bn\u00ed<\/h3>\n<p>V\u00fdm\u011bna t\u011bsn\u011bn\u00ed v p\u0159\u00edpad\u011b pot\u0159eby a prov\u00e1d\u011bn\u00ed kalibra\u010dn\u00edch kontrol zaji\u0161\u0165uje optim\u00e1ln\u00ed v\u00fdkon. Spr\u00e1vn\u011b kalibrovan\u00e9 syst\u00e9my funguj\u00ed efektivn\u011bji a bezpe\u010dn\u011bji. Pravideln\u00e1 \u00fadr\u017eba t\u011bchto sou\u010d\u00e1st\u00ed zabra\u0148uje \u00fanik\u016fm a prodlu\u017euje \u017eivotnost hydraulick\u00e9ho v\u00e1lce.<\/h3>\n<\/li>\n<\/ul>\n<p><img decoding=\"async\" src=\"https:\/\/www.hydraulic-cylinders.net\/wp-content\/uploads\/2025\/04\/songte-chushion-collar.webp\" alt=\"Obr\u00e1zek pol\u0161t\u00e1\u0159ov\u00e9ho l\u00edmce\"><\/p>\n<h2>Bezpe\u010dnostn\u00ed aspekty a faktory prost\u0159ed\u00ed<\/h2>\n<p>P\u0159i pou\u017e\u00edv\u00e1n\u00ed hydraulick\u00fdch v\u00e1lc\u016f je pochopen\u00ed bezpe\u010dnostn\u00edch opat\u0159en\u00ed z\u00e1sadn\u00ed. Obsluha by m\u011bla b\u00fdt pro\u0161kolena v rozpozn\u00e1v\u00e1n\u00ed nebezpe\u010d\u00ed spojen\u00fdch s hydraulick\u00fdmi syst\u00e9my, v\u010detn\u011b rizik vysok\u00e9ho tlaku a d\u016fle\u017eitosti osobn\u00edch ochrann\u00fdch prost\u0159edk\u016f. Dodr\u017eov\u00e1n\u00ed bezpe\u010dnostn\u00edch protokol\u016f m\u016f\u017ee p\u0159edej\u00edt nehod\u00e1m a zran\u011bn\u00edm.<\/p>\n<p>Z hlediska \u017eivotn\u00edho prost\u0159ed\u00ed je z\u00e1sadn\u00ed spr\u00e1vn\u011b hospoda\u0159it s hydraulick\u00fdmi kapalinami, aby se zabr\u00e1nilo \u00fanik\u016fm a rozlit\u00edm, kter\u00e9 by mohly po\u0161kodit ekosyst\u00e9m. Pravideln\u00e1 \u00fadr\u017eba a kontroly pom\u00e1haj\u00ed zajistit, aby hydraulick\u00e9 syst\u00e9my fungovaly efektivn\u011b a bezpe\u010dn\u011b a minimalizovaly dopad na \u017eivotn\u00ed prost\u0159ed\u00ed.<\/p>\n<h2>Odstra\u0148ov\u00e1n\u00ed probl\u00e9m\u016f a b\u011b\u017en\u00e9 probl\u00e9my<\/h2>\n<ul>\n<li>\n<h3>\u00danik<\/h3>\n<p>\u00daniky hydraulick\u00e9 kapaliny mohou nastat v d\u016fsledku opot\u0159ebovan\u00fdch t\u011bsn\u011bn\u00ed nebo uvoln\u011bn\u00fdch spoj\u016f. Zkontrolujte t\u011bsn\u011bn\u00ed, zda nejsou opot\u0159ebovan\u00e1, a ujist\u011bte se, \u017ee v\u0161echny spoje jsou t\u011bsn\u00e9. V\u00fdm\u011bna opot\u0159ebovan\u00fdch t\u011bsn\u011bn\u00ed a spr\u00e1vn\u00e9 zaji\u0161t\u011bn\u00ed spoj\u016f m\u016f\u017ee tento probl\u00e9m vy\u0159e\u0161it.<\/h3>\n<\/li>\n<li>\n<h3>\u0160patn\u00fd v\u00fdkon<\/h3>\n<p>Pokud v\u00e1lec nereaguje spr\u00e1vn\u011b, zkontrolujte, zda v syst\u00e9mu nen\u00ed dostate\u010dn\u00e1 hladina hydraulick\u00e9 kapaliny nebo zda se v n\u011bm nenach\u00e1z\u00ed vzduch. Odvzdu\u0161n\u011bn\u00ed syst\u00e9mu a zaji\u0161t\u011bn\u00ed spr\u00e1vn\u00e9 hladiny kapalin m\u016f\u017ee zlep\u0161it v\u00fdkon.<\/h3>\n<\/li>\n<li>\n<h3>Neobvykl\u00e9 zvuky<\/h3>\n<p>Neobvykl\u00e9 zvuky mohou nazna\u010dovat vnit\u0159n\u00ed po\u0161kozen\u00ed nebo nedostatek maz\u00e1n\u00ed. Zkontrolujte v\u00e1lec, zda nen\u00ed po\u0161kozen\u00fd, a ujist\u011bte se, \u017ee je spr\u00e1vn\u011b promaz\u00e1n, abyste p\u0159ede\u0161li dal\u0161\u00edm probl\u00e9m\u016fm.<\/h3>\n<\/li>\n<\/ul>\n<h2>Tipy pro \u0159e\u0161en\u00ed probl\u00e9m\u016f<\/h2>\n<p>Pro efektivn\u00ed diagnostiku a \u0159e\u0161en\u00ed probl\u00e9m\u016f by oper\u00e1to\u0159i m\u011bli dodr\u017eovat systematick\u00fd p\u0159\u00edstup. Za\u010dn\u011bte kontrolou viditeln\u00fdch net\u011bsnost\u00ed a abnorm\u00e1ln\u00edch zvuk\u016f. Ujist\u011bte se, \u017ee je hladina hydraulick\u00e9 kapaliny dostate\u010dn\u00e1 a \u017ee syst\u00e9m neobsahuje vzduchov\u00e9 kapsy. Pravideln\u00e1 preventivn\u00ed opat\u0159en\u00ed, jako je b\u011b\u017en\u00e1 \u00fadr\u017eba a kontroly, mohou v\u00fdrazn\u011b sn\u00ed\u017eit pravd\u011bpodobnost v\u00fdskytu t\u011bchto probl\u00e9m\u016f.<\/p>\n<p>Dodr\u017eov\u00e1n\u00edm spr\u00e1vn\u00fdch pokyn\u016f pro \u00fadr\u017ebu a proaktivn\u00edm \u0159e\u0161en\u00edm probl\u00e9m\u016f mohou oper\u00e1to\u0159i prodlou\u017eit \u017eivotnost hydraulick\u00fdch v\u00e1lc\u016f a udr\u017eet si provozn\u00ed efektivitu.<\/p>\n<p><img decoding=\"async\" src=\"https:\/\/www.hydraulic-cylinders.net\/wp-content\/uploads\/2025\/04\/songte-bushings-with-all-kinds-of-excavator-models.webp\" alt=\"Obr\u00e1zek pouzder\"><\/p>\n<h2>O na\u0161\u00ed spole\u010dnosti<\/h2>\n<p>Jsme p\u0159edn\u00edm v\u00fdrobcem hydraulick\u00fdch v\u00e1lc\u016f, specializuj\u00edc\u00edm se na dod\u00e1vky vysoce kvalitn\u00edch n\u00e1hradn\u00edch v\u00e1lc\u016f pro r\u016fzn\u00e9 aplikace. D\u00edky na\u0161emu \u0161irok\u00e9mu sortimentu produkt\u016f jsme kl\u00ed\u010dov\u00fdm hr\u00e1\u010dem na dom\u00e1c\u00edm i mezin\u00e1rodn\u00edm trhu. Jsme hrd\u00ed na n\u00e1\u0161 z\u00e1vazek k dokonalosti a propracovan\u00e9 strategie \u0159\u00edzen\u00ed v\u00fdroby, kter\u00e9 vyu\u017e\u00edvaj\u00ed pokro\u010dil\u00e9 v\u00fdrobn\u00ed technologie a profesion\u00e1ln\u00ed testovac\u00ed syst\u00e9my.<\/p>\n<p>S d\u016frazem na kvalitu neust\u00e1le vylep\u0161ujeme na\u0161e v\u00fdrobn\u00ed procesy, \u010d\u00edm\u017e zaji\u0161\u0165ujeme vysokou efektivitu, p\u0159esnost a kvalitu v\u00fdrobk\u016f. Na\u0161e odborn\u00e9 znalosti n\u00e1m umo\u017e\u0148uj\u00ed uspokojovat rozmanit\u00e9 pot\u0159eby z\u00e1kazn\u00edk\u016f a nab\u00edzet \u0159e\u0161en\u00ed na m\u00edru, kter\u00e1 spl\u0148uj\u00ed mezin\u00e1rodn\u00ed standardy.<\/p>\n<p><img decoding=\"async\" src=\"https:\/\/www.hydraulic-cylinders.net\/wp-content\/uploads\/2025\/04\/songte-company-4.webp\" alt=\"Image spole\u010dnosti\"><br \/>\n<img decoding=\"async\" src=\"https:\/\/www.hydraulic-cylinders.net\/wp-content\/uploads\/2025\/04\/songte-company-3.webp\" alt=\"Image spole\u010dnosti\"><\/p>\n<p>Autor: lyl<\/p>","protected":false},"excerpt":{"rendered":"<p>Boom Cylinder For Bonny WAYDQ50-5 Introduction to Boom Cylinder The Boom Cylinder, specifically designed for the Bonny WAYDQ50-5, is a vital component in hydraulic systems that control the movement of heavy machinery buckets. This hydraulic cylinder is primarily used to manage the operation of buckets in excavators, backhoes, and front loaders, allowing the bucket to [&hellip;]<\/p>","protected":false},"featured_media":17880,"comment_status":"open","ping_status":"closed","template":"","meta":{"_et_pb_use_builder":"","_et_pb_old_content":"","_et_gb_content_width":""},"product_brand":[],"product_cat":[1546],"product_tag":[1547,1496],"class_list":{"0":"post-19662","1":"product","2":"type-product","3":"status-publish","4":"has-post-thumbnail","6":"product_cat-boom-cylinders","7":"product_tag-boom-cylinders","8":"product_tag-hydraulic-cylinders","10":"first","11":"instock","12":"shipping-taxable","13":"product-type-simple"},"amp_enabled":true,"_links":{"self":[{"href":"https:\/\/www.hydraulic-cylinders.net\/cs\/wp-json\/wp\/v2\/product\/19662","targetHints":{"allow":["GET"]}}],"collection":[{"href":"https:\/\/www.hydraulic-cylinders.net\/cs\/wp-json\/wp\/v2\/product"}],"about":[{"href":"https:\/\/www.hydraulic-cylinders.net\/cs\/wp-json\/wp\/v2\/types\/product"}],"replies":[{"embeddable":true,"href":"https:\/\/www.hydraulic-cylinders.net\/cs\/wp-json\/wp\/v2\/comments?post=19662"}],"wp:featuredmedia":[{"embeddable":true,"href":"https:\/\/www.hydraulic-cylinders.net\/cs\/wp-json\/wp\/v2\/media\/17880"}],"wp:attachment":[{"href":"https:\/\/www.hydraulic-cylinders.net\/cs\/wp-json\/wp\/v2\/media?parent=19662"}],"wp:term":[{"taxonomy":"product_brand","embeddable":true,"href":"https:\/\/www.hydraulic-cylinders.net\/cs\/wp-json\/wp\/v2\/product_brand?post=19662"},{"taxonomy":"product_cat","embeddable":true,"href":"https:\/\/www.hydraulic-cylinders.net\/cs\/wp-json\/wp\/v2\/product_cat?post=19662"},{"taxonomy":"product_tag","embeddable":true,"href":"https:\/\/www.hydraulic-cylinders.net\/cs\/wp-json\/wp\/v2\/product_tag?post=19662"}],"curies":[{"name":"wp","href":"https:\/\/api.w.org\/{rel}","templated":true}]}}