{"id":19663,"date":"2025-04-07T07:00:25","date_gmt":"2025-04-07T07:00:25","guid":{"rendered":"https:\/\/www.hydraulic-cylinders.net\/product\/boom-cylinder-for-bonny-ced460-8-ced480-9\/"},"modified":"2025-04-07T07:00:28","modified_gmt":"2025-04-07T07:00:28","slug":"boom-cylinder-for-bonny-ced460-8-ced480-9","status":"publish","type":"product","link":"https:\/\/www.hydraulic-cylinders.net\/cs\/produkt\/boom-cylinder-for-bonny-ced460-8-ced480-9\/","title":{"rendered":"V\u00e1lec v\u00fdlo\u017en\u00edku pro Bonny CED460-8\/CED480-9"},"content":{"rendered":"<h1>V\u00e1lec v\u00fdlo\u017en\u00edku pro Bonny CED460-8\/CED480-9<\/h1>\n<h2>P\u0159ehled produktu<\/h2>\n<p>Hydraulick\u00fd v\u00e1lec v\u00fdlo\u017en\u00edku je z\u00e1kladn\u00ed sou\u010d\u00e1st\u00ed t\u011b\u017ek\u00fdch stroj\u016f, speci\u00e1ln\u011b navr\u017eenou pro ovl\u00e1d\u00e1n\u00ed pohybu l\u017e\u00edc v bagrech, rypadlech-naklada\u010d\u00edch a \u010deln\u00edch naklada\u010d\u00edch. Tento hydraulick\u00fd v\u00e1lec umo\u017e\u0148uje obsluze efektivn\u011b zvedat, spou\u0161t\u011bt a nakl\u00e1n\u011bt l\u017e\u00edci, co\u017e usnad\u0148uje r\u016fzn\u00e9 \u00fakoly manipulace s materi\u00e1lem. V\u00e1lec l\u017e\u00edce, typ hydraulick\u00e9ho v\u00e1lce, funguje na principu p\u0159em\u011bny hydraulick\u00e9 energie na mechanickou energii pro p\u0159esn\u00fd pohyb l\u017e\u00edce.<\/p>\n<p><img decoding=\"async\" src=\"https:\/\/www.hydraulic-cylinders.net\/wp-content\/uploads\/2025\/04\/songte-company-1.webp\" alt=\"V\u00e1lec v\u00fdlo\u017en\u00edku\" \/><\/p>\n<h3>Pochopen\u00ed kore\u010dkov\u00fdch v\u00e1lc\u016f<\/h3>\n<p>V\u00e1lce kore\u010dk\u016f hraj\u00ed kl\u00ed\u010dovou roli v hydraulick\u00fdch syst\u00e9mech a umo\u017e\u0148uj\u00ed efektivn\u00ed provoz stavebn\u00edch a zem\u011bd\u011blsk\u00fdch stroj\u016f. Funguj\u00ed na principu vyu\u017eit\u00ed tlaku hydraulick\u00e9ho oleje, co\u017e umo\u017e\u0148uje plynul\u00e9 vysouv\u00e1n\u00ed a zasouv\u00e1n\u00ed. Tato funkce je kl\u00ed\u010dov\u00e1 pro \u00fakoly, jako je kop\u00e1n\u00ed, zved\u00e1n\u00ed a p\u0159eprava materi\u00e1l\u016f, co\u017e je \u010din\u00ed nepostradateln\u00fdmi v t\u011b\u017ek\u00fdch aplikac\u00edch.<\/p>\n<h2>Vlastnosti v\u00e1lce v\u00fdlo\u017en\u00edku<\/h2>\n<ul>\n<li><strong>Vysok\u00e1 pevnost a trvanlivost:<\/strong> Tyto v\u00e1lce, vyroben\u00e9 z vysokopevnostn\u00ed oceli nebo hlin\u00edku, odol\u00e1vaj\u00ed vysok\u00e9mu tlaku a velk\u00e9mu zat\u00ed\u017een\u00ed a z\u00e1rove\u0148 se p\u0159izp\u016fsob\u00ed n\u00e1ro\u010dn\u00e9mu pracovn\u00edmu prost\u0159ed\u00ed. Jsou navr\u017eeny s ohledem na odolnost proti opot\u0159eben\u00ed a korozi, co\u017e prodlu\u017euje jejich \u017eivotnost.<\/li>\n<li><strong>Efektivn\u00ed hydraulick\u00fd provoz:<\/strong> V\u00e1lec vyu\u017e\u00edv\u00e1 hydraulick\u00fd tlak oleje pro plynul\u00e9 vysouv\u00e1n\u00ed a zasouv\u00e1n\u00ed, rychle reaguje na povely obsluhy a poskytuje siln\u00e9 ta\u017en\u00e9 s\u00edly, ide\u00e1ln\u00ed pro zvl\u00e1d\u00e1n\u00ed t\u011b\u017ek\u00fdch a slo\u017eit\u00fdch \u00fakol\u016f.<\/li>\n<li><strong>R\u016fzn\u00e9 typy:<\/strong> K dispozici v jedno\u010dinn\u00e9m (s vyu\u017eit\u00edm hydraulick\u00e9 s\u00edly v jednom sm\u011bru) nebo dvoj\u010dinn\u00e9m (s vyu\u017eit\u00edm hydraulick\u00e9 s\u00edly v obou sm\u011brech) proveden\u00ed, co\u017e umo\u017e\u0148uje r\u016fzn\u00e9 provozn\u00ed pot\u0159eby. N\u011bkter\u00e9 modely jsou teleskopick\u00e9, co\u017e umo\u017e\u0148uje v\u011bt\u0161\u00ed v\u00fdsuv bez zv\u011bt\u0161en\u00ed vn\u011bj\u0161\u00edch rozm\u011br\u016f, co\u017e je v\u00fdhodn\u00e9 pro aplikace s omezen\u00fdm prostorem.<\/li>\n<\/ul>\n<p>Tento produkt dok\u00e1\u017eeme vyrobit a na\u0161e nab\u00eddka tyto hydraulick\u00e9 v\u00e1lce dokonale nahrazuje.<\/p>\n<p><img decoding=\"async\" src=\"https:\/\/www.hydraulic-cylinders.net\/wp-content\/uploads\/2025\/04\/songte-cylinder-head-with-all-kinds-excavator-models.webp\" alt=\"Hlava v\u00e1lc\u016f\" \/><\/p>\n<h2>Aplikace v\u00e1lce v\u00fdlo\u017en\u00edku<\/h2>\n<h3>Stavebn\u00ed stroje<\/h3>\n<p>U bagr\u016f jsou v\u00e1lce v\u00fdlo\u017en\u00edku nezbytn\u00e9 pro kop\u00e1n\u00ed, nakl\u00e1d\u00e1n\u00ed a p\u0159emis\u0165ov\u00e1n\u00ed zeminy nebo suti. Poskytuj\u00ed pot\u0159ebnou s\u00edlu pro pronik\u00e1n\u00ed do zem\u011b a efektivn\u00ed zved\u00e1n\u00ed materi\u00e1l\u016f. Podobn\u011b u rypadlo-naklada\u010d\u016f pom\u00e1h\u00e1 v\u00e1lec kope\u010dku p\u0159i kop\u00e1n\u00ed i zved\u00e1n\u00ed, \u010d\u00edm\u017e maximalizuje produktivitu na staveni\u0161t\u00edch.<\/p>\n<h3>Zem\u011bd\u011blsk\u00e9 stroje<\/h3>\n<p>U \u010deln\u00edch naklada\u010d\u016f jsou tyto v\u00e1lce kl\u00ed\u010dov\u00e9 pro nab\u00edr\u00e1n\u00ed, zved\u00e1n\u00ed a p\u0159epravu p\u016fdy, sena a dal\u0161\u00edch materi\u00e1l\u016f. Jejich spolehliv\u00fd v\u00fdkon je \u010din\u00ed nepostradateln\u00fdmi v zem\u011bd\u011blsk\u00fdch aplikac\u00edch, kde je v\u010dasn\u00e1 manipulace s materi\u00e1lem pro zem\u011bd\u011blsk\u00e9 operace z\u00e1sadn\u00ed.<\/p>\n<h3>Bagry<\/h3>\n<p>V\u00e1lec l\u017e\u00edce umo\u017e\u0148uje l\u017e\u00edci proniknout do p\u016fdy, co\u017e umo\u017e\u0148uje efektivn\u00ed kop\u00e1n\u00ed. Tato schopnost v\u00fdrazn\u011b zlep\u0161uje proces v\u00fdkopu a zaji\u0161\u0165uje efektivn\u00ed dokon\u010den\u00ed \u00fakol\u016f v po\u017eadovan\u00fdch \u010dasov\u00fdch r\u00e1mc\u00edch.<\/p>\n<h3>Naklada\u010de<\/h3>\n<p>U \u010deln\u00edch naklada\u010d\u016f pom\u00e1haj\u00ed v\u00e1lce v\u00fdlo\u017en\u00edku efektivn\u011b zvedat a vykl\u00e1p\u011bt b\u0159emena, co\u017e zaji\u0161\u0165uje rychlou a p\u0159esnou manipulaci s materi\u00e1lem. Jejich robustn\u00ed konstrukce pom\u00e1h\u00e1 p\u0159i prov\u00e1d\u011bn\u00ed \u00fakol\u016f, kter\u00e9 vy\u017eaduj\u00ed zna\u010dnou zvedac\u00ed s\u00edlu.<\/p>\n<h2>Konstruk\u010dn\u00ed aspekty a krit\u00e9ria v\u00fdb\u011bru<\/h2>\n<h3>Nosnost<\/h3>\n<p>P\u0159i v\u00fdb\u011bru v\u00e1lce v\u00fdlo\u017en\u00edku je prvo\u0159ad\u00e9 pochopen\u00ed nosnosti. Hydraulick\u00fd v\u00e1lec mus\u00ed b\u00fdt schopen odolat maxim\u00e1ln\u00edmu zat\u00ed\u017een\u00ed, kter\u00e9mu bude b\u011bhem provozu \u010delit. To zaji\u0161\u0165uje nejen \u00fa\u010dinnost, ale tak\u00e9 bezpe\u010dnost p\u0159i pou\u017e\u00edv\u00e1n\u00ed. V\u00fdrobci \u010dasto uv\u00e1d\u011bj\u00ed specifikace s podrobnostmi o limitech zat\u00ed\u017een\u00ed, kter\u00e9 je t\u0159eba dodr\u017eovat pro optim\u00e1ln\u00ed v\u00fdkon.<\/p>\n<h3>T\u011bsn\u011bn\u00ed<\/h3>\n<p>\u00da\u010dinn\u00e9 t\u011bsn\u011bn\u00ed je pro hydraulick\u00e9 v\u00e1lce z\u00e1sadn\u00ed, aby se zabr\u00e1nilo \u00faniku kapaliny. Volba t\u011bsn\u011bn\u00ed m\u016f\u017ee v\u00fdrazn\u011b ovlivnit \u017eivotnost a \u00fa\u010dinnost v\u00e1lce. Doporu\u010duj\u00ed se vysoce kvalitn\u00ed t\u011bsn\u011bn\u00ed vyroben\u00e1 z materi\u00e1l\u016f, jako je polyuretan nebo nitrilov\u00e1 pry\u017e, proto\u017ee vykazuj\u00ed vynikaj\u00edc\u00ed odolnost proti opot\u0159eben\u00ed.<\/p>\n<h3>Trvanlivost<\/h3>\n<p>Trvanlivost je kl\u00ed\u010dov\u00fdm aspektem p\u0159i v\u00fdb\u011bru v\u00e1lce v\u00fdlo\u017en\u00edku, zejm\u00e9na v n\u00e1ro\u010dn\u00fdch prost\u0159ed\u00edch. V\u00e1lce by m\u011bly b\u00fdt navr\u017eeny tak, aby odolaly n\u00e1ro\u010dn\u00fdm podm\u00ednk\u00e1m, v\u010detn\u011b extr\u00e9mn\u00edch teplot a vystaven\u00ed pov\u011btrnostn\u00edm vliv\u016fm. Pravideln\u00e9 kontroly a v\u00fdb\u011br vysoce kvalitn\u00edch materi\u00e1l\u016f mohou zv\u00fd\u0161it trvanlivost produktu.<\/p>\n<h3>Bezpe\u010dnost<\/h3>\n<p>Bezpe\u010dnostn\u00ed prvky jsou ned\u00edlnou sou\u010d\u00e1st\u00ed konstrukce hydraulick\u00fdch v\u00e1lc\u016f. Pat\u0159\u00ed sem pojistn\u00e9 ventily a mechanismy pro pojistn\u00e9 p\u0159etlaky, kter\u00e9 zabra\u0148uj\u00ed p\u0159et\u00ed\u017een\u00ed a potenci\u00e1ln\u00edm poruch\u00e1m. Pravideln\u00e9 kontroly \u00fadr\u017eby mohou d\u00e1le zm\u00edrnit rizika spojen\u00e1 s hydraulick\u00fdmi poruchami.<\/p>\n<h3>\u00dadr\u017eba a provozuschopnost<\/h3>\n<p>P\u0159i v\u00fdb\u011bru v\u00e1lce v\u00fdlo\u017en\u00edku je t\u0159eba zv\u00e1\u017eit snadnou \u00fadr\u017ebu a servis. Vlastnosti, jako jsou snadno p\u0159\u00edstupn\u00e9 komponenty pro kontroly a \u00fapravy, mohou v\u00fdrazn\u011b sn\u00ed\u017eit prostoje a n\u00e1klady na opravy. U\u017eivatel\u00e9 by tak\u00e9 m\u011bli m\u00edt k dispozici pokyny pro b\u011b\u017enou \u00fadr\u017ebu, aby zajistili, \u017ee v\u00e1lec z\u016fstane v optim\u00e1ln\u00edm provozn\u00edm stavu.<\/p>\n<p><img decoding=\"async\" src=\"https:\/\/www.hydraulic-cylinders.net\/wp-content\/uploads\/2025\/04\/songte-oil-pipes-and-spare-parts.webp\" alt=\"Olejov\u00e9 trubky a n\u00e1hradn\u00ed d\u00edly\" \/><\/p>\n<h2>T\u011bsn\u011bn\u00ed a maz\u00e1n\u00ed<\/h2>\n<p>Spr\u00e1vn\u00e9 t\u011bsn\u011bn\u00ed a maz\u00e1n\u00ed jsou z\u00e1sadn\u00ed pro efektivn\u00ed fungov\u00e1n\u00ed hydraulick\u00fdch v\u00e1lc\u016f. K zaji\u0161t\u011bn\u00ed toho, aby hydraulick\u00e1 kapalina z\u016fstala uvnit\u0159 v\u00e1lce, se pou\u017e\u00edvaj\u00ed r\u016fzn\u00e9 t\u011bsnic\u00ed komponenty, jako jsou t\u011bsn\u011bn\u00ed p\u00edst\u016f a t\u011bsn\u011bn\u00ed p\u00edstnic. V\u00fdb\u011br odoln\u00fdch materi\u00e1l\u016f pro t\u011bsn\u011bn\u00ed, jako je polyuretan a nitrilov\u00e1 pry\u017e, je nezbytn\u00fd pro zachov\u00e1n\u00ed integrity v\u00e1lce. T\u011bleso v\u00e1lce a z\u00e1vitov\u00e9 koncov\u00e9 plochy by nav\u00edc m\u011bly b\u00fdt jemn\u011b opracov\u00e1ny, aby se zv\u00fd\u0161ila odolnost proti opot\u0159eben\u00ed. Pravideln\u00e9 maz\u00e1n\u00ed hydraulick\u00fdm olejem je nezbytn\u00e9 pro minimalizaci t\u0159en\u00ed a opot\u0159eben\u00ed, co\u017e zaji\u0161\u0165uje hladk\u00fd chod a dlouhou \u017eivotnost v\u00e1lce.<\/p>\n<h2>Preventivn\u00ed \u00fadr\u017ebov\u00e1 opat\u0159en\u00ed<\/h2>\n<ul>\n<li><strong>Pravideln\u00e9 kontroly:<\/strong> Prov\u00e1d\u011bjte pravideln\u00e9 vizu\u00e1ln\u00ed a funk\u010dn\u00ed kontroly, abyste identifikovali jak\u00e9koli zn\u00e1mky net\u011bsnosti nebo opot\u0159eben\u00ed. Tento proaktivn\u00ed p\u0159\u00edstup pom\u00e1h\u00e1 v\u010das odhalit potenci\u00e1ln\u00ed probl\u00e9my a sni\u017euje riziko poruch.<\/li>\n<li><strong>Spr\u00e1vn\u00e9 maz\u00e1n\u00ed:<\/strong> Zajist\u011bte, aby hladina hydraulick\u00e9ho oleje byla dostate\u010dn\u00e1 a aby maz\u00e1n\u00ed bylo prov\u00e1d\u011bno podle pokyn\u016f v\u00fdrobce. To pom\u016f\u017ee udr\u017eet v\u00fdkon a \u017eivotnost v\u00e1lce.<\/li>\n<li><strong>V\u00fdm\u011bna t\u011bsn\u011bn\u00ed:<\/strong> Pravideln\u011b kontrolujte a v p\u0159\u00edpad\u011b pot\u0159eby vym\u011b\u0148ujte t\u011bsn\u011bn\u00ed, abyste zabr\u00e1nili \u00fanik\u016fm a udr\u017eeli \u00fa\u010dinnost hydraulick\u00e9ho syst\u00e9mu.<\/li>\n<\/ul>\n<h2>Pokyny k instalaci<\/h2>\n<p>Spr\u00e1vn\u00e1 instalace v\u00e1lce v\u00fdlo\u017en\u00edku je z\u00e1sadn\u00ed pro zaji\u0161t\u011bn\u00ed jeho efektivn\u00edho provozu. P\u0159ed zah\u00e1jen\u00edm jak\u00e9koli instalace za\u010dn\u011bte t\u00edm, \u017ee se ujist\u00edte, \u017ee je hydraulick\u00fd syst\u00e9m bez tlaku. V\u00e1lec spr\u00e1vn\u011b vyrovnejte s mont\u00e1\u017en\u00edmi konzolami a ujist\u011bte se, \u017ee je bezpe\u010dn\u011b upevn\u011bn. Pou\u017eijte vhodn\u00e9 mont\u00e1\u017en\u00ed p\u0159\u00edslu\u0161enstv\u00ed, abyste zabr\u00e1nili jeho pohybu b\u011bhem provozu. Je tak\u00e9 nezbytn\u00e9 zkontrolovat hydraulick\u00e9 spoje a ujistit se, \u017ee jsou t\u011bsn\u00e9. B\u011bhem instalace dodr\u017eujte v\u0161echny specifikace a pokyny v\u00fdrobce, abyste zajistili optim\u00e1ln\u00ed v\u00fdkon a bezpe\u010dnost. Nakonec po instalaci prove\u010fte zku\u0161ebn\u00ed provoz, abyste ov\u011b\u0159ili, \u017ee v\u00e1lec pracuje hladce a efektivn\u011b.<\/p>\n<p><img decoding=\"async\" src=\"https:\/\/www.hydraulic-cylinders.net\/wp-content\/uploads\/2025\/04\/songte-chushion-collar.webp\" alt=\"Pol\u0161t\u00e1\u0159ov\u00fd l\u00edmec\" \/><\/p>\n<h2>B\u011b\u017en\u00e9 \u00fakoly \u00fadr\u017eby<\/h2>\n<h3>Pravideln\u00e9 kontroly<\/h3>\n<p>Zave\u010fte pravidelnou kontrolu v\u00e1lce v\u00fdlo\u017en\u00edku, abyste odhalili p\u0159\u00edpadn\u00e9 probl\u00e9my d\u0159\u00edve, ne\u017e se vyhrot\u00ed. To zahrnuje kontrolu net\u011bsnost\u00ed, kontrolu neporu\u0161enosti t\u011bsn\u011bn\u00ed a zaji\u0161t\u011bn\u00ed dostate\u010dn\u00e9 hladiny hydraulick\u00e9 kapaliny. Pravideln\u00e9 kontroly pomohou udr\u017eet \u0161pi\u010dkov\u00fd v\u00fdkon a p\u0159edej\u00edt n\u00e1kladn\u00fdm oprav\u00e1m.<\/p>\n<h3>Vhodn\u00e9 maz\u00e1n\u00ed<\/h3>\n<p>Spr\u00e1vn\u00e9 maz\u00e1n\u00ed hydraulick\u00e9ho v\u00e1lce je z\u00e1sadn\u00ed pro sn\u00ed\u017een\u00ed t\u0159en\u00ed a opot\u0159eben\u00ed. Hydraulick\u00fd olej aplikujte podle doporu\u010den\u00ed v\u00fdrobce a zajist\u011bte rovnom\u011brn\u00e9 maz\u00e1n\u00ed v cel\u00e9m v\u00e1lci. Tento postup v\u00fdznamn\u011b p\u0159isp\u00edv\u00e1 k dlouhov\u011bkosti a \u00fa\u010dinnosti provozu v\u00e1lce.<\/p>\n<h3>V\u00fdm\u011bna a kalibrace t\u011bsn\u011bn\u00ed<\/h3>\n<p>Postupem \u010dasu se t\u011bsn\u011bn\u00ed mohou opot\u0159ebovat a je nutn\u00e9 je vym\u011bnit, aby se zachovala hydraulick\u00e1 \u00fa\u010dinnost. Pravideln\u011b kontrolujte stav t\u011bsn\u011bn\u00ed a v p\u0159\u00edpad\u011b pot\u0159eby je vym\u011b\u0148te. Kalibrace hydraulick\u00e9ho syst\u00e9mu zaji\u0161\u0165uje, \u017ee v\u00e1lec pracuje v r\u00e1mci po\u017eadovan\u00fdch specifikac\u00ed, \u010d\u00edm\u017e se zvy\u0161uje v\u00fdkon a bezpe\u010dnost. Spr\u00e1vn\u00e1 instalace, maz\u00e1n\u00ed a se\u0159\u00edzen\u00ed v\u00e1lce jsou z\u00e1sadn\u00ed pro zachov\u00e1n\u00ed jeho \u017eivotnosti.<\/p>\n<h2>Bezpe\u010dnostn\u00ed aspekty a faktory prost\u0159ed\u00ed<\/h2>\n<p>P\u0159i pr\u00e1ci s hydraulick\u00fdmi v\u00e1lci nelze p\u0159ehl\u00ed\u017eet bezpe\u010dnostn\u00ed opat\u0159en\u00ed. Zajist\u011bte, aby v\u0161ichni oper\u00e1to\u0159i byli pro\u0161koleni v bezpe\u010dn\u00e9 manipulaci s hydraulick\u00fdm za\u0159\u00edzen\u00edm a rozum\u011bli potenci\u00e1ln\u00edm rizik\u016fm spojen\u00fdm s vysokotlak\u00fdmi syst\u00e9my. Pou\u017e\u00edvejte vhodn\u00e9 osobn\u00ed ochrann\u00e9 prost\u0159edky (OOP) a dodr\u017eujte v\u0161echny bezpe\u010dnostn\u00ed pokyny v\u00fdrobce. B\u011bhem provozu zva\u017ete tak\u00e9 faktory prost\u0159ed\u00ed; vyhn\u011bte se pou\u017e\u00edv\u00e1n\u00ed hydraulick\u00fdch v\u00e1lc\u016f v extr\u00e9mn\u00edch podm\u00ednk\u00e1ch, kter\u00e9 by mohly ohrozit jejich v\u00fdkon nebo bezpe\u010dnost. Pravideln\u00e1 \u00fadr\u017eba a dodr\u017eov\u00e1n\u00ed bezpe\u010dnostn\u00edch protokol\u016f v\u00fdrazn\u011b sn\u00ed\u017e\u00ed rizika a zv\u00fd\u0161\u00ed provozn\u00ed bezpe\u010dnost.<\/p>\n<h2>Odstra\u0148ov\u00e1n\u00ed probl\u00e9m\u016f a b\u011b\u017en\u00e9 probl\u00e9my<\/h2>\n<ul>\n<li><strong>\u00danik:<\/strong> Pokud si v\u0161imnete \u00faniku hydraulick\u00e9 kapaliny z v\u00e1lce, zkontrolujte t\u011bsn\u011bn\u00ed a spoje. Vym\u011b\u0148te opot\u0159ebovan\u00e1 t\u011bsn\u011bn\u00ed a ujist\u011bte se, \u017ee jsou v\u0161echny spoje t\u011bsn\u00e9.<\/li>\n<li><strong>Pomal\u00fd provoz:<\/strong> M\u016f\u017ee to b\u00fdt zn\u00e1mkou n\u00edzk\u00e9 hladiny hydraulick\u00e9 kapaliny nebo jej\u00edho zne\u010di\u0161t\u011bn\u00ed. Zkontrolujte hladiny a kvalitu kapaliny a v p\u0159\u00edpad\u011b pot\u0159eby ji vym\u011b\u0148te.<\/li>\n<li><strong>Neobvykl\u00e9 zvuky:<\/strong> Sk\u0159\u00edpav\u00e9 nebo klepav\u00e9 zvuky mohou nazna\u010dovat mechanick\u00e9 probl\u00e9my uvnit\u0159 v\u00e1lce. V takov\u00fdch p\u0159\u00edpadech okam\u017eit\u011b zastavte provoz a zkontrolujte, zda nen\u00ed po\u0161kozen.<\/li>\n<\/ul>\n<h2>Tipy pro \u0159e\u0161en\u00ed probl\u00e9m\u016f<\/h2>\n<p>Abyste mohli efektivn\u011b \u0159e\u0161it probl\u00e9my s hydraulick\u00fdmi v\u00e1lci, za\u010dn\u011bte d\u016fkladnou diagnostikou probl\u00e9mu na z\u00e1klad\u011b symptom\u016f. Pokud je k dispozici, pou\u017eijte pr\u016fvodce od v\u00fdrobce pro \u0159e\u0161en\u00ed probl\u00e9m\u016f a v p\u0159\u00edpad\u011b slo\u017eit\u00fdch probl\u00e9m\u016f se nev\u00e1hejte poradit s odborn\u00edkem. Preventivn\u00ed opat\u0159en\u00ed, jako je pravideln\u00e1 \u00fadr\u017eba a v\u010dasn\u00e9 kontroly, jsou kl\u00ed\u010dem k minimalizaci potenci\u00e1ln\u00edch probl\u00e9m\u016f. Pokud budete ostra\u017eit\u00ed a budete proaktivn\u00ed, m\u016f\u017eete zajistit, aby va\u0161e hydraulick\u00e9 syst\u00e9my i nad\u00e1le fungovaly hladce a efektivn\u011b.<\/p>\n<p><img decoding=\"async\" src=\"https:\/\/www.hydraulic-cylinders.net\/wp-content\/uploads\/2025\/04\/songte-bushings-with-all-kinds-of-excavator-models.webp\" alt=\"Pouzdra\" \/><\/p>\n<h2>O na\u0161\u00ed spole\u010dnosti<\/h2>\n<p>Jsme p\u0159edn\u00edm v\u00fdrobcem a velkoobchodn\u00edkem hydraulick\u00fdch v\u00e1lc\u016f a nab\u00edz\u00edme komplexn\u00ed sortiment produkt\u016f pro dom\u00e1c\u00ed i mezin\u00e1rodn\u00ed trhy. N\u00e1\u0161 z\u00e1vazek k vynikaj\u00edc\u00ed kvalit\u011b je podpo\u0159en propracovanou strategi\u00ed \u0159\u00edzen\u00ed v\u00fdroby v na\u0161ich d\u00edln\u00e1ch. Neust\u00e1le vylep\u0161ujeme na\u0161e v\u00fdrobn\u00ed kapacity prost\u0159ednictv\u00edm pokro\u010dil\u00fdch technologi\u00ed, kvalifikovan\u00e9ho person\u00e1lu a p\u0159\u00edsn\u00fdch testovac\u00edch syst\u00e9m\u016f. Na\u0161\u00edm c\u00edlem je uspokojovat rozmanit\u00e9 pot\u0159eby z\u00e1kazn\u00edk\u016f a z\u00e1rove\u0148 dodr\u017eovat principy vysok\u00e9 efektivity, p\u0159esnosti a kvality.<\/p>\n<h3>Profesionalita<\/h3>\n<p>N\u00e1\u0161 t\u00fdm se skl\u00e1d\u00e1 z odborn\u00edk\u016f z oboru, kte\u0159\u00ed se v\u011bnuj\u00ed dod\u00e1vce \u0161pi\u010dkov\u00fdch hydraulick\u00fdch v\u00e1lc\u016f. Prioritn\u00edmi prioritami jsou pot\u0159eby z\u00e1kazn\u00edk\u016f a neust\u00e1le inovujeme, abychom zlep\u0161ili na\u0161i nab\u00eddku.<\/p>\n<h3>Mezin\u00e1rodn\u00ed certifikace<\/h3>\n<p>Dodr\u017eujeme mezin\u00e1rodn\u00ed standardy a vlastn\u00edme p\u0159\u00edslu\u0161n\u00e9 certifikace, co\u017e zaji\u0161\u0165uje, \u017ee na\u0161e v\u00fdrobky spl\u0148uj\u00ed nejvy\u0161\u0161\u00ed po\u017eadavky na kvalitu a bezpe\u010dnost.<\/p>\n<h3>Slu\u017eby na m\u00edru<\/h3>\n<p>Nab\u00edz\u00edme \u0159e\u0161en\u00ed na m\u00edru \u0161it\u00e1 na m\u00edru specifick\u00fdm po\u017eadavk\u016fm, co\u017e n\u00e1m umo\u017e\u0148uje uspokojit \u0161irokou \u0161k\u00e1lu aplikac\u00ed a preferenc\u00ed z\u00e1kazn\u00edk\u016f.<\/p>\n<h3>V\u00fdrobn\u00ed za\u0159\u00edzen\u00ed<\/h3>\n<p>Na\u0161e nejmodern\u011bj\u0161\u00ed v\u00fdrobn\u00ed za\u0159\u00edzen\u00ed zaji\u0161\u0165uje p\u0159esnost v\u00fdroby, co\u017e p\u0159isp\u00edv\u00e1 k celkov\u00e9 kvalit\u011b a spolehlivosti na\u0161ich hydraulick\u00fdch v\u00e1lc\u016f.<\/p>\n<h3>Poprodejn\u00ed servis<\/h3>\n<p>Nab\u00edz\u00edme komplexn\u00ed poprodejn\u00ed podporu a zaji\u0161\u0165ujeme, aby na\u0161i z\u00e1kazn\u00edci obdr\u017eeli pomoc, kdykoli ji pot\u0159ebuj\u00ed. N\u00e1\u0161 z\u00e1vazek poskytovat slu\u017eby sah\u00e1 i nad r\u00e1mec prodeje a pom\u00e1h\u00e1 na\u0161im klient\u016fm efektivn\u011b udr\u017eovat jejich za\u0159\u00edzen\u00ed.<\/p>\n<p><img decoding=\"async\" src=\"https:\/\/www.hydraulic-cylinders.net\/wp-content\/uploads\/2025\/04\/songte-company-4.webp\" alt=\"P\u0159ehled spole\u010dnosti\" \/><br \/>\n<img decoding=\"async\" src=\"https:\/\/www.hydraulic-cylinders.net\/wp-content\/uploads\/2025\/04\/songte-company-3.webp\" alt=\"Za\u0159\u00edzen\u00ed spole\u010dnosti\" \/><\/p>\n<p>Autor: lyl<\/p>","protected":false},"excerpt":{"rendered":"<p>Boom Cylinder For Bonny CED460-8\/CED480-9 Product Overview The Boom Cylinder is an essential component used in heavy machinery, specifically designed for controlling the motion of buckets in excavators, backhoe loaders, and front-end loaders. This hydraulic cylinder allows operators to lift, lower, and tilt the bucket effectively, facilitating various material handling tasks. The bucket cylinder, a [&hellip;]<\/p>","protected":false},"featured_media":17881,"comment_status":"open","ping_status":"closed","template":"","meta":{"_et_pb_use_builder":"","_et_pb_old_content":"","_et_gb_content_width":""},"product_brand":[],"product_cat":[1546],"product_tag":[1547,1496],"class_list":{"0":"post-19663","1":"product","2":"type-product","3":"status-publish","4":"has-post-thumbnail","6":"product_cat-boom-cylinders","7":"product_tag-boom-cylinders","8":"product_tag-hydraulic-cylinders","10":"first","11":"instock","12":"shipping-taxable","13":"product-type-simple"},"amp_enabled":true,"_links":{"self":[{"href":"https:\/\/www.hydraulic-cylinders.net\/cs\/wp-json\/wp\/v2\/product\/19663","targetHints":{"allow":["GET"]}}],"collection":[{"href":"https:\/\/www.hydraulic-cylinders.net\/cs\/wp-json\/wp\/v2\/product"}],"about":[{"href":"https:\/\/www.hydraulic-cylinders.net\/cs\/wp-json\/wp\/v2\/types\/product"}],"replies":[{"embeddable":true,"href":"https:\/\/www.hydraulic-cylinders.net\/cs\/wp-json\/wp\/v2\/comments?post=19663"}],"wp:featuredmedia":[{"embeddable":true,"href":"https:\/\/www.hydraulic-cylinders.net\/cs\/wp-json\/wp\/v2\/media\/17881"}],"wp:attachment":[{"href":"https:\/\/www.hydraulic-cylinders.net\/cs\/wp-json\/wp\/v2\/media?parent=19663"}],"wp:term":[{"taxonomy":"product_brand","embeddable":true,"href":"https:\/\/www.hydraulic-cylinders.net\/cs\/wp-json\/wp\/v2\/product_brand?post=19663"},{"taxonomy":"product_cat","embeddable":true,"href":"https:\/\/www.hydraulic-cylinders.net\/cs\/wp-json\/wp\/v2\/product_cat?post=19663"},{"taxonomy":"product_tag","embeddable":true,"href":"https:\/\/www.hydraulic-cylinders.net\/cs\/wp-json\/wp\/v2\/product_tag?post=19663"}],"curies":[{"name":"wp","href":"https:\/\/api.w.org\/{rel}","templated":true}]}}