{"id":19666,"date":"2025-04-07T07:00:33","date_gmt":"2025-04-07T07:00:33","guid":{"rendered":"https:\/\/www.hydraulic-cylinders.net\/product\/boom-cylinder-for-nhig-bf6m2012c\/"},"modified":"2025-04-07T07:00:36","modified_gmt":"2025-04-07T07:00:36","slug":"boom-cylinder-for-nhig-bf6m2012c","status":"publish","type":"product","link":"https:\/\/www.hydraulic-cylinders.net\/cs\/produkt\/boom-cylinder-for-nhig-bf6m2012c\/","title":{"rendered":"V\u00e1lec v\u00fdlo\u017en\u00edku pro NHIG BF6m2012C"},"content":{"rendered":"<h1>V\u00e1lec v\u00fdlo\u017en\u00edku pro NHIG BF6m2012C<\/h1>\n<h2>P\u0159ehled v\u00e1lce v\u00fdlo\u017en\u00edku<\/h2>\n<p>Hydraulick\u00fd v\u00e1lec v\u00fdlo\u017en\u00edku je kl\u00ed\u010dovou sou\u010d\u00e1st\u00ed hydraulick\u00fdch syst\u00e9m\u016f, speci\u00e1ln\u011b navr\u017een\u00fd pro ovl\u00e1d\u00e1n\u00ed pohybu l\u017e\u00edc v r\u016fzn\u00fdch t\u011b\u017ek\u00fdch stroj\u00edch, jako jsou bagry, rypadla-naklada\u010de a \u010deln\u00ed naklada\u010de. Tento hydraulick\u00fd v\u00e1lec umo\u017e\u0148uje l\u017e\u00edci zvedat, spou\u0161t\u011bt a nakl\u00e1n\u011bt, co\u017e usnad\u0148uje efektivn\u00ed manipulaci s materi\u00e1lem. Vyu\u017eit\u00edm hydraulick\u00e9ho tlaku tyto v\u00e1lce poskytuj\u00ed pot\u0159ebnou s\u00edlu pro prov\u00e1d\u011bn\u00ed slo\u017eit\u00fdch operac\u00ed s p\u0159esnost\u00ed a snadnost\u00ed.<\/p>\n<p><img decoding=\"async\" src=\"https:\/\/www.hydraulic-cylinders.net\/wp-content\/uploads\/2025\/04\/songte-company-1.webp\" alt=\"Obr\u00e1zek v\u00e1lce v\u00fdlo\u017en\u00edku\" \/><\/p>\n<h3>Definice a funkce<\/h3>\n<p>A Boom Cylinder is a specialized hydraulic cylinder used to manipulate the bucket&#8217;s movement on construction machinery. It plays an essential role in operational efficiency, allowing operators to execute tasks such as digging, lifting, and transporting materials effectively. The design of the bucket cylinder ensures it can withstand high pressures and heavy loads while maintaining reliability in harsh working environments.<\/p>\n<h2>Vlastnosti v\u00e1lce v\u00fdlo\u017en\u00edku<\/h2>\n<ul>\n<li><strong>Vysok\u00e1 pevnost a trvanlivost:<\/strong> Tyto v\u00e1lce, obvykle vyroben\u00e9 z vysokopevnostn\u00ed oceli nebo hlin\u00edku, odol\u00e1vaj\u00ed vysok\u00e9mu tlaku a velk\u00e9mu zat\u00ed\u017een\u00ed a jsou navr\u017eeny tak, aby sn\u00e1\u0161ely n\u00e1ro\u010dn\u00e9 pracovn\u00ed podm\u00ednky a z\u00e1rove\u0148 byly odoln\u00e9 v\u016f\u010di opot\u0159eben\u00ed a korozi, \u010d\u00edm\u017e se prodlu\u017euje jejich \u017eivotnost.<\/li>\n<li><strong>Efektivn\u00ed hydraulick\u00fd provoz:<\/strong> V\u00e1lec v\u00fdlo\u017en\u00edku vyu\u017e\u00edv\u00e1 hydraulick\u00fd tlak oleje pro plynul\u00e9 vysouv\u00e1n\u00ed a zasouv\u00e1n\u00ed. Rychle reaguje na ovl\u00e1dac\u00ed povely a poskytuje siln\u00e9 tlakov\u00e9 a ta\u017en\u00e9 s\u00edly vhodn\u00e9 pro manipulaci s t\u011b\u017ek\u00fdmi materi\u00e1ly a slo\u017eit\u00fdmi \u00fakoly.<\/li>\n<li><strong>R\u016fzn\u00e9 typy:<\/strong> V z\u00e1vislosti na provozn\u00edch po\u017eadavc\u00edch si u\u017eivatel\u00e9 mohou vybrat mezi jedno\u010dinn\u00fdmi (hydraulick\u00fd pohon v jednom sm\u011bru) nebo dvoj\u010dinn\u00fdmi (hydraulick\u00fd pohon v obou sm\u011brech) v\u00e1lci. N\u011bkter\u00e9 modely jsou teleskopick\u00e9, co\u017e umo\u017e\u0148uje v\u011bt\u0161\u00ed v\u00fdsuv bez zv\u011bt\u0161en\u00ed vn\u011bj\u0161\u00edch rozm\u011br\u016f, co\u017e je ide\u00e1ln\u00ed pro aplikace s omezen\u00fdm prostorem.<\/li>\n<li><strong>Zak\u00e1zkov\u00e1 v\u00fdroba:<\/strong> Na\u0161e spole\u010dnost se specializuje na v\u00fdrobu v\u00e1lc\u016f v\u00fdlo\u017en\u00edku, kter\u00e9 dokonale nahrazuj\u00ed st\u00e1vaj\u00edc\u00ed hydraulick\u00e9 v\u00e1lce a zaji\u0161\u0165uj\u00ed tak kompatibilitu a bezprobl\u00e9movou integraci do va\u0161eho stroje.<\/li>\n<li><strong>Pokro\u010dil\u00e1 technologie:<\/strong> D\u00edky \u0161pi\u010dkov\u00e9 technologii a v\u00fdrobn\u00edm proces\u016fm jsou na\u0161e v\u00e1lce v\u00fdlo\u017en\u00edku navr\u017eeny pro optim\u00e1ln\u00ed v\u00fdkon a dlouhou \u017eivotnost a spl\u0148uj\u00ed p\u0159\u00edsn\u00e9 po\u017eadavky r\u016fzn\u00fdch aplikac\u00ed.<\/li>\n<\/ul>\n<p><img decoding=\"async\" src=\"https:\/\/www.hydraulic-cylinders.net\/wp-content\/uploads\/2025\/04\/songte-cylinder-head-with-all-kinds-excavator-models.webp\" alt=\"Obr\u00e1zek hlavy v\u00e1lc\u016f\" \/><\/p>\n<h2>Aplikace v\u00e1lce v\u00fdlo\u017en\u00edku<\/h2>\n<h3>Stavebn\u00ed stroje<\/h3>\n<p>U bagr\u016f jsou v\u00e1lce v\u00fdlo\u017en\u00edku kl\u00ed\u010dov\u00e9 pro kop\u00e1n\u00ed, nakl\u00e1d\u00e1n\u00ed a p\u0159epravu zeminy nebo suti. Jejich konstrukce umo\u017e\u0148uje vylep\u0161en\u00e9 kopac\u00ed schopnosti a zvedac\u00ed s\u00edlu, co\u017e usnad\u0148uje r\u016fzn\u00e9 stavebn\u00ed \u00fakoly.<\/p>\n<h3>Zem\u011bd\u011blsk\u00e9 stroje<\/h3>\n<p>U \u010deln\u00edch naklada\u010d\u016f se tyto v\u00e1lce pou\u017e\u00edvaj\u00ed k nab\u00edr\u00e1n\u00ed, zved\u00e1n\u00ed a p\u0159eprav\u011b p\u016fdy, sena a dal\u0161\u00edch materi\u00e1l\u016f. Hraj\u00ed z\u00e1sadn\u00ed roli p\u0159i zvy\u0161ov\u00e1n\u00ed produktivity a efektivity v zem\u011bd\u011blsk\u00fdch operac\u00edch.<\/p>\n<h3>Bagry<\/h3>\n<p>The Boom Cylinder enables the bucket to penetrate the ground, making excavation tasks more manageable and effective. It enhances the machine&#8217;s ability to perform deep digging and material movement.<\/p>\n<h3>Naklada\u010de<\/h3>\n<p>U \u010deln\u00edch naklada\u010d\u016f pom\u00e1haj\u00ed v\u00e1lce v\u00fdlo\u017en\u00edku efektivn\u011b zvedat a vykl\u00e1dat b\u0159emena. Jejich spolehliv\u00fd provoz zaji\u0161\u0165uje rychl\u00fd a bezpe\u010dn\u00fd pohyb materi\u00e1l\u016f, co\u017e p\u0159isp\u00edv\u00e1 k celkov\u00e9 produktivit\u011b.<\/p>\n<h2>Konstruk\u010dn\u00ed aspekty a krit\u00e9ria v\u00fdb\u011bru<\/h2>\n<h3>Nosnost<\/h3>\n<p>P\u0159i v\u00fdb\u011bru v\u00e1lce v\u00fdlo\u017en\u00edku je z\u00e1sadn\u00ed pochopen\u00ed jeho nosnosti. V\u00e1lec mus\u00ed b\u00fdt schopen zvl\u00e1dnout maxim\u00e1ln\u00ed zat\u00ed\u017een\u00ed bez kompromis\u016f ve v\u00fdkonu. To zahrnuje nejen specifikace uveden\u00e9 v\u00fdrobcem, ale tak\u00e9 vyhodnocen\u00ed pracovn\u00edch podm\u00ednek.<\/p>\n<h3>Integrita t\u011bsn\u011bn\u00ed<\/h3>\n<p>T\u011bsn\u011bn\u00ed je z\u00e1sadn\u00edm aspektem konstrukce hydraulick\u00e9ho v\u00e1lce. Spr\u00e1vn\u00e1 t\u011bsn\u011bn\u00ed zabra\u0148uj\u00ed \u00faniku kapaliny, co\u017e je nezbytn\u00e9 pro udr\u017een\u00ed tlaku v syst\u00e9mu. Vysoce kvalitn\u00ed t\u011bsn\u011bn\u00ed vyroben\u00e1 z materi\u00e1l\u016f, jako je polyuretan a nitrilov\u00e1 pry\u017e, zaji\u0161\u0165uj\u00ed odolnost a dlouhou \u017eivotnost.<\/p>\n<h3>Trvanlivost<\/h3>\n<p>Trvanlivost v\u00e1lce v\u00fdlo\u017en\u00edku p\u0159\u00edmo ovliv\u0148uje jeho \u017eivotnost a \u00fa\u010dinnost. V\u00e1lce mus\u00ed b\u00fdt navr\u017eeny tak, aby odolaly opot\u0159eben\u00ed a vliv\u016fm prost\u0159ed\u00ed, a zajistily tak jejich dlouhodobou provozuschopnost bez \u010dast\u00fdch v\u00fdm\u011bn.<\/p>\n<h3>Bezpe\u010dnostn\u00ed prvky<\/h3>\n<p>Za\u010dlen\u011bn\u00ed bezpe\u010dnostn\u00edch prvk\u016f do konstrukce v\u00e1lc\u016f v\u00fdlo\u017en\u00edku je prvo\u0159ad\u00e9. Pat\u0159\u00ed sem ochrana proti p\u0159et\u00ed\u017een\u00ed a mechanismy nouzov\u00e9ho zastaven\u00ed, kter\u00e9 mohou zabr\u00e1nit nehod\u00e1m a selh\u00e1n\u00ed za\u0159\u00edzen\u00ed b\u011bhem provozu.<\/p>\n<h3>P\u0159\u00edstupnost \u00fadr\u017eby<\/h3>\n<p>Navrhov\u00e1n\u00ed s ohledem na snadnou \u00fadr\u017ebu je kl\u00ed\u010dov\u00e9. V\u00e1lce by m\u011bly umo\u017e\u0148ovat snadn\u00fd p\u0159\u00edstup k t\u011bsn\u011bn\u00edm a dal\u0161\u00edm sou\u010d\u00e1stem, co\u017e usnad\u0148uje pravidelnou \u00fadr\u017ebu a m\u016f\u017ee zabr\u00e1nit n\u00e1kladn\u00fdm prostoj\u016fm a oprav\u00e1m.<\/p>\n<p><img decoding=\"async\" src=\"https:\/\/www.hydraulic-cylinders.net\/wp-content\/uploads\/2025\/04\/songte-oil-pipes-and-spare-parts.webp\" alt=\"Obr\u00e1zek olejov\u00fdch trubek a n\u00e1hradn\u00edch d\u00edl\u016f\" \/><\/p>\n<h2>T\u011bsn\u011bn\u00ed a maz\u00e1n\u00ed<\/h2>\n<p>Spr\u00e1vn\u00e9 ut\u011bsn\u011bn\u00ed a maz\u00e1n\u00ed v\u00e1lce v\u00fdlo\u017en\u00edku je nezbytn\u00e9 pro optim\u00e1ln\u00ed v\u00fdkon. K udr\u017een\u00ed hydraulick\u00e9 kapaliny uvnit\u0159 v\u00e1lce se pou\u017e\u00edvaj\u00ed r\u016fzn\u00e1 t\u011bsn\u011bn\u00ed, v\u010detn\u011b t\u011bsn\u011bn\u00ed p\u00edst\u016f a t\u011bsn\u011bn\u00ed p\u00edstnic. T\u011bsn\u011bn\u00ed vyroben\u00e1 z odoln\u00fdch materi\u00e1l\u016f, jako je polyuretan a nitrilov\u00e1 pry\u017e, jsou up\u0159ednost\u0148ov\u00e1na pro svou odolnost proti opot\u0159eben\u00ed.<\/p>\n<p>T\u011bleso v\u00e1lce a z\u00e1vitov\u00e9 koncov\u00e9 plochy jsou p\u0159esn\u011b obr\u00e1b\u011bny pro zv\u00fd\u0161en\u00ed odolnosti proti opot\u0159eben\u00ed. Pravideln\u00e9 maz\u00e1n\u00ed hydraulick\u00fdm olejem je nezbytn\u00e9 pro minimalizaci t\u0159en\u00ed a opot\u0159eben\u00ed a zaji\u0161t\u011bn\u00ed plynul\u00e9ho provozu.<\/p>\n<h2>Preventivn\u00ed \u00fadr\u017ebov\u00e1 opat\u0159en\u00ed<\/h2>\n<ul>\n<li><strong>Pravideln\u00e9 kontroly:<\/strong> Prov\u00e1d\u011bjte pravideln\u00e9 kontroly, abyste v\u010das odhalili opot\u0159eben\u00ed nebo po\u0161kozen\u00ed, co\u017e umo\u017en\u00ed v\u010dasn\u00e9 opravy a p\u0159edejdete tak poruch\u00e1m za\u0159\u00edzen\u00ed.<\/li>\n<li><strong>Vhodn\u00e9 maz\u00e1n\u00ed:<\/strong> Ujist\u011bte se, \u017ee hladina hydraulick\u00e9ho oleje je na doporu\u010den\u00e9 \u00farovni a zaji\u0161\u0165uje dostate\u010dn\u00e9 maz\u00e1n\u00ed v\u0161ech pohybliv\u00fdch \u010d\u00e1st\u00ed uvnit\u0159 v\u00e1lce.<\/li>\n<li><strong>V\u00fdm\u011bna t\u011bsn\u011bn\u00ed:<\/strong> Pravideln\u011b kontrolujte opot\u0159eben\u00ed t\u011bsn\u011bn\u00ed a v p\u0159\u00edpad\u011b pot\u0159eby je vym\u011b\u0148te, aby se zachovala integrita hydraulick\u00e9ho syst\u00e9mu.<\/li>\n<\/ul>\n<h2>Pokyny k instalaci<\/h2>\n<p>Pro zaji\u0161t\u011bn\u00ed spr\u00e1vn\u00e9 instalace v\u00e1lce v\u00fdlo\u017en\u00edku postupujte takto:<\/p>\n<ul>\n<li>P\u0159ed zah\u00e1jen\u00edm instalace se ujist\u011bte, \u017ee v\u0161echny sou\u010d\u00e1sti jsou \u010dist\u00e9 a bez ne\u010distot.<\/li>\n<li>Spr\u00e1vn\u011b vyrovnejte v\u00e1lec s mont\u00e1\u017en\u00edmi body stroje, abyste zabr\u00e1nili nadm\u011brn\u00e9mu nam\u00e1h\u00e1n\u00ed sou\u010d\u00e1st\u00ed.<\/li>\n<li>K zaji\u0161t\u011bn\u00ed stability v\u00e1lce b\u011bhem provozu pou\u017eijte vhodn\u00e9 mont\u00e1\u017en\u00ed konzoly.<\/li>\n<li>Dvakr\u00e1t zkontrolujte hydraulick\u00e9 spoje, zda nedoch\u00e1z\u00ed k \u00fanik\u016fm, a ujist\u011bte se, \u017ee v\u0161echny armatury jsou uta\u017eeny dle specifikac\u00ed.<\/li>\n<li>Po instalaci otestujte funk\u010dnost v\u00e1lce a v p\u0159\u00edpad\u011b pot\u0159eby prove\u010fte \u00fapravy.<\/li>\n<\/ul>\n<h2>B\u011b\u017en\u00e9 \u00fakoly \u00fadr\u017eby<\/h2>\n<h3>Pravideln\u00e9 kontroly<\/h3>\n<p>Pravideln\u00e9 kontroly jsou z\u00e1sadn\u00ed pro zaji\u0161t\u011bn\u00ed dlouh\u00e9 \u017eivotnosti v\u00e1lce v\u00fdlo\u017en\u00edku. Obsluha by m\u011bla kontrolovat zn\u00e1mky opot\u0159eben\u00ed, net\u011bsnost\u00ed nebo po\u0161kozen\u00ed sou\u010d\u00e1st\u00ed. Tento proaktivn\u00ed p\u0159\u00edstup pom\u00e1h\u00e1 identifikovat potenci\u00e1ln\u00ed probl\u00e9my d\u0159\u00edve, ne\u017e se zhor\u0161\u00ed, a zaji\u0161\u0165uje tak hladk\u00fd provoz.<\/p>\n<h3>Vhodn\u00e9 maz\u00e1n\u00ed<\/h3>\n<p>Udr\u017eov\u00e1n\u00ed spr\u00e1vn\u00e9ho maz\u00e1n\u00ed je z\u00e1sadn\u00ed pro hladk\u00fd chod v\u00e1lce v\u00fdlo\u017en\u00edku. Obsluha mus\u00ed zajistit, aby byla dostate\u010dn\u00e1 hladina hydraulick\u00e9ho oleje a aby v\u0161echny pohybliv\u00e9 \u010d\u00e1sti dost\u00e1valy pot\u0159ebn\u00e9 maz\u00e1n\u00ed, aby se sn\u00ed\u017eilo t\u0159en\u00ed a opot\u0159eben\u00ed.<\/p>\n<h3>V\u00fdm\u011bna t\u011bsn\u011bn\u00ed a kontroly kalibrace<\/h3>\n<p>T\u011bsn\u011bn\u00ed je nutn\u00e9 pravideln\u011b vym\u011b\u0148ovat, aby byla zachov\u00e1na hydraulick\u00e1 integrita. Provozovatel\u00e9 by m\u011bli stanovit pl\u00e1n pro kontrolu a v\u00fdm\u011bnu t\u011bsn\u011bn\u00ed spolu s pravideln\u00fdmi kalibra\u010dn\u00edmi kontrolami, aby se zajistilo, \u017ee v\u00e1lec pracuje v r\u00e1mci stanoven\u00fdch parametr\u016f.<\/p>\n<p><img decoding=\"async\" src=\"https:\/\/www.hydraulic-cylinders.net\/wp-content\/uploads\/2025\/04\/songte-chushion-collar.webp\" alt=\"Obr\u00e1zek pol\u0161t\u00e1\u0159ov\u00e9ho l\u00edmce\" \/><\/p>\n<h2>Bezpe\u010dnostn\u00ed aspekty a faktory prost\u0159ed\u00ed<\/h2>\n<p>Zav\u00e1d\u011bn\u00ed bezpe\u010dnostn\u00edch opat\u0159en\u00ed p\u0159i obsluze hydraulick\u00fdch v\u00e1lc\u016f v\u00fdlo\u017en\u00edku je nezbytn\u00e9. Obsluha by m\u011bla b\u00fdt pro\u0161kolena v bezpe\u010dn\u00fdch postupech, jako je nap\u0159\u00edklad uv\u011bdomov\u00e1n\u00ed si okol\u00ed a pochopen\u00ed provozn\u00edch limit\u016f strojn\u00edho za\u0159\u00edzen\u00ed. Zaji\u0161t\u011bn\u00ed funk\u010dnosti v\u0161ech bezpe\u010dnostn\u00edch za\u0159\u00edzen\u00ed minimalizuje rizika spojen\u00e1 s hydraulick\u00fdm za\u0159\u00edzen\u00edm.<\/p>\n<h2>Diagnostika z\u00e1vad a b\u011b\u017en\u00e9 probl\u00e9my<\/h2>\n<ul>\n<li><strong>Hydraulick\u00e9 net\u011bsnosti:<\/strong> Jedn\u00edm z nej\u010dast\u011bj\u0161\u00edch probl\u00e9m\u016f jsou \u00faniky hydraulick\u00e9 kapaliny, kter\u00e9 mohou v\u00e9st ke ztr\u00e1t\u011b tlaku a v\u00fdkonu. Pravideln\u011b kontrolujte t\u011bsn\u011bn\u00ed a spoje, abyste toto riziko minimalizovali.<\/li>\n<li><strong>Pomal\u00fd provoz:<\/strong> Pokud v\u00e1lec pracuje pomalu, m\u016f\u017ee to znamenat n\u00edzkou hladinu hydraulick\u00e9 kapaliny nebo jej\u00ed zne\u010di\u0161t\u011bn\u00ed. Zkontrolujte hladiny kapalin a filtry, abyste zajistili spr\u00e1vn\u00fd pr\u016ftok.<\/li>\n<li><strong>Neobvykl\u00e9 zvuky:<\/strong> Neobvykl\u00e9 zvuky b\u011bhem provozu mohou signalizovat vnit\u0159n\u00ed po\u0161kozen\u00ed nebo vzduch v hydraulick\u00e9m syst\u00e9mu. V\u010dasn\u00e9 \u0159e\u0161en\u00ed t\u011bchto zvuk\u016f m\u016f\u017ee zabr\u00e1nit dal\u0161\u00edmu po\u0161kozen\u00ed.<\/li>\n<\/ul>\n<h2>Tipy pro \u0159e\u0161en\u00ed probl\u00e9m\u016f<\/h2>\n<p>Pro efektivn\u00ed diagnostiku a odstran\u011bn\u00ed probl\u00e9m\u016f s v\u00e1lcem v\u00fdlo\u017en\u00edku by oper\u00e1to\u0159i m\u011bli dodr\u017eovat tyto kroky pro odstra\u0148ov\u00e1n\u00ed probl\u00e9m\u016f:<\/p>\n<ul>\n<li>Zkontrolujte hydraulick\u00fd syst\u00e9m, zda v n\u011bm nejsou net\u011bsnosti, a ihned je opravte.<\/li>\n<li>Zkontrolujte hladiny kapalin a dopl\u0148te vhodn\u00fd hydraulick\u00fd olej.<\/li>\n<li>Zkontrolujte t\u011bsn\u011bn\u00ed, zda nejsou opot\u0159ebovan\u00e1, a v p\u0159\u00edpad\u011b pot\u0159eby je vym\u011b\u0148te, abyste zabr\u00e1nili dal\u0161\u00edm \u00fanik\u016fm.<\/li>\n<\/ul>\n<p><img decoding=\"async\" src=\"https:\/\/www.hydraulic-cylinders.net\/wp-content\/uploads\/2025\/04\/songte-bushings-with-all-kinds-of-excavator-models.webp\" alt=\"Obr\u00e1zek pouzder\" \/><\/p>\n<h2>P\u0159ehled spole\u010dnosti<\/h2>\n<p>Jsme p\u0159edn\u00edm v\u00fdrobcem n\u00e1hradn\u00edch hydraulick\u00fdch v\u00e1lc\u016f a nab\u00edz\u00edme komplexn\u00ed sortiment produkt\u016f, kter\u00e9 uspokoj\u00ed jak dom\u00e1c\u00ed, tak mezin\u00e1rodn\u00ed trh. N\u00e1\u0161 z\u00e1vazek k vynikaj\u00edc\u00ed kvalit\u011b je hnac\u00ed silou na\u0161ich nejmodern\u011bj\u0161\u00edch v\u00fdrobn\u00edch proces\u016f a p\u0159\u00edsn\u00fdch strategi\u00ed \u0159\u00edzen\u00ed v\u00fdroby. Se zam\u011b\u0159en\u00edm na vysokou efektivitu, p\u0159esnost a kvalitu neust\u00e1le vylep\u0161ujeme na\u0161e v\u00fdrobn\u00ed kapacity a zaji\u0161\u0165ujeme, aby na\u0161e produkty spl\u0148ovaly rozmanit\u00e9 pot\u0159eby na\u0161ich z\u00e1kazn\u00edk\u016f.<\/p>\n<p>Na\u0161e spole\u010dnost vynik\u00e1 svou odbornost\u00ed, mezin\u00e1rodn\u00edmi certifikacemi a slu\u017ebami na m\u00edru. Vyu\u017e\u00edv\u00e1me modern\u00ed v\u00fdrobn\u00ed za\u0159\u00edzen\u00ed a robustn\u00ed syst\u00e9m poprodejn\u00edho servisu, abychom na\u0161im klient\u016fm poskytli efektivn\u00ed podporu.<\/p>\n<p><img decoding=\"async\" src=\"https:\/\/www.hydraulic-cylinders.net\/wp-content\/uploads\/2025\/04\/songte-company-4.webp\" alt=\"Obr\u00e1zek spole\u010dnosti 1\" \/><br \/>\n<img decoding=\"async\" src=\"https:\/\/www.hydraulic-cylinders.net\/wp-content\/uploads\/2025\/04\/songte-company-3.webp\" alt=\"Obr\u00e1zek spole\u010dnosti 2\" \/><\/p>\n<p>Autor: lyl<\/p>","protected":false},"excerpt":{"rendered":"<p>Boom Cylinder For NHIG BF6m2012C Overview of the Boom Cylinder The Boom Cylinder is a critical component in hydraulic systems, specifically designed for controlling the movement of buckets in various heavy machinery such as excavators, backhoe loaders, and front loaders. This hydraulic cylinder enables the bucket to lift, lower, and tilt, facilitating efficient material handling [&hellip;]<\/p>","protected":false},"featured_media":17869,"comment_status":"open","ping_status":"closed","template":"","meta":{"_et_pb_use_builder":"","_et_pb_old_content":"","_et_gb_content_width":""},"product_brand":[],"product_cat":[1546],"product_tag":[1547,1496],"class_list":{"0":"post-19666","1":"product","2":"type-product","3":"status-publish","4":"has-post-thumbnail","6":"product_cat-boom-cylinders","7":"product_tag-boom-cylinders","8":"product_tag-hydraulic-cylinders","10":"first","11":"instock","12":"shipping-taxable","13":"product-type-simple"},"amp_enabled":true,"_links":{"self":[{"href":"https:\/\/www.hydraulic-cylinders.net\/cs\/wp-json\/wp\/v2\/product\/19666","targetHints":{"allow":["GET"]}}],"collection":[{"href":"https:\/\/www.hydraulic-cylinders.net\/cs\/wp-json\/wp\/v2\/product"}],"about":[{"href":"https:\/\/www.hydraulic-cylinders.net\/cs\/wp-json\/wp\/v2\/types\/product"}],"replies":[{"embeddable":true,"href":"https:\/\/www.hydraulic-cylinders.net\/cs\/wp-json\/wp\/v2\/comments?post=19666"}],"wp:featuredmedia":[{"embeddable":true,"href":"https:\/\/www.hydraulic-cylinders.net\/cs\/wp-json\/wp\/v2\/media\/17869"}],"wp:attachment":[{"href":"https:\/\/www.hydraulic-cylinders.net\/cs\/wp-json\/wp\/v2\/media?parent=19666"}],"wp:term":[{"taxonomy":"product_brand","embeddable":true,"href":"https:\/\/www.hydraulic-cylinders.net\/cs\/wp-json\/wp\/v2\/product_brand?post=19666"},{"taxonomy":"product_cat","embeddable":true,"href":"https:\/\/www.hydraulic-cylinders.net\/cs\/wp-json\/wp\/v2\/product_cat?post=19666"},{"taxonomy":"product_tag","embeddable":true,"href":"https:\/\/www.hydraulic-cylinders.net\/cs\/wp-json\/wp\/v2\/product_tag?post=19666"}],"curies":[{"name":"wp","href":"https:\/\/api.w.org\/{rel}","templated":true}]}}