{"id":19677,"date":"2025-04-07T07:01:14","date_gmt":"2025-04-07T07:01:14","guid":{"rendered":"https:\/\/www.hydraulic-cylinders.net\/product\/boom-cylinder-for-baoding-wy80-6\/"},"modified":"2025-04-07T07:01:17","modified_gmt":"2025-04-07T07:01:17","slug":"boom-cylinder-for-baoding-wy80-6","status":"publish","type":"product","link":"https:\/\/www.hydraulic-cylinders.net\/cs\/produkt\/boom-cylinder-for-baoding-wy80-6\/","title":{"rendered":"V\u00e1lec v\u00fdlo\u017en\u00edku pro Baoding WY80-6"},"content":{"rendered":"<h1>V\u00e1lec v\u00fdlo\u017en\u00edku pro Baoding WY80-6<\/h1>\n<h2>\u00davod k v\u00e1lci v\u00fdlo\u017en\u00edku<\/h2>\n<p>V\u00e1lec v\u00fdlo\u017en\u00edku, speci\u00e1ln\u011b navr\u017een\u00fd pro Baoding WY80-6, je d\u016fle\u017eitou sou\u010d\u00e1st\u00ed pou\u017e\u00edvanou v r\u016fzn\u00fdch t\u011b\u017ek\u00fdch stroj\u00edch. Hraje kl\u00ed\u010dovou roli v hydraulick\u00fdch syst\u00e9mech a usnad\u0148uje pohyb l\u017e\u00edc v bagrech, rypadlech naklada\u010d\u00edch a \u010deln\u00edch naklada\u010d\u00edch. Tyto v\u00e1lce umo\u017e\u0148uj\u00ed zved\u00e1n\u00ed, spou\u0161t\u011bn\u00ed a nakl\u00e1p\u011bn\u00ed l\u017e\u00edce, \u010d\u00edm\u017e pom\u00e1haj\u00ed p\u0159i manipulaci s materi\u00e1lem, kter\u00e1 je nezbytn\u00e1 ve stavebnictv\u00ed a zem\u011bd\u011blstv\u00ed.<\/p>\n<p><img decoding=\"async\" src=\"https:\/\/www.hydraulic-cylinders.net\/wp-content\/uploads\/2025\/04\/songte-company-1.webp\" alt=\"V\u00e1lec v\u00fdlo\u017en\u00edku pro Baoding WY80-6\"><\/p>\n<h2>Vlastnosti v\u00e1lce v\u00fdlo\u017en\u00edku<\/h2>\n<ul>\n<li><strong>Vysok\u00e1 pevnost a trvanlivost:<\/strong> Tato l\u00e1hev je vyrobena z vysokopevnostn\u00ed oceli nebo hlin\u00edku, tak\u017ee odol\u00e1 vysok\u00e9mu tlaku a velk\u00e9mu zat\u00ed\u017een\u00ed. Je navr\u017eena pro provoz v n\u00e1ro\u010dn\u00fdch pracovn\u00edch podm\u00ednk\u00e1ch s ohledem na odolnost proti opot\u0159eben\u00ed a korozi, co\u017e prodlu\u017euje jej\u00ed \u017eivotnost.<\/li>\n<li><strong>Efektivn\u00ed hydraulick\u00fd provoz:<\/strong> Vyu\u017eit\u00ed tlaku hydraulick\u00e9ho oleje umo\u017e\u0148uje plynul\u00e9 vysouv\u00e1n\u00ed a zasouv\u00e1n\u00ed, co\u017e zaji\u0161\u0165uje rychlou reakci na ovl\u00e1dac\u00ed povely a dosahuje siln\u00fdch tlakov\u00fdch a ta\u017en\u00fdch sil, ide\u00e1ln\u00edch pro manipulaci s t\u011b\u017ek\u00fdmi p\u0159edm\u011bty a slo\u017eit\u00e9 \u00fakoly.<\/li>\n<li><strong>R\u016fzn\u00e9 typy:<\/strong> K dispozici v jedno\u010dinn\u00e9m (funguje v jednom sm\u011bru) nebo dvoj\u010dinn\u00e9m (funguje v obou sm\u011brech) proveden\u00ed pro spln\u011bn\u00ed r\u016fzn\u00fdch provozn\u00edch po\u017eadavk\u016f. N\u011bkter\u00e9 modely maj\u00ed teleskopick\u00e9 proveden\u00ed, kter\u00e9 umo\u017e\u0148uje v\u011bt\u0161\u00ed vysunut\u00ed bez zv\u011bt\u0161en\u00ed vn\u011bj\u0161\u00edch rozm\u011br\u016f, co\u017e je vhodn\u00e9 pro aplikace s omezen\u00fdm prostorem.<\/li>\n<\/ul>\n<p>Tento produkt dok\u00e1\u017eeme vyrobit a na\u0161e nab\u00eddka dok\u00e1\u017ee tyto hydraulick\u00e9 v\u00e1lce dokonale nahradit.<\/p>\n<p><img decoding=\"async\" src=\"https:\/\/www.hydraulic-cylinders.net\/wp-content\/uploads\/2025\/04\/songte-cylinder-head-with-all-kinds-excavator-models.webp\" alt=\"Modely bagr\u016f\"><\/p>\n<h2>Aplikace v\u00e1lce v\u00fdlo\u017en\u00edku<\/h2>\n<h3>Stavebn\u00ed stroje<\/h3>\n<p>U bagr\u016f jsou v\u00e1lce v\u00fdlo\u017en\u00edku kl\u00ed\u010dov\u00e9 pro v\u00fdkopov\u00e9 pr\u00e1ce, nakl\u00e1d\u00e1n\u00ed a p\u0159emis\u0165ov\u00e1n\u00ed zeminy nebo suti. Hraj\u00ed v\u00fdznamnou roli jak p\u0159i kop\u00e1n\u00ed, tak p\u0159i zved\u00e1n\u00ed, co\u017e je \u010din\u00ed nezbytn\u00fdmi pro staveni\u0161t\u011b, kde je vy\u017eadov\u00e1no zved\u00e1n\u00ed t\u011b\u017ek\u00fdch b\u0159emen. Efektivn\u00ed hydraulick\u00fd provoz t\u011bchto v\u00e1lc\u016f p\u0159isp\u00edv\u00e1 k celkov\u00e9 produktivit\u011b a efektivit\u011b stavebn\u00edch stroj\u016f.<\/p>\n<h3>Zem\u011bd\u011blsk\u00e9 stroje<\/h3>\n<p>V\u00e1lce v\u00fdlo\u017en\u00edku, pou\u017e\u00edvan\u00e9 v \u010deln\u00edch naklada\u010d\u00edch, usnad\u0148uj\u00ed nab\u00edr\u00e1n\u00ed, zved\u00e1n\u00ed a p\u0159epravu zeminy, sena a dal\u0161\u00edch materi\u00e1l\u016f. V zem\u011bd\u011blsk\u00fdch aplikac\u00edch zvy\u0161uje p\u0159esn\u00e9 ovl\u00e1d\u00e1n\u00ed, kter\u00e9 tyto v\u00e1lce poskytuj\u00ed, efektivitu p\u0159i \u00fakolech, jako je nakl\u00e1d\u00e1n\u00ed a vykl\u00e1d\u00e1n\u00ed, a zaji\u0161\u0165uje, \u017ee zem\u011bd\u011blci mohou \u0159\u00eddit sv\u00e9 operace hladce a efektivn\u011b.<\/p>\n<h3>Bagry<\/h3>\n<p>U rypadel umo\u017e\u0148uje v\u00e1lec v\u00fdlo\u017en\u00edku pronik\u00e1n\u00ed l\u017e\u00edce do p\u016fdy, co\u017e umo\u017e\u0148uje efektivn\u00ed kop\u00e1n\u00ed. Tato schopnost je kl\u00ed\u010dov\u00e1 v r\u016fzn\u00fdch aplikac\u00edch, v\u010detn\u011b hlouben\u00ed v\u00fdkop\u016f a ter\u00e9nn\u00edch prac\u00ed, kde je pro dosa\u017een\u00ed optim\u00e1ln\u00edch v\u00fdsledk\u016f p\u0159i v\u00fdkopov\u00fdch prac\u00edch vy\u017eadov\u00e1no p\u0159esn\u00e9 polohov\u00e1n\u00ed a ovl\u00e1d\u00e1n\u00ed l\u017e\u00edce.<\/p>\n<h3>Naklada\u010de<\/h3>\n<p>U \u010deln\u00edch naklada\u010d\u016f pom\u00e1haj\u00ed v\u00e1lce v\u00fdlo\u017en\u00edku efektivn\u011b zvedat a vykl\u00e1dat b\u0159emena. D\u00edky sv\u00e9 schopnosti poskytovat siln\u00e9 zvedac\u00ed s\u00edly zaji\u0161\u0165uj\u00ed, \u017ee materi\u00e1ly lze nakl\u00e1dat a p\u0159emis\u0165ovat bez nadm\u011brn\u00e9 manu\u00e1ln\u00ed pr\u00e1ce nebo \u010dasov\u011b n\u00e1ro\u010dn\u00fdch operac\u00ed, co\u017e p\u0159isp\u00edv\u00e1 k celkov\u00e9 efektivit\u011b nakl\u00e1dac\u00edch operac\u00ed.<\/p>\n<h2>Konstruk\u010dn\u00ed aspekty a krit\u00e9ria v\u00fdb\u011bru<\/h2>\n<h3>Nosnost<\/h3>\n<p>P\u0159i v\u00fdb\u011bru v\u00e1lce v\u00fdlo\u017en\u00edku je nosnost kritick\u00fdm faktorem. Ur\u010duje, jakou hmotnost v\u00e1lec zvl\u00e1dne b\u011bhem provozu. V\u00fdb\u011br v\u00e1lce s nosnost\u00ed, kter\u00e1 spl\u0148uje nebo p\u0159ekra\u010duje po\u017eadavky stroje, zaji\u0161\u0165uje bezpe\u010dnost a spolehlivost p\u0159i zved\u00e1n\u00ed t\u011b\u017ek\u00fdch b\u0159emen. In\u017een\u00fd\u0159i mus\u00ed zv\u00e1\u017eit maxim\u00e1ln\u00ed hmotnost, s n\u00ed\u017e se v\u00e1lec setk\u00e1 v re\u00e1ln\u00fdch aplikac\u00edch, aby se p\u0159ede\u0161lo poruch\u00e1m.<\/p>\n<h3>T\u011bsn\u011bn\u00ed<\/h3>\n<p>T\u011bsn\u011bn\u00ed v\u00e1lce v\u00fdlo\u017en\u00edku je nezbytn\u00e9 pro prevenci \u00faniku hydraulick\u00e9 kapaliny a zaji\u0161t\u011bn\u00ed efektivn\u00edho provozu. Vysoce kvalitn\u00ed t\u011bsn\u011bn\u00ed vyroben\u00e1 z odoln\u00fdch materi\u00e1l\u016f, jako je polyuretan nebo nitrilov\u00e1 pry\u017e, jsou nezbytn\u00e1 pro odolnost proti opot\u0159eben\u00ed a udr\u017een\u00ed hydraulick\u00e9ho tlaku. Spr\u00e1vn\u00e1 konstrukce t\u011bsn\u011bn\u00ed tak\u00e9 sni\u017euje riziko kontaminace v hydraulick\u00e9m syst\u00e9mu, kter\u00e1 m\u016f\u017ee zp\u016fsobit po\u0161kozen\u00ed sou\u010d\u00e1st\u00ed.<\/p>\n<h3>Trvanlivost<\/h3>\n<p>Trvanlivost je u hydraulick\u00fdch v\u00e1lc\u016f kl\u00ed\u010dov\u00e1, zejm\u00e9na v n\u00e1ro\u010dn\u00fdch prost\u0159ed\u00edch. Materi\u00e1ly pou\u017eit\u00e9 p\u0159i v\u00fdrob\u011b mus\u00ed b\u00fdt odoln\u00e9 v\u016f\u010di opot\u0159eben\u00ed, korozi a \u00fanav\u011b materi\u00e1lu. Toto hledisko zaji\u0161\u0165uje, \u017ee v\u00e1lec m\u016f\u017ee dlouhodob\u011b efektivn\u011b fungovat a minimalizuje prostoje zp\u016fsoben\u00e9 opravami nebo v\u00fdm\u011bnami. V\u00fdrobci \u010dasto pou\u017e\u00edvaj\u00ed povrchov\u00e9 \u00fapravy nebo n\u00e1t\u011bry ke zv\u00fd\u0161en\u00ed odolnosti hydraulick\u00fdch sou\u010d\u00e1st\u00ed.<\/p>\n<h3>Bezpe\u010dnost<\/h3>\n<p>P\u0159i navrhov\u00e1n\u00ed hydraulick\u00fdch v\u00e1lc\u016f je bezpe\u010dnost prvo\u0159ad\u00e1. Prvky, jako jsou p\u0159etlakov\u00e9 ventily a robustn\u00ed konstrukce, pom\u00e1haj\u00ed p\u0159edch\u00e1zet katastrofick\u00fdm poruch\u00e1m. Konstrukt\u00e9\u0159i mus\u00ed dodr\u017eovat bezpe\u010dnostn\u00ed normy v oboru, aby zajistili, \u017ee v\u00e1lce odol\u00e1vaj\u00ed neo\u010dek\u00e1van\u00e9mu zat\u00ed\u017een\u00ed a tlaku a poskytnou tak u\u017eivatel\u016fm bezpe\u010dn\u00e9 provozn\u00ed prost\u0159ed\u00ed.<\/p>\n<h3>\u00dadr\u017eba<\/h3>\n<p>Snadn\u00e1 \u00fadr\u017eba je dal\u0161\u00edm d\u016fle\u017eit\u00fdm konstruk\u010dn\u00edm hlediskem. Hydraulick\u00e9 v\u00e1lce by m\u011bly b\u00fdt navr\u017eeny tak, aby umo\u017e\u0148ovaly snadn\u00fd p\u0159\u00edstup k t\u011bsn\u011bn\u00edm a dal\u0161\u00edm sou\u010d\u00e1stem pro kontrolu a v\u00fdm\u011bnu. Dob\u0159e navr\u017een\u00fd v\u00e1lec umo\u017e\u0148uje efektivn\u00ed prov\u00e1d\u011bn\u00ed b\u011b\u017en\u00fdch \u00fadr\u017eb\u00e1\u0159sk\u00fdch \u00fakon\u016f, prodlu\u017euje \u017eivotnost za\u0159\u00edzen\u00ed a zaji\u0161\u0165uje optim\u00e1ln\u00ed v\u00fdkon.<\/p>\n<p><img decoding=\"async\" src=\"https:\/\/www.hydraulic-cylinders.net\/wp-content\/uploads\/2025\/04\/songte-oil-pipes-and-spare-parts.webp\" alt=\"N\u00e1hradn\u00ed d\u00edly\"><\/p>\n<h2>T\u011bsn\u011bn\u00ed a maz\u00e1n\u00ed v\u00e1lce v\u00fdlo\u017en\u00edku<\/h2>\n<p>\u00da\u010dinnost v\u00e1lce v\u00fdlo\u017en\u00edku do zna\u010dn\u00e9 m\u00edry z\u00e1vis\u00ed na jeho t\u011bsn\u011bn\u00ed a maz\u00e1n\u00ed. R\u016fzn\u00e1 t\u011bsn\u011bn\u00ed, v\u010detn\u011b p\u00edstn\u00edch a p\u00edstn\u00edch t\u011bsn\u011bn\u00ed, jsou nezbytn\u00e1 pro udr\u017een\u00ed integrity hydraulick\u00e9ho tlaku uvnit\u0159 v\u00e1lce. T\u011bsn\u011bn\u00ed vyroben\u00e1 z polyuretanu nebo nitrilov\u00e9 pry\u017ee jsou up\u0159ednost\u0148ov\u00e1na pro svou odolnost proti opot\u0159eben\u00ed a dlouhou \u017eivotnost. Jemn\u00e9 opracov\u00e1n\u00ed t\u011blesa v\u00e1lce a z\u00e1vitov\u00fdch konc\u016f zvy\u0161uje odolnost proti opot\u0159eben\u00ed a p\u0159isp\u00edv\u00e1 k del\u0161\u00ed \u017eivotnosti. Pravideln\u00e9 maz\u00e1n\u00ed vhodn\u00fdm hydraulick\u00fdm olejem je nezbytn\u00e9 pro zaji\u0161t\u011bn\u00ed plynul\u00e9ho provozu a prevenci opot\u0159eben\u00ed vnit\u0159n\u00edch sou\u010d\u00e1st\u00ed.<\/p>\n<h2>Pravideln\u00e9 kontroly a preventivn\u00ed \u00fadr\u017eba<\/h2>\n<ul>\n<li><strong>Pravideln\u00e9 kontroly:<\/strong> Prov\u00e1d\u011bn\u00ed pravideln\u00fdch kontrol v\u00e1lce v\u00fdlo\u017en\u00edku pom\u00e1h\u00e1 identifikovat potenci\u00e1ln\u00ed probl\u00e9my d\u0159\u00edve, ne\u017e se stanou v\u00e1\u017en\u00fdmi. Pat\u0159\u00ed sem kontrola net\u011bsnost\u00ed, opot\u0159eben\u00ed t\u011bsn\u011bn\u00ed a zaji\u0161t\u011bn\u00ed bezpe\u010dnosti v\u0161ech spoj\u016f.<\/li>\n<li><strong>Spr\u00e1vn\u00e9 maz\u00e1n\u00ed:<\/strong> Zaji\u0161t\u011bn\u00ed pravideln\u00e9ho maz\u00e1n\u00ed v\u00e1lce spr\u00e1vn\u00fdm typem a mno\u017estv\u00edm hydraulick\u00e9ho oleje je z\u00e1sadn\u00ed pro udr\u017een\u00ed optim\u00e1ln\u00edho v\u00fdkonu. Nedostate\u010dn\u00e9 maz\u00e1n\u00ed m\u016f\u017ee v\u00e9st ke zv\u00fd\u0161en\u00e9mu opot\u0159eben\u00ed a potenci\u00e1ln\u00ed poru\u0161e v\u00e1lce.<\/li>\n<li><strong>V\u00fdm\u011bna t\u011bsn\u011bn\u00ed:<\/strong> Postupem \u010dasu se t\u011bsn\u011bn\u00ed opot\u0159ebuj\u00ed a je t\u0159eba je vym\u011bnit. Pravideln\u00e1 kontrola stavu t\u011bsn\u011bn\u00ed a jejich v\u00fdm\u011bna v p\u0159\u00edpad\u011b pot\u0159eby m\u016f\u017ee zabr\u00e1nit \u00fanik\u016fm hydraulick\u00e9 kapaliny a udr\u017eet \u00fa\u010dinnost v\u00e1lce.<\/li>\n<\/ul>\n<h2>Pokyny k instalaci v\u00e1lce v\u00fdlo\u017en\u00edku<\/h2>\n<p>Instalace v\u00e1lce v\u00fdlo\u017en\u00edku je z\u00e1sadn\u00ed pro jeho v\u00fdkon a \u017eivotnost. Za\u010dn\u011bte t\u00edm, \u017ee se ujist\u00edte, \u017ee v\u0161echny mont\u00e1\u017en\u00ed povrchy jsou \u010dist\u00e9 a bez ne\u010distot. V\u00e1lec spr\u00e1vn\u011b vyrovnejte, abyste b\u011bhem provozu zabr\u00e1nili jeho nespr\u00e1vn\u00e9mu vyrovn\u00e1n\u00ed, kter\u00e9 m\u016f\u017ee v\u00e9st k p\u0159ed\u010dasn\u00e9mu opot\u0159eben\u00ed nebo poru\u0161e. K zaji\u0161t\u011bn\u00ed v\u00e1lce na m\u00edst\u011b pou\u017eijte vhodn\u00e9 mont\u00e1\u017en\u00ed konzoly a ujist\u011bte se, \u017ee je pevn\u011b p\u0159ipevn\u011bn ke stroji. Je nezbytn\u00e9 dodr\u017eovat specifikace v\u00fdrobce t\u00fdkaj\u00edc\u00ed se nastaven\u00ed utahovac\u00edho momentu a postupu instalace. Po instalaci prove\u010fte d\u016fkladnou kontrolu v\u0161ech p\u0159ipojen\u00ed a zku\u0161ebn\u00ed provoz, abyste se ujistili o funk\u010dnosti.<\/p>\n<h2>\u00dadr\u017eba v\u00e1lce v\u00fdlo\u017en\u00edku<\/h2>\n<ul>\n<li><strong>Pravideln\u00e9 kontroly:<\/strong> \u010cast\u00e9 kontroly pom\u00e1haj\u00ed v\u010das odhalit potenci\u00e1ln\u00ed probl\u00e9my. Zkontrolujte zn\u00e1mky opot\u0159eben\u00ed, net\u011bsnosti a ujist\u011bte se, \u017ee v\u0161echny komponenty funguj\u00ed spr\u00e1vn\u011b. Zdokumentujte ve\u0161ker\u00e1 zji\u0161t\u011bn\u00ed a neprodlen\u011b je \u0159e\u0161te, abyste p\u0159ede\u0161li dal\u0161\u00edm komplikac\u00edm.<\/li>\n<li><strong>Spr\u00e1vn\u00e9 maz\u00e1n\u00ed:<\/strong> Pravideln\u00e9 pou\u017e\u00edv\u00e1n\u00ed spr\u00e1vn\u00e9ho hydraulick\u00e9ho oleje zaji\u0161\u0165uje hladk\u00fd provoz a zabra\u0148uje opot\u0159eben\u00ed. Pro optim\u00e1ln\u00ed v\u00fdkon pou\u017e\u00edvejte pouze oleje doporu\u010den\u00e9 v\u00fdrobcem a dodr\u017eujte mazac\u00ed pl\u00e1n.<\/li>\n<li><strong>V\u00fdm\u011bna a kalibrace t\u011bsn\u011bn\u00ed:<\/strong> Sledujte opot\u0159eben\u00ed t\u011bsn\u011bn\u00ed a v p\u0159\u00edpad\u011b pot\u0159eby je vym\u011b\u0148te. Pravideln\u00e1 kalibrace v\u00e1lce v\u00fdlo\u017en\u00edku zaji\u0161\u0165uje jeho provoz v r\u00e1mci po\u017eadovan\u00fdch parametr\u016f a zabra\u0148uje zbyte\u010dn\u00e9mu nam\u00e1h\u00e1n\u00ed hydraulick\u00e9ho syst\u00e9mu.<\/li>\n<\/ul>\n<h2>Bezpe\u010dnostn\u00ed aspekty a faktory prost\u0159ed\u00ed<\/h2>\n<p>P\u0159i pr\u00e1ci s hydraulick\u00fdmi v\u00e1lci je z\u00e1sadn\u00ed dodr\u017eov\u00e1n\u00ed bezpe\u010dnostn\u00edch opat\u0159en\u00ed. Obsluha by m\u011bla b\u00fdt pro\u0161kolena ve spr\u00e1vn\u00e9m pou\u017e\u00edv\u00e1n\u00ed stroj\u016f a rozum\u011bt potenci\u00e1ln\u00edm rizik\u016fm spojen\u00fdm s hydraulick\u00fdmi syst\u00e9my. Pravideln\u00e1 kontrola bezpe\u010dnostn\u00edch protokol\u016f a zaji\u0161t\u011bn\u00ed dobr\u00e9 \u00fadr\u017eby za\u0159\u00edzen\u00ed m\u016f\u017ee minimalizovat rizika. Krom\u011b toho ekologicky \u0161etrn\u00e9 postupy, jako je spr\u00e1vn\u00e1 likvidace hydraulick\u00fdch kapalin, pom\u00e1haj\u00ed chr\u00e1nit ekosyst\u00e9m a dodr\u017eovat p\u0159edpisy.<\/p>\n<h2>Diagnostika z\u00e1vad a b\u011b\u017en\u00e9 probl\u00e9my<\/h2>\n<ul>\n<li><strong>\u00danik:<\/strong> \u00daniky hydraulick\u00e9 kapaliny mohou signalizovat opot\u0159ebovan\u00e1 t\u011bsn\u011bn\u00ed nebo po\u0161kozen\u00e9 sou\u010d\u00e1sti. Zkontrolujte v\u00e1lec a t\u011bsn\u011bn\u00ed, zda nevykazuj\u00ed zn\u00e1mky opot\u0159eben\u00ed, a v p\u0159\u00edpad\u011b pot\u0159eby je vym\u011b\u0148te.<\/li>\n<li><strong>\u0160patn\u00fd v\u00fdkon:<\/strong> Pokud v\u00e1lec nepracuje hladce, zkontrolujte spr\u00e1vn\u00e9 maz\u00e1n\u00ed, vzduch v hydraulick\u00fdch potrub\u00edch nebo ucp\u00e1n\u00ed syst\u00e9mu.<\/li>\n<li><strong>Neobvykl\u00e9 zvuky:<\/strong> Sk\u0159\u00edpav\u00e9 nebo chrast\u00edc\u00ed zvuky mohou nazna\u010dovat vnit\u0159n\u00ed po\u0161kozen\u00ed nebo nedostate\u010dn\u00e9 maz\u00e1n\u00ed. Zjist\u011bte zdroj hluku a neprodlen\u011b odstra\u0148te jak\u00e9koli mechanick\u00e9 probl\u00e9my.<\/li>\n<\/ul>\n<h2>Tipy pro \u0159e\u0161en\u00ed probl\u00e9m\u016f<\/h2>\n<p>Aby bylo mo\u017en\u00e9 efektivn\u011b diagnostikovat a vy\u0159e\u0161it probl\u00e9my s v\u00e1lcem v\u00fdlo\u017en\u00edku, m\u011bli by oper\u00e1to\u0159i postupovat systematicky. Za\u010dn\u011bte kontrolou hydraulick\u00e9ho syst\u00e9mu, zda nedoch\u00e1z\u00ed k net\u011bsnostem nebo nespr\u00e1vn\u00fdm p\u0159ipojen\u00edm. Ujist\u011bte se, \u017ee je v\u00e1lec dostate\u010dn\u011b promaz\u00e1n a \u017ee se pou\u017e\u00edv\u00e1 spr\u00e1vn\u00e1 hydraulick\u00e1 kapalina. Pravideln\u00e1 \u00fadr\u017eba, v\u010detn\u011b kontrol a v\u00fdm\u011bn t\u011bsn\u011bn\u00ed, m\u016f\u017ee p\u0159edej\u00edt mnoha b\u011b\u017en\u00fdm probl\u00e9m\u016fm. Oper\u00e1to\u0159i by se tak\u00e9 m\u011bli sezn\u00e1mit s provozn\u00edmi pokyny stroje, aby minimalizovali riziko po\u0161kozen\u00ed v d\u016fsledku nespr\u00e1vn\u00e9ho pou\u017eit\u00ed.<\/p>\n<p><img decoding=\"async\" src=\"https:\/\/www.hydraulic-cylinders.net\/wp-content\/uploads\/2025\/04\/songte-bushings-with-all-kinds-of-excavator-models.webp\" alt=\"Modely bagr\u016f\"><\/p>\n<h2>P\u0159ehled spole\u010dnosti<\/h2>\n<p>Jsme p\u0159edn\u00edm v\u00fdrobcem hydraulick\u00fdch v\u00e1lc\u016f a nab\u00edz\u00edme komplexn\u00ed sortiment produkt\u016f pro dom\u00e1c\u00ed i mezin\u00e1rodn\u00ed trhy. N\u00e1\u0161 z\u00e1vazek k dokonalosti se odr\u00e1\u017e\u00ed v na\u0161ich precizn\u00edch v\u00fdrobn\u00edch d\u00edln\u00e1ch a strategi\u00edch \u0159\u00edzen\u00ed pr\u016fmyslov\u00e9 v\u00fdroby. S d\u016frazem na technologick\u00e9 talenty, \u0161pi\u010dkov\u00e9 digit\u00e1ln\u00ed v\u00fdrobn\u00ed za\u0159\u00edzen\u00ed a profesion\u00e1ln\u00ed testovac\u00ed syst\u00e9my neust\u00e1le vylep\u0161ujeme na\u0161i v\u00fdrobn\u00ed platformu. Na\u0161e siln\u00e9 kreativn\u00ed schopnosti zaji\u0161\u0165uj\u00ed, \u017ee spl\u0148ujeme rozmanit\u00e9 pot\u0159eby z\u00e1kazn\u00edk\u016f s vysokou efektivitou, p\u0159esnost\u00ed a kvalitou.<\/p>\n<p><img decoding=\"async\" src=\"https:\/\/www.hydraulic-cylinders.net\/wp-content\/uploads\/2025\/04\/songte-company-4.webp\" alt=\"Image spole\u010dnosti\"><br \/>\n<img decoding=\"async\" src=\"https:\/\/www.hydraulic-cylinders.net\/wp-content\/uploads\/2025\/04\/songte-company-3.webp\" alt=\"Image spole\u010dnosti\"><\/p>\n<p>Na\u0161e odborn\u00e9 znalosti sahaj\u00ed do r\u016fzn\u00fdch oblast\u00ed, v\u010detn\u011b specializace, mezin\u00e1rodn\u00edch certifikac\u00ed, slu\u017eeb na m\u00edru, modern\u00edho v\u00fdrobn\u00edho za\u0159\u00edzen\u00ed a komplexn\u00ed poprodejn\u00ed podpory.<\/p>\n<p>Autor: lyl<\/p>","protected":false},"excerpt":{"rendered":"<p>Boom Cylinder For Baoding WY80-6 Introduction to Boom Cylinder The Boom Cylinder, specifically designed for the Baoding WY80-6, is a vital component used in various heavy machinery. It plays a crucial role in hydraulic systems, facilitating the movement of equipment buckets in excavators, backhoe loaders, and front-end loaders. These cylinders enable the bucket to lift, [&hellip;]<\/p>","protected":false},"featured_media":17880,"comment_status":"open","ping_status":"closed","template":"","meta":{"_et_pb_use_builder":"","_et_pb_old_content":"","_et_gb_content_width":""},"product_brand":[],"product_cat":[1546],"product_tag":[1547,1496],"class_list":{"0":"post-19677","1":"product","2":"type-product","3":"status-publish","4":"has-post-thumbnail","6":"product_cat-boom-cylinders","7":"product_tag-boom-cylinders","8":"product_tag-hydraulic-cylinders","10":"first","11":"instock","12":"shipping-taxable","13":"product-type-simple"},"amp_enabled":true,"_links":{"self":[{"href":"https:\/\/www.hydraulic-cylinders.net\/cs\/wp-json\/wp\/v2\/product\/19677","targetHints":{"allow":["GET"]}}],"collection":[{"href":"https:\/\/www.hydraulic-cylinders.net\/cs\/wp-json\/wp\/v2\/product"}],"about":[{"href":"https:\/\/www.hydraulic-cylinders.net\/cs\/wp-json\/wp\/v2\/types\/product"}],"replies":[{"embeddable":true,"href":"https:\/\/www.hydraulic-cylinders.net\/cs\/wp-json\/wp\/v2\/comments?post=19677"}],"wp:featuredmedia":[{"embeddable":true,"href":"https:\/\/www.hydraulic-cylinders.net\/cs\/wp-json\/wp\/v2\/media\/17880"}],"wp:attachment":[{"href":"https:\/\/www.hydraulic-cylinders.net\/cs\/wp-json\/wp\/v2\/media?parent=19677"}],"wp:term":[{"taxonomy":"product_brand","embeddable":true,"href":"https:\/\/www.hydraulic-cylinders.net\/cs\/wp-json\/wp\/v2\/product_brand?post=19677"},{"taxonomy":"product_cat","embeddable":true,"href":"https:\/\/www.hydraulic-cylinders.net\/cs\/wp-json\/wp\/v2\/product_cat?post=19677"},{"taxonomy":"product_tag","embeddable":true,"href":"https:\/\/www.hydraulic-cylinders.net\/cs\/wp-json\/wp\/v2\/product_tag?post=19677"}],"curies":[{"name":"wp","href":"https:\/\/api.w.org\/{rel}","templated":true}]}}