{"id":19678,"date":"2025-04-07T07:01:17","date_gmt":"2025-04-07T07:01:17","guid":{"rendered":"https:\/\/www.hydraulic-cylinders.net\/product\/boom-cylinder-for-baoding-wy90-7\/"},"modified":"2025-04-07T07:01:20","modified_gmt":"2025-04-07T07:01:20","slug":"boom-cylinder-for-baoding-wy90-7","status":"publish","type":"product","link":"https:\/\/www.hydraulic-cylinders.net\/cs\/produkt\/boom-cylinder-for-baoding-wy90-7\/","title":{"rendered":"V\u00e1lec v\u00fdlo\u017en\u00edku pro Baoding WY90-7"},"content":{"rendered":"<h1>V\u00e1lec v\u00fdlo\u017en\u00edku pro Baoding WY90-7<\/h1>\n<h2>Co je to v\u00e1lec v\u00fdlo\u017en\u00edku?<\/h2>\n<p>Hydraulick\u00fd v\u00e1lec v\u00fdlo\u017en\u00edku je specializovan\u00fd hydraulick\u00fd v\u00e1lec ur\u010den\u00fd k ovl\u00e1d\u00e1n\u00ed pohybu l\u017e\u00edce v r\u016fzn\u00fdch t\u011b\u017ek\u00fdch stroj\u00edch, jako jsou rypadla, r\u00fdpadlo-naklada\u010de a \u010deln\u00ed naklada\u010de. Tato hydraulick\u00e1 sou\u010d\u00e1st umo\u017e\u0148uje l\u017e\u00edci zvedat, spou\u0161t\u011bt a nakl\u00e1n\u011bt, co\u017e usnad\u0148uje manipulaci s materi\u00e1lem s p\u0159esnost\u00ed a snadnost\u00ed.<\/p>\n<p><img decoding=\"async\" src=\"https:\/\/www.hydraulic-cylinders.net\/wp-content\/uploads\/2025\/04\/songte-company-1.webp\" alt=\"V\u00e1lec v\u00fdlo\u017en\u00edku\" \/><\/p>\n<h3>Funkce a aplikace<\/h3>\n<p>V hydraulick\u00e9m syst\u00e9mu hraje v\u00e1lec v\u00fdlo\u017en\u00edku kl\u00ed\u010dovou roli, proto\u017ee p\u0159em\u011b\u0148uje hydraulick\u00fd tlak na mechanickou energii. Poskytuje pot\u0159ebnou s\u00edlu k prov\u00e1d\u011bn\u00ed \u00fakol\u016f, jako je kop\u00e1n\u00ed, zved\u00e1n\u00ed a p\u0159emis\u0165ov\u00e1n\u00ed materi\u00e1l\u016f. V\u00e1lec l\u017e\u00edce je nezbytn\u00fd v \u0159ad\u011b aplikac\u00ed, v\u010detn\u011b:<\/p>\n<ul>\n<li><strong>V\u00fdkop:<\/strong> V\u00e1lec umo\u017e\u0148uje efektivn\u00ed pronik\u00e1n\u00ed do p\u016fdy a zved\u00e1n\u00ed suti, \u010d\u00edm\u017e se v\u00fdkopov\u00e9 pr\u00e1ce zrychluj\u00ed a zefektiv\u0148uj\u00ed.<\/li>\n<li><strong>P\u0159eprava materi\u00e1lu:<\/strong> Pom\u00e1h\u00e1 p\u0159i p\u0159eprav\u011b materi\u00e1l\u016f z jednoho m\u00edsta na druh\u00e9 a zaji\u0161\u0165uje hladk\u00fd provoz ve stavebnictv\u00ed a zem\u011bd\u011blstv\u00ed.<\/li>\n<li><strong>Management ne\u010distot a suti:<\/strong> V\u00e1lec l\u017e\u00edce je kl\u00ed\u010dov\u00fd pro odstra\u0148ov\u00e1n\u00ed ne\u010distot a suti na staveni\u0161t\u00edch, zvy\u0161uje produktivitu a pracovn\u00ed postup.<\/li>\n<\/ul>\n<h2>Vlastnosti v\u00e1lce v\u00fdlo\u017en\u00edku<\/h2>\n<h3>Vysok\u00e1 pevnost a trvanlivost<\/h3>\n<ul>\n<li>Vyrobeno z vysokopevnostn\u00ed oceli nebo hlin\u00edku, aby odolalo vysok\u00e9mu tlaku a velk\u00e9mu zat\u00ed\u017een\u00ed.<\/li>\n<li>Navr\u017eeno pro n\u00e1ro\u010dn\u00e9 pracovn\u00ed prost\u0159ed\u00ed s ohledem na odolnost proti opot\u0159eben\u00ed a ochranu proti korozi.<\/li>\n<li>Prodlou\u017een\u00e1 \u017eivotnost d\u00edky robustn\u00edm konstruk\u010dn\u00edm materi\u00e1l\u016fm.<\/li>\n<\/ul>\n<h3>Efektivn\u00ed hydraulick\u00fd provoz<\/h3>\n<ul>\n<li>Vyu\u017e\u00edv\u00e1 hydraulick\u00fd tlak oleje pro plynul\u00e9 a citliv\u00e9 vysouv\u00e1n\u00ed a zasouv\u00e1n\u00ed.<\/li>\n<li>Nab\u00edz\u00ed silnou tla\u010dnou a ta\u017enou s\u00edlu vhodnou pro zvl\u00e1d\u00e1n\u00ed t\u011b\u017ek\u00fdch a slo\u017eit\u00fdch \u00fakol\u016f.<\/li>\n<\/ul>\n<h3>R\u016fznorod\u00e9 typy<\/h3>\n<ul>\n<li>K dispozici v jedno\u010dinn\u00e9m (s hydraulikou v jednom sm\u011bru) nebo dvoj\u010dinn\u00e9m (s hydraulikou v obou sm\u011brech) proveden\u00ed.<\/li>\n<li>N\u011bkter\u00e9 modely maj\u00ed teleskopickou konstrukci pro del\u0161\u00ed dosah bez zv\u011bt\u0161en\u00ed vn\u011bj\u0161\u00edch rozm\u011br\u016f.<\/li>\n<\/ul>\n<h2>V\u00fdrobn\u00ed kapacity<\/h2>\n<p>Na\u0161e spole\u010dnost se specializuje na v\u00fdrobu hydraulick\u00fdch v\u00e1lc\u016f, tak\u017ee na\u0161e produkty dok\u00e1\u017e\u00ed dokonale nahradit st\u00e1vaj\u00edc\u00ed v\u00e1lce v r\u016fzn\u00fdch aplikac\u00edch.<\/p>\n<p><img decoding=\"async\" src=\"https:\/\/www.hydraulic-cylinders.net\/wp-content\/uploads\/2025\/04\/songte-cylinder-head-with-all-kinds-excavator-models.webp\" alt=\"V\u00fdroba hydraulick\u00fdch v\u00e1lc\u016f\" \/><\/p>\n<h2>Aplikace v\u00e1lce v\u00fdlo\u017en\u00edku<\/h2>\n<h3>Stavebn\u00ed stroje<\/h3>\n<p>U bagr\u016f jsou v\u00e1lce v\u00fdlo\u017en\u00edku nezbytn\u00e9 pro kop\u00e1n\u00ed, nakl\u00e1d\u00e1n\u00ed a p\u0159emis\u0165ov\u00e1n\u00ed zeminy nebo suti. Poskytuj\u00ed pot\u0159ebnou zvedac\u00ed s\u00edlu pro zved\u00e1n\u00ed l\u017e\u00edce, co\u017e umo\u017e\u0148uje obsluze efektivn\u011b vykop\u00e1vat nebo p\u0159epravovat materi\u00e1ly. U rypadlo-naklada\u010d\u016f v\u00e1lec v\u00fdlo\u017en\u00edku pom\u00e1h\u00e1 jak p\u0159i kop\u00e1n\u00ed, tak p\u0159i zved\u00e1n\u00ed, co\u017e zvy\u0161uje v\u0161estrannost t\u011bchto stroj\u016f.<\/p>\n<h3>Zem\u011bd\u011blsk\u00e9 stroje<\/h3>\n<p>\u010celn\u00ed naklada\u010de vyu\u017e\u00edvaj\u00ed v\u00e1lce v\u00fdlo\u017en\u00edku k nab\u00edr\u00e1n\u00ed, zved\u00e1n\u00ed a p\u0159eprav\u011b p\u016fdy, sena a dal\u0161\u00edch materi\u00e1l\u016f. Jsou nezbytn\u00e9 pro r\u016fzn\u00e9 zem\u011bd\u011blsk\u00e9 \u00fakoly, zvy\u0161uj\u00ed produktivitu a efektivitu na farm\u00e1ch.<\/p>\n<h3>Bagry<\/h3>\n<p>D\u00edky schopnosti pronikat do p\u016fdy usnad\u0148uj\u00ed v\u00e1lce v\u00fdlo\u017en\u00edku v bagrech efektivn\u00ed kop\u00e1n\u00ed, co\u017e je \u010din\u00ed ned\u00edlnou sou\u010d\u00e1st\u00ed stavebn\u00edch a demoli\u010dn\u00edch projekt\u016f.<\/p>\n<h3>Naklada\u010de<\/h3>\n<p>U \u010deln\u00edch naklada\u010d\u016f pom\u00e1haj\u00ed v\u00e1lce v\u00fdlo\u017en\u00edku efektivn\u011b zvedat a vykl\u00e1dat b\u0159emena. Jejich konstrukce umo\u017e\u0148uje optim\u00e1ln\u00ed rozlo\u017een\u00ed hmotnosti a ovl\u00e1d\u00e1n\u00ed b\u011bhem provozu, co\u017e podporuje r\u016fzn\u00e9 nakl\u00e1dac\u00ed \u00fakoly.<\/p>\n<h2>Konstruk\u010dn\u00ed aspekty a krit\u00e9ria v\u00fdb\u011bru<\/h2>\n<h3>Nosnost<\/h3>\n<p>Nosnost v\u00e1lce v\u00fdlo\u017en\u00edku je kl\u00ed\u010dov\u00e1 pro ur\u010den\u00ed jeho vhodnosti pro konkr\u00e9tn\u00ed aplikace. Je nezbytn\u00e9 vybrat v\u00e1lec, kter\u00fd zvl\u00e1dne o\u010dek\u00e1van\u00e9 zat\u00ed\u017een\u00ed bez rizika selh\u00e1n\u00ed. M\u011bly by b\u00fdt provedeny spr\u00e1vn\u00e9 v\u00fdpo\u010dty a z\u00e1t\u011b\u017eov\u00e9 zkou\u0161ky, aby se zajistilo, \u017ee v\u00e1lec spl\u0148uje po\u017eadavky zam\u00fd\u0161len\u00e9ho pou\u017eit\u00ed. V\u00e1lec s vy\u0161\u0161\u00ed nosnost\u00ed poskytne lep\u0161\u00ed bezpe\u010dnostn\u00ed rezervy a zv\u00fd\u0161\u00ed provozn\u00ed efektivitu.<\/p>\n<h3>T\u011bsn\u011bn\u00ed a trvanlivost<\/h3>\n<p>\u00da\u010dinn\u00e9 t\u011bsn\u011bn\u00ed je z\u00e1sadn\u00ed pro prevenci \u00fanik\u016f hydraulick\u00e9 kapaliny, kter\u00e9 mohou v\u00e9st ke sn\u00ed\u017een\u00ed v\u00fdkonu a zv\u00fd\u0161en\u00e9mu opot\u0159eben\u00ed. Volba t\u011bsn\u011bn\u00ed, jako jsou p\u00edstn\u00ed a p\u00edstn\u00ed t\u011bsn\u011bn\u00ed vyroben\u00e1 z odoln\u00fdch materi\u00e1l\u016f, jako je polyuretan nebo nitrilov\u00e1 pry\u017e, v\u00fdznamn\u011b p\u0159isp\u00edv\u00e1 k dlouh\u00e9 \u017eivotnosti v\u00e1lce. Vysoce kvalitn\u00ed t\u011bsn\u011bn\u00ed tak\u00e9 zajist\u00ed plynul\u00fd a efektivn\u00ed provoz hydraulick\u00e9ho syst\u00e9mu a minimalizuje prostoje zp\u016fsoben\u00e9 \u00fadr\u017ebou.<\/p>\n<h3>Bezpe\u010dnostn\u00ed prvky<\/h3>\n<p>Bezpe\u010dnost je kl\u00ed\u010dov\u00fdm hlediskem p\u0159i konstrukci v\u00e1lc\u016f v\u00fdlo\u017en\u00edku. Prvky, jako jsou vestav\u011bn\u00e9 p\u0159etlakov\u00e9 ventily, pom\u00e1haj\u00ed p\u0159edch\u00e1zet p\u0159et\u00ed\u017een\u00ed, kter\u00e9 m\u016f\u017ee v\u00e9st ke katastrof\u00e1ln\u00edm poruch\u00e1m. Pravideln\u00e9 kontroly \u00fadr\u017eby a dodr\u017eov\u00e1n\u00ed bezpe\u010dnostn\u00edch protokol\u016f nav\u00edc zajist\u00ed dlouhou \u017eivotnost a spolehlivost hydraulick\u00fdch syst\u00e9m\u016f. Obsluha by m\u011bla b\u00fdt pro\u0161kolena v rozpozn\u00e1v\u00e1n\u00ed potenci\u00e1ln\u00edch bezpe\u010dnostn\u00edch rizik a jejich rychl\u00e9m \u0159e\u0161en\u00ed, aby se zm\u00edrnila rizika b\u011bhem provozu.<\/p>\n<p><img decoding=\"async\" src=\"https:\/\/www.hydraulic-cylinders.net\/wp-content\/uploads\/2025\/04\/songte-oil-pipes-and-spare-parts.webp\" alt=\"\u00davahy o konstrukci hydraulick\u00e9ho v\u00e1lce\" \/><\/p>\n<h2>T\u011bsn\u011bn\u00ed a maz\u00e1n\u00ed<\/h2>\n<p>Pro zaji\u0161t\u011bn\u00ed optim\u00e1ln\u00edho v\u00fdkonu se ve v\u00e1lc\u00edch v\u00fdlo\u017en\u00edku pou\u017e\u00edvaj\u00ed r\u016fzn\u00e1 t\u011bsn\u011bn\u00ed, v\u010detn\u011b p\u00edstn\u00edch a p\u00edstn\u00edch t\u011bsn\u011bn\u00ed. V\u00fdb\u011br t\u011bsn\u011bn\u00ed vyroben\u00fdch z materi\u00e1l\u016f odoln\u00fdch proti opot\u0159eben\u00ed, jako je polyuretan a nitrilov\u00e1 pry\u017e, je z\u00e1sadn\u00ed pro prodlou\u017een\u00ed \u017eivotnosti v\u00e1lce. T\u011bleso v\u00e1lce a z\u00e1vitov\u00e9 koncov\u00e9 plochy jsou nav\u00edc precizn\u011b opracov\u00e1ny pro zv\u00fd\u0161en\u00ed odolnosti proti opot\u0159eben\u00ed. Pravideln\u00e9 maz\u00e1n\u00ed hydraulick\u00fdm olejem je nezbytn\u00e9 pro minimalizaci t\u0159en\u00ed a prodlou\u017een\u00ed provozn\u00ed \u017eivotnosti v\u00e1lce. Obsluha mus\u00ed ch\u00e1pat d\u016fle\u017eitost udr\u017eov\u00e1n\u00ed spr\u00e1vn\u00e9 hladiny oleje a zaji\u0161t\u011bn\u00ed toho, aby syst\u00e9m neobsahoval ne\u010distoty, kter\u00e9 by mohly ohrozit funkci a \u017eivotnost hydraulick\u00fdch komponent\u016f.<\/p>\n<h2>Preventivn\u00ed \u00fadr\u017ebov\u00e1 opat\u0159en\u00ed<\/h2>\n<ul>\n<li><strong>Pravideln\u00e1 kontrola:<\/strong> Aby se v\u010das odhalily probl\u00e9my a p\u0159ede\u0161lo se n\u00e1kladn\u00fdm oprav\u00e1m, m\u011bly by se prov\u00e1d\u011bt pravideln\u00e9 kontroly net\u011bsnost\u00ed, opot\u0159eben\u00ed a po\u0161kozen\u00ed.<\/li>\n<li><strong>Spr\u00e1vn\u00e9 maz\u00e1n\u00ed:<\/strong> Zaji\u0161t\u011bn\u00ed dostate\u010dn\u00e9ho maz\u00e1n\u00ed v\u00e1lce sni\u017euje t\u0159en\u00ed a opot\u0159eben\u00ed, \u010d\u00edm\u017e zvy\u0161uje v\u00fdkon a prodlu\u017euje \u017eivotnost.<\/li>\n<li><strong>V\u00fdm\u011bna t\u011bsn\u011bn\u00ed:<\/strong> Pravideln\u00e1 v\u00fdm\u011bna opot\u0159ebovan\u00fdch t\u011bsn\u011bn\u00ed m\u016f\u017ee zabr\u00e1nit \u00fanik\u016fm kapalin a udr\u017eet hydraulickou \u00fa\u010dinnost, \u010d\u00edm\u017e zajist\u00ed, \u017ee syst\u00e9m bude fungovat podle o\u010dek\u00e1v\u00e1n\u00ed.<\/li>\n<\/ul>\n<h2>Pokyny k instalaci<\/h2>\n<p>Spr\u00e1vn\u00e1 instalace v\u00e1lce v\u00fdlo\u017en\u00edku je z\u00e1sadn\u00ed pro optim\u00e1ln\u00ed v\u00fdkon. Pro zaji\u0161t\u011bn\u00ed spr\u00e1vn\u00e9 instalace postupujte podle t\u011bchto krok\u016f:<\/p>\n<ul>\n<li><strong>P\u0159\u00edprava:<\/strong> P\u0159ed instalac\u00ed se ujist\u011bte, \u017ee je pracovn\u00ed prostor \u010dist\u00fd a bez ne\u010distot. Ov\u011b\u0159te, zda m\u00e1te ve\u0161ker\u00e9 pot\u0159ebn\u00e9 n\u00e1stroje a sou\u010d\u00e1sti.<\/li>\n<li><strong>Zarovn\u00e1n\u00ed:<\/strong> Spr\u00e1vn\u011b vyrovnejte v\u00e1lec s mont\u00e1\u017en\u00edmi konzolami, abyste zabr\u00e1nili nam\u00e1h\u00e1n\u00ed a mo\u017en\u00e9mu selh\u00e1n\u00ed b\u011bhem provozu. V p\u0159\u00edpad\u011b pot\u0159eby pou\u017eijte vyrovn\u00e1vac\u00ed n\u00e1stroje.<\/li>\n<li><strong>Mont\u00e1\u017e:<\/strong> Bezpe\u010dn\u011b upevn\u011bte v\u00e1lec pomoc\u00ed vhodn\u00fdch mont\u00e1\u017en\u00edch konzol pro zaji\u0161t\u011bn\u00ed stability. Ujist\u011bte se, \u017ee v\u0161echny upev\u0148ovac\u00ed prvky jsou uta\u017eeny podle specifikac\u00ed v\u00fdrobce.<\/li>\n<li><strong>Hydraulick\u00e9 p\u0159ipojen\u00ed:<\/strong> P\u0159ipojte hydraulick\u00e9 hadice a ujist\u011bte se, \u017ee nedoch\u00e1z\u00ed k \u017e\u00e1dn\u00fdm net\u011bsnostem. Zkontrolujte znovu t\u011bsnost a spr\u00e1vn\u00e9 um\u00edst\u011bn\u00ed v\u0161ech spoj\u016f.<\/li>\n<li><strong>Testov\u00e1n\u00ed:<\/strong> Po instalaci prove\u010fte zku\u0161ebn\u00ed provoz, abyste ov\u011b\u0159ili, \u017ee v\u00e1lec funguje hladce a efektivn\u011b. Sledujte, zda se neobjevuj\u00ed jak\u00e9koli neobvykl\u00e9 zvuky nebo pohyby.<\/li>\n<\/ul>\n<p><img decoding=\"async\" src=\"https:\/\/www.hydraulic-cylinders.net\/wp-content\/uploads\/2025\/04\/songte-chushion-collar.webp\" alt=\"Instalace v\u00e1lce v\u00fdlo\u017en\u00edku\" \/><\/p>\n<h2>\u00dakoly \u00fadr\u017eby<\/h2>\n<h3>Pravideln\u00e9 kontroly<\/h3>\n<p>Pro v\u010dasn\u00e9 odhalen\u00ed potenci\u00e1ln\u00edch probl\u00e9m\u016f je nezbytn\u00e9 prov\u00e1d\u011bt pravideln\u00e9 kontroly v\u00e1lce v\u00fdlo\u017en\u00edku. Hledejte zn\u00e1mky opot\u0159eben\u00ed, net\u011bsnost\u00ed nebo po\u0161kozen\u00ed, abyste zajistili efektivn\u00ed fungov\u00e1n\u00ed v\u00e1lce. Vypracov\u00e1n\u00ed pl\u00e1nu pravideln\u00e9 \u00fadr\u017eby m\u016f\u017ee zabr\u00e1nit n\u00e1kladn\u00fdm prostoj\u016fm a prodlou\u017eit \u017eivotnost za\u0159\u00edzen\u00ed.<\/p>\n<h3>Spr\u00e1vn\u00e9 maz\u00e1n\u00ed<\/h3>\n<p>Zaji\u0161t\u011bn\u00ed dostate\u010dn\u00e9ho maz\u00e1n\u00ed v\u00e1lce v\u00fdlo\u017en\u00edku je z\u00e1sadn\u00ed pro sn\u00ed\u017een\u00ed t\u0159en\u00ed a opot\u0159eben\u00ed pohybliv\u00fdch \u010d\u00e1st\u00ed. Pravideln\u011b kontrolujte hladinu hydraulick\u00e9ho oleje a v p\u0159\u00edpad\u011b pot\u0159eby jej dopl\u0148ujte. Pro udr\u017een\u00ed optim\u00e1ln\u00edho v\u00fdkonu a p\u0159edejit\u00ed probl\u00e9m\u016fm s kompatibilitou pou\u017e\u00edvejte hydraulickou kapalinu doporu\u010denou v\u00fdrobcem.<\/p>\n<h3>V\u00fdm\u011bna t\u011bsn\u011bn\u00ed<\/h3>\n<p>Sledov\u00e1n\u00ed stavu t\u011bsn\u011bn\u00ed je z\u00e1sadn\u00ed pro prevenci \u00fanik\u016f kapalin a udr\u017een\u00ed hydraulick\u00e9 \u00fa\u010dinnosti. Pravideln\u011b kontrolujte t\u011bsn\u011bn\u00ed, zda nevykazuj\u00ed zn\u00e1mky opot\u0159eben\u00ed, a v p\u0159\u00edpad\u011b pot\u0159eby je vym\u011b\u0148ujte, aby se zajistilo spr\u00e1vn\u00e9 fungov\u00e1n\u00ed v\u00e1lce. Zav\u00e1d\u011bjte proaktivn\u00ed p\u0159\u00edstup k \u0159\u00edzen\u00ed t\u011bsn\u011bn\u00ed, abyste p\u0159ede\u0161li \u00fanik\u016fm a zv\u00fd\u0161ili v\u00fdkon.<\/p>\n<h2>Bezpe\u010dnostn\u00ed aspekty a faktory prost\u0159ed\u00ed<\/h2>\n<p>P\u0159i pou\u017e\u00edv\u00e1n\u00ed v\u00e1lc\u016f v\u00fdlo\u017en\u00edku je nezbytn\u00e9 zv\u00e1\u017eit bezpe\u010dnostn\u00ed opat\u0159en\u00ed k ochran\u011b obsluhy a za\u0159\u00edzen\u00ed. Z\u00e1sadn\u00ed je implementace standardn\u00edch bezpe\u010dnostn\u00edch protokol\u016f, jako je no\u0161en\u00ed vhodn\u00fdch osobn\u00edch ochrann\u00fdch prost\u0159edk\u016f (OOP) a zaji\u0161t\u011bn\u00ed dobr\u00e9ho provozn\u00edho stavu v\u0161ech hydraulick\u00fdch komponent\u016f. Pro dodr\u017eov\u00e1n\u00ed environment\u00e1ln\u00edch p\u0159edpis\u016f je nav\u00edc z\u00e1sadn\u00ed pochopen\u00ed dopadu \u00fanik\u016f hydraulick\u00e9 kapaliny na \u017eivotn\u00ed prost\u0159ed\u00ed a zaji\u0161t\u011bn\u00ed spr\u00e1vn\u00e9 likvidace nebezpe\u010dn\u00fdch materi\u00e1l\u016f.<\/p>\n<h2>\u0158e\u0161en\u00ed b\u011b\u017en\u00fdch probl\u00e9m\u016f<\/h2>\n<h3>B\u011b\u017en\u00e9 probl\u00e9my<\/h3>\n<ul>\n<li><strong>\u00danik:<\/strong> K net\u011bsnostem m\u016f\u017ee doch\u00e1zet v d\u016fsledku opot\u0159ebovan\u00fdch t\u011bsn\u011bn\u00ed nebo po\u0161kozen\u00fdch spoj\u016f, co\u017e vede ke sn\u00ed\u017een\u00ed v\u00fdkonu. Pravideln\u00e9 kontroly mohou pomoci identifikovat a \u0159e\u0161it tyto probl\u00e9my d\u0159\u00edve, ne\u017e se zhor\u0161\u00ed.<\/li>\n<li><strong>Pomal\u00e1 odezva:<\/strong> Pokud v\u00e1lec reaguje pomalu, m\u016f\u017ee to znamenat n\u00edzkou hladinu hydraulick\u00e9 kapaliny nebo probl\u00e9m s hydraulick\u00fdm \u010derpadlem. Zkontrolujte hladiny kapalin a ujist\u011bte se, \u017ee \u010derpadlo funguje spr\u00e1vn\u011b.<\/li>\n<li><strong>P\u0159eh\u0159\u00e1t\u00ed:<\/strong> P\u0159eh\u0159\u00e1t\u00ed m\u016f\u017ee b\u00fdt zp\u016fsobeno nadm\u011brn\u00fdm pracovn\u00edm zat\u00ed\u017een\u00edm nebo nedostate\u010dn\u00fdm maz\u00e1n\u00edm. Sledujte provozn\u00ed podm\u00ednky a v p\u0159\u00edpad\u011b pot\u0159eby prov\u00e1d\u011bjte \u00fapravy, abyste zabr\u00e1nili p\u0159eh\u0159\u00e1t\u00ed.<\/li>\n<\/ul>\n<h3>Tipy pro \u0159e\u0161en\u00ed probl\u00e9m\u016f<\/h3>\n<p>Pro efektivn\u00ed diagnostiku a \u0159e\u0161en\u00ed probl\u00e9m\u016f dodr\u017eujte tato pravidla:<\/p>\n<ul>\n<li>Pravideln\u011b sledujte hladinu hydraulick\u00e9 kapaliny a v r\u00e1mci b\u011b\u017en\u00e9 \u00fadr\u017eby vym\u011b\u0148ujte filtry.<\/li>\n<li>Dokumentujte a sledujte metriky v\u00fdkonnosti, abyste v\u010das identifikovali trendy a potenci\u00e1ln\u00ed probl\u00e9my.<\/li>\n<li>Pro\u0161kolte oper\u00e1tory v rozpozn\u00e1v\u00e1n\u00ed neobvykl\u00fdch zvuk\u016f nebo chov\u00e1n\u00ed v hydraulick\u00e9m syst\u00e9mu, aby bylo mo\u017en\u00e9 rychle reagovat.<\/li>\n<\/ul>\n<p><img decoding=\"async\" src=\"https:\/\/www.hydraulic-cylinders.net\/wp-content\/uploads\/2025\/04\/songte-bushings-with-all-kinds-of-excavator-models.webp\" alt=\"Odstra\u0148ov\u00e1n\u00ed probl\u00e9m\u016f s v\u00e1lcem v\u00fdlo\u017en\u00edku\" \/><\/p>\n<h2>P\u0159ehled spole\u010dnosti<\/h2>\n<p>Jsme p\u0159edn\u00edm v\u00fdrobcem n\u00e1hradn\u00edch hydraulick\u00fdch v\u00e1lc\u016f a nab\u00edz\u00edme komplexn\u00ed sortiment produkt\u016f, kter\u00e9 spl\u0148uj\u00ed po\u017eadavky dom\u00e1c\u00edho i mezin\u00e1rodn\u00edho trhu. N\u00e1\u0161 z\u00e1vazek k vynikaj\u00edc\u00ed kvalit\u011b je podpo\u0159en na\u0161imi propracovan\u00fdmi v\u00fdrobn\u00edmi strategiemi a nejmodern\u011bj\u0161\u00edm vybaven\u00edm. Se zam\u011b\u0159en\u00edm na technick\u00e9 talenty, \u0161pi\u010dkovou digit\u00e1ln\u00ed v\u00fdrobu a profesion\u00e1ln\u00ed testovac\u00ed syst\u00e9my neust\u00e1le vylep\u0161ujeme na\u0161e v\u00fdrobn\u00ed kapacity. N\u00e1\u0161 efektivn\u00ed, p\u0159esn\u00fd a vysoce kvalitn\u00ed p\u0159\u00edstup n\u00e1m umo\u017e\u0148uje uspokojovat rozmanit\u00e9 pot\u0159eby na\u0161ich z\u00e1kazn\u00edk\u016f.<\/p>\n<p><img decoding=\"async\" src=\"https:\/\/www.hydraulic-cylinders.net\/wp-content\/uploads\/2025\/04\/songte-company-4.webp\" alt=\"P\u0159ehled spole\u010dnosti\" \/><br \/>\n<img decoding=\"async\" src=\"https:\/\/www.hydraulic-cylinders.net\/wp-content\/uploads\/2025\/04\/songte-company-3.webp\" alt=\"Produkce spole\u010dnosti\" \/><\/p>\n<p>Na\u0161e specializace se roz\u0161i\u0159uje na poskytov\u00e1n\u00ed profesion\u00e1ln\u00edch certifikac\u00ed, slu\u017eeb na m\u00edru, modern\u00edho v\u00fdrobn\u00edho za\u0159\u00edzen\u00ed a vynikaj\u00edc\u00ed poprodejn\u00ed podpory, co\u017e zaji\u0161\u0165uje, \u017ee na\u0161i klienti dost\u00e1vaj\u00ed \u0161pi\u010dkov\u00e1 \u0159e\u0161en\u00ed v oblasti hydraulick\u00fdch v\u00e1lc\u016f pro sv\u00e9 provozy.<\/p>\n<p>Autor: lyl<\/p>","protected":false},"excerpt":{"rendered":"<p>Boom Cylinder For Baoding WY90-7 What is a Boom Cylinder? The Boom Cylinder is a specialized hydraulic cylinder designed to control the movement of the bucket in various heavy machinery such as excavators, backhoe loaders, and front-end loaders. This hydraulic component enables the bucket to lift, lower, and tilt, facilitating material handling tasks with precision [&hellip;]<\/p>","protected":false},"featured_media":17881,"comment_status":"open","ping_status":"closed","template":"","meta":{"_et_pb_use_builder":"","_et_pb_old_content":"","_et_gb_content_width":""},"product_brand":[],"product_cat":[1546],"product_tag":[1547,1496],"class_list":{"0":"post-19678","1":"product","2":"type-product","3":"status-publish","4":"has-post-thumbnail","6":"product_cat-boom-cylinders","7":"product_tag-boom-cylinders","8":"product_tag-hydraulic-cylinders","10":"first","11":"instock","12":"shipping-taxable","13":"product-type-simple"},"amp_enabled":true,"_links":{"self":[{"href":"https:\/\/www.hydraulic-cylinders.net\/cs\/wp-json\/wp\/v2\/product\/19678","targetHints":{"allow":["GET"]}}],"collection":[{"href":"https:\/\/www.hydraulic-cylinders.net\/cs\/wp-json\/wp\/v2\/product"}],"about":[{"href":"https:\/\/www.hydraulic-cylinders.net\/cs\/wp-json\/wp\/v2\/types\/product"}],"replies":[{"embeddable":true,"href":"https:\/\/www.hydraulic-cylinders.net\/cs\/wp-json\/wp\/v2\/comments?post=19678"}],"wp:featuredmedia":[{"embeddable":true,"href":"https:\/\/www.hydraulic-cylinders.net\/cs\/wp-json\/wp\/v2\/media\/17881"}],"wp:attachment":[{"href":"https:\/\/www.hydraulic-cylinders.net\/cs\/wp-json\/wp\/v2\/media?parent=19678"}],"wp:term":[{"taxonomy":"product_brand","embeddable":true,"href":"https:\/\/www.hydraulic-cylinders.net\/cs\/wp-json\/wp\/v2\/product_brand?post=19678"},{"taxonomy":"product_cat","embeddable":true,"href":"https:\/\/www.hydraulic-cylinders.net\/cs\/wp-json\/wp\/v2\/product_cat?post=19678"},{"taxonomy":"product_tag","embeddable":true,"href":"https:\/\/www.hydraulic-cylinders.net\/cs\/wp-json\/wp\/v2\/product_tag?post=19678"}],"curies":[{"name":"wp","href":"https:\/\/api.w.org\/{rel}","templated":true}]}}