{"id":19679,"date":"2025-04-07T07:01:20","date_gmt":"2025-04-07T07:01:20","guid":{"rendered":"https:\/\/www.hydraulic-cylinders.net\/product\/boom-cylinder-for-baoding-sc240sd-8\/"},"modified":"2025-04-07T07:01:22","modified_gmt":"2025-04-07T07:01:22","slug":"boom-cylinder-for-baoding-sc240sd-8","status":"publish","type":"product","link":"https:\/\/www.hydraulic-cylinders.net\/cs\/produkt\/boom-cylinder-for-baoding-sc240sd-8\/","title":{"rendered":"V\u00e1lec v\u00fdlo\u017en\u00edku pro Baoding SC240SD.8"},"content":{"rendered":"<h1>V\u00e1lec v\u00fdlo\u017en\u00edku pro Baoding SC240SD.8<\/h1>\n<h2>\u00davod k v\u00e1lci v\u00fdlo\u017en\u00edku<\/h2>\n<p>Hydraulick\u00fd v\u00e1lec v\u00fdlo\u017en\u00edku, speci\u00e1ln\u011b navr\u017een\u00fd pro model Baoding SC240SD.8, je z\u00e1kladn\u00ed sou\u010d\u00e1st\u00ed hydraulick\u00fdch syst\u00e9m\u016f pou\u017e\u00edvan\u00fdch v t\u011b\u017ek\u00fdch stroj\u00edch. Tento hydraulick\u00fd v\u00e1lec hraje kl\u00ed\u010dovou roli v \u0159\u00edzen\u00ed pohybu l\u017e\u00edc v r\u016fzn\u00fdch za\u0159\u00edzen\u00edch, jako jsou rypadla, r\u00fdpadlo-naklada\u010de a \u010deln\u00ed naklada\u010de. Umo\u017e\u0148uje l\u017e\u00edci zvedat, spou\u0161t\u011bt a nakl\u00e1n\u011bt, co\u017e usnad\u0148uje efektivn\u00ed manipulaci s materi\u00e1lem. V\u00e1lec v\u00fdlo\u017en\u00edku je typ hydraulick\u00e9ho v\u00e1lce speci\u00e1ln\u011b navr\u017een\u00e9ho pro efektivn\u00ed \u0159\u00edzen\u00ed t\u011bchto \u010dinnost\u00ed a zaji\u0161t\u011bn\u00ed toho, aby obsluha mohla vykon\u00e1vat sv\u00e9 \u00fakoly s p\u0159esnost\u00ed a spolehlivost\u00ed.<\/p>\n<p><img decoding=\"async\" src=\"https:\/\/www.hydraulic-cylinders.net\/wp-content\/uploads\/2025\/04\/songte-company-1.webp\" alt=\"Obr\u00e1zek v\u00e1lce v\u00fdlo\u017en\u00edku\"><\/p>\n<h2>Vlastnosti v\u00e1lce v\u00fdlo\u017en\u00edku<\/h2>\n<ul>\n<li><strong>Vysok\u00e1 pevnost a trvanlivost:<\/strong> Tyto v\u00e1lce, vyroben\u00e9 z vysokopevnostn\u00ed oceli nebo hlin\u00edku, odol\u00e1vaj\u00ed vysok\u00e9mu tlaku a velk\u00e9mu zat\u00ed\u017een\u00ed, tak\u017ee jsou vhodn\u00e9 pro n\u00e1ro\u010dn\u00e1 pracovn\u00ed prost\u0159ed\u00ed. Jejich konstrukce zohled\u0148uje odolnost proti opot\u0159eben\u00ed a korozi, co\u017e prodlu\u017euje jejich \u017eivotnost.<\/li>\n<li><strong>Efektivn\u00ed hydraulick\u00fd provoz:<\/strong> D\u00edky hydraulick\u00e9mu tlaku oleje dosahuj\u00ed tyto v\u00e1lce plynul\u00e9ho vysouv\u00e1n\u00ed a zasouv\u00e1n\u00ed. Rychle reaguj\u00ed na \u0159\u00eddic\u00ed povely a poskytuj\u00ed siln\u00e9 tlakov\u00e9 a ta\u017en\u00e9 s\u00edly pro manipulaci s t\u011b\u017ek\u00fdmi p\u0159edm\u011bty a slo\u017eit\u00fdmi \u00fakoly.<\/li>\n<li><strong>R\u016fzn\u00e9 typy:<\/strong> V\u00e1lce v\u00fdlo\u017en\u00edku jsou k dispozici v jedno\u010dinn\u00e9m (vyu\u017e\u00edvaj\u00edc\u00edm hydraulick\u00fd tlak v jednom sm\u011bru) a dvoj\u010dinn\u00e9m (vyu\u017e\u00edvaj\u00edc\u00edm hydraulick\u00fd tlak v obou sm\u011brech) proveden\u00ed, aby spl\u0148ovaly r\u016fzn\u00e9 provozn\u00ed pot\u0159eby. N\u011bkter\u00e9 modely jsou teleskopick\u00e9, co\u017e umo\u017e\u0148uje v\u011bt\u0161\u00ed vysunut\u00ed bez zv\u011bt\u0161en\u00ed vn\u011bj\u0161\u00edch rozm\u011br\u016f, co\u017e je ide\u00e1ln\u00ed pro aplikace s omezen\u00fdm prostorem.<\/li>\n<li><strong>Zak\u00e1zkov\u00e1 v\u00fdroba:<\/strong> Na\u0161e spole\u010dnost se specializuje na v\u00fdrobu t\u011bchto v\u00e1lc\u016f v\u00fdlo\u017en\u00edku a zaji\u0161\u0165uje, \u017ee dokonale nahrad\u00ed st\u00e1vaj\u00edc\u00ed hydraulick\u00e9 v\u00e1lce s vysokou kompatibilitou a v\u00fdkonem.<\/li>\n<\/ul>\n<p><img decoding=\"async\" src=\"https:\/\/www.hydraulic-cylinders.net\/wp-content\/uploads\/2025\/04\/songte-cylinder-head-with-all-kinds-excavator-models.webp\" alt=\"Zak\u00e1zkov\u00e1 v\u00fdroba Obr\u00e1zek\"><\/p>\n<h2>Aplikace v\u00e1lc\u016f v\u00fdlo\u017en\u00edku<\/h2>\n<h3>Stavebn\u00ed stroje<\/h3>\n<p>U stavebn\u00edch stroj\u016f, jako jsou bagry, jsou v\u00e1lce v\u00fdlo\u017en\u00edku nezbytn\u00e9 pro kop\u00e1n\u00ed, nakl\u00e1d\u00e1n\u00ed a p\u0159emis\u0165ov\u00e1n\u00ed zeminy nebo suti. Umo\u017e\u0148uj\u00ed r\u00fdpac\u00ed l\u017e\u00edci efektivn\u011b pronikat do zem\u011b, co\u017e obsluze umo\u017e\u0148uje efektivn\u011b vykop\u00e1vat materi\u00e1l. U r\u00fdpadlo-naklada\u010d\u016f nav\u00edc v\u00e1lce v\u00fdlo\u017en\u00edku pom\u00e1haj\u00ed jak p\u0159i kop\u00e1n\u00ed, tak p\u0159i zved\u00e1n\u00ed, co\u017e z nich \u010din\u00ed nepostradateln\u00e9 n\u00e1stroje na staveni\u0161t\u00edch.<\/p>\n<h3>Zem\u011bd\u011blsk\u00e9 stroje<\/h3>\n<p>V zem\u011bd\u011blstv\u00ed se v\u00e1lce v\u00fdlo\u017en\u00edku b\u011b\u017en\u011b pou\u017e\u00edvaj\u00ed v \u010deln\u00edch naklada\u010d\u00edch k nab\u00edr\u00e1n\u00ed, zved\u00e1n\u00ed a p\u0159eprav\u011b p\u016fdy, sena a dal\u0161\u00edch materi\u00e1l\u016f. Pom\u00e1haj\u00ed zem\u011bd\u011blc\u016fm efektivn\u011b \u0159\u00eddit jejich \u00fakoly, zvy\u0161uj\u00ed produktivitu a zkracuj\u00ed pracovn\u00ed dobu. Mo\u017enosti vysouv\u00e1n\u00ed a zasouv\u00e1n\u00ed t\u011bchto v\u00e1lc\u016f zvy\u0161uj\u00ed v\u0161estrannost zem\u011bd\u011blsk\u00e9 techniky.<\/p>\n<h3>Bagry<\/h3>\n<p>V\u00e1lce v\u00fdlo\u017en\u00edku v bagrech usnad\u0148uj\u00ed kopac\u00ed pohyb t\u00edm, \u017ee umo\u017e\u0148uj\u00ed l\u017e\u00edci proniknout do p\u016fdy. To je kl\u00ed\u010dov\u00e9 pro r\u016fzn\u00e9 zemn\u00ed pr\u00e1ce, a\u0165 u\u017e ve stavebnictv\u00ed nebo p\u0159i \u00faprav\u011b krajiny. Jejich schopnost pracovat za vysok\u00e9ho nam\u00e1h\u00e1n\u00ed zaji\u0161\u0165uje, \u017ee bagry mohou pracovat efektivn\u011b a maximalizovat produktivitu na staveni\u0161ti.<\/p>\n<h3>Naklada\u010de<\/h3>\n<p>U \u010deln\u00edch naklada\u010d\u016f hraj\u00ed v\u00e1lce v\u00fdlo\u017en\u00edku v\u00fdznamnou roli v efektivn\u00edm zved\u00e1n\u00ed a vykl\u00e1p\u011bn\u00ed materi\u00e1l\u016f. Umo\u017e\u0148uj\u00ed obsluze zvednout ramena naklada\u010de a naklonit l\u017e\u00edci pro rychl\u00e9 vylo\u017een\u00ed materi\u00e1l\u016f. Tato funkce je nezbytn\u00e1 pro operace ve stavebnictv\u00ed, krajin\u00e1\u0159stv\u00ed a manipulaci s materi\u00e1lem.<\/p>\n<h2>Konstruk\u010dn\u00ed aspekty a krit\u00e9ria v\u00fdb\u011bru<\/h2>\n<h3>Nosnost<\/h3>\n<p>Nosnost v\u00e1lce v\u00fdlo\u017en\u00edku je kritick\u00fdm konstruk\u010dn\u00edm hlediskem. Mus\u00ed b\u00fdt p\u0159izp\u016fsoben maxim\u00e1ln\u00ed hmotnosti p\u0159epravovan\u00fdch materi\u00e1l\u016f. Dob\u0159e navr\u017een\u00fd v\u00e1lec bude zahrnovat bezpe\u010dnostn\u00ed faktory, kter\u00e9 zabr\u00e1n\u00ed poruch\u00e1m p\u0159i velk\u00e9m zat\u00ed\u017een\u00ed a zajist\u00ed spolehliv\u00fd provoz v n\u00e1ro\u010dn\u00fdch prost\u0159ed\u00edch. Pochopen\u00ed hmotnostn\u00edho limitu a pou\u017eit\u00ed pom\u016f\u017ee u\u017eivatel\u016fm p\u0159i v\u00fdb\u011bru spr\u00e1vn\u00e9ho v\u00e1lce.<\/p>\n<h3>T\u011bsn\u011bn\u00ed<\/h3>\n<p>\u00da\u010dinn\u00e9 t\u011bsn\u011bn\u00ed je pro hydraulick\u00e9 v\u00e1lce nezbytn\u00e9, aby se zabr\u00e1nilo \u00faniku a udr\u017eel tlak. Kvalita t\u011bsn\u011bn\u00ed ovliv\u0148uje v\u00fdkon a \u017eivotnost v\u00e1lce. Pou\u017eit\u00ed vysoce kvalitn\u00edch materi\u00e1l\u016f pro t\u011bsn\u011bn\u00ed, jako je polyuretan nebo nitrilov\u00e1 pry\u017e, zvy\u0161uje trvanlivost a odolnost proti opot\u0159eben\u00ed a zaji\u0161\u0165uje optim\u00e1ln\u00ed funk\u010dnost v pr\u016fb\u011bhu \u010dasu.<\/p>\n<h3>Trvanlivost<\/h3>\n<p>Trvanlivost v\u00e1lce v\u00fdlo\u017en\u00edku je prvo\u0159ad\u00e1, zejm\u00e9na v n\u00e1ro\u010dn\u00fdch pracovn\u00edch podm\u00ednk\u00e1ch. D\u016fle\u017eit\u00e9 jsou faktory, jako je odolnost proti opot\u0159eben\u00ed, korozi a celkov\u00e1 struktur\u00e1ln\u00ed integrita. V\u00fdrobci se zam\u011b\u0159uj\u00ed na pou\u017e\u00edv\u00e1n\u00ed robustn\u00edch materi\u00e1l\u016f a aplikov\u00e1n\u00ed pokro\u010dil\u00fdch povrchov\u00fdch \u00faprav, aby prodlou\u017eili \u017eivotnost v\u00e1lc\u016f, d\u00edky \u010demu\u017e jsou vhodn\u00e9 pro r\u016fzn\u00e9 aplikace.<\/p>\n<h3>Bezpe\u010dnost<\/h3>\n<p>Bezpe\u010dnostn\u00ed prvky jsou u konstrukce hydraulick\u00fdch v\u00e1lc\u016f z\u00e1sadn\u00ed. Pou\u017eit\u00ed p\u0159etlakov\u00fdch ventil\u016f a robustn\u00edch mont\u00e1\u017en\u00edch syst\u00e9m\u016f pom\u00e1h\u00e1 p\u0159edch\u00e1zet nehod\u00e1m a zaji\u0161\u0165uje bezpe\u010dn\u00fd provoz. Obsluha by m\u011bla zajistit, aby byla zavedena ve\u0161ker\u00e1 bezpe\u010dnostn\u00ed opat\u0159en\u00ed ke zm\u00edrn\u011bn\u00ed rizik spojen\u00fdch s hydraulick\u00fdmi syst\u00e9my a k udr\u017een\u00ed bezpe\u010dn\u00e9ho pracovn\u00edho prost\u0159ed\u00ed.<\/p>\n<h3>\u00dadr\u017eba<\/h3>\n<p>P\u0159i v\u00fdb\u011bru v\u00e1lce v\u00fdlo\u017en\u00edku by m\u011bla b\u00fdt \u00fadr\u017eba prioritou. Vlastnosti, kter\u00e9 umo\u017e\u0148uj\u00ed snadnou demont\u00e1\u017e, kontrolu a opravu, mohou v\u00fdrazn\u011b sn\u00ed\u017eit prostoje a n\u00e1klady na \u00fadr\u017ebu. Pravideln\u00e1 \u00fadr\u017eba zaji\u0161\u0165uje efektivn\u00ed provoz hydraulick\u00e9ho syst\u00e9mu a prodlu\u017euje \u017eivotnost v\u00e1lce.<\/p>\n<p><img decoding=\"async\" src=\"https:\/\/www.hydraulic-cylinders.net\/wp-content\/uploads\/2025\/04\/songte-oil-pipes-and-spare-parts.webp\" alt=\"Obr\u00e1zek \u00fadr\u017eby\"><\/p>\n<h2>T\u011bsn\u011bn\u00ed a maz\u00e1n\u00ed<\/h2>\n<p>Zaveden\u00ed \u00fa\u010dinn\u00fdch postup\u016f t\u011bsn\u011bn\u00ed a maz\u00e1n\u00ed je z\u00e1sadn\u00ed pro v\u00fdkon v\u00e1lc\u016f v\u00fdlo\u017en\u00edku. Pro zaji\u0161t\u011bn\u00ed optim\u00e1ln\u00edho provozu se pou\u017e\u00edvaj\u00ed r\u016fzn\u00e9 t\u011bsnic\u00ed komponenty, jako jsou t\u011bsn\u011bn\u00ed p\u00edst\u016f a p\u00edstnic. T\u011bsn\u011bn\u00ed vyroben\u00e1 z materi\u00e1l\u016f odoln\u00fdch proti opot\u0159eben\u00ed, jako je polyuretan nebo nitrilov\u00e1 pry\u017e, zaji\u0161\u0165uj\u00ed trvanlivost, zat\u00edmco t\u011bleso v\u00e1lce a z\u00e1vitov\u00e9 koncov\u00e9 plochy jsou jemn\u011b opracov\u00e1ny pro zv\u00fd\u0161en\u00ed odolnosti proti opot\u0159eben\u00ed. Je tak\u00e9 nezbytn\u00e9 pravideln\u011b dopl\u0148ovat vhodn\u00fd hydraulick\u00fd olej pro maz\u00e1n\u00ed, aby se zajistil hladk\u00fd chod a minimalizovalo t\u0159en\u00ed uvnit\u0159 v\u00e1lce.<\/p>\n<h2>Preventivn\u00ed \u00fadr\u017ebov\u00e1 opat\u0159en\u00ed<\/h2>\n<ul>\n<li><strong>Pravideln\u00e9 kontroly:<\/strong> Prov\u00e1d\u011bjte d\u016fkladn\u00e9 kontroly v\u0161ech hydraulick\u00fdch spoj\u016f a t\u011bsn\u011bn\u00ed, abyste v\u010das odhalili jak\u00e9koli zn\u00e1mky opot\u0159eben\u00ed nebo net\u011bsnosti. Pravideln\u00e9 kontroly pom\u00e1haj\u00ed udr\u017eovat optim\u00e1ln\u00ed v\u00fdkon a p\u0159edch\u00e1zet neo\u010dek\u00e1van\u00fdm poruch\u00e1m.<\/li>\n<li><strong>Maz\u00e1n\u00ed:<\/strong> Zajist\u011bte udr\u017eov\u00e1n\u00ed hladiny hydraulick\u00e9ho oleje a maz\u00e1n\u00ed dle specifikac\u00ed v\u00fdrobce, aby se zabr\u00e1nilo opot\u0159eben\u00ed a zajistil hladk\u00fd provoz.<\/li>\n<li><strong>V\u00fdm\u011bna t\u011bsn\u011bn\u00ed:<\/strong> Pravideln\u011b kontrolujte t\u011bsn\u011bn\u00ed, zda nevykazuj\u00ed zn\u00e1mky po\u0161kozen\u00ed nebo opot\u0159eben\u00ed. Proaktivn\u00ed v\u00fdm\u011bna t\u011bsn\u011bn\u00ed m\u016f\u017ee zabr\u00e1nit \u00fanik\u016fm a \u00fa\u010dinn\u011b udr\u017eovat hydraulick\u00fd tlak.<\/li>\n<\/ul>\n<h2>Pokyny k instalaci<\/h2>\n<p>Spr\u00e1vn\u00e1 instalace v\u00e1lce v\u00fdlo\u017en\u00edku je nezbytn\u00e1 pro optim\u00e1ln\u00ed v\u00fdkon. Za\u010dn\u011bte t\u00edm, \u017ee se ujist\u00edte, \u017ee v\u0161echny mont\u00e1\u017en\u00ed body jsou \u010dist\u00e9 a bez ne\u010distot. V\u00e1lec p\u0159esn\u011b vyrovnejte s mont\u00e1\u017en\u00edmi konzolami stroje a k jeho upevn\u011bn\u00ed pou\u017eijte vhodn\u00e9 mont\u00e1\u017en\u00ed konzoly. Je nezbytn\u00e9 dodr\u017eovat specifikace v\u00fdrobce ohledn\u011b nastaven\u00ed utahovac\u00edho momentu a vyrovn\u00e1n\u00ed. Po instalaci zkontrolujte hydraulick\u00e9 spoje, zda nedoch\u00e1z\u00ed k \u00fanik\u016fm, a prove\u010fte zku\u0161ebn\u00ed provoz, abyste se ujistili, \u017ee v\u0161e funguje hladce. Pravideln\u011b kontrolujte instalaci, abyste zajistili spr\u00e1vn\u00e9 vyrovn\u00e1n\u00ed a funk\u010dnost v pr\u016fb\u011bhu \u010dasu.<\/p>\n<h2>B\u011b\u017en\u00e9 \u00fakoly \u00fadr\u017eby<\/h2>\n<ul>\n<li><strong>Pravideln\u00e9 kontroly:<\/strong> Pravideln\u00e1 kontrola v\u00e1lce pom\u00e1h\u00e1 v\u010das identifikovat potenci\u00e1ln\u00ed probl\u00e9my a zaji\u0161\u0165uje, \u017ee v\u00e1lec pracuje s maxim\u00e1ln\u00edm v\u00fdkonem.<\/li>\n<li><strong>Spr\u00e1vn\u00e9 maz\u00e1n\u00ed:<\/strong> Dostate\u010dn\u00e9 maz\u00e1n\u00ed je nezbytn\u00e9 pro hladk\u00fd chod v\u00e1lce. Zajist\u011bte pou\u017eit\u00ed spr\u00e1vn\u00e9ho typu a mno\u017estv\u00ed hydraulick\u00e9ho oleje a pr\u016fb\u011b\u017en\u011b sledujte jeho hladinu.<\/li>\n<li><strong>V\u00fdm\u011bna t\u011bsn\u011bn\u00ed:<\/strong> Postupem \u010dasu se t\u011bsn\u011bn\u00ed mohou opot\u0159ebovat a je nutn\u00e9 je vym\u011bnit, aby se zabr\u00e1nilo net\u011bsnostem a udr\u017eel se tlak. Pravideln\u011b kontrolujte stav t\u011bsn\u011bn\u00ed a v p\u0159\u00edpad\u011b pot\u0159eby je vym\u011b\u0148ujte.<\/li>\n<\/ul>\n<p>Spr\u00e1vn\u00e1 instalace, maz\u00e1n\u00ed a se\u0159\u00edzen\u00ed jsou z\u00e1sadn\u00ed pro dlouhou \u017eivotnost a \u00fa\u010dinnost v\u00e1lce v\u00fdlo\u017en\u00edku. B\u011bhem instalace v\u00e1lec p\u0159esn\u011b vyrovnejte a pou\u017eijte vhodn\u00e9 mont\u00e1\u017en\u00ed podp\u011bry. Dodr\u017eujte doporu\u010den\u00e9 postupy pro kontrolu, opravu a v\u00fdm\u011bnu a zajist\u011bte, aby v\u0161echny opot\u0159ebovan\u00e9 nebo po\u0161kozen\u00e9 sou\u010d\u00e1sti byly neprodlen\u011b opraveny. Pravideln\u00e1 \u00fadr\u017eba prodlu\u017euje \u017eivotnost hydraulick\u00e9ho v\u00e1lce.<\/p>\n<p><img decoding=\"async\" src=\"https:\/\/www.hydraulic-cylinders.net\/wp-content\/uploads\/2025\/04\/songte-chushion-collar.webp\" alt=\"Instala\u010dn\u00ed obr\u00e1zek\"><\/p>\n<h2>Bezpe\u010dnostn\u00ed aspekty a faktory prost\u0159ed\u00ed<\/h2>\n<p>P\u0159i pou\u017e\u00edv\u00e1n\u00ed v\u00e1lc\u016f v\u00fdlo\u017en\u00edku je nezbytn\u00e9 zav\u00e9st bezpe\u010dnostn\u00ed opat\u0159en\u00ed. Obsluha mus\u00ed dodr\u017eovat zaveden\u00e9 bezpe\u010dnostn\u00ed protokoly, aby se zm\u00edrnila rizika spojen\u00e1 s hydraulick\u00fdmi syst\u00e9my. K bezpe\u010dn\u00e9mu pracovn\u00edmu prost\u0159ed\u00ed p\u0159isp\u00edv\u00e1 \u0159\u00e1dn\u00e9 \u0161kolen\u00ed v\u0161ech u\u017eivatel\u016f, pravideln\u00e9 kontroly za\u0159\u00edzen\u00ed a zaji\u0161t\u011bn\u00ed spr\u00e1vn\u00e9 funkce v\u0161ech sou\u010d\u00e1st\u00ed. Pro minimalizaci dopadu na \u017eivotn\u00ed prost\u0159ed\u00ed je t\u0159eba zv\u00e1\u017eit tak\u00e9 faktory prost\u0159ed\u00ed, jako je spr\u00e1vn\u00e1 likvidace hydraulick\u00fdch kapalin a materi\u00e1l\u016f.<\/p>\n<h2>Odstra\u0148ov\u00e1n\u00ed probl\u00e9m\u016f a b\u011b\u017en\u00e9 probl\u00e9my<\/h2>\n<ul>\n<li><strong>\u00danik:<\/strong> K \u00faniku m\u016f\u017ee doch\u00e1zet v d\u016fsledku opot\u0159ebovan\u00e9ho t\u011bsn\u011bn\u00ed nebo nespr\u00e1vn\u00e9 instalace. Pravideln\u00e9 kontroly mohou pomoci v\u010das odhalit potenci\u00e1ln\u00ed probl\u00e9my.<\/li>\n<li><strong>Pomal\u00fd provoz:<\/strong> Pokud se v\u00e1lec v\u00fdlo\u017en\u00edku ot\u00e1\u010d\u00ed pomalu, m\u016f\u017ee to znamenat n\u00edzkou hladinu hydraulick\u00e9 kapaliny nebo probl\u00e9my s hydraulick\u00fdm \u010derpadlem. Zkontrolujte hladiny kapalin a funk\u010dnost \u010derpadla.<\/li>\n<li><strong>Hluk:<\/strong> Neobvykl\u00e9 zvuky b\u011bhem provozu \u010dasto signalizuj\u00ed probl\u00e9my. Hluk m\u016f\u017ee nazna\u010dovat nedostate\u010dn\u00e9 maz\u00e1n\u00ed nebo mechanickou z\u00e1vadu, kter\u00e1 vy\u017eaduje okam\u017eitou pozornost.<\/li>\n<\/ul>\n<h2>Tipy pro \u0159e\u0161en\u00ed probl\u00e9m\u016f<\/h2>\n<p>Pro efektivn\u00ed diagnostiku a \u0159e\u0161en\u00ed probl\u00e9m\u016f s v\u00e1lci v\u00fdlo\u017en\u00edku by oper\u00e1to\u0159i m\u011bli dodr\u017eovat specifick\u00e9 kroky pro odstra\u0148ov\u00e1n\u00ed probl\u00e9m\u016f. Nejprve zkontrolujte t\u011bsnost a v\u0161echna t\u011bsn\u011bn\u00ed a spoje. Pot\u00e9 se ujist\u011bte, \u017ee je dostate\u010dn\u00e1 hladina hydraulick\u00e9 kapaliny a \u017ee hydraulick\u00e9 \u010derpadlo funguje spr\u00e1vn\u011b. V p\u0159\u00edpad\u011b neobvykl\u00fdch zvuk\u016f je nutn\u00e1 okam\u017eit\u00e1 kontrola, proto\u017ee mohou nazna\u010dovat v\u00e1\u017en\u00e9 mechanick\u00e9 probl\u00e9my. Pravideln\u00e1 \u00fadr\u017eba, v\u010detn\u011b v\u010dasn\u00e9ho maz\u00e1n\u00ed a v\u00fdm\u011bny t\u011bsn\u011bn\u00ed, m\u016f\u017ee v\u00fdrazn\u011b sn\u00ed\u017eit pravd\u011bpodobnost potenci\u00e1ln\u00edch probl\u00e9m\u016f.<\/p>\n<p><img decoding=\"async\" src=\"https:\/\/www.hydraulic-cylinders.net\/wp-content\/uploads\/2025\/04\/songte-bushings-with-all-kinds-of-excavator-models.webp\" alt=\"Obr\u00e1zek pro \u0159e\u0161en\u00ed probl\u00e9m\u016f\"><\/p>\n<h2>O na\u0161\u00ed spole\u010dnosti<\/h2>\n<p>Jsme p\u0159edn\u00edm v\u00fdrobcem alternativn\u00edch hydraulick\u00fdch v\u00e1lc\u016f a nab\u00edz\u00edme komplexn\u00ed sortiment produkt\u016f pro dom\u00e1c\u00ed i mezin\u00e1rodn\u00ed trhy. N\u00e1\u0161 z\u00e1vazek k dokonalosti n\u00e1s \u017eene k udr\u017een\u00ed vysok\u00fdch standard\u016f kvality, podpo\u0159en\u00fdch propracovanou strategi\u00ed \u0159\u00edzen\u00ed v\u00fdroby. Vyu\u017e\u00edv\u00e1n\u00edm pokro\u010dil\u00fdch technologi\u00ed, \u0161pi\u010dkov\u00e9ho digit\u00e1ln\u00edho v\u00fdrobn\u00edho za\u0159\u00edzen\u00ed a profesion\u00e1ln\u00edho testovac\u00edho syst\u00e9mu neust\u00e1le zlep\u0161ujeme na\u0161e v\u00fdrobn\u00ed kapacity. Na\u0161e robustn\u00ed inova\u010dn\u00ed kapacita zaji\u0161\u0165uje, \u017ee uspokojujeme rozmanit\u00e9 pot\u0159eby z\u00e1kazn\u00edk\u016f s efektivitou, p\u0159esnost\u00ed a kvalitou.<\/p>\n<p>Zam\u011b\u0159ujeme se na profesionalitu, mezin\u00e1rodn\u00ed certifikace a zak\u00e1zkov\u00e9 slu\u017eby p\u0159izp\u016fsoben\u00e9 po\u017eadavk\u016fm klienta. Na\u0161e nejmodern\u011bj\u0161\u00ed v\u00fdrobn\u00ed za\u0159\u00edzen\u00ed ve spojen\u00ed s v\u00fdjime\u010dn\u00fdm poprodejn\u00edm servisem zaji\u0161\u0165uje spokojenost z\u00e1kazn\u00edk\u016f a buduje dlouhodob\u00e1 partnerstv\u00ed.<\/p>\n<p><img decoding=\"async\" src=\"https:\/\/www.hydraulic-cylinders.net\/wp-content\/uploads\/2025\/04\/songte-company-4.webp\" alt=\"Image spole\u010dnosti\"><br \/>\n<img decoding=\"async\" src=\"https:\/\/www.hydraulic-cylinders.net\/wp-content\/uploads\/2025\/04\/songte-company-3.webp\" alt=\"Obr\u00e1zek firemn\u00edho vybaven\u00ed\"><\/p>\n<p>Autor: lyl<\/p>","protected":false},"excerpt":{"rendered":"<p>Boom Cylinder For Baoding SC240SD.8 Introduction to Boom Cylinder The Boom Cylinder, particularly designed for the Baoding SC240SD.8 model, is an essential component in hydraulic systems used in heavy machinery. This hydraulic cylinder plays a crucial role in controlling the movement of buckets in various equipment such as excavators, backhoe loaders, and front loaders. It [&hellip;]<\/p>","protected":false},"featured_media":17867,"comment_status":"open","ping_status":"closed","template":"","meta":{"_et_pb_use_builder":"","_et_pb_old_content":"","_et_gb_content_width":""},"product_brand":[],"product_cat":[1546],"product_tag":[1547,1496],"class_list":{"0":"post-19679","1":"product","2":"type-product","3":"status-publish","4":"has-post-thumbnail","6":"product_cat-boom-cylinders","7":"product_tag-boom-cylinders","8":"product_tag-hydraulic-cylinders","10":"first","11":"instock","12":"shipping-taxable","13":"product-type-simple"},"amp_enabled":true,"_links":{"self":[{"href":"https:\/\/www.hydraulic-cylinders.net\/cs\/wp-json\/wp\/v2\/product\/19679","targetHints":{"allow":["GET"]}}],"collection":[{"href":"https:\/\/www.hydraulic-cylinders.net\/cs\/wp-json\/wp\/v2\/product"}],"about":[{"href":"https:\/\/www.hydraulic-cylinders.net\/cs\/wp-json\/wp\/v2\/types\/product"}],"replies":[{"embeddable":true,"href":"https:\/\/www.hydraulic-cylinders.net\/cs\/wp-json\/wp\/v2\/comments?post=19679"}],"wp:featuredmedia":[{"embeddable":true,"href":"https:\/\/www.hydraulic-cylinders.net\/cs\/wp-json\/wp\/v2\/media\/17867"}],"wp:attachment":[{"href":"https:\/\/www.hydraulic-cylinders.net\/cs\/wp-json\/wp\/v2\/media?parent=19679"}],"wp:term":[{"taxonomy":"product_brand","embeddable":true,"href":"https:\/\/www.hydraulic-cylinders.net\/cs\/wp-json\/wp\/v2\/product_brand?post=19679"},{"taxonomy":"product_cat","embeddable":true,"href":"https:\/\/www.hydraulic-cylinders.net\/cs\/wp-json\/wp\/v2\/product_cat?post=19679"},{"taxonomy":"product_tag","embeddable":true,"href":"https:\/\/www.hydraulic-cylinders.net\/cs\/wp-json\/wp\/v2\/product_tag?post=19679"}],"curies":[{"name":"wp","href":"https:\/\/api.w.org\/{rel}","templated":true}]}}