{"id":19685,"date":"2025-04-07T07:01:37","date_gmt":"2025-04-07T07:01:37","guid":{"rendered":"https:\/\/www.hydraulic-cylinders.net\/product\/boom-cylinder-for-tiangong-zg3235-9\/"},"modified":"2025-04-07T07:01:40","modified_gmt":"2025-04-07T07:01:40","slug":"boom-cylinder-for-tiangong-zg3235-9","status":"publish","type":"product","link":"https:\/\/www.hydraulic-cylinders.net\/cs\/produkt\/boom-cylinder-for-tiangong-zg3235-9\/","title":{"rendered":"V\u00e1lec v\u00fdlo\u017en\u00edku pro Tiangong ZG3235-9"},"content":{"rendered":"<h1>V\u00e1lec v\u00fdlo\u017en\u00edku pro Tiangong ZG3235-9<\/h1>\n<h2>P\u0159ehled produktu<\/h2>\n<p>Hydraulick\u00fd v\u00e1lec v\u00fdlo\u017en\u00edku pro Tiangong ZG3235-9 je z\u00e1kladn\u00ed sou\u010d\u00e1st\u00ed hydraulick\u00fdch syst\u00e9m\u016f pou\u017e\u00edvan\u00fdch v t\u011b\u017ek\u00fdch stroj\u00edch. Tento hydraulick\u00fd v\u00e1lec hraje kl\u00ed\u010dovou roli v \u0159\u00edzen\u00ed pohybu l\u017e\u00edce v r\u016fzn\u00fdch aplikac\u00edch, jako jsou rypadla, r\u00fdpadlo-naklada\u010de a \u010deln\u00ed naklada\u010de. Umo\u017e\u0148uje l\u017e\u00edci zvedat, spou\u0161t\u011bt a nakl\u00e1n\u011bt, co\u017e usnad\u0148uje efektivn\u00ed manipulaci s materi\u00e1lem ve stavebnictv\u00ed a zem\u011bd\u011blstv\u00ed.<\/p>\n<p><img decoding=\"async\" src=\"https:\/\/www.hydraulic-cylinders.net\/wp-content\/uploads\/2025\/04\/songte-company-1.webp\" alt=\"Hydraulick\u00fd v\u00e1lec\" \/><\/p>\n<h3>Funkce a v\u00fdznam v\u00e1lce v\u00fdlo\u017en\u00edku<\/h3>\n<p>V\u00e1lec l\u017e\u00edce, \u010dasto ozna\u010dovan\u00fd jako v\u00e1lec v\u00fdlo\u017en\u00edku, je navr\u017een speci\u00e1ln\u011b pro \u0159\u00edzen\u00ed pohyb\u016f l\u017e\u00edce. Pracuje v hydraulick\u00e9m syst\u00e9mu a k vyv\u00edjen\u00ed s\u00edly vyu\u017e\u00edv\u00e1 tlakovou kapalinu, co\u017e umo\u017e\u0148uje obsluze p\u0159esnou kontrolu nad polohou l\u017e\u00edce. To je z\u00e1sadn\u00ed v r\u016fzn\u00fdch operac\u00edch s t\u011b\u017ek\u00fdmi stroji, kde je prvo\u0159ad\u00e1 efektivita a p\u0159esnost. Schopnost v\u00e1lce v\u00fdlo\u017en\u00edku zvl\u00e1dat zna\u010dn\u00e9 zat\u00ed\u017een\u00ed z n\u011bj \u010din\u00ed nepostradateln\u00e9ho ve stavebnictv\u00ed, t\u011b\u017eb\u011b a zem\u011bd\u011blstv\u00ed.<\/p>\n<h2>Vlastnosti v\u00e1lce v\u00fdlo\u017en\u00edku<\/h2>\n<ul>\n<li><strong>Vysok\u00e1 pevnost a trvanlivost:<\/strong> Tento v\u00e1lec je vyroben z vysokopevnostn\u00ed oceli nebo hlin\u00edku, odol\u00e1 vysok\u00e9mu tlaku a velk\u00e9mu zat\u00ed\u017een\u00ed, a je vhodn\u00fd pro n\u00e1ro\u010dn\u00e9 pracovn\u00ed prost\u0159ed\u00ed.<\/li>\n<li><strong>Efektivn\u00ed hydraulick\u00fd provoz:<\/strong> Vyu\u017e\u00edv\u00e1 hydraulick\u00fd tlak kapaliny pro plynul\u00e9 vysouv\u00e1n\u00ed a zasouv\u00e1n\u00ed, co\u017e umo\u017e\u0148uje rychlou reakci na provozn\u00ed povely.<\/li>\n<li><strong>R\u016fzn\u00e9 typy:<\/strong> K dispozici v jedno\u010dinn\u00e9m a dvoj\u010dinn\u00e9m proveden\u00ed, kter\u00e9 vyhovuj\u00ed r\u016fzn\u00fdm provozn\u00edm pot\u0159eb\u00e1m. N\u011bkter\u00e9 modely jsou teleskopick\u00e9, co\u017e umo\u017e\u0148uje v\u011bt\u0161\u00ed v\u00fdsuv bez zv\u011bt\u0161en\u00ed vn\u011bj\u0161\u00edch rozm\u011br\u016f.<\/li>\n<li><strong>Odolnost proti korozi:<\/strong> Navr\u017eeno z materi\u00e1l\u016f, kter\u00e9 odol\u00e1vaj\u00ed opot\u0159eben\u00ed a korozi, co\u017e prodlu\u017euje \u017eivotnost v\u00e1lce i v n\u00e1ro\u010dn\u00fdch podm\u00ednk\u00e1ch.<\/li>\n<li><strong>P\u0159izp\u016fsobiteln\u00e9 mo\u017enosti:<\/strong> Na\u0161e v\u00e1lce lze p\u0159izp\u016fsobit specifick\u00fdm po\u017eadavk\u016fm, co\u017e zaji\u0161\u0165uje kompatibilitu s r\u016fzn\u00fdmi stroji.<\/li>\n<\/ul>\n<p><img decoding=\"async\" src=\"https:\/\/www.hydraulic-cylinders.net\/wp-content\/uploads\/2025\/04\/songte-cylinder-head-with-all-kinds-excavator-models.webp\" alt=\"Modely bagr\u016f\" \/><\/p>\n<h2>Aplikace v\u00e1lce v\u00fdlo\u017en\u00edku<\/h2>\n<h3>Stavebn\u00ed stroje<\/h3>\n<p>Ve stavebnictv\u00ed se v\u00e1lce v\u00fdlo\u017en\u00edku nach\u00e1zej\u00ed v bagrech, kde jsou nezbytn\u00e9 pro kop\u00e1n\u00ed, nakl\u00e1d\u00e1n\u00ed a p\u0159emis\u0165ov\u00e1n\u00ed zeminy nebo suti. Usnad\u0148uj\u00ed efektivn\u00ed provoz a umo\u017e\u0148uj\u00ed p\u0159esn\u00e9 pohyby, kter\u00e9 jsou kl\u00ed\u010dov\u00e9 pro harmonogramy a bezpe\u010dnost projektu.<\/p>\n<h3>Zem\u011bd\u011blsk\u00e9 stroje<\/h3>\n<p>\u010celn\u00ed naklada\u010de pou\u017e\u00edvaj\u00ed v\u00e1lce v\u00fdlo\u017en\u00edku k nab\u00edr\u00e1n\u00ed, zved\u00e1n\u00ed a p\u0159eprav\u011b p\u016fdy, sena a dal\u0161\u00edch materi\u00e1l\u016f. Jejich schopnost vykon\u00e1vat r\u016fzn\u00e9 \u00fakoly je \u010din\u00ed neoceniteln\u00fdmi v zem\u011bd\u011blsk\u00fdch operac\u00edch, co\u017e zvy\u0161uje produktivitu a efektivitu.<\/p>\n<h3>Bagry<\/h3>\n<p>U rypadel umo\u017e\u0148uj\u00ed v\u00e1lce kore\u010dk\u016f efektivn\u00ed pronik\u00e1n\u00ed kore\u010dk\u016f do p\u016fdy p\u0159i rypadlov\u00fdch operac\u00edch. Tato schopnost p\u0159isp\u00edv\u00e1 ke zlep\u0161en\u00ed efektivity rypadlov\u00fdch prac\u00ed a provozn\u00edho v\u00fdkonu.<\/p>\n<h3>Naklada\u010de<\/h3>\n<p>U \u010deln\u00edch naklada\u010d\u016f pom\u00e1haj\u00ed v\u00e1lce v\u00fdlo\u017en\u00edku efektivn\u011b zvedat a vykl\u00e1p\u011bt materi\u00e1ly. Jejich konstrukce zaji\u0161\u0165uje, \u017ee naklada\u010d m\u016f\u017ee bezprobl\u00e9mov\u011b vykon\u00e1vat v\u00edce \u00fakol\u016f, co\u017e zvy\u0161uje jeho provozn\u00ed schopnosti.<\/p>\n<h2>Konstruk\u010dn\u00ed aspekty a krit\u00e9ria v\u00fdb\u011bru<\/h2>\n<h3>Nosnost<\/h3>\n<p>P\u0159i v\u00fdb\u011bru v\u00e1lce v\u00fdlo\u017en\u00edku je z\u00e1sadn\u00ed zv\u00e1\u017eit jeho nosnost. V\u00e1lec mus\u00ed b\u00fdt schopen zvl\u00e1dnout specifickou hmotnost a s\u00edly, kter\u00fdm bude p\u0159i provozu \u010delit. To zahrnuje posouzen\u00ed maxim\u00e1ln\u00edch po\u017eadavk\u016f na zat\u00ed\u017een\u00ed a zaji\u0161t\u011bn\u00ed souladu specifikac\u00ed v\u00e1lce s t\u011bmito po\u017eadavky. Na\u0161e v\u00e1lce jsou navr\u017eeny tak, aby poskytovaly robustn\u00ed v\u00fdkon p\u0159i vysok\u00e9m zat\u00ed\u017een\u00ed a zaji\u0161\u0165ovaly tak bezpe\u010dnost a spolehlivost.<\/p>\n<h3>Integrita t\u011bsn\u011bn\u00ed<\/h3>\n<p>Integrita t\u011bsn\u011bn\u00ed je z\u00e1sadn\u00ed pro udr\u017een\u00ed \u00fa\u010dinnosti hydraulick\u00fdch operac\u00ed. Zvolen\u00e1 t\u011bsn\u011bn\u00ed mus\u00ed odol\u00e1vat vysok\u00fdm tlak\u016fm a zabr\u00e1nit \u00faniku kapaliny. Na\u0161e produkty obsahuj\u00ed pokro\u010dil\u00e9 technologie t\u011bsn\u011bn\u00ed, v\u010detn\u011b polyuretanov\u00fdch a nitrilov\u00fdch pry\u017eov\u00fdch materi\u00e1l\u016f, kter\u00e9 nab\u00edzej\u00ed vynikaj\u00edc\u00ed odolnost proti opot\u0159eben\u00ed a dlouhou \u017eivotnost. Zaji\u0161t\u011bn\u00ed pou\u017eit\u00ed spr\u00e1vn\u00fdch t\u011bsn\u011bn\u00ed pom\u00e1h\u00e1 udr\u017eovat optim\u00e1ln\u00ed v\u00fdkon a sni\u017euje riziko selh\u00e1n\u00ed sou\u010d\u00e1st\u00ed.<\/p>\n<h3>Trvanlivost<\/h3>\n<p>Trvanlivost je kl\u00ed\u010dov\u00fdm faktorem p\u0159i v\u00fdb\u011bru hydraulick\u00e9ho v\u00e1lce. Vystaven\u00ed drsn\u00e9mu prost\u0159ed\u00ed a neust\u00e1l\u00fd provoz m\u016f\u017ee v\u00e9st k opot\u0159eben\u00ed. Na\u0161e v\u00e1lce v\u00fdlo\u017en\u00edku jsou vyrobeny z materi\u00e1l\u016f navr\u017een\u00fdch pro odolnost v\u016f\u010di korozi a mechanick\u00e9mu nam\u00e1h\u00e1n\u00ed. Tato odolnost zaji\u0161\u0165uje dlouhou \u017eivotnost na\u0161ich v\u00e1lc\u016f, minimalizuje prostoje a n\u00e1klady na \u00fadr\u017ebu.<\/p>\n<h3>Bezpe\u010dnostn\u00ed prvky<\/h3>\n<p>Bezpe\u010dnost je u hydraulick\u00fdch syst\u00e9m\u016f prvo\u0159ad\u00e1. V\u00fdb\u011br v\u00e1lce v\u00fdlo\u017en\u00edku s integrovan\u00fdmi bezpe\u010dnostn\u00edmi prvky, jako jsou p\u0159etlakov\u00e9 ventily a robustn\u00ed konstrukce, m\u016f\u017ee zm\u00edrnit rizika spojen\u00e1 s hydraulick\u00fdmi poruchami. Na\u0161e produkty jsou navr\u017eeny s prioritou bezpe\u010dnosti a zahrnuj\u00ed funkce, kter\u00e9 zvy\u0161uj\u00ed ochranu obsluhy a spolehlivost za\u0159\u00edzen\u00ed.<\/p>\n<h3>P\u0159\u00edstupnost \u00fadr\u017eby<\/h3>\n<p>Snadn\u00e1 \u00fadr\u017eba je dal\u0161\u00edm kritick\u00fdm faktorem p\u0159i v\u00fdb\u011bru hydraulick\u00fdch v\u00e1lc\u016f. Dob\u0159e navr\u017een\u00fd v\u00e1lec umo\u017e\u0148uje snadn\u00e9 kontroly, opravy a v\u00fdm\u011bnu d\u00edl\u016f. Na\u0161e v\u00e1lce v\u00fdlo\u017en\u00edku jsou navr\u017eeny pro snadn\u00fd p\u0159\u00edstup ke komponent\u016fm, co\u017e usnad\u0148uje pravidelnou \u00fadr\u017ebu a zaji\u0161\u0165uje optim\u00e1ln\u00ed provozn\u00ed \u00fa\u010dinnost. Pravideln\u00e9 kontroly \u00fadr\u017eby mohou v\u00fdrazn\u011b prodlou\u017eit \u017eivotnost hydraulick\u00e9ho za\u0159\u00edzen\u00ed.<\/p>\n<p><img decoding=\"async\" src=\"https:\/\/www.hydraulic-cylinders.net\/wp-content\/uploads\/2025\/04\/songte-oil-pipes-and-spare-parts.webp\" alt=\"Olejov\u00e9 trubky a n\u00e1hradn\u00ed d\u00edly\" \/><\/p>\n<h2>T\u011bsn\u011bn\u00ed a maz\u00e1n\u00ed<\/h2>\n<p>\u00da\u010dinn\u00e9 t\u011bsn\u011bn\u00ed a maz\u00e1n\u00ed jsou z\u00e1sadn\u00ed pro dlouhou \u017eivotnost a v\u00fdkon hydraulick\u00fdch v\u00e1lc\u016f. R\u016fzn\u00e9 t\u011bsnic\u00ed komponenty, jako jsou t\u011bsn\u011bn\u00ed p\u00edst\u016f a p\u00edstnic, hraj\u00ed kl\u00ed\u010dovou roli v prevenci \u00fanik\u016f kapalin a udr\u017eov\u00e1n\u00ed tlaku. V\u00fdb\u011br t\u011bsn\u011bn\u00ed vyroben\u00fdch z odoln\u00fdch materi\u00e1l\u016f, jako je polyuretan a nitrilov\u00e1 pry\u017e, zvy\u0161uje odolnost proti opot\u0159eben\u00ed a vliv\u016fm prost\u0159ed\u00ed. Spr\u00e1vn\u00e1 povrchov\u00e1 \u00faprava t\u011blesa v\u00e1lce a z\u00e1vitov\u00fdch konc\u016f zlep\u0161uje odolnost proti opot\u0159eben\u00ed a zaji\u0161\u0165uje hladk\u00fd chod v\u00e1lce po celou dobu jeho \u017eivotnosti. Pravideln\u00e1 kontrola a dopl\u0148ov\u00e1n\u00ed hydraulick\u00e9ho oleje je tak\u00e9 nezbytn\u00e1 pro maz\u00e1n\u00ed, \u010d\u00edm\u017e se zabr\u00e1n\u00ed t\u0159en\u00ed, kter\u00e9 m\u016f\u017ee v\u00e9st k p\u0159ed\u010dasn\u00e9mu opot\u0159eben\u00ed.<\/p>\n<h2>Pravideln\u00e1 \u00fadr\u017eba a preventivn\u00ed opat\u0159en\u00ed<\/h2>\n<ul>\n<li><strong>Pl\u00e1novan\u00e9 kontroly:<\/strong> Prov\u00e1d\u011bjte pravideln\u00e9 kontroly, abyste odhalili zn\u00e1mky opot\u0159eben\u00ed nebo po\u0161kozen\u00ed. V\u010dasn\u00e9 odhalen\u00ed m\u016f\u017ee zabr\u00e1nit n\u00e1kladn\u00fdm oprav\u00e1m a prostoj\u016fm.<\/li>\n<li><strong>Maz\u00e1n\u00ed:<\/strong> Zajist\u011bte, aby byl v\u00e1lec dostate\u010dn\u011b promaz\u00e1n. Pou\u017e\u00edvejte vhodn\u00fd hydraulick\u00fd olej a dodr\u017eujte doporu\u010den\u00ed v\u00fdrobce ohledn\u011b pl\u00e1n\u016f \u00fadr\u017eby.<\/li>\n<li><strong>V\u00fdm\u011bna t\u011bsn\u011bn\u00ed:<\/strong> Sledujte stav t\u011bsn\u011bn\u00ed a v p\u0159\u00edpad\u011b pot\u0159eby je vym\u011b\u0148te. Opot\u0159ebovan\u00e1 t\u011bsn\u011bn\u00ed mohou v\u00e9st k net\u011bsnostem a ztr\u00e1t\u011b hydraulick\u00e9ho tlaku.<\/li>\n<\/ul>\n<h2>Pokyny k instalaci<\/h2>\n<p>Spr\u00e1vn\u00e1 instalace v\u00e1lce v\u00fdlo\u017en\u00edku je z\u00e1sadn\u00ed pro optim\u00e1ln\u00ed v\u00fdkon. Za\u010dn\u011bte p\u0159\u00edpravou m\u00edsta instalace a ujist\u011bte se, \u017ee je prostor \u010dist\u00fd a bez ne\u010distot. V\u00e1lec spr\u00e1vn\u011b vyrovnejte s mont\u00e1\u017en\u00edmi body na stroji pomoc\u00ed vhodn\u00fdch mont\u00e1\u017en\u00edch konzol. Ujist\u011bte se, \u017ee v\u0161echny \u0161rouby jsou uta\u017eeny podle specifikac\u00ed v\u00fdrobce, aby se zabr\u00e1nilo pohybu b\u011bhem provozu. Po instalaci zkontrolujte spr\u00e1vn\u00e9 vyrovn\u00e1n\u00ed a funk\u010dnost testov\u00e1n\u00edm hydraulick\u00e9ho syst\u00e9mu p\u0159i n\u00edzk\u00e9m tlaku p\u0159ed pln\u00fdm provozem. T\u00edm zajist\u00edte, \u017ee v\u0161echny komponenty budou bezprobl\u00e9mov\u011b fungovat spole\u010dn\u011b.<\/p>\n<h2>B\u011b\u017en\u00e9 \u00fakoly \u00fadr\u017eby<\/h2>\n<ul>\n<li><strong>Pravideln\u00e9 kontroly:<\/strong> Pravideln\u011b kontrolujte v\u00e1lec, zda nevykazuje zn\u00e1mky opot\u0159eben\u00ed, net\u011bsnost\u00ed nebo po\u0161kozen\u00ed. V\u010dasn\u00e1 identifikace probl\u00e9m\u016f m\u016f\u017ee zabr\u00e1nit z\u00e1va\u017en\u011bj\u0161\u00edm probl\u00e9m\u016fm v budoucnu.<\/li>\n<li><strong>Spr\u00e1vn\u00e9 maz\u00e1n\u00ed:<\/strong> Zajist\u011bte, aby v\u0161echny pohybliv\u00e9 \u010d\u00e1sti byly dostate\u010dn\u011b promaz\u00e1ny, aby se sn\u00ed\u017eilo t\u0159en\u00ed a opot\u0159eben\u00ed. Dodr\u017eujte pokyny t\u00fdkaj\u00edc\u00ed se typu a mno\u017estv\u00ed pou\u017eit\u00e9ho hydraulick\u00e9ho oleje.<\/li>\n<li><strong>V\u00fdm\u011bna t\u011bsn\u011bn\u00ed:<\/strong> Pravideln\u011b kontrolujte opot\u0159eben\u00ed t\u011bsn\u011bn\u00ed a v p\u0159\u00edpad\u011b pot\u0159eby je vym\u011b\u0148te. To je z\u00e1sadn\u00ed pro udr\u017een\u00ed hydraulick\u00e9ho tlaku a prevenci \u00fanik\u016f.<\/li>\n<\/ul>\n<h2>Bezpe\u010dnostn\u00ed aspekty a faktory prost\u0159ed\u00ed<\/h2>\n<p>P\u0159i pou\u017e\u00edv\u00e1n\u00ed hydraulick\u00fdch v\u00e1lc\u016f jsou bezpe\u010dnostn\u00ed opat\u0159en\u00ed prvo\u0159ad\u00e1. Obsluha mus\u00ed b\u00fdt pro\u0161kolena ve spr\u00e1vn\u00fdch technik\u00e1ch obsluhy, v\u010detn\u011b pov\u011bdom\u00ed o omezen\u00edch hydraulick\u00e9ho syst\u00e9mu. M\u011bly by b\u00fdt zavedeny nouzov\u00e9 postupy pro \u0159e\u0161en\u00ed potenci\u00e1ln\u00edch poruch. Krom\u011b toho by m\u011bly b\u00fdt zavedeny environment\u00e1ln\u00ed aspekty, jako jsou opat\u0159en\u00ed pro zachycen\u00ed kapalin, aby se zm\u00edrnily p\u0159\u00edpadn\u00e9 rozlit\u00ed nebo \u00faniky, a chr\u00e1nily tak jak strojn\u00ed za\u0159\u00edzen\u00ed, tak okoln\u00ed prost\u0159ed\u00ed.<\/p>\n<h2>Odstra\u0148ov\u00e1n\u00ed probl\u00e9m\u016f a b\u011b\u017en\u00e9 probl\u00e9my<\/h2>\n<ul>\n<li><strong>\u00danik:<\/strong> K \u00faniku kapaliny m\u016f\u017ee doch\u00e1zet v d\u016fsledku opot\u0159ebovan\u00fdch t\u011bsn\u011bn\u00ed nebo po\u0161kozen\u00ed v\u00e1lce. T\u011bsn\u011bn\u00ed pravideln\u011b kontrolujte a v p\u0159\u00edpad\u011b pot\u0159eby je vym\u011b\u0148te.<\/li>\n<li><strong>Nedostate\u010dn\u00fd v\u00fdkon:<\/strong> Pokud v\u00e1lec nevyv\u00edj\u00ed o\u010dek\u00e1vanou s\u00edlu, zkontrolujte hladinu hydraulick\u00e9 kapaliny a ujist\u011bte se, \u017ee v syst\u00e9mu nejsou \u017e\u00e1dn\u00e9 ucp\u00e1n\u00ed.<\/li>\n<li><strong>Neobvykl\u00e9 zvuky:<\/strong> Hluky b\u011bhem provozu mohou nazna\u010dovat vnit\u0159n\u00ed opot\u0159eben\u00ed nebo poruchu. Okam\u017eit\u011b prozkoumejte jak\u00e9koli neobvykl\u00e9 zvuky, abyste p\u0159ede\u0161li dal\u0161\u00edmu po\u0161kozen\u00ed.<\/li>\n<\/ul>\n<h2>Tipy pro \u0159e\u0161en\u00ed probl\u00e9m\u016f<\/h2>\n<p>Pokud se vyskytnou probl\u00e9my, je nezbytn\u00e9 systematicky p\u0159istupovat k diagnostice probl\u00e9mu. Za\u010dn\u011bte kontrolou hladiny kapalin a stavu t\u011bsn\u011bn\u00ed. Pravideln\u00e1 preventivn\u00ed opat\u0159en\u00ed, v\u010detn\u011b spr\u00e1vn\u00e9ho maz\u00e1n\u00ed a v\u010dasn\u00e9 v\u00fdm\u011bny t\u011bsn\u011bn\u00ed, mohou v\u00fdrazn\u011b sn\u00ed\u017eit v\u00fdskyt probl\u00e9m\u016f a zajistit, aby hydraulick\u00fd syst\u00e9m z\u016fstal efektivn\u00ed a spolehliv\u00fd.<\/p>\n<p><img decoding=\"async\" src=\"https:\/\/www.hydraulic-cylinders.net\/wp-content\/uploads\/2025\/04\/songte-bushings-with-all-kinds-of-excavator-models.webp\" alt=\"Pouzdra s modely bagr\u016f\" \/><\/p>\n<h2>O na\u0161\u00ed spole\u010dnosti<\/h2>\n<p>Jsme p\u0159edn\u00edm v\u00fdrobcem hydraulick\u00fdch v\u00e1lc\u016f a nab\u00edz\u00edme komplexn\u00ed sortiment produkt\u016f pro dom\u00e1c\u00ed i mezin\u00e1rodn\u00ed trhy. N\u00e1\u0161 z\u00e1vazek k dokonalosti je podpo\u0159en sofistikovanou strategi\u00ed \u0159\u00edzen\u00ed v\u00fdroby, kter\u00e1 klade d\u016fraz na p\u0159esnost a kvalitu. Vyu\u017e\u00edv\u00e1me pokro\u010dil\u00e9 technologie, kvalifikovan\u00fd person\u00e1l a specializovan\u00fd testovac\u00ed syst\u00e9m ke zlep\u0161en\u00ed na\u0161ich v\u00fdrobn\u00edch proces\u016f. To zaji\u0161\u0165uje, \u017ee spl\u0148ujeme rozmanit\u00e9 pot\u0159eby z\u00e1kazn\u00edk\u016f s vysokou efektivitou, p\u0159esnost\u00ed a kvalitou v\u00fdrobk\u016f.<\/p>\n<p><img decoding=\"async\" src=\"https:\/\/www.hydraulic-cylinders.net\/wp-content\/uploads\/2025\/04\/songte-company-4.webp\" alt=\"P\u0159ehled spole\u010dnosti\" \/><br \/>\n<img decoding=\"async\" src=\"https:\/\/www.hydraulic-cylinders.net\/wp-content\/uploads\/2025\/04\/songte-company-3.webp\" alt=\"Produkce spole\u010dnosti\" \/><\/p>\n<p>Nab\u00edz\u00edme profesion\u00e1ln\u00ed slu\u017eby, mezin\u00e1rodn\u00ed certifikace, \u0159e\u0161en\u00ed na m\u00edru a vynikaj\u00edc\u00ed poprodejn\u00ed podporu. Na\u0161e nejmodern\u011bj\u0161\u00ed v\u00fdrobn\u00ed za\u0159\u00edzen\u00ed a specializovan\u00fd servisn\u00ed t\u00fdm zaji\u0161\u0165uj\u00ed, \u017ee z\u016fst\u00e1v\u00e1me v pop\u0159ed\u00ed odv\u011btv\u00ed hydraulick\u00fdch v\u00e1lc\u016f.<\/p>\n<p>Autor: lyl<\/p>","protected":false},"excerpt":{"rendered":"<p>Boom Cylinder For Tiangong ZG3235-9 Product Overview The Boom Cylinder for Tiangong ZG3235-9 is an essential component of hydraulic systems used in heavy machinery. This hydraulic cylinder plays a crucial role in controlling the movement of a bucket in various applications such as excavators, backhoe loaders, and front loaders. It enables the bucket to lift, [&hellip;]<\/p>","protected":false},"featured_media":17873,"comment_status":"open","ping_status":"closed","template":"","meta":{"_et_pb_use_builder":"","_et_pb_old_content":"","_et_gb_content_width":""},"product_brand":[],"product_cat":[1546],"product_tag":[1547,1496],"class_list":{"0":"post-19685","1":"product","2":"type-product","3":"status-publish","4":"has-post-thumbnail","6":"product_cat-boom-cylinders","7":"product_tag-boom-cylinders","8":"product_tag-hydraulic-cylinders","10":"first","11":"instock","12":"shipping-taxable","13":"product-type-simple"},"amp_enabled":true,"_links":{"self":[{"href":"https:\/\/www.hydraulic-cylinders.net\/cs\/wp-json\/wp\/v2\/product\/19685","targetHints":{"allow":["GET"]}}],"collection":[{"href":"https:\/\/www.hydraulic-cylinders.net\/cs\/wp-json\/wp\/v2\/product"}],"about":[{"href":"https:\/\/www.hydraulic-cylinders.net\/cs\/wp-json\/wp\/v2\/types\/product"}],"replies":[{"embeddable":true,"href":"https:\/\/www.hydraulic-cylinders.net\/cs\/wp-json\/wp\/v2\/comments?post=19685"}],"wp:featuredmedia":[{"embeddable":true,"href":"https:\/\/www.hydraulic-cylinders.net\/cs\/wp-json\/wp\/v2\/media\/17873"}],"wp:attachment":[{"href":"https:\/\/www.hydraulic-cylinders.net\/cs\/wp-json\/wp\/v2\/media?parent=19685"}],"wp:term":[{"taxonomy":"product_brand","embeddable":true,"href":"https:\/\/www.hydraulic-cylinders.net\/cs\/wp-json\/wp\/v2\/product_brand?post=19685"},{"taxonomy":"product_cat","embeddable":true,"href":"https:\/\/www.hydraulic-cylinders.net\/cs\/wp-json\/wp\/v2\/product_cat?post=19685"},{"taxonomy":"product_tag","embeddable":true,"href":"https:\/\/www.hydraulic-cylinders.net\/cs\/wp-json\/wp\/v2\/product_tag?post=19685"}],"curies":[{"name":"wp","href":"https:\/\/api.w.org\/{rel}","templated":true}]}}