{"id":19688,"date":"2025-04-07T07:01:54","date_gmt":"2025-04-07T07:01:54","guid":{"rendered":"https:\/\/www.hydraulic-cylinders.net\/product\/boom-cylinder-for-tiangong-zg3255lc-9\/"},"modified":"2025-04-07T07:01:59","modified_gmt":"2025-04-07T07:01:59","slug":"boom-cylinder-for-tiangong-zg3255lc-9","status":"publish","type":"product","link":"https:\/\/www.hydraulic-cylinders.net\/cs\/produkt\/boom-cylinder-for-tiangong-zg3255lc-9\/","title":{"rendered":"V\u00e1lec v\u00fdlo\u017en\u00edku pro Tiangong ZG3255LC-9"},"content":{"rendered":"<h1>V\u00e1lec v\u00fdlo\u017en\u00edku pro Tiangong ZG3255LC-9<\/h1>\n<h2>Pochopen\u00ed v\u00e1lce v\u00fdlo\u017en\u00edku<\/h2>\n<p>Hydraulick\u00fd v\u00e1lec v\u00fdlo\u017en\u00edku je specializovan\u00fd hydraulick\u00fd v\u00e1lec ur\u010den\u00fd k ovl\u00e1d\u00e1n\u00ed pohybu l\u017e\u00edce v r\u016fzn\u00fdch t\u011b\u017ek\u00fdch stroj\u00edch, jako jsou rypadla, r\u00fdpadlo-naklada\u010de a \u010deln\u00ed naklada\u010de. Jeho prim\u00e1rn\u00ed funkc\u00ed je umo\u017enit zved\u00e1n\u00ed, spou\u0161t\u011bn\u00ed a nakl\u00e1p\u011bn\u00ed l\u017e\u00edce, co\u017e usnad\u0148uje efektivn\u00ed manipulaci s materi\u00e1lem. Obsluha v\u00e1lc\u016f v\u00fdlo\u017en\u00edku je v hydraulick\u00fdch syst\u00e9mech kl\u00ed\u010dov\u00e1, proto\u017ee nab\u00edz\u00ed p\u0159esnost a v\u00fdkon pot\u0159ebn\u00fd pro t\u011b\u017ek\u00e9 zved\u00e1n\u00ed a kop\u00e1n\u00ed.<\/p>\n<p><img decoding=\"async\" src=\"https:\/\/www.hydraulic-cylinders.net\/wp-content\/uploads\/2025\/04\/songte-company-1.webp\" alt=\"V\u00e1lec v\u00fdlo\u017en\u00edku\"><\/p>\n<h2>Kl\u00ed\u010dov\u00e9 vlastnosti v\u00e1lce v\u00fdlo\u017en\u00edku<\/h2>\n<ul>\n<li><strong>Vysok\u00e1 pevnost a trvanlivost:<\/strong> V\u00e1lce v\u00fdlo\u017en\u00edku, obvykle vyroben\u00e9 z vysokopevnostn\u00ed oceli nebo hlin\u00edku, odol\u00e1vaj\u00ed vysok\u00e9mu tlaku a velk\u00e9mu zat\u00ed\u017een\u00ed, co\u017e je \u010din\u00ed ide\u00e1ln\u00edmi pro n\u00e1ro\u010dn\u00e9 pracovn\u00ed prost\u0159ed\u00ed. Jejich konstrukce zahrnuje odolnost proti opot\u0159eben\u00ed a korozi, co\u017e prodlu\u017euje jejich \u017eivotnost.<\/li>\n<li><strong>Efektivn\u00ed hydraulick\u00fd provoz:<\/strong> V\u00e1lec pracuje s vyu\u017eit\u00edm hydraulick\u00e9ho tlaku oleje, co\u017e umo\u017e\u0148uje plynul\u00e9 vysouv\u00e1n\u00ed a zasouv\u00e1n\u00ed. Rychle reaguje na ovl\u00e1dac\u00ed povely a poskytuje silnou tla\u010dnou a ta\u017enou s\u00edlu vhodnou pro manipulaci s t\u011b\u017ek\u00fdmi p\u0159edm\u011bty a slo\u017eit\u00e9 \u00fakoly.<\/li>\n<li><strong>R\u016fzn\u00e9 typy:<\/strong> V\u00e1lce v\u00fdlo\u017en\u00edku lze zvolit jako jedno\u010dinn\u00e9 (vyu\u017e\u00edvaj\u00edc\u00ed hydraulick\u00fd tlak v jednom sm\u011bru) nebo dvoj\u010dinn\u00e9 (vyu\u017e\u00edvaj\u00edc\u00ed hydraulick\u00fd tlak v obou sm\u011brech), co\u017e vyhovuje r\u016fzn\u00fdm provozn\u00edm pot\u0159eb\u00e1m. N\u011bkter\u00e9 modely jsou teleskopick\u00e9, co\u017e umo\u017e\u0148uje v\u011bt\u0161\u00ed vysunut\u00ed bez zv\u011bt\u0161en\u00ed vn\u011bj\u0161\u00edch rozm\u011br\u016f, a jsou vhodn\u00e9 pro aplikace s omezen\u00fdm prostorem.<\/li>\n<li><strong>P\u0159izp\u016fsobiteln\u00e9 n\u00e1vrhy:<\/strong> M\u016f\u017eeme vyrobit tento produkt a poskytnout tak perfektn\u00ed n\u00e1hradu za hydraulick\u00e9 v\u00e1lce pou\u017e\u00edvan\u00e9 v r\u016fzn\u00fdch stroj\u00edch.<\/li>\n<li><strong>Pokro\u010dil\u00e1 technologie:<\/strong> N\u00e1\u0161 v\u00fdrobn\u00ed proces integruje nejmodern\u011bj\u0161\u00ed technologie, co\u017e zaji\u0161\u0165uje vysoce kvalitn\u00ed v\u00fdstup, kter\u00fd spl\u0148uje pr\u016fmyslov\u00e9 standardy.<\/li>\n<\/ul>\n<p><img decoding=\"async\" src=\"https:\/\/www.hydraulic-cylinders.net\/wp-content\/uploads\/2025\/04\/songte-cylinder-head-with-all-kinds-excavator-models.webp\" alt=\"Modely bagr\u016f\"><\/p>\n<h2>Aplikace v\u00e1lce v\u00fdlo\u017en\u00edku<\/h2>\n<h3>Stavebn\u00ed stroje<\/h3>\n<p>U bagr\u016f jsou v\u00e1lce v\u00fdlo\u017en\u00edku kl\u00ed\u010dov\u00e9 pro kop\u00e1n\u00ed, nakl\u00e1d\u00e1n\u00ed a p\u0159esouv\u00e1n\u00ed zeminy nebo suti. Jejich schopnost zvedat a spou\u0161t\u011bt l\u017e\u00edci zvy\u0161uje funk\u010dnost rypadla a umo\u017e\u0148uje efektivn\u00ed provoz p\u0159i r\u016fzn\u00fdch stavebn\u00edch \u00fakolech. U r\u00fdpadlo-naklada\u010d\u016f tyto v\u00e1lce pom\u00e1haj\u00ed jak p\u0159i kop\u00e1n\u00ed, tak p\u0159i zved\u00e1n\u00ed, co\u017e je \u010din\u00ed nepostradateln\u00fdmi p\u0159i zemn\u00edch prac\u00edch.<\/p>\n<h3>Zem\u011bd\u011blsk\u00e9 stroje<\/h3>\n<p>U \u010deln\u00edch naklada\u010d\u016f jsou v\u00e1lce v\u00fdlo\u017en\u00edku nezbytn\u00e9 pro nab\u00edr\u00e1n\u00ed, zved\u00e1n\u00ed a p\u0159epravu zeminy, sena a dal\u0161\u00edch materi\u00e1l\u016f. Umo\u017e\u0148uj\u00ed rychl\u00e9 a efektivn\u00ed prov\u00e1d\u011bn\u00ed zem\u011bd\u011blsk\u00fdch \u00fakol\u016f a zvy\u0161uj\u00ed produktivitu na farm\u00e1ch a v zem\u011bd\u011blsk\u00fdch provozech.<\/p>\n<h3>Bagry<\/h3>\n<p>U rypadel umo\u017e\u0148uje v\u00e1lec v\u00fdlo\u017en\u00edku pronik\u00e1n\u00ed l\u017e\u00edce do p\u016fdy, co\u017e usnad\u0148uje kop\u00e1n\u00ed. Tato schopnost je z\u00e1sadn\u00ed pro hlouben\u00ed v\u00fdkop\u016f, z\u00e1kladov\u00e9 pr\u00e1ce a p\u0159\u00edpravu staveni\u0161t\u011b, co\u017e zaji\u0161\u0165uje efektivn\u00ed a \u00fa\u010dinn\u00e9 prov\u00e1d\u011bn\u00ed \u00fakol\u016f.<\/p>\n<h3>Naklada\u010de<\/h3>\n<p>U \u010deln\u00edch naklada\u010d\u016f jsou v\u00e1lce v\u00fdlo\u017en\u00edku zodpov\u011bdn\u00e9 za efektivn\u00ed zved\u00e1n\u00ed a vykl\u00e1p\u011bn\u00ed materi\u00e1l\u016f. Jejich siln\u00fd chod umo\u017e\u0148uje rychl\u00fd p\u0159enos t\u011b\u017ek\u00fdch b\u0159emen a optimalizuje celkov\u00fd v\u00fdkon ve stavebnictv\u00ed a manipulaci s materi\u00e1lem.<\/p>\n<h2>Konstruk\u010dn\u00ed aspekty a krit\u00e9ria v\u00fdb\u011bru<\/h2>\n<h3>Nosnost<\/h3>\n<p>P\u0159i v\u00fdb\u011bru v\u00e1lce v\u00fdlo\u017en\u00edku je t\u0159eba pe\u010dliv\u011b zv\u00e1\u017eit nosnost. Tento parametr ur\u010duje, jakou hmotnost v\u00e1lec zvl\u00e1dne bez poruchy. Vy\u0161\u0161\u00ed nosnost znamen\u00e1, \u017ee v\u00e1lec dok\u00e1\u017ee efektivn\u011b vykon\u00e1vat t\u011b\u017e\u0161\u00ed \u00fakoly, ale \u010dasto je to za cenu v\u011bt\u0161\u00ed velikosti a hmotnosti. Proto je nezbytn\u00e9 vyv\u00e1\u017eit nosnost s celkovou konstrukc\u00ed a provozn\u00edmi po\u017eadavky stroje.<\/p>\n<h3>T\u011bsn\u011bn\u00ed a trvanlivost<\/h3>\n<p>T\u011bsn\u011bn\u00ed je u hydraulick\u00fdch v\u00e1lc\u016f kl\u00ed\u010dov\u00e9, aby se zabr\u00e1nilo \u00fanik\u016fm a zajistil se efektivn\u00ed provoz. Vysoce kvalitn\u00ed t\u011bsn\u011bn\u00ed mus\u00ed b\u00fdt vybr\u00e1no na z\u00e1klad\u011b typu pou\u017eit\u00e9 kapaliny a provozn\u00edho prost\u0159ed\u00ed. Spr\u00e1vn\u00e9 t\u011bsn\u011bn\u00ed udr\u017euje hydraulick\u00fd tlak a zaji\u0161\u0165uje dlouhou \u017eivotnost v\u00e1lce. Pou\u017eit\u00e9 materi\u00e1ly mus\u00ed b\u00fdt nav\u00edc vybr\u00e1ny s ohledem na jejich schopnost odol\u00e1vat opot\u0159eben\u00ed, korozi a vysok\u00e9mu tlaku, proto\u017ee tyto faktory v\u00fdznamn\u011b ovliv\u0148uj\u00ed \u017eivotnost v\u00e1lce.<\/p>\n<h3>Bezpe\u010dnostn\u00ed prvky<\/h3>\n<p>Bezpe\u010dnost je u hydraulick\u00fdch syst\u00e9m\u016f prvo\u0159ad\u00e1. V\u00e1lce v\u00fdlo\u017en\u00edku by m\u011bly obsahovat bezpe\u010dnostn\u00ed prvky, jako jsou p\u0159etlakov\u00e9 ventily a bezpe\u010dnostn\u00ed z\u00e1mky, aby se zabr\u00e1nilo nehod\u00e1m b\u011bhem provozu. Implementace t\u011bchto bezpe\u010dnostn\u00edch opat\u0159en\u00ed minimalizuje rizika spojen\u00e1 s hydraulickou poruchou a zaji\u0161\u0165uje bezpe\u010dnost obsluhy i za\u0159\u00edzen\u00ed v n\u00e1ro\u010dn\u00fdch prost\u0159ed\u00edch.<\/p>\n<p><img decoding=\"async\" src=\"https:\/\/www.hydraulic-cylinders.net\/wp-content\/uploads\/2025\/04\/songte-oil-pipes-and-spare-parts.webp\" alt=\"Olejov\u00e9 trubky a n\u00e1hradn\u00ed d\u00edly\"><\/p>\n<h2>T\u011bsn\u011bn\u00ed a maz\u00e1n\u00ed<\/h2>\n<p>Spr\u00e1vn\u00e9 t\u011bsn\u011bn\u00ed a maz\u00e1n\u00ed jsou nezbytn\u00e9 pro efektivn\u00ed fungov\u00e1n\u00ed v\u00e1lc\u016f v\u00fdlo\u017en\u00edku. Pro zaji\u0161t\u011bn\u00ed t\u011bsn\u00e9ho uzav\u0159en\u00ed se pou\u017e\u00edvaj\u00ed r\u016fzn\u00e9 t\u011bsnic\u00ed komponenty, jako jsou t\u011bsn\u011bn\u00ed p\u00edst\u016f a t\u011bsn\u011bn\u00ed p\u00edstnic. Pro tato t\u011bsn\u011bn\u00ed se b\u011b\u017en\u011b pou\u017e\u00edvaj\u00ed odoln\u00e9 materi\u00e1ly, jako je polyuretan a nitrilov\u00e1 pry\u017e, a to d\u00edky jejich vynikaj\u00edc\u00ed odolnosti proti opot\u0159eben\u00ed. V\u00e1lec hydraulick\u00e9ho v\u00e1lce a z\u00e1vitov\u00e9 koncov\u00e9 plochy nav\u00edc proch\u00e1zej\u00ed jemn\u00fdm opracov\u00e1n\u00edm pro zv\u00fd\u0161en\u00ed odolnosti proti opot\u0159eben\u00ed. Pravideln\u00e9 maz\u00e1n\u00ed hydraulick\u00fdm olejem je nezbytn\u00e9 pro zaji\u0161t\u011bn\u00ed plynul\u00e9ho provozu a prevenci opot\u0159eben\u00ed.<\/p>\n<h2>Preventivn\u00ed \u00fadr\u017ebov\u00e1 opat\u0159en\u00ed<\/h2>\n<ul>\n<li><strong>Pravideln\u00e9 kontroly:<\/strong> Zkontrolujte v\u00e1lce, zda nevykazuj\u00ed zn\u00e1mky opot\u0159eben\u00ed, net\u011bsnost\u00ed nebo po\u0161kozen\u00ed. V\u010dasn\u00e9 odhalen\u00ed potenci\u00e1ln\u00edch probl\u00e9m\u016f m\u016f\u017ee zabr\u00e1nit n\u00e1kladn\u00fdm oprav\u00e1m a prodlou\u017eit \u017eivotnost v\u00e1lc\u016f.<\/li>\n<li><strong>Spr\u00e1vn\u00e9 maz\u00e1n\u00ed:<\/strong> Zajist\u011bte, aby byl v\u00e1lec dostate\u010dn\u011b maz\u00e1n vhodn\u00fdm hydraulick\u00fdm olejem. Tento postup sni\u017euje t\u0159en\u00ed a opot\u0159eben\u00ed a p\u0159isp\u00edv\u00e1 k efektivn\u00edmu provozu hydraulick\u00e9ho syst\u00e9mu.<\/li>\n<li><strong>V\u00fdm\u011bna t\u011bsn\u011bn\u00ed:<\/strong> Pravideln\u011b kontrolujte t\u011bsn\u011bn\u00ed, zda nejsou po\u0161kozen\u00e1, a v p\u0159\u00edpad\u011b pot\u0159eby je vym\u011b\u0148te. Opot\u0159ebovan\u00e1 t\u011bsn\u011bn\u00ed mohou v\u00e9st k \u00fanik\u016fm hydraulick\u00e9 kapaliny, co\u017e sni\u017euje v\u00fdkon a bezpe\u010dnost syst\u00e9mu.<\/li>\n<\/ul>\n<h2>Pokyny k instalaci<\/h2>\n<p>Spr\u00e1vn\u00e1 instalace v\u00e1lce v\u00fdlo\u017en\u00edku je z\u00e1sadn\u00ed pro optim\u00e1ln\u00ed v\u00fdkon. P\u0159i instalaci se ujist\u011bte, \u017ee je v\u00e1lec spr\u00e1vn\u011b vyrovn\u00e1n se strojn\u00edm za\u0159\u00edzen\u00edm, aby nedo\u0161lo k nadm\u011brn\u00e9mu nam\u00e1h\u00e1n\u00ed sou\u010d\u00e1st\u00ed. Pro pevn\u00e9 upevn\u011bn\u00ed v\u00e1lce se doporu\u010duje pou\u017e\u00edt vhodn\u00e9 mont\u00e1\u017en\u00ed konzoly. Dodr\u017eujte specifikace v\u00fdrobce ohledn\u011b doporu\u010den\u00e9ho nastaven\u00ed utahovac\u00edho momentu a postupu instalace. Pravideln\u011b kontrolujte instalaci, zda nevykazuje zn\u00e1mky nespr\u00e1vn\u00e9ho vyrovn\u00e1n\u00ed nebo opot\u0159eben\u00ed, a prov\u00e1d\u011bjte nezbytn\u00e1 se\u0159\u00edzen\u00ed pro zachov\u00e1n\u00ed efektivn\u00edho provozu.<\/p>\n<h2>B\u011b\u017en\u00e9 \u00fakoly \u00fadr\u017eby<\/h2>\n<h3>Pravideln\u00e9 kontroly<\/h3>\n<p>Prov\u00e1d\u011bjte pravideln\u00e9 kontroly hydraulick\u00fdch syst\u00e9m\u016f, abyste se ujistili, \u017ee v\u0161e funguje spr\u00e1vn\u011b. To zahrnuje hled\u00e1n\u00ed net\u011bsnost\u00ed, posouzen\u00ed v\u00fdkonu v\u00e1lc\u016f a ov\u011b\u0159en\u00ed, zda v\u0161echny komponenty funguj\u00ed spr\u00e1vn\u011b. V\u010dasn\u00e9 odhalen\u00ed probl\u00e9m\u016f, jako jsou neobvykl\u00e9 zvuky nebo sn\u00ed\u017een\u00e1 \u00fa\u010dinnost, m\u016f\u017ee v\u00fdrazn\u011b sn\u00ed\u017eit n\u00e1klady na opravy.<\/p>\n<h3>Spr\u00e1vn\u00e9 maz\u00e1n\u00ed<\/h3>\n<p>Maz\u00e1n\u00ed je z\u00e1sadn\u00ed pro dlouhou \u017eivotnost hydraulick\u00e9ho v\u00e1lce. Pou\u017e\u00edv\u00e1n\u00ed spr\u00e1vn\u00e9ho typu hydraulick\u00e9ho oleje a zaji\u0161t\u011bn\u00ed jeho doporu\u010den\u00e9 hladiny je nezbytn\u00e9. Pravideln\u00e9 kontroly a v\u00fdm\u011bny maziva mohou zabr\u00e1nit mechanick\u00fdm probl\u00e9m\u016fm zp\u016fsoben\u00fdm nedostate\u010dn\u00fdm maz\u00e1n\u00edm, a t\u00edm udr\u017eet provozn\u00ed \u00fa\u010dinnost.<\/p>\n<h3>V\u00fdm\u011bna t\u011bsn\u011bn\u00ed a kontroly kalibrace<\/h3>\n<p>T\u011bsn\u011bn\u00ed jsou n\u00e1chyln\u00e1 k opot\u0159eben\u00ed v d\u016fsledku vysok\u00e9ho tlaku a t\u0159en\u00ed, kter\u00e9mu jsou vystavena b\u011bhem provozu. Pravideln\u011b kontrolujte a vym\u011b\u0148ujte t\u011bsn\u011bn\u00ed, abyste zabr\u00e1nili net\u011bsnostem. M\u011bly by se prov\u00e1d\u011bt tak\u00e9 kalibra\u010dn\u00ed kontroly, aby se zajistilo, \u017ee hydraulick\u00fd syst\u00e9m pracuje v r\u00e1mci stanoven\u00fdch limit\u016f, co\u017e zvy\u0161uje celkov\u00fd v\u00fdkon a bezpe\u010dnost.<\/p>\n<p><img decoding=\"async\" src=\"https:\/\/www.hydraulic-cylinders.net\/wp-content\/uploads\/2025\/04\/songte-chushion-collar.webp\" alt=\"Pol\u0161t\u00e1\u0159ov\u00fd l\u00edmec\"><\/p>\n<h2>Bezpe\u010dnostn\u00ed a environment\u00e1ln\u00ed aspekty<\/h2>\n<p>P\u0159i pr\u00e1ci s hydraulick\u00fdmi v\u00e1lci jsou bezpe\u010dnostn\u00ed opat\u0159en\u00ed prvo\u0159ad\u00e1. Pro zaji\u0161t\u011bn\u00ed bezpe\u010dn\u00e9 manipulace s hydromechanick\u00fdm za\u0159\u00edzen\u00edm je nezbytn\u00e9 \u0159\u00e1dn\u00e9 \u0161kolen\u00ed obsluhy. Krom\u011b toho by m\u011bly b\u00fdt dodr\u017eov\u00e1ny ekologick\u00e9 postupy, jako je spr\u00e1vn\u00e1 likvidace hydraulick\u00fdch kapalin a materi\u00e1l\u016f. Pov\u011bdom\u00ed o potenci\u00e1ln\u00edch nebezpe\u010d\u00edch spojen\u00fdch s hydraulick\u00fdmi syst\u00e9my pom\u016f\u017ee udr\u017eovat bezpe\u010dn\u00e9 pracovn\u00ed prost\u0159ed\u00ed.<\/p>\n<h2>Odstra\u0148ov\u00e1n\u00ed probl\u00e9m\u016f a b\u011b\u017en\u00e9 probl\u00e9my<\/h2>\n<ul>\n<li><strong>\u00daniky hydraulick\u00e9 kapaliny:<\/strong> Zkontrolujte viditeln\u00e9 net\u011bsnosti kolem t\u011bsn\u011bn\u00ed a spoj\u016f. Vym\u011b\u0148te po\u0161kozen\u00e1 t\u011bsn\u011bn\u00ed a ujist\u011bte se, \u017ee v\u0161echny spoje jsou pevn\u011b uta\u017een\u00e9, aby se zabr\u00e1nilo \u00faniku kapaliny.<\/li>\n<li><strong>\u0160patn\u00fd v\u00fdkon v\u00e1lce:<\/strong> Pokud v\u00e1lec pracuje pomalu, zkontrolujte, zda nen\u00ed n\u00edzk\u00e1 hladina kapaliny nebo zda nen\u00ed hydraulick\u00e1 kapalina zne\u010di\u0161t\u011bna. Zajist\u011bte spr\u00e1vn\u00e9 maz\u00e1n\u00ed a zkontrolujte, zda se v syst\u00e9mu nenach\u00e1z\u00ed vzduch.<\/li>\n<li><strong>Neobvykl\u00e9 zvuky:<\/strong> Hluky mohou nazna\u010dovat mechanick\u00e9 probl\u00e9my v hydraulick\u00e9m syst\u00e9mu. Zkontrolujte, zda nejsou uvoln\u011bn\u00e9 sou\u010d\u00e1sti nebo zda nedo\u0161lo k vnit\u0159n\u00edmu po\u0161kozen\u00ed, a okam\u017eit\u011b je odstra\u0148te, abyste p\u0159ede\u0161li dal\u0161\u00edm komplikac\u00edm.<\/li>\n<\/ul>\n<h2>Tipy pro \u0159e\u0161en\u00ed probl\u00e9m\u016f a preventivn\u00ed opat\u0159en\u00ed<\/h2>\n<p>Pro efektivn\u00ed diagnostiku a \u0159e\u0161en\u00ed hydraulick\u00fdch probl\u00e9m\u016f dodr\u017eujte pravideln\u00fd pl\u00e1n \u00fadr\u017eby, abyste v\u010das odhalili potenci\u00e1ln\u00ed probl\u00e9my. Obsluha by m\u011bla b\u00fdt pro\u0161kolena v rozpozn\u00e1v\u00e1n\u00ed varovn\u00fdch sign\u00e1l\u016f, jako jsou nepravideln\u00e9 zvuky nebo v\u00fdkon, aby mohla rychle jednat. Pravideln\u00e1 kontrola hladiny hydraulick\u00e9 kapaliny a stavu t\u011bsn\u011bn\u00ed m\u016f\u017ee v\u00fdrazn\u011b sn\u00ed\u017eit pravd\u011bpodobnost z\u00e1va\u017en\u00fdch poruch.<\/p>\n<p><img decoding=\"async\" src=\"https:\/\/www.hydraulic-cylinders.net\/wp-content\/uploads\/2025\/04\/songte-bushings-with-all-kinds-of-excavator-models.webp\" alt=\"Pouzdra s modely bagr\u016f\"><\/p>\n<h2>P\u0159ehled spole\u010dnosti<\/h2>\n<p>Jsme p\u0159edn\u00edm v\u00fdrobcem n\u00e1hradn\u00edch hydraulick\u00fdch v\u00e1lc\u016f s komplexn\u00ed nab\u00eddkou produkt\u016f, kter\u00e1 n\u00e1s \u0159ad\u00ed mezi p\u0159edn\u00ed v\u00fdrobce a velkoobchodn\u00edky na dom\u00e1c\u00edm i mezin\u00e1rodn\u00edm trhu. Dodr\u017eujeme p\u0159\u00edsn\u00e9 standardy kvality a vyu\u017e\u00edv\u00e1me propracovanou v\u00fdrobn\u00ed strategii ke zlep\u0161en\u00ed na\u0161ich v\u00fdrobn\u00edch kapacit. Na\u0161e technologick\u00e9 znalosti, modern\u00ed v\u00fdrobn\u00ed za\u0159\u00edzen\u00ed a profesion\u00e1ln\u00ed testovac\u00ed syst\u00e9my n\u00e1m umo\u017e\u0148uj\u00ed neust\u00e1le zvy\u0161ovat na\u0161i v\u00fdrobn\u00ed platformu a zaji\u0161\u0165ovat produkty nejvy\u0161\u0161\u00ed kvality. Jsme hrd\u00ed na na\u0161i schopnost uspokojovat rozmanit\u00e9 pot\u0159eby z\u00e1kazn\u00edk\u016f s efektivitou, p\u0159esnost\u00ed a excelenc\u00ed.<\/p>\n<p><img decoding=\"async\" src=\"https:\/\/www.hydraulic-cylinders.net\/wp-content\/uploads\/2025\/04\/songte-company-4.webp\" alt=\"P\u0159ehled spole\u010dnosti\"><br \/>\n<img decoding=\"async\" src=\"https:\/\/www.hydraulic-cylinders.net\/wp-content\/uploads\/2025\/04\/songte-company-3.webp\" alt=\"V\u00fdroba spole\u010dnosti\"><\/p>\n<p>Krom\u011b na\u0161\u00ed profesionality a mezin\u00e1rodn\u00edch certifikac\u00ed nab\u00edz\u00edme tak\u00e9 slu\u017eby na m\u00edru, kter\u00e9 spl\u0148uj\u00ed specifick\u00e9 po\u017eadavky klient\u016f. Na\u0161e v\u00fdrobn\u00ed za\u0159\u00edzen\u00ed jsou vybavena nejmodern\u011bj\u0161\u00edmi stroji, co\u017e umo\u017e\u0148uje efektivn\u00ed v\u00fdrobu vysoce kvalitn\u00edch produkt\u016f. D\u00e1le se zavazujeme poskytovat v\u00fdjime\u010dn\u00fd poprodejn\u00ed servis, abychom na\u0161im z\u00e1kazn\u00edk\u016fm pomohli i dlouho po dokon\u010den\u00ed prodeje.<\/p>\n<p>Autor: lyl<\/p>","protected":false},"excerpt":{"rendered":"<p>Boom Cylinder For Tiangong ZG3255LC-9 Understanding the Boom Cylinder The Boom Cylinder is a specialized hydraulic cylinder designed to control the movement of the bucket in various heavy machinery, such as excavators, backhoe loaders, and front-end loaders. Its primary function is to enable the bucket to lift, lower, and tilt, which facilitates effective material handling [&hellip;]<\/p>","protected":false},"featured_media":17876,"comment_status":"open","ping_status":"closed","template":"","meta":{"_et_pb_use_builder":"","_et_pb_old_content":"","_et_gb_content_width":""},"product_brand":[],"product_cat":[1546],"product_tag":[1547,1496],"class_list":{"0":"post-19688","1":"product","2":"type-product","3":"status-publish","4":"has-post-thumbnail","6":"product_cat-boom-cylinders","7":"product_tag-boom-cylinders","8":"product_tag-hydraulic-cylinders","10":"first","11":"instock","12":"shipping-taxable","13":"product-type-simple"},"amp_enabled":true,"_links":{"self":[{"href":"https:\/\/www.hydraulic-cylinders.net\/cs\/wp-json\/wp\/v2\/product\/19688","targetHints":{"allow":["GET"]}}],"collection":[{"href":"https:\/\/www.hydraulic-cylinders.net\/cs\/wp-json\/wp\/v2\/product"}],"about":[{"href":"https:\/\/www.hydraulic-cylinders.net\/cs\/wp-json\/wp\/v2\/types\/product"}],"replies":[{"embeddable":true,"href":"https:\/\/www.hydraulic-cylinders.net\/cs\/wp-json\/wp\/v2\/comments?post=19688"}],"wp:featuredmedia":[{"embeddable":true,"href":"https:\/\/www.hydraulic-cylinders.net\/cs\/wp-json\/wp\/v2\/media\/17876"}],"wp:attachment":[{"href":"https:\/\/www.hydraulic-cylinders.net\/cs\/wp-json\/wp\/v2\/media?parent=19688"}],"wp:term":[{"taxonomy":"product_brand","embeddable":true,"href":"https:\/\/www.hydraulic-cylinders.net\/cs\/wp-json\/wp\/v2\/product_brand?post=19688"},{"taxonomy":"product_cat","embeddable":true,"href":"https:\/\/www.hydraulic-cylinders.net\/cs\/wp-json\/wp\/v2\/product_cat?post=19688"},{"taxonomy":"product_tag","embeddable":true,"href":"https:\/\/www.hydraulic-cylinders.net\/cs\/wp-json\/wp\/v2\/product_tag?post=19688"}],"curies":[{"name":"wp","href":"https:\/\/api.w.org\/{rel}","templated":true}]}}