{"id":19691,"date":"2025-04-07T07:02:05","date_gmt":"2025-04-07T07:02:05","guid":{"rendered":"https:\/\/www.hydraulic-cylinders.net\/product\/boom-cylinder-for-dasin-ds18\/"},"modified":"2025-04-07T07:02:07","modified_gmt":"2025-04-07T07:02:07","slug":"boom-cylinder-for-dasin-ds18","status":"publish","type":"product","link":"https:\/\/www.hydraulic-cylinders.net\/cs\/produkt\/boom-cylinder-for-dasin-ds18\/","title":{"rendered":"V\u00e1lec v\u00fdlo\u017en\u00edku pro Dasin DS18"},"content":{"rendered":"<h1>V\u00e1lec v\u00fdlo\u017en\u00edku pro Dasin DS18<\/h1>\n<h2>\u00davod k v\u00e1lci v\u00fdlo\u017en\u00edku<\/h2>\n<p>Hydraulick\u00fd v\u00e1lec v\u00fdlo\u017en\u00edku je kl\u00ed\u010dovou sou\u010d\u00e1st\u00ed hydraulick\u00fdch syst\u00e9m\u016f, speci\u00e1ln\u011b navr\u017een\u00fdch pro ovl\u00e1d\u00e1n\u00ed pohybu l\u017e\u00edc t\u011b\u017ek\u00fdch stroj\u016f, jako jsou ty, kter\u00e9 se nach\u00e1zej\u00ed v bagrech, rypadlech naklada\u010d\u00edch a \u010deln\u00edch naklada\u010d\u00edch. Tyto hydraulick\u00e9 v\u00e1lce umo\u017e\u0148uj\u00ed l\u017e\u00edci zvedat, spou\u0161t\u011bt a nakl\u00e1n\u011bt, co\u017e usnad\u0148uje efektivn\u00ed manipulaci s materi\u00e1lem. V\u00e1lec l\u017e\u00edce je v podstat\u011b typ hydraulick\u00e9ho v\u00e1lce, kter\u00fd hraje z\u00e1sadn\u00ed roli v provozu r\u016fzn\u00fdch zemn\u00edch stroj\u016f.<\/p>\n<p><img decoding=\"async\" src=\"https:\/\/www.hydraulic-cylinders.net\/wp-content\/uploads\/2025\/04\/songte-company-1.webp\" alt=\"Obr\u00e1zek v\u00e1lce v\u00fdlo\u017en\u00edku\" \/><\/p>\n<h3>Funkce a pou\u017eit\u00ed kore\u010dkov\u00fdch v\u00e1lc\u016f<\/h3>\n<p>V\u00e1lce kore\u010dk\u016f jsou nezbytn\u00e9 pro provoz t\u011b\u017ek\u00fdch stroj\u016f. Poskytuj\u00ed pot\u0159ebnou s\u00edlu pro zved\u00e1n\u00ed a manipulaci s t\u011b\u017ek\u00fdmi b\u0159emeny, co\u017e zaji\u0161\u0165uje efektivn\u00ed prov\u00e1d\u011bn\u00ed stavebn\u00edch a zem\u011bd\u011blsk\u00fdch \u00fakol\u016f. P\u0159em\u011bnou hydraulick\u00e9ho tlaku na mechanickou s\u00edlu umo\u017e\u0148uj\u00ed tyto v\u00e1lce obsluze prov\u00e1d\u011bt slo\u017eit\u00e9 man\u00e9vry s p\u0159esnost\u00ed a kontrolou.<\/p>\n<h2>Kl\u00ed\u010dov\u00e9 vlastnosti v\u00e1lce v\u00fdlo\u017en\u00edku<\/h2>\n<ul>\n<li><strong>Vysok\u00e1 pevnost a trvanlivost:<\/strong> Tyto v\u00e1lce, vyroben\u00e9 z vysokopevnostn\u00ed oceli nebo hlin\u00edku, odol\u00e1vaj\u00ed vysok\u00e9mu tlaku a velk\u00e9mu zat\u00ed\u017een\u00ed, tak\u017ee jsou vhodn\u00e9 pro n\u00e1ro\u010dn\u00e9 pracovn\u00ed prost\u0159ed\u00ed.<\/li>\n<li><strong>Efektivn\u00ed hydraulick\u00fd provoz:<\/strong> Vyu\u017e\u00edvaj\u00ed hydraulick\u00fd tlak oleje pro plynul\u00e9 vysouv\u00e1n\u00ed a zasouv\u00e1n\u00ed, co\u017e umo\u017e\u0148uje rychlou odezvu na ovl\u00e1dac\u00ed povely a dod\u00e1v\u00e1 silnou tla\u010dnou a ta\u017enou s\u00edlu.<\/li>\n<li><strong>R\u016fzn\u00e9 typy:<\/strong> K dispozici jsou jedno\u010dinn\u00e9 (funguje v jednom sm\u011bru) nebo dvoj\u010dinn\u00e9 (funguje v obou sm\u011brech) proveden\u00ed, n\u011bkter\u00e9 modely jsou teleskopick\u00e9, co\u017e umo\u017e\u0148uje v\u011bt\u0161\u00ed v\u00fdsuv bez zv\u011bt\u0161en\u00ed vn\u011bj\u0161\u00edch rozm\u011br\u016f.<\/li>\n<li><strong>Vylep\u0161en\u00fd v\u00fdkon:<\/strong> Jsou navr\u017eeny s ochranou proti opot\u0159eben\u00ed a korozi, co\u017e zaru\u010duje dlouhou \u017eivotnost a spolehlivost v r\u016fzn\u00fdch aplikac\u00edch.<\/li>\n<li><strong>Zak\u00e1zkov\u00e1 v\u00fdroba:<\/strong> Tento produkt dok\u00e1\u017eeme vyrobit a na\u0161e v\u00e1lce dok\u00e1\u017e\u00ed dokonale nahradit st\u00e1vaj\u00edc\u00ed hydraulick\u00e9 v\u00e1lce.<\/li>\n<\/ul>\n<p><img decoding=\"async\" src=\"https:\/\/www.hydraulic-cylinders.net\/wp-content\/uploads\/2025\/04\/songte-cylinder-head-with-all-kinds-excavator-models.webp\" alt=\"Mo\u017enosti v\u00fdm\u011bny v\u00e1lce\" \/><\/p>\n<h2>Aplikace v\u00e1lce v\u00fdlo\u017en\u00edku<\/h2>\n<h3>Stavebn\u00ed stroje<\/h3>\n<p>Ve stavebn\u00edch stroj\u00edch se v\u00e1lce v\u00fdlo\u017en\u00edku nach\u00e1zej\u00ed v bagrech, kde jsou nezbytn\u00e9 pro kop\u00e1n\u00ed, nakl\u00e1d\u00e1n\u00ed a p\u0159emis\u0165ov\u00e1n\u00ed zeminy nebo suti. V\u00e1lec l\u017e\u00edce usnad\u0148uje kop\u00e1n\u00ed i zved\u00e1n\u00ed, \u010d\u00edm\u017e zvy\u0161uje v\u0161estrannost a produktivitu stroje.<\/p>\n<h3>Zem\u011bd\u011blsk\u00e9 stroje<\/h3>\n<p>\u010celn\u00ed naklada\u010de vyu\u017e\u00edvaj\u00ed v\u00e1lce v\u00fdlo\u017en\u00edku k nab\u00edr\u00e1n\u00ed, zved\u00e1n\u00ed a p\u0159eprav\u011b zeminy, sena a dal\u0161\u00edch materi\u00e1l\u016f. Tyto v\u00e1lce jsou nezbytn\u00e9 pro operace, kter\u00e9 vy\u017eaduj\u00ed rychlou a efektivn\u00ed manipulaci s t\u011b\u017ek\u00fdmi zem\u011bd\u011blsk\u00fdmi b\u0159emeny.<\/p>\n<h3>Bagry<\/h3>\n<p>U bagr\u016f umo\u017e\u0148uje v\u00e1lec l\u017e\u00edce pronik\u00e1n\u00ed l\u017e\u00edce do zem\u011b, co\u017e umo\u017e\u0148uje efektivn\u00ed kop\u00e1n\u00ed. Tato schopnost je kl\u00ed\u010dov\u00e1 pro r\u016fzn\u00e9 v\u00fdkopov\u00e9 \u00fakoly, a\u0165 u\u017e ve stavebnictv\u00ed nebo p\u0159i \u00faprav\u011b krajiny.<\/p>\n<h3>Naklada\u010de<\/h3>\n<p>U \u010deln\u00edch naklada\u010d\u016f pom\u00e1haj\u00ed v\u00e1lce v\u00fdlo\u017en\u00edku efektivn\u011b zvedat a vykl\u00e1p\u011bt materi\u00e1ly. Jejich konstrukce zaji\u0161\u0165uje snadnou manipulaci s t\u011b\u017ek\u00fdmi b\u0159emeny, co\u017e zvy\u0161uje provozn\u00ed efektivitu.<\/p>\n<h2>Konstruk\u010dn\u00ed aspekty a krit\u00e9ria v\u00fdb\u011bru<\/h2>\n<h3>Nosnost<\/h3>\n<p>Nosnost v\u00e1lce v\u00fdlo\u017en\u00edku je kl\u00ed\u010dov\u00fdm faktorem ovliv\u0148uj\u00edc\u00edm jeho konstrukci. Ur\u010duje, jakou hmotnost m\u016f\u017ee v\u00e1lec bezpe\u010dn\u011b zvl\u00e1dnout, ani\u017e by riskoval selh\u00e1n\u00ed konstrukce nebo sn\u00ed\u017een\u00ed v\u00fdkonu. In\u017een\u00fd\u0159i mus\u00ed pe\u010dliv\u011b vypo\u010d\u00edtat nosnosti na z\u00e1klad\u011b zam\u00fd\u0161len\u00e9ho pou\u017eit\u00ed a zajistit, aby v\u00e1lec unesl t\u011b\u017ek\u00e9 v\u00e1hy, s nimi\u017e se obvykle setk\u00e1v\u00e1me ve stavebnictv\u00ed a zem\u011bd\u011blstv\u00ed.<\/p>\n<h3>T\u011bsn\u011bn\u00ed a trvanlivost<\/h3>\n<p>T\u011bsn\u011bn\u00ed je u hydraulick\u00fdch v\u00e1lc\u016f z\u00e1sadn\u00ed, aby se zabr\u00e1nilo \u00faniku kapaliny a udr\u017eel tlak. Vysoce kvalitn\u00ed t\u011bsn\u011bn\u00ed vyroben\u00e1 z odoln\u00fdch materi\u00e1l\u016f, jako je polyuretan nebo nitrilov\u00e1 pry\u017e, jsou nezbytn\u00e1. Tato t\u011bsn\u011bn\u00ed mus\u00ed odol\u00e1vat n\u00e1ro\u010dn\u00fdm podm\u00ednk\u00e1m a dlouhodob\u011b si zachov\u00e1vat svou integritu, \u010d\u00edm\u017e se sni\u017euje riziko selh\u00e1n\u00ed syst\u00e9mu a zaji\u0161\u0165uje se spolehliv\u00fd provoz.<\/p>\n<h3>Bezpe\u010dnostn\u00ed prvky<\/h3>\n<p>Za\u010dlen\u011bn\u00ed bezpe\u010dnostn\u00edch prvk\u016f do konstrukce v\u00e1lc\u016f v\u00fdlo\u017en\u00edku je nezbytn\u00e9 pro ochranu obsluhy a stroj\u016f. Pojistn\u00e9 ventily, tlakom\u011bry a robustn\u00ed mont\u00e1\u017en\u00ed syst\u00e9my p\u0159isp\u00edvaj\u00ed k bezpe\u010dn\u011bj\u0161\u00edmu provozn\u00edmu prost\u0159ed\u00ed a zabra\u0148uj\u00ed nehod\u00e1m a po\u0161kozen\u00ed za\u0159\u00edzen\u00ed b\u011bhem provozu.<\/p>\n<h3>\u00dadr\u017eba a opravitelnost<\/h3>\n<p>Navr\u017een\u00ed pro snadnou \u00fadr\u017ebu zaji\u0161\u0165uje snadn\u00fd p\u0159\u00edstup k n\u00e1hradn\u00edm d\u00edl\u016fm, jako jsou t\u011bsn\u011bn\u00ed a armatury, a jejich v\u00fdm\u011bnu. To sni\u017euje prostoje a n\u00e1klady na \u00fadr\u017ebu a z\u00e1rove\u0148 prodlu\u017euje \u017eivotnost hydraulick\u00e9ho v\u00e1lce. V\u00fdrobky mus\u00ed b\u00fdt navr\u017eeny s ohledem na \u00fadr\u017ebu, aby se usnadnily b\u011b\u017en\u00e9 kontroly a opravy.<\/p>\n<p><img decoding=\"async\" src=\"https:\/\/www.hydraulic-cylinders.net\/wp-content\/uploads\/2025\/04\/songte-oil-pipes-and-spare-parts.webp\" alt=\"Olejov\u00e9 trubky a n\u00e1hradn\u00ed d\u00edly\" \/><\/p>\n<h2>T\u011bsn\u011bn\u00ed a maz\u00e1n\u00ed v\u00e1lce v\u00fdlo\u017en\u00edku<\/h2>\n<p>\u00da\u010dinn\u00e9 t\u011bsn\u011bn\u00ed a maz\u00e1n\u00ed jsou z\u00e1sadn\u00ed pro v\u00fdkon a dlouhou \u017eivotnost v\u00e1lc\u016f v\u00fdlo\u017en\u00edku. K zabr\u00e1n\u011bn\u00ed \u00faniku hydraulick\u00e9 kapaliny se pou\u017e\u00edvaj\u00ed r\u016fzn\u00e9 t\u011bsnic\u00ed komponenty, jako jsou t\u011bsn\u011bn\u00ed p\u00edst\u016f a t\u011bsn\u011bn\u00ed p\u00edstnic. T\u011bsn\u011bn\u00ed jsou obvykle vyrobena z materi\u00e1l\u016f odoln\u00fdch proti opot\u0159eben\u00ed, jako je polyuretan a nitrilov\u00e1 pry\u017e, kter\u00e9 jsou schopny odolat n\u00e1ro\u010dn\u00fdm podm\u00ednk\u00e1m v hydraulick\u00fdch aplikac\u00edch. T\u011bleso v\u00e1lce a z\u00e1vitov\u00e9 konce proch\u00e1zej\u00ed p\u0159esn\u00fdm obr\u00e1b\u011bn\u00edm, aby se zv\u00fd\u0161ila odolnost proti opot\u0159eben\u00ed a celkov\u00e1 \u017eivotnost.<\/p>\n<p>Pravideln\u00e9 maz\u00e1n\u00ed hydraulick\u00fdm olejem je nezbytn\u00e9 pro sn\u00ed\u017een\u00ed t\u0159en\u00ed mezi pohybliv\u00fdmi \u010d\u00e1stmi a udr\u017een\u00ed plynul\u00e9ho provozu. Obsluha mus\u00ed zajistit dostate\u010dn\u00e9 mno\u017estv\u00ed hydraulick\u00e9ho oleje, aby se zabr\u00e1nilo p\u0159eh\u0159\u00e1t\u00ed a opot\u0159eben\u00ed, a t\u00edm se prodlou\u017eila \u017eivotnost hydraulick\u00e9ho v\u00e1lce.<\/p>\n<h2>Preventivn\u00ed \u00fadr\u017ebov\u00e1 opat\u0159en\u00ed<\/h2>\n<ul>\n<li><strong>Pravideln\u00e9 kontroly:<\/strong> Prov\u00e1d\u011bjte pravideln\u00e9 kontroly, abyste odhalili potenci\u00e1ln\u00ed probl\u00e9my d\u0159\u00edve, ne\u017e se rozvinou do z\u00e1va\u017en\u011bj\u0161\u00edch probl\u00e9m\u016f. Zkontrolujte net\u011bsnosti, opot\u0159eben\u00ed a spr\u00e1vnou funkci t\u011bsn\u011bn\u00ed a spoj\u016f.<\/li>\n<li><strong>Vhodn\u00e9 maz\u00e1n\u00ed:<\/strong> Zajist\u011bte, aby byl hydraulick\u00fd v\u00e1lec dostate\u010dn\u011b maz\u00e1n spr\u00e1vn\u00fdm typem a mno\u017estv\u00edm hydraulick\u00e9ho oleje, aby se zabr\u00e1nilo po\u0161kozen\u00ed vnit\u0159n\u00edch sou\u010d\u00e1st\u00ed a aby se zachovala jeho \u00fa\u010dinnost.<\/li>\n<li><strong>V\u00fdm\u011bna t\u011bsn\u011bn\u00ed:<\/strong> Pravideln\u011b kontrolujte opot\u0159eben\u00ed t\u011bsn\u011bn\u00ed a v p\u0159\u00edpad\u011b pot\u0159eby je vym\u011b\u0148ujte, abyste zabr\u00e1nili \u00faniku kapaliny, co\u017e m\u016f\u017ee v\u00e9st k neefektivnosti a poruch\u00e1m syst\u00e9mu.<\/li>\n<\/ul>\n<h2>Pokyny k instalaci<\/h2>\n<p>Spr\u00e1vn\u00e1 instalace v\u00e1lc\u016f v\u00fdlo\u017en\u00edku je z\u00e1sadn\u00ed pro optim\u00e1ln\u00ed v\u00fdkon. Za\u010dn\u011bte t\u00edm, \u017ee se ujist\u00edte, \u017ee v\u0161echny sou\u010d\u00e1sti jsou \u010dist\u00e9 a bez ne\u010distot. V\u00e1lec p\u0159esn\u011b vyrovnejte s mont\u00e1\u017en\u00edmi body, abyste zabr\u00e1nili jeho nespr\u00e1vn\u00e9mu vyrovn\u00e1n\u00ed, kter\u00e9 by mohlo zp\u016fsobit nadm\u011brn\u00e9 nam\u00e1h\u00e1n\u00ed v\u00e1lce a v\u00e9st k jeho p\u0159ed\u010dasn\u00e9mu selh\u00e1n\u00ed. K bezpe\u010dn\u00e9mu upevn\u011bn\u00ed v\u00e1lce a zabr\u00e1n\u011bn\u00ed jeho pohybu b\u011bhem provozu pou\u017eijte vhodn\u00e9 mont\u00e1\u017en\u00ed konzoly. Je nezbytn\u00e9 dodr\u017eovat specifikace v\u00fdrobce ohledn\u011b nastaven\u00ed utahovac\u00edho momentu, aby bylo zaji\u0161t\u011bno spr\u00e1vn\u00e9 uta\u017een\u00ed a zaji\u0161t\u011bn\u00ed v\u0161ech upev\u0148ovac\u00edch prvk\u016f.<\/p>\n<p>Po instalaci prove\u010fte komplexn\u00ed kontrolu syst\u00e9mu, abyste se ujistili, \u017ee nedoch\u00e1z\u00ed k \u017e\u00e1dn\u00fdm net\u011bsnostem a \u017ee syst\u00e9m funguje spr\u00e1vn\u011b. Sledujte hladiny hydraulick\u00e9 kapaliny a kontrolujte spr\u00e1vn\u00fd tok hydraulick\u00e9 kapaliny do v\u00e1lce. Pravideln\u011b kontrolujte instalaci, abyste se ujistili, \u017ee je i nad\u00e1le bezpe\u010dn\u00e1 a funk\u010dn\u00ed.<\/p>\n<p><img decoding=\"async\" src=\"https:\/\/www.hydraulic-cylinders.net\/wp-content\/uploads\/2025\/04\/songte-chushion-collar.webp\" alt=\"Pol\u0161t\u00e1\u0159ov\u00fd l\u00edmec\" \/><\/p>\n<h2>B\u011b\u017en\u00e9 \u00fakoly \u00fadr\u017eby<\/h2>\n<h3>Pravideln\u00e9 kontroly<\/h3>\n<p>Pravideln\u00e9 kontroly jsou z\u00e1sadn\u00ed pro v\u010dasnou identifikaci potenci\u00e1ln\u00edch probl\u00e9m\u016f. Hledejte zn\u00e1mky opot\u0159eben\u00ed, po\u0161kozen\u00ed nebo net\u011bsnost\u00ed v hydraulick\u00e9m v\u00e1lci. V\u010dasn\u00e9 \u0159e\u0161en\u00ed t\u011bchto probl\u00e9m\u016f m\u016f\u017ee v budoucnu zabr\u00e1nit z\u00e1va\u017en\u011bj\u0161\u00edm probl\u00e9m\u016fm a n\u00e1kladn\u00fdm oprav\u00e1m. Je nezbytn\u00e9, aby tyto kontroly byly sou\u010d\u00e1st\u00ed b\u011b\u017en\u00e9ho pl\u00e1nu \u00fadr\u017eby, aby byl zaji\u0161t\u011bn efektivn\u00ed provoz hydraulick\u00e9ho syst\u00e9mu.<\/p>\n<h3>Vhodn\u00e9 maz\u00e1n\u00ed<\/h3>\n<p>Udr\u017eov\u00e1n\u00ed spr\u00e1vn\u00e9ho maz\u00e1n\u00ed hydraulick\u00fdch v\u00e1lc\u016f je z\u00e1sadn\u00ed pro hladk\u00fd provoz. Pou\u017e\u00edvejte doporu\u010denou hydraulickou kapalinu a ujist\u011bte se, \u017ee je napln\u011bna na spr\u00e1vnou hladinu. Maz\u00e1n\u00ed pom\u00e1h\u00e1 sni\u017eovat t\u0159en\u00ed mezi pohybliv\u00fdmi \u010d\u00e1stmi a zabra\u0148uje opot\u0159eben\u00ed. Obsluha by m\u011bla tak\u00e9 sledovat stav hydraulick\u00e9 kapaliny a v p\u0159\u00edpad\u011b pot\u0159eby ji vym\u011b\u0148ovat, aby se udr\u017eel optim\u00e1ln\u00ed v\u00fdkon.<\/p>\n<h3>V\u00fdm\u011bna t\u011bsn\u011bn\u00ed a kontroly kalibrace<\/h3>\n<p>Postupem \u010dasu se t\u011bsn\u011bn\u00ed mohou opot\u0159ebovat a je nutn\u00e9 je vym\u011bnit. Pravideln\u011b kontrolujte t\u011bsn\u011bn\u00ed, zda nevykazuj\u00ed zn\u00e1mky net\u011bsnost\u00ed nebo opot\u0159eben\u00ed, a v\u010das je vym\u011b\u0148te, aby byla zachov\u00e1na integrita syst\u00e9mu. Kalibra\u010dn\u00ed kontroly jsou tak\u00e9 nezbytn\u00e9 k zaji\u0161t\u011bn\u00ed toho, aby hydraulick\u00fd v\u00e1lec fungoval v r\u00e1mci stanoven\u00fdch parametr\u016f a aby si b\u011bhem provozu udr\u017eel svou \u00fa\u010dinnost a \u00fa\u010dinnost.<\/p>\n<h2>Bezpe\u010dnostn\u00ed aspekty a faktory prost\u0159ed\u00ed<\/h2>\n<p>P\u0159i pr\u00e1ci s hydraulick\u00fdmi syst\u00e9my jsou bezpe\u010dnostn\u00ed opat\u0159en\u00ed prvo\u0159ad\u00e1. Obsluha by m\u011bla v\u017edy nosit vhodn\u00e9 osobn\u00ed ochrann\u00e9 prost\u0159edky (OOP) a dodr\u017eovat bezpe\u010dnostn\u00ed protokoly, aby se p\u0159ede\u0161lo nehod\u00e1m. Hydraulick\u00e9 kapaliny mohou nav\u00edc p\u0159edstavovat nebezpe\u010d\u00ed pro \u017eivotn\u00ed prost\u0159ed\u00ed, proto je nezbytn\u00e9 s nimi spr\u00e1vn\u011b zach\u00e1zet a likvidovat je, aby se minimalizoval dopad na \u017eivotn\u00ed prost\u0159ed\u00ed.<\/p>\n<h2>Odstra\u0148ov\u00e1n\u00ed probl\u00e9m\u016f a b\u011b\u017en\u00e9 probl\u00e9my<\/h2>\n<ul>\n<li><strong>Sn\u00ed\u017een\u00fd v\u00fdkon v\u00e1lce:<\/strong> Pokud v\u00e1lec vykazuje sn\u00ed\u017een\u00fd v\u00fdkon, zkontrolujte, zda v hydraulick\u00e9 kapalin\u011b nen\u00ed vzduch, zda nedoch\u00e1z\u00ed k \u00fanik\u016fm nebo zda nen\u00ed n\u00edzk\u00e1 hladina kapaliny. V\u010dasn\u00e9 \u0159e\u0161en\u00ed t\u011bchto probl\u00e9m\u016f m\u016f\u017ee obnovit funk\u010dnost.<\/li>\n<li><strong>Net\u011bsn\u00edc\u00ed t\u011bsn\u011bn\u00ed:<\/strong> Net\u011bsnosti t\u011bsn\u011bn\u00ed mohou nazna\u010dovat opot\u0159eben\u00ed nebo po\u0161kozen\u00ed. T\u011bsn\u011bn\u00ed v\u017edy zkontrolujte a v p\u0159\u00edpad\u011b pot\u0159eby je vym\u011b\u0148te, abyste zabr\u00e1nili \u00faniku kapaliny.<\/li>\n<li><strong>Neo\u010dek\u00e1van\u00fd pohyb v\u00e1lce:<\/strong> Pokud se v\u00e1lec neo\u010dek\u00e1van\u011b pohybuje, zkontrolujte \u0159\u00eddic\u00ed syst\u00e9m, zda nevykazuje z\u00e1vady, a ujist\u011bte se, \u017ee v\u0161echny komponenty funguj\u00ed spr\u00e1vn\u011b.<\/li>\n<\/ul>\n<h3>Tipy pro \u0159e\u0161en\u00ed probl\u00e9m\u016f<\/h3>\n<p>Aby bylo mo\u017en\u00e9 efektivn\u011b diagnostikovat a \u0159e\u0161it probl\u00e9my, m\u011bli by si oper\u00e1to\u0159i v\u00e9st podrobn\u00fd z\u00e1znam o v\u0161ech nesrovnalostech pozorovan\u00fdch b\u011bhem provozu. Tento z\u00e1znam m\u016f\u017ee pomoci identifikovat vzorce a potenci\u00e1ln\u00ed z\u00e1kladn\u00ed probl\u00e9my. Pravideln\u00e1 \u00fadr\u017eba a proaktivn\u00ed kontroly jsou nezbytn\u00e9 pro minimalizaci rizika poruch a zaji\u0161t\u011bn\u00ed bezprobl\u00e9mov\u00e9ho provozu hydraulick\u00e9ho syst\u00e9mu.<\/p>\n<p><img decoding=\"async\" src=\"https:\/\/www.hydraulic-cylinders.net\/wp-content\/uploads\/2025\/04\/songte-bushings-with-all-kinds-of-excavator-models.webp\" alt=\"Pouzdra pro bagry\" \/><\/p>\n<h2>O na\u0161\u00ed spole\u010dnosti<\/h2>\n<p>Jsme p\u0159edn\u00edm v\u00fdrobcem n\u00e1hradn\u00edch hydraulick\u00fdch v\u00e1lc\u016f a nab\u00edz\u00edme komplexn\u00ed sortiment vysoce kvalitn\u00edch produkt\u016f p\u0159izp\u016fsoben\u00fdch rozmanit\u00fdm pot\u0159eb\u00e1m dom\u00e1c\u00edho i mezin\u00e1rodn\u00edho trhu. N\u00e1\u0161 z\u00e1vazek k dokonalosti n\u00e1s vede k dodr\u017eov\u00e1n\u00ed \u0161pi\u010dkov\u00fdch v\u00fdrobn\u00edch postup\u016f, za\u010dle\u0148ov\u00e1n\u00ed pokro\u010dil\u00fdch technologi\u00ed a kvalifikovan\u00fdch pracovn\u00edk\u016f do na\u0161ich v\u00fdrobn\u00edch proces\u016f.<\/p>\n<p>Jsme hrd\u00ed na na\u0161i rozs\u00e1hlou produktovou \u0159adu a schopnost p\u0159izp\u016fsobit \u0159e\u0161en\u00ed specifick\u00fdm po\u017eadavk\u016fm z\u00e1kazn\u00edk\u016f. S d\u016frazem na zaji\u0161t\u011bn\u00ed kvality vyu\u017e\u00edv\u00e1me nejmodern\u011bj\u0161\u00ed v\u00fdrobn\u00ed za\u0159\u00edzen\u00ed a p\u0159\u00edsn\u00e9 testovac\u00ed syst\u00e9my, abychom zajistili, \u017ee na\u0161e hydraulick\u00e9 v\u00e1lce spl\u0148uj\u00ed nejvy\u0161\u0161\u00ed oborov\u00e9 standardy. Na\u0161e oddanost efektivit\u011b, p\u0159esnosti a kvalit\u011b n\u00e1s stav\u00ed mezi d\u016fv\u011bryhodn\u00e9 partnery pro hydraulick\u00e1 \u0159e\u0161en\u00ed.<\/p>\n<p><img decoding=\"async\" src=\"https:\/\/www.hydraulic-cylinders.net\/wp-content\/uploads\/2025\/04\/songte-company-4.webp\" alt=\"P\u0159ehled spole\u010dnosti\" \/><br \/>\n<img decoding=\"async\" src=\"https:\/\/www.hydraulic-cylinders.net\/wp-content\/uploads\/2025\/04\/songte-company-3.webp\" alt=\"V\u00fdroba spole\u010dnosti\" \/><\/p>\n<p>Autorem je lyl.<\/p>","protected":false},"excerpt":{"rendered":"<p>Boom Cylinder For Dasin DS18 Introduction to Boom Cylinder The Boom Cylinder is a crucial component in hydraulic systems, specifically designed to control the movement of heavy machinery buckets, such as those found in excavators, backhoe loaders, and front loaders. These hydraulic cylinders enable the bucket to lift, lower, and tilt, facilitating efficient material handling [&hellip;]<\/p>","protected":false},"featured_media":17879,"comment_status":"open","ping_status":"closed","template":"","meta":{"_et_pb_use_builder":"","_et_pb_old_content":"","_et_gb_content_width":""},"product_brand":[],"product_cat":[1546],"product_tag":[1547,1496],"class_list":{"0":"post-19691","1":"product","2":"type-product","3":"status-publish","4":"has-post-thumbnail","6":"product_cat-boom-cylinders","7":"product_tag-boom-cylinders","8":"product_tag-hydraulic-cylinders","10":"first","11":"instock","12":"shipping-taxable","13":"product-type-simple"},"amp_enabled":true,"_links":{"self":[{"href":"https:\/\/www.hydraulic-cylinders.net\/cs\/wp-json\/wp\/v2\/product\/19691","targetHints":{"allow":["GET"]}}],"collection":[{"href":"https:\/\/www.hydraulic-cylinders.net\/cs\/wp-json\/wp\/v2\/product"}],"about":[{"href":"https:\/\/www.hydraulic-cylinders.net\/cs\/wp-json\/wp\/v2\/types\/product"}],"replies":[{"embeddable":true,"href":"https:\/\/www.hydraulic-cylinders.net\/cs\/wp-json\/wp\/v2\/comments?post=19691"}],"wp:featuredmedia":[{"embeddable":true,"href":"https:\/\/www.hydraulic-cylinders.net\/cs\/wp-json\/wp\/v2\/media\/17879"}],"wp:attachment":[{"href":"https:\/\/www.hydraulic-cylinders.net\/cs\/wp-json\/wp\/v2\/media?parent=19691"}],"wp:term":[{"taxonomy":"product_brand","embeddable":true,"href":"https:\/\/www.hydraulic-cylinders.net\/cs\/wp-json\/wp\/v2\/product_brand?post=19691"},{"taxonomy":"product_cat","embeddable":true,"href":"https:\/\/www.hydraulic-cylinders.net\/cs\/wp-json\/wp\/v2\/product_cat?post=19691"},{"taxonomy":"product_tag","embeddable":true,"href":"https:\/\/www.hydraulic-cylinders.net\/cs\/wp-json\/wp\/v2\/product_tag?post=19691"}],"curies":[{"name":"wp","href":"https:\/\/api.w.org\/{rel}","templated":true}]}}