{"id":19698,"date":"2025-04-07T07:02:25","date_gmt":"2025-04-07T07:02:25","guid":{"rendered":"https:\/\/www.hydraulic-cylinders.net\/product\/boom-cylinder-for-sinomach-zg3150-9c-2\/"},"modified":"2025-04-07T07:02:28","modified_gmt":"2025-04-07T07:02:28","slug":"boom-cylinder-for-sinomach-zg3150-9c-2","status":"publish","type":"product","link":"https:\/\/www.hydraulic-cylinders.net\/cs\/produkt\/boom-cylinder-for-sinomach-zg3150-9c-2\/","title":{"rendered":"V\u00e1lec v\u00fdlo\u017en\u00edku pro Sinomach ZG3150-9C"},"content":{"rendered":"<h1>V\u00e1lec v\u00fdlo\u017en\u00edku pro Sinomach ZG3150-9C<\/h1>\n<h2>\u00davod k v\u00e1lci v\u00fdlo\u017en\u00edku<\/h2>\n<p>Hydraulick\u00fd v\u00e1lec v\u00fdlo\u017en\u00edku pro Sinomach ZG3150-9C je specializovan\u00fd hydraulick\u00fd v\u00e1lec ur\u010den\u00fd k ovl\u00e1d\u00e1n\u00ed pohybu l\u017eic v t\u011b\u017ek\u00fdch stroj\u00edch. Tyto hydraulick\u00e9 v\u00e1lce hraj\u00ed kl\u00ed\u010dovou roli v hydraulick\u00fdch syst\u00e9mech, proto\u017ee umo\u017e\u0148uj\u00ed zved\u00e1n\u00ed, spou\u0161t\u011bn\u00ed a nakl\u00e1p\u011bn\u00ed za\u0159\u00edzen\u00ed, jako jsou rypadla, r\u00fdpadlo-naklada\u010de a \u010deln\u00ed naklada\u010de. D\u00edky schopnosti usnadnit manipulaci s materi\u00e1lem tyto v\u00e1lce zaji\u0161\u0165uj\u00ed provozn\u00ed efektivitu a \u00fa\u010dinnost na staveni\u0161t\u00edch.<\/p>\n<p><img decoding=\"async\" src=\"https:\/\/www.hydraulic-cylinders.net\/wp-content\/uploads\/2025\/04\/songte-company-1.webp\" alt=\"Obr\u00e1zek hydraulick\u00e9ho v\u00e1lce\"><\/p>\n<h3>Definice a p\u0159ehled kore\u010dkov\u00fdch v\u00e1lc\u016f<\/h3>\n<p>Hydraulick\u00e9 v\u00e1lce kore\u010dk\u016f, zn\u00e1m\u00e9 tak\u00e9 jako v\u00e1lce v\u00fdlo\u017en\u00edku, jsou hydraulick\u00e9 v\u00e1lce speci\u00e1ln\u011b vyroben\u00e9 pro \u0159\u00edzen\u00ed pohybu kore\u010dk\u016f v r\u016fzn\u00fdch t\u011b\u017ek\u00fdch stroj\u00edch. Vyu\u017e\u00edvaj\u00ed hydraulick\u00fd tlak k dosa\u017een\u00ed plynul\u00e9ho a kontrolovan\u00e9ho pohybu. Umo\u017en\u011bn\u00edm zved\u00e1n\u00ed t\u011b\u017ek\u00fdch b\u0159emen a p\u0159esn\u00e9ho nastaven\u00ed \u00fahlu kore\u010dkov\u00e9 v\u00e1lce v\u00fdrazn\u011b zlep\u0161uj\u00ed funk\u010dnost za\u0159\u00edzen\u00ed, co\u017e je \u010din\u00ed nepostradateln\u00fdmi ve stavebnictv\u00ed, zem\u011bd\u011blstv\u00ed a dal\u0161\u00edch t\u011b\u017ek\u00fdch aplikac\u00edch.<\/p>\n<h2>Vlastnosti v\u00e1lce v\u00fdlo\u017en\u00edku<\/h2>\n<ul>\n<li><strong>Vysok\u00e1 pevnost a trvanlivost:<\/strong> Tyto v\u00e1lce, obvykle vyroben\u00e9 z vysokopevnostn\u00ed oceli nebo hlin\u00edku, jsou navr\u017eeny tak, aby odolaly vysok\u00e9mu tlaku a velk\u00e9mu zat\u00ed\u017een\u00ed. Jsou navr\u017eeny pro provoz v n\u00e1ro\u010dn\u00fdch pracovn\u00edch prost\u0159ed\u00edch a disponuj\u00ed prvky, kter\u00e9 zvy\u0161uj\u00ed odolnost proti opot\u0159eben\u00ed a korozi, a zaji\u0161\u0165uj\u00ed tak dlouhou \u017eivotnost.<\/li>\n<li><strong>Efektivn\u00ed hydraulick\u00fd provoz:<\/strong> V\u00e1lec v\u00fdlo\u017en\u00edku s vyu\u017eit\u00edm hydraulick\u00e9ho tlaku oleje zaji\u0161\u0165uje plynul\u00e9 vysouv\u00e1n\u00ed a zasouv\u00e1n\u00ed. Tato rychl\u00e1 reakce na povely obsluhy poskytuje siln\u00fd tlak a tah, d\u00edky \u010demu\u017e je vhodn\u00fd pro manipulaci s t\u011b\u017ek\u00fdmi materi\u00e1ly a slo\u017eit\u00e9 provozn\u00ed \u00fakoly.<\/li>\n<li><strong>R\u016fzn\u00e9 typy:<\/strong> V z\u00e1vislosti na po\u017eadavc\u00edch mohou b\u00fdt tyto v\u00e1lce jedno\u010dinn\u00e9 (vyu\u017e\u00edvaj\u00edc\u00ed hydraulickou s\u00edlu v jednom sm\u011bru) nebo dvoj\u010dinn\u00e9 (vyu\u017e\u00edvaj\u00edc\u00ed hydraulickou s\u00edlu v obou sm\u011brech). N\u011bkter\u00e9 modely jsou teleskopick\u00e9, co\u017e umo\u017e\u0148uje v\u011bt\u0161\u00ed v\u00fdsuv bez zv\u011bt\u0161en\u00ed vn\u011bj\u0161\u00edch rozm\u011br\u016f, co\u017e je ide\u00e1ln\u00ed pro aplikace s omezen\u00fdm prostorem.<\/li>\n<\/ul>\n<p>Tento produkt vyr\u00e1b\u00edme a na\u0161e v\u00e1lce mohou dokonale nahradit tyto hydraulick\u00e9 v\u00e1lce.<\/p>\n<p><img decoding=\"async\" src=\"https:\/\/www.hydraulic-cylinders.net\/wp-content\/uploads\/2025\/04\/songte-cylinder-head-with-all-kinds-excavator-models.webp\" alt=\"Modely bagr\u016f\"><\/p>\n<h2>Aplikace v\u00e1lc\u016f v\u00fdlo\u017en\u00edku<\/h2>\n<h3>Stavebn\u00ed stroje<\/h3>\n<p>Ve stavebn\u00edch stroj\u00edch jsou v\u00e1lce v\u00fdlo\u017en\u00edku nezbytn\u00fdmi sou\u010d\u00e1stmi bagr\u016f. Jsou kl\u00ed\u010dov\u00e9 pro kop\u00e1n\u00ed, nakl\u00e1d\u00e1n\u00ed a p\u0159esouv\u00e1n\u00ed zeminy nebo suti. U rypadlo-naklada\u010d\u016f tyto v\u00e1lce nejen pom\u00e1haj\u00ed p\u0159i v\u00fdkopov\u00fdch prac\u00edch, ale tak\u00e9 p\u0159i zved\u00e1n\u00ed.<\/p>\n<h3>Zem\u011bd\u011blsk\u00e9 stroje<\/h3>\n<p>U \u010deln\u00edch naklada\u010d\u016f hraj\u00ed v\u00e1lce v\u00fdlo\u017en\u00edku z\u00e1sadn\u00ed roli p\u0159i nab\u00edr\u00e1n\u00ed, zved\u00e1n\u00ed a p\u0159eprav\u011b p\u016fdy, sena a dal\u0161\u00edch materi\u00e1l\u016f. Jejich schopnost efektivn\u011b zvl\u00e1dat r\u016fzn\u00e9 zem\u011bd\u011blsk\u00e9 \u00fakoly je \u010din\u00ed v zem\u011bd\u011blsk\u00e9m sektoru nepostradateln\u00fdmi.<\/p>\n<h3>Bagry<\/h3>\n<p>V\u00e1lec v\u00fdlo\u017en\u00edku je zodpov\u011bdn\u00fd za to, aby l\u017e\u00edce mohla efektivn\u011b pronikat do p\u016fdy b\u011bhem v\u00fdkopov\u00fdch prac\u00ed. Tato funkce je kl\u00ed\u010dov\u00e1 pro dosa\u017een\u00ed optim\u00e1ln\u00ed hloubky a efektivity kop\u00e1n\u00ed.<\/p>\n<h3>Naklada\u010de<\/h3>\n<p>U \u010deln\u00edch naklada\u010d\u016f pom\u00e1haj\u00ed v\u00e1lce v\u00fdlo\u017en\u00edku efektivn\u011b zvedat a vykl\u00e1p\u011bt b\u0159emena, \u010d\u00edm\u017e zvy\u0161uj\u00ed produktivitu a manipulaci s materi\u00e1lem na staveni\u0161t\u00edch.<\/p>\n<h2>Konstruk\u010dn\u00ed aspekty a krit\u00e9ria v\u00fdb\u011bru<\/h2>\n<h3>Nosnost<\/h3>\n<p>P\u0159i v\u00fdb\u011bru v\u00e1lce v\u00fdlo\u017en\u00edku je nosnost prvo\u0159ad\u00e1. V\u00e1lec mus\u00ed b\u00fdt schopen zvl\u00e1dnout maxim\u00e1ln\u00ed zat\u00ed\u017een\u00ed o\u010dek\u00e1van\u00e9 b\u011bhem provozu. Spr\u00e1vn\u00e9 dimenzov\u00e1n\u00ed zaji\u0161\u0165uje bezpe\u010dn\u00fd a efektivn\u00ed provoz za\u0159\u00edzen\u00ed a sni\u017euje riziko selh\u00e1n\u00ed v\u00e1lce.<\/p>\n<h3>T\u011bsn\u011bn\u00ed<\/h3>\n<p>\u00da\u010dinn\u00e9 t\u011bsn\u011bn\u00ed je z\u00e1sadn\u00ed pro prevenci \u00fanik\u016f hydraulick\u00e9 kapaliny a udr\u017een\u00ed optim\u00e1ln\u00edho tlaku ve v\u00e1lci. Vysoce kvalitn\u00ed t\u011bsn\u011bn\u00ed prodlu\u017euje \u017eivotnost v\u00e1lce t\u00edm, \u017ee zabra\u0148uje kontaminaci a sni\u017euje opot\u0159eben\u00ed.<\/p>\n<h3>Trvanlivost<\/h3>\n<p>Trvanlivost je kritick\u00fdm faktorem, zejm\u00e9na v n\u00e1ro\u010dn\u00fdch podm\u00ednk\u00e1ch. Materi\u00e1ly pou\u017eit\u00e9 p\u0159i konstrukci v\u00e1lce v\u00fdlo\u017en\u00edku by m\u011bly b\u00fdt odoln\u00e9 v\u016f\u010di opot\u0159eben\u00ed, korozi a \u00fanav\u011b materi\u00e1lu, co\u017e by zajistilo dlouhodobou spolehlivost a v\u00fdkon.<\/p>\n<h3>Bezpe\u010dnost<\/h3>\n<p>Bezpe\u010dnost je p\u0159i konstrukci hydraulick\u00fdch v\u00e1lc\u016f prim\u00e1rn\u00edm hlediskem. Prvky, jako jsou p\u0159etlakov\u00e9 ventily a robustn\u00ed mo\u017enosti mont\u00e1\u017ee, minimalizuj\u00ed riziko nehod a selh\u00e1n\u00ed za\u0159\u00edzen\u00ed.<\/p>\n<h3>Udr\u017eovatelnost<\/h3>\n<p>V\u00fdb\u011br snadno udr\u017eovateln\u00e9ho v\u00e1lce v\u00fdlo\u017en\u00edku prodlou\u017e\u00ed jeho \u017eivotnost. Konstruk\u010dn\u00ed prvky, kter\u00e9 umo\u017e\u0148uj\u00ed snadn\u00fd p\u0159\u00edstup k t\u011bsn\u011bn\u00edm a vnit\u0159n\u00edm komponent\u016fm, usnad\u0148uj\u00ed a zrychluj\u00ed \u00fadr\u017ebu, \u010d\u00edm\u017e se zkracuj\u00ed prostoje.<\/p>\n<p><img decoding=\"async\" src=\"https:\/\/www.hydraulic-cylinders.net\/wp-content\/uploads\/2025\/04\/songte-oil-pipes-and-spare-parts.webp\" alt=\"Olejov\u00e9 trubky a n\u00e1hradn\u00ed d\u00edly\"><\/p>\n<h2>T\u011bsn\u011bn\u00ed a maz\u00e1n\u00ed hydraulick\u00e9ho v\u00e1lce<\/h2>\n<p>Spr\u00e1vn\u00e9 t\u011bsn\u011bn\u00ed a maz\u00e1n\u00ed jsou ned\u00edlnou sou\u010d\u00e1st\u00ed funkce a \u017eivotnosti v\u00e1lce v\u00fdlo\u017en\u00edku. K udr\u017een\u00ed hydraulick\u00e9ho tlaku a zabr\u00e1n\u011bn\u00ed \u00faniku kapaliny se pou\u017e\u00edvaj\u00ed r\u016fzn\u00e1 t\u011bsn\u011bn\u00ed, jako jsou p\u00edstn\u00ed t\u011bsn\u011bn\u00ed a t\u011bsn\u011bn\u00ed p\u00edstnice. V\u00fdb\u011br odoln\u00fdch materi\u00e1l\u016f, jako je polyuretan a nitrilov\u00e1 pry\u017e, pro t\u011bsn\u011bn\u00ed zvy\u0161uje odolnost v\u016f\u010di opot\u0159eben\u00ed a vliv\u016fm prost\u0159ed\u00ed.<\/p>\n<p>T\u011bleso v\u00e1lce a z\u00e1vitov\u00e9 koncov\u00e9 plochy proch\u00e1zej\u00ed pe\u010dliv\u00fdm o\u0161et\u0159en\u00edm pro zlep\u0161en\u00ed odolnosti proti opot\u0159eben\u00ed. Pravideln\u00e9 maz\u00e1n\u00ed hydraulick\u00fdm olejem je nezbytn\u00e9 pro minimalizaci t\u0159en\u00ed a zaji\u0161t\u011bn\u00ed plynul\u00e9ho provozu. Dostate\u010dn\u00e9 maz\u00e1n\u00ed p\u0159isp\u00edv\u00e1 k celkov\u00e9 \u00fa\u010dinnosti a \u017eivotnosti hydraulick\u00e9ho v\u00e1lce.<\/p>\n<h2>Pravideln\u00e1 \u00fadr\u017eba a preventivn\u00ed opat\u0159en\u00ed<\/h2>\n<ul>\n<li><strong>\u010cast\u00e9 kontroly:<\/strong> Pravideln\u011b kontrolujte v\u00e1lec v\u00fdlo\u017en\u00edku, zda nevykazuje zn\u00e1mky opot\u0159eben\u00ed, net\u011bsnost\u00ed nebo po\u0161kozen\u00ed. V\u010dasn\u00e9 odhalen\u00ed probl\u00e9m\u016f m\u016f\u017ee zabr\u00e1nit dal\u0161\u00edm komplikac\u00edm a n\u00e1kladn\u00fdm oprav\u00e1m.<\/li>\n<li><strong>Spr\u00e1vn\u00e9 maz\u00e1n\u00ed:<\/strong> Zajist\u011bte, aby byl v\u00e1lec dostate\u010dn\u011b maz\u00e1n hydraulick\u00fdm olejem. T\u00edm se sni\u017euje t\u0159en\u00ed a opot\u0159eben\u00ed pohybliv\u00fdch \u010d\u00e1st\u00ed a podporuje se plynul\u00fd chod.<\/li>\n<li><strong>V\u00fdm\u011bna t\u011bsn\u011bn\u00ed:<\/strong> Postupem \u010dasu se t\u011bsn\u011bn\u00ed mohou opot\u0159ebovat a st\u00e1t se ne\u00fa\u010dinn\u00fdmi. Pravideln\u011b kontrolujte a v p\u0159\u00edpad\u011b pot\u0159eby vym\u011b\u0148ujte t\u011bsn\u011bn\u00ed, aby byla zachov\u00e1na hydraulick\u00e1 integrita.<\/li>\n<\/ul>\n<h2>Pokyny k instalaci v\u00e1lce v\u00fdlo\u017en\u00edku<\/h2>\n<p>Spr\u00e1vn\u00e1 instalace v\u00e1lce v\u00fdlo\u017en\u00edku je nezbytn\u00e1 pro optim\u00e1ln\u00ed v\u00fdkon. Za\u010dn\u011bte t\u00edm, \u017ee se ujist\u00edte, \u017ee v\u0161echny sou\u010d\u00e1sti jsou \u010dist\u00e9 a bez ne\u010distot. V\u00e1lec spr\u00e1vn\u011b vyrovnejte s mont\u00e1\u017en\u00edmi body, proto\u017ee nespr\u00e1vn\u00e9 vyrovn\u00e1n\u00ed m\u016f\u017ee v\u00e9st k nam\u00e1h\u00e1n\u00ed a p\u0159ed\u010dasn\u00e9mu opot\u0159eben\u00ed.<\/p>\n<p>Use appropriate mounting brackets to secure the cylinder in place, preventing movement during operation. Follow the manufacturer&#8217;s torque specifications when tightening bolts to ensure a secure fit. After installation, double-check the alignment and functionality of the hydraulic connections.<\/p>\n<p>Po instalaci prove\u010fte zku\u0161ebn\u00ed provoz, abyste ov\u011b\u0159ili bezprobl\u00e9mov\u00fd chod v\u00e1lce, a prove\u010fte pot\u0159ebn\u00e1 nastaven\u00ed pro zaji\u0161t\u011bn\u00ed optim\u00e1ln\u00edho v\u00fdkonu.<\/p>\n<h2>B\u011b\u017en\u00e9 \u00fakoly \u00fadr\u017eby<\/h2>\n<h3>Pravideln\u00e9 kontroly<\/h3>\n<p>Pravideln\u00e9 kontroly jsou z\u00e1sadn\u00ed pro udr\u017een\u00ed provozn\u00ed \u00fa\u010dinnosti v\u00e1lce v\u00fdlo\u017en\u00edku. Hledejte jak\u00e9koli zn\u00e1mky net\u011bsnost\u00ed, opot\u0159eben\u00ed nebo po\u0161kozen\u00ed. V\u010dasn\u00e1 identifikace probl\u00e9m\u016f m\u016f\u017ee zabr\u00e1nit z\u00e1va\u017en\u011bj\u0161\u00edm probl\u00e9m\u016fm v budoucnu. Napl\u00e1nujte kontroly na z\u00e1klad\u011b \u010detnosti pou\u017e\u00edv\u00e1n\u00ed a zajist\u011bte, aby byly v\u0161echny potenci\u00e1ln\u00ed probl\u00e9my \u0159e\u0161eny d\u0159\u00edve, ne\u017e se zhor\u0161\u00ed.<\/p>\n<h3>Vhodn\u00e9 maz\u00e1n\u00ed<\/h3>\n<p>Lubrication should be conducted as per the manufacturer&#8217;s guidelines. Proper lubrication minimizes friction, extending the life of the cylinder and ensuring optimal performance. Always use the recommended type of hydraulic oil and ensure that the seals remain intact to prevent contamination.<\/p>\n<h3>V\u00fdm\u011bna t\u011bsn\u011bn\u00ed a kontroly kalibrace<\/h3>\n<p>Pravideln\u011b kontrolujte opot\u0159eben\u00ed t\u011bsn\u011bn\u00ed a v p\u0159\u00edpad\u011b pot\u0159eby je vym\u011b\u0148te. Dostate\u010dn\u00e9 t\u011bsn\u011bn\u00ed udr\u017euje hydraulick\u00fd tlak a zabra\u0148uje \u00fanik\u016fm. Krom\u011b toho jsou nezbytn\u00e9 kontroly kalibrace, aby se zajistilo, \u017ee v\u00e1lec pracuje v r\u00e1mci specifikovan\u00fdch parametr\u016f. Spr\u00e1vn\u00e1 kalibrace zvy\u0161uje \u00fa\u010dinnost a bezpe\u010dnost hydraulick\u00fdch syst\u00e9m\u016f.<\/p>\n<p><img decoding=\"async\" src=\"https:\/\/www.hydraulic-cylinders.net\/wp-content\/uploads\/2025\/04\/songte-chushion-collar.webp\" alt=\"Pol\u0161t\u00e1\u0159ov\u00fd l\u00edmec\"><\/p>\n<h2>Bezpe\u010dnostn\u00ed aspekty a faktory prost\u0159ed\u00ed<\/h2>\n<p>P\u0159i pr\u00e1ci s hydraulick\u00fdmi v\u00e1lci jsou bezpe\u010dnostn\u00ed opat\u0159en\u00ed prvo\u0159ad\u00e1. Obsluha by m\u011bla b\u00fdt pro\u0161kolena v bezpe\u010dn\u00e9m provozu a \u00fadr\u017eb\u011b hydraulick\u00fdch syst\u00e9m\u016f, aby se zm\u00edrnila rizika. No\u0161en\u00ed vhodn\u00fdch osobn\u00edch ochrann\u00fdch prost\u0159edk\u016f (OOP) je tak\u00e9 nezbytn\u00e9 pro prevenci nehod. D\u00e1le je t\u0159eba zv\u00e1\u017eit dopad hydraulick\u00fdch kapalin na \u017eivotn\u00ed prost\u0159ed\u00ed, zajistit jejich spr\u00e1vnou likvidaci a minimalizovat \u00faniky, aby se chr\u00e1nil ekosyst\u00e9m.<\/p>\n<h2>Diagnostika z\u00e1vad a b\u011b\u017en\u00e9 probl\u00e9my<\/h2>\n<ul>\n<li><strong>\u00danik:<\/strong> K net\u011bsnostem m\u016f\u017ee doch\u00e1zet v d\u016fsledku opot\u0159ebovan\u00fdch t\u011bsn\u011bn\u00ed nebo po\u0161kozen\u00fdch hadic. Pravideln\u00e1 kontrola a okam\u017eit\u00e1 oprava net\u011bsnost\u00ed jsou z\u00e1sadn\u00ed pro udr\u017een\u00ed hydraulick\u00e9ho tlaku a funk\u010dnosti.<\/li>\n<li><strong>Pomal\u00fd pohyb:<\/strong> Pokud se v\u00e1lec v\u00fdlo\u017en\u00edku pohybuje pomalu, m\u016f\u017ee to znamenat n\u00edzkou hladinu hydraulick\u00e9 kapaliny, zne\u010di\u0161t\u011bn\u00ed nebo opot\u0159ebovan\u00e1 t\u011bsn\u011bn\u00ed. V\u010dasn\u00e9 \u0159e\u0161en\u00ed t\u011bchto probl\u00e9m\u016f zajist\u00ed hladk\u00fd provoz.<\/li>\n<li><strong>Neobvykl\u00e9 zvuky:<\/strong> Neobvykl\u00e9 zvuky b\u011bhem provozu mohou signalizovat mechanickou z\u00e1vadu nebo nedostate\u010dn\u00e9 maz\u00e1n\u00ed. Pro\u0161et\u0159en\u00ed a odstran\u011bn\u00ed t\u011bchto probl\u00e9m\u016f je nezbytn\u00e9 k zabr\u00e1n\u011bn\u00ed dal\u0161\u00edmu po\u0161kozen\u00ed.<\/li>\n<\/ul>\n<p>Chcete-li tyto probl\u00e9my vy\u0159e\u0161it, za\u010dn\u011bte d\u016fkladnou kontrolou v\u0161ech sou\u010d\u00e1st\u00ed. Vym\u011b\u0148te po\u0161kozen\u00e9 d\u00edly, v p\u0159\u00edpad\u011b pot\u0159eby dopl\u0148te hydraulickou kapalinu a zajist\u011bte spr\u00e1vn\u00e9 maz\u00e1n\u00ed, aby syst\u00e9m z\u016fstal v dobr\u00e9m provozn\u00edm stavu.<\/p>\n<h2>Z\u00e1v\u011br<\/h2>\n<p>Jsme p\u0159edn\u00edm v\u00fdrobcem alternativn\u00edch hydraulick\u00fdch v\u00e1lc\u016f a nab\u00edz\u00edme komplexn\u00ed sortiment produkt\u016f. N\u00e1\u0161 z\u00e1vazek k dokonalosti a p\u0159esn\u00e9 v\u00fdrob\u011b zaji\u0161\u0165uje, \u017ee spl\u0148ujeme rozmanit\u00e9 pot\u0159eby z\u00e1kazn\u00edk\u016f na dom\u00e1c\u00edm i mezin\u00e1rodn\u00edm trhu. S d\u016frazem na vysoce kvalitn\u00ed v\u00fdrobu zvy\u0161uje na\u0161e modern\u00ed v\u00fdrobn\u00ed za\u0159\u00edzen\u00ed a profesion\u00e1ln\u00ed testovac\u00ed syst\u00e9my kvalitu a spolehlivost produkt\u016f.<\/p>\n<p>Na\u0161e odborn\u00e9 znalosti sahaj\u00ed a\u017e po nab\u00eddku \u0159e\u0161en\u00ed na m\u00edru a na\u0161e mezin\u00e1rodn\u00ed certifikace zaru\u010duj\u00ed nejvy\u0161\u0161\u00ed standardy. Jsme hrd\u00ed na n\u00e1\u0161 poprodejn\u00ed servis a zaji\u0161\u0165ujeme spokojenost z\u00e1kazn\u00edk\u016f prost\u0159ednictv\u00edm nep\u0159etr\u017eit\u00e9 podpory.<\/p>\n<p><img decoding=\"async\" src=\"https:\/\/www.hydraulic-cylinders.net\/wp-content\/uploads\/2025\/04\/songte-company-4.webp\" alt=\"Image spole\u010dnosti\"><br \/>\n<img decoding=\"async\" src=\"https:\/\/www.hydraulic-cylinders.net\/wp-content\/uploads\/2025\/04\/songte-company-3.webp\" alt=\"Image spole\u010dnosti\"><\/p>\n<p>Autor: lyl<\/p>","protected":false},"excerpt":{"rendered":"<p>Boom Cylinder For Sinomach ZG3150-9C Introduction to Boom Cylinder The Boom Cylinder for Sinomach ZG3150-9C is a specialized hydraulic cylinder designed to control the movement of buckets in heavy machinery. These hydraulic cylinders play a crucial role in hydraulic systems, allowing for the lifting, lowering, and tilting of equipment such as excavators, backhoe loaders, and [&hellip;]<\/p>","protected":false},"featured_media":17871,"comment_status":"open","ping_status":"closed","template":"","meta":{"_et_pb_use_builder":"","_et_pb_old_content":"","_et_gb_content_width":""},"product_brand":[],"product_cat":[1546],"product_tag":[1547,1496],"class_list":{"0":"post-19698","1":"product","2":"type-product","3":"status-publish","4":"has-post-thumbnail","6":"product_cat-boom-cylinders","7":"product_tag-boom-cylinders","8":"product_tag-hydraulic-cylinders","10":"first","11":"instock","12":"shipping-taxable","13":"product-type-simple"},"amp_enabled":true,"_links":{"self":[{"href":"https:\/\/www.hydraulic-cylinders.net\/cs\/wp-json\/wp\/v2\/product\/19698","targetHints":{"allow":["GET"]}}],"collection":[{"href":"https:\/\/www.hydraulic-cylinders.net\/cs\/wp-json\/wp\/v2\/product"}],"about":[{"href":"https:\/\/www.hydraulic-cylinders.net\/cs\/wp-json\/wp\/v2\/types\/product"}],"replies":[{"embeddable":true,"href":"https:\/\/www.hydraulic-cylinders.net\/cs\/wp-json\/wp\/v2\/comments?post=19698"}],"wp:featuredmedia":[{"embeddable":true,"href":"https:\/\/www.hydraulic-cylinders.net\/cs\/wp-json\/wp\/v2\/media\/17871"}],"wp:attachment":[{"href":"https:\/\/www.hydraulic-cylinders.net\/cs\/wp-json\/wp\/v2\/media?parent=19698"}],"wp:term":[{"taxonomy":"product_brand","embeddable":true,"href":"https:\/\/www.hydraulic-cylinders.net\/cs\/wp-json\/wp\/v2\/product_brand?post=19698"},{"taxonomy":"product_cat","embeddable":true,"href":"https:\/\/www.hydraulic-cylinders.net\/cs\/wp-json\/wp\/v2\/product_cat?post=19698"},{"taxonomy":"product_tag","embeddable":true,"href":"https:\/\/www.hydraulic-cylinders.net\/cs\/wp-json\/wp\/v2\/product_tag?post=19698"}],"curies":[{"name":"wp","href":"https:\/\/api.w.org\/{rel}","templated":true}]}}