{"id":19699,"date":"2025-04-07T07:02:28","date_gmt":"2025-04-07T07:02:28","guid":{"rendered":"https:\/\/www.hydraulic-cylinders.net\/product\/boom-cylinder-for-sinomach-zg3065-9b\/"},"modified":"2025-04-07T07:02:31","modified_gmt":"2025-04-07T07:02:31","slug":"boom-cylinder-for-sinomach-zg3065-9b","status":"publish","type":"product","link":"https:\/\/www.hydraulic-cylinders.net\/cs\/produkt\/boom-cylinder-for-sinomach-zg3065-9b\/","title":{"rendered":"V\u00e1lec v\u00fdlo\u017en\u00edku pro Sinomach ZG3065-9B"},"content":{"rendered":"<h1>V\u00e1lec v\u00fdlo\u017en\u00edku pro Sinomach ZG3065-9B<\/h1>\n<h2>Definice a p\u0159ehled kore\u010dkov\u00e9ho v\u00e1lce<\/h2>\n<p>V\u00e1lec v\u00fdlo\u017en\u00edku, b\u011b\u017en\u011b ozna\u010dovan\u00fd jako v\u00e1lec kore\u010dkov\u00e9 l\u017e\u00edce, je kl\u00ed\u010dovou sou\u010d\u00e1st\u00ed hydraulick\u00fdch syst\u00e9m\u016f, speci\u00e1ln\u011b navr\u017een\u00fdch pro ovl\u00e1d\u00e1n\u00ed pohybu kore\u010dk\u016f v r\u016fzn\u00fdch t\u011b\u017ek\u00fdch stroj\u00edch, jako jsou bagry, rypadla-naklada\u010de a \u010deln\u00ed naklada\u010de. Tento hydraulick\u00fd v\u00e1lec umo\u017e\u0148uje l\u017e\u00edci zvedat, spou\u0161t\u011bt a nakl\u00e1n\u011bt, co\u017e usnad\u0148uje efektivn\u00ed manipulaci s materi\u00e1lem. Funk\u010dnost v\u00e1lce v\u00fdlo\u017en\u00edku je nezbytn\u00e1 pro provoz t\u011b\u017ek\u00fdch stroj\u016f, proto\u017ee vyu\u017e\u00edv\u00e1 hydraulick\u00fd tlak k zaji\u0161t\u011bn\u00ed pot\u0159ebn\u00e9 s\u00edly pro p\u0159esn\u00fd pohyb t\u011b\u017ek\u00fdch b\u0159emen.<\/p>\n<p>In hydraulic systems, the boom cylinder plays a vital role by converting hydraulic energy into mechanical energy, allowing operators to execute complex tasks with ease. This cylinder is engineered to withstand high pressures and heavy loads, ensuring durability and reliability in demanding environments. Its design accounts for wear resistance and corrosion protection, which extends the product&#8217;s lifespan and maintains optimal performance even under harsh conditions.<\/p>\n<p><img decoding=\"async\" src=\"https:\/\/www.hydraulic-cylinders.net\/wp-content\/uploads\/2025\/04\/songte-company-1.webp\" alt=\"V\u00e1lec v\u00fdlo\u017en\u00edku pro Sinomach ZG3065-9B\"><\/p>\n<h2>Vlastnosti v\u00e1lce v\u00fdlo\u017en\u00edku<\/h2>\n<ul>\n<li>\n<h3>Vysok\u00e1 pevnost a trvanlivost<\/h3>\n<p>Tento v\u00e1lec, obvykle vyroben\u00fd z vysokopevnostn\u00ed oceli nebo hlin\u00edku, odol\u00e1 vysok\u00fdm tlak\u016fm a velk\u00e9mu zat\u00ed\u017een\u00ed, tak\u017ee je vhodn\u00fd pro n\u00e1ro\u010dn\u00e9 pracovn\u00ed prost\u0159ed\u00ed. Jeho konstrukce zahrnuje prvky odoln\u00e9 proti opot\u0159eben\u00ed a korozi, co\u017e prodlu\u017euje jeho \u017eivotnost.<\/li>\n<li>\n<h3>Efektivn\u00ed hydraulick\u00fd provoz<\/h3>\n<p>V\u00e1lec v\u00fdlo\u017en\u00edku vyu\u017e\u00edv\u00e1 hydraulick\u00fd tlak oleje pro plynul\u00e9 vysouv\u00e1n\u00ed a zasouv\u00e1n\u00ed, co\u017e umo\u017e\u0148uje rychlou reakci na povely obsluhy a poskytuje v\u00fdkonn\u00e9 funkce pro tla\u010den\u00ed a tah\u00e1n\u00ed, ide\u00e1ln\u00ed pro zvl\u00e1d\u00e1n\u00ed t\u011b\u017ek\u00fdch a slo\u017eit\u00fdch \u00fakol\u016f.<\/li>\n<li>\n<h3>R\u016fznorod\u00e9 typy<\/h3>\n<p>K dispozici v jedno\u010dinn\u00e9m (ob\u011bsm\u011brn\u00e9m) a dvoj\u010dinn\u00e9m (ob\u011bsm\u011brn\u00e9m) proveden\u00ed pro spln\u011bn\u00ed r\u016fzn\u00fdch provozn\u00edch pot\u0159eb. N\u011bkter\u00e9 modely jsou teleskopick\u00e9, co\u017e umo\u017e\u0148uje v\u011bt\u0161\u00ed v\u00fdsuv bez zv\u011bt\u0161en\u00ed vn\u011bj\u0161\u00edch rozm\u011br\u016f, a jsou vhodn\u00e9 pro aplikace s omezen\u00fdm prostorem.<\/li>\n<li>\n<h3>Pokro\u010dil\u00fd design<\/h3>\n<p>V\u00e1lec v\u00fdlo\u017en\u00edku je navr\u017een s p\u0159esnost\u00ed pro zaji\u0161t\u011bn\u00ed optim\u00e1ln\u00edho v\u00fdkonu a spolehlivosti a vyr\u00e1b\u00ed se za p\u0159\u00edsn\u00fdch kontrol kvality, aby spl\u0148oval pr\u016fmyslov\u00e9 standardy.<\/li>\n<li>\n<h3>Komplexn\u00ed mo\u017enosti v\u00fdm\u011bny<\/h3>\n<p>Na\u0161e produkty dok\u00e1\u017e\u00ed dokonale nahradit st\u00e1vaj\u00edc\u00ed hydraulick\u00e9 v\u00e1lce a zajistit tak kompatibilitu a konzistentn\u00ed v\u00fdkon va\u0161ich stroj\u016f.<\/h3>\n<\/li>\n<\/ul>\n<p><img decoding=\"async\" src=\"https:\/\/www.hydraulic-cylinders.net\/wp-content\/uploads\/2025\/04\/songte-cylinder-head-with-all-kinds-excavator-models.webp\" alt=\"Mo\u017enosti v\u00fdm\u011bny v\u00e1lce v\u00fdlo\u017en\u00edku\"><\/p>\n<h2>Aplikace v\u00e1lce v\u00fdlo\u017en\u00edku<\/h2>\n<h3>Stavebn\u00ed stroje<\/h3>\n<p>U bagr\u016f jsou v\u00e1lce v\u00fdlo\u017en\u00edku nezbytn\u00e9 pro kop\u00e1n\u00ed, nakl\u00e1d\u00e1n\u00ed a p\u0159esouv\u00e1n\u00ed zeminy nebo suti. Poskytuj\u00ed pot\u0159ebnou hydraulickou s\u00edlu, kter\u00e1 umo\u017e\u0148uje l\u017e\u00edci efektivn\u011b pronikat do zem\u011b. U rypadlo-naklada\u010d\u016f tyto v\u00e1lce pom\u00e1haj\u00ed nejen p\u0159i v\u00fdkopov\u00fdch, ale i p\u0159i zdvihac\u00edch operac\u00edch, co\u017e z nich \u010din\u00ed v\u0161estrann\u00e9 n\u00e1stroje ve stavebn\u00edch projektech.<\/p>\n<h3>Zem\u011bd\u011blsk\u00e9 stroje<\/h3>\n<p>In front-end loaders, boom cylinders play a crucial role in scooping, lifting, and transporting soil, hay, and other materials. They enhance the loader&#8217;s capability to handle various agricultural tasks efficiently, whether it&#8217;s moving feed, clearing debris, or leveling ground.<\/p>\n<h3>Bagry<\/h3>\n<p>U bagr\u016f umo\u017e\u0148uje v\u00e1lec v\u00fdlo\u017en\u00edku pronik\u00e1n\u00ed l\u017e\u00edce do p\u016fdy, co\u017e umo\u017e\u0148uje efektivn\u00ed kop\u00e1n\u00ed. Tato funkce je kl\u00ed\u010dov\u00e1 ve stavebn\u00edch a krajin\u00e1\u0159sk\u00fdch projektech, kde je pro zaji\u0161t\u011bn\u00ed integrity projektu vy\u017eadov\u00e1n p\u0159esn\u00fd v\u00fdkop.<\/p>\n<h3>Naklada\u010de<\/h3>\n<p>U \u010deln\u00edch naklada\u010d\u016f pom\u00e1haj\u00ed v\u00e1lce v\u00fdlo\u017en\u00edku efektivn\u011b zvedat a vykl\u00e1p\u011bt b\u0159emena. Jsou navr\u017eeny pro manipulaci s r\u016fzn\u00fdmi typy materi\u00e1l\u016f a poskytuj\u00ed pot\u0159ebnou pevnost pro zvl\u00e1d\u00e1n\u00ed t\u011b\u017ek\u00fdch b\u0159emen v aplikac\u00edch od stavebnictv\u00ed a\u017e po nakl\u00e1d\u00e1n\u00ed s odpady.<\/p>\n<h2>Konstruk\u010dn\u00ed aspekty a krit\u00e9ria v\u00fdb\u011bru<\/h2>\n<h3>Nosnost<\/h3>\n<p>Nosnost v\u00e1lce v\u00fdlo\u017en\u00edku je kl\u00ed\u010dov\u00e1 pro zaji\u0161t\u011bn\u00ed toho, aby zvl\u00e1dl hmotnost a tlak vyv\u00edjen\u00fd b\u011bhem provozu. In\u017een\u00fd\u0159i mus\u00ed zv\u00e1\u017eit maxim\u00e1ln\u00ed hmotnost, kterou bude v\u00e1lec pravd\u011bpodobn\u011b zvedat, a navrhnout jej odpov\u00eddaj\u00edc\u00edm zp\u016fsobem, aby se zabr\u00e1nilo selh\u00e1n\u00ed p\u0159i velk\u00e9m zat\u00ed\u017een\u00ed.<\/p>\n<h3>Integrita t\u011bsn\u011bn\u00ed<\/h3>\n<p>Effective sealing is crucial to prevent hydraulic fluid leaks, which can compromise the cylinder&#8217;s performance. The inclusion of high-quality seals, such as piston and rod seals made from durable materials, ensures longevity and reliability in hydraulic operations.<\/p>\n<h3>Trvanlivost a odolnost proti opot\u0159eben\u00ed<\/h3>\n<p>Materi\u00e1ly pou\u017e\u00edvan\u00e9 p\u0159i v\u00fdrob\u011b v\u00e1lc\u016f v\u00fdlo\u017en\u00edku mus\u00ed b\u00fdt odoln\u00e9 v\u016f\u010di opot\u0159eben\u00ed. \u010cast\u00e9 pou\u017e\u00edv\u00e1n\u00ed v n\u00e1ro\u010dn\u00fdch prost\u0159ed\u00edch vy\u017eaduje robustn\u00ed konstrukci, kter\u00e1 odol\u00e1 abrazivn\u00edm podm\u00ednk\u00e1m a dlouhodob\u00e9mu vystaven\u00ed drsn\u00fdm pov\u011btrnostn\u00edm vliv\u016fm.<\/p>\n<h3>Bezpe\u010dnostn\u00ed prvky<\/h3>\n<p>Konstrukce v\u00e1lc\u016f v\u00fdlo\u017en\u00edku s bezpe\u010dnostn\u00edmi prvky, jako jsou p\u0159etlakov\u00e9 ventily, zaji\u0161\u0165uje, \u017ee v\u00e1lec pracuje v bezpe\u010dn\u00fdch mez\u00edch. T\u00edm se minimalizuje riziko nehod a zvy\u0161uje se celkov\u00e1 bezpe\u010dnost strojn\u00edho za\u0159\u00edzen\u00ed, ve kter\u00e9m je instalov\u00e1n.<\/p>\n<h3>P\u0159\u00edstupnost \u00fadr\u017eby<\/h3>\n<p>Ve f\u00e1zi n\u00e1vrhu je nezbytn\u00e9 zohlednit p\u0159\u00edstupnost pro \u00fadr\u017ebu. Sou\u010d\u00e1sti by m\u011bly b\u00fdt uspo\u0159\u00e1d\u00e1ny tak, aby umo\u017e\u0148ovaly snadn\u00fd p\u0159\u00edstup pro kontroly, opravy a v\u00fdm\u011bny, a zajistily tak efektivn\u00ed a \u00fa\u010dinn\u00e9 prov\u00e1d\u011bn\u00ed \u00fadr\u017eb\u00e1\u0159sk\u00fdch \u00fakol\u016f.<\/p>\n<p><img decoding=\"async\" src=\"https:\/\/www.hydraulic-cylinders.net\/wp-content\/uploads\/2025\/04\/songte-oil-pipes-and-spare-parts.webp\" alt=\"\u00davahy o konstrukci v\u00e1lce v\u00fdlo\u017en\u00edku\"><\/p>\n<h2>T\u011bsn\u011bn\u00ed a maz\u00e1n\u00ed<\/h2>\n<p>\u00da\u010dinn\u00e9ho ut\u011bsn\u011bn\u00ed se dosahuje pou\u017eit\u00edm r\u016fzn\u00fdch t\u011bsnic\u00edch komponent\u016f, jako jsou t\u011bsn\u011bn\u00ed p\u00edst\u016f a p\u00edstnic, kter\u00e9 jsou nezbytn\u00e9 pro udr\u017een\u00ed hydraulick\u00e9ho tlaku. V\u00fdb\u011br t\u011bsn\u011bn\u00ed vyroben\u00fdch z odoln\u00fdch materi\u00e1l\u016f, jako je polyuretan a nitrilov\u00e1 pry\u017e, zvy\u0161uje odolnost proti opot\u0159eben\u00ed a \u017eivotnost. T\u011bleso v\u00e1lce a z\u00e1vitov\u00e9 koncov\u00e9 plochy proch\u00e1zej\u00ed p\u0159esn\u00fdm obr\u00e1b\u011bn\u00edm pro zlep\u0161en\u00ed odolnosti proti opot\u0159eben\u00ed.<\/p>\n<p>Pravideln\u00e9 maz\u00e1n\u00ed hydraulick\u00fdm olejem je nezbytn\u00e9 pro hladk\u00fd chod v\u00e1lce v\u00fdlo\u017en\u00edku. Pravideln\u011b je nutn\u00e9 vst\u0159ikovat dostate\u010dn\u00e9 mno\u017estv\u00ed hydraulick\u00e9 kapaliny, aby se zajistilo, \u017ee v\u0161echny pohybliv\u00e9 \u010d\u00e1sti z\u016fstanou maz\u00e1ny, \u010d\u00edm\u017e se sn\u00ed\u017e\u00ed t\u0159en\u00ed a zabr\u00e1n\u00ed se p\u0159ed\u010dasn\u00e9mu opot\u0159eben\u00ed.<\/p>\n<h2>Preventivn\u00ed \u00fadr\u017ebov\u00e1 opat\u0159en\u00ed<\/h2>\n<ul>\n<li>\n<h3>Pravideln\u00e9 kontroly<\/h3>\n<p>Pravideln\u00e9 kontroly v\u00e1lce v\u00fdlo\u017en\u00edku pom\u00e1haj\u00ed identifikovat potenci\u00e1ln\u00ed probl\u00e9my d\u0159\u00edve, ne\u017e se zhor\u0161\u00ed. Pat\u0159\u00ed sem kontrola net\u011bsnost\u00ed, abnorm\u00e1ln\u00edho opot\u0159eben\u00ed a provozn\u00edho v\u00fdkonu.<\/h3>\n<\/li>\n<li>\n<h3>Spr\u00e1vn\u00e9 maz\u00e1n\u00ed<\/h3>\n<p>Zaji\u0161t\u011bn\u00ed dostate\u010dn\u00e9ho maz\u00e1n\u00ed v\u00e1lce spr\u00e1vn\u00fdm typem hydraulick\u00e9ho oleje je nezbytn\u00e9 pro udr\u017een\u00ed plynul\u00e9ho provozu a prodlou\u017een\u00ed \u017eivotnosti sou\u010d\u00e1sti.<\/h3>\n<\/li>\n<li>\n<h3>V\u00fdm\u011bna t\u011bsn\u011bn\u00ed<\/h3>\n<p>Postupem \u010dasu se t\u011bsn\u011bn\u00ed mohou opot\u0159ebovat a vy\u017eadovat v\u00fdm\u011bnu. Pravideln\u00e9 kontroly a v\u010dasn\u00e1 v\u00fdm\u011bna mohou zabr\u00e1nit \u00fanik\u016fm a udr\u017eet \u00fa\u010dinnost.<\/h3>\n<\/li>\n<\/ul>\n<h2>Pokyny k instalaci<\/h2>\n<p>Spr\u00e1vn\u00e1 instalace v\u00e1lce v\u00fdlo\u017en\u00edku je pro jeho v\u00fdkon z\u00e1sadn\u00ed. Za\u010dn\u011bte t\u00edm, \u017ee se ujist\u00edte, \u017ee je pracovn\u00ed prostor \u010dist\u00fd a bez ne\u010distot. V\u00e1lec p\u0159esn\u011b vyrovnejte s mont\u00e1\u017en\u00edmi body na stroji, abyste zabr\u00e1nili jeho nespr\u00e1vn\u00e9mu vyrovn\u00e1n\u00ed, kter\u00e9 by mohlo v\u00e9st k p\u0159ed\u010dasn\u00e9mu opot\u0159eben\u00ed. K pevn\u00e9mu upevn\u011bn\u00ed v\u00e1lce pou\u017eijte vhodn\u00e9 mont\u00e1\u017en\u00ed konzoly.<\/p>\n<p>Follow the manufacturer&#8217;s specifications regarding torque settings and connection types to ensure a secure installation. After installation, verify the alignment and ensure that all hydraulic connections are tight. Start the machine and conduct a test run to confirm that the cylinder operates smoothly without leaks.<\/p>\n<h2>B\u011b\u017en\u00e9 \u00fakoly \u00fadr\u017eby<\/h2>\n<ul>\n<li>\n<h3>Pravideln\u00e9 kontroly<\/h3>\n<p>Pro zaji\u0161t\u011bn\u00ed trval\u00e9ho v\u00fdkonu jsou nezbytn\u00e9 \u010dast\u00e9 kontroly v\u00e1lce v\u00fdlo\u017en\u00edku, zda nevykazuje zn\u00e1mky opot\u0159eben\u00ed, net\u011bsnost\u00ed nebo jin\u00fdch probl\u00e9m\u016f. V\u010dasn\u00e9 odhalen\u00ed probl\u00e9m\u016f m\u016f\u017ee zabr\u00e1nit z\u00e1va\u017en\u00fdm poruch\u00e1m a n\u00e1kladn\u00fdm oprav\u00e1m.<\/h3>\n<\/li>\n<li>\n<h3>Vhodn\u00e9 maz\u00e1n\u00ed<\/h3>\n<p>Pravideln\u00e9 maz\u00e1n\u00ed v\u00e1lce doporu\u010den\u00fdm hydraulick\u00fdm olejem je nezbytn\u00e9. T\u00edm se sni\u017euje t\u0159en\u00ed a opot\u0159eben\u00ed, co\u017e p\u0159isp\u00edv\u00e1 k del\u0161\u00ed \u017eivotnosti hydraulick\u00e9ho syst\u00e9mu.<\/h3>\n<\/li>\n<li>\n<h3>V\u00fdm\u011bna a kalibrace t\u011bsn\u011bn\u00ed<\/h3>\n<p>Pro zachov\u00e1n\u00ed hydraulick\u00e9 integrity kontrolujte a v p\u0159\u00edpad\u011b pot\u0159eby vym\u011b\u0148ujte t\u011bsn\u011bn\u00ed. Pravideln\u00e9 kalibra\u010dn\u00ed kontroly zaji\u0161\u0165uj\u00ed, \u017ee v\u00e1lec pracuje v r\u00e1mci stanoven\u00fdch parametr\u016f, co\u017e zvy\u0161uje jeho v\u00fdkon a bezpe\u010dnost.<\/h3>\n<\/li>\n<\/ul>\n<p><img decoding=\"async\" src=\"https:\/\/www.hydraulic-cylinders.net\/wp-content\/uploads\/2025\/04\/songte-chushion-collar.webp\" alt=\"Pokyny k instalaci v\u00e1lce v\u00fdlo\u017en\u00edku\"><\/p>\n<h2>Bezpe\u010dnostn\u00ed aspekty a faktory prost\u0159ed\u00ed<\/h2>\n<p>P\u0159i pou\u017e\u00edv\u00e1n\u00ed hydraulick\u00fdch v\u00e1lc\u016f jsou bezpe\u010dnostn\u00ed opat\u0159en\u00ed prvo\u0159ad\u00e1. Obsluha mus\u00ed b\u00fdt pro\u0161kolena v \u0159\u00e1dn\u00e9 manipulaci se za\u0159\u00edzen\u00edm a mus\u00ed dodr\u017eovat v\u0161echny bezpe\u010dnostn\u00ed protokoly. No\u0161en\u00ed vhodn\u00fdch osobn\u00edch ochrann\u00fdch prost\u0159edk\u016f (OOP) a dodr\u017eov\u00e1n\u00ed provozn\u00edch pokyn\u016f m\u016f\u017ee v\u00fdrazn\u011b sn\u00ed\u017eit riziko nehod a zran\u011bn\u00ed na pracovi\u0161ti.<\/p>\n<h2>Odstra\u0148ov\u00e1n\u00ed probl\u00e9m\u016f a b\u011b\u017en\u00e9 probl\u00e9my<\/h2>\n<ul>\n<li>\n<h3>Hydraulick\u00e9 net\u011bsnosti<\/h3>\n<p>K \u00fanik\u016fm m\u016f\u017ee doch\u00e1zet v d\u016fsledku opot\u0159ebovan\u00fdch t\u011bsn\u011bn\u00ed nebo po\u0161kozen\u00fdch hadic. V\u010dasn\u00e9 \u0159e\u0161en\u00ed \u00fanik\u016f je z\u00e1sadn\u00ed pro udr\u017een\u00ed v\u00fdkonu a prevenci dal\u0161\u00edho po\u0161kozen\u00ed.<\/h3>\n<\/li>\n<li>\n<h3>\u0160patn\u00fd v\u00fdkon<\/h3>\n<p>Pokud v\u00e1lec nereaguje o\u010dek\u00e1van\u00fdm zp\u016fsobem, m\u016f\u017ee to znamenat vzduch v hydraulick\u00e9m syst\u00e9mu nebo n\u00edzkou hladinu hydraulick\u00e9 kapaliny. Pravideln\u00e9 kontroly mohou tomuto probl\u00e9mu p\u0159edej\u00edt.<\/h3>\n<\/li>\n<li>\n<h3>Nadm\u011brn\u00e9 opot\u0159eben\u00ed<\/h3>\n<p>\u010cast\u00e9 kontroly mohou odhalit zn\u00e1mky nadm\u011brn\u00e9ho opot\u0159eben\u00ed, co\u017e vede k v\u010dasn\u00e9 \u00fadr\u017eb\u011b, kter\u00e1 zm\u00edrn\u00ed dal\u0161\u00ed po\u0161kozen\u00ed.<\/h3>\n<\/li>\n<\/ul>\n<p>Zav\u00e1d\u011bn\u00ed preventivn\u00edch opat\u0159en\u00ed a prov\u00e1d\u011bn\u00ed pravideln\u00e9 \u00fadr\u017eby m\u016f\u017ee pomoci minimalizovat potenci\u00e1ln\u00ed probl\u00e9my a zajistit efektivn\u00ed provoz v\u00e1lce v\u00fdlo\u017en\u00edku.<\/p>\n<p><img decoding=\"async\" src=\"https:\/\/www.hydraulic-cylinders.net\/wp-content\/uploads\/2025\/04\/songte-bushings-with-all-kinds-of-excavator-models.webp\" alt=\"Odstra\u0148ov\u00e1n\u00ed probl\u00e9m\u016f s v\u00e1lcem v\u00fdlo\u017en\u00edku\"><\/p>\n<h2>O na\u0161\u00ed spole\u010dnosti<\/h2>\n<p>Jsme v\u00fdrobce specializuj\u00edc\u00ed se na n\u00e1hradn\u00ed hydraulick\u00e9 v\u00e1lce a nab\u00edz\u00edme komplexn\u00ed sortiment produkt\u016f. Jako jeden z p\u0159edn\u00edch v\u00fdrobc\u016f a velkoobchodn\u00edk\u016f s hydraulick\u00fdmi v\u00e1lci na dom\u00e1c\u00edm i mezin\u00e1rodn\u00edm trhu se zavazujeme k vynikaj\u00edc\u00ed kvalit\u011b. Na\u0161e strategie \u0159\u00edzen\u00ed pr\u016fmyslov\u00e9 v\u00fdroby klade d\u016fraz na p\u0159esnou v\u00fdrobu, podpo\u0159enou technick\u00fdmi talenty a vyu\u017eit\u00edm pokro\u010dil\u00e9ho digit\u00e1ln\u00edho v\u00fdrobn\u00edho za\u0159\u00edzen\u00ed.<\/p>\n<p>Na\u0161e neust\u00e1l\u00e9 zlep\u0161ov\u00e1n\u00ed v\u00fdrobn\u00edch platforem a postup\u016f pro zaji\u0161t\u011bn\u00ed kvality produkt\u016f odr\u00e1\u017e\u00ed na\u0161e siln\u00e9 kreativn\u00ed schopnosti a zaji\u0161\u0165uje, \u017ee spl\u0148ujeme rozmanit\u00e9 pot\u0159eby z\u00e1kazn\u00edk\u016f s vysokou efektivitou, p\u0159esnost\u00ed a dodr\u017eov\u00e1n\u00edm z\u00e1sad kvality. Na\u0161e nab\u00eddka zahrnuje zak\u00e1zkov\u00e9 slu\u017eby, profesion\u00e1ln\u00ed certifikace a robustn\u00ed poprodejn\u00ed podporu k zaji\u0161t\u011bn\u00ed spokojenosti z\u00e1kazn\u00edk\u016f.<\/p>\n<p><img decoding=\"async\" src=\"https:\/\/www.hydraulic-cylinders.net\/wp-content\/uploads\/2025\/04\/songte-company-4.webp\" alt=\"P\u0159ehled na\u0161\u00ed spole\u010dnosti\"><br \/>\n<img decoding=\"async\" src=\"https:\/\/www.hydraulic-cylinders.net\/wp-content\/uploads\/2025\/04\/songte-company-3.webp\" alt=\"Na\u0161e v\u00fdrobn\u00ed kapacity\"><\/p>\n<p>Autor: lyl<\/p>","protected":false},"excerpt":{"rendered":"<p>Boom Cylinder For Sinomach ZG3065-9B Definition and Overview of Bucket Cylinder The boom cylinder, commonly referred to as a bucket cylinder, is a critical component in hydraulic systems, specifically designed to control the movement of buckets in various heavy machinery such as excavators, backhoe loaders, and front loaders. This hydraulic cylinder enables the bucket to [&hellip;]<\/p>","protected":false},"featured_media":17872,"comment_status":"open","ping_status":"closed","template":"","meta":{"_et_pb_use_builder":"","_et_pb_old_content":"","_et_gb_content_width":""},"product_brand":[],"product_cat":[1546],"product_tag":[1547,1496],"class_list":{"0":"post-19699","1":"product","2":"type-product","3":"status-publish","4":"has-post-thumbnail","6":"product_cat-boom-cylinders","7":"product_tag-boom-cylinders","8":"product_tag-hydraulic-cylinders","10":"first","11":"instock","12":"shipping-taxable","13":"product-type-simple"},"amp_enabled":true,"_links":{"self":[{"href":"https:\/\/www.hydraulic-cylinders.net\/cs\/wp-json\/wp\/v2\/product\/19699","targetHints":{"allow":["GET"]}}],"collection":[{"href":"https:\/\/www.hydraulic-cylinders.net\/cs\/wp-json\/wp\/v2\/product"}],"about":[{"href":"https:\/\/www.hydraulic-cylinders.net\/cs\/wp-json\/wp\/v2\/types\/product"}],"replies":[{"embeddable":true,"href":"https:\/\/www.hydraulic-cylinders.net\/cs\/wp-json\/wp\/v2\/comments?post=19699"}],"wp:featuredmedia":[{"embeddable":true,"href":"https:\/\/www.hydraulic-cylinders.net\/cs\/wp-json\/wp\/v2\/media\/17872"}],"wp:attachment":[{"href":"https:\/\/www.hydraulic-cylinders.net\/cs\/wp-json\/wp\/v2\/media?parent=19699"}],"wp:term":[{"taxonomy":"product_brand","embeddable":true,"href":"https:\/\/www.hydraulic-cylinders.net\/cs\/wp-json\/wp\/v2\/product_brand?post=19699"},{"taxonomy":"product_cat","embeddable":true,"href":"https:\/\/www.hydraulic-cylinders.net\/cs\/wp-json\/wp\/v2\/product_cat?post=19699"},{"taxonomy":"product_tag","embeddable":true,"href":"https:\/\/www.hydraulic-cylinders.net\/cs\/wp-json\/wp\/v2\/product_tag?post=19699"}],"curies":[{"name":"wp","href":"https:\/\/api.w.org\/{rel}","templated":true}]}}