{"id":19702,"date":"2025-04-07T07:02:36","date_gmt":"2025-04-07T07:02:36","guid":{"rendered":"https:\/\/www.hydraulic-cylinders.net\/product\/boom-cylinder-for-sinomach-zg3225c-9c\/"},"modified":"2025-04-07T07:02:39","modified_gmt":"2025-04-07T07:02:39","slug":"boom-cylinder-for-sinomach-zg3225c-9c","status":"publish","type":"product","link":"https:\/\/www.hydraulic-cylinders.net\/cs\/produkt\/boom-cylinder-for-sinomach-zg3225c-9c\/","title":{"rendered":"V\u00e1lec v\u00fdlo\u017en\u00edku pro Sinomach ZG3225C-9C"},"content":{"rendered":"<h1>V\u00e1lec v\u00fdlo\u017en\u00edku pro Sinomach ZG3225C-9C<\/h1>\n<h2>P\u0159ehled v\u00e1lce v\u00fdlo\u017en\u00edku<\/h2>\n<p>Hydraulick\u00fd v\u00e1lec v\u00fdlo\u017en\u00edku je kl\u00ed\u010dovou sou\u010d\u00e1st\u00ed hydraulick\u00fdch syst\u00e9m\u016f, speci\u00e1ln\u011b navr\u017een\u00fdm pro ovl\u00e1d\u00e1n\u00ed pohybu l\u017e\u00edc v t\u011b\u017ek\u00fdch stroj\u00edch, jako jsou bagry, rypadla-naklada\u010de a \u010deln\u00ed naklada\u010de. Tento hydraulick\u00fd v\u00e1lec umo\u017e\u0148uje l\u017e\u00edci zvedat, spou\u0161t\u011bt a nakl\u00e1n\u011bt, co\u017e usnad\u0148uje efektivn\u00ed manipulaci s materi\u00e1lem. V\u00e1lec l\u017e\u00edce pracuje s vyu\u017eit\u00edm hydraulick\u00e9 kapaliny k vytvo\u0159en\u00ed s\u00edly, kter\u00e1 pohybuje p\u00edstem uvnit\u0159 v\u00e1lce, co\u017e umo\u017e\u0148uje p\u0159esn\u00e9 ovl\u00e1d\u00e1n\u00ed a provoz p\u0159ipojen\u00e9ho za\u0159\u00edzen\u00ed.<\/p>\n<p><img decoding=\"async\" src=\"https:\/\/www.hydraulic-cylinders.net\/wp-content\/uploads\/2025\/04\/songte-company-1.webp\" alt=\"Obr\u00e1zek v\u00e1lce v\u00fdlo\u017en\u00edku\" \/><\/p>\n<h3>Definice a funkce<\/h3>\n<p>Hydraulick\u00fd v\u00e1lec l\u017e\u00edce je typ hydraulick\u00e9ho v\u00e1lce ur\u010den\u00e9ho k \u0159\u00edzen\u00ed pohyb\u016f l\u017eic v r\u016fzn\u00fdch stavebn\u00edch a zem\u011bd\u011blsk\u00fdch stroj\u00edch. Hraje z\u00e1sadn\u00ed roli v tom, \u017ee umo\u017e\u0148uje obsluze za\u0159\u00edzen\u00ed efektivn\u011b manipulovat s polohou l\u017e\u00edce, co\u017e je nezbytn\u00e9 pro \u00fakoly, jako je kop\u00e1n\u00ed, nakl\u00e1d\u00e1n\u00ed a p\u0159eprava materi\u00e1l\u016f. Umo\u017en\u011bn\u00edm plynul\u00fdch a kontrolovan\u00fdch pohyb\u016f zvy\u0161uje v\u00e1lec v\u00fdlo\u017en\u00edku celkovou produktivitu a efektivitu t\u011b\u017ek\u00fdch operac\u00ed.<\/p>\n<h2>Kl\u00ed\u010dov\u00e9 vlastnosti v\u00e1lce v\u00fdlo\u017en\u00edku<\/h2>\n<ul>\n<li><strong>Vysok\u00e1 pevnost a trvanlivost:<\/strong> Tyto v\u00e1lce, vyroben\u00e9 z vysokopevnostn\u00ed oceli nebo hlin\u00edku, odol\u00e1vaj\u00ed vysok\u00fdm tlak\u016fm a t\u011b\u017ek\u00fdm z\u00e1t\u011b\u017e\u00edm, tak\u017ee jsou vhodn\u00e9 pro n\u00e1ro\u010dn\u00e1 pracovn\u00ed prost\u0159ed\u00ed.<\/li>\n<li><strong>Efektivn\u00ed hydraulick\u00fd provoz:<\/strong> V\u00e1lec vyu\u017e\u00edv\u00e1 tlak hydraulick\u00e9 kapaliny pro plynul\u00e9 vysouv\u00e1n\u00ed a zasouv\u00e1n\u00ed, co\u017e umo\u017e\u0148uje rychlou reakci na povely obsluhy.<\/li>\n<li><strong>R\u016fzn\u00e9 typy:<\/strong> V\u00e1lec v\u00fdlo\u017en\u00edku, kter\u00fd je k dispozici v jedno\u010dinn\u00e9 a dvoj\u010dinn\u00e9 variant\u011b, lze p\u0159izp\u016fsobit specifick\u00fdm provozn\u00edm po\u017eadavk\u016fm.<\/li>\n<li><strong>Prostorov\u011b efektivn\u00ed design:<\/strong> N\u011bkter\u00e9 modely maj\u00ed teleskopick\u00fd design, kter\u00fd umo\u017e\u0148uje v\u011bt\u0161\u00ed v\u00fdsuv bez zv\u011bt\u0161en\u00ed vn\u011bj\u0161\u00edch rozm\u011br\u016f, co\u017e je ide\u00e1ln\u00ed pro omezen\u00e9 prostory.<\/li>\n<li><strong>Odolnost proti korozi:<\/strong> Navr\u017eeno s d\u016frazem na odolnost proti opot\u0159eben\u00ed a ochranu proti korozi, co\u017e zaji\u0161\u0165uje dlouhou \u017eivotnost a spolehlivost.<\/li>\n<\/ul>\n<p>Tento produkt dok\u00e1\u017eeme vyrobit tak, aby dokonale nahradil st\u00e1vaj\u00edc\u00ed hydraulick\u00e9 v\u00e1lce a z\u00e1rove\u0148 zachoval vysok\u00e9 standardy kvality.<\/p>\n<p><img decoding=\"async\" src=\"https:\/\/www.hydraulic-cylinders.net\/wp-content\/uploads\/2025\/04\/songte-cylinder-head-with-all-kinds-excavator-models.webp\" alt=\"Modely bagr\u016f\" \/><\/p>\n<h2>Aplikace v\u00e1lce v\u00fdlo\u017en\u00edku<\/h2>\n<h3>Stavebn\u00ed stroje<\/h3>\n<p>U bagr\u016f jsou v\u00e1lce v\u00fdlo\u017en\u00edku nezbytn\u00e9 pro kop\u00e1n\u00ed, nakl\u00e1d\u00e1n\u00ed a p\u0159emis\u0165ov\u00e1n\u00ed zeminy nebo suti. Poskytuj\u00ed pot\u0159ebnou s\u00edlu k pronik\u00e1n\u00ed do zem\u011b, co\u017e je \u010din\u00ed kl\u00ed\u010dov\u00fdmi pro stavebn\u00ed projekty.<\/p>\n<h3>Zem\u011bd\u011blsk\u00e9 stroje<\/h3>\n<p>U \u010deln\u00edch naklada\u010d\u016f usnad\u0148uj\u00ed v\u00e1lce v\u00fdlo\u017en\u00edku zved\u00e1n\u00ed a p\u0159epravu zeminy, sena a dal\u0161\u00edch materi\u00e1l\u016f. Jejich schopnost zvl\u00e1dat r\u016fzn\u00e1 zat\u00ed\u017een\u00ed je \u010din\u00ed neoceniteln\u00fdmi v zem\u011bd\u011blsk\u00fdch operac\u00edch.<\/p>\n<h3>Bagry<\/h3>\n<p>Tyto v\u00e1lce umo\u017e\u0148uj\u00ed l\u017e\u00edci rypadla efektivn\u011b pronikat do p\u016fdy, co\u017e umo\u017e\u0148uje efektivn\u00ed kop\u00e1n\u00ed. Jejich konstrukce spl\u0148uje n\u00e1ro\u010dn\u00e9 po\u017eadavky v\u00fdkopov\u00fdch \u00fakol\u016f.<\/p>\n<h3>Naklada\u010de<\/h3>\n<p>U \u010deln\u00edch naklada\u010d\u016f pom\u00e1haj\u00ed v\u00e1lce v\u00fdlo\u017en\u00edku efektivn\u011b zvedat a vykl\u00e1p\u011bt b\u0159emena, \u010d\u00edm\u017e zvy\u0161uj\u00ed produktivitu a v\u0161estrannost stroje p\u0159i manipulaci s materi\u00e1lem.<\/p>\n<h2>Konstruk\u010dn\u00ed aspekty a krit\u00e9ria v\u00fdb\u011bru<\/h2>\n<h3>Nosnost<\/h3>\n<p>V\u00fdb\u011br v\u00e1lce v\u00fdlo\u017en\u00edku zahrnuje posouzen\u00ed jeho nosnosti, aby se zajistilo, \u017ee spl\u0148uje provozn\u00ed po\u017eadavky. V\u00e1lec mus\u00ed odolat kombinovan\u00e9 hmotnosti l\u017e\u00edce a p\u0159epravovan\u00fdch materi\u00e1l\u016f a z\u00e1rove\u0148 si zachovat struktur\u00e1ln\u00ed integritu.<\/p>\n<h3>T\u011bsn\u011bn\u00ed a trvanlivost<\/h3>\n<p>\u00da\u010dinn\u00e9 t\u011bsn\u011bn\u00ed je z\u00e1sadn\u00ed pro prevenci \u00fanik\u016f hydraulick\u00e9 kapaliny, kter\u00e9 mohou negativn\u011b ovlivnit v\u00fdkon. Pro zaji\u0161t\u011bn\u00ed dlouh\u00e9 \u017eivotnosti a spolehlivosti, zejm\u00e9na ve vysokotlak\u00fdch aplikac\u00edch, je nutn\u00e9 pou\u017e\u00edt vysoce kvalitn\u00ed t\u011bsn\u011bn\u00ed.<\/p>\n<h3>Bezpe\u010dnostn\u00ed prvky<\/h3>\n<p>Bezpe\u010dnost je p\u0159i provozu hydraulick\u00fdch v\u00e1lc\u016f prvo\u0159ad\u00e1. Funkce, jako jsou p\u0159etlakov\u00e9 ventily a bezpe\u010dnostn\u00ed z\u00e1mky, pom\u00e1haj\u00ed p\u0159edch\u00e1zet nehod\u00e1m a zaji\u0161\u0165uj\u00ed bezpe\u010dn\u00fd provoz za r\u016fzn\u00fdch podm\u00ednek.<\/p>\n<h3>\u00dadr\u017eba a p\u0159\u00edstupnost<\/h3>\n<p>Navr\u017een\u00ed v\u00e1lce v\u00fdlo\u017en\u00edku s ohledem na snadnou \u00fadr\u017ebu zaji\u0161\u0165uje, \u017ee obsluha m\u016f\u017ee prov\u00e1d\u011bt pravideln\u00e9 kontroly a servis, \u010d\u00edm\u017e se prodlu\u017euje celkov\u00e1 \u017eivotnost v\u00e1lce a zvy\u0161uje jeho spolehlivost.<\/p>\n<p><img decoding=\"async\" src=\"https:\/\/www.hydraulic-cylinders.net\/wp-content\/uploads\/2025\/04\/songte-oil-pipes-and-spare-parts.webp\" alt=\"Hydraulick\u00e9 d\u00edly\" \/><\/p>\n<h2>T\u011bsn\u011bn\u00ed a maz\u00e1n\u00ed<\/h2>\n<p>R\u016fzn\u00e1 t\u011bsn\u011bn\u00ed, jako jsou t\u011bsn\u011bn\u00ed p\u00edst\u016f a t\u011bsn\u011bn\u00ed p\u00edstnic, jsou kl\u00ed\u010dov\u00e1 pro udr\u017een\u00ed hydraulick\u00e9 integrity. Pou\u017eit\u00ed materi\u00e1l\u016f odoln\u00fdch proti opot\u0159eben\u00ed, jako je polyuretan a nitrilov\u00e1 pry\u017e, zvy\u0161uje odolnost v\u00e1lce. T\u011bleso v\u00e1lce a z\u00e1vitov\u00e9 konce nav\u00edc vy\u017eaduj\u00ed jemnou povrchovou \u00fapravu pro zlep\u0161en\u00ed odolnosti proti opot\u0159eben\u00ed. Pravideln\u00e9 maz\u00e1n\u00ed hydraulick\u00fdm olejem je nezbytn\u00e9 pro optim\u00e1ln\u00ed v\u00fdkon a dlouhou \u017eivotnost.<\/p>\n<h2>Pravideln\u00e1 kontrola a preventivn\u00ed \u00fadr\u017eba<\/h2>\n<ul>\n<li><strong>Vizu\u00e1ln\u00ed kontroly:<\/strong> Prov\u00e1d\u011bjte pravideln\u00e9 vizu\u00e1ln\u00ed kontroly t\u011bsn\u011bn\u00ed, zda nevykazuj\u00ed net\u011bsnosti, praskliny a opot\u0159eben\u00ed, abyste v\u010das odhalili potenci\u00e1ln\u00ed probl\u00e9my.<\/li>\n<li><strong>Kontroly maz\u00e1n\u00ed:<\/strong> Zajist\u011bte spr\u00e1vn\u00e9 maz\u00e1n\u00ed pohybliv\u00fdch \u010d\u00e1st\u00ed, abyste zabr\u00e1nili nadm\u011brn\u00e9mu opot\u0159eben\u00ed.<\/li>\n<li><strong>V\u00fdm\u011bna t\u011bsn\u011bn\u00ed:<\/strong> Pravideln\u011b vym\u011b\u0148ujte t\u011bsn\u011bn\u00ed podle pot\u0159eby, abyste udr\u017eeli hydraulick\u00fd tlak a zabr\u00e1nili \u00fanik\u016fm.<\/li>\n<\/ul>\n<h2>Pokyny k instalaci<\/h2>\n<p>Spr\u00e1vn\u00e1 instalace v\u00e1lce v\u00fdlo\u017en\u00edku je z\u00e1sadn\u00ed pro optim\u00e1ln\u00ed v\u00fdkon. Zajist\u011bte, aby byl v\u00e1lec spr\u00e1vn\u011b zarovn\u00e1n s mont\u00e1\u017en\u00edmi konzolami, aby nedo\u0161lo k nadm\u011brn\u00e9mu nam\u00e1h\u00e1n\u00ed hydraulick\u00e9ho syst\u00e9mu. K zaji\u0161t\u011bn\u00ed v\u00e1lce na m\u00edst\u011b pou\u017eijte vhodn\u00e9 mont\u00e1\u017en\u00ed podp\u011bry. Pro zaji\u0161t\u011bn\u00ed bezpe\u010dn\u00e9 a efektivn\u00ed instalace dodr\u017eujte pokyny v\u00fdrobce t\u00fdkaj\u00edc\u00ed se specifikac\u00ed utahovac\u00edho momentu a postup\u016f p\u0159ipojen\u00ed.<\/p>\n<h2>B\u011b\u017en\u00e9 \u00fakoly \u00fadr\u017eby<\/h2>\n<ul>\n<li><strong>Pravideln\u00e9 kontroly:<\/strong> Prov\u00e1d\u011bn\u00ed pravideln\u00fdch kontrol pom\u00e1h\u00e1 identifikovat potenci\u00e1ln\u00ed probl\u00e9my d\u0159\u00edve, ne\u017e se zhor\u0161\u00ed, a zaji\u0161\u0165uje tak dlouhou \u017eivotnost v\u00e1lce.<\/li>\n<li><strong>Spr\u00e1vn\u00e9 maz\u00e1n\u00ed:<\/strong> Dostate\u010dn\u00e9 maz\u00e1n\u00ed je z\u00e1sadn\u00ed pro udr\u017eov\u00e1n\u00ed pohybliv\u00fdch \u010d\u00e1st\u00ed a prevenci opot\u0159eben\u00ed, \u010d\u00edm\u017e se zlep\u0161uje v\u00fdkon v\u00e1lce.<\/li>\n<li><strong>V\u00fdm\u011bna t\u011bsn\u011bn\u00ed:<\/strong> V\u010dasn\u00e1 v\u00fdm\u011bna t\u011bsn\u011bn\u00ed je nezbytn\u00e1 pro udr\u017een\u00ed hydraulick\u00e9ho tlaku a prevenci net\u011bsnost\u00ed, co\u017e podporuje efektivn\u00ed provoz.<\/li>\n<\/ul>\n<h2>Bezpe\u010dnostn\u00ed aspekty a faktory prost\u0159ed\u00ed<\/h2>\n<p>Zav\u00e1d\u011bn\u00ed bezpe\u010dnostn\u00edch opat\u0159en\u00ed p\u0159i pou\u017e\u00edv\u00e1n\u00ed hydraulick\u00fdch v\u00e1lc\u016f je z\u00e1sadn\u00ed. Obsluha by m\u011bla b\u00fdt pro\u0161kolena v rozpozn\u00e1v\u00e1n\u00ed nebezpe\u010d\u00ed spojen\u00fdch s hydraulick\u00fdmi syst\u00e9my a pou\u017e\u00edv\u00e1n\u00ed vhodn\u00fdch osobn\u00edch ochrann\u00fdch prost\u0159edk\u016f (OOP). Pro udr\u017een\u00ed bezpe\u010dn\u00e9ho pracovn\u00edho prost\u0159ed\u00ed jsou nav\u00edc nezbytn\u00e9 environment\u00e1ln\u00ed aspekty, jako je spr\u00e1vn\u00e1 likvidace kapalin a minimalizace \u00fanik\u016f.<\/p>\n<h2>Odstra\u0148ov\u00e1n\u00ed probl\u00e9m\u016f a b\u011b\u017en\u00e9 probl\u00e9my<\/h2>\n<ul>\n<li><strong>\u00danik:<\/strong> Zkontrolujte t\u011bsn\u011bn\u00ed a armatury, zda nejsou opot\u0159ebovan\u00e9, a v p\u0159\u00edpad\u011b pot\u0159eby je vym\u011b\u0148te. Ujist\u011bte se, \u017ee jsou spoje uta\u017een\u00e9, aby se zabr\u00e1nilo \u00faniku kapaliny.<\/li>\n<li><strong>Pomal\u00fd provoz:<\/strong> Zkontrolujte hladinu a kvalitu hydraulick\u00e9 kapaliny. Zne\u010di\u0161t\u011bn\u00e1 nebo n\u00edzk\u00e1 hladina kapaliny m\u016f\u017ee zp\u016fsobit pomal\u00fd v\u00fdkon. Pravideln\u00e1 \u00fadr\u017eba hydraulick\u00fdch filtr\u016f je nezbytn\u00e1.<\/li>\n<li><strong>Neobvykl\u00e9 zvuky:<\/strong> Hluky b\u011bhem provozu mohou nazna\u010dovat opot\u0159eben\u00ed nebo po\u0161kozen\u00ed. Pro identifikaci zdroje je nutn\u00e1 kontrola v\u00e1lce a okoln\u00edch sou\u010d\u00e1st\u00ed.<\/li>\n<\/ul>\n<p>V\u010dasn\u00e9 \u0159e\u0161en\u00ed t\u011bchto probl\u00e9m\u016f m\u016f\u017ee zabr\u00e1nit dal\u0161\u00edm \u0161kod\u00e1m a udr\u017eet provozn\u00ed efektivitu.<\/p>\n<p>Pro prodlou\u017een\u00ed \u017eivotnosti v\u00e1lce v\u00fdlo\u017en\u00edku je nezbytn\u00e9 p\u0159ijmout preventivn\u00ed opat\u0159en\u00ed, jako jsou pravideln\u00e9 kontroly \u00fadr\u017eby, v\u010dasn\u00e9 opravy a spr\u00e1va provozn\u00edch kapalin. Proaktivn\u00ed p\u0159\u00edstup minimalizuje potenci\u00e1ln\u00ed probl\u00e9my a zaji\u0161\u0165uje spolehliv\u00fd v\u00fdkon.<\/p>\n<p><img decoding=\"async\" src=\"https:\/\/www.hydraulic-cylinders.net\/wp-content\/uploads\/2025\/04\/songte-bushings-with-all-kinds-of-excavator-models.webp\" alt=\"Pouzdra s modely bagr\u016f\" \/><\/p>\n<h2>P\u0159ehled spole\u010dnosti<\/h2>\n<p>Jsme p\u0159edn\u00edm v\u00fdrobcem n\u00e1hradn\u00edch hydraulick\u00fdch v\u00e1lc\u016f a dod\u00e1v\u00e1me \u0161irokou \u0161k\u00e1lu produkt\u016f na dom\u00e1c\u00ed i mezin\u00e1rodn\u00ed trh. N\u00e1\u0161 z\u00e1vazek k vynikaj\u00edc\u00ed kvalit\u011b je podpo\u0159en propracovanou v\u00fdrobn\u00ed strategi\u00ed, kter\u00e1 vyu\u017e\u00edv\u00e1 pokro\u010dil\u00e9 technologie a kvalifikovan\u00e9 odborn\u00edky. Na\u0161e v\u00fdrobn\u00ed kapacity jsou vylep\u0161eny digit\u00e1ln\u00edm \u0161pi\u010dkov\u00fdm v\u00fdrobn\u00edm za\u0159\u00edzen\u00edm a specializovan\u00fdmi testovac\u00edmi syst\u00e9my, kter\u00e9 zaji\u0161\u0165uj\u00ed, \u017ee ka\u017ed\u00fd produkt spl\u0148uje p\u0159\u00edsn\u00e9 standardy kvality.<\/p>\n<p><img decoding=\"async\" src=\"https:\/\/www.hydraulic-cylinders.net\/wp-content\/uploads\/2025\/04\/songte-company-4.webp\" alt=\"Obr\u00e1zek spole\u010dnosti 1\" \/><br \/>\n<img decoding=\"async\" src=\"https:\/\/www.hydraulic-cylinders.net\/wp-content\/uploads\/2025\/04\/songte-company-3.webp\" alt=\"Obr\u00e1zek spole\u010dnosti 2\" \/><\/p>\n<p>Klademe d\u016fraz na profesionalitu, mezin\u00e1rodn\u00ed certifikace a slu\u017eby na m\u00edru, abychom splnili jedine\u010dn\u00e9 pot\u0159eby klient\u016f. Na\u0161e modern\u00ed v\u00fdrobn\u00ed za\u0159\u00edzen\u00ed n\u00e1m zaji\u0161\u0165uje konkurenceschopnost v odv\u011btv\u00ed v\u00fdroby hydraulick\u00fdch v\u00e1lc\u016f a poskytuje v\u00fdjime\u010dn\u00fd poprodejn\u00ed servis, kter\u00fd podporuje dlouhodob\u00e9 vztahy s klienty.<\/p>\n<p>Autor: lyl<\/p>","protected":false},"excerpt":{"rendered":"<p>Boom Cylinder For Sinomach ZG3225C-9C Overview of Boom Cylinder The Boom Cylinder is a crucial component in hydraulic systems, specifically designed to control the movement of buckets in heavy machinery such as excavators, backhoe loaders, and front loaders. This hydraulic cylinder enables the bucket to lift, lower, and tilt, facilitating efficient material handling tasks. The [&hellip;]<\/p>","protected":false},"featured_media":17875,"comment_status":"open","ping_status":"closed","template":"","meta":{"_et_pb_use_builder":"","_et_pb_old_content":"","_et_gb_content_width":""},"product_brand":[],"product_cat":[1546],"product_tag":[1547,1496],"class_list":{"0":"post-19702","1":"product","2":"type-product","3":"status-publish","4":"has-post-thumbnail","6":"product_cat-boom-cylinders","7":"product_tag-boom-cylinders","8":"product_tag-hydraulic-cylinders","10":"first","11":"instock","12":"shipping-taxable","13":"product-type-simple"},"amp_enabled":true,"_links":{"self":[{"href":"https:\/\/www.hydraulic-cylinders.net\/cs\/wp-json\/wp\/v2\/product\/19702","targetHints":{"allow":["GET"]}}],"collection":[{"href":"https:\/\/www.hydraulic-cylinders.net\/cs\/wp-json\/wp\/v2\/product"}],"about":[{"href":"https:\/\/www.hydraulic-cylinders.net\/cs\/wp-json\/wp\/v2\/types\/product"}],"replies":[{"embeddable":true,"href":"https:\/\/www.hydraulic-cylinders.net\/cs\/wp-json\/wp\/v2\/comments?post=19702"}],"wp:featuredmedia":[{"embeddable":true,"href":"https:\/\/www.hydraulic-cylinders.net\/cs\/wp-json\/wp\/v2\/media\/17875"}],"wp:attachment":[{"href":"https:\/\/www.hydraulic-cylinders.net\/cs\/wp-json\/wp\/v2\/media?parent=19702"}],"wp:term":[{"taxonomy":"product_brand","embeddable":true,"href":"https:\/\/www.hydraulic-cylinders.net\/cs\/wp-json\/wp\/v2\/product_brand?post=19702"},{"taxonomy":"product_cat","embeddable":true,"href":"https:\/\/www.hydraulic-cylinders.net\/cs\/wp-json\/wp\/v2\/product_cat?post=19702"},{"taxonomy":"product_tag","embeddable":true,"href":"https:\/\/www.hydraulic-cylinders.net\/cs\/wp-json\/wp\/v2\/product_tag?post=19702"}],"curies":[{"name":"wp","href":"https:\/\/api.w.org\/{rel}","templated":true}]}}