{"id":19706,"date":"2025-04-07T07:02:57","date_gmt":"2025-04-07T07:02:57","guid":{"rendered":"https:\/\/www.hydraulic-cylinders.net\/product\/boom-cylinder-for-hengte-ht85-8\/"},"modified":"2025-04-07T07:03:01","modified_gmt":"2025-04-07T07:03:01","slug":"boom-cylinder-for-hengte-ht85-8","status":"publish","type":"product","link":"https:\/\/www.hydraulic-cylinders.net\/cs\/produkt\/boom-cylinder-for-hengte-ht85-8\/","title":{"rendered":"V\u00e1lec v\u00fdlo\u017en\u00edku pro Hengte HT85-8"},"content":{"rendered":"<h1>V\u00e1lec v\u00fdlo\u017en\u00edku pro Hengte HT85-8<\/h1>\n<h2>P\u0159ehled produktu<\/h2>\n<p>Hydraulick\u00fd v\u00e1lec pro Hengte HT85-8 je kl\u00ed\u010dovou sou\u010d\u00e1st\u00ed hydraulick\u00fdch syst\u00e9m\u016f, speci\u00e1ln\u011b navr\u017eenou pro zv\u00fd\u0161en\u00ed funk\u010dnosti t\u011b\u017ek\u00fdch stroj\u016f. Tento hydraulick\u00fd v\u00e1lec hraje roli v \u0159\u00edzen\u00ed pohybu l\u017e\u00edc v r\u016fzn\u00fdch typech za\u0159\u00edzen\u00ed, jako jsou rypadla, r\u00fdpadlo-naklada\u010de a \u010deln\u00ed naklada\u010de. Umo\u017e\u0148uje zved\u00e1n\u00ed, spou\u0161t\u011bn\u00ed a nakl\u00e1p\u011bn\u00ed l\u017e\u00edce, co\u017e usnad\u0148uje efektivn\u00ed manipulaci s materi\u00e1lem.<\/p>\n<p><img decoding=\"async\" src=\"https:\/\/www.hydraulic-cylinders.net\/wp-content\/uploads\/2025\/04\/songte-company-1.webp\" alt=\"Obr\u00e1zek hydraulick\u00e9ho v\u00e1lce\" \/><\/p>\n<h3>Definice a p\u0159ehled kore\u010dkov\u00fdch v\u00e1lc\u016f<\/h3>\n<p>Hydraulick\u00e9 v\u00e1lce kore\u010dk\u016f jsou specializovan\u00e9 hydraulick\u00e9 v\u00e1lce, kter\u00e9 hraj\u00ed z\u00e1sadn\u00ed roli v provozu stavebn\u00edch a zem\u011bd\u011blsk\u00fdch stroj\u016f. Jsou navr\u017eeny tak, aby odolaly vysok\u00fdm tlak\u016fm a poskytovaly vynikaj\u00edc\u00ed v\u00fdkon v n\u00e1ro\u010dn\u00fdch podm\u00ednk\u00e1ch. Prim\u00e1rn\u00ed funkc\u00ed t\u011bchto v\u00e1lc\u016f je manipulace s polohou kore\u010dk\u016f pro prov\u00e1d\u011bn\u00ed \u00fakol\u016f, jako je kop\u00e1n\u00ed, zved\u00e1n\u00ed a vysyp\u00e1v\u00e1n\u00ed materi\u00e1l\u016f.<\/p>\n<h2>Vlastnosti v\u00e1lce v\u00fdlo\u017en\u00edku<\/h2>\n<ul>\n<li><strong>Vysok\u00e1 pevnost a trvanlivost:<\/strong> Tyto v\u00e1lce, vyroben\u00e9 z vysokopevnostn\u00ed oceli nebo hlin\u00edku, zvl\u00e1dnou zna\u010dn\u00fd tlak a velk\u00e9 zat\u00ed\u017een\u00ed, co\u017e je \u010din\u00ed vhodn\u00fdmi pro n\u00e1ro\u010dn\u00e9 pracovn\u00ed podm\u00ednky.<\/li>\n<li><strong>Efektivn\u00ed hydraulick\u00fd provoz:<\/strong> Vyu\u017e\u00edvaj\u00ed hydraulick\u00fd tlak oleje pro plynul\u00e9 vysouv\u00e1n\u00ed a zasouv\u00e1n\u00ed, co\u017e zaji\u0161\u0165uje rychlou odezvu na provozn\u00ed povely a poskytuje v\u00fdkonn\u00e9 zvedac\u00ed schopnosti.<\/li>\n<li><strong>R\u016fzn\u00e9 typy:<\/strong> Kore\u010dkov\u00e9 v\u00e1lce, kter\u00e9 jsou k dispozici v jedno\u010dinn\u00e9m a dvoj\u010dinn\u00e9m proveden\u00ed, mohou vyhovovat r\u016fzn\u00fdm provozn\u00edm pot\u0159eb\u00e1m, p\u0159i\u010dem\u017e n\u011bkter\u00e9 modely disponuj\u00ed teleskopickou konstrukc\u00ed pro del\u0161\u00ed dosah bez zv\u011bt\u0161en\u00ed vn\u011bj\u0161\u00edch rozm\u011br\u016f.<\/li>\n<li><strong>Odolnost proti korozi:<\/strong> Navr\u017eeno z materi\u00e1l\u016f, kter\u00e9 odol\u00e1vaj\u00ed opot\u0159eben\u00ed a korozi, co\u017e prodlu\u017euje \u017eivotnost v r\u016fzn\u00fdch prost\u0159ed\u00edch.<\/li>\n<li><strong>Snadn\u00e1 \u00fadr\u017eba:<\/strong> Tyto v\u00e1lce jsou navr\u017eeny pro snadnou \u00fadr\u017ebu, co\u017e zaji\u0161\u0165uje jejich rychl\u00fd servis a minimalizuje tak prostoje.<\/li>\n<\/ul>\n<h3>Excelence ve v\u00fdrob\u011b<\/h3>\n<p>Specializujeme se na v\u00fdrobu vysoce kvalitn\u00edch v\u00e1lc\u016f v\u00fdlo\u017en\u00edku, kter\u00e9 dokonale nahrazuj\u00ed st\u00e1vaj\u00edc\u00ed hydraulick\u00e9 v\u00e1lce na trhu.<\/p>\n<p><img decoding=\"async\" src=\"https:\/\/www.hydraulic-cylinders.net\/wp-content\/uploads\/2025\/04\/songte-cylinder-head-with-all-kinds-excavator-models.webp\" alt=\"Modely bagr\u016f\" \/><\/p>\n<h2>Sc\u00e9n\u00e1\u0159e pou\u017eit\u00ed v\u00e1lc\u016f v\u00fdlo\u017en\u00edku<\/h2>\n<h3>Stavebn\u00ed stroje<\/h3>\n<p>Ve stavebn\u00edch stroj\u00edch jsou v\u00e1lce v\u00fdlo\u017en\u00edku kl\u00ed\u010dov\u00e9 pro rypadla, kde se pou\u017e\u00edvaj\u00ed k kop\u00e1n\u00ed, nakl\u00e1d\u00e1n\u00ed a p\u0159emis\u0165ov\u00e1n\u00ed zeminy nebo suti. U rypadlo-naklada\u010d\u016f pom\u00e1haj\u00ed p\u0159i kop\u00e1n\u00ed i zved\u00e1n\u00ed, co\u017e umo\u017e\u0148uje efektivn\u00ed spr\u00e1vu staveni\u0161t\u011b.<\/p>\n<h3>Zem\u011bd\u011blsk\u00e9 stroje<\/h3>\n<p>U \u010deln\u00edch naklada\u010d\u016f jsou v\u00e1lce v\u00fdlo\u017en\u00edku nezbytn\u00e9 pro nab\u00edr\u00e1n\u00ed, zved\u00e1n\u00ed a p\u0159epravu zeminy, sena a dal\u0161\u00edch materi\u00e1l\u016f, co\u017e zvy\u0161uje produktivitu na farm\u00e1ch i na staveni\u0161t\u00edch.<\/p>\n<h3>Bagry<\/h3>\n<p>U rypadel umo\u017e\u0148uje v\u00e1lec l\u017e\u00edce pronik\u00e1n\u00ed l\u017e\u00edce do p\u016fdy, \u010d\u00edm\u017e se zvy\u0161uje schopnost kop\u00e1n\u00ed a celkov\u00fd v\u00fdkon stroje.<\/p>\n<h3>Naklada\u010de<\/h3>\n<p>U \u010deln\u00edch naklada\u010d\u016f usnad\u0148uj\u00ed v\u00e1lce v\u00fdlo\u017en\u00edku zved\u00e1n\u00ed a vykl\u00e1p\u011bn\u00ed b\u0159emen a zaji\u0161\u0165uj\u00ed tak efektivn\u00ed p\u0159epravu materi\u00e1l\u016f v r\u016fzn\u00fdch aplikac\u00edch.<\/p>\n<h2>Konstruk\u010dn\u00ed aspekty a krit\u00e9ria v\u00fdb\u011bru<\/h2>\n<h3>Nosnost<\/h3>\n<p>Nosnost je kritick\u00fdm aspektem konstrukce v\u00e1lc\u016f v\u00fdlo\u017en\u00edku. Mus\u00ed b\u00fdt dostate\u010dn\u00e1 k tomu, aby zvl\u00e1dla maxim\u00e1ln\u00ed hmotnost, s n\u00ed\u017e bude za\u0159\u00edzen\u00ed b\u011bhem provozu pracovat. V\u00fdrobci obvykle uv\u00e1d\u011bj\u00ed specifikace, kter\u00e9 ud\u00e1vaj\u00ed limity zat\u00ed\u017een\u00ed, co\u017e u\u017eivatel\u016fm umo\u017e\u0148uje vybrat vhodn\u00e9 v\u00e1lce pro jejich stroje. Volba v\u00e1lce s nedostate\u010dnou nosnost\u00ed m\u016f\u017ee v\u00e9st k potenci\u00e1ln\u00edm poruch\u00e1m a p\u0159edstavovat riziko jak pro za\u0159\u00edzen\u00ed, tak pro obsluhu.<\/p>\n<h3>T\u011bsnic\u00ed v\u00fdkon<\/h3>\n<p>\u00da\u010dinn\u00e9 t\u011bsn\u011bn\u00ed je nezbytn\u00e9 pro dlouhou \u017eivotnost a \u00fa\u010dinnost hydraulick\u00fdch v\u00e1lc\u016f. Vysoce kvalitn\u00ed t\u011bsn\u011bn\u00ed zabra\u0148uje \u00faniku kapaliny a kontaminaci a zaji\u0161\u0165uje tak optim\u00e1ln\u00ed v\u00fdkon. Pravideln\u00e9 kontroly t\u011bsnic\u00edch komponent\u016f jsou nezbytn\u00e9 pro udr\u017een\u00ed hydraulick\u00e9 integrity. V\u00fdb\u011br v\u00e1lc\u016f s pokro\u010dil\u00fdmi technologiemi t\u011bsn\u011bn\u00ed m\u016f\u017ee v\u00fdrazn\u011b sn\u00ed\u017eit frekvenci \u00fadr\u017eby a prodlou\u017eit celkovou \u017eivotnost.<\/p>\n<h3>Trvanlivost<\/h3>\n<p>V prost\u0159ed\u00edch, kde jsou hydraulick\u00e9 v\u00e1lce vystaveny extr\u00e9mn\u00edm podm\u00ednk\u00e1m, je trvanlivost prvo\u0159ad\u00e1. Materi\u00e1ly pou\u017eit\u00e9 p\u0159i konstrukci v\u00e1lc\u016f by m\u011bly odol\u00e1vat opot\u0159eben\u00ed, korozi a \u00fanav\u011b materi\u00e1lu. Pokro\u010dil\u00e9 v\u00fdrobn\u00ed techniky, jako je povrchov\u00e9 kalen\u00ed a ochrann\u00e9 povlaky, zvy\u0161uj\u00ed odolnost t\u011bchto sou\u010d\u00e1st\u00ed a umo\u017e\u0148uj\u00ed jim konzistentn\u00ed v\u00fdkon v pr\u016fb\u011bhu \u010dasu.<\/p>\n<h3>Bezpe\u010dnostn\u00ed prvky<\/h3>\n<p>Za\u010dlen\u011bn\u00ed bezpe\u010dnostn\u00edch prvk\u016f do hydraulick\u00fdch v\u00e1lc\u016f je z\u00e1sadn\u00ed pro prevenci nehod a zran\u011bn\u00ed. Pat\u0159\u00ed sem p\u0159etlakov\u00e9 ventily a bezpe\u010dnostn\u00ed z\u00e1mky, kter\u00e9 zaji\u0161\u0165uj\u00ed bezpe\u010dn\u00fd provoz za\u0159\u00edzen\u00ed za r\u016fzn\u00fdch podm\u00ednek. U\u017eivatel\u00e9 by m\u011bli hledat v\u00e1lce, kter\u00e9 spl\u0148uj\u00ed mezin\u00e1rodn\u00ed bezpe\u010dnostn\u00ed normy, aby byla zaji\u0161t\u011bna shoda s p\u0159edpisy a spolehlivost.<\/p>\n<h3>P\u0159\u00edstupnost \u00fadr\u017eby<\/h3>\n<p>Navrhov\u00e1n\u00ed hydraulick\u00fdch v\u00e1lc\u016f pro snadnou \u00fadr\u017ebu je z\u00e1sadn\u00ed pro zkr\u00e1cen\u00ed prostoj\u016f. Funkce, jako jsou snadno p\u0159\u00edstupn\u00e9 mazac\u00ed body, vym\u011bniteln\u00e1 t\u011bsn\u011bn\u00ed a jasn\u00e9 pokyny k \u00fadr\u017eb\u011b, mohou zlep\u0161it u\u017eivatelskou zku\u0161enost a provozn\u00ed efektivitu. V\u00fdrobci by m\u011bli up\u0159ednost\u0148ovat konstrukce, kter\u00e9 umo\u017e\u0148uj\u00ed snadn\u00e9 kontroly a opravy.<\/p>\n<p><img decoding=\"async\" src=\"https:\/\/www.hydraulic-cylinders.net\/wp-content\/uploads\/2025\/04\/songte-oil-pipes-and-spare-parts.webp\" alt=\"Olejov\u00e9 trubky a n\u00e1hradn\u00ed d\u00edly\" \/><\/p>\n<h2>T\u011bsn\u011bn\u00ed a maz\u00e1n\u00ed<\/h2>\n<p>\u00da\u010dinn\u00e9 t\u011bsn\u011bn\u00ed a maz\u00e1n\u00ed jsou z\u00e1sadn\u00ed pro v\u00fdkon v\u00e1lc\u016f v\u00fdlo\u017en\u00edku. Pro zaji\u0161t\u011bn\u00ed bezprobl\u00e9mov\u00e9ho provozu se pou\u017e\u00edvaj\u00ed r\u016fzn\u00e9 t\u011bsnic\u00ed komponenty, v\u010detn\u011b t\u011bsn\u011bn\u00ed p\u00edst\u016f a p\u00edstnic. T\u011bsn\u011bn\u00ed vyroben\u00e1 z vysoce odoln\u00fdch materi\u00e1l\u016f, jako je polyuretan a nitrilov\u00e1 pry\u017e, v\u00fdrazn\u011b zvy\u0161uj\u00ed trvanlivost. Krom\u011b toho by m\u011bly b\u00fdt povrchy v\u00e1lce a z\u00e1vitov\u00fdch konc\u016f prov\u011b\u0159eny p\u0159esn\u00fdm zpracov\u00e1n\u00edm pro zv\u00fd\u0161en\u00ed odolnosti proti opot\u0159eben\u00ed.<\/p>\n<p>Pravideln\u00e9 maz\u00e1n\u00ed hydraulick\u00fdm olejem je nezbytn\u00e9 pro prevenci opot\u0159eben\u00ed a udr\u017een\u00ed optim\u00e1ln\u00edho v\u00fdkonu. Obsluha by m\u011bla zajistit pou\u017e\u00edv\u00e1n\u00ed spr\u00e1vn\u00e9ho typu a mno\u017estv\u00ed hydraulick\u00e9ho oleje, proto\u017ee nedostate\u010dn\u00e9 maz\u00e1n\u00ed m\u016f\u017ee v\u00e9st k p\u0159ed\u010dasn\u00e9mu opot\u0159eben\u00ed a poru\u0161e hydraulick\u00e9ho syst\u00e9mu.<\/p>\n<h2>Preventivn\u00ed \u00fadr\u017ebov\u00e1 opat\u0159en\u00ed<\/h2>\n<ul>\n<li><strong>Pravideln\u00e9 kontroly:<\/strong> Pravideln\u00e9 kontroly v\u00e1lc\u016f v\u00fdlo\u017en\u00edku mohou pomoci identifikovat potenci\u00e1ln\u00ed probl\u00e9my d\u0159\u00edve, ne\u017e se vyhrot\u00ed. Obsluha by m\u011bla b\u011bhem b\u011b\u017en\u00e9 \u00fadr\u017eby kontrolovat, zda nevykazuje zn\u00e1mky net\u011bsnost\u00ed, opot\u0159eben\u00ed nebo po\u0161kozen\u00ed.<\/li>\n<li><strong>Vhodn\u00e9 maz\u00e1n\u00ed:<\/strong> Udr\u017eov\u00e1n\u00ed spr\u00e1vn\u00e9ho maz\u00e1n\u00ed je z\u00e1sadn\u00ed pro dlouhou \u017eivotnost hydraulick\u00fdch v\u00e1lc\u016f. U\u017eivatel\u00e9 by m\u011bli dodr\u017eovat pokyny v\u00fdrobce ohledn\u011b frekvence maz\u00e1n\u00ed a typu oleje, aby zajistili optim\u00e1ln\u00ed v\u00fdkon.<\/li>\n<li><strong>V\u00fdm\u011bna t\u011bsn\u011bn\u00ed:<\/strong> T\u011bsn\u011bn\u00ed jsou opot\u0159ebiteln\u00e9 sou\u010d\u00e1sti, kter\u00e9 vy\u017eaduj\u00ed pravidelnou v\u00fdm\u011bnu. Kontrola t\u011bsn\u011bn\u00ed b\u011bhem \u00fadr\u017eby m\u016f\u017ee zabr\u00e1nit \u00fanik\u016fm a probl\u00e9m\u016fm s v\u00fdkonem.<\/li>\n<\/ul>\n<h2>Pokyny k instalaci<\/h2>\n<p>Spr\u00e1vn\u00e1 instalace v\u00e1lc\u016f v\u00fdlo\u017en\u00edku je z\u00e1sadn\u00ed pro jejich efektivn\u00ed provoz. Nejprve se ujist\u011bte, \u017ee jsou mont\u00e1\u017en\u00ed konzoly spr\u00e1vn\u011b zarovn\u00e1ny, aby se zabr\u00e1nilo nadm\u011brn\u00e9mu nam\u00e1h\u00e1n\u00ed v\u00e1lce b\u011bhem provozu. K zaji\u0161t\u011bn\u00ed v\u00e1lce na m\u00edst\u011b pou\u017eijte vhodn\u00e9 n\u00e1stroje a vyhn\u011bte se nadm\u011brn\u00e9mu uta\u017een\u00ed, kter\u00e9 by mohlo ohrozit integritu t\u011bsn\u011bn\u00ed.<\/p>\n<p>Je tak\u00e9 nezbytn\u00e9 ov\u011b\u0159it, zda jsou hydraulick\u00e9 hadice spr\u00e1vn\u011b p\u0159ipojeny, aby se zabr\u00e1nilo \u00fanik\u016fm. Po instalaci prove\u010fte kontrolu syst\u00e9mu, abyste se ujistili, \u017ee nedoch\u00e1z\u00ed k \u00fanik\u016fm kapaliny a \u017ee v\u00e1lec pracuje hladce v cel\u00e9m rozsahu pohybu. Dodr\u017eov\u00e1n\u00ed t\u011bchto pokyn\u016f pom\u016f\u017ee zajistit spolehlivost a dlouhou \u017eivotnost v\u00e1lce v\u00fdlo\u017en\u00edku.<\/p>\n<h2>\u00dakoly \u00fadr\u017eby<\/h2>\n<ul>\n<li><strong>Pravideln\u00e9 kontroly:<\/strong> \u010cast\u00e9 kontroly opot\u0159eben\u00ed a po\u0161kozen\u00ed mohou pomoci p\u0159edej\u00edt z\u00e1va\u017en\u00fdm poruch\u00e1m. Hledejte zn\u00e1mky \u00faniku hydraulick\u00e9 kapaliny, kter\u00e9 nazna\u010duj\u00ed potenci\u00e1ln\u00ed probl\u00e9my s t\u011bsn\u011bn\u00edmi nebo samotn\u00fdm v\u00e1lcem.<\/li>\n<li><strong>Spr\u00e1vn\u00e9 maz\u00e1n\u00ed:<\/strong> Dostate\u010dn\u00e9 maz\u00e1n\u00ed je nezbytn\u00e9 pro sn\u00ed\u017een\u00ed t\u0159en\u00ed a opot\u0159eben\u00ed. Obsluha by m\u011bla zajistit, aby byl v\u00e1lec maz\u00e1n podle specifikac\u00ed v\u00fdrobce, co\u017e m\u016f\u017ee zahrnovat pou\u017eit\u00ed specifick\u00fdch typ\u016f hydraulick\u00e9ho oleje.<\/li>\n<li><strong>V\u00fdm\u011bna t\u011bsn\u011bn\u00ed:<\/strong> Jak se t\u011bsn\u011bn\u00ed \u010dasem opot\u0159ebov\u00e1vaj\u00ed, m\u011bla by b\u00fdt vym\u011bn\u011bna, aby se zachovala hydraulick\u00e1 integrita. Pravideln\u011b kontrolujte t\u011bsn\u011bn\u00ed, zda nevykazuj\u00ed zn\u00e1mky opot\u0159eben\u00ed, a p\u0159\u00edpadn\u00e9 probl\u00e9my neprodlen\u011b \u0159e\u0161te.<\/li>\n<\/ul>\n<p>B\u011bhem instalace je spr\u00e1vn\u00e9 vyrovn\u00e1n\u00ed v\u00e1lce z\u00e1sadn\u00ed pro zaji\u0161t\u011bn\u00ed provozn\u00ed \u00fa\u010dinnosti. Pro zaji\u0161t\u011bn\u00ed stability pou\u017e\u00edvejte vhodn\u00e9 mont\u00e1\u017en\u00ed konzole a zajist\u011bte bezpe\u010dn\u00e9 p\u0159ipojen\u00ed hydraulick\u00fdch spoj\u016f, aby se zabr\u00e1nilo \u00fanik\u016fm. Dodr\u017eov\u00e1n\u00ed doporu\u010den\u00fdch postup\u016f kontroly, opravy a v\u00fdm\u011bny prodlou\u017e\u00ed \u017eivotnost v\u00e1lce v\u00fdlo\u017en\u00edku.<\/p>\n<p><img decoding=\"async\" src=\"https:\/\/www.hydraulic-cylinders.net\/wp-content\/uploads\/2025\/04\/songte-chushion-collar.webp\" alt=\"Pol\u0161t\u00e1\u0159ov\u00fd l\u00edmec\" \/><\/p>\n<h2>Bezpe\u010dnostn\u00ed aspekty a faktory prost\u0159ed\u00ed<\/h2>\n<p>P\u0159i pou\u017e\u00edv\u00e1n\u00ed hydraulick\u00fdch v\u00e1lc\u016f je nezbytn\u00e9 dodr\u017eovat bezpe\u010dnostn\u00ed opat\u0159en\u00ed, aby se p\u0159ede\u0161lo nehod\u00e1m. U\u017eivatel\u00e9 by m\u011bli b\u00fdt pro\u0161koleni v bezpe\u010dn\u00e9m provozu hydraulick\u00fdch stroj\u016f a rozum\u011bt potenci\u00e1ln\u00edm rizik\u016fm spojen\u00fdm s vysokotlak\u00fdmi syst\u00e9my. Pravideln\u00e9 \u0161kolen\u00ed a dodr\u017eov\u00e1n\u00ed bezpe\u010dnostn\u00edch protokol\u016f m\u016f\u017ee v\u00fdrazn\u011b sn\u00ed\u017eit riziko zran\u011bn\u00ed na pracovi\u0161ti.<\/p>\n<h2>Diagnostika poruch a b\u011b\u017en\u00e9 probl\u00e9my<\/h2>\n<ul>\n<li><strong>Probl\u00e9my s \u00faniky:<\/strong> \u00daniky hydraulick\u00e9 kapaliny mohou b\u00fdt zp\u016fsobeny opot\u0159ebovan\u00fdmi t\u011bsn\u011bn\u00edmi nebo po\u0161kozen\u00fdmi sou\u010d\u00e1stmi. Pravideln\u00e9 kontroly by se m\u011bly zam\u011b\u0159it na v\u010dasnou identifikaci net\u011bsnost\u00ed.<\/li>\n<li><strong>Pomal\u00fd provoz:<\/strong> Pokud v\u00e1lec reaguje pomalu, m\u016f\u017ee to znamenat n\u00edzkou hladinu hydraulick\u00e9 kapaliny nebo ucp\u00e1n\u00ed hydraulick\u00e9ho potrub\u00ed. U\u017eivatel\u00e9 by m\u011bli zkontrolovat hladiny kapalin a odstranit p\u0159\u00edpadn\u00e9 ucp\u00e1n\u00ed.<\/li>\n<li><strong>Nekonzistentn\u00ed v\u00fdkon:<\/strong> Kol\u00eds\u00e1n\u00ed v\u00fdkonu m\u016f\u017ee b\u00fdt zp\u016fsobeno vzduchem zachycen\u00fdm v syst\u00e9mu nebo poruchou hydraulick\u00fdch \u010derpadel. Je nezbytn\u00e9 syst\u00e9m odvzdu\u0161nit a zkontrolovat funk\u010dnost \u010derpadla.<\/li>\n<\/ul>\n<p>Aby mohli provozovatel\u00e9 efektivn\u011b diagnostikovat a \u0159e\u0161it probl\u00e9my, m\u011bli by zachovat proaktivn\u00ed p\u0159\u00edstup. Zav\u00e1d\u011bn\u00ed preventivn\u00edch opat\u0159en\u00ed a pravideln\u00e1 \u00fadr\u017eba mohou minimalizovat potenci\u00e1ln\u00ed probl\u00e9my a zajistit bezprobl\u00e9mov\u00fd provoz.<\/p>\n<p><img decoding=\"async\" src=\"https:\/\/www.hydraulic-cylinders.net\/wp-content\/uploads\/2025\/04\/songte-bushings-with-all-kinds-of-excavator-models.webp\" alt=\"Pouzdra pro modely bagr\u016f\" \/><\/p>\n<h2>P\u0159ehled spole\u010dnosti<\/h2>\n<p>Jsme p\u0159edn\u00edm v\u00fdrobcem a velkoobchodn\u00edkem hydraulick\u00fdch v\u00e1lc\u016f, specializuj\u00edc\u00edm se na n\u00e1hradn\u00ed d\u00edly pro r\u016fzn\u00e9 aplikace. D\u00edky na\u0161emu komplexn\u00edmu sortimentu jsme v\u00fdznamn\u00fdm hr\u00e1\u010dem na dom\u00e1c\u00edm i mezin\u00e1rodn\u00edm trhu. Jsme odhodl\u00e1ni k dokonalosti a pou\u017e\u00edv\u00e1me propracovanou v\u00fdrobn\u00ed strategii, kter\u00e1 zahrnuje modern\u00ed stroje, kvalifikovan\u00fd technick\u00fd person\u00e1l a p\u0159\u00edsn\u00e9 syst\u00e9my kontroly kvality.<\/p>\n<p>Na\u0161e zam\u011b\u0159en\u00ed na vysokou efektivitu, p\u0159esnost a kvalitu n\u00e1m umo\u017e\u0148uje efektivn\u011b uspokojovat rozmanit\u00e9 pot\u0159eby z\u00e1kazn\u00edk\u016f. Nab\u00edz\u00edme slu\u017eby na m\u00edru p\u0159izp\u016fsoben\u00e9 specifick\u00fdm po\u017eadavk\u016fm a zaji\u0161\u0165ujeme, aby na\u0161e produkty spl\u0148ovaly mezin\u00e1rodn\u00ed certifika\u010dn\u00ed standardy, co\u017e zaru\u010duje spolehlivost a v\u00fdkon.<\/p>\n<p><img decoding=\"async\" src=\"https:\/\/www.hydraulic-cylinders.net\/wp-content\/uploads\/2025\/04\/songte-company-4.webp\" alt=\"Image spole\u010dnosti\" \/><br \/>\n<img decoding=\"async\" src=\"https:\/\/www.hydraulic-cylinders.net\/wp-content\/uploads\/2025\/04\/songte-company-3.webp\" alt=\"Image spole\u010dnosti\" \/><\/p>\n<p>Autor: lyl<\/p>","protected":false},"excerpt":{"rendered":"<p>Boom Cylinder For Hengte HT85-8 Product Overview The Boom Cylinder for Hengte HT85-8 is a crucial component in hydraulic systems, specifically designed to enhance the functionality of heavy machinery. This hydraulic cylinder is instrumental in controlling the movement of buckets in various types of equipment such as excavators, backhoe loaders, and front loaders. It allows [&hellip;]<\/p>","protected":false},"featured_media":17879,"comment_status":"open","ping_status":"closed","template":"","meta":{"_et_pb_use_builder":"","_et_pb_old_content":"","_et_gb_content_width":""},"product_brand":[],"product_cat":[1546],"product_tag":[1547,1496],"class_list":{"0":"post-19706","1":"product","2":"type-product","3":"status-publish","4":"has-post-thumbnail","6":"product_cat-boom-cylinders","7":"product_tag-boom-cylinders","8":"product_tag-hydraulic-cylinders","10":"first","11":"instock","12":"shipping-taxable","13":"product-type-simple"},"amp_enabled":true,"_links":{"self":[{"href":"https:\/\/www.hydraulic-cylinders.net\/cs\/wp-json\/wp\/v2\/product\/19706","targetHints":{"allow":["GET"]}}],"collection":[{"href":"https:\/\/www.hydraulic-cylinders.net\/cs\/wp-json\/wp\/v2\/product"}],"about":[{"href":"https:\/\/www.hydraulic-cylinders.net\/cs\/wp-json\/wp\/v2\/types\/product"}],"replies":[{"embeddable":true,"href":"https:\/\/www.hydraulic-cylinders.net\/cs\/wp-json\/wp\/v2\/comments?post=19706"}],"wp:featuredmedia":[{"embeddable":true,"href":"https:\/\/www.hydraulic-cylinders.net\/cs\/wp-json\/wp\/v2\/media\/17879"}],"wp:attachment":[{"href":"https:\/\/www.hydraulic-cylinders.net\/cs\/wp-json\/wp\/v2\/media?parent=19706"}],"wp:term":[{"taxonomy":"product_brand","embeddable":true,"href":"https:\/\/www.hydraulic-cylinders.net\/cs\/wp-json\/wp\/v2\/product_brand?post=19706"},{"taxonomy":"product_cat","embeddable":true,"href":"https:\/\/www.hydraulic-cylinders.net\/cs\/wp-json\/wp\/v2\/product_cat?post=19706"},{"taxonomy":"product_tag","embeddable":true,"href":"https:\/\/www.hydraulic-cylinders.net\/cs\/wp-json\/wp\/v2\/product_tag?post=19706"}],"curies":[{"name":"wp","href":"https:\/\/api.w.org\/{rel}","templated":true}]}}