{"id":19714,"date":"2025-04-07T07:03:24","date_gmt":"2025-04-07T07:03:24","guid":{"rendered":"https:\/\/www.hydraulic-cylinders.net\/product\/boom-cylinder-for-hengte-wheel-excavator-htl135\/"},"modified":"2025-04-07T07:03:27","modified_gmt":"2025-04-07T07:03:27","slug":"boom-cylinder-for-hengte-wheel-excavator-htl135","status":"publish","type":"product","link":"https:\/\/www.hydraulic-cylinders.net\/cs\/produkt\/boom-cylinder-for-hengte-wheel-excavator-htl135\/","title":{"rendered":"V\u00e1lec v\u00fdlo\u017en\u00edku pro kolov\u00e9 rypadlo Hengte HTL135"},"content":{"rendered":"<h1>V\u00e1lec v\u00fdlo\u017en\u00edku pro kolov\u00e9 rypadlo Hengte HTL135<\/h1>\n<h2>\u00davod k v\u00e1lc\u016fm v\u00fdlo\u017en\u00edku<\/h2>\n<p>Hydraulick\u00fd v\u00e1lec v\u00fdlo\u017en\u00edku je kl\u00ed\u010dovou sou\u010d\u00e1st\u00ed hydraulick\u00fdch syst\u00e9m\u016f, speci\u00e1ln\u011b navr\u017een\u00fdch pro ovl\u00e1d\u00e1n\u00ed pohyb\u016f l\u017e\u00edce v t\u011b\u017ek\u00fdch stroj\u00edch, jako jsou bagry, rypadla a \u010deln\u00ed naklada\u010de. Tento hydraulick\u00fd v\u00e1lec umo\u017e\u0148uje l\u017e\u00edci zvedat, spou\u0161t\u011bt a nakl\u00e1n\u011bt, co\u017e usnad\u0148uje efektivn\u00ed manipulaci s materi\u00e1ly. P\u0159em\u011bnou hydraulick\u00e9ho tlaku na mechanickou s\u00edlu optimalizuj\u00ed v\u00e1lce v\u00fdlo\u017en\u00edku v\u00fdkon t\u011b\u017ek\u00fdch stroj\u016f, co\u017e je \u010din\u00ed nepostradateln\u00fdmi ve stavebnictv\u00ed, zem\u011bd\u011blstv\u00ed a r\u016fzn\u00fdch pr\u016fmyslov\u00fdch aplikac\u00edch.<\/p>\n<p><img decoding=\"async\" src=\"https:\/\/www.hydraulic-cylinders.net\/wp-content\/uploads\/2025\/04\/songte-company-1.webp\" alt=\"V\u00e1lec v\u00fdlo\u017en\u00edku\"><\/p>\n<h2>Vlastnosti v\u00e1lce v\u00fdlo\u017en\u00edku<\/h2>\n<ul>\n<li>\n<h3>Vysok\u00e1 pevnost a trvanlivost<\/h3>\n<p>Tyto v\u00e1lce, obvykle vyroben\u00e9 z vysokopevnostn\u00ed oceli nebo hlin\u00edku, odol\u00e1vaj\u00ed vysok\u00fdm tlak\u016fm a velk\u00e9mu zat\u00ed\u017een\u00ed, d\u00edky \u010demu\u017e jsou vhodn\u00e9 pro n\u00e1ro\u010dn\u00e1 pracovn\u00ed prost\u0159ed\u00ed. Jejich konstrukce klade d\u016fraz na odolnost proti opot\u0159eben\u00ed a korozi, co\u017e zaji\u0161\u0165uje prodlou\u017eenou \u017eivotnost.<\/p>\n<\/li>\n<li>\n<h3>Efektivn\u00ed hydraulick\u00fd provoz<\/h3>\n<p>D\u00edky tlaku hydraulick\u00e9ho oleje tyto v\u00e1lce prov\u00e1d\u011bj\u00ed plynul\u00e9 vysouv\u00e1n\u00ed a zasouv\u00e1n\u00ed, co\u017e umo\u017e\u0148uje rychlou reakci na povely obsluhy a vytv\u00e1\u0159\u00ed siln\u00e9 tlakov\u00e9 a ta\u017en\u00e9 s\u00edly, kter\u00e9 jsou nezbytn\u00e9 pro zvl\u00e1d\u00e1n\u00ed t\u011b\u017ek\u00fdch a slo\u017eit\u00fdch \u00fakol\u016f.<\/p>\n<\/li>\n<li>\n<h3>R\u016fzn\u00e9 dostupn\u00e9 typy<\/h3>\n<p>Z\u00e1kazn\u00edci si mohou vybrat z jedno\u010dinn\u00fdch (pracuj\u00edc\u00edch v jednom sm\u011bru) nebo dvoj\u010dinn\u00fdch (pracuj\u00edc\u00edch v obou sm\u011brech) v\u00e1lc\u016f na z\u00e1klad\u011b sv\u00fdch provozn\u00edch pot\u0159eb. N\u011bkter\u00e9 modely jsou teleskopick\u00e9, co\u017e umo\u017e\u0148uje v\u011bt\u0161\u00ed v\u00fdsuv bez zv\u011bt\u0161en\u00ed vn\u011bj\u0161\u00edch rozm\u011br\u016f, co\u017e je ide\u00e1ln\u00ed pro aplikace s omezen\u00fdm prostorem.<\/p>\n<\/li>\n<\/ul>\n<h2>V\u00fdrobn\u00ed kapacita<\/h2>\n<p>Specializujeme se na v\u00fdrobu t\u011bchto hydraulick\u00fdch v\u00e1lc\u016f, co\u017e zaji\u0161\u0165uje, \u017ee na\u0161e produkty dok\u00e1\u017e\u00ed dokonale nahradit st\u00e1vaj\u00edc\u00ed modely a splnit nebo p\u0159ekonat pr\u016fmyslov\u00e9 standardy.<\/p>\n<p><img decoding=\"async\" src=\"https:\/\/www.hydraulic-cylinders.net\/wp-content\/uploads\/2025\/04\/songte-cylinder-head-with-all-kinds-excavator-models.webp\" alt=\"V\u00fdroba hydraulick\u00fdch v\u00e1lc\u016f\"><\/p>\n<h2>Aplikace v\u00e1lc\u016f v\u00fdlo\u017en\u00edku<\/h2>\n<ul>\n<li>\n<h3>Stavebn\u00ed stroje<\/h3>\n<p>U bagr\u016f jsou v\u00e1lce v\u00fdlo\u017en\u00edku kl\u00ed\u010dov\u00e9 pro kop\u00e1n\u00ed, nakl\u00e1d\u00e1n\u00ed a p\u0159emis\u0165ov\u00e1n\u00ed zeminy nebo suti. Usnad\u0148uj\u00ed kop\u00e1n\u00ed t\u00edm, \u017ee umo\u017e\u0148uj\u00ed l\u017e\u00edci efektivn\u011b pronikat do zem\u011b, co\u017e je \u010din\u00ed nezbytn\u00fdmi na staveni\u0161t\u00edch, kde je vy\u017eadov\u00e1n zemn\u00ed pohyb.<\/p>\n<\/li>\n<li>\n<h3>Zem\u011bd\u011blsk\u00e9 stroje<\/h3>\n<p>\u010celn\u00ed naklada\u010de vyu\u017e\u00edvaj\u00ed v\u00e1lce v\u00fdlo\u017en\u00edku k nab\u00edr\u00e1n\u00ed, zved\u00e1n\u00ed a p\u0159eprav\u011b p\u016fdy, sena a dal\u0161\u00edch materi\u00e1l\u016f. Tyto v\u00e1lce zvy\u0161uj\u00ed produktivitu v zem\u011bd\u011blsk\u00fdch prac\u00edch t\u00edm, \u017ee umo\u017e\u0148uj\u00ed efektivn\u00ed manipulaci s materi\u00e1lem, co\u017e je pro zem\u011bd\u011blsk\u00e9 operace z\u00e1sadn\u00ed.<\/p>\n<\/li>\n<li>\n<h3>Bagry<\/h3>\n<p>U rypadel umo\u017e\u0148uje v\u00e1lec v\u00fdlo\u017en\u00edku pronik\u00e1n\u00ed l\u017e\u00edce do p\u016fdy, co\u017e usnad\u0148uje v\u00fdkopov\u00e9 pr\u00e1ce. Tato funkce je kl\u00ed\u010dov\u00e1 pro p\u0159\u00edpravu staveni\u0161t\u011b, hlouben\u00ed v\u00fdkop\u016f a z\u00e1kladov\u00e9 pr\u00e1ce, d\u00edky \u010demu\u017e jsou rypadla v\u0161estrann\u00fdmi n\u00e1stroji ve stavebnictv\u00ed.<\/p>\n<\/li>\n<li>\n<h3>Naklada\u010de<\/h3>\n<p>U \u010deln\u00edch naklada\u010d\u016f pom\u00e1haj\u00ed v\u00e1lce v\u00fdlo\u017en\u00edku efektivn\u011b zvedat a vykl\u00e1p\u011bt b\u0159emena. Tato aplikace je nezbytn\u00e1 pro \u00fakoly, jako je manipulace s materi\u00e1lem, nivela\u010dn\u00ed pr\u00e1ce a r\u016fzn\u00e9 zdvihac\u00ed \u00fakony ve stavebn\u00edch a krajin\u00e1\u0159sk\u00fdch projektech.<\/p>\n<\/li>\n<\/ul>\n<h2>Konstruk\u010dn\u00ed aspekty a krit\u00e9ria v\u00fdb\u011bru<\/h2>\n<ul>\n<li>\n<h3>Nosnost<\/h3>\n<p>Nosnost v\u00e1lce v\u00fdlo\u017en\u00edku je kl\u00ed\u010dov\u00fdm faktorem pro zaji\u0161t\u011bn\u00ed toho, aby zvl\u00e1dl po\u017eadovanou hmotnost. Je nezbytn\u00e9 vybrat v\u00e1lec, kter\u00fd nejen spl\u0148uje provozn\u00ed po\u017eadavky, ale tak\u00e9 poskytuje bezpe\u010dnostn\u00ed rezervu, aby se zabr\u00e1nilo selh\u00e1n\u00ed.<\/p>\n<\/li>\n<li>\n<h3>T\u011bsn\u011bn\u00ed<\/h3>\n<p>\u00da\u010dinn\u00e9 t\u011bsn\u011bn\u00ed je z\u00e1sadn\u00ed pro prevenci \u00fanik\u016f kapalin a udr\u017een\u00ed tlaku. Vysoce kvalitn\u00ed t\u011bsn\u011bn\u00ed zvy\u0161uj\u00ed v\u00fdkon a \u017eivotnost hydraulick\u00e9ho v\u00e1lce, \u010d\u00edm\u017e sni\u017euj\u00ed n\u00e1klady na \u00fadr\u017ebu a prostoje.<\/p>\n<\/li>\n<li>\n<h3>Trvanlivost<\/h3>\n<p>Odolnost je nezbytn\u00e1 pro dlouhou \u017eivotnost v\u00e1lc\u016f v\u00fdlo\u017en\u00edku. Mus\u00ed odol\u00e1vat n\u00e1ro\u010dn\u00e9mu prost\u0159ed\u00ed, v\u010detn\u011b vystaven\u00ed extr\u00e9mn\u00edm teplot\u00e1m, vlhkosti a intenzivn\u00edmu pou\u017e\u00edv\u00e1n\u00ed. Kl\u00ed\u010dov\u00fd je v\u00fdb\u011br materi\u00e1l\u016f s vysokou odolnost\u00ed proti opot\u0159eben\u00ed a korozi.<\/p>\n<\/li>\n<li>\n<h3>Bezpe\u010dnostn\u00ed prvky<\/h3>\n<p>Za\u010dlen\u011bn\u00ed bezpe\u010dnostn\u00edch prvk\u016f je z\u00e1sadn\u00ed pro prevenci nehod. Pat\u0159\u00ed sem p\u0159etlakov\u00e9 ventily a syst\u00e9my ochrany proti p\u0159et\u00ed\u017een\u00ed, kter\u00e9 zaji\u0161\u0165uj\u00ed bezpe\u010dn\u00fd provoz p\u0159i prom\u011bnliv\u00e9m zat\u00ed\u017een\u00ed.<\/p>\n<\/li>\n<li>\n<h3>P\u0159\u00edstupnost \u00fadr\u017eby<\/h3>\n<p>Konstrukce v\u00e1lc\u016f pro snadnou \u00fadr\u017ebu prodlu\u017euje jejich \u017eivotnost. Prvky, jako jsou odn\u00edmateln\u00e9 koncov\u00e9 krytky a snadno p\u0159\u00edstupn\u00e9 maznice, umo\u017e\u0148uj\u00ed snadnou \u00fadr\u017ebu a zkracuj\u00ed prostoje.<\/p>\n<\/li>\n<\/ul>\n<p><img decoding=\"async\" src=\"https:\/\/www.hydraulic-cylinders.net\/wp-content\/uploads\/2025\/04\/songte-oil-pipes-and-spare-parts.webp\" alt=\"Sou\u010d\u00e1sti hydraulick\u00e9ho v\u00e1lce\"><\/p>\n<h2>T\u011bsn\u011bn\u00ed a maz\u00e1n\u00ed<\/h2>\n<p>Spr\u00e1vn\u00e9 t\u011bsn\u011bn\u00ed a maz\u00e1n\u00ed jsou nezbytn\u00e9 pro efektivn\u00ed provoz v\u00e1lc\u016f v\u00fdlo\u017en\u00edku. R\u016fzn\u00e1 t\u011bsn\u011bn\u00ed, jako jsou p\u00edstn\u00ed t\u011bsn\u011bn\u00ed a t\u011bsn\u011bn\u00ed p\u00edstnice, jsou nezbytn\u00e1 pro udr\u017een\u00ed tlaku a prevenci \u00fanik\u016f. T\u011bsn\u011bn\u00ed vyroben\u00e1 z odoln\u00fdch materi\u00e1l\u016f, jako je polyuretan a nitrilov\u00e1 pry\u017e, zaji\u0161\u0165uj\u00ed odolnost proti opot\u0159eben\u00ed. T\u011bleso v\u00e1lce a z\u00e1vitov\u00e9 koncov\u00e9 plochy proch\u00e1zej\u00ed p\u0159esn\u00fdm obr\u00e1b\u011bn\u00edm pro zlep\u0161en\u00ed odolnosti proti opot\u0159eben\u00ed. Pravideln\u00e9 dopl\u0148ov\u00e1n\u00ed vhodn\u00e9ho hydraulick\u00e9ho oleje pro maz\u00e1n\u00ed je nezbytn\u00e9 pro udr\u017een\u00ed optim\u00e1ln\u00edho v\u00fdkonu a prevenci p\u0159eh\u0159\u00e1t\u00ed.<\/p>\n<h2>Preventivn\u00ed \u00fadr\u017ebov\u00e1 opat\u0159en\u00ed<\/h2>\n<ul>\n<li>\n<h3>Pravideln\u00e9 kontroly<\/h3>\n<p>Prov\u00e1d\u011bn\u00ed pravideln\u00fdch kontrol pom\u00e1h\u00e1 identifikovat opot\u0159eben\u00ed a potenci\u00e1ln\u00ed probl\u00e9my d\u0159\u00edve, ne\u017e se stanou z\u00e1va\u017en\u00fdmi, a zaji\u0161\u0165uje tak nep\u0159etr\u017eit\u00fd provoz a bezpe\u010dnost.<\/p>\n<\/li>\n<li>\n<h3>Spr\u00e1vn\u00e9 maz\u00e1n\u00ed<\/h3>\n<p>Udr\u017eov\u00e1n\u00ed spr\u00e1vn\u00e9 hladiny maz\u00e1n\u00ed je z\u00e1sadn\u00ed pro prevenci t\u0159en\u00ed a opot\u0159eben\u00ed a prodlou\u017een\u00ed \u017eivotnosti hydraulick\u00fdch komponent\u016f.<\/p>\n<\/li>\n<li>\n<h3>V\u00fdm\u011bna t\u011bsn\u011bn\u00ed<\/h3>\n<p>Pravideln\u00e1 v\u00fdm\u011bna t\u011bsn\u011bn\u00ed zabra\u0148uje net\u011bsnostem a udr\u017euje hydraulick\u00fd tlak, \u010d\u00edm\u017e zaji\u0161\u0165uje optim\u00e1ln\u00ed v\u00fdkon a bezpe\u010dnost.<\/p>\n<\/li>\n<\/ul>\n<h2>Pokyny k instalaci<\/h2>\n<p>Spr\u00e1vn\u00e1 instalace v\u00e1lc\u016f v\u00fdlo\u017en\u00edku je nezbytn\u00e1 pro jejich efektivn\u00ed provoz. Za\u010dn\u011bte t\u00edm, \u017ee se ujist\u00edte, \u017ee v\u0161echny komponenty jsou \u010dist\u00e9 a bez ne\u010distot. V\u00e1lec p\u0159esn\u011b vyrovnejte s mont\u00e1\u017en\u00edmi body a k jeho upevn\u011bn\u00ed pou\u017eijte vhodn\u00e9 mont\u00e1\u017en\u00ed konzoly. V\u011bnujte pozornost hydraulick\u00fdm spoj\u016fm a ujist\u011bte se, \u017ee jsou t\u011bsn\u00e9 a bez \u00fanik\u016f. Po instalaci zkontrolujte cel\u00fd syst\u00e9m, zda v n\u011bm nejsou net\u011bsnosti, a p\u0159ed spu\u0161t\u011bn\u00edm stroje se ujist\u011bte, \u017ee je dostatek hydraulick\u00e9 kapaliny. Dodr\u017eujte specifikace v\u00fdrobce ohledn\u011b nastaven\u00ed utahovac\u00edho momentu, abyste zabr\u00e1nili nadm\u011brn\u00e9mu uta\u017een\u00ed.<\/p>\n<h2>B\u011b\u017en\u00e9 \u00fakoly \u00fadr\u017eby<\/h2>\n<ul>\n<li>\n<h3>Pravideln\u00e9 kontroly<\/h3>\n<p>\u010cast\u00e9 kontroly jsou z\u00e1sadn\u00ed pro odhalen\u00ed v\u010dasn\u00fdch zn\u00e1mek opot\u0159eben\u00ed nebo po\u0161kozen\u00ed. Sledov\u00e1n\u00ed stavu t\u011bsn\u011bn\u00ed, hadic a spoj\u016f pom\u00e1h\u00e1 p\u0159edch\u00e1zet n\u00e1kladn\u00fdm oprav\u00e1m a prodlu\u017euje celkovou \u017eivotnost za\u0159\u00edzen\u00ed.<\/p>\n<\/li>\n<li>\n<h3>Vhodn\u00e9 maz\u00e1n\u00ed<\/h3>\n<p>Spr\u00e1vn\u00e9 maz\u00e1n\u00ed je z\u00e1sadn\u00ed pro sn\u00ed\u017een\u00ed t\u0159en\u00ed a opot\u0159eben\u00ed pohybliv\u00fdch \u010d\u00e1st\u00ed. Zajist\u011bte, aby v\u0161echna mazac\u00ed m\u00edsta byla p\u0159\u00edstupn\u00e1, a pro zaji\u0161t\u011bn\u00ed plynul\u00e9ho provozu pou\u017e\u00edvejte doporu\u010den\u00fd hydraulick\u00fd olej.<\/p>\n<\/li>\n<li>\n<h3>V\u00fdm\u011bna t\u011bsn\u011bn\u00ed<\/h3>\n<p>Pravideln\u00e1 v\u00fdm\u011bna t\u011bsn\u011bn\u00ed je nezbytn\u00e1 k prevenci net\u011bsnost\u00ed a udr\u017een\u00ed hydraulick\u00e9 \u00fa\u010dinnosti. Stanovte si pravideln\u00fd harmonogram kontroly a v\u00fdm\u011bny opot\u0159ebovan\u00fdch t\u011bsn\u011bn\u00ed, abyste zajistili optim\u00e1ln\u00ed v\u00fdkon.<\/p>\n<\/li>\n<\/ul>\n<p><img decoding=\"async\" src=\"https:\/\/www.hydraulic-cylinders.net\/wp-content\/uploads\/2025\/04\/songte-chushion-collar.webp\" alt=\"Tlumi\u010d v\u00e1lce v\u00fdlo\u017en\u00edku\"><\/p>\n<h2>Bezpe\u010dnostn\u00ed aspekty a faktory prost\u0159ed\u00ed<\/h2>\n<p>P\u0159i pou\u017e\u00edv\u00e1n\u00ed v\u00e1lc\u016f v\u00fdlo\u017en\u00edku je nezbytn\u00e9 dodr\u017eovat bezpe\u010dnostn\u00ed opat\u0159en\u00ed, aby se p\u0159ede\u0161lo nehod\u00e1m na pracovi\u0161ti. Obsluha by m\u011bla b\u00fdt pro\u0161kolena ve spr\u00e1vn\u00e9 manipulaci a obsluze stroj\u016f vybaven\u00fdch hydraulick\u00fdmi syst\u00e9my. Pravideln\u00e9 kontroly \u00fadr\u017eby jsou tak\u00e9 nezbytn\u00e9 pro zaji\u0161t\u011bn\u00ed spr\u00e1vn\u00e9 a bezpe\u010dn\u00e9 funkce v\u0161ech sou\u010d\u00e1st\u00ed. Nem\u011bly by se p\u0159ehl\u00ed\u017eet ani environment\u00e1ln\u00ed aspekty, proto\u017ee spr\u00e1vn\u00e1 likvidace hydraulick\u00fdch kapalin a opot\u0159ebovan\u00fdch sou\u010d\u00e1st\u00ed je z\u00e1sadn\u00ed pro minimalizaci ekologick\u00fdch dopad\u016f.<\/p>\n<h2>Diagnostika z\u00e1vad a b\u011b\u017en\u00e9 probl\u00e9my<\/h2>\n<ul>\n<li>\n<h3>\u00danik<\/h3>\n<p>K \u00faniku m\u016f\u017ee doch\u00e1zet v d\u016fsledku opot\u0159ebovan\u00fdch t\u011bsn\u011bn\u00ed nebo po\u0161kozen\u00fdch spoj\u016f. T\u011bsn\u011bn\u00ed pravideln\u011b kontrolujte a v p\u0159\u00edpad\u011b pot\u0159eby je vym\u011b\u0148ujte, abyste zabr\u00e1nili \u00faniku kapaliny.<\/p>\n<\/li>\n<li>\n<h3>Sn\u00ed\u017een\u00fd v\u00fdkon<\/h3>\n<p>Pokud v\u00e1lec nereaguje adekv\u00e1tn\u011b, m\u016f\u017ee to signalizovat n\u00edzkou hladinu hydraulick\u00e9 kapaliny nebo vzduch v syst\u00e9mu. Zkontrolujte hladiny kapalin a odvzdu\u0161n\u011bte syst\u00e9m, abyste odstranili p\u0159\u00edpadn\u00e9 vzduchov\u00e9 kapsy.<\/p>\n<\/li>\n<li>\n<h3>Podivn\u00e9 zvuky<\/h3>\n<p>Neobvykl\u00e9 zvuky b\u011bhem provozu mohou signalizovat vnit\u0159n\u00ed po\u0161kozen\u00ed nebo nedostatek maz\u00e1n\u00ed. Prozkoumejte zdroj hluku a prove\u010fte pot\u0159ebn\u00e9 opravy nebo promaz\u00e1n\u00ed.<\/p>\n<\/li>\n<\/ul>\n<p>Pro zm\u00edrn\u011bn\u00ed potenci\u00e1ln\u00edch probl\u00e9m\u016f zav\u00e1d\u011bjte preventivn\u00ed \u00fadr\u017ebu, prov\u00e1d\u011bjte \u010dast\u00e9 kontroly a v\u010das vym\u011b\u0148ujte opot\u0159ebovan\u00e9 sou\u010d\u00e1sti. Tento proaktivn\u00ed p\u0159\u00edstup pom\u016f\u017ee udr\u017eet spolehlivost hydraulick\u00e9ho syst\u00e9mu.<\/p>\n<p><img decoding=\"async\" src=\"https:\/\/www.hydraulic-cylinders.net\/wp-content\/uploads\/2025\/04\/songte-bushings-with-all-kinds-of-excavator-models.webp\" alt=\"Pouzdra hydraulick\u00fdch v\u00e1lc\u016f\"><\/p>\n<h2>O na\u0161\u00ed spole\u010dnosti<\/h2>\n<p>Jsme p\u0159edn\u00edm v\u00fdrobcem n\u00e1hradn\u00edch hydraulick\u00fdch v\u00e1lc\u016f a nab\u00edz\u00edme \u0161irokou \u0161k\u00e1lu produkt\u016f, kter\u00e9 uspokoj\u00ed jak dom\u00e1c\u00ed, tak mezin\u00e1rodn\u00ed trhy. N\u00e1\u0161 z\u00e1vazek ke kvalit\u011b je patrn\u00fd z na\u0161ich propracovan\u00fdch v\u00fdrobn\u00edch strategi\u00ed a \u0159\u00edzen\u00ed pr\u016fmyslov\u00e9 v\u00fdroby. D\u00edky kvalifikovan\u00e9 pracovn\u00ed s\u00edle, pokro\u010dil\u00e9mu digit\u00e1ln\u00edmu v\u00fdrobn\u00edmu za\u0159\u00edzen\u00ed a robustn\u00edmu testovac\u00edmu syst\u00e9mu neust\u00e1le vylep\u0161ujeme na\u0161e v\u00fdrobn\u00ed platformy. Na\u0161e principy se zam\u011b\u0159uj\u00ed na vysokou efektivitu, p\u0159esnost a kvalitu, co\u017e n\u00e1m umo\u017e\u0148uje uspokojovat rozmanit\u00e9 pot\u0159eby na\u0161ich z\u00e1kazn\u00edk\u016f.<\/p>\n<p><img decoding=\"async\" src=\"https:\/\/www.hydraulic-cylinders.net\/wp-content\/uploads\/2025\/04\/songte-company-4.webp\" alt=\"P\u0159ehled spole\u010dnosti\"><br \/>\n<img decoding=\"async\" src=\"https:\/\/www.hydraulic-cylinders.net\/wp-content\/uploads\/2025\/04\/songte-company-3.webp\" alt=\"Za\u0159\u00edzen\u00ed spole\u010dnosti\"><\/p>\n<p>Na\u0161e spole\u010dnost se py\u0161n\u00ed profesionalitou, mezin\u00e1rodn\u00edmi certifikacemi, zak\u00e1zkov\u00fdmi slu\u017ebami, nejmodern\u011bj\u0161\u00edm v\u00fdrobn\u00edm za\u0159\u00edzen\u00edm a v\u00fdjime\u010dnou poprodejn\u00ed podporou. Jsme odhodl\u00e1ni poskytovat ta nejlep\u0161\u00ed \u0159e\u0161en\u00ed pro pot\u0159eby hydraulick\u00fdch v\u00e1lc\u016f.<\/p>\n<p>Autor: lyl<\/p>","protected":false},"excerpt":{"rendered":"<p>Boom Cylinder For Hengte Wheel Excavator HTL135 Introduction to Boom Cylinders The boom cylinder is a vital component in hydraulic systems, specifically designed for controlling the movements of the bucket in heavy machinery like excavators, backhoes, and front loaders. This hydraulic cylinder allows the bucket to lift, lower, and tilt, facilitating the efficient handling of [&hellip;]<\/p>","protected":false},"featured_media":17872,"comment_status":"open","ping_status":"closed","template":"","meta":{"_et_pb_use_builder":"","_et_pb_old_content":"","_et_gb_content_width":""},"product_brand":[],"product_cat":[1546],"product_tag":[1547,1496],"class_list":{"0":"post-19714","1":"product","2":"type-product","3":"status-publish","4":"has-post-thumbnail","6":"product_cat-boom-cylinders","7":"product_tag-boom-cylinders","8":"product_tag-hydraulic-cylinders","10":"first","11":"instock","12":"shipping-taxable","13":"product-type-simple"},"amp_enabled":true,"_links":{"self":[{"href":"https:\/\/www.hydraulic-cylinders.net\/cs\/wp-json\/wp\/v2\/product\/19714","targetHints":{"allow":["GET"]}}],"collection":[{"href":"https:\/\/www.hydraulic-cylinders.net\/cs\/wp-json\/wp\/v2\/product"}],"about":[{"href":"https:\/\/www.hydraulic-cylinders.net\/cs\/wp-json\/wp\/v2\/types\/product"}],"replies":[{"embeddable":true,"href":"https:\/\/www.hydraulic-cylinders.net\/cs\/wp-json\/wp\/v2\/comments?post=19714"}],"wp:featuredmedia":[{"embeddable":true,"href":"https:\/\/www.hydraulic-cylinders.net\/cs\/wp-json\/wp\/v2\/media\/17872"}],"wp:attachment":[{"href":"https:\/\/www.hydraulic-cylinders.net\/cs\/wp-json\/wp\/v2\/media?parent=19714"}],"wp:term":[{"taxonomy":"product_brand","embeddable":true,"href":"https:\/\/www.hydraulic-cylinders.net\/cs\/wp-json\/wp\/v2\/product_brand?post=19714"},{"taxonomy":"product_cat","embeddable":true,"href":"https:\/\/www.hydraulic-cylinders.net\/cs\/wp-json\/wp\/v2\/product_cat?post=19714"},{"taxonomy":"product_tag","embeddable":true,"href":"https:\/\/www.hydraulic-cylinders.net\/cs\/wp-json\/wp\/v2\/product_tag?post=19714"}],"curies":[{"name":"wp","href":"https:\/\/api.w.org\/{rel}","templated":true}]}}