{"id":19717,"date":"2025-04-07T07:03:33","date_gmt":"2025-04-07T07:03:33","guid":{"rendered":"https:\/\/www.hydraulic-cylinders.net\/product\/boom-cylinder-for-yigong-cy8150\/"},"modified":"2025-04-07T07:03:35","modified_gmt":"2025-04-07T07:03:35","slug":"boom-cylinder-for-yigong-cy8150","status":"publish","type":"product","link":"https:\/\/www.hydraulic-cylinders.net\/cs\/produkt\/boom-cylinder-for-yigong-cy8150\/","title":{"rendered":"V\u00e1lec v\u00fdlo\u017en\u00edku pro Yigong CY8150"},"content":{"rendered":"<h1>V\u00e1lec v\u00fdlo\u017en\u00edku pro Yigong CY8150<\/h1>\n<h2>\u00davod k v\u00e1lci v\u00fdlo\u017en\u00edku<\/h2>\n<p>Hydraulick\u00fd v\u00e1lec v\u00fdlo\u017en\u00edku je kl\u00ed\u010dovou sou\u010d\u00e1st\u00ed hydraulick\u00fdch syst\u00e9m\u016f, speci\u00e1ln\u011b navr\u017een\u00fdm pro ovl\u00e1d\u00e1n\u00ed pohybu l\u017e\u00edc v r\u016fzn\u00fdch t\u011b\u017ek\u00fdch stroj\u00edch, jako jsou rypadla, r\u00fdpadlo-naklada\u010de a \u010deln\u00ed naklada\u010de. Tento hydraulick\u00fd v\u00e1lec umo\u017e\u0148uje zved\u00e1n\u00ed, spou\u0161t\u011bn\u00ed a nakl\u00e1p\u011bn\u00ed l\u017e\u00edce, co\u017e usnad\u0148uje efektivn\u00ed manipulaci s materi\u00e1lem. Hraje z\u00e1sadn\u00ed roli v zaji\u0161t\u011bn\u00ed plynul\u00e9ho a efektivn\u00edho provozu za\u0159\u00edzen\u00ed a zvy\u0161uje produktivitu na staveni\u0161t\u00edch a v dal\u0161\u00edch pr\u016fmyslov\u00fdch aplikac\u00edch.<\/p>\n<p><img decoding=\"async\" src=\"https:\/\/www.hydraulic-cylinders.net\/wp-content\/uploads\/2025\/04\/songte-company-1.webp\" alt=\"V\u00e1lec v\u00fdlo\u017en\u00edku\" \/><\/p>\n<h3>Definice a p\u0159ehled<\/h3>\n<p>Hydraulick\u00fd v\u00e1lec v\u00fdlo\u017en\u00edku, zn\u00e1m\u00fd tak\u00e9 jako v\u00e1lec kore\u010dkov\u00e9 l\u017e\u00edce, je typ hydraulick\u00e9ho v\u00e1lce speci\u00e1ln\u011b navr\u017een\u00e9ho pro ovl\u00e1d\u00e1n\u00ed pohybu l\u017e\u00edce u t\u011b\u017ek\u00fdch stroj\u016f. Je navr\u017een tak, aby zvl\u00e1dal obrovsk\u00fd tlak generovan\u00fd b\u011bhem provozu, co\u017e umo\u017e\u0148uje p\u0159esn\u00e9 pohyby nezbytn\u00e9 pro zved\u00e1n\u00ed a nakl\u00e1p\u011bn\u00ed. Konstrukce a funk\u010dnost v\u00e1lce v\u00fdlo\u017en\u00edku jsou prvo\u0159ad\u00e9, proto\u017ee p\u0159\u00edmo ovliv\u0148uj\u00ed \u00fa\u010dinnost a efektivitu stroj\u016f pou\u017e\u00edvan\u00fdch v n\u00e1ro\u010dn\u00fdch prost\u0159ed\u00edch.<\/p>\n<h2>Vlastnosti v\u00e1lce v\u00fdlo\u017en\u00edku pro Yigong CY8150<\/h2>\n<ul>\n<li><strong>Vysok\u00e1 pevnost a trvanlivost:<\/strong> V\u00e1lec v\u00fdlo\u017en\u00edku je vyroben z vysokopevnostn\u00ed oceli nebo hlin\u00edku a odol\u00e1 vysok\u00fdm tlak\u016fm a velk\u00e9mu zat\u00ed\u017een\u00ed, tak\u017ee je vhodn\u00fd pro n\u00e1ro\u010dn\u00e9 pracovn\u00ed podm\u00ednky. Je navr\u017een s ohledem na odolnost proti opot\u0159eben\u00ed a korozi, co\u017e prodlu\u017euje jeho \u017eivotnost.<\/li>\n<li><strong>Efektivn\u00ed hydraulick\u00fd provoz:<\/strong> D\u00edky hydraulick\u00e9mu tlaku oleje zaji\u0161\u0165uje v\u00e1lec plynul\u00e9 a citliv\u00e9 vysouv\u00e1n\u00ed a zasouv\u00e1n\u00ed a poskytuje siln\u00e9 tlakov\u00e9 a ta\u017en\u00e9 s\u00edly, ide\u00e1ln\u00ed pro manipulaci s t\u011b\u017ek\u00fdmi p\u0159edm\u011bty a slo\u017eit\u00e9 \u00fakoly.<\/li>\n<li><strong>R\u016fzn\u00e9 typy:<\/strong> V\u00e1lec v\u00fdlo\u017en\u00edku, kter\u00fd je k dispozici v jedno\u010dinn\u00e9m (ovl\u00e1daj\u00edc\u00edm se jedn\u00edm sm\u011brem) nebo dvoj\u010dinn\u00e9m (ovl\u00e1daj\u00edc\u00edm se dv\u011bma sm\u011bry), lze p\u0159izp\u016fsobit specifick\u00fdm provozn\u00edm pot\u0159eb\u00e1m. N\u011bkter\u00e9 modely jsou teleskopick\u00e9, co\u017e umo\u017e\u0148uje v\u011bt\u0161\u00ed vysunut\u00ed bez zv\u011bt\u0161en\u00ed vn\u011bj\u0161\u00edch rozm\u011br\u016f, co\u017e je ide\u00e1ln\u00ed pro aplikace s omezen\u00fdm prostorem.<\/li>\n<li><strong>Kompatibilita:<\/strong> Na\u0161e ramena jsou navr\u017eena tak, aby dokonale nahradila st\u00e1vaj\u00edc\u00ed hydraulick\u00e9 v\u00e1lce a zajistila tak bezprobl\u00e9movou integraci do jak\u00e9hokoli hydraulick\u00e9ho syst\u00e9mu.<\/li>\n<li><strong>P\u0159esn\u00e9 stroj\u00edrenstv\u00ed:<\/strong> Ka\u017ed\u00fd v\u00e1lec je vyroben pokro\u010dil\u00fdmi v\u00fdrobn\u00edmi technikami, kter\u00e9 zaji\u0161\u0165uj\u00ed vysok\u00fd v\u00fdkon a spolehlivost i v t\u011bch nejn\u00e1ro\u010dn\u011bj\u0161\u00edch podm\u00ednk\u00e1ch.<\/li>\n<\/ul>\n<p><img decoding=\"async\" src=\"https:\/\/www.hydraulic-cylinders.net\/wp-content\/uploads\/2025\/04\/songte-cylinder-head-with-all-kinds-excavator-models.webp\" alt=\"Kompatibiln\u00ed modely\" \/><\/p>\n<h2>Aplikace v\u00e1lce v\u00fdlo\u017en\u00edku<\/h2>\n<h3>Stavebn\u00ed stroje<\/h3>\n<p>U bagr\u016f jsou v\u00e1lce v\u00fdlo\u017en\u00edku nezbytn\u00e9 pro kop\u00e1n\u00ed, nakl\u00e1d\u00e1n\u00ed a p\u0159esouv\u00e1n\u00ed zeminy nebo suti. Jejich konstrukce umo\u017e\u0148uje zna\u010dnou zvedac\u00ed s\u00edlu, co\u017e obsluze umo\u017e\u0148uje efektivn\u011b zvl\u00e1dat t\u011b\u017ek\u00e9 n\u00e1klady a prov\u00e1d\u011bt \u00fakoly s p\u0159esnost\u00ed. U r\u00fdpadlo-naklada\u010d\u016f pom\u00e1haj\u00ed v\u00e1lce kore\u010dk\u016f p\u0159i kop\u00e1n\u00ed i zved\u00e1n\u00ed, \u010d\u00edm\u017e zvy\u0161uj\u00ed v\u0161estrannost a produktivitu stroje.<\/p>\n<h3>Zem\u011bd\u011blsk\u00e9 stroje<\/h3>\n<p>U \u010deln\u00edch naklada\u010d\u016f hraj\u00ed v\u00e1lce v\u00fdlo\u017en\u00edku z\u00e1sadn\u00ed roli p\u0159i nab\u00edr\u00e1n\u00ed, zved\u00e1n\u00ed a p\u0159eprav\u011b zeminy, sena a dal\u0161\u00edch materi\u00e1l\u016f. Mo\u017enost nakl\u00e1p\u011bn\u00ed a zved\u00e1n\u00ed l\u017e\u00edce umo\u017e\u0148uje snadn\u00e9 nakl\u00e1d\u00e1n\u00ed a vykl\u00e1d\u00e1n\u00ed, co\u017e tyto \u00fakoly zefektiv\u0148uje a sni\u017euje jejich fyzickou n\u00e1ro\u010dnost pro obsluhu.<\/p>\n<h3>Bagry<\/h3>\n<p>U rypadel umo\u017e\u0148uje v\u00e1lec v\u00fdlo\u017en\u00edku pronik\u00e1n\u00ed l\u017e\u00edce do p\u016fdy, co\u017e usnad\u0148uje efektivn\u00ed kop\u00e1n\u00ed. Hydraulick\u00e9 ovl\u00e1d\u00e1n\u00ed zaji\u0161\u0165uje p\u0159esn\u00e9 um\u00edst\u011bn\u00ed l\u017e\u00edce, co\u017e obsluze umo\u017e\u0148uje prov\u00e1d\u011bt slo\u017eit\u00e9 \u00fakoly v r\u016fzn\u00fdch p\u016fdn\u00edch podm\u00ednk\u00e1ch.<\/p>\n<h3>Naklada\u010de<\/h3>\n<p>U \u010deln\u00edch naklada\u010d\u016f v\u00e1lce v\u00fdlo\u017en\u00edku v\u00fdznamn\u011b p\u0159isp\u00edvaj\u00ed k efektivn\u00edmu zved\u00e1n\u00ed a vykl\u00e1p\u011bn\u00ed b\u0159emen. Poskytuj\u00ed nezbytnou pevnost a stabilitu pot\u0159ebnou pro p\u0159epravu t\u011b\u017ek\u00fdch materi\u00e1l\u016f a zaji\u0161\u0165uj\u00ed tak rychl\u00e9 a bezpe\u010dn\u00e9 prov\u00e1d\u011bn\u00ed operac\u00ed.<\/p>\n<h2>Konstruk\u010dn\u00ed aspekty a krit\u00e9ria v\u00fdb\u011bru<\/h2>\n<h3>Nosnost<\/h3>\n<p>P\u0159i v\u00fdb\u011bru v\u00e1lce v\u00fdlo\u017en\u00edku je kl\u00ed\u010dov\u00fdm faktorem, kter\u00fd je t\u0159eba zv\u00e1\u017eit, nosnost. V\u00e1lec mus\u00ed b\u00fdt schopen zvl\u00e1dnout maxim\u00e1ln\u00ed hmotnost n\u00e1kladu, se kter\u00fdm se setk\u00e1, ani\u017e by byla ohro\u017eena bezpe\u010dnost nebo v\u00fdkon. To vy\u017eaduje d\u016fkladn\u00e9 pochopen\u00ed po\u017eadavk\u016f stroje a provozn\u00edho prost\u0159ed\u00ed.<\/p>\n<h3>Integrita t\u011bsn\u011bn\u00ed<\/h3>\n<p>T\u011bsn\u011bn\u00ed je kl\u00ed\u010dov\u00e9 pro efektivn\u00ed provoz hydraulick\u00fdch v\u00e1lc\u016f. Vysoce kvalitn\u00ed t\u011bsn\u011bn\u00ed zabra\u0148uje \u00fanik\u016fm hydraulick\u00e9 kapaliny, co\u017e m\u016f\u017ee v\u00e9st ke sn\u00ed\u017een\u00ed v\u00fdkonu a mo\u017en\u00e9mu po\u0161kozen\u00ed hydraulick\u00e9ho syst\u00e9mu. Volba t\u011bsnic\u00edch materi\u00e1l\u016f, jako je polyuretan a nitrilov\u00e1 pry\u017e, ovliv\u0148uje \u017eivotnost a spolehlivost v\u00e1lce.<\/p>\n<h3>Trvanlivost<\/h3>\n<p>Pro v\u00e1lce v\u00fdlo\u017en\u00edku, kter\u00e9 pracuj\u00ed v n\u00e1ro\u010dn\u00fdch podm\u00ednk\u00e1ch, je nezbytn\u00e1 odolnost. Pou\u017eit\u00e9 materi\u00e1ly mus\u00ed b\u00fdt odoln\u00e9 proti opot\u0159eben\u00ed a korozi, aby byla zaji\u0161t\u011bna dlouh\u00e1 \u017eivotnost. Je nezbytn\u00e9 vybrat v\u00e1lce, kter\u00e9 jsou vyrobeny tak, aby odolaly extr\u00e9mn\u00edm podm\u00ednk\u00e1m, v\u010detn\u011b teplotn\u00edch v\u00fdkyv\u016f a vystaven\u00ed kontaminant\u016fm.<\/p>\n<h3>Bezpe\u010dnostn\u00ed prvky<\/h3>\n<p>Bezpe\u010dnost je v hydraulick\u00fdch syst\u00e9mech prvo\u0159ad\u00e1. V\u00e1lce v\u00fdlo\u017en\u00edku by m\u011bly b\u00fdt navr\u017eeny s bezpe\u010dnostn\u00edmi prvky, kter\u00e9 chr\u00e1n\u00ed jak strojn\u00ed za\u0159\u00edzen\u00ed, tak obsluhu. Pat\u0159\u00ed sem p\u0159etlakov\u00e9 ventily a robustn\u00ed konstrukce, kter\u00e1 zvl\u00e1dne neo\u010dek\u00e1van\u00e9 nam\u00e1h\u00e1n\u00ed b\u011bhem provozu.<\/p>\n<h3>\u00dadr\u017eba a opravitelnost<\/h3>\n<p>Snadn\u00e1 \u00fadr\u017eba je dal\u0161\u00edm kritick\u00fdm konstruk\u010dn\u00edm hlediskem. V\u00e1lce v\u00fdlo\u017en\u00edku by m\u011bly umo\u017e\u0148ovat snadnou kontrolu, maz\u00e1n\u00ed a v\u00fdm\u011bnu t\u011bsn\u011bn\u00ed. Konstrukce, kter\u00e1 usnad\u0148uje rychl\u00e9 opravy, zvy\u0161uje celkovou provozuschopnost a efektivitu stroje, co\u017e obsluze usnad\u0148uje \u00fadr\u017ebu jejich za\u0159\u00edzen\u00ed.<\/p>\n<p><img decoding=\"async\" src=\"https:\/\/www.hydraulic-cylinders.net\/wp-content\/uploads\/2025\/04\/songte-oil-pipes-and-spare-parts.webp\" alt=\"Hydraulick\u00e9 d\u00edly\" \/><\/p>\n<h2>T\u011bsn\u011bn\u00ed a maz\u00e1n\u00ed<\/h2>\n<p>\u00da\u010dinn\u00e9 t\u011bsn\u011bn\u00ed a maz\u00e1n\u00ed jsou z\u00e1sadn\u00ed pro zaji\u0161t\u011bn\u00ed plynul\u00e9ho a efektivn\u00edho provozu hydraulick\u00e9ho v\u00e1lce. R\u016fzn\u00e1 t\u011bsn\u011bn\u00ed, jako jsou t\u011bsn\u011bn\u00ed p\u00edst\u016f a p\u00edstnic, jsou nezbytn\u00e1 pro prevenci \u00fanik\u016f kapalin a udr\u017een\u00ed tlaku. T\u011bsn\u011bn\u00ed vyroben\u00e1 z odoln\u00fdch materi\u00e1l\u016f, jako je polyuretan a nitrilov\u00e1 pry\u017e, jsou up\u0159ednost\u0148ov\u00e1na pro svou odolnost v\u016f\u010di opot\u0159eben\u00ed a vliv\u016fm prost\u0159ed\u00ed. Krom\u011b toho mus\u00ed b\u00fdt t\u011bleso v\u00e1lce a z\u00e1vitov\u00e9 koncov\u00e9 plochy jemn\u011b opracov\u00e1ny, aby se zv\u00fd\u0161ila jejich odolnost proti opot\u0159eben\u00ed.<\/p>\n<p>Pravideln\u00e9 maz\u00e1n\u00ed je tak\u00e9 z\u00e1sadn\u00ed; obsluha by m\u011bla zajistit vst\u0159ikov\u00e1n\u00ed dostate\u010dn\u00e9ho mno\u017estv\u00ed hydraulick\u00e9ho oleje pro usnadn\u011bn\u00ed plynul\u00e9ho pohybu a sn\u00ed\u017een\u00ed t\u0159en\u00ed. Spr\u00e1vn\u00e9 maz\u00e1n\u00ed nejen prodlu\u017euje \u017eivotnost t\u011bsn\u011bn\u00ed, ale tak\u00e9 zvy\u0161uje celkovou \u00fa\u010dinnost hydraulick\u00e9ho syst\u00e9mu.<\/p>\n<h2>Preventivn\u00ed \u00fadr\u017ebov\u00e1 opat\u0159en\u00ed<\/h2>\n<ul>\n<li><strong>Pravideln\u00e9 kontroly:<\/strong> Je nezbytn\u00e9 prov\u00e1d\u011bt pravideln\u00e9 kontroly v\u00e1lce v\u00fdlo\u017en\u00edku, zda nevykazuje zn\u00e1mky opot\u0159eben\u00ed, net\u011bsnosti nebo po\u0161kozen\u00ed. Pravideln\u00e9 kontroly pom\u00e1haj\u00ed v\u010das identifikovat probl\u00e9my a p\u0159edch\u00e1zet tak z\u00e1va\u017en\u011bj\u0161\u00edm probl\u00e9m\u016fm v budoucnu.<\/li>\n<li><strong>Pl\u00e1n maz\u00e1n\u00ed:<\/strong> Stanoven\u00ed mazac\u00edho pl\u00e1nu zaji\u0161\u0165uje, \u017ee hydraulick\u00fd v\u00e1lec z\u016fstane \u0159\u00e1dn\u011b maz\u00e1n, \u010d\u00edm\u017e se sni\u017euje opot\u0159eben\u00ed. Obsluha by m\u011bla b\u00fdt pro\u0161kolena v pravideln\u00e9m p\u0159id\u00e1v\u00e1n\u00ed spr\u00e1vn\u00e9ho typu a mno\u017estv\u00ed hydraulick\u00e9ho oleje.<\/li>\n<li><strong>V\u00fdm\u011bna t\u011bsn\u011bn\u00ed:<\/strong> T\u011bsn\u011bn\u00ed by m\u011bla b\u00fdt pravideln\u011b kontrolov\u00e1na a v p\u0159\u00edpad\u011b pot\u0159eby vym\u011b\u0148ov\u00e1na, aby se zabr\u00e1nilo net\u011bsnostem a udr\u017eel hydraulick\u00fd tlak. Obsluha by si m\u011bla b\u00fdt v\u011bdoma zn\u00e1mek opot\u0159eben\u00ed t\u011bsn\u011bn\u00ed, jako je \u00fanik kapaliny nebo sn\u00ed\u017een\u00fd v\u00fdkon.<\/li>\n<\/ul>\n<h2>Pokyny k instalaci<\/h2>\n<p>Spr\u00e1vn\u00e1 instalace v\u00e1lce v\u00fdlo\u017en\u00edku je z\u00e1sadn\u00ed pro optim\u00e1ln\u00ed v\u00fdkon. P\u0159ed instalac\u00ed se ujist\u011bte, \u017ee v\u0161echny sou\u010d\u00e1sti jsou \u010dist\u00e9 a bez ne\u010distot. V\u00e1lec by m\u011bl b\u00fdt spr\u00e1vn\u011b zarovn\u00e1n s mont\u00e1\u017en\u00edmi body stroje, aby se zabr\u00e1nilo nadm\u011brn\u00e9mu nam\u00e1h\u00e1n\u00ed v\u00e1lce a souvisej\u00edc\u00edch sou\u010d\u00e1st\u00ed.<\/p>\n<p>Doporu\u010duje se pou\u017e\u00edt vhodn\u00e9 mont\u00e1\u017en\u00ed konzoly k pevn\u00e9mu upevn\u011bn\u00ed v\u00e1lce. T\u00edm se zabr\u00e1n\u00ed pohybu b\u011bhem provozu, kter\u00fd by mohl v\u00e9st k po\u0161kozen\u00ed nebo poru\u0161e. Po instalaci p\u0159ed zah\u00e1jen\u00edm provozu zkontrolujte t\u011bsnost a net\u011bsnosti v\u0161ech spoj\u016f. Dodr\u017eov\u00e1n\u00ed t\u011bchto pokyn\u016f podpo\u0159\u00ed dlouhou \u017eivotnost a spolehlivost va\u0161eho hydraulick\u00e9ho syst\u00e9mu.<\/p>\n<h2>\u00dakoly \u00fadr\u017eby<\/h2>\n<ul>\n<li><strong>Pravideln\u00e9 kontroly:<\/strong> Prov\u00e1d\u011bjte pravideln\u00e9 kontroly t\u011bsnosti, opot\u0159eben\u00ed a celkov\u00e9ho stavu. V\u010dasn\u00e1 identifikace probl\u00e9m\u016f m\u016f\u017ee zabr\u00e1nit n\u00e1kladn\u00fdm oprav\u00e1m a prostoj\u016fm.<\/li>\n<li><strong>Spr\u00e1vn\u00e9 maz\u00e1n\u00ed:<\/strong> Zajist\u011bte, aby byl hydraulick\u00fd v\u00e1lec maz\u00e1n dle doporu\u010den\u00ed v\u00fdrobce. Dostate\u010dn\u00e9 maz\u00e1n\u00ed zabra\u0148uje nadm\u011brn\u00e9mu opot\u0159eben\u00ed a udr\u017euje v\u00fdkon.<\/li>\n<li><strong>V\u00fdm\u011bna t\u011bsn\u011bn\u00ed a kontroly kalibrace:<\/strong> Pravideln\u011b kontrolujte a vym\u011b\u0148ujte t\u011bsn\u011bn\u00ed, aby byla zachov\u00e1na hydraulick\u00e1 integrita. Kalibra\u010dn\u00ed kontroly zaji\u0161\u0165uj\u00ed, \u017ee v\u00e1lec pracuje v r\u00e1mci navr\u017een\u00fdch parametr\u016f, co\u017e zvy\u0161uje bezpe\u010dnost a \u00fa\u010dinnost.<\/li>\n<\/ul>\n<h2>Bezpe\u010dnostn\u00ed aspekty a faktory prost\u0159ed\u00ed<\/h2>\n<p>P\u0159i pou\u017e\u00edv\u00e1n\u00ed hydraulick\u00fdch v\u00e1lc\u016f jsou bezpe\u010dnostn\u00ed opat\u0159en\u00ed z\u00e1sadn\u00ed pro prevenci nehod a zran\u011bn\u00ed. Obsluha by m\u011bla b\u00fdt pro\u0161kolena ve spr\u00e1vn\u00e9m pou\u017e\u00edv\u00e1n\u00ed stroj\u016f a v d\u016fle\u017eitosti dodr\u017eov\u00e1n\u00ed bezpe\u010dnostn\u00edch protokol\u016f. Pravideln\u00e9 bezpe\u010dnostn\u00ed audity mohou identifikovat potenci\u00e1ln\u00ed nebezpe\u010d\u00ed a umo\u017enit p\u0159ijet\u00ed n\u00e1pravn\u00fdch opat\u0159en\u00ed.<\/p>\n<p>Faktory prost\u0159ed\u00ed tak\u00e9 hraj\u00ed v\u00fdznamnou roli v \u017eivotnosti a v\u00fdkonu hydraulick\u00fdch v\u00e1lc\u016f. Vystaven\u00ed extr\u00e9mn\u00edm teplot\u00e1m, vlhkosti a ne\u010distot\u00e1m m\u016f\u017ee ovlivnit integritu t\u011bsn\u011bn\u00ed a celkovou funk\u010dnost v\u00e1lce. Je nezbytn\u00e9 zav\u00e9st opat\u0159en\u00ed k ochran\u011b hydraulick\u00fdch syst\u00e9m\u016f p\u0159ed drsn\u00fdmi podm\u00ednkami prost\u0159ed\u00ed.<\/p>\n<h2>Diagnostika z\u00e1vad a b\u011b\u017en\u00e9 probl\u00e9my<\/h2>\n<ul>\n<li><strong>\u00danik:<\/strong> Pokud z v\u00e1lce unik\u00e1 kapalina, m\u016f\u017ee to znamenat opot\u0159ebovan\u00e1 t\u011bsn\u011bn\u00ed. Zkontrolujte, zda nejsou viditeln\u011b po\u0161kozena, a v p\u0159\u00edpad\u011b pot\u0159eby t\u011bsn\u011bn\u00ed vym\u011b\u0148te.<\/li>\n<li><strong>Sn\u00ed\u017een\u00fd v\u00fdkon:<\/strong> Pokud se v\u00e1lec nevysouv\u00e1 ani nezasouv\u00e1 plynule, m\u016f\u017ee to b\u00fdt zp\u016fsobeno nedostate\u010dn\u00fdm maz\u00e1n\u00edm nebo vnit\u0159n\u00edm po\u0161kozen\u00edm. Zkontrolujte a v p\u0159\u00edpad\u011b pot\u0159eby proma\u017ete.<\/li>\n<li><strong>Nerovnom\u011brn\u00fd pohyb:<\/strong> Pokud se l\u017e\u00edce nebo p\u0159\u00edslu\u0161enstv\u00ed pohybuje nerovnom\u011brn\u011b, m\u016f\u017ee to nazna\u010dovat probl\u00e9my s vyrovn\u00e1n\u00edm nebo nerovnov\u00e1hu hydraulick\u00e9ho tlaku. Ujist\u011bte se, \u017ee je v\u00e1lec spr\u00e1vn\u011b vyrovn\u00e1n, a zkontrolujte konzistenci tlaku v hydraulick\u00e9m syst\u00e9mu.<\/li>\n<\/ul>\n<p>Aby bylo mo\u017en\u00e9 \u00fasp\u011b\u0161n\u011b \u0159e\u0161it probl\u00e9my, m\u011bli by si oper\u00e1to\u0159i v\u00e9st z\u00e1znamy o v\u0161ech zji\u0161t\u011bn\u00fdch probl\u00e9mech a zaznamen\u00e1vat specifick\u00e9 p\u0159\u00edznaky a stavy. Tyto informace mohou b\u00fdt neoceniteln\u00e9 p\u0159i diagnostice z\u00e1vad a zav\u00e1d\u011bn\u00ed preventivn\u00edch opat\u0159en\u00ed ke zm\u00edrn\u011bn\u00ed potenci\u00e1ln\u00edch probl\u00e9m\u016f.<\/p>\n<p><img decoding=\"async\" src=\"https:\/\/www.hydraulic-cylinders.net\/wp-content\/uploads\/2025\/04\/songte-bushings-with-all-kinds-of-excavator-models.webp\" alt=\"Pouzdra\" \/><\/p>\n<h2>O na\u0161\u00ed spole\u010dnosti<\/h2>\n<p>Jsme p\u0159edn\u00edm v\u00fdrobcem n\u00e1hradn\u00edch hydraulick\u00fdch v\u00e1lc\u016f a nab\u00edz\u00edme komplexn\u00ed sortiment produkt\u016f pro dom\u00e1c\u00ed i mezin\u00e1rodn\u00ed trh. Na\u0161e oddanost dokonalosti je patrn\u00e1 v na\u0161ich p\u0159esn\u00fdch v\u00fdrobn\u00edch d\u00edln\u00e1ch, kde uplat\u0148ujeme strategii pe\u010dliv\u00e9ho \u0159\u00edzen\u00ed v\u00fdroby.<\/p>\n<p>Neust\u00e1le vylep\u0161ujeme na\u0161e v\u00fdrobn\u00ed kapacity investicemi do kvalifikovan\u00e9ho technick\u00e9ho person\u00e1lu, pokro\u010dil\u00e9ho digit\u00e1ln\u00edho v\u00fdrobn\u00edho za\u0159\u00edzen\u00ed a profesion\u00e1ln\u00edch testovac\u00edch syst\u00e9m\u016f. Tento z\u00e1vazek n\u00e1m umo\u017e\u0148uje poskytovat vysoce efektivn\u00ed, vysoce p\u0159esn\u00e9 a vysoce kvalitn\u00ed produkty p\u0159izp\u016fsoben\u00e9 tak, aby spl\u0148ovaly rozmanit\u00e9 pot\u0159eby z\u00e1kazn\u00edk\u016f.<\/p>\n<p><img decoding=\"async\" src=\"https:\/\/www.hydraulic-cylinders.net\/wp-content\/uploads\/2025\/04\/songte-company-4.webp\" alt=\"P\u0159ehled spole\u010dnosti\" \/><br \/>\n<img decoding=\"async\" src=\"https:\/\/www.hydraulic-cylinders.net\/wp-content\/uploads\/2025\/04\/songte-company-3.webp\" alt=\"Pokro\u010dil\u00e9 vybaven\u00ed\" \/><\/p>\n<h2>Z\u00e1v\u011br<\/h2>\n<p>Stru\u010dn\u011b \u0159e\u010deno, v\u00e1lec v\u00fdlo\u017en\u00edku pro Yigong CY8150 je nezbytnou sou\u010d\u00e1st\u00ed t\u011b\u017ek\u00fdch stroj\u016f, kter\u00e1 usnad\u0148uje efektivn\u00ed provoz v r\u016fzn\u00fdch aplikac\u00edch. Na\u0161e spole\u010dnost se py\u0161n\u00ed t\u00edm, \u017ee dod\u00e1v\u00e1 vysoce kvalitn\u00ed hydraulick\u00e9 v\u00e1lce, podporovan\u00e9 profesion\u00e1ln\u00edmi slu\u017ebami a \u0159e\u0161en\u00edmi, kter\u00e9 spl\u0148uj\u00ed vyv\u00edjej\u00edc\u00ed se po\u017eadavky na\u0161ich z\u00e1kazn\u00edk\u016f.<\/p>\n<p>Autor: lyl<\/p>","protected":false},"excerpt":{"rendered":"<p>Boom Cylinder For Yigong CY8150 Introduction to Boom Cylinder The Boom Cylinder is a crucial component in hydraulic systems, specifically designed to control the movement of buckets in various heavy machinery, such as excavators, backhoe loaders, and front loaders. This hydraulic cylinder allows the bucket to lift, lower, and tilt, facilitating efficient material handling tasks. [&hellip;]<\/p>","protected":false},"featured_media":17875,"comment_status":"open","ping_status":"closed","template":"","meta":{"_et_pb_use_builder":"","_et_pb_old_content":"","_et_gb_content_width":""},"product_brand":[],"product_cat":[1546],"product_tag":[1547,1496],"class_list":{"0":"post-19717","1":"product","2":"type-product","3":"status-publish","4":"has-post-thumbnail","6":"product_cat-boom-cylinders","7":"product_tag-boom-cylinders","8":"product_tag-hydraulic-cylinders","10":"first","11":"instock","12":"shipping-taxable","13":"product-type-simple"},"amp_enabled":true,"_links":{"self":[{"href":"https:\/\/www.hydraulic-cylinders.net\/cs\/wp-json\/wp\/v2\/product\/19717","targetHints":{"allow":["GET"]}}],"collection":[{"href":"https:\/\/www.hydraulic-cylinders.net\/cs\/wp-json\/wp\/v2\/product"}],"about":[{"href":"https:\/\/www.hydraulic-cylinders.net\/cs\/wp-json\/wp\/v2\/types\/product"}],"replies":[{"embeddable":true,"href":"https:\/\/www.hydraulic-cylinders.net\/cs\/wp-json\/wp\/v2\/comments?post=19717"}],"wp:featuredmedia":[{"embeddable":true,"href":"https:\/\/www.hydraulic-cylinders.net\/cs\/wp-json\/wp\/v2\/media\/17875"}],"wp:attachment":[{"href":"https:\/\/www.hydraulic-cylinders.net\/cs\/wp-json\/wp\/v2\/media?parent=19717"}],"wp:term":[{"taxonomy":"product_brand","embeddable":true,"href":"https:\/\/www.hydraulic-cylinders.net\/cs\/wp-json\/wp\/v2\/product_brand?post=19717"},{"taxonomy":"product_cat","embeddable":true,"href":"https:\/\/www.hydraulic-cylinders.net\/cs\/wp-json\/wp\/v2\/product_cat?post=19717"},{"taxonomy":"product_tag","embeddable":true,"href":"https:\/\/www.hydraulic-cylinders.net\/cs\/wp-json\/wp\/v2\/product_tag?post=19717"}],"curies":[{"name":"wp","href":"https:\/\/api.w.org\/{rel}","templated":true}]}}