{"id":19719,"date":"2025-04-07T07:03:38","date_gmt":"2025-04-07T07:03:38","guid":{"rendered":"https:\/\/www.hydraulic-cylinders.net\/product\/boom-cylinder-for-yigong-cy860\/"},"modified":"2025-04-07T07:03:41","modified_gmt":"2025-04-07T07:03:41","slug":"boom-cylinder-for-yigong-cy860","status":"publish","type":"product","link":"https:\/\/www.hydraulic-cylinders.net\/cs\/produkt\/boom-cylinder-for-yigong-cy860\/","title":{"rendered":"V\u00e1lec v\u00fdlo\u017en\u00edku pro Yigong CY860"},"content":{"rendered":"<h1>V\u00e1lec v\u00fdlo\u017en\u00edku pro Yigong CY860<\/h1>\n<h2>P\u0159ehled produktu<\/h2>\n<p>Hydraulick\u00fd v\u00e1lec v\u00fdlo\u017en\u00edku pro Yigong CY860 je specializovan\u00e1 hydraulick\u00e1 sou\u010d\u00e1st ur\u010den\u00e1 k ovl\u00e1d\u00e1n\u00ed pohybu l\u017e\u00edc t\u011b\u017ek\u00fdch stroj\u016f. Tento hydraulick\u00fd v\u00e1lec hraje kl\u00ed\u010dovou roli v bagrech, rypadlech-naklada\u010d\u00edch a \u010deln\u00edch naklada\u010d\u00edch, proto\u017ee umo\u017e\u0148uje t\u011bmto stroj\u016fm efektivn\u011b zvedat, spou\u0161t\u011bt a nakl\u00e1n\u011bt l\u017e\u00edce. Jeho p\u0159esn\u00e1 konstrukce umo\u017e\u0148uje bezprobl\u00e9mov\u00fd provoz p\u0159i r\u016fzn\u00fdch manipula\u010dn\u00edch \u00fakonech, co\u017e z n\u011bj \u010din\u00ed nezbytnou sou\u010d\u00e1st hydraulick\u00fdch syst\u00e9m\u016f.<\/p>\n<p><img decoding=\"async\" src=\"https:\/\/www.hydraulic-cylinders.net\/wp-content\/uploads\/2025\/04\/songte-company-1.webp\" alt=\"V\u00e1lec v\u00fdlo\u017en\u00edku pro Yigong CY860\" \/><\/p>\n<h3>Definice a funk\u010dnost<\/h3>\n<p>Hydraulick\u00fd v\u00e1lec l\u017e\u00edce, \u010dasto ozna\u010dovan\u00fd jako v\u00e1lec v\u00fdlo\u017en\u00edku, je typ hydraulick\u00e9ho v\u00e1lce pou\u017e\u00edvan\u00e9ho speci\u00e1ln\u011b v t\u011b\u017ek\u00fdch stroj\u00edch k \u0159\u00edzen\u00ed pohybu l\u017eic. Tyto v\u00e1lce vyu\u017e\u00edvaj\u00ed hydraulickou kapalinu k vytvo\u0159en\u00ed s\u00edly, kter\u00e1 umo\u017e\u0148uje pohyb l\u017e\u00edce, co\u017e je kl\u00ed\u010dov\u00e9 pro efektivn\u00ed kop\u00e1n\u00ed, zved\u00e1n\u00ed a p\u0159epravu materi\u00e1l\u016f. Konstrukce v\u00e1lc\u016f v\u00fdlo\u017en\u00edku zaji\u0161\u0165uje vysok\u00fd v\u00fdkon a spolehlivost v n\u00e1ro\u010dn\u00fdch pracovn\u00edch prost\u0159ed\u00edch.<\/p>\n<h2>Vlastnosti v\u00e1lce v\u00fdlo\u017en\u00edku<\/h2>\n<ul>\n<li><strong>Vysok\u00e1 pevnost a trvanlivost:<\/strong> Tyto v\u00e1lce jsou vyrobeny z vysokopevnostn\u00ed oceli nebo hlin\u00edku a jsou konstruov\u00e1ny tak, aby odolaly vysok\u00e9mu tlaku a velk\u00e9mu zat\u00ed\u017een\u00ed, co\u017e je \u010din\u00ed vhodn\u00fdmi pro n\u00e1ro\u010dn\u00e9 pracovn\u00ed podm\u00ednky.<\/li>\n<li><strong>Efektivn\u00ed hydraulick\u00fd provoz:<\/strong> Konstrukce umo\u017e\u0148uje plynul\u00e9 zasouv\u00e1n\u00ed a vysouv\u00e1n\u00ed a poskytuje tak v\u00fdkonn\u00e9 funkce pro tla\u010den\u00ed a tah, kter\u00e9 jsou nezbytn\u00e9 pro zved\u00e1n\u00ed t\u011b\u017ek\u00fdch b\u0159emen a slo\u017eit\u00e9 \u00fakoly.<\/li>\n<li><strong>R\u016fzn\u00e9 typy:<\/strong> K dispozici v jedno\u010dinn\u00e9m (s vyu\u017eit\u00edm hydraulick\u00e9 s\u00edly v jednom sm\u011bru) nebo dvoj\u010dinn\u00e9m (s vyu\u017eit\u00edm hydraulick\u00e9 s\u00edly ve dvou sm\u011brech) proveden\u00ed pro spln\u011bn\u00ed r\u016fzn\u00fdch provozn\u00edch po\u017eadavk\u016f.<\/li>\n<li><strong>Kompaktn\u00ed design:<\/strong> N\u011bkter\u00e9 modely maj\u00ed teleskopickou konstrukci, kter\u00e1 umo\u017e\u0148uje v\u011bt\u0161\u00ed v\u00fdsuv bez zv\u011bt\u0161en\u00ed vn\u011bj\u0161\u00edch rozm\u011br\u016f, co\u017e je ide\u00e1ln\u00ed pro aplikace s omezen\u00fdm prostorem.<\/li>\n<li><strong>Zv\u00fd\u0161en\u00e1 odolnost proti opot\u0159eben\u00ed a korozi:<\/strong> Tyto v\u00e1lce, navr\u017een\u00e9 s ohledem na odolnost proti opot\u0159eben\u00ed a korozi, maj\u00ed del\u0161\u00ed \u017eivotnost a vy\u017eaduj\u00ed m\u00e9n\u011b \u010dastou v\u00fdm\u011bnu.<\/li>\n<\/ul>\n<p>Na\u0161e produkty dok\u00e1\u017e\u00ed tyto hydraulick\u00e9 v\u00e1lce dokonale nahradit.<\/p>\n<p><img decoding=\"async\" src=\"https:\/\/www.hydraulic-cylinders.net\/wp-content\/uploads\/2025\/04\/songte-cylinder-head-with-all-kinds-excavator-models.webp\" alt=\"V\u00fdm\u011bna hydraulick\u00fdch v\u00e1lc\u016f\" \/><\/p>\n<h2>Aplikace v\u00e1lce v\u00fdlo\u017en\u00edku<\/h2>\n<h3>Stavebn\u00ed stroje<\/h3>\n<p>U bagr\u016f jsou v\u00e1lce v\u00fdlo\u017en\u00edku kl\u00ed\u010dov\u00e9 pro kop\u00e1n\u00ed, nakl\u00e1d\u00e1n\u00ed a p\u0159esouv\u00e1n\u00ed zeminy nebo suti. Usnad\u0148uj\u00ed p\u0159esn\u00e9 pohyby nezbytn\u00e9 pro efektivn\u00ed v\u00fdkop. U rypadlo-naklada\u010d\u016f tyto v\u00e1lce pom\u00e1haj\u00ed jak p\u0159i kop\u00e1n\u00ed, tak p\u0159i zved\u00e1n\u00ed, co\u017e je \u010din\u00ed v\u0161estrann\u00fdmi pro r\u016fzn\u00e9 stavebn\u00ed \u00fakoly.<\/p>\n<h3>Zem\u011bd\u011blsk\u00e9 stroje<\/h3>\n<p>U \u010deln\u00edch naklada\u010d\u016f se v\u00e1lce v\u00fdlo\u017en\u00edku pou\u017e\u00edvaj\u00ed k nab\u00edr\u00e1n\u00ed, zved\u00e1n\u00ed a p\u0159eprav\u011b p\u016fdy, sena a dal\u0161\u00edch materi\u00e1l\u016f, co\u017e zvy\u0161uje produktivitu v zem\u011bd\u011blsk\u00fdch operac\u00edch. Jejich robustn\u00ed konstrukce zaji\u0161\u0165uje, \u017ee zvl\u00e1dnou t\u011b\u017ek\u00e9 zved\u00e1n\u00ed pot\u0159ebn\u00e9 p\u0159i zem\u011bd\u011blsk\u00fdch \u00fakonech.<\/p>\n<h3>Bagry<\/h3>\n<p>V\u00e1lce kore\u010dk\u016f umo\u017e\u0148uj\u00ed rypadl\u016fm efektivn\u00ed pronik\u00e1n\u00ed kore\u010dk\u016f do zem\u011b. Jsou navr\u017eeny tak, aby poskytovaly siln\u00e9 pohyby, a t\u00edm zvy\u0161ovaly efektivitu v\u00fdkopov\u00fdch prac\u00ed v r\u016fzn\u00fdch ter\u00e9nech.<\/p>\n<h3>Naklada\u010de<\/h3>\n<p>U \u010deln\u00edch naklada\u010d\u016f p\u0159isp\u00edvaj\u00ed v\u00e1lce v\u00fdlo\u017en\u00edku ke zved\u00e1n\u00ed a vykl\u00e1dkov\u00e1n\u00ed b\u0159emen, zefektiv\u0148uj\u00ed provoz a zvy\u0161uj\u00ed rychlost a efektivitu manipulace s materi\u00e1lem. Jejich spolehliv\u00fd v\u00fdkon je nezbytn\u00fd pro efektivn\u00ed nakl\u00e1dku a vykl\u00e1dku.<\/p>\n<h2>Konstruk\u010dn\u00ed aspekty a krit\u00e9ria v\u00fdb\u011bru<\/h2>\n<h3>Nosnost<\/h3>\n<p>P\u0159i v\u00fdb\u011bru v\u00e1lce v\u00fdlo\u017en\u00edku je z\u00e1sadn\u00ed posouzen\u00ed jeho nosnosti. V\u00e1lec mus\u00ed b\u00fdt schopen zvl\u00e1dnout maxim\u00e1ln\u00ed zat\u00ed\u017een\u00ed, s n\u00edm\u017e se v\u00e1lec setk\u00e1v\u00e1 b\u011bhem provozu, bez poruchy. Konstrukce by m\u011bla zajistit, aby si v\u00e1lec zachoval struktur\u00e1ln\u00ed integritu i p\u0159i velk\u00e9m zat\u00ed\u017een\u00ed, co\u017e zahrnuje posouzen\u00ed pevnosti materi\u00e1lu, tlou\u0161\u0165ky a celkov\u00e9 geometrie konstrukce.<\/p>\n<h3>Spolehlivost t\u011bsn\u011bn\u00ed<\/h3>\n<p>\u00da\u010dinn\u00e9 t\u011bsn\u011bn\u00ed je pro hydraulick\u00e9 v\u00e1lce z\u00e1sadn\u00ed, aby se zabr\u00e1nilo \u00faniku kapaliny, co\u017e m\u016f\u017ee v\u00e9st k probl\u00e9m\u016fm s v\u00fdkonem a sn\u00ed\u017een\u00ed \u00fa\u010dinnosti. Volba t\u011bsnic\u00edch materi\u00e1l\u016f, jako je polyuretan a nitrilov\u00e1 pry\u017e, ovliv\u0148uje schopnost v\u00e1lce udr\u017eovat tlak a efektivn\u011b fungovat. Pravideln\u00e9 kontroly t\u011bsn\u011bn\u00ed jsou nezbytn\u00e9, aby se zabr\u00e1nilo n\u00e1kladn\u00fdm oprav\u00e1m a zajistil optim\u00e1ln\u00ed v\u00fdkon.<\/p>\n<h3>Trvanlivost<\/h3>\n<p>Trvanlivost je z\u00e1sadn\u00edm krit\u00e9riem p\u0159i konstrukci v\u00e1lc\u016f v\u00fdlo\u017en\u00edku. Faktory, jako je v\u00fdb\u011br vysoce kvalitn\u00edch materi\u00e1l\u016f, povrchov\u00e9 \u00fapravy a ochrann\u00e9 n\u00e1t\u011bry, mohou v\u00fdrazn\u011b prodlou\u017eit \u017eivotnost v\u00e1lce. Odoln\u00fd v\u00e1lec sni\u017euje prostoje a n\u00e1klady na \u00fadr\u017ebu, co\u017e vede ke zlep\u0161en\u00ed provozn\u00ed efektivity.<\/p>\n<h3>Bezpe\u010dnostn\u00ed prvky<\/h3>\n<p>Bezpe\u010dnostn\u00ed prvky jsou p\u0159i konstrukci hydraulick\u00fdch v\u00e1lc\u016f prvo\u0159ad\u00e9. Za\u010dlen\u011bn\u00ed pojistn\u00fdch ventil\u016f a syst\u00e9m\u016f pro pojistn\u00e9 p\u0159etlaky pom\u00e1h\u00e1 p\u0159edch\u00e1zet p\u0159etlaku a potenci\u00e1ln\u00edm nehod\u00e1m. In\u017een\u00fd\u0159i mus\u00ed tyto bezpe\u010dnostn\u00ed aspekty zv\u00e1\u017eit, aby spl\u0148ovali pr\u016fmyslov\u00e9 normy a zajistili bezpe\u010dnost u\u017eivatel\u016f b\u011bhem provozu.<\/p>\n<h3>P\u0159\u00edstupnost \u00fadr\u017eby<\/h3>\n<p>Kl\u00ed\u010dov\u00fdm faktorem je konstrukce hydraulick\u00fdch v\u00e1lc\u016f s ohledem na snadnou \u00fadr\u017ebu. Vlastnosti, jako jsou snadno p\u0159\u00edstupn\u00e9 mazac\u00ed body a snadno vym\u011bniteln\u00e1 t\u011bsn\u011bn\u00ed, mohou usnadnit pravidelnou \u00fadr\u017ebu a zkr\u00e1tit tak \u010das a \u00fasil\u00ed pot\u0159ebn\u00e9 k udr\u017een\u00ed v\u00e1lce v optim\u00e1ln\u00edm stavu. Zam\u011b\u0159en\u00ed na p\u0159\u00edstupnost p\u0159i \u00fadr\u017eb\u011b zvy\u0161uje celkovou spolehlivost za\u0159\u00edzen\u00ed.<\/p>\n<p><img decoding=\"async\" src=\"https:\/\/www.hydraulic-cylinders.net\/wp-content\/uploads\/2025\/04\/songte-oil-pipes-and-spare-parts.webp\" alt=\"D\u00edly hydraulick\u00e9ho v\u00e1lce\" \/><\/p>\n<h2>T\u011bsn\u011bn\u00ed a maz\u00e1n\u00ed<\/h2>\n<p>V\u00e1lec v\u00fdlo\u017en\u00edku vyu\u017e\u00edv\u00e1 r\u016fzn\u00e9 t\u011bsnic\u00ed komponenty, v\u010detn\u011b t\u011bsn\u011bn\u00ed p\u00edst\u016f a t\u011bsn\u011bn\u00ed p\u00edstnic. Tato t\u011bsn\u011bn\u00ed jsou obvykle vyrobena z materi\u00e1l\u016f odoln\u00fdch proti opot\u0159eben\u00ed, jako je polyuretan a nitrilov\u00e1 pry\u017e, co\u017e zaji\u0161\u0165uje, \u017ee odol\u00e1vaj\u00ed n\u00e1ro\u010dn\u00fdm provozn\u00edm podm\u00ednk\u00e1m. T\u011bleso v\u00e1lce a z\u00e1vitov\u00e9 konce jsou p\u0159esn\u011b obr\u00e1b\u011bny pro zv\u00fd\u0161en\u00ed odolnosti proti opot\u0159eben\u00ed, \u010d\u00edm\u017e se prodlu\u017euje \u017eivotnost. Pro udr\u017een\u00ed optim\u00e1ln\u00edho v\u00fdkonu a prevenci opot\u0159eben\u00ed je nutn\u00e9 pravideln\u00e9 maz\u00e1n\u00ed hydraulick\u00fdm olejem.<\/p>\n<h2>Pravideln\u00e1 kontrola a preventivn\u00ed \u00fadr\u017eba<\/h2>\n<ul>\n<li><strong>Rutinn\u00ed kontroly:<\/strong> Pravideln\u00e9 kontroly net\u011bsnost\u00ed, opot\u0159eben\u00ed a dal\u0161\u00edho po\u0161kozen\u00ed mohou pomoci identifikovat probl\u00e9my d\u0159\u00edve, ne\u017e povedou k poruch\u00e1m. Zaveden\u00ed pl\u00e1nu preventivn\u00ed \u00fadr\u017eby m\u016f\u017ee v\u00fdrazn\u011b sn\u00ed\u017eit n\u00e1klady na opravy a prostoje.<\/li>\n<li><strong>Vhodn\u00e9 maz\u00e1n\u00ed:<\/strong> Zaji\u0161t\u011bn\u00ed spr\u00e1vn\u00e9 hladiny a typu hydraulick\u00e9ho oleje je z\u00e1sadn\u00ed pro udr\u017een\u00ed v\u00fdkonu v\u00e1lce. Pravideln\u00e9 dopl\u0148ov\u00e1n\u00ed a v\u00fdm\u011bna hydraulick\u00e9 kapaliny m\u016f\u017ee prodlou\u017eit \u017eivotnost v\u00e1lce.<\/li>\n<li><strong>V\u00fdm\u011bna t\u011bsn\u011bn\u00ed:<\/strong> V pr\u016fb\u011bhu \u010dasu se t\u011bsn\u011bn\u00ed mohou v d\u016fsledku opot\u0159eben\u00ed a vliv\u016f prost\u0159ed\u00ed opot\u0159ebovat. Pravideln\u00e1 kontrola t\u011bsn\u011bn\u00ed a v\u010dasn\u00e1 v\u00fdm\u011bna je nezbytn\u00e1 pro zachov\u00e1n\u00ed integrity a \u00fa\u010dinnosti v\u00e1lce.<\/li>\n<\/ul>\n<h2>Pokyny k instalaci<\/h2>\n<p>Spr\u00e1vn\u00e1 instalace v\u00e1lce v\u00fdlo\u017en\u00edku je z\u00e1sadn\u00ed pro jeho optim\u00e1ln\u00ed v\u00fdkon. Zajist\u011bte, aby byl v\u00e1lec spr\u00e1vn\u011b zarovn\u00e1n s mont\u00e1\u017en\u00edmi konzolami, abyste zabr\u00e1nili nadm\u011brn\u00e9mu nam\u00e1h\u00e1n\u00ed a mo\u017en\u00e9mu po\u0161kozen\u00ed b\u011bhem provozu. Pro pevn\u00e9 upevn\u011bn\u00ed v\u00e1lce pou\u017eijte vhodn\u00fd mont\u00e1\u017en\u00ed materi\u00e1l. Doporu\u010duje se nahl\u00e9dnout do instala\u010dn\u00ed p\u0159\u00edru\u010dky v\u00fdrobce, kde naleznete konkr\u00e9tn\u00ed nastaven\u00ed utahovac\u00edho momentu a postupy zarovn\u00e1n\u00ed. Po instalaci by se nav\u00edc m\u011bly zkontrolovat t\u011bsnost v\u0161ech hydraulick\u00fdch spoj\u016f a prov\u00e9st tlakov\u00e9 zkou\u0161ky, aby se zajistila spr\u00e1vn\u00e1 funk\u010dnost.<\/p>\n<h2>\u00dakoly \u00fadr\u017eby<\/h2>\n<ul>\n<li><strong>Pravideln\u00e9 kontroly:<\/strong> Prov\u00e1d\u011bn\u00ed pravideln\u00fdch vizu\u00e1ln\u00edch a funk\u010dn\u00edch kontrol za \u00fa\u010delem zji\u0161t\u011bn\u00ed jak\u00fdchkoli zn\u00e1mek opot\u0159eben\u00ed, po\u0161kozen\u00ed nebo \u00faniku kapalin je nezbytn\u00e9. Tento proaktivn\u00ed p\u0159\u00edstup pom\u00e1h\u00e1 v\u010das \u0159e\u0161it potenci\u00e1ln\u00ed probl\u00e9my.<\/li>\n<li><strong>Spr\u00e1vn\u00e9 maz\u00e1n\u00ed:<\/strong> Zaji\u0161t\u011bn\u00ed dostate\u010dn\u00e9ho maz\u00e1n\u00ed v\u00e1lce vhodnou hydraulickou kapalinou zabra\u0148uje opot\u0159eben\u00ed a udr\u017euje optim\u00e1ln\u00ed v\u00fdkon. Pravideln\u00e9 kontroly hladiny maziva jsou nezbytn\u00e9.<\/li>\n<li><strong>V\u00fdm\u011bna t\u011bsn\u011bn\u00ed a kontroly kalibrace:<\/strong> Pravideln\u00e1 v\u00fdm\u011bna opot\u0159ebovan\u00fdch t\u011bsn\u011bn\u00ed a kontrola kalibrace v\u00e1lce pom\u00e1h\u00e1 udr\u017eovat p\u0159esn\u00fd v\u00fdkon. Spr\u00e1vn\u00e1 kalibrace zaji\u0161\u0165uje, \u017ee v\u00e1lec pracuje v r\u00e1mci stanoven\u00fdch parametr\u016f.<\/li>\n<\/ul>\n<p>Spr\u00e1vn\u00e1 instalace, maz\u00e1n\u00ed a se\u0159\u00edzen\u00ed v\u00e1lce v\u00fdlo\u017en\u00edku jsou kl\u00ed\u010dov\u00e9 pro jeho dlouhou \u017eivotnost a v\u00fdkon. Spr\u00e1vn\u00e9 vyrovn\u00e1n\u00ed v\u00e1lce b\u011bhem instalace a pou\u017eit\u00ed vhodn\u00fdch podp\u011brn\u00fdch konzol m\u016f\u017ee zabr\u00e1nit probl\u00e9m\u016fm s nespr\u00e1vn\u00fdm vyrovn\u00e1n\u00edm. Pro zaji\u0161t\u011bn\u00ed provozn\u00ed efektivity je t\u0159eba dodr\u017eovat doporu\u010den\u00e9 postupy kontroly, opravy a v\u00fdm\u011bny. Poskytov\u00e1n\u00ed slu\u017eeb repase a tip\u016f pro prodlou\u017een\u00ed \u017eivotnosti hydraulick\u00fdch v\u00e1lc\u016f tak\u00e9 zlep\u0161\u00ed u\u017eivatelskou zku\u0161enost.<\/p>\n<p><img decoding=\"async\" src=\"https:\/\/www.hydraulic-cylinders.net\/wp-content\/uploads\/2025\/04\/songte-chushion-collar.webp\" alt=\"Pol\u0161t\u00e1\u0159ov\u00fd l\u00edmec\" \/><\/p>\n<h2>Bezpe\u010dnostn\u00ed aspekty a faktory prost\u0159ed\u00ed<\/h2>\n<p>Zaveden\u00ed spr\u00e1vn\u00fdch bezpe\u010dnostn\u00edch opat\u0159en\u00ed b\u011bhem provozu hydraulick\u00fdch v\u00e1lc\u016f je z\u00e1sadn\u00ed. Obsluha by m\u011bla b\u00fdt pro\u0161kolena v rozpozn\u00e1v\u00e1n\u00ed varovn\u00fdch sign\u00e1l\u016f poruchy a ch\u00e1p\u00e1n\u00ed d\u016fle\u017eitosti dodr\u017eov\u00e1n\u00ed bezpe\u010dnostn\u00edch protokol\u016f. Dostate\u010dn\u00e9 \u0161kolen\u00ed obsluhy a dodr\u017eov\u00e1n\u00ed bezpe\u010dnostn\u00edch pokyn\u016f pom\u00e1h\u00e1 p\u0159edch\u00e1zet nehod\u00e1m a zaji\u0161\u0165uje bezpe\u010dn\u00e9 pracovn\u00ed prost\u0159ed\u00ed.<\/p>\n<h2>Diagnostika z\u00e1vad a b\u011b\u017en\u00e9 probl\u00e9my<\/h2>\n<ul>\n<li><strong>\u00danik:<\/strong> \u00daniky hydraulick\u00e9 kapaliny mohou signalizovat selh\u00e1n\u00ed nebo po\u0161kozen\u00ed t\u011bsn\u011bn\u00ed. Pravideln\u00e1 kontrola a v\u010dasn\u00e1 v\u00fdm\u011bna t\u011bsn\u011bn\u00ed m\u016f\u017ee zabr\u00e1nit \u00faniku kapaliny a udr\u017eet v\u00fdkon.<\/li>\n<li><strong>Pomal\u00fd nebo nekonzistentn\u00ed pohyb:<\/strong> Pokud v\u00e1lec reaguje pomalu nebo nekonzistentn\u011b, m\u016f\u017ee to znamenat n\u00edzkou hladinu hydraulick\u00e9 kapaliny nebo pot\u0159ebu maz\u00e1n\u00ed. Kontrola hladiny kapalin a zaji\u0161t\u011bn\u00ed \u0159\u00e1dn\u00e9 \u00fadr\u017eby mohou tyto probl\u00e9my vy\u0159e\u0161it.<\/li>\n<li><strong>Neobvykl\u00e9 zvuky:<\/strong> Jak\u00e9koli abnorm\u00e1ln\u00ed zvuky b\u011bhem provozu mohou signalizovat vnit\u0159n\u00ed po\u0161kozen\u00ed nebo nedostate\u010dn\u00e9 maz\u00e1n\u00ed. Je t\u0159eba okam\u017eit\u011b v\u011bnovat pozornost vy\u0161et\u0159en\u00ed a odstran\u011bn\u00ed p\u0159\u00ed\u010diny t\u011bchto zvuk\u016f.<\/li>\n<\/ul>\n<p>Poskytov\u00e1n\u00ed tip\u016f a \u0159e\u0161en\u00ed b\u011b\u017en\u00fdch probl\u00e9m\u016f s v\u00e1lci m\u016f\u017ee u\u017eivatel\u016fm umo\u017enit efektivn\u011b diagnostikovat a \u0159e\u0161it probl\u00e9my a minimalizovat tak provozn\u00ed p\u0159eru\u0161en\u00ed.<\/p>\n<p><img decoding=\"async\" src=\"https:\/\/www.hydraulic-cylinders.net\/wp-content\/uploads\/2025\/04\/songte-bushings-with-all-kinds-of-excavator-models.webp\" alt=\"Pouzdra pro bagry\" \/><\/p>\n<h2>P\u0159ehled spole\u010dnosti<\/h2>\n<p>Jsme p\u0159edn\u00edm v\u00fdrobcem a velkoobchodn\u00edm distributorem hydraulick\u00fdch v\u00e1lc\u016f s komplexn\u00edm sortimentem produkt\u016f. N\u00e1\u0161 z\u00e1vazek k dokonalosti a propracovan\u00e9 v\u00fdrobn\u00ed strategie n\u00e1s \u0159ad\u00ed mezi p\u0159edn\u00edch dodavatel\u016f na dom\u00e1c\u00edm i mezin\u00e1rodn\u00edm trhu. Vyu\u017e\u00edv\u00e1me modern\u00ed v\u00fdrobn\u00ed za\u0159\u00edzen\u00ed a profesion\u00e1ln\u00ed testovac\u00ed syst\u00e9my, abychom neust\u00e1le zlep\u0161ovali na\u0161e v\u00fdrobn\u00ed kapacity a procesy zaji\u0161t\u011bn\u00ed kvality. Na\u0161e zam\u011b\u0159en\u00ed na vysokou efektivitu, p\u0159esnost a kvalitu n\u00e1m umo\u017e\u0148uje efektivn\u011b uspokojovat rozmanit\u00e9 pot\u0159eby z\u00e1kazn\u00edk\u016f.<\/p>\n<p>Krom\u011b na\u0161\u00ed specializace na hydraulick\u00e9 v\u00e1lce nab\u00edz\u00edme tak\u00e9 slu\u017eby na m\u00edru p\u0159izp\u016fsoben\u00e9 jedine\u010dn\u00fdm po\u017eadavk\u016fm klient\u016f, co\u017e zaji\u0161\u0165uje jejich spokojenost a v\u00fdkon. N\u00e1\u0161 v\u00fdrobn\u00ed z\u00e1vod je vybaven nejmodern\u011bj\u0161\u00ed technologi\u00ed, kter\u00e1 n\u00e1m umo\u017e\u0148uje konzistentn\u011b vyr\u00e1b\u011bt spolehliv\u00e9 a vysoce kvalitn\u00ed produkty. Na\u0161e specializovan\u00e1 poprodejn\u00ed podpora nav\u00edc zaji\u0161\u0165uje, \u017ee klienti obdr\u017e\u00ed komplexn\u00ed pomoc i po zakoupen\u00ed.<\/p>\n<p><img decoding=\"async\" src=\"https:\/\/www.hydraulic-cylinders.net\/wp-content\/uploads\/2025\/04\/songte-company-4.webp\" alt=\"P\u0159ehled spole\u010dnosti\" \/><br \/>\n<img decoding=\"async\" src=\"https:\/\/www.hydraulic-cylinders.net\/wp-content\/uploads\/2025\/04\/songte-company-3.webp\" alt=\"V\u00fdrobn\u00ed z\u00e1vod\" \/><\/p>\n<p>Autor: lyl<\/p>","protected":false},"excerpt":{"rendered":"<p>Boom Cylinder For Yigong CY860 Product Overview The Boom Cylinder for Yigong CY860 is a specialized hydraulic component designed to control the movement of heavy machinery buckets. This hydraulic cylinder plays a critical role in excavators, backhoe loaders, and front-end loaders, enabling these machines to lift, lower, and tilt their buckets efficiently. Its precise engineering [&hellip;]<\/p>","protected":false},"featured_media":17877,"comment_status":"open","ping_status":"closed","template":"","meta":{"_et_pb_use_builder":"","_et_pb_old_content":"","_et_gb_content_width":""},"product_brand":[],"product_cat":[1546],"product_tag":[1547,1496],"class_list":{"0":"post-19719","1":"product","2":"type-product","3":"status-publish","4":"has-post-thumbnail","6":"product_cat-boom-cylinders","7":"product_tag-boom-cylinders","8":"product_tag-hydraulic-cylinders","10":"first","11":"instock","12":"shipping-taxable","13":"product-type-simple"},"amp_enabled":true,"_links":{"self":[{"href":"https:\/\/www.hydraulic-cylinders.net\/cs\/wp-json\/wp\/v2\/product\/19719","targetHints":{"allow":["GET"]}}],"collection":[{"href":"https:\/\/www.hydraulic-cylinders.net\/cs\/wp-json\/wp\/v2\/product"}],"about":[{"href":"https:\/\/www.hydraulic-cylinders.net\/cs\/wp-json\/wp\/v2\/types\/product"}],"replies":[{"embeddable":true,"href":"https:\/\/www.hydraulic-cylinders.net\/cs\/wp-json\/wp\/v2\/comments?post=19719"}],"wp:featuredmedia":[{"embeddable":true,"href":"https:\/\/www.hydraulic-cylinders.net\/cs\/wp-json\/wp\/v2\/media\/17877"}],"wp:attachment":[{"href":"https:\/\/www.hydraulic-cylinders.net\/cs\/wp-json\/wp\/v2\/media?parent=19719"}],"wp:term":[{"taxonomy":"product_brand","embeddable":true,"href":"https:\/\/www.hydraulic-cylinders.net\/cs\/wp-json\/wp\/v2\/product_brand?post=19719"},{"taxonomy":"product_cat","embeddable":true,"href":"https:\/\/www.hydraulic-cylinders.net\/cs\/wp-json\/wp\/v2\/product_cat?post=19719"},{"taxonomy":"product_tag","embeddable":true,"href":"https:\/\/www.hydraulic-cylinders.net\/cs\/wp-json\/wp\/v2\/product_tag?post=19719"}],"curies":[{"name":"wp","href":"https:\/\/api.w.org\/{rel}","templated":true}]}}