{"id":19720,"date":"2025-04-07T07:03:41","date_gmt":"2025-04-07T07:03:41","guid":{"rendered":"https:\/\/www.hydraulic-cylinders.net\/product\/boom-cylinder-for-yigong-cy210\/"},"modified":"2025-04-07T07:03:43","modified_gmt":"2025-04-07T07:03:43","slug":"boom-cylinder-for-yigong-cy210","status":"publish","type":"product","link":"https:\/\/www.hydraulic-cylinders.net\/cs\/produkt\/boom-cylinder-for-yigong-cy210\/","title":{"rendered":"V\u00e1lec v\u00fdlo\u017en\u00edku pro Yigong CY210"},"content":{"rendered":"<h1>V\u00e1lec v\u00fdlo\u017en\u00edku pro Yigong CY210<\/h1>\n<h2>\u00davod k v\u00e1lci v\u00fdlo\u017en\u00edku<\/h2>\n<p>Hydraulick\u00fd v\u00e1lec v\u00fdlo\u017en\u00edku je kl\u00ed\u010dovou sou\u010d\u00e1st\u00ed hydraulick\u00fdch syst\u00e9m\u016f, speci\u00e1ln\u011b navr\u017eenou pro ovl\u00e1d\u00e1n\u00ed pohybu l\u017e\u00edc v r\u016fzn\u00fdch t\u011b\u017ek\u00fdch stroj\u00edch, jako jsou rypadla, r\u00fdpadlo-naklada\u010de a \u010deln\u00ed naklada\u010de. Tento hydraulick\u00fd v\u00e1lec umo\u017e\u0148uje l\u017e\u00edci zvedat, spou\u0161t\u011bt a nakl\u00e1n\u011bt, co\u017e usnad\u0148uje efektivn\u00ed manipulaci s materi\u00e1lem. V\u00e1lec v\u00fdlo\u017en\u00edku je navr\u017een tak, aby odolal vysok\u00fdm tlak\u016fm a t\u011b\u017ek\u00fdm n\u00e1klad\u016fm a poskytoval tak nezbytnou pevnost a odolnost pot\u0159ebnou pro n\u00e1ro\u010dn\u00e9 aplikace. Jeho role v hydraulick\u00fdch syst\u00e9mech je z\u00e1sadn\u00ed, proto\u017ee p\u0159ev\u00e1d\u00ed hydraulick\u00fd tlak na mechanick\u00fd pohyb, co\u017e umo\u017e\u0148uje obsluze prov\u00e1d\u011bt \u00fakoly s p\u0159esnost\u00ed a snadnost\u00ed.<\/p>\n<p><img decoding=\"async\" src=\"https:\/\/www.hydraulic-cylinders.net\/wp-content\/uploads\/2025\/04\/songte-company-1.webp\" alt=\"V\u00e1lec v\u00fdlo\u017en\u00edku pro Yigong CY210\"><\/p>\n<h2>Vlastnosti v\u00e1lce v\u00fdlo\u017en\u00edku<\/h2>\n<ul>\n<li><strong>Vysok\u00e1 pevnost a trvanlivost:<\/strong> V\u00e1lec v\u00fdlo\u017en\u00edku, obvykle vyroben\u00fd z vysokopevnostn\u00ed oceli nebo hlin\u00edku, je navr\u017een tak, aby odolal vysok\u00e9mu tlaku a t\u011b\u017ek\u00e9mu zat\u00ed\u017een\u00ed a z\u00e1rove\u0148 byl vhodn\u00fd pro n\u00e1ro\u010dn\u00e9 pracovn\u00ed prost\u0159ed\u00ed. Jeho konstrukce zohled\u0148uje odolnost proti opot\u0159eben\u00ed a korozi, \u010d\u00edm\u017e se prodlu\u017euje jeho \u017eivotnost.<\/li>\n<li><strong>Efektivn\u00ed hydraulick\u00fd provoz:<\/strong> V\u00e1lec vyu\u017e\u00edv\u00e1 hydraulick\u00fd tlak oleje k dosa\u017een\u00ed plynul\u00e9ho vysouv\u00e1n\u00ed a zasouv\u00e1n\u00ed, co\u017e umo\u017e\u0148uje rychlou reakci na \u0159\u00eddic\u00ed sign\u00e1ly a poskytuje v\u00fdkonn\u00e9 funkce pro tla\u010den\u00ed a tah\u00e1n\u00ed, vhodn\u00e9 pro manipulaci s t\u011b\u017ek\u00fdmi p\u0159edm\u011bty a slo\u017eit\u00e9 \u00fakoly.<\/li>\n<li><strong>R\u016fzn\u00e9 typy:<\/strong> V\u00e1lce v\u00fdlo\u017en\u00edku lze vyb\u00edrat podle pot\u0159eby, v\u010detn\u011b jedno\u010dinn\u00fdch (vyu\u017e\u00edvaj\u00edc\u00edch hydraulickou s\u00edlu v jednom sm\u011bru) nebo dvoj\u010dinn\u00fdch (vyu\u017e\u00edvaj\u00edc\u00edch hydraulickou s\u00edlu v obou sm\u011brech), co\u017e jim umo\u017e\u0148uje spl\u0148ovat r\u016fzn\u00e9 provozn\u00ed po\u017eadavky. N\u011bkter\u00e9 modely jsou teleskopick\u00e9, co\u017e umo\u017e\u0148uje v\u011bt\u0161\u00ed vysunut\u00ed bez zv\u011bt\u0161en\u00ed vn\u011bj\u0161\u00edch rozm\u011br\u016f, co\u017e je ide\u00e1ln\u00ed pro aplikace s omezen\u00fdm prostorem.<\/li>\n<li><strong>P\u0159izp\u016fsobiteln\u00e9 n\u00e1vrhy:<\/strong> Na\u0161e spole\u010dnost m\u016f\u017ee tento produkt vyrobit se specifikacemi p\u0159izp\u016fsoben\u00fdmi va\u0161im po\u017eadavk\u016fm. Na\u0161e produkty slou\u017e\u00ed jako perfektn\u00ed n\u00e1hrada za st\u00e1vaj\u00edc\u00ed hydraulick\u00e9 v\u00e1lce.<\/li>\n<li><strong>Robustn\u00ed konstrukce:<\/strong> Ka\u017ed\u00fd v\u00e1lec v\u00fdlo\u017en\u00edku je vyroben s vyu\u017eit\u00edm pokro\u010dil\u00fdch v\u00fdrobn\u00edch technologi\u00ed, co\u017e zaji\u0161\u0165uje vysokou spolehlivost a v\u00fdkon i v n\u00e1ro\u010dn\u00fdch podm\u00ednk\u00e1ch.<\/li>\n<\/ul>\n<p><img decoding=\"async\" src=\"https:\/\/www.hydraulic-cylinders.net\/wp-content\/uploads\/2025\/04\/songte-cylinder-head-with-all-kinds-excavator-models.webp\" alt=\"Hlava v\u00e1lc\u016f pro modely bagr\u016f\"><\/p>\n<h2>Aplikace v\u00e1lce v\u00fdlo\u017en\u00edku<\/h2>\n<h3>Stavebn\u00ed stroje<\/h3>\n<p>U bagr\u016f jsou v\u00e1lce v\u00fdlo\u017en\u00edku kl\u00ed\u010dov\u00e9 pro kop\u00e1n\u00ed, nakl\u00e1d\u00e1n\u00ed a p\u0159esouv\u00e1n\u00ed zeminy nebo suti. Poskytuj\u00ed pot\u0159ebnou s\u00edlu pro efektivn\u00ed zved\u00e1n\u00ed a spou\u0161t\u011bn\u00ed l\u017e\u00edce, co\u017e umo\u017e\u0148uje obsluze prov\u00e1d\u011bt v\u00fdkopov\u00e9 pr\u00e1ce s p\u0159esnost\u00ed. V\u00fdkon t\u011bchto v\u00e1lc\u016f p\u0159\u00edmo ovliv\u0148uje produktivitu a efektivitu stavebn\u00edch projekt\u016f.<\/p>\n<h3>Zem\u011bd\u011blsk\u00e9 stroje<\/h3>\n<p>V\u00e1lce v\u00fdlo\u017en\u00edku, pou\u017e\u00edvan\u00e9 v \u010deln\u00edch naklada\u010d\u00edch, pom\u00e1haj\u00ed p\u0159i nab\u00edr\u00e1n\u00ed, zved\u00e1n\u00ed a p\u0159eprav\u011b zeminy, sena a dal\u0161\u00edch materi\u00e1l\u016f. Jejich schopnost zajistit plynul\u00fd pohyb a zna\u010dnou zvedac\u00ed s\u00edlu je \u010din\u00ed neoceniteln\u00fdmi pro zem\u011bd\u011blsk\u00e9 \u00fakoly a zvy\u0161uje efektivitu operac\u00ed, jako je nakl\u00e1d\u00e1n\u00ed a vykl\u00e1d\u00e1n\u00ed materi\u00e1l\u016f.<\/p>\n<h3>Bagry<\/h3>\n<p>U rypadel umo\u017e\u0148uje v\u00e1lec v\u00fdlo\u017en\u00edku pronik\u00e1n\u00ed l\u017e\u00edce do zem\u011b, co\u017e umo\u017e\u0148uje efektivn\u00ed kop\u00e1n\u00ed. Jeho v\u00fdkonn\u00fd hydraulick\u00fd mechanismus zaji\u0161\u0165uje, \u017ee obsluha zvl\u00e1dne r\u016fzn\u00e9 typy p\u016fd a podm\u00ednky, co\u017e p\u0159isp\u00edv\u00e1 k v\u0161estrannosti a efektivit\u011b rypadel na staveni\u0161t\u00edch.<\/p>\n<h3>Naklada\u010de<\/h3>\n<p>U \u010deln\u00edch naklada\u010d\u016f jsou v\u00e1lce v\u00fdlo\u017en\u00edku nezbytn\u00e9 pro efektivn\u00ed zved\u00e1n\u00ed a vykl\u00e1p\u011bn\u00ed b\u0159emen. Pom\u00e1haj\u00ed p\u0159i zved\u00e1n\u00ed materi\u00e1l\u016f a nakl\u00e1p\u011bn\u00ed lopaty pro p\u0159esn\u00e9 uvoln\u011bn\u00ed obsahu, co\u017e je \u010din\u00ed kl\u00ed\u010dov\u00fdmi pro efektivn\u00ed manipulaci s materi\u00e1lem ve stavebnictv\u00ed a krajin\u00e1\u0159sk\u00fdch prac\u00edch.<\/p>\n<h2>Konstruk\u010dn\u00ed aspekty a krit\u00e9ria v\u00fdb\u011bru<\/h2>\n<h3>Nosnost<\/h3>\n<p>P\u0159i v\u00fdb\u011bru v\u00e1lce v\u00fdlo\u017en\u00edku je kl\u00ed\u010dov\u00e9 pochopen\u00ed nosnosti. Ur\u010duje, kolik hmotnosti m\u016f\u017ee v\u00e1lec bezpe\u010dn\u011b zvednout a manipulovat s n\u00edm. Nosnost mus\u00ed b\u00fdt dob\u0159e p\u0159izp\u016fsobena stroji a \u00fakol\u016fm, kter\u00e9 bude vykon\u00e1vat, aby se zabr\u00e1nilo mechanick\u00e9mu selh\u00e1n\u00ed a byla zaji\u0161t\u011bna bezpe\u010dnost provozu.<\/p>\n<h3>T\u011bsnic\u00ed v\u00fdkon<\/h3>\n<p>T\u011bsn\u011bn\u00ed je pro hydraulick\u00e9 v\u00e1lce z\u00e1sadn\u00ed, aby se zabr\u00e1nilo \u00fanik\u016fm a udr\u017eel tlak. Vysoce kvalitn\u00ed t\u011bsn\u011bn\u00ed jsou nezbytn\u00e1 pro zaji\u0161t\u011bn\u00ed dlouh\u00e9 \u017eivotnosti a spolehlivosti v\u00e1lce. Spr\u00e1vn\u00e9 t\u011bsnic\u00ed mechanismy udr\u017euj\u00ed hydraulickou kapalinu v uzav\u0159en\u00e9m stavu, \u010d\u00edm\u017e zabra\u0148uj\u00ed ztr\u00e1t\u011b funkce a zaji\u0161\u0165uj\u00ed konzistentn\u00ed v\u00fdkon za r\u016fzn\u00fdch podm\u00ednek.<\/p>\n<h3>Trvanlivost a dlouh\u00e1 \u017eivotnost<\/h3>\n<p>Trvanlivost je kl\u00ed\u010dov\u00fdm faktorem p\u0159i zva\u017eov\u00e1n\u00ed v\u00e1lc\u016f ramen. Mus\u00ed odol\u00e1vat n\u00e1ro\u010dn\u00fdm podm\u00ednk\u00e1m prost\u0159ed\u00ed, v\u010detn\u011b extr\u00e9mn\u00edch teplot, vlhkosti a ne\u010distot. Materi\u00e1ly pou\u017eit\u00e9 p\u0159i v\u00fdrob\u011b by m\u011bly b\u00fdt odoln\u00e9 v\u016f\u010di opot\u0159eben\u00ed a korozi, aby byl zaji\u0161t\u011bn optim\u00e1ln\u00ed v\u00fdkon v\u00e1lce po celou dobu jeho \u017eivotnosti bez \u010dast\u00fdch v\u00fdm\u011bn.<\/p>\n<h3>Bezpe\u010dnostn\u00ed prvky<\/h3>\n<p>Bezpe\u010dnostn\u00ed prvky hydraulick\u00fdch v\u00e1lc\u016f jsou z\u00e1sadn\u00ed pro prevenci nehod a zaji\u0161t\u011bn\u00ed bezpe\u010dnosti obsluhy. Mohou mezi n\u011b pat\u0159it p\u0159etlakov\u00e9 ventily, bezpe\u010dnostn\u00ed z\u00e1mky a bezpe\u010dnostn\u00ed mechanismy, kter\u00e9 chr\u00e1n\u00ed p\u0159ed n\u00e1hl\u00fdmi poruchami nebo z\u00e1vadami a p\u0159isp\u00edvaj\u00ed k bezpe\u010dn\u011bj\u0161\u00edmu provozu v n\u00e1ro\u010dn\u00fdch prost\u0159ed\u00edch.<\/p>\n<h3>P\u0159\u00edstupnost \u00fadr\u017eby<\/h3>\n<p>Navrhov\u00e1n\u00ed v\u00e1lc\u016f v\u00fdlo\u017en\u00edku s ohledem na \u00fadr\u017ebu je z\u00e1sadn\u00ed. P\u0159\u00edstupnost pro pravideln\u00e9 kontroly, opravy a maz\u00e1n\u00ed zaji\u0161\u0165uje, \u017ee v\u00e1lec z\u016fstane v optim\u00e1ln\u00edm provozn\u00edm stavu. Konstrukce, kter\u00e1 umo\u017e\u0148uje snadn\u00fd p\u0159\u00edstup k t\u011bsn\u011bn\u00edm a sou\u010d\u00e1stem, usnad\u0148uje preventivn\u00ed \u00fadr\u017ebu a prodlu\u017euje \u017eivotnost v\u00e1lce.<\/p>\n<p><img decoding=\"async\" src=\"https:\/\/www.hydraulic-cylinders.net\/wp-content\/uploads\/2025\/04\/songte-oil-pipes-and-spare-parts.webp\" alt=\"Olejov\u00e9 trubky a n\u00e1hradn\u00ed d\u00edly\"><\/p>\n<h2>T\u011bsn\u011bn\u00ed a maz\u00e1n\u00ed<\/h2>\n<p>T\u011bsnic\u00ed a mazac\u00ed syst\u00e9my v\u00e1lc\u016f v\u00fdlo\u017en\u00edku jsou z\u00e1sadn\u00ed pro jejich efektivn\u00ed provoz. R\u016fzn\u00e1 t\u011bsn\u011bn\u00ed, jako jsou p\u00edstn\u00ed a p\u00edstn\u00ed t\u011bsn\u011bn\u00ed, hraj\u00ed kl\u00ed\u010dovou roli v udr\u017eov\u00e1n\u00ed hydraulick\u00e9ho tlaku a prevenci \u00fanik\u016f. T\u011bsn\u011bn\u00ed jsou \u010dasto vyrobena z materi\u00e1l\u016f odoln\u00fdch proti opot\u0159eben\u00ed, jako je polyuretan a nitrilov\u00e1 pry\u017e, aby se zv\u00fd\u0161ila odolnost a v\u00fdkon.<\/p>\n<p>T\u011bleso v\u00e1lce a z\u00e1vitov\u00e9 koncov\u00e9 plochy proch\u00e1zej\u00ed p\u0159esn\u00fdm o\u0161et\u0159en\u00edm pro zlep\u0161en\u00ed odolnosti proti opot\u0159eben\u00ed, co\u017e je nezbytn\u00e9 pro dlouhodobou funk\u010dnost. Pravideln\u00e9 maz\u00e1n\u00ed hydraulick\u00fdm olejem zaji\u0161\u0165uje hladk\u00fd chod pohybliv\u00fdch \u010d\u00e1st\u00ed, sni\u017euje t\u0159en\u00ed a opot\u0159eben\u00ed a z\u00e1rove\u0148 prodlu\u017euje celkovou \u017eivotnost v\u00e1lce.<\/p>\n<h2>Preventivn\u00ed \u00fadr\u017ebov\u00e1 opat\u0159en\u00ed<\/h2>\n<ul>\n<li><strong>Pravideln\u00e9 kontroly:<\/strong> Prov\u00e1d\u011bjte d\u016fkladn\u00e9 kontroly, abyste odhalili jak\u00e9koli zn\u00e1mky opot\u0159eben\u00ed nebo net\u011bsnost\u00ed. V\u010dasn\u00e9 odhalen\u00ed probl\u00e9m\u016f m\u016f\u017ee zabr\u00e1nit z\u00e1va\u017en\u00fdm poruch\u00e1m a n\u00e1kladn\u00fdm oprav\u00e1m.<\/li>\n<li><strong>Spr\u00e1vn\u00e9 maz\u00e1n\u00ed:<\/strong> Zajist\u011bte, aby hladina hydraulick\u00e9ho oleje byla na spr\u00e1vn\u00e9 \u00farovni, a v p\u0159\u00edpad\u011b pot\u0159eby jej vym\u011b\u0148te. T\u00edm se zabr\u00e1n\u00ed p\u0159eh\u0159\u00e1t\u00ed a sn\u00ed\u017e\u00ed se opot\u0159eben\u00ed vnit\u0159n\u00edch sou\u010d\u00e1st\u00ed.<\/li>\n<li><strong>V\u00fdm\u011bna t\u011bsn\u011bn\u00ed:<\/strong> Pravideln\u011b kontrolujte t\u011bsn\u011bn\u00ed, zda nevykazuj\u00ed zn\u00e1mky po\u0161kozen\u00ed nebo degradace. V\u010dasn\u00e1 v\u00fdm\u011bna t\u011bsn\u011bn\u00ed m\u016f\u017ee zabr\u00e1nit net\u011bsnostem a udr\u017eet hydraulick\u00fd tlak pro optim\u00e1ln\u00ed v\u00fdkon.<\/li>\n<\/ul>\n<h2>Pokyny k instalaci<\/h2>\n<p>Spr\u00e1vn\u00e1 instalace v\u00e1lce v\u00fdlo\u017en\u00edku je z\u00e1sadn\u00ed pro jeho v\u00fdkon a \u017eivotnost. Za\u010dn\u011bte t\u00edm, \u017ee se ujist\u00edte, \u017ee pracovn\u00ed prostor je \u010dist\u00fd a bez ne\u010distot, kter\u00e9 by mohly ovlivnit instalaci. K zaji\u0161t\u011bn\u00ed v\u00e1lce pou\u017eijte vhodn\u00e9 mont\u00e1\u017en\u00ed konzoly a ujist\u011bte se, \u017ee je spr\u00e1vn\u011b zarovn\u00e1n se strojn\u00edm za\u0159\u00edzen\u00edm.<\/p>\n<p>P\u0159i instalaci dodr\u017eujte specifikace v\u00fdrobce t\u00fdkaj\u00edc\u00ed se nastaven\u00ed utahovac\u00edho momentu a vyrovn\u00e1n\u00ed. T\u00edm zajist\u00edte plynul\u00fd a bezpe\u010dn\u00fd chod v\u00e1lce. Po instalaci zkontrolujte p\u0159\u00edpadn\u00e9 hydraulick\u00e9 net\u011bsnosti a ujist\u011bte se, \u017ee se v\u00e1lec voln\u011b pohybuje bez p\u0159ek\u00e1\u017eek. Pravideln\u00e1 kontrola instalace m\u016f\u017ee pomoci udr\u017eet optim\u00e1ln\u00ed v\u00fdkon a bezpe\u010dnost.<\/p>\n<h2>B\u011b\u017en\u00e9 \u00fakoly \u00fadr\u017eby<\/h2>\n<h3>Pravideln\u00e9 kontroly<\/h3>\n<p>Pravideln\u00e9 kontroly v\u00e1lce v\u00fdlo\u017en\u00edku pom\u00e1haj\u00ed identifikovat potenci\u00e1ln\u00ed probl\u00e9my d\u0159\u00edve, ne\u017e se stanou z\u00e1va\u017en\u00fdmi. Pat\u0159\u00ed sem kontrola net\u011bsnost\u00ed, neobvykl\u00fdch zvuk\u016f a zaji\u0161t\u011bn\u00ed spr\u00e1vn\u00e9 hladiny hydraulick\u00e9 kapaliny. Pravideln\u00e9 monitorov\u00e1n\u00ed m\u016f\u017ee \u00fa\u010dinn\u011b p\u0159edch\u00e1zet katastrofick\u00fdm poruch\u00e1m.<\/p>\n<h3>Spr\u00e1vn\u00e9 maz\u00e1n\u00ed<\/h3>\n<p>Zaji\u0161t\u011bn\u00ed spr\u00e1vn\u00e9ho maz\u00e1n\u00ed je nezbytn\u00e9 pro udr\u017een\u00ed funk\u010dnosti v\u00e1lce v\u00fdlo\u017en\u00edku. Pou\u017e\u00edvejte doporu\u010denou hydraulickou kapalinu a dodr\u017eujte pokyny v\u00fdrobce t\u00fdkaj\u00edc\u00ed se interval\u016f v\u00fdm\u011bny kapaliny. Spr\u00e1vn\u00e9 maz\u00e1n\u00ed sni\u017euje t\u0159en\u00ed a opot\u0159eben\u00ed, \u010d\u00edm\u017e prodlu\u017euje \u017eivotnost v\u00e1lce.<\/p>\n<h3>V\u00fdm\u011bna t\u011bsn\u011bn\u00ed a kontroly kalibrace<\/h3>\n<p>V\u00fdm\u011bna t\u011bsn\u011bn\u00ed je z\u00e1sadn\u00ed pro zachov\u00e1n\u00ed hydraulick\u00e9 integrity. T\u011bsn\u011bn\u00ed pravideln\u011b kontrolujte a vym\u011b\u0148te je, pokud zjist\u00edte jak\u00e9koli opot\u0159eben\u00ed nebo po\u0161kozen\u00ed. D\u016fle\u017eit\u00e9 jsou tak\u00e9 kalibra\u010dn\u00ed kontroly, aby se zajistilo, \u017ee v\u00e1lec pracuje v r\u00e1mci stanoven\u00fdch parametr\u016f, co\u017e zvy\u0161uje bezpe\u010dnost a \u00fa\u010dinnost.<\/p>\n<p><img decoding=\"async\" src=\"https:\/\/www.hydraulic-cylinders.net\/wp-content\/uploads\/2025\/04\/songte-chushion-collar.webp\" alt=\"Pol\u0161t\u00e1\u0159ov\u00fd l\u00edmec\"><\/p>\n<h2>Bezpe\u010dnostn\u00ed aspekty a faktory prost\u0159ed\u00ed<\/h2>\n<p>Bezpe\u010dnostn\u00ed opat\u0159en\u00ed jsou p\u0159i obsluze hydraulick\u00fdch v\u00e1lc\u016f prvo\u0159ad\u00e1. Obsluha mus\u00ed b\u00fdt pro\u0161kolena, aby rozum\u011bla potenci\u00e1ln\u00edm rizik\u016fm spojen\u00fdm s hydraulick\u00fdmi syst\u00e9my. Pro minimalizaci rizik na pracovi\u0161ti jsou nezbytn\u00e9 \u0159\u00e1dn\u00e9 bezpe\u010dnostn\u00ed protokoly, v\u010detn\u011b pou\u017e\u00edv\u00e1n\u00ed osobn\u00edch ochrann\u00fdch prost\u0159edk\u016f a dodr\u017eov\u00e1n\u00ed provozn\u00edch pokyn\u016f.<\/p>\n<h2>Diagnostika z\u00e1vad a b\u011b\u017en\u00e9 probl\u00e9my<\/h2>\n<ul>\n<li><strong>Ztr\u00e1ta hydraulick\u00e9ho tlaku:<\/strong> To m\u016f\u017ee b\u00fdt zp\u016fsobeno net\u011bsnostmi v syst\u00e9mu, vadn\u00fdmi t\u011bsn\u011bn\u00edmi nebo nedostatkem hydraulick\u00e9 kapaliny. Zkontrolujte viditeln\u00e9 net\u011bsnosti a ujist\u011bte se, \u017ee hydraulick\u00e1 kapalina je na spr\u00e1vn\u00e9 hladin\u011b.<\/li>\n<li><strong>Pomal\u00fd provoz:<\/strong> Pomal\u00fd chod v\u00e1lce v\u00fdlo\u017en\u00edku m\u016f\u017ee signalizovat n\u00edzkou hladinu hydraulick\u00e9 kapaliny nebo jej\u00ed zne\u010di\u0161t\u011bn\u00ed. Pravideln\u00e1 \u00fadr\u017eba a v\u00fdm\u011bna kapalin mohou tomuto probl\u00e9mu pomoci p\u0159edej\u00edt.<\/li>\n<li><strong>Neo\u010dek\u00e1van\u00e9 zvuky:<\/strong> Neobvykl\u00e9 zvuky b\u011bhem provozu mohou signalizovat vnit\u0159n\u00ed opot\u0159eben\u00ed, uvoln\u011bn\u00e9 sou\u010d\u00e1sti nebo nedostatek maz\u00e1n\u00ed. Prove\u010fte d\u016fkladn\u00e9 kontroly, abyste zjistili a odstranili p\u0159\u00ed\u010dinu hluku.<\/li>\n<\/ul>\n<h2>Tipy pro \u0159e\u0161en\u00ed probl\u00e9m\u016f<\/h2>\n<p>Pro efektivn\u00ed \u0159e\u0161en\u00ed probl\u00e9m\u016f s hydraulick\u00fdmi v\u00e1lci za\u010dn\u011bte systematickou kontrolou cel\u00e9ho hydraulick\u00e9ho syst\u00e9mu. Identifikujte v\u0161echny viditeln\u00e9 probl\u00e9my, jako jsou net\u011bsnosti, a poslouchejte neobvykl\u00e9 zvuky b\u011bhem provozu. Ujist\u011bte se, \u017ee hydraulick\u00e1 kapalina je \u010dist\u00e1 a na spr\u00e1vn\u00e9 hladin\u011b, a v p\u0159\u00edpad\u011b pot\u0159eby ji vym\u011b\u0148te.<\/p>\n<p>Zav\u00e1d\u011bn\u00ed preventivn\u00edch opat\u0159en\u00ed, jako je pravideln\u00e1 \u00fadr\u017eba a kontroly, m\u016f\u017ee v\u00fdrazn\u011b sn\u00ed\u017eit pravd\u011bpodobnost vzniku probl\u00e9m\u016f. Vzd\u011bl\u00e1v\u00e1n\u00ed obsluhy o spr\u00e1vn\u00e9m pou\u017e\u00edv\u00e1n\u00ed a p\u00e9\u010di o hydraulick\u00e9 syst\u00e9my tak\u00e9 p\u0159isp\u00edv\u00e1 k minimalizaci potenci\u00e1ln\u00edch probl\u00e9m\u016f.<\/p>\n<p><img decoding=\"async\" src=\"https:\/\/www.hydraulic-cylinders.net\/wp-content\/uploads\/2025\/04\/songte-bushings-with-all-kinds-of-excavator-models.webp\" alt=\"Pouzdra pro modely bagr\u016f\"><\/p>\n<h2>O na\u0161\u00ed spole\u010dnosti<\/h2>\n<p>Jsme p\u0159edn\u00edm v\u00fdrobcem a velkoobchodn\u00edm distributorem n\u00e1hradn\u00edch hydraulick\u00fdch v\u00e1lc\u016f a nab\u00edz\u00edme komplexn\u00ed sortiment produkt\u016f, d\u00edky kter\u00e9mu jsme se stali l\u00eddrem na dom\u00e1c\u00edm i mezin\u00e1rodn\u00edm trhu. N\u00e1\u0161 z\u00e1vazek k vynikaj\u00edc\u00ed kvalit\u011b je podpo\u0159en propracovanou strategi\u00ed \u0159\u00edzen\u00ed v\u00fdroby, kter\u00e1 vyu\u017e\u00edv\u00e1 modern\u00ed v\u00fdrobn\u00ed za\u0159\u00edzen\u00ed.<\/p>\n<p>S d\u016frazem na kvalifikovan\u00fd person\u00e1l, \u0161pi\u010dkov\u00e9 digit\u00e1ln\u00ed v\u00fdrobn\u00ed za\u0159\u00edzen\u00ed a profesion\u00e1ln\u00ed testovac\u00ed syst\u00e9my neust\u00e1le vylep\u0161ujeme na\u0161i v\u00fdrobn\u00ed platformu. Na\u0161e siln\u00e9 inova\u010dn\u00ed schopnosti v kombinaci s principy vysok\u00e9 efektivity, p\u0159esnosti a kvality n\u00e1m umo\u017e\u0148uj\u00ed uspokojovat rozmanit\u00e9 pot\u0159eby z\u00e1kazn\u00edk\u016f.<\/p>\n<p><img decoding=\"async\" src=\"https:\/\/www.hydraulic-cylinders.net\/wp-content\/uploads\/2025\/04\/songte-company-4.webp\" alt=\"P\u0159ehled spole\u010dnosti\"><br \/>\n<img decoding=\"async\" src=\"https:\/\/www.hydraulic-cylinders.net\/wp-content\/uploads\/2025\/04\/songte-company-3.webp\" alt=\"Hlavn\u00ed body spole\u010dnosti\"><\/p>\n<p>Autor: lyl<\/p>","protected":false},"excerpt":{"rendered":"<p>Boom Cylinder For Yigong CY210 Introduction to Boom Cylinder A boom cylinder is a crucial component in hydraulic systems, specifically designed to control the movement of buckets in various heavy machinery, such as excavators, backhoe loaders, and front-end loaders. This hydraulic cylinder enables the bucket to lift, lower, and tilt, facilitating efficient material handling tasks. [&hellip;]<\/p>","protected":false},"featured_media":17878,"comment_status":"open","ping_status":"closed","template":"","meta":{"_et_pb_use_builder":"","_et_pb_old_content":"","_et_gb_content_width":""},"product_brand":[],"product_cat":[1546],"product_tag":[1547,1496],"class_list":{"0":"post-19720","1":"product","2":"type-product","3":"status-publish","4":"has-post-thumbnail","6":"product_cat-boom-cylinders","7":"product_tag-boom-cylinders","8":"product_tag-hydraulic-cylinders","10":"first","11":"instock","12":"shipping-taxable","13":"product-type-simple"},"amp_enabled":true,"_links":{"self":[{"href":"https:\/\/www.hydraulic-cylinders.net\/cs\/wp-json\/wp\/v2\/product\/19720","targetHints":{"allow":["GET"]}}],"collection":[{"href":"https:\/\/www.hydraulic-cylinders.net\/cs\/wp-json\/wp\/v2\/product"}],"about":[{"href":"https:\/\/www.hydraulic-cylinders.net\/cs\/wp-json\/wp\/v2\/types\/product"}],"replies":[{"embeddable":true,"href":"https:\/\/www.hydraulic-cylinders.net\/cs\/wp-json\/wp\/v2\/comments?post=19720"}],"wp:featuredmedia":[{"embeddable":true,"href":"https:\/\/www.hydraulic-cylinders.net\/cs\/wp-json\/wp\/v2\/media\/17878"}],"wp:attachment":[{"href":"https:\/\/www.hydraulic-cylinders.net\/cs\/wp-json\/wp\/v2\/media?parent=19720"}],"wp:term":[{"taxonomy":"product_brand","embeddable":true,"href":"https:\/\/www.hydraulic-cylinders.net\/cs\/wp-json\/wp\/v2\/product_brand?post=19720"},{"taxonomy":"product_cat","embeddable":true,"href":"https:\/\/www.hydraulic-cylinders.net\/cs\/wp-json\/wp\/v2\/product_cat?post=19720"},{"taxonomy":"product_tag","embeddable":true,"href":"https:\/\/www.hydraulic-cylinders.net\/cs\/wp-json\/wp\/v2\/product_tag?post=19720"}],"curies":[{"name":"wp","href":"https:\/\/api.w.org\/{rel}","templated":true}]}}