{"id":19724,"date":"2025-04-07T07:04:02","date_gmt":"2025-04-07T07:04:02","guid":{"rendered":"https:\/\/www.hydraulic-cylinders.net\/product\/boom-cylinder-for-xiniu-xn63180\/"},"modified":"2025-04-07T07:04:05","modified_gmt":"2025-04-07T07:04:05","slug":"boom-cylinder-for-xiniu-xn63180","status":"publish","type":"product","link":"https:\/\/www.hydraulic-cylinders.net\/cs\/produkt\/boom-cylinder-for-xiniu-xn63180\/","title":{"rendered":"V\u00e1lec v\u00fdlo\u017en\u00edku pro Xiniu XN63180"},"content":{"rendered":"<h1>V\u00e1lec v\u00fdlo\u017en\u00edku pro Xiniu XN63180<\/h1>\n<h2>P\u0159ehled produktu<\/h2>\n<p>Hydraulick\u00fd v\u00e1lec v\u00fdlo\u017en\u00edku pro Xiniu XN63180 je specializovan\u00fd hydraulick\u00fd v\u00e1lec ur\u010den\u00fd k ovl\u00e1d\u00e1n\u00ed pohybu l\u017e\u00edc r\u016fzn\u00fdch t\u011b\u017ek\u00fdch stroj\u016f, jako jsou rypadla, r\u00fdpadlo-naklada\u010de a \u010deln\u00ed naklada\u010de. Tento hydraulick\u00fd v\u00e1lec umo\u017e\u0148uje l\u017e\u00edci zvedat, spou\u0161t\u011bt a nakl\u00e1n\u011bt, co\u017e usnad\u0148uje efektivn\u00ed manipulaci s materi\u00e1lem. V\u00e1lec l\u017e\u00edce hraje kl\u00ed\u010dovou roli v hydraulick\u00fdch syst\u00e9mech a poskytuje pot\u0159ebnou s\u00edlu a pohyb pro prov\u00e1d\u011bn\u00ed n\u00e1ro\u010dn\u00fdch prac\u00ed ve stavebnictv\u00ed a zem\u011bd\u011blstv\u00ed. Jeho konstrukce zaji\u0161\u0165uje optim\u00e1ln\u00ed v\u00fdkon a spolehlivost, co\u017e z n\u011bj \u010din\u00ed nezbytnou sou\u010d\u00e1st pro obsluhu v r\u016fzn\u00fdch odv\u011btv\u00edch.<\/p>\n<p><img decoding=\"async\" src=\"https:\/\/www.hydraulic-cylinders.net\/wp-content\/uploads\/2025\/04\/songte-company-1.webp\" alt=\"V\u00e1lec v\u00fdlo\u017en\u00edku\" \/><\/p>\n<h2>Vlastnosti v\u00e1lce v\u00fdlo\u017en\u00edku<\/h2>\n<ul>\n<li><strong>Vysok\u00e1 pevnost a trvanlivost:<\/strong> Tento v\u00e1lec, obvykle vyroben\u00fd z vysokopevnostn\u00ed oceli nebo hlin\u00edku, odol\u00e1 vysok\u00fdm tlak\u016fm a velk\u00e9mu zat\u00ed\u017een\u00ed, a je vhodn\u00fd pro n\u00e1ro\u010dn\u00e9 pracovn\u00ed prost\u0159ed\u00ed. Jeho konstrukce zahrnuje odolnost proti opot\u0159eben\u00ed a korozi, co\u017e prodlu\u017euje jeho \u017eivotnost.<\/li>\n<li><strong>Efektivn\u00ed hydraulick\u00fd provoz:<\/strong> Vyu\u017eit\u00ed tlaku hydraulick\u00e9ho oleje umo\u017e\u0148uje plynul\u00e9 vysouv\u00e1n\u00ed a zasouv\u00e1n\u00ed, rychlou reakci na ovl\u00e1dac\u00ed povely a z\u00e1rove\u0148 poskytuje siln\u00e9 s\u00edly p\u0159i tla\u010den\u00ed a tahu, ide\u00e1ln\u00ed pro manipulaci s t\u011b\u017ek\u00fdmi p\u0159edm\u011bty a slo\u017eit\u00e9 \u00fakoly.<\/li>\n<li><strong>R\u016fzn\u00e9 typy:<\/strong> K dispozici v konfigurac\u00edch jako jedno\u010dinn\u00e9 (s vyu\u017eit\u00edm hydraulick\u00e9 s\u00edly v jednom sm\u011bru) nebo dvoj\u010dinn\u00e9 (s vyu\u017eit\u00edm hydraulick\u00e9 s\u00edly v obou sm\u011brech), p\u0159i\u010dem\u017e n\u011bkter\u00e9 modely jsou teleskopick\u00e9 pro v\u011bt\u0161\u00ed v\u00fdsuv bez zv\u011bt\u0161en\u00ed vn\u011bj\u0161\u00edch rozm\u011br\u016f, vhodn\u00e9 pro omezen\u00e9 prostory.<\/li>\n<li><strong>Mo\u017enosti zak\u00e1zkov\u00e9 v\u00fdroby:<\/strong> N\u00e1\u0161 z\u00e1vod dok\u00e1\u017ee tento produkt vyrobit a dokonale nahradit st\u00e1vaj\u00edc\u00ed hydraulick\u00e9 v\u00e1lce \u0159e\u0161en\u00edmi na m\u00edru, kter\u00e1 spl\u0148uj\u00ed specifick\u00e9 po\u017eadavky.<\/li>\n<li><strong>\u0160irok\u00fd rozsah pou\u017eit\u00ed:<\/strong> Tyto v\u00e1lce, ur\u010den\u00e9 pro r\u016fzn\u00e1 pr\u016fmyslov\u00e1 odv\u011btv\u00ed, lze p\u0159izp\u016fsobit r\u016fzn\u00fdm typ\u016fm stroj\u016f a aplikac\u00edm.<\/li>\n<\/ul>\n<p><img decoding=\"async\" src=\"https:\/\/www.hydraulic-cylinders.net\/wp-content\/uploads\/2025\/04\/songte-cylinder-head-with-all-kinds-excavator-models.webp\" alt=\"Model bagru\" \/><\/p>\n<h2>Sc\u00e9n\u00e1\u0159e aplikac\u00ed<\/h2>\n<h3>Stavebn\u00ed stroje<\/h3>\n<p>U bagr\u016f jsou v\u00e1lce v\u00fdlo\u017en\u00edku nezbytn\u00e9 pro kop\u00e1n\u00ed, nakl\u00e1d\u00e1n\u00ed a p\u0159esouv\u00e1n\u00ed zeminy nebo suti. Usnad\u0148uj\u00ed kop\u00e1n\u00ed t\u00edm, \u017ee umo\u017e\u0148uj\u00ed l\u017e\u00edci proniknout do p\u016fdy, \u010d\u00edm\u017e zefektiv\u0148uj\u00ed v\u00fdkopov\u00e9 pr\u00e1ce. U rypadlo-naklada\u010d\u016f v\u00e1lec l\u017e\u00edce nejen pom\u00e1h\u00e1 p\u0159i kop\u00e1n\u00ed, ale tak\u00e9 p\u0159i zved\u00e1n\u00ed materi\u00e1l\u016f, co\u017e v\u00fdrazn\u011b zvy\u0161uje produktivitu na staveni\u0161t\u00edch.<\/p>\n<h3>Zem\u011bd\u011blsk\u00e9 stroje<\/h3>\n<p>U \u010deln\u00edch naklada\u010d\u016f jsou v\u00e1lce v\u00fdlo\u017en\u00edku nezbytn\u00e9 pro nab\u00edr\u00e1n\u00ed, zved\u00e1n\u00ed a p\u0159epravu p\u016fdy, sena a dal\u0161\u00edch materi\u00e1l\u016f. Jejich schopnost zvl\u00e1dat r\u016fzn\u00e9 zat\u00ed\u017een\u00ed umo\u017e\u0148uje zem\u011bd\u011blc\u016fm zv\u00fd\u0161it efektivitu jejich provozu a zajistit v\u010dasn\u00e9 dokon\u010den\u00ed \u00fakol\u016f od p\u0159\u00edpravy pole a\u017e po sklize\u0148.<\/p>\n<h3>Bagry<\/h3>\n<p>U rypadel umo\u017e\u0148uje v\u00e1lec v\u00fdlo\u017en\u00edku efektivn\u00ed pronik\u00e1n\u00ed l\u017e\u00edce do zem\u011b, co\u017e usnad\u0148uje kop\u00e1n\u00ed. Tato schopnost je kl\u00ed\u010dov\u00e1 pro r\u016fzn\u00e9 \u00fakoly, v\u010detn\u011b hlouben\u00ed v\u00fdkop\u016f a p\u0159\u00edpravy staveni\u0161t\u011b, kde je pro prov\u00e1d\u011bn\u00ed slo\u017eit\u00fdch kopac\u00edch \u00fakol\u016f vy\u017eadov\u00e1na p\u0159esnost a v\u00fdkon.<\/p>\n<h3>Naklada\u010de<\/h3>\n<p>U \u010deln\u00edch naklada\u010d\u016f hraj\u00ed v\u00e1lce v\u00fdlo\u017en\u00edku kl\u00ed\u010dovou roli v efektivn\u00edm zved\u00e1n\u00ed a vykl\u00e1p\u011bn\u00ed materi\u00e1l\u016f. Jejich hydraulick\u00e9 schopnosti umo\u017e\u0148uj\u00ed obsluze snadno zvl\u00e1dat t\u011b\u017ek\u00e9 n\u00e1klady, co\u017e zvy\u0161uje celkov\u00fd v\u00fdkon naklada\u010de v r\u016fzn\u00fdch situac\u00edch manipulace s materi\u00e1lem.<\/p>\n<h2>Konstruk\u010dn\u00ed aspekty a krit\u00e9ria v\u00fdb\u011bru<\/h2>\n<ul>\n<li><strong>Nosnost:<\/strong> V\u00fdb\u011br hydraulick\u00e9ho v\u00e1lce s vhodnou nosnost\u00ed je nezbytn\u00fd pro zaji\u0161t\u011bn\u00ed toho, aby zvl\u00e1dl o\u010dek\u00e1vanou hmotnost bez kompromis\u016f v oblasti bezpe\u010dnosti nebo v\u00fdkonu. To zahrnuje pochopen\u00ed specifick\u00fdch po\u017eadavk\u016f aplikace a v\u00fdb\u011br v\u00e1lce, kter\u00fd je spolehliv\u011b unese.<\/li>\n<li><strong>T\u011bsnic\u00ed \u0159e\u0161en\u00ed:<\/strong> \u00da\u010dinn\u00e9 t\u011bsn\u011bn\u00ed je z\u00e1sadn\u00ed pro udr\u017een\u00ed hydraulick\u00e9 integrity. Vysoce kvalitn\u00ed t\u011bsn\u011bn\u00ed zabra\u0148uje \u00fanik\u016fm, kter\u00e9 mohou ohrozit \u00fa\u010dinnost syst\u00e9mu. Je nezbytn\u00e9 volit t\u011bsn\u011bn\u00ed vyroben\u00e1 z materi\u00e1l\u016f, jako je polyuretan nebo nitrilov\u00e1 pry\u017e, kter\u00e9 poskytuj\u00ed dlouhodob\u00fd v\u00fdkon p\u0159i r\u016fzn\u00fdch tlac\u00edch a teplot\u00e1ch.<\/li>\n<li><strong>Trvanlivost:<\/strong> Materi\u00e1ly a konstrukce v\u00e1lce mus\u00ed odol\u00e1vat n\u00e1ro\u010dn\u00fdm podm\u00ednk\u00e1m, kter\u00e9 se \u010dasto vyskytuj\u00ed ve stavebnictv\u00ed a zem\u011bd\u011blstv\u00ed. To zahrnuje odolnost proti opot\u0159eben\u00ed a korozi, co\u017e zaji\u0161\u0165uje, \u017ee v\u00e1lec z\u016fstane provozuschopn\u00fd po del\u0161\u00ed dobu.<\/li>\n<li><strong>Bezpe\u010dnostn\u00ed prvky:<\/strong> Bezpe\u010dnost je v hydraulick\u00fdch syst\u00e9mech prvo\u0159ad\u00e1. V\u00e1lce by m\u011bly b\u00fdt navr\u017eeny s prvky, kter\u00e9 zabra\u0148uj\u00ed p\u0159et\u00ed\u017een\u00ed a zaji\u0161\u0165uj\u00ed bezpe\u010dn\u00fd provoz za v\u0161ech podm\u00ednek. To zahrnuje pou\u017eit\u00ed pojistn\u00fdch ventil\u016f a mechanism\u016f ochrany proti prasknut\u00ed pro zm\u00edrn\u011bn\u00ed rizik.<\/li>\n<li><strong>P\u0159\u00edstupnost \u00fadr\u017eby:<\/strong> Konstrukce by m\u011bla zohled\u0148ovat i snadnou \u00fadr\u017ebu. Funkce, kter\u00e9 umo\u017e\u0148uj\u00ed rychl\u00e9 kontroly, b\u011b\u017en\u00e9 maz\u00e1n\u00ed a v\u00fdm\u011bnu opot\u0159ebovan\u00fdch sou\u010d\u00e1st\u00ed, mohou v\u00fdrazn\u011b zkr\u00e1tit prostoje a prodlou\u017eit \u017eivotnost v\u00e1lce.<\/li>\n<\/ul>\n<p><img decoding=\"async\" src=\"https:\/\/www.hydraulic-cylinders.net\/wp-content\/uploads\/2025\/04\/songte-oil-pipes-and-spare-parts.webp\" alt=\"Hydraulick\u00e9 komponenty\" \/><\/p>\n<h2>T\u011bsn\u011bn\u00ed a maz\u00e1n\u00ed<\/h2>\n<p>\u00da\u010dinn\u00e9 t\u011bsn\u011bn\u00ed je u hydraulick\u00fdch v\u00e1lc\u016f z\u00e1sadn\u00ed pro zaji\u0161t\u011bn\u00ed optim\u00e1ln\u00edho v\u00fdkonu a spolehlivosti. K udr\u017een\u00ed tlaku a zabr\u00e1n\u011bn\u00ed \u00faniku kapaliny se pou\u017e\u00edvaj\u00ed r\u016fzn\u00e9 t\u011bsnic\u00ed prvky, jako jsou t\u011bsn\u011bn\u00ed p\u00edst\u016f a p\u00edstnic. T\u011bsn\u011bn\u00ed vyroben\u00e1 z odoln\u00fdch materi\u00e1l\u016f, jako je polyuretan a nitrilov\u00e1 pry\u017e, jsou vyb\u00edr\u00e1na pro svou odolnost proti opot\u0159eben\u00ed, co\u017e zaru\u010duje dlouhou \u017eivotnost za podm\u00ednek vysok\u00e9ho tlaku.<\/p>\n<p>T\u011bleso v\u00e1lce a z\u00e1vitov\u00e9 konce jsou pe\u010dliv\u011b opracov\u00e1ny pro zv\u00fd\u0161en\u00ed odolnosti a odolnosti proti opot\u0159eben\u00ed. Pravideln\u00e9 maz\u00e1n\u00ed hydraulick\u00fdm olejem je nezbytn\u00e9 pro minimalizaci t\u0159en\u00ed a opot\u0159eben\u00ed pohybliv\u00fdch \u010d\u00e1st\u00ed, \u010d\u00edm\u017e se prodlu\u017euje \u017eivotnost v\u00e1lce.<\/p>\n<h2>Pravideln\u00e1 kontrola a preventivn\u00ed \u00fadr\u017eba<\/h2>\n<ul>\n<li><strong>Vizu\u00e1ln\u00ed kontroly:<\/strong> Pravideln\u011b kontrolujte v\u00e1lec, zda nevykazuje zn\u00e1mky opot\u0159eben\u00ed, net\u011bsnost\u00ed nebo po\u0161kozen\u00ed. V\u010dasn\u00e9 odhalen\u00ed probl\u00e9m\u016f m\u016f\u017ee zabr\u00e1nit z\u00e1va\u017en\u011bj\u0161\u00edm probl\u00e9m\u016fm a zajistit nep\u0159etr\u017eit\u00fd provoz.<\/li>\n<li><strong>Kontroly maz\u00e1n\u00ed:<\/strong> Zajist\u011bte dostate\u010dnou hladinu hydraulick\u00e9ho oleje a pravidelnou \u00fadr\u017ebu mazac\u00edch m\u00edst. Nedostatek maz\u00e1n\u00ed m\u016f\u017ee v\u00e9st ke zv\u00fd\u0161en\u00e9mu opot\u0159eben\u00ed a nakonec ke selh\u00e1n\u00ed v\u00e1lce.<\/li>\n<li><strong>V\u00fdm\u011bna t\u011bsn\u011bn\u00ed:<\/strong> Sledujte stav t\u011bsn\u011bn\u00ed a v p\u0159\u00edpad\u011b pot\u0159eby je vym\u011b\u0148ujte, abyste zabr\u00e1nili net\u011bsnostem a udr\u017eeli hydraulickou \u00fa\u010dinnost. Pravideln\u00e1 v\u00fdm\u011bna m\u016f\u017ee u\u0161et\u0159it n\u00e1klady spojen\u00e9 s potenci\u00e1ln\u00edmi opravami a prostoji.<\/li>\n<\/ul>\n<h2>Pokyny pro spr\u00e1vnou instalaci<\/h2>\n<p>Spr\u00e1vn\u00e1 instalace hydraulick\u00fdch v\u00e1lc\u016f je z\u00e1sadn\u00ed pro zaji\u0161t\u011bn\u00ed jejich dlouh\u00e9 \u017eivotnosti a v\u00fdkonu. Za\u010dn\u011bte pe\u010dliv\u00fdm zarovn\u00e1n\u00edm v\u00e1lce s mont\u00e1\u017en\u00edmi body, abyste zabr\u00e1nili jeho nespr\u00e1vn\u00e9mu zarovn\u00e1n\u00ed, kter\u00e9 m\u016f\u017ee v\u00e9st k p\u0159ed\u010dasn\u00e9mu opot\u0159eben\u00ed. K pevn\u00e9mu upevn\u011bn\u00ed v\u00e1lce pou\u017eijte vhodn\u00e9 mont\u00e1\u017en\u00ed konzoly.<\/p>\n<p>P\u0159ed uveden\u00edm stroje do provozu zkontrolujte, zda jsou v\u0161echna hydraulick\u00e1 spojen\u00ed t\u011bsn\u00e1 a bez \u00fanik\u016f. Dodr\u017eov\u00e1n\u00ed pokyn\u016f v\u00fdrobce ohledn\u011b instala\u010dn\u00edch postup\u016f pom\u016f\u017ee zachovat integritu hydraulick\u00e9ho syst\u00e9mu.<\/p>\n<p>Zajist\u011bte, aby v\u00e1lec fungoval v r\u00e1mci specifikovan\u00e9ho rozsahu tlaku a zat\u00ed\u017een\u00ed, aby nedo\u0161lo k p\u0159et\u00ed\u017een\u00ed, kter\u00e9 by mohlo v\u00e9st ke katastrof\u00e1ln\u00edm poruch\u00e1m. Po instalaci prove\u010fte funk\u010dn\u00ed zkou\u0161ku, abyste ov\u011b\u0159ili spr\u00e1vn\u00fd provoz.<\/p>\n<h2>B\u011b\u017en\u00e9 \u00fakoly \u00fadr\u017eby<\/h2>\n<ul>\n<li><strong>Pravideln\u00e9 kontroly:<\/strong> Prov\u00e1d\u011bjte pravideln\u00e9 kontroly, abyste v\u010das odhalili potenci\u00e1ln\u00ed probl\u00e9my. Pat\u0159\u00ed sem kontrola net\u011bsnost\u00ed, prasklin nebo jak\u00fdchkoli zn\u00e1mek opot\u0159eben\u00ed.<\/li>\n<li><strong>Spr\u00e1vn\u00e9 maz\u00e1n\u00ed:<\/strong> Pravideln\u011b nan\u00e1\u0161ejte hydraulick\u00fd olej na pohybliv\u00e9 \u010d\u00e1sti, abyste sn\u00ed\u017eili t\u0159en\u00ed a opot\u0159eben\u00ed. To je z\u00e1sadn\u00ed pro dlouhou \u017eivotnost v\u00e1lce.<\/li>\n<li><strong>V\u00fdm\u011bna t\u011bsn\u011bn\u00ed:<\/strong> Pravideln\u011b kontrolujte t\u011bsn\u011bn\u00ed a v\u010das je vym\u011b\u0148ujte, abyste p\u0159ede\u0161li net\u011bsnostem. Spr\u00e1vn\u00e1 \u00fadr\u017eba t\u011bsn\u011bn\u00ed je z\u00e1sadn\u00ed pro udr\u017een\u00ed hydraulick\u00e9ho tlaku.<\/li>\n<\/ul>\n<p>Spr\u00e1vn\u00e1 instalace zahrnuje zaji\u0161t\u011bn\u00ed spr\u00e1vn\u00e9ho vyrovn\u00e1n\u00ed v\u00e1lce, proto\u017ee nespr\u00e1vn\u00e9 vyrovn\u00e1n\u00ed m\u016f\u017ee v\u00e9st k nadm\u011brn\u00e9mu opot\u0159eben\u00ed a p\u0159ed\u010dasn\u00e9mu selh\u00e1n\u00ed. Pro stabilizaci v\u00e1lce pou\u017e\u00edvejte vhodn\u00e9 mont\u00e1\u017en\u00ed podp\u011bry. Pravideln\u00e9 kontroly opot\u0159eben\u00ed mohou pomoci p\u0159edch\u00e1zet poruch\u00e1m, zat\u00edmco v\u010dasn\u00e9 opravy a v\u00fdm\u011bny po\u0161kozen\u00fdch d\u00edl\u016f mohou zv\u00fd\u0161it \u017eivotnost a v\u00fdkon hydraulick\u00e9ho syst\u00e9mu.<\/p>\n<p><img decoding=\"async\" src=\"https:\/\/www.hydraulic-cylinders.net\/wp-content\/uploads\/2025\/04\/songte-chushion-collar.webp\" alt=\"Pol\u0161t\u00e1\u0159ov\u00fd l\u00edmec\" \/><\/p>\n<h2>Bezpe\u010dnostn\u00ed aspekty a faktory prost\u0159ed\u00ed<\/h2>\n<p>P\u0159i pou\u017e\u00edv\u00e1n\u00ed hydraulick\u00fdch v\u00e1lc\u016f je dodr\u017eov\u00e1n\u00ed bezpe\u010dnostn\u00edch opat\u0159en\u00ed prvo\u0159ad\u00e9. Obsluha by m\u011bla b\u00fdt pro\u0161kolena v bezpe\u010dn\u00fdch postupech manipulace a rozum\u011bt potenci\u00e1ln\u00edm nebezpe\u010d\u00edm spojen\u00fdm s hydraulick\u00fdmi syst\u00e9my. Pravideln\u00e9 bezpe\u010dnostn\u00ed audity mohou pomoci identifikovat rizika a zav\u00e9st nezbytn\u00e1 opat\u0159en\u00ed k zaji\u0161t\u011bn\u00ed bezpe\u010dn\u00e9ho pracovn\u00edho prost\u0159ed\u00ed.<\/p>\n<h2>Odstra\u0148ov\u00e1n\u00ed probl\u00e9m\u016f a b\u011b\u017en\u00e9 probl\u00e9my<\/h2>\n<ul>\n<li><strong>\u00danik:<\/strong> \u00daniky hydraulick\u00e9 kapaliny mohou nazna\u010dovat selh\u00e1n\u00ed t\u011bsn\u011bn\u00ed nebo nespr\u00e1vn\u00e9 p\u0159ipojen\u00ed. Pravideln\u011b kontrolujte t\u011bsn\u011bn\u00ed a p\u0159ipojen\u00ed, abyste zabr\u00e1nili \u00faniku kapaliny.<\/li>\n<li><strong>Nekonzistentn\u00ed provoz:<\/strong> Pokud v\u00e1lec pracuje nepravideln\u011b, m\u016f\u017ee to b\u00fdt zp\u016fsobeno vzduchem v hydraulick\u00e9m syst\u00e9mu nebo nedostatkem hydraulick\u00e9 kapaliny. Pravideln\u011b odvzdu\u0161n\u011bte syst\u00e9m a kontrolujte hladinu kapalin.<\/li>\n<li><strong>P\u0159eh\u0159\u00e1t\u00ed:<\/strong> P\u0159eh\u0159\u00edv\u00e1n\u00ed v\u00e1lce m\u016f\u017ee znamenat nadm\u011brn\u00e9 zat\u00ed\u017een\u00ed nebo nedostate\u010dn\u00e9 maz\u00e1n\u00ed. Sledujte provozn\u00ed podm\u00ednky a zajist\u011bte spr\u00e1vn\u00e9 maz\u00e1n\u00ed, abyste tento probl\u00e9m zm\u00edrnili.<\/li>\n<\/ul>\n<h2>Tipy pro \u0159e\u0161en\u00ed probl\u00e9m\u016f<\/h2>\n<p>Aby bylo mo\u017en\u00e9 efektivn\u011b diagnostikovat a \u0159e\u0161it probl\u00e9my, m\u011bli by oper\u00e1to\u0159i postupovat systematicky. Za\u010dn\u011bte identifikac\u00ed p\u0159\u00edznak\u016f, jako jsou net\u011bsnosti nebo nepravideln\u00e9 pohyby. Pot\u00e9 zkontrolujte mo\u017en\u00e9 p\u0159\u00ed\u010diny, v\u010detn\u011b opot\u0159ebovan\u00fdch t\u011bsn\u011bn\u00ed, vzduchu v syst\u00e9mu nebo nedostate\u010dn\u00e9ho maz\u00e1n\u00ed. Pro minimalizaci rizika opakuj\u00edc\u00edch se probl\u00e9m\u016f zav\u00e1d\u011bjte preventivn\u00ed opat\u0159en\u00ed, jako je pravideln\u00e1 \u00fadr\u017eba a kontroly.<\/p>\n<p><img decoding=\"async\" src=\"https:\/\/www.hydraulic-cylinders.net\/wp-content\/uploads\/2025\/04\/songte-bushings-with-all-kinds-of-excavator-models.webp\" alt=\"Pouzdra pro bagry\" \/><\/p>\n<h2>P\u0159ehled spole\u010dnosti<\/h2>\n<p>Jsme p\u0159edn\u00edm v\u00fdrobcem n\u00e1hradn\u00edch hydraulick\u00fdch v\u00e1lc\u016f s rozmanitou nab\u00eddkou produkt\u016f, kter\u00e1 n\u00e1s etablovala jako jednoho z p\u0159edn\u00edch velkoobchodn\u00edk\u016f na dom\u00e1c\u00edm i mezin\u00e1rodn\u00edm trhu. Jsme odd\u00e1ni vynikaj\u00edc\u00ed kvalit\u011b a vyu\u017e\u00edv\u00e1me propracovanou strategii \u0159\u00edzen\u00ed v\u00fdroby, s vyu\u017eit\u00edm technick\u00fdch talent\u016f, pokro\u010dil\u00e9ho digit\u00e1ln\u00edho v\u00fdrobn\u00edho za\u0159\u00edzen\u00ed a komplexn\u00edho testovac\u00edho syst\u00e9mu ke zlep\u0161en\u00ed na\u0161ich v\u00fdrobn\u00edch kapacit. Na\u0161e zam\u011b\u0159en\u00ed na vysokou efektivitu, p\u0159esnost a kvalitu n\u00e1m umo\u017e\u0148uje uspokojovat rozmanit\u00e9 pot\u0159eby na\u0161ich z\u00e1kazn\u00edk\u016f.<\/p>\n<p>Na\u0161e odborn\u00e9 znalosti sahaj\u00ed i do specializovan\u00fdch slu\u017eeb, v\u010detn\u011b zak\u00e1zkov\u00fdch \u0159e\u0161en\u00ed p\u0159izp\u016fsoben\u00fdch specifick\u00fdm aplikac\u00edm, co\u017e zaji\u0161\u0165uje, \u017ee klienti obdr\u017e\u00ed optim\u00e1ln\u00ed hydraulick\u00e9 v\u00e1lce pro sv\u00e9 po\u017eadavky. Jsme hrd\u00ed na to, \u017ee jsme dr\u017eiteli mezin\u00e1rodn\u00edch certifikac\u00ed, kter\u00e9 potvrzuj\u00ed n\u00e1\u0161 z\u00e1vazek ke kvalit\u011b a bezpe\u010dnosti.<\/p>\n<p><img decoding=\"async\" src=\"https:\/\/www.hydraulic-cylinders.net\/wp-content\/uploads\/2025\/04\/songte-company-4.webp\" alt=\"Infrastruktura spole\u010dnosti\" \/><br \/>\n<img decoding=\"async\" src=\"https:\/\/www.hydraulic-cylinders.net\/wp-content\/uploads\/2025\/04\/songte-company-3.webp\" alt=\"V\u00fdrobn\u00ed z\u00e1vod\" \/><\/p>\n<p>Autor: lyl<\/p>","protected":false},"excerpt":{"rendered":"<p>Boom Cylinder For Xiniu XN63180 Product Overview The Boom Cylinder for Xiniu XN63180 is a specialized hydraulic cylinder designed to control the movement of various heavy machinery buckets, such as excavators, backhoe loaders, and front loaders. This hydraulic cylinder enables the bucket to lift, lower, and tilt, facilitating efficient material handling tasks. The bucket cylinder [&hellip;]<\/p>","protected":false},"featured_media":17867,"comment_status":"open","ping_status":"closed","template":"","meta":{"_et_pb_use_builder":"","_et_pb_old_content":"","_et_gb_content_width":""},"product_brand":[],"product_cat":[1546],"product_tag":[1547,1496],"class_list":{"0":"post-19724","1":"product","2":"type-product","3":"status-publish","4":"has-post-thumbnail","6":"product_cat-boom-cylinders","7":"product_tag-boom-cylinders","8":"product_tag-hydraulic-cylinders","10":"first","11":"instock","12":"shipping-taxable","13":"product-type-simple"},"amp_enabled":true,"_links":{"self":[{"href":"https:\/\/www.hydraulic-cylinders.net\/cs\/wp-json\/wp\/v2\/product\/19724","targetHints":{"allow":["GET"]}}],"collection":[{"href":"https:\/\/www.hydraulic-cylinders.net\/cs\/wp-json\/wp\/v2\/product"}],"about":[{"href":"https:\/\/www.hydraulic-cylinders.net\/cs\/wp-json\/wp\/v2\/types\/product"}],"replies":[{"embeddable":true,"href":"https:\/\/www.hydraulic-cylinders.net\/cs\/wp-json\/wp\/v2\/comments?post=19724"}],"wp:featuredmedia":[{"embeddable":true,"href":"https:\/\/www.hydraulic-cylinders.net\/cs\/wp-json\/wp\/v2\/media\/17867"}],"wp:attachment":[{"href":"https:\/\/www.hydraulic-cylinders.net\/cs\/wp-json\/wp\/v2\/media?parent=19724"}],"wp:term":[{"taxonomy":"product_brand","embeddable":true,"href":"https:\/\/www.hydraulic-cylinders.net\/cs\/wp-json\/wp\/v2\/product_brand?post=19724"},{"taxonomy":"product_cat","embeddable":true,"href":"https:\/\/www.hydraulic-cylinders.net\/cs\/wp-json\/wp\/v2\/product_cat?post=19724"},{"taxonomy":"product_tag","embeddable":true,"href":"https:\/\/www.hydraulic-cylinders.net\/cs\/wp-json\/wp\/v2\/product_tag?post=19724"}],"curies":[{"name":"wp","href":"https:\/\/api.w.org\/{rel}","templated":true}]}}