{"id":19728,"date":"2025-04-07T07:04:23","date_gmt":"2025-04-07T07:04:23","guid":{"rendered":"https:\/\/www.hydraulic-cylinders.net\/product\/boom-cylinder-for-xiniu-xn120-l\/"},"modified":"2025-04-07T07:04:25","modified_gmt":"2025-04-07T07:04:25","slug":"boom-cylinder-for-xiniu-xn120-l","status":"publish","type":"product","link":"https:\/\/www.hydraulic-cylinders.net\/cs\/produkt\/boom-cylinder-for-xiniu-xn120-l\/","title":{"rendered":"V\u00e1lec v\u00fdlo\u017en\u00edku pro Xiniu XN120-L"},"content":{"rendered":"<h1>V\u00e1lec v\u00fdlo\u017en\u00edku pro Xiniu XN120-L<\/h1>\n<h2>\u00davod k v\u00e1lci v\u00fdlo\u017en\u00edku<\/h2>\n<p>Hydraulick\u00fd v\u00e1lec v\u00fdlo\u017en\u00edku pro Xiniu XN120-L je nezbytnou sou\u010d\u00e1st\u00ed hydraulick\u00fdch syst\u00e9m\u016f, speci\u00e1ln\u011b navr\u017eenou pro ovl\u00e1d\u00e1n\u00ed pohybu l\u017eic t\u011b\u017ek\u00fdch stroj\u016f. Tyto hydraulick\u00e9 v\u00e1lce usnad\u0148uj\u00ed zved\u00e1n\u00ed, spou\u0161t\u011bn\u00ed a nakl\u00e1p\u011bn\u00ed l\u017eic, co\u017e je \u010din\u00ed nepostradateln\u00fdmi p\u0159i \u00fakonech zahrnuj\u00edc\u00edch manipulaci s materi\u00e1lem. V\u00e1lec l\u017e\u00edce je typ hydraulick\u00e9ho v\u00e1lce ur\u010den\u00e9ho pro r\u016fzn\u00e9 t\u011b\u017ek\u00e9 stroje, jako jsou rypadla, r\u00fdpadlo-naklada\u010de a \u010deln\u00ed naklada\u010de, a umo\u017e\u0148uje efektivn\u00ed v\u00fdkopov\u00e9 pr\u00e1ce, nakl\u00e1d\u00e1n\u00ed a p\u0159epravu materi\u00e1l\u016f.<\/p>\n<p><img decoding=\"async\" src=\"https:\/\/www.hydraulic-cylinders.net\/wp-content\/uploads\/2025\/04\/songte-company-1.webp\" alt=\"Obr\u00e1zek v\u00e1lce v\u00fdlo\u017en\u00edku\" \/><\/p>\n<h2>Vlastnosti v\u00e1lce v\u00fdlo\u017en\u00edku<\/h2>\n<ul>\n<li><strong>Vysok\u00e1 pevnost a trvanlivost:<\/strong> Vyrobeno z vysokopevnostn\u00ed oceli nebo hlin\u00edku, je navr\u017eeno tak, aby odolalo vysok\u00e9mu tlaku a t\u011b\u017ek\u00e9mu zat\u00ed\u017een\u00ed, a je vhodn\u00e9 pro n\u00e1ro\u010dn\u00e9 pracovn\u00ed prost\u0159ed\u00ed.<\/li>\n<li><strong>Efektivn\u00ed hydraulick\u00fd provoz:<\/strong> Vyu\u017e\u00edv\u00e1 hydraulick\u00fd tlak oleje pro plynul\u00e9 vysouv\u00e1n\u00ed a zasouv\u00e1n\u00ed, co\u017e umo\u017e\u0148uje rychlou reakci na ovl\u00e1dac\u00ed povely a siln\u00e9 schopnosti tla\u010dit\/t\u00e1hnout.<\/li>\n<li><strong>R\u016fzn\u00e9 typy:<\/strong> K dispozici v jedno\u010dinn\u00e9m (hydraulick\u00e9 pou\u017eit\u00ed v jednom sm\u011bru) nebo dvoj\u010dinn\u00e9m (hydraulick\u00e9 pou\u017eit\u00ed v obou sm\u011brech) proveden\u00ed, kter\u00e9 spl\u0148uj\u00ed r\u016fzn\u00e9 provozn\u00ed pot\u0159eby.<\/li>\n<li><strong>Kompaktn\u00ed design:<\/strong> N\u011bkter\u00e9 modely jsou teleskopick\u00e9, co\u017e umo\u017e\u0148uje v\u011bt\u0161\u00ed v\u00fdsuv bez zv\u011bt\u0161en\u00ed vn\u011bj\u0161\u00edch rozm\u011br\u016f, a proto jsou ide\u00e1ln\u00ed pro aplikace s omezen\u00fdm prostorem.<\/li>\n<li><strong>Mo\u017enosti vlastn\u00ed v\u00fdm\u011bny:<\/strong> Na\u0161e produkty dok\u00e1\u017e\u00ed dokonale nahradit r\u016fzn\u00e9 hydraulick\u00e9 v\u00e1lce, co\u017e zaji\u0161\u0165uje kompatibilitu a spolehlivost.<\/li>\n<\/ul>\n<p><img decoding=\"async\" src=\"https:\/\/www.hydraulic-cylinders.net\/wp-content\/uploads\/2025\/04\/songte-cylinder-head-with-all-kinds-excavator-models.webp\" alt=\"V\u00fdm\u011bna hydraulick\u00e9ho v\u00e1lce\" \/><\/p>\n<h2>Aplikace v\u00e1lce v\u00fdlo\u017en\u00edku<\/h2>\n<h3>Stavebn\u00ed stroje<\/h3>\n<p>U bagr\u016f je v\u00e1lec v\u00fdlo\u017en\u00edku kl\u00ed\u010dov\u00fd pro kop\u00e1n\u00ed, nakl\u00e1d\u00e1n\u00ed a p\u0159esouv\u00e1n\u00ed zeminy nebo suti. Umo\u017e\u0148uje efektivn\u00ed provoz, hlubok\u00fd v\u00fdkop a p\u0159esn\u00e9 ukl\u00e1d\u00e1n\u00ed materi\u00e1lu. Tato funkce je z\u00e1sadn\u00ed pro stavebn\u00ed projekty, kde je vy\u017eadov\u00e1na rychlost a p\u0159esnost.<\/p>\n<h3>Zem\u011bd\u011blsk\u00e9 stroje<\/h3>\n<p>U \u010deln\u00edch naklada\u010d\u016f usnad\u0148uje v\u00e1lec v\u00fdlo\u017en\u00edku nab\u00edr\u00e1n\u00ed, zved\u00e1n\u00ed a p\u0159epravu p\u016fdy, sena a dal\u0161\u00edch materi\u00e1l\u016f. Jeho funk\u010dnost je nezbytn\u00e1 b\u011bhem s\u00e1zen\u00ed, sklizn\u011b a obecn\u00e9 \u00fadr\u017eby farmy, co\u017e zem\u011bd\u011blc\u016fm umo\u017e\u0148uje efektivn\u011b manipulovat s t\u011b\u017ek\u00fdmi b\u0159emeny.<\/p>\n<h3>Bagry<\/h3>\n<p>V\u00e1lec l\u017e\u00edce napom\u00e1h\u00e1 rypadl\u016fm p\u0159i rypadlov\u00fdch prac\u00edch a umo\u017e\u0148uje l\u017e\u00edci snadno pronikat do p\u016fdy. Tato schopnost je v\u00fdznamn\u00e1 p\u0159i r\u016fzn\u00fdch stavebn\u00edch a v\u00fdkopov\u00fdch prac\u00edch a zaji\u0161\u0165uje efektivitu t\u011b\u017ek\u00fdch stroj\u016f p\u0159i zemn\u00edch prac\u00edch.<\/p>\n<h3>Naklada\u010de<\/h3>\n<p>U \u010deln\u00edch naklada\u010d\u016f pom\u00e1haj\u00ed v\u00e1lce v\u00fdlo\u017en\u00edku efektivn\u011b zvedat a vykl\u00e1dat b\u0159emena. A\u0165 u\u017e se jedn\u00e1 o p\u0159esun materi\u00e1l\u016f nebo \u00faklid staveni\u0161t\u011b, v\u00e1lce v\u00fdlo\u017en\u00edku zvy\u0161uj\u00ed celkov\u00fd v\u00fdkon naklada\u010de, co\u017e z n\u011bj \u010din\u00ed spolehlivou volbu pro r\u016fzn\u00e9 aplikace.<\/p>\n<h2>Konstruk\u010dn\u00ed aspekty a krit\u00e9ria v\u00fdb\u011bru<\/h2>\n<h3>Nosnost<\/h3>\n<p>P\u0159i v\u00fdb\u011bru v\u00e1lce v\u00fdlo\u017en\u00edku je nosnost prvo\u0159ad\u00e1. Definuje, jakou hmotnost v\u00e1lec zvl\u00e1dne b\u011bhem provozu. Spr\u00e1vn\u00e9 vyhodnocen\u00ed zaji\u0161\u0165uje, \u017ee v\u00e1lec dok\u00e1\u017ee zvl\u00e1dnout \u00fakoly stroje bez rizika selh\u00e1n\u00ed nebo po\u0161kozen\u00ed.<\/p>\n<h3>Integrita t\u011bsn\u011bn\u00ed<\/h3>\n<p>T\u011bsn\u011bn\u00ed hraje kl\u00ed\u010dovou roli ve v\u00fdkonu hydraulick\u00e9ho v\u00e1lce. Kvalitn\u00ed t\u011bsn\u011bn\u00ed zabra\u0148uje \u00faniku kapaliny a zaji\u0161\u0165uje optim\u00e1ln\u00ed provoz. T\u011bsn\u011bn\u00ed vyroben\u00e1 z vhodn\u00fdch materi\u00e1l\u016f mus\u00ed odol\u00e1vat opot\u0159eben\u00ed a udr\u017eovat tlak, \u010d\u00edm\u017e chr\u00e1n\u00ed \u00fa\u010dinnost hydraulick\u00e9ho syst\u00e9mu.<\/p>\n<h3>Trvanlivost<\/h3>\n<p>Pro hydraulick\u00e9 v\u00e1lce vystaven\u00e9 n\u00e1ro\u010dn\u00e9mu prost\u0159ed\u00ed je \u017eivotn\u011b d\u016fle\u017eit\u00e1 trvanlivost. Materi\u00e1ly mus\u00ed odol\u00e1vat korozi a opot\u0159eben\u00ed, aby byla zaji\u0161t\u011bna jejich \u017eivotnost. Pravideln\u00e9 kontroly integrity materi\u00e1l\u016f pom\u00e1haj\u00ed udr\u017eovat funk\u010dnost a vyhnout se n\u00e1kladn\u00fdm v\u00fdm\u011bn\u00e1m.<\/p>\n<h3>Bezpe\u010dnostn\u00ed prvky<\/h3>\n<p>Bezpe\u010dnost je p\u0159i konstrukci hydraulick\u00fdch v\u00e1lc\u016f z\u00e1sadn\u00edm hlediskem. Prvky, kter\u00e9 zabra\u0148uj\u00ed nadm\u011brn\u00e9mu nata\u017een\u00ed, zaji\u0161\u0165uj\u00ed odleh\u010den\u00ed tlaku a stabiln\u00ed provoz, p\u0159isp\u00edvaj\u00ed k celkov\u00e9 bezpe\u010dnosti strojn\u00edho za\u0159\u00edzen\u00ed. Zaveden\u00ed t\u011bchto bezpe\u010dnostn\u00edch opat\u0159en\u00ed chr\u00e1n\u00ed jak obsluhu, tak i strojn\u00ed za\u0159\u00edzen\u00ed.<\/p>\n<h3>P\u0159\u00edstupnost \u00fadr\u017eby<\/h3>\n<p>Konstrukce, kter\u00e1 umo\u017e\u0148uje snadnou \u00fadr\u017ebu, je z\u00e1sadn\u00ed. Hydraulick\u00e9 v\u00e1lce by m\u011bly umo\u017e\u0148ovat snadnou kontrolu, maz\u00e1n\u00ed a v\u00fdm\u011bnu d\u00edl\u016f. Snadn\u00e1 \u00fadr\u017eba zaji\u0161\u0165uje dlouhou \u017eivotnost a provozn\u00ed spolehlivost v\u00e1lce a zkracuje prostoje.<\/p>\n<p><img decoding=\"async\" src=\"https:\/\/www.hydraulic-cylinders.net\/wp-content\/uploads\/2025\/04\/songte-oil-pipes-and-spare-parts.webp\" alt=\"\u00dadr\u017eba hydraulick\u00fdch v\u00e1lc\u016f\" \/><\/p>\n<h2>T\u011bsn\u011bn\u00ed a maz\u00e1n\u00ed hydraulick\u00e9ho v\u00e1lce<\/h2>\n<p>\u00da\u010dinnost hydraulick\u00fdch v\u00e1lc\u016f do zna\u010dn\u00e9 m\u00edry z\u00e1vis\u00ed na spr\u00e1vn\u00e9m ut\u011bsn\u011bn\u00ed a maz\u00e1n\u00ed. R\u016fzn\u00e9 t\u011bsnic\u00ed komponenty, jako jsou t\u011bsn\u011bn\u00ed p\u00edst\u016f a p\u00edstnic, jsou z\u00e1sadn\u00ed. Pou\u017eit\u00ed materi\u00e1l\u016f, jako je polyuretan a nitrilov\u00e1 pry\u017e, zvy\u0161uje odolnost proti opot\u0159eben\u00ed a trvanlivost. P\u0159esn\u00e9 obr\u00e1b\u011bn\u00ed t\u011bles v\u00e1lc\u016f a z\u00e1vitov\u00fdch konc\u016f p\u0159isp\u00edv\u00e1 ke zlep\u0161en\u00ed odolnosti proti opot\u0159eben\u00ed a zaji\u0161\u0165uje t\u011bsn\u00e9 ut\u011bsn\u011bn\u00ed.<\/p>\n<p>Pravideln\u00e9 maz\u00e1n\u00ed hydraulick\u00fdm olejem je nezbytn\u00e9 pro udr\u017een\u00ed optim\u00e1ln\u00edho v\u00fdkonu. Dostate\u010dn\u00e1 hladina oleje zabra\u0148uje t\u0159en\u00ed a sni\u017euje opot\u0159eben\u00ed pohybliv\u00fdch \u010d\u00e1st\u00ed. Je nezbytn\u00e9 sledovat hladinu oleje a v p\u0159\u00edpad\u011b pot\u0159eby jej dopl\u0148ovat, aby se udr\u017eel hydraulick\u00fd tlak a zajistil hladk\u00fd chod v\u00e1lce.<\/p>\n<h2>Pravideln\u00e9 kontroly a preventivn\u00ed \u00fadr\u017eba<\/h2>\n<ul>\n<li><strong>Rutinn\u00ed kontroly:<\/strong> Pravideln\u011b kontrolujte v\u00e1lec, zda nevykazuje zn\u00e1mky opot\u0159eben\u00ed, net\u011bsnost\u00ed nebo po\u0161kozen\u00ed. V\u010dasn\u00e9 odhalen\u00ed probl\u00e9m\u016f m\u016f\u017ee zabr\u00e1nit z\u00e1va\u017en\u011bj\u0161\u00edm probl\u00e9m\u016fm a n\u00e1kladn\u00fdm oprav\u00e1m.<\/li>\n<li><strong>Spr\u00e1vn\u00e9 maz\u00e1n\u00ed:<\/strong> Zajist\u011bte, aby hladina hydraulick\u00e9ho oleje byla na spr\u00e1vn\u00e9 \u00farovni a aby byly v\u0161echny pohybliv\u00e9 \u010d\u00e1sti pravideln\u011b promaz\u00e1v\u00e1ny. T\u00edm se sni\u017euje t\u0159en\u00ed a prodlu\u017euje \u017eivotnost v\u00e1lce.<\/li>\n<li><strong>V\u00fdm\u011bna t\u011bsn\u011bn\u00ed:<\/strong> Sledujte stav t\u011bsn\u011bn\u00ed a v p\u0159\u00edpad\u011b pot\u0159eby je vym\u011b\u0148te. Opot\u0159ebovan\u00e1 t\u011bsn\u011bn\u00ed mohou v\u00e9st k \u00fanik\u016fm kapaliny, co\u017e sni\u017euje \u00fa\u010dinnost v\u00e1lce a zvy\u0161uje riziko poruchy.<\/li>\n<\/ul>\n<h2>Pokyny k instalaci v\u00e1lce v\u00fdlo\u017en\u00edku<\/h2>\n<p>P\u0159i instalaci v\u00e1lce v\u00fdlo\u017en\u00edku pro Xiniu XN120-L postupujte podle t\u011bchto krok\u016f, abyste zajistili spr\u00e1vn\u00e9 vyrovn\u00e1n\u00ed a funk\u010dnost. Za\u010dn\u011bte t\u00edm, \u017ee se ujist\u00edte, \u017ee je pracovn\u00ed prostor \u010dist\u00fd a bez p\u0159ek\u00e1\u017eek. K zaji\u0161t\u011bn\u00ed v\u00e1lce pou\u017eijte vhodn\u00e9 mont\u00e1\u017en\u00ed konzoly, abyste zabr\u00e1nili nadm\u011brn\u00e9mu nam\u00e1h\u00e1n\u00ed b\u011bhem provozu. Dbejte na p\u0159esn\u00e9 vyrovn\u00e1n\u00ed v\u00e1lce s hydraulick\u00fdm syst\u00e9mem stroje, v p\u0159\u00edpad\u011b pot\u0159eby pou\u017eijte n\u00e1stroje k dosa\u017een\u00ed spr\u00e1vn\u00e9 orientace.<\/p>\n<p>D\u00e1le p\u0159ipojte hydraulick\u00e9 potrub\u00ed, abyste zajistili spr\u00e1vn\u00fd tok hydraulick\u00e9 kapaliny. Ujist\u011bte se, \u017ee v\u0161echny spoje jsou t\u011bsn\u00e9, aby nedo\u0161lo k \u00fanik\u016fm. Po instalaci nechte stroj provozovat na n\u00edzk\u00fdch ot\u00e1\u010dk\u00e1ch, abyste otestovali plynul\u00fd pohyb a funk\u010dnost. Sledujte jak\u00e9koli neobvykl\u00e9 zvuky nebo chov\u00e1n\u00ed a v p\u0159\u00edpad\u011b pot\u0159eby prove\u010fte \u00fapravy pro dosa\u017een\u00ed optim\u00e1ln\u00edho v\u00fdkonu.<\/p>\n<h2>B\u011b\u017en\u00e9 \u00fakoly \u00fadr\u017eby<\/h2>\n<h3>Pravideln\u00e9 kontroly<\/h3>\n<p>Prov\u00e1d\u011bn\u00ed pravideln\u00fdch kontrol hydraulick\u00e9ho v\u00e1lce je z\u00e1sadn\u00ed. Zkontrolujte v\u00e1lec, zda nevykazuje zn\u00e1mky net\u011bsnost\u00ed nebo opot\u0159eben\u00ed, zkontrolujte t\u011bsn\u011bn\u00ed, hadice a spoje. V\u010dasn\u00e9 odhalen\u00ed m\u016f\u017ee zabr\u00e1nit v\u00fdznamn\u00fdm poruch\u00e1m a prodlou\u017eit \u017eivotnost za\u0159\u00edzen\u00ed.<\/p>\n<h3>Spr\u00e1vn\u00e9 maz\u00e1n\u00ed<\/h3>\n<p>Zajist\u011bte pravideln\u00e9 maz\u00e1n\u00ed v\u00e1lce, aby se minimalizovalo t\u0159en\u00ed a opot\u0159eben\u00ed pohybliv\u00fdch \u010d\u00e1st\u00ed. Pou\u017eit\u00ed spr\u00e1vn\u00e9ho typu hydraulick\u00e9ho oleje je nezbytn\u00e9 pro udr\u017een\u00ed optim\u00e1ln\u00edho v\u00fdkonu. Dodr\u017eujte doporu\u010den\u00ed v\u00fdrobce ohledn\u011b mazac\u00ed sch\u00e9matu a typ\u016f oleje.<\/p>\n<h3>V\u00fdm\u011bna t\u011bsn\u011bn\u00ed a kontroly kalibrace<\/h3>\n<p>Pravideln\u011b kontrolujte opot\u0159eben\u00ed t\u011bsn\u011bn\u00ed a v p\u0159\u00edpad\u011b pot\u0159eby je vym\u011b\u0148te. Kalibrace hydraulick\u00e9ho syst\u00e9mu je z\u00e1sadn\u00ed pro udr\u017een\u00ed konzistentn\u00edho v\u00fdkonu. Spr\u00e1vn\u00e9 se\u0159\u00edzen\u00ed b\u011bhem instalace je nezbytn\u00e9 pro zaji\u0161t\u011bn\u00ed efektivn\u00edho provozu a zamezen\u00ed zbyte\u010dn\u00e9ho opot\u0159eben\u00ed.<\/p>\n<p><img decoding=\"async\" src=\"https:\/\/www.hydraulic-cylinders.net\/wp-content\/uploads\/2025\/04\/songte-chushion-collar.webp\" alt=\"Instalace hydraulick\u00e9ho v\u00e1lce\" \/><\/p>\n<h2>Bezpe\u010dnostn\u00ed aspekty a faktory prost\u0159ed\u00ed<\/h2>\n<p>Zav\u00e1d\u011bn\u00ed bezpe\u010dnostn\u00edch opat\u0159en\u00ed p\u0159i pou\u017e\u00edv\u00e1n\u00ed hydraulick\u00fdch v\u00e1lc\u016f je z\u00e1sadn\u00ed. Obsluha by m\u011bla b\u00fdt pro\u0161kolena v rozpozn\u00e1v\u00e1n\u00ed nebezpe\u010d\u00ed spojen\u00fdch s hydraulick\u00fdmi syst\u00e9my, v\u010detn\u011b potenci\u00e1ln\u00edch net\u011bsnost\u00ed a tlakov\u00fdch selh\u00e1n\u00ed. Pro zm\u00edrn\u011bn\u00ed rizik by se m\u011bly v\u017edy nosit vhodn\u00e9 osobn\u00ed ochrann\u00e9 prost\u0159edky (OOP). Pro minimalizaci dopadu na \u017eivotn\u00ed prost\u0159ed\u00ed je t\u0159eba up\u0159ednostnit tak\u00e9 environment\u00e1ln\u00ed aspekty, jako je zamezen\u00ed \u00faniku a spr\u00e1vn\u00e1 likvidace hydraulick\u00fdch kapalin.<\/p>\n<h2>\u0158e\u0161en\u00ed b\u011b\u017en\u00fdch probl\u00e9m\u016f<\/h2>\n<ul>\n<li><strong>\u00daniky kapalin:<\/strong> Zkontrolujte, zda nejsou po\u0161kozen\u00e1 t\u011bsn\u011bn\u00ed nebo uvoln\u011bn\u00e9 spoje. Vym\u011b\u0148te opot\u0159ebovan\u00e1 t\u011bsn\u011bn\u00ed a ut\u00e1hn\u011bte spoje, abyste odstranili net\u011bsnosti.<\/li>\n<li><strong>Pomal\u00fd pohyb:<\/strong> Zkontrolujte hladiny hydraulick\u00e9 kapaliny a ujist\u011bte se, \u017ee v hydraulick\u00fdch potrub\u00edch nejsou \u017e\u00e1dn\u00e9 ucp\u00e1n\u00ed. V p\u0159\u00edpad\u011b pot\u0159eby dopl\u0148te a odstra\u0148te p\u0159\u00edpadn\u00e9 ucp\u00e1n\u00ed.<\/li>\n<li><strong>Neobvykl\u00e9 zvuky:<\/strong> Hluky mohou nazna\u010dovat n\u00edzkou hladinu kapaliny nebo vnit\u0159n\u00ed po\u0161kozen\u00ed. Zkontrolujte v\u00e1lec a hydrauliku, abyste zjistili p\u0159\u00ed\u010dinu a podnikli n\u00e1pravn\u00e1 opat\u0159en\u00ed.<\/li>\n<\/ul>\n<h2>Tipy pro \u0159e\u0161en\u00ed chyb<\/h2>\n<p>Pro efektivn\u00ed diagnostiku a \u0159e\u0161en\u00ed probl\u00e9m\u016f s v\u00e1lcem v\u00fdlo\u017en\u00edku ve\u010fte z\u00e1znamy o p\u0159\u00edznac\u00edch a podm\u00ednk\u00e1ch, za kter\u00fdch k nim doch\u00e1z\u00ed. Pravideln\u00e9 kontroly \u00fadr\u017eby mohou pomoci identifikovat potenci\u00e1ln\u00ed probl\u00e9my d\u0159\u00edve, ne\u017e se vyhrot\u00ed. Zaveden\u00ed preventivn\u00edch opat\u0159en\u00ed, jako jsou pravideln\u00e9 kontroly a spr\u00e1vn\u00e9 maz\u00e1n\u00ed, m\u016f\u017ee v\u00fdrazn\u011b sn\u00ed\u017eit pravd\u011bpodobnost vzniku probl\u00e9m\u016f a zajistit hladk\u00fd provoz.<\/p>\n<p><img decoding=\"async\" src=\"https:\/\/www.hydraulic-cylinders.net\/wp-content\/uploads\/2025\/04\/songte-bushings-with-all-kinds-of-excavator-models.webp\" alt=\"Odstra\u0148ov\u00e1n\u00ed probl\u00e9m\u016f s hydraulick\u00fdm v\u00e1lcem\" \/><\/p>\n<h2>O na\u0161\u00ed spole\u010dnosti<\/h2>\n<p>Jsme p\u0159edn\u00ed v\u00fdrobce a velkoobchodn\u00edk hydraulick\u00fdch v\u00e1lc\u016f specializuj\u00edc\u00ed se na vysoce kvalitn\u00ed n\u00e1hradn\u00ed d\u00edly. N\u00e1\u0161 sortiment je rozs\u00e1hl\u00fd, co\u017e n\u00e1m umo\u017e\u0148uje efektivn\u011b uspokojovat dom\u00e1c\u00ed i mezin\u00e1rodn\u00ed trhy. Klademe d\u016fraz na vynikaj\u00edc\u00ed kvalitu a pou\u017e\u00edv\u00e1me propracovanou strategii \u0159\u00edzen\u00ed v\u00fdroby.<\/p>\n<p>Na\u0161e spole\u010dnost neust\u00e1le vylep\u0161uje svou v\u00fdrobn\u00ed platformu prost\u0159ednictv\u00edm kvalifikovan\u00e9ho person\u00e1lu, pokro\u010dil\u00e9ho digit\u00e1ln\u00edho v\u00fdrobn\u00edho za\u0159\u00edzen\u00ed a specializovan\u00fdch testovac\u00edch syst\u00e9m\u016f. Tento z\u00e1vazek ke kvalit\u011b zaji\u0161\u0165uje, \u017ee spl\u0148ujeme rozmanit\u00e9 pot\u0159eby z\u00e1kazn\u00edk\u016f s efektivitou, p\u0159esnost\u00ed a spolehlivost\u00ed.<\/p>\n<p>Na\u0161e mezin\u00e1rodn\u00ed certifikace a mo\u017enosti p\u0159izp\u016fsoben\u00ed n\u00e1s nav\u00edc odli\u0161uj\u00ed od ostatn\u00edch v oboru, spolu s v\u00fdjime\u010dn\u00fdm poprodejn\u00edm servisem, kter\u00fd zaru\u010duje spokojenost z\u00e1kazn\u00edk\u016f a dlouhou \u017eivotnost produkt\u016f.<\/p>\n<p><img decoding=\"async\" src=\"https:\/\/www.hydraulic-cylinders.net\/wp-content\/uploads\/2025\/04\/songte-company-4.webp\" alt=\"P\u0159ehled spole\u010dnosti\" \/><br \/>\n<img decoding=\"async\" src=\"https:\/\/www.hydraulic-cylinders.net\/wp-content\/uploads\/2025\/04\/songte-company-3.webp\" alt=\"V\u00fdrobn\u00ed z\u00e1vod\" \/><\/p>\n<p>Autor: lyl<\/p>","protected":false},"excerpt":{"rendered":"<p>Boom Cylinder For Xiniu XN120-L Introduction to Boom Cylinder The Boom Cylinder for Xiniu XN120-L is an essential component in hydraulic systems, specifically designed to control the movement of heavy machinery buckets. These hydraulic cylinders facilitate the lifting, lowering, and tilting of buckets, making them indispensable in tasks involving material handling. The bucket cylinder is [&hellip;]<\/p>","protected":false},"featured_media":17871,"comment_status":"open","ping_status":"closed","template":"","meta":{"_et_pb_use_builder":"","_et_pb_old_content":"","_et_gb_content_width":""},"product_brand":[],"product_cat":[1546],"product_tag":[1547,1496],"class_list":{"0":"post-19728","1":"product","2":"type-product","3":"status-publish","4":"has-post-thumbnail","6":"product_cat-boom-cylinders","7":"product_tag-boom-cylinders","8":"product_tag-hydraulic-cylinders","10":"first","11":"instock","12":"shipping-taxable","13":"product-type-simple"},"amp_enabled":true,"_links":{"self":[{"href":"https:\/\/www.hydraulic-cylinders.net\/cs\/wp-json\/wp\/v2\/product\/19728","targetHints":{"allow":["GET"]}}],"collection":[{"href":"https:\/\/www.hydraulic-cylinders.net\/cs\/wp-json\/wp\/v2\/product"}],"about":[{"href":"https:\/\/www.hydraulic-cylinders.net\/cs\/wp-json\/wp\/v2\/types\/product"}],"replies":[{"embeddable":true,"href":"https:\/\/www.hydraulic-cylinders.net\/cs\/wp-json\/wp\/v2\/comments?post=19728"}],"wp:featuredmedia":[{"embeddable":true,"href":"https:\/\/www.hydraulic-cylinders.net\/cs\/wp-json\/wp\/v2\/media\/17871"}],"wp:attachment":[{"href":"https:\/\/www.hydraulic-cylinders.net\/cs\/wp-json\/wp\/v2\/media?parent=19728"}],"wp:term":[{"taxonomy":"product_brand","embeddable":true,"href":"https:\/\/www.hydraulic-cylinders.net\/cs\/wp-json\/wp\/v2\/product_brand?post=19728"},{"taxonomy":"product_cat","embeddable":true,"href":"https:\/\/www.hydraulic-cylinders.net\/cs\/wp-json\/wp\/v2\/product_cat?post=19728"},{"taxonomy":"product_tag","embeddable":true,"href":"https:\/\/www.hydraulic-cylinders.net\/cs\/wp-json\/wp\/v2\/product_tag?post=19728"}],"curies":[{"name":"wp","href":"https:\/\/api.w.org\/{rel}","templated":true}]}}