{"id":19730,"date":"2025-04-07T07:04:27","date_gmt":"2025-04-07T07:04:27","guid":{"rendered":"https:\/\/www.hydraulic-cylinders.net\/product\/boom-cylinder-for-kato-small-excavator-hd250\/"},"modified":"2025-04-07T07:04:30","modified_gmt":"2025-04-07T07:04:30","slug":"boom-cylinder-for-kato-small-excavator-hd250","status":"publish","type":"product","link":"https:\/\/www.hydraulic-cylinders.net\/cs\/produkt\/boom-cylinder-for-kato-small-excavator-hd250\/","title":{"rendered":"V\u00e1lec v\u00fdlo\u017en\u00edku pro mal\u00e9 rypadlo Kato HD250"},"content":{"rendered":"<h1>V\u00e1lec v\u00fdlo\u017en\u00edku pro mal\u00e9 rypadlo Kato HD250<\/h1>\n<h2>P\u0159ehled produktu<\/h2>\n<p>Hydraulick\u00fd v\u00e1lec v\u00fdlo\u017en\u00edku pro mal\u00e9 rypadlo Kato HD250 je kl\u00ed\u010dovou sou\u010d\u00e1st\u00ed hydraulick\u00fdch syst\u00e9m\u016f, speci\u00e1ln\u011b navr\u017een\u00fdch pro \u0159\u00edzen\u00ed pohybu l\u017e\u00edce v t\u011b\u017ek\u00fdch stroj\u00edch. Jako typ hydraulick\u00e9ho v\u00e1lce hraje z\u00e1sadn\u00ed roli p\u0159i \u0159\u00edzen\u00ed r\u016fzn\u00fdch funkc\u00ed, jako je zved\u00e1n\u00ed, spou\u0161t\u011bn\u00ed a nakl\u00e1p\u011bn\u00ed l\u017e\u00edce rypadla, a t\u00edm usnad\u0148uje efektivn\u00ed manipulaci s materi\u00e1lem.<\/p>\n<p><img decoding=\"async\" src=\"https:\/\/www.hydraulic-cylinders.net\/wp-content\/uploads\/2025\/04\/songte-company-1.webp\" alt=\"P\u0159ehled v\u00e1lc\u016f v\u00fdlo\u017en\u00edku\" \/><\/p>\n<h3>Co je to kore\u010dkov\u00fd v\u00e1lec?<\/h3>\n<p>Hydraulick\u00fd v\u00e1lec kore\u010dk\u016f je speci\u00e1ln\u011b navr\u017een\u00fd pro ovl\u00e1d\u00e1n\u00ed pohybu kore\u010dk\u016f v t\u011b\u017ek\u00fdch stroj\u00edch, jako jsou bagry, rypadla a \u010deln\u00ed naklada\u010de. Umo\u017e\u0148uje l\u017e\u00edci zvedat, spou\u0161t\u011bt a nakl\u00e1n\u011bt, co\u017e z n\u011bj \u010din\u00ed nezbytn\u00fd n\u00e1stroj pro \u00fakoly zahrnuj\u00edc\u00ed pohyb zeminy, suti nebo jin\u00fdch materi\u00e1l\u016f. V hydraulick\u00fdch syst\u00e9mech jsou kore\u010dkov\u00e9 v\u00e1lce zodpov\u011bdn\u00e9 za p\u0159evod hydraulick\u00e9ho tlaku na line\u00e1rn\u00ed pohyb, co\u017e efektivn\u011b umo\u017e\u0148uje p\u0159esn\u00fd provoz. D\u00edky tomu jsou nepostradateln\u00e9 na staveni\u0161t\u00edch a v r\u016fzn\u00fdch pr\u016fmyslov\u00fdch aplikac\u00edch.<\/p>\n<h2>Vlastnosti v\u00e1lce v\u00fdlo\u017en\u00edku<\/h2>\n<ul>\n<li><strong>Vysok\u00e1 pevnost a trvanlivost:<\/strong> Tyto v\u00e1lce, obvykle vyroben\u00e9 z vysokopevnostn\u00ed oceli nebo hlin\u00edku, odol\u00e1vaj\u00ed vysok\u00e9mu tlaku a velk\u00e9mu zat\u00ed\u017een\u00ed, d\u00edky \u010demu\u017e jsou vhodn\u00e9 pro n\u00e1ro\u010dn\u00e9 pracovn\u00ed prost\u0159ed\u00ed. Konstrukce zohled\u0148uje odolnost proti opot\u0159eben\u00ed a korozi, co\u017e prodlu\u017euje jejich \u017eivotnost.<\/li>\n<li><strong>Efektivn\u00ed hydraulick\u00fd provoz:<\/strong> D\u00edky hydraulick\u00e9mu tlaku oleje dosahuje v\u00e1lec v\u00fdlo\u017en\u00edku plynul\u00e9ho vysouv\u00e1n\u00ed a zasouv\u00e1n\u00ed, rychle reaguje na ovl\u00e1dac\u00ed povely a poskytuje silnou tla\u010dnou a ta\u017enou s\u00edlu, ide\u00e1ln\u00ed pro manipulaci s t\u011b\u017ek\u00fdmi a slo\u017eit\u00fdmi \u00fakoly.<\/li>\n<li><strong>R\u016fzn\u00e9 typy:<\/strong> Tyto v\u00e1lce, kter\u00e9 jsou k dispozici v jedno\u010dinn\u00e9m (hydraulick\u00fd pohon v jednom sm\u011bru) nebo dvoj\u010dinn\u00e9m (hydraulick\u00fd pohon v obou sm\u011brech), spl\u0148uj\u00ed r\u016fzn\u00e9 provozn\u00ed pot\u0159eby. N\u011bkter\u00e9 modely jsou teleskopick\u00e9, co\u017e umo\u017e\u0148uje v\u011bt\u0161\u00ed v\u00fdsuv bez zv\u011bt\u0161en\u00ed vn\u011bj\u0161\u00edch rozm\u011br\u016f, a jsou vhodn\u00e9 pro aplikace s omezen\u00fdm prostorem.<\/li>\n<li><strong>Zak\u00e1zkov\u00e1 v\u00fdroba:<\/strong> Tento produkt vyr\u00e1b\u00edme tak, aby dokonale nahradil r\u016fzn\u00e9 hydraulick\u00e9 v\u00e1lce a zajistil tak kompatibilitu a spolehlivost pro r\u016fzn\u00e9 stroje.<\/li>\n<\/ul>\n<p><img decoding=\"async\" src=\"https:\/\/www.hydraulic-cylinders.net\/wp-content\/uploads\/2025\/04\/songte-cylinder-head-with-all-kinds-excavator-models.webp\" alt=\"Vlastn\u00ed v\u00e1lec v\u00fdlo\u017en\u00edku\" \/><\/p>\n<h2>Aplikace v\u00e1lce v\u00fdlo\u017en\u00edku<\/h2>\n<h3>Stavebn\u00ed stroje<\/h3>\n<p>U bagr\u016f hraj\u00ed v\u00e1lce v\u00fdlo\u017en\u00edku z\u00e1sadn\u00ed roli p\u0159i kop\u00e1n\u00ed, nakl\u00e1d\u00e1n\u00ed a p\u0159emis\u0165ov\u00e1n\u00ed zeminy nebo suti. Umo\u017e\u0148uj\u00ed l\u017e\u00edci proniknout do zem\u011b, co\u017e je nezbytn\u00e9 pro v\u00fdkopov\u00e9 pr\u00e1ce. U rypadlo-naklada\u010d\u016f nav\u00edc v\u00e1lec v\u00fdlo\u017en\u00edku pom\u00e1h\u00e1 jak p\u0159i kop\u00e1n\u00ed, tak p\u0159i zved\u00e1n\u00ed, co\u017e poskytuje v\u0161estrannost na staveni\u0161t\u00edch.<\/p>\n<h3>Zem\u011bd\u011blsk\u00e9 stroje<\/h3>\n<p>U \u010deln\u00edch naklada\u010d\u016f jsou v\u00e1lce v\u00fdlo\u017en\u00edku kl\u00ed\u010dov\u00e9 pro nab\u00edr\u00e1n\u00ed, zved\u00e1n\u00ed a p\u0159epravu zeminy, sena a dal\u0161\u00edch materi\u00e1l\u016f. Umo\u017e\u0148uj\u00ed obsluze efektivn\u011b \u0159\u00eddit zem\u011bd\u011blsk\u00e9 \u00fakoly, zvy\u0161ovat produktivitu a sni\u017eovat n\u00e1ro\u010dnost pr\u00e1ce.<\/p>\n<h3>Bagry<\/h3>\n<p>Hydraulick\u00e9 v\u00e1lce v\u00fdlo\u017en\u00edku umo\u017e\u0148uj\u00ed rypadl\u016fm efektivn\u00ed pronik\u00e1n\u00ed l\u017e\u00edce do p\u016fdy, co\u017e je nezbytn\u00e9 pro r\u016fzn\u00e9 v\u00fdkopov\u00e9 projekty. Jejich hydraulick\u00e1 s\u00edla zaji\u0161\u0165uje rychl\u00e9 a efektivn\u00ed prov\u00e1d\u011bn\u00ed rypac\u00edch \u010dinnost\u00ed.<\/p>\n<h3>Naklada\u010de<\/h3>\n<p>U \u010deln\u00edch naklada\u010d\u016f pom\u00e1haj\u00ed v\u00e1lce v\u00fdlo\u017en\u00edku p\u0159i zved\u00e1n\u00ed a vykl\u00e1p\u011bn\u00ed b\u0159emen, \u010d\u00edm\u017e zvy\u0161uj\u00ed provozn\u00ed efektivitu. Umo\u017e\u0148uj\u00ed plynul\u00e9 a siln\u00e9 pohyby, kter\u00e9 jsou nezbytn\u00e9 pro p\u0159epravu materi\u00e1l\u016f nap\u0159\u00ed\u010d pracovi\u0161ti.<\/p>\n<h2>\u00davahy o designu<\/h2>\n<h3>Nosnost<\/h3>\n<p>Nosnost v\u00e1lce v\u00fdlo\u017en\u00edku je z\u00e1sadn\u00ed pro zaji\u0161t\u011bn\u00ed bezpe\u010dn\u00e9ho a efektivn\u00edho provozu t\u011b\u017ek\u00fdch stroj\u016f. Mus\u00ed b\u00fdt navr\u017een tak, aby zvl\u00e1dl maxim\u00e1ln\u00ed zat\u00ed\u017een\u00ed o\u010dek\u00e1van\u00e9 v provozn\u00edch sc\u00e9n\u00e1\u0159\u00edch, a z\u00e1rove\u0148 poskytoval dostate\u010dn\u00e9 bezpe\u010dnostn\u00ed rezervy, aby se zabr\u00e1nilo poruch\u00e1m b\u011bhem pou\u017e\u00edv\u00e1n\u00ed. In\u017een\u00fd\u0159i mus\u00ed p\u0159esn\u011b vypo\u010d\u00edtat o\u010dek\u00e1van\u00e9 zat\u00ed\u017een\u00ed s ohledem na dynamick\u00e9 podm\u00ednky, kter\u00e9 mohou b\u011bhem provozu nastat.<\/p>\n<h3>T\u011bsn\u011bn\u00ed<\/h3>\n<p>\u00da\u010dinn\u00e9 t\u011bsn\u011bn\u00ed je nezbytn\u00e9 pro prevenci \u00fanik\u016f hydraulick\u00e9 kapaliny, kter\u00e9 mohou ohrozit \u00fa\u010dinnost hydraulick\u00e9ho syst\u00e9mu. Vysoce kvalitn\u00ed t\u011bsn\u011bn\u00ed vyroben\u00e1 z odoln\u00fdch materi\u00e1l\u016f, jako je polyuretan a nitrilov\u00e1 pry\u017e, zaji\u0161\u0165uj\u00ed dlouhodob\u00fd v\u00fdkon. Pravideln\u00e1 \u00fadr\u017eba a v\u010dasn\u00e1 v\u00fdm\u011bna t\u011bsn\u011bn\u00ed jsou kl\u00ed\u010dov\u00e9 pro udr\u017een\u00ed provozn\u00ed integrity a zkr\u00e1cen\u00ed prostoj\u016f.<\/p>\n<h3>Trvanlivost<\/h3>\n<p>Trvanlivost v\u00e1lc\u016f v\u00fdlo\u017en\u00edku je ovlivn\u011bna pou\u017eit\u00fdmi materi\u00e1ly a v\u00fdrobn\u00edm procesem. Vysoce pevn\u00e9 materi\u00e1ly ve spojen\u00ed s pokro\u010dil\u00fdmi v\u00fdrobn\u00edmi technikami vedou k tomu, \u017ee v\u00e1lce odol\u00e1vaj\u00ed extr\u00e9mn\u00edm podm\u00ednk\u00e1m. Tato odolnost prodlu\u017euje \u017eivotnost produktu a sni\u017euje \u010detnost v\u00fdm\u011bn, co\u017e vede k \u00faspor\u00e1m n\u00e1klad\u016f pro obsluhu.<\/p>\n<h3>Bezpe\u010dnost<\/h3>\n<p>Do konstrukce v\u00e1lc\u016f v\u00fdlo\u017en\u00edku mus\u00ed b\u00fdt integrov\u00e1ny bezpe\u010dnostn\u00ed prvky, aby se p\u0159ede\u0161lo nehod\u00e1m a byla zaji\u0161t\u011bna d\u016fv\u011bra obsluhy. To zahrnuje implementaci bezpe\u010dnostn\u00edch prvk\u016f, p\u0159etlakov\u00fdch ventil\u016f a robustn\u00ed konstrukci, kter\u00e1 odol\u00e1 neo\u010dek\u00e1van\u00fdm tlak\u016fm nebo n\u00e1raz\u016fm, a t\u00edm se zv\u00fd\u0161\u00ed celkov\u00e1 bezpe\u010dnost b\u011bhem provozu.<\/p>\n<h3>\u00dadr\u017eba<\/h3>\n<p>Snadn\u00e1 \u00fadr\u017eba je z\u00e1sadn\u00edm konstruk\u010dn\u00edm hlediskem. V\u00e1lce v\u00fdlo\u017en\u00edku by m\u011bly b\u00fdt navr\u017eeny pro snadnou kontrolu, maz\u00e1n\u00ed a v\u00fdm\u011bnu d\u00edl\u016f. V\u00fdrobci by m\u011bli zv\u00e1\u017eit p\u0159\u00edstupnost servisu, aby se zkr\u00e1tila doba a n\u00e1klady na \u00fadr\u017ebu, a t\u00edm se zajistilo, \u017ee stroje z\u016fstanou v provozu po del\u0161\u00ed dobu.<\/p>\n<p><img decoding=\"async\" src=\"https:\/\/www.hydraulic-cylinders.net\/wp-content\/uploads\/2025\/04\/songte-oil-pipes-and-spare-parts.webp\" alt=\"D\u00edly hydraulick\u00e9ho v\u00e1lce\" \/><\/p>\n<h2>T\u011bsn\u011bn\u00ed a maz\u00e1n\u00ed<\/h2>\n<p>\u00da\u010dinn\u00e9 t\u011bsn\u011bn\u00ed a maz\u00e1n\u00ed jsou z\u00e1sadn\u00ed pro spr\u00e1vnou funkci v\u00e1lc\u016f v\u00fdlo\u017en\u00edku. K zabr\u00e1n\u011bn\u00ed \u00faniku hydraulick\u00e9 kapaliny se pou\u017e\u00edvaj\u00ed r\u016fzn\u00e1 t\u011bsn\u011bn\u00ed, jako jsou p\u00edstn\u00ed t\u011bsn\u011bn\u00ed a t\u011bsn\u011bn\u00ed p\u00edstnice. B\u011b\u017en\u011b se pou\u017e\u00edvaj\u00ed t\u011bsn\u011bn\u00ed vyroben\u00e1 z materi\u00e1l\u016f odoln\u00fdch proti opot\u0159eben\u00ed, jako je polyuretan a nitrilov\u00e1 pry\u017e, a to kv\u016fli jejich trvanlivosti. T\u011bleso v\u00e1lce a z\u00e1vitov\u00e9 konce jsou jemn\u011b opracov\u00e1ny pro zv\u00fd\u0161en\u00ed odolnosti proti opot\u0159eben\u00ed. Je nezbytn\u00e9 pravideln\u011b dopl\u0148ovat hydraulick\u00fd olej, aby se udr\u017eelo dostate\u010dn\u00e9 maz\u00e1n\u00ed, a t\u00edm se zabr\u00e1nilo t\u0159en\u00ed a opot\u0159eben\u00ed pohybliv\u00fdch \u010d\u00e1st\u00ed.<\/p>\n<h2>Preventivn\u00ed \u00fadr\u017ebov\u00e1 opat\u0159en\u00ed<\/h2>\n<ul>\n<li><strong>Pravideln\u00e9 kontroly:<\/strong> Prov\u00e1d\u011bn\u00ed pravideln\u00fdch kontrol pom\u00e1h\u00e1 v\u010das odhalit opot\u0159eben\u00ed, co\u017e umo\u017e\u0148uje v\u010dasn\u00e9 opravy a v\u00fdm\u011bny. Oper\u00e1to\u0159i by m\u011bli kontrolovat net\u011bsnosti, opot\u0159eben\u00ed t\u011bsn\u011bn\u00ed a celkovou integritu lahve.<\/li>\n<li><strong>Vhodn\u00e9 maz\u00e1n\u00ed:<\/strong> Zajist\u011bte, aby byl hydraulick\u00fd syst\u00e9m dostate\u010dn\u011b maz\u00e1n. Pou\u017e\u00edvejte hydraulick\u00fd olej doporu\u010den\u00fd v\u00fdrobcem a dodr\u017eujte mazac\u00ed pl\u00e1n, abyste udr\u017eeli optim\u00e1ln\u00ed v\u00fdkon a zabr\u00e1nili po\u0161kozen\u00ed v d\u016fsledku t\u0159en\u00ed.<\/li>\n<li><strong>V\u00fdm\u011bna t\u011bsn\u011bn\u00ed:<\/strong> Pravideln\u011b kontrolujte t\u011bsn\u011bn\u00ed, zda nevykazuj\u00ed zn\u00e1mky opot\u0159eben\u00ed nebo po\u0161kozen\u00ed, a v p\u0159\u00edpad\u011b pot\u0159eby je vym\u011b\u0148te, abyste zabr\u00e1nili \u00fanik\u016fm a udr\u017eeli \u00fa\u010dinnost syst\u00e9mu.<\/li>\n<\/ul>\n<h2>Pokyny k instalaci<\/h2>\n<p>Spr\u00e1vn\u00e1 instalace v\u00e1lce v\u00fdlo\u017en\u00edku je nezbytn\u00e1 pro optim\u00e1ln\u00ed v\u00fdkon. Za\u010dn\u011bte t\u00edm, \u017ee se ujist\u00edte, \u017ee je pracovn\u00ed prostor \u010dist\u00fd a bez ne\u010distot. P\u0159esn\u011b vyrovnejte v\u00e1lec v\u00fdlo\u017en\u00edku s mont\u00e1\u017en\u00edmi body a zajist\u011bte jej pomoc\u00ed vhodn\u00fdch mont\u00e1\u017en\u00edch konzol. P\u0159i utahov\u00e1n\u00ed \u0161roub\u016f je nezbytn\u00e9 pou\u017e\u00edt spr\u00e1vn\u00e9 utahovac\u00ed momenty, aby nedo\u0161lo k naru\u0161en\u00ed integrity v\u00e1lce. Po instalaci zkontrolujte vyrovn\u00e1n\u00ed a funkci v\u00e1lce, abyste zajistili jeho hladk\u00fd chod bez p\u0159ek\u00e1\u017eek. Pravideln\u011b kontrolujte instala\u010dn\u00ed postupy, abyste zv\u00fd\u0161ili v\u00fdkon a bezpe\u010dnost b\u011bhem provozu.<\/p>\n<h2>B\u011b\u017en\u00e9 \u00fakoly \u00fadr\u017eby<\/h2>\n<ul>\n<li><strong>Pravideln\u00e9 kontroly:<\/strong> Pravideln\u00e9 kontroly viditeln\u00e9ho po\u0161kozen\u00ed nebo opot\u0159eben\u00ed v\u00e1lce v\u00fdlo\u017en\u00edku jsou nezbytn\u00e9. Pat\u0159\u00ed sem kontrola t\u011bsn\u011bn\u00ed, zda nedoch\u00e1z\u00ed k jejich \u00faniku, a zaji\u0161t\u011bn\u00ed bezpe\u010dn\u00e9ho a neporu\u0161en\u00e9ho upevn\u011bn\u00ed v\u0161ech spoj\u016f.<\/li>\n<li><strong>Spr\u00e1vn\u00e9 maz\u00e1n\u00ed:<\/strong> Je nezbytn\u00e9 spr\u00e1vn\u011b mazat hydraulick\u00fd syst\u00e9m, aby se sn\u00ed\u017eilo t\u0159en\u00ed mezi pohybliv\u00fdmi \u010d\u00e1stmi. Dodr\u017eujte pokyny v\u00fdrobce ohledn\u011b interval\u016f a mno\u017estv\u00ed maz\u00e1n\u00ed.<\/li>\n<li><strong>V\u00fdm\u011bna t\u011bsn\u011bn\u00ed a kontroly kalibrace:<\/strong> Pravideln\u011b vym\u011b\u0148ujte opot\u0159ebovan\u00e1 t\u011bsn\u011bn\u00ed a prov\u00e1d\u011bjte kalibra\u010dn\u00ed kontroly, abyste zajistili, \u017ee hydraulick\u00fd syst\u00e9m pracuje v r\u00e1mci stanoven\u00fdch parametr\u016f. To pom\u00e1h\u00e1 udr\u017eovat \u00fa\u010dinnost a prodlu\u017euje \u017eivotnost za\u0159\u00edzen\u00ed.<\/li>\n<\/ul>\n<p>B\u011bhem instalace je kl\u00ed\u010dov\u00e9 zajistit spr\u00e1vn\u00e9 vyrovn\u00e1n\u00ed v\u00e1lce. Pou\u017eit\u00ed vhodn\u00fdch mont\u00e1\u017en\u00edch konzol poskytne stabiliza\u010dn\u00ed oporu v\u00e1lce. Pravideln\u00e9 kontroly a v\u00fdm\u011bna sou\u010d\u00e1st\u00ed zv\u00fd\u0161\u00ed trvanlivost a \u00fa\u010dinnost hydraulick\u00e9ho syst\u00e9mu.<\/p>\n<p><img decoding=\"async\" src=\"https:\/\/www.hydraulic-cylinders.net\/wp-content\/uploads\/2025\/04\/songte-chushion-collar.webp\" alt=\"Pol\u0161t\u00e1\u0159ov\u00fd l\u00edmec\" \/><\/p>\n<h2>Bezpe\u010dnostn\u00ed aspekty a faktory prost\u0159ed\u00ed<\/h2>\n<p>P\u0159i pou\u017e\u00edv\u00e1n\u00ed v\u00e1lc\u016f v\u00fdlo\u017en\u00edku jsou bezpe\u010dnostn\u00ed opat\u0159en\u00ed z\u00e1sadn\u00ed pro prevenci nehod. Obsluha by m\u011bla b\u00fdt pro\u0161kolena v rozpozn\u00e1v\u00e1n\u00ed potenci\u00e1ln\u00edch nebezpe\u010d\u00ed a dodr\u017eov\u00e1n\u00ed bezpe\u010dnostn\u00edch protokol\u016f. B\u011bhem provozu je nutn\u00e9 nosit vhodn\u00e9 osobn\u00ed ochrann\u00e9 prost\u0159edky (OOP). P\u0159i v\u00fdb\u011bru materi\u00e1l\u016f pro v\u00e1lce v\u00fdlo\u017en\u00edku je t\u0159eba zv\u00e1\u017eit tak\u00e9 faktory prost\u0159ed\u00ed, jako je vystaven\u00ed extr\u00e9mn\u00edm teplot\u00e1m nebo korozivn\u00edm materi\u00e1l\u016fm, aby byla zaji\u0161t\u011bna jejich \u017eivotnost a spolehlivost.<\/p>\n<h2>Diagnostika z\u00e1vad a b\u011b\u017en\u00e9 probl\u00e9my<\/h2>\n<ul>\n<li><strong>\u00danik:<\/strong> Jedn\u00edm z nej\u010dast\u011bj\u0161\u00edch probl\u00e9m\u016f s hydraulick\u00fdmi v\u00e1lci je net\u011bsnost, \u010dasto zp\u016fsoben\u00e1 opot\u0159ebovan\u00fdmi t\u011bsn\u011bn\u00edmi. Pravideln\u00e1 kontrola m\u016f\u017ee pomoci odhalit net\u011bsnosti d\u0159\u00edve, ne\u017e povedou k z\u00e1va\u017en\u00fdm probl\u00e9m\u016fm.<\/li>\n<li><strong>P\u0159eh\u0159\u00e1t\u00ed:<\/strong> K p\u0159eh\u0159\u00e1t\u00ed m\u016f\u017ee doj\u00edt v d\u016fsledku n\u00edzk\u00e9 hladiny hydraulick\u00e9 kapaliny nebo nadm\u011brn\u00e9ho zat\u00ed\u017een\u00ed. Sledov\u00e1n\u00ed hladiny kapalin a udr\u017eov\u00e1n\u00ed spr\u00e1vn\u00e9ho provozn\u00edho zat\u00ed\u017een\u00ed m\u016f\u017ee pomoci tento probl\u00e9m zm\u00edrnit.<\/li>\n<li><strong>Nepravideln\u00fd pohyb:<\/strong> Pokud v\u00e1lec v\u00fdlo\u017en\u00edku pracuje nerovnom\u011brn\u011b nebo nepravideln\u011b, m\u016f\u017ee to znamenat probl\u00e9m s hydraulickou kapalinou nebo vnit\u0159n\u00ed po\u0161kozen\u00ed. Kontrola kvality a hladiny kapalin je z\u00e1sadn\u00ed pro udr\u017een\u00ed plynul\u00e9ho provozu.<\/li>\n<\/ul>\n<h2>Tipy a \u0159e\u0161en\u00ed probl\u00e9m\u016f<\/h2>\n<p>Pro efektivn\u00ed diagnostiku a \u0159e\u0161en\u00ed probl\u00e9m\u016f s v\u00e1lci v\u00fdlo\u017en\u00edku by oper\u00e1to\u0159i m\u011bli prov\u00e1d\u011bt pravideln\u00e9 kontroly \u00fadr\u017eby. Zkontrolujte t\u011bsn\u011bn\u00ed, zda nedoch\u00e1z\u00ed k \u00fanik\u016fm, a v p\u0159\u00edpad\u011b pot\u0159eby je vym\u011b\u0148te. Pokud dojde k p\u0159eh\u0159\u00e1t\u00ed, zhodno\u0165te hladinu kapaliny a zva\u017ete sn\u00ed\u017een\u00ed provozn\u00edho zat\u00ed\u017een\u00ed. V p\u0159\u00edpadech nepravideln\u00e9ho pohybu zhodno\u0165te kvalitu hydraulick\u00e9 kapaliny a zkontrolujte vnit\u0159n\u00ed ucp\u00e1n\u00ed nebo po\u0161kozen\u00ed. Preventivn\u00ed opat\u0159en\u00ed, jako jsou pravideln\u00e9 kontroly a spr\u00e1vn\u00e9 maz\u00e1n\u00ed, jsou nezbytn\u00e1 pro minimalizaci potenci\u00e1ln\u00edch probl\u00e9m\u016f a zaji\u0161t\u011bn\u00ed plynul\u00e9ho provozu.<\/p>\n<p><img decoding=\"async\" src=\"https:\/\/www.hydraulic-cylinders.net\/wp-content\/uploads\/2025\/04\/songte-bushings-with-all-kinds-of-excavator-models.webp\" alt=\"Pouzdra pro bagry\" \/><\/p>\n<h2>O na\u0161\u00ed spole\u010dnosti<\/h2>\n<p>Jsme p\u0159edn\u00edm v\u00fdrobcem n\u00e1hradn\u00edch hydraulick\u00fdch v\u00e1lc\u016f a nab\u00edz\u00edme komplexn\u00ed sortiment produkt\u016f, kter\u00e9 uspokoj\u00ed dom\u00e1c\u00ed i mezin\u00e1rodn\u00ed trhy. N\u00e1\u0161 z\u00e1vazek k vynikaj\u00edc\u00ed kvalit\u011b je podpo\u0159en propracovanou v\u00fdrobn\u00ed strategi\u00ed, vyu\u017e\u00edvaj\u00edc\u00ed pokro\u010dil\u00e9 technologie a kvalifikovan\u00e9 odborn\u00edky. Neust\u00e1le vylep\u0161ujeme na\u0161e v\u00fdrobn\u00ed kapacity a zaji\u0161\u0165ujeme, aby na\u0161e produkty spl\u0148ovaly vysok\u00e9 standardy p\u0159esnosti a odolnosti.<\/p>\n<h3>Specializovan\u00e9 slu\u017eby<\/h3>\n<ul>\n<li><strong>Odborn\u00e9 znalosti:<\/strong> N\u00e1\u0161 t\u00fdm se skl\u00e1d\u00e1 ze zku\u0161en\u00fdch profesion\u00e1l\u016f, kte\u0159\u00ed rozum\u00ed slo\u017eitostem hydraulick\u00fdch syst\u00e9m\u016f a jsou odhodl\u00e1ni dod\u00e1vat vysoce kvalitn\u00ed produkty.<\/li>\n<li><strong>Mezin\u00e1rodn\u00ed certifikace:<\/strong> Dodr\u017eujeme mezin\u00e1rodn\u00ed standardy kvality a bezpe\u010dnosti, \u010d\u00edm\u017e zaji\u0161\u0165ujeme spolehlivost a d\u016fv\u011bryhodnost na\u0161ich produkt\u016f.<\/li>\n<li><strong>\u0158e\u0161en\u00ed na m\u00edru:<\/strong> Nab\u00edz\u00edme \u0159e\u0161en\u00ed na m\u00edru, kter\u00e1 spl\u0148uj\u00ed specifick\u00e9 po\u017eadavky z\u00e1kazn\u00edk\u016f, a zaji\u0161\u0165ujeme, aby na\u0161e produkty dokonale vyhovovaly r\u016fzn\u00fdm aplikac\u00edm.<\/li>\n<li><strong>Pokro\u010dil\u00e9 vybaven\u00ed:<\/strong> Na\u0161e nejmodern\u011bj\u0161\u00ed v\u00fdrobn\u00ed za\u0159\u00edzen\u00ed n\u00e1m umo\u017e\u0148uje vyr\u00e1b\u011bt vysoce kvalitn\u00ed hydraulick\u00e9 v\u00e1lce s v\u00fdjime\u010dnou \u00fa\u010dinnost\u00ed.<\/li>\n<li><strong>Poprodejn\u00ed podpora:<\/strong> Poskytujeme komplexn\u00ed poprodejn\u00ed slu\u017eby, kter\u00e9 zaji\u0161\u0165uj\u00ed spokojenost z\u00e1kazn\u00edk\u016f a podporu i dlouho po zakoupen\u00ed.<\/li>\n<\/ul>\n<p><img decoding=\"async\" src=\"https:\/\/www.hydraulic-cylinders.net\/wp-content\/uploads\/2025\/04\/songte-company-4.webp\" alt=\"P\u0159ehled spole\u010dnosti\" \/><br \/>\n<img decoding=\"async\" src=\"https:\/\/www.hydraulic-cylinders.net\/wp-content\/uploads\/2025\/04\/songte-company-3.webp\" alt=\"V\u00fdrobn\u00ed z\u00e1vod\" \/><\/p>\n<p>Autor: lyl<\/p>","protected":false},"excerpt":{"rendered":"<p>Boom Cylinder For Kato Small Excavator HD250 Product Overview The boom cylinder for the Kato small excavator HD250 is a crucial component in hydraulic systems, specifically designed to manage the movement of the bucket in heavy machinery. As a type of hydraulic cylinder, it plays a vital role in controlling various functions such as lifting, [&hellip;]<\/p>","protected":false},"featured_media":17873,"comment_status":"open","ping_status":"closed","template":"","meta":{"_et_pb_use_builder":"","_et_pb_old_content":"","_et_gb_content_width":""},"product_brand":[],"product_cat":[1546],"product_tag":[1547,1496],"class_list":{"0":"post-19730","1":"product","2":"type-product","3":"status-publish","4":"has-post-thumbnail","6":"product_cat-boom-cylinders","7":"product_tag-boom-cylinders","8":"product_tag-hydraulic-cylinders","10":"first","11":"instock","12":"shipping-taxable","13":"product-type-simple"},"amp_enabled":true,"_links":{"self":[{"href":"https:\/\/www.hydraulic-cylinders.net\/cs\/wp-json\/wp\/v2\/product\/19730","targetHints":{"allow":["GET"]}}],"collection":[{"href":"https:\/\/www.hydraulic-cylinders.net\/cs\/wp-json\/wp\/v2\/product"}],"about":[{"href":"https:\/\/www.hydraulic-cylinders.net\/cs\/wp-json\/wp\/v2\/types\/product"}],"replies":[{"embeddable":true,"href":"https:\/\/www.hydraulic-cylinders.net\/cs\/wp-json\/wp\/v2\/comments?post=19730"}],"wp:featuredmedia":[{"embeddable":true,"href":"https:\/\/www.hydraulic-cylinders.net\/cs\/wp-json\/wp\/v2\/media\/17873"}],"wp:attachment":[{"href":"https:\/\/www.hydraulic-cylinders.net\/cs\/wp-json\/wp\/v2\/media?parent=19730"}],"wp:term":[{"taxonomy":"product_brand","embeddable":true,"href":"https:\/\/www.hydraulic-cylinders.net\/cs\/wp-json\/wp\/v2\/product_brand?post=19730"},{"taxonomy":"product_cat","embeddable":true,"href":"https:\/\/www.hydraulic-cylinders.net\/cs\/wp-json\/wp\/v2\/product_cat?post=19730"},{"taxonomy":"product_tag","embeddable":true,"href":"https:\/\/www.hydraulic-cylinders.net\/cs\/wp-json\/wp\/v2\/product_tag?post=19730"}],"curies":[{"name":"wp","href":"https:\/\/api.w.org\/{rel}","templated":true}]}}