{"id":19733,"date":"2025-04-07T07:04:37","date_gmt":"2025-04-07T07:04:37","guid":{"rendered":"https:\/\/www.hydraulic-cylinders.net\/product\/boom-cylinder-for-kato-small-excavator-hd820-3\/"},"modified":"2025-04-07T07:04:39","modified_gmt":"2025-04-07T07:04:39","slug":"boom-cylinder-for-kato-small-excavator-hd820-3","status":"publish","type":"product","link":"https:\/\/www.hydraulic-cylinders.net\/cs\/produkt\/boom-cylinder-for-kato-small-excavator-hd820-3\/","title":{"rendered":"V\u00e1lec v\u00fdlo\u017en\u00edku pro mal\u00e9 rypadlo Kato HD820-3"},"content":{"rendered":"<h1>V\u00e1lec v\u00fdlo\u017en\u00edku pro mal\u00e9 rypadlo Kato HD820-3<\/h1>\n<h2>\u00davod k v\u00e1lc\u016fm v\u00fdlo\u017en\u00edku<\/h2>\n<p>Hydraulick\u00fd v\u00e1lec v\u00fdlo\u017en\u00edku pro mal\u00e9 rypadlo Kato HD820-3 je nezbytn\u00e1 hydraulick\u00e1 sou\u010d\u00e1st navr\u017een\u00e1 speci\u00e1ln\u011b pro ovl\u00e1d\u00e1n\u00ed pohybu l\u017e\u00edc v r\u016fzn\u00fdch t\u011b\u017ek\u00fdch stroj\u00edch, v\u010detn\u011b rypadel, r\u00fdpadel-naklada\u010d\u016f a \u010deln\u00edch naklada\u010d\u016f. Tyto hydraulick\u00e9 v\u00e1lce usnad\u0148uj\u00ed zved\u00e1n\u00ed, spou\u0161t\u011bn\u00ed a nakl\u00e1p\u011bn\u00ed l\u017e\u00edce, co\u017e je \u010din\u00ed nezbytn\u00fdmi pro manipulaci s materi\u00e1lem ve stavebn\u00edch a v\u00fdkopov\u00fdch prac\u00edch.<\/p>\n<p>J\u00e1drem t\u011bchto za\u0159\u00edzen\u00ed je hydraulick\u00fd syst\u00e9m, kter\u00fd k vytv\u00e1\u0159en\u00ed pohybu vyu\u017e\u00edv\u00e1 tlakovou kapalinu. Hydraulick\u00fd v\u00e1lec kope\u010dku je jako typ hydraulick\u00e9ho v\u00e1lce navr\u017een tak, aby zvl\u00e1dal extr\u00e9mn\u00ed s\u00edly vznikaj\u00edc\u00ed p\u0159i zved\u00e1n\u00ed a p\u0159emis\u0165ov\u00e1n\u00ed t\u011b\u017ek\u00fdch b\u0159emen. Jeho robustn\u00ed konstrukce zaji\u0161\u0165uje spolehlivost a v\u00fdkon i v n\u00e1ro\u010dn\u00fdch pracovn\u00edch podm\u00ednk\u00e1ch.<\/p>\n<p><img decoding=\"async\" src=\"https:\/\/www.hydraulic-cylinders.net\/wp-content\/uploads\/2025\/04\/songte-company-1.webp\" alt=\"V\u00e1lec v\u00fdlo\u017en\u00edku pro mal\u00e9 rypadlo Kato\"><\/p>\n<h3>Vlastnosti v\u00e1lce v\u00fdlo\u017en\u00edku<\/h3>\n<ul>\n<li><strong>Vysok\u00e1 pevnost a trvanlivost:<\/strong> Tyto v\u00e1lce, vyroben\u00e9 z vysokopevnostn\u00ed oceli nebo hlin\u00edku, odol\u00e1vaj\u00ed vysok\u00e9mu tlaku a velk\u00e9mu zat\u00ed\u017een\u00ed, tak\u017ee jsou vhodn\u00e9 pro n\u00e1ro\u010dn\u00e9 pracovn\u00ed podm\u00ednky.<\/li>\n<li><strong>Efektivn\u00ed hydraulick\u00fd provoz:<\/strong> Plynul\u00e9 vysouv\u00e1n\u00ed a zasouv\u00e1n\u00ed v\u00e1lce je dosa\u017eeno tlakem hydraulick\u00e9ho oleje, co\u017e umo\u017e\u0148uje rychl\u00e9 reakce na ovl\u00e1dac\u00ed povely a poskytuje siln\u00e9 tla\u010dn\u00e9 a ta\u017en\u00e9 s\u00edly.<\/li>\n<li><strong>R\u016fzn\u00e9 typy:<\/strong> V\u00e1lce v\u00fdlo\u017en\u00edku se dod\u00e1vaj\u00ed v jedno\u010dinn\u00e9m i dvoj\u010dinn\u00e9m proveden\u00ed, aby vyhov\u011bly r\u016fzn\u00fdm provozn\u00edm pot\u0159eb\u00e1m. N\u011bkter\u00e9 modely jsou teleskopick\u00e9, co\u017e umo\u017e\u0148uje v\u011bt\u0161\u00ed vysunut\u00ed bez zv\u011bt\u0161en\u00ed vn\u011bj\u0161\u00edch rozm\u011br\u016f, co\u017e je ide\u00e1ln\u00ed pro aplikace s omezen\u00fdm prostorem.<\/li>\n<li><strong>Kompatibilita:<\/strong> Na\u0161e produkty jsou navr\u017eeny tak, aby dokonale nahradily st\u00e1vaj\u00edc\u00ed hydraulick\u00e9 v\u00e1lce a zajistily tak bezprobl\u00e9movou integraci do st\u00e1vaj\u00edc\u00edch stroj\u016f.<\/li>\n<li><strong>Snadn\u00e1 \u00fadr\u017eba:<\/strong> Tyto v\u00e1lce jsou navr\u017eeny pro snadnou \u00fadr\u017ebu, co\u017e zaji\u0161\u0165uj\u00ed dlouhodob\u00fd v\u00fdkon a zkr\u00e1cen\u00ed prostoj\u016f.<\/li>\n<\/ul>\n<p><img decoding=\"async\" src=\"https:\/\/www.hydraulic-cylinders.net\/wp-content\/uploads\/2025\/04\/songte-cylinder-head-with-all-kinds-excavator-models.webp\" alt=\"Kompatibilita model\u016f bagr\u016f\"><\/p>\n<h2>Aplikace v\u00e1lce v\u00fdlo\u017en\u00edku<\/h2>\n<h3>Stavebn\u00ed stroje<\/h3>\n<p>U stavebn\u00edch stroj\u016f, zejm\u00e9na u bagr\u016f, jsou v\u00e1lce v\u00fdlo\u017en\u00edku kl\u00ed\u010dov\u00e9 pro kop\u00e1n\u00ed, nakl\u00e1d\u00e1n\u00ed a p\u0159esouv\u00e1n\u00ed zeminy nebo suti. Poskytuj\u00ed pot\u0159ebnou s\u00edlu k pronik\u00e1n\u00ed do zem\u011b, co\u017e umo\u017e\u0148uje obsluze efektivn\u011b kopat. U rypadlo-naklada\u010d\u016f tyto v\u00e1lce pom\u00e1haj\u00ed nejen p\u0159i kop\u00e1n\u00ed, ale tak\u00e9 p\u0159i zved\u00e1n\u00ed materi\u00e1l\u016f, \u010d\u00edm\u017e zvy\u0161uj\u00ed v\u0161estrannost a efektivitu stroje p\u0159i r\u016fzn\u00fdch \u00fakolech.<\/p>\n<h3>Zem\u011bd\u011blsk\u00e9 stroje<\/h3>\n<p>V zem\u011bd\u011blsk\u00fdch stroj\u00edch vyu\u017e\u00edvaj\u00ed \u010deln\u00ed naklada\u010de v\u00e1lce v\u00fdlo\u017en\u00edku k nab\u00edr\u00e1n\u00ed, zved\u00e1n\u00ed a p\u0159eprav\u011b p\u016fdy, sena a dal\u0161\u00edch materi\u00e1l\u016f. Tyto hydraulick\u00e9 v\u00e1lce hraj\u00ed kl\u00ed\u010dovou roli ve zvy\u0161ov\u00e1n\u00ed efektivity zem\u011bd\u011blsk\u00fdch operac\u00ed t\u00edm, \u017ee umo\u017e\u0148uj\u00ed rychlou manipulaci s materi\u00e1lem a jeho p\u0159epravu, co\u017e je z\u00e1sadn\u00ed pro produktivitu v zem\u011bd\u011blsk\u00e9m prost\u0159ed\u00ed.<\/p>\n<h3>Bagry<\/h3>\n<p>U rypadel umo\u017e\u0148uje v\u00e1lec v\u00fdlo\u017en\u00edku proniknout l\u017e\u00edci do p\u016fdy, co\u017e usnad\u0148uje efektivn\u00ed kop\u00e1n\u00ed. Hydraulick\u00fd v\u00fdkon poskytovan\u00fd t\u011bmito v\u00e1lci umo\u017e\u0148uje rypadl\u016fm prov\u00e1d\u011bt \u0159adu \u00fakol\u016f, od hlouben\u00ed v\u00fdkop\u016f a\u017e po hlouben\u00ed z\u00e1klad\u016f, s p\u0159esnost\u00ed a snadnost\u00ed. Tato schopnost je kl\u00ed\u010dov\u00e1 pro stavebn\u00ed projekty, kter\u00e9 vy\u017eaduj\u00ed hlubok\u00fd v\u00fdkop.<\/p>\n<h3>Naklada\u010de<\/h3>\n<p>U \u010deln\u00edch naklada\u010d\u016f pom\u00e1haj\u00ed v\u00e1lce v\u00fdlo\u017en\u00edku efektivn\u011b zvedat a vykl\u00e1dat b\u0159emena. Poskytuj\u00ed pot\u0159ebnou zvedac\u00ed s\u00edlu pro zved\u00e1n\u00ed t\u011b\u017ek\u00fdch materi\u00e1l\u016f a zaji\u0161\u0165uj\u00ed kontrolovan\u00e9 vykl\u00e1p\u011bn\u00ed, co\u017e zvy\u0161uje celkovou efektivitu manipulace s materi\u00e1lem ve stavebnictv\u00ed a krajin\u00e1\u0159stv\u00ed.<\/p>\n<h2>Konstruk\u010dn\u00ed aspekty pro v\u00e1lce v\u00fdlo\u017en\u00edku<\/h2>\n<h3>Nosnost<\/h3>\n<p>P\u0159i navrhov\u00e1n\u00ed v\u00e1lc\u016f v\u00fdlo\u017en\u00edku je nosnost kritick\u00fdm faktorem. V\u00e1lec mus\u00ed b\u00fdt schopen zvl\u00e1dnout maxim\u00e1ln\u00ed o\u010dek\u00e1van\u00e9 zat\u00ed\u017een\u00ed bez kompromis\u016f v oblasti bezpe\u010dnosti nebo v\u00fdkonu. In\u017een\u00fd\u0159i vypo\u010d\u00edtaj\u00ed po\u017eadovanou nosnost na z\u00e1klad\u011b konkr\u00e9tn\u00edch aplikac\u00ed, kter\u00fdm bude v\u00e1lec slou\u017eit, a zajist\u00ed, aby spl\u0148oval nebo p\u0159ekra\u010doval pr\u016fmyslov\u00e9 standardy.<\/p>\n<h3>T\u011bsn\u011bn\u00ed a trvanlivost<\/h3>\n<p>\u00da\u010dinn\u00e9 t\u011bsn\u011bn\u00ed je pro hydraulick\u00e9 v\u00e1lce z\u00e1sadn\u00ed, aby se zabr\u00e1nilo \u00fanik\u016fm a udr\u017eel tlak. Pro zv\u00fd\u0161en\u00ed \u017eivotnosti a spolehlivosti se pou\u017e\u00edvaj\u00ed vysoce kvalitn\u00ed t\u011bsn\u011bn\u00ed vyroben\u00e1 z odoln\u00fdch materi\u00e1l\u016f, jako je polyuretan a nitrilov\u00e1 pry\u017e. Konstrukce mus\u00ed tak\u00e9 zohled\u0148ovat potenci\u00e1ln\u00ed opot\u0159eben\u00ed, aby se zajistilo, \u017ee t\u011bsn\u011bn\u00ed odol\u00e1 n\u00e1ro\u010dn\u00fdm provozn\u00edm podm\u00ednk\u00e1m.<\/p>\n<h3>Bezpe\u010dnostn\u00ed prvky<\/h3>\n<p>Bezpe\u010dnost je p\u0159i konstrukci v\u00e1lc\u016f v\u00fdlo\u017en\u00edku prvo\u0159ad\u00e1. Za\u010dlen\u011bn\u00ed bezpe\u010dnostn\u00edch prvk\u016f, jako jsou p\u0159etlakov\u00e9 ventily a bezpe\u010dnostn\u00ed mechanismy, zaji\u0161\u0165uje, \u017ee za\u0159\u00edzen\u00ed pracuje v r\u00e1mci bezpe\u010dn\u00fdch parametr\u016f. Pravideln\u00e9 bezpe\u010dnostn\u00ed kontroly a dodr\u017eov\u00e1n\u00ed bezpe\u010dnostn\u00edch norem jsou z\u00e1sadn\u00ed pro prevenci nehod a poruch za\u0159\u00edzen\u00ed.<\/p>\n<h3>P\u0159\u00edstupnost \u00fadr\u017eby<\/h3>\n<p>Navrhov\u00e1n\u00ed s ohledem na p\u0159\u00edstupnost pro \u00fadr\u017ebu je nezbytn\u00e9 pro udr\u017een\u00ed v\u00e1lc\u016f v\u00fdlo\u017en\u00edku v optim\u00e1ln\u00edm stavu. Prvky, jako jsou snadn\u00fd p\u0159\u00edstup k maz\u00e1n\u00ed a kontrole, mohou v\u00fdrazn\u011b zkr\u00e1tit prostoje. Promy\u0161len\u00e1 konstrukce m\u016f\u017ee usnadnit pravideln\u00e9 kontroly \u00fadr\u017eby, prodlou\u017eit \u017eivotnost v\u00e1lce a zlep\u0161it celkov\u00fd v\u00fdkon.<\/p>\n<p><img decoding=\"async\" src=\"https:\/\/www.hydraulic-cylinders.net\/wp-content\/uploads\/2025\/04\/songte-oil-pipes-and-spare-parts.webp\" alt=\"Hydraulick\u00e9 potrub\u00ed a n\u00e1hradn\u00ed d\u00edly\"><\/p>\n<h2>T\u011bsn\u011bn\u00ed a maz\u00e1n\u00ed v\u00e1lc\u016f v\u00fdlo\u017en\u00edku<\/h2>\n<p>\u00da\u010dinn\u00e9 t\u011bsn\u011bn\u00ed je z\u00e1sadn\u00ed pro udr\u017een\u00ed hydraulick\u00e9ho tlaku ve v\u00e1lc\u00edch v\u00fdlo\u017en\u00edku. K zabr\u00e1n\u011bn\u00ed \u00faniku hydraulick\u00e9 kapaliny se pou\u017e\u00edvaj\u00ed r\u016fzn\u00e1 t\u011bsn\u011bn\u00ed, v\u010detn\u011b p\u00edstn\u00edch a p\u00edstn\u00edch t\u011bsn\u011bn\u00ed. T\u011bsn\u011bn\u00ed jsou \u010dasto vyrobena z materi\u00e1l\u016f odoln\u00fdch proti opot\u0159eben\u00ed, jako je polyuretan a nitrilov\u00e1 pry\u017e, kter\u00e9 jsou vybr\u00e1ny pro svou trvanlivost a schopnost odol\u00e1vat extr\u00e9mn\u00edm podm\u00ednk\u00e1m.<\/p>\n<p>Povrch t\u011blesa v\u00e1lce a z\u00e1vitov\u00e9ho konce jsou pe\u010dliv\u011b opracov\u00e1ny pro zv\u00fd\u0161en\u00ed odolnosti proti opot\u0159eben\u00ed, zaji\u0161t\u011bn\u00ed dlouh\u00e9 \u017eivotnosti a v\u00fdkonu. Pravideln\u00e9 maz\u00e1n\u00ed je tak\u00e9 nezbytn\u00e9; obsluha by m\u011bla zajistit pravideln\u00e9 dopl\u0148ov\u00e1n\u00ed dostate\u010dn\u00e9ho mno\u017estv\u00ed hydraulick\u00e9ho oleje, aby se udr\u017eela funk\u010dnost v\u00e1lce a zabr\u00e1nilo se opot\u0159eben\u00ed.<\/p>\n<h2>Pravideln\u00e1 kontrola a preventivn\u00ed \u00fadr\u017eba<\/h2>\n<ul>\n<li><strong>Rutinn\u00ed kontroly:<\/strong> Napl\u00e1nujte si pravideln\u00e9 kontroly, abyste odhalili p\u0159\u00edpadn\u00e9 net\u011bsnosti, opot\u0159eben\u00ed nebo po\u0161kozen\u00ed. V\u010dasn\u00e9 odhalen\u00ed probl\u00e9m\u016f m\u016f\u017ee zabr\u00e1nit n\u00e1kladn\u00fdm oprav\u00e1m a prostoj\u016fm.<\/li>\n<li><strong>Spr\u00e1vn\u00e9 maz\u00e1n\u00ed:<\/strong> Zajist\u011bte, aby v\u0161echny pohybliv\u00e9 \u010d\u00e1sti byly dostate\u010dn\u011b maz\u00e1ny vhodn\u00fdm hydraulick\u00fdm olejem, aby se sn\u00ed\u017eilo t\u0159en\u00ed a opot\u0159eben\u00ed.<\/li>\n<li><strong>V\u00fdm\u011bna t\u011bsn\u011bn\u00ed:<\/strong> Pravideln\u011b kontrolujte t\u011bsn\u011bn\u00ed, zda nevykazuj\u00ed zn\u00e1mky opot\u0159eben\u00ed, a v p\u0159\u00edpad\u011b pot\u0159eby je vym\u011b\u0148te, abyste zachovali hydraulickou \u00fa\u010dinnost a zabr\u00e1nili \u00fanik\u016fm.<\/li>\n<\/ul>\n<h2>Pokyny k instalaci v\u00e1lc\u016f v\u00fdlo\u017en\u00edku<\/h2>\n<p>Instalace v\u00e1lce v\u00fdlo\u017en\u00edku vy\u017eaduje pe\u010dlivou pozornost k detail\u016fm, aby byla zaji\u0161t\u011bna spr\u00e1vn\u00e1 funkce a \u017eivotnost. Dodr\u017eujte tyto pokyny:<\/p>\n<ul>\n<li><strong>P\u0159\u00edprava:<\/strong> P\u0159ed instalac\u00ed se ujist\u011bte, \u017ee je pracovn\u00ed prostor \u010dist\u00fd a bez ne\u010distot. P\u0159ipravte si ve\u0161ker\u00e9 pot\u0159ebn\u00e9 n\u00e1\u0159ad\u00ed a sou\u010d\u00e1sti.<\/li>\n<li><strong>Zarovn\u00e1n\u00ed:<\/strong> Spr\u00e1vn\u00e9 vyrovn\u00e1n\u00ed v\u00e1lce s mont\u00e1\u017en\u00edmi body je z\u00e1sadn\u00ed. Pou\u017eijte vodov\u00e1hu, abyste se ujistili, \u017ee je v\u00e1lec rovn\u00fd a zarovnan\u00fd s konstrukc\u00ed stroje.<\/li>\n<li><strong>Bezpe\u010dn\u00e1 mont\u00e1\u017e:<\/strong> Pro pevn\u00e9 upevn\u011bn\u00ed v\u00e1lce pou\u017eijte vhodn\u00e9 mont\u00e1\u017en\u00ed konzoly. Ujist\u011bte se, \u017ee v\u0161echny \u0161rouby jsou uta\u017eeny podle specifikac\u00ed v\u00fdrobce, aby se zabr\u00e1nilo pohybu v\u00e1lce b\u011bhem provozu.<\/li>\n<li><strong>Hydraulick\u00e9 p\u0159ipojen\u00ed:<\/strong> Hydraulick\u00e9 potrub\u00ed p\u0159ipojte opatrn\u011b a ujist\u011bte se, \u017ee nen\u00ed zalomen\u00e9 ani zkroucen\u00e9. Zkontrolujte kompatibilitu se st\u00e1vaj\u00edc\u00edmi hydraulick\u00fdmi syst\u00e9my.<\/li>\n<li><strong>Testov\u00e1n\u00ed:<\/strong> Po instalaci prove\u010fte zku\u0161ebn\u00ed provoz, abyste ov\u011b\u0159ili, \u017ee v\u00e1lec funguje hladce a bez \u00fanik\u016f. B\u011bhem prvn\u00edho provozu pe\u010dliv\u011b sledujte jeho v\u00fdkon.<\/li>\n<\/ul>\n<p><img decoding=\"async\" src=\"https:\/\/www.hydraulic-cylinders.net\/wp-content\/uploads\/2025\/04\/songte-chushion-collar.webp\" alt=\"Pol\u0161t\u00e1\u0159ov\u00fd l\u00edmec\"><\/p>\n<h2>Bezpe\u010dnostn\u00ed aspekty a faktory prost\u0159ed\u00ed<\/h2>\n<p>P\u0159i pou\u017e\u00edv\u00e1n\u00ed hydraulick\u00fdch v\u00e1lc\u016f je dodr\u017eov\u00e1n\u00ed bezpe\u010dnostn\u00edch opat\u0159en\u00ed z\u00e1sadn\u00ed pro prevenci nehod. Obsluha by m\u011bla b\u00fdt pro\u0161kolena ve spr\u00e1vn\u00fdch technik\u00e1ch manipulace a pou\u017e\u00edv\u00e1n\u00ed osobn\u00edch ochrann\u00fdch prost\u0159edk\u016f (OOP). M\u011bly by b\u00fdt prov\u00e1d\u011bny pravideln\u00e9 bezpe\u010dnostn\u00ed audity, aby se zajistilo dodr\u017eov\u00e1n\u00ed bezpe\u010dnostn\u00edch norem a p\u0159edpis\u016f.<\/p>\n<p>D\u00e1le jsou z\u00e1sadn\u00ed environment\u00e1ln\u00ed aspekty, jako je nap\u0159\u00edklad \u0159e\u0161en\u00ed \u00fanik\u016f hydraulick\u00fdch kapalin. Zaveden\u00ed opat\u0159en\u00ed k omezen\u00ed \u00fanik\u016f a spr\u00e1vn\u00fdch protokol\u016f pro likvidaci hydraulick\u00fdch kapalin m\u016f\u017ee v\u00fdrazn\u011b sn\u00ed\u017eit dopad hydraulick\u00fdch syst\u00e9m\u016f na \u017eivotn\u00ed prost\u0159ed\u00ed.<\/p>\n<h2>Diagnostika z\u00e1vad a b\u011b\u017en\u00e9 probl\u00e9my<\/h2>\n<ul>\n<li><strong>Hydraulick\u00e9 net\u011bsnosti:<\/strong> K net\u011bsnostem m\u016f\u017ee doch\u00e1zet v d\u016fsledku opot\u0159eben\u00ed t\u011bsn\u011bn\u00ed. Aby se tomuto probl\u00e9mu p\u0159ede\u0161lo, je nutn\u00e1 pravideln\u00e1 \u00fadr\u017eba.<\/li>\n<li><strong>Sn\u00ed\u017een\u00fd v\u00fdkon:<\/strong> Pokud v\u00e1lec nereaguje rychle nebo m\u00e1 sn\u00ed\u017een\u00fd v\u00fdkon, m\u016f\u017ee to znamenat vzduch v hydraulick\u00e9m syst\u00e9mu nebo n\u00edzkou hladinu kapaliny.<\/li>\n<li><strong>P\u0159eh\u0159\u00e1t\u00ed:<\/strong> Nep\u0159etr\u017eit\u00fd provoz bez dostate\u010dn\u00e9ho chlazen\u00ed m\u016f\u017ee v\u00e9st k p\u0159eh\u0159\u00e1t\u00ed, co\u017e ovliv\u0148uje viskozitu a v\u00fdkon hydraulick\u00e9 kapaliny.<\/li>\n<\/ul>\n<p>P\u0159i diagnostice t\u011bchto probl\u00e9m\u016f je nezbytn\u00e9 d\u016fkladn\u011b zkontrolovat hydraulick\u00fd syst\u00e9m, zkontrolovat net\u011bsnosti, hladiny kapalin a neporu\u0161enost t\u011bsn\u011bn\u00ed a hadic. Pravideln\u00e1 preventivn\u00ed opat\u0159en\u00ed mohou v\u00fdrazn\u011b zm\u00edrnit potenci\u00e1ln\u00ed probl\u00e9my a prodlou\u017eit \u017eivotnost hydraulick\u00fdch v\u00e1lc\u016f.<\/p>\n<p><img decoding=\"async\" src=\"https:\/\/www.hydraulic-cylinders.net\/wp-content\/uploads\/2025\/04\/songte-bushings-with-all-kinds-of-excavator-models.webp\" alt=\"Pouzdra pro modely bagr\u016f\"><\/p>\n<h2>Z\u00e1v\u011br<\/h2>\n<p>Na\u0161e spole\u010dnost se specializuje na v\u00fdrobu vysoce kvalitn\u00edch n\u00e1hradn\u00edch hydraulick\u00fdch v\u00e1lc\u016f a etablovala se jako jeden z p\u0159edn\u00edch v\u00fdrobc\u016f a velkoobchodn\u00edk\u016f na dom\u00e1c\u00edm i mezin\u00e1rodn\u00edm trhu. Dodr\u017eujeme nejvy\u0161\u0161\u00ed standardy kvality, vyu\u017e\u00edv\u00e1me propracovan\u00e9 v\u00fdrobn\u00ed strategie a \u0161pi\u010dkov\u00e9 digit\u00e1ln\u00ed vybaven\u00ed. N\u00e1\u0161 z\u00e1vazek k neust\u00e1l\u00e9mu zlep\u0161ov\u00e1n\u00ed v\u00fdrobn\u00edch proces\u016f a kvality produkt\u016f zaji\u0161\u0165uje, \u017ee efektivn\u011b a p\u0159esn\u011b uspokojujeme rozmanit\u00e9 pot\u0159eby z\u00e1kazn\u00edk\u016f.<\/p>\n<p>Nab\u00edz\u00edme slu\u017eby na m\u00edru, mezin\u00e1rodn\u00ed certifikace a siln\u00fd syst\u00e9m poprodejn\u00ed podpory. Na\u0161e modern\u00ed v\u00fdrobn\u00ed za\u0159\u00edzen\u00ed n\u00e1m umo\u017e\u0148uje udr\u017eovat vysokou p\u0159esnost a efektivitu na\u0161ich produkt\u016f, co\u017e zaji\u0161\u0165uje, \u017ee dok\u00e1\u017eeme vyhov\u011bt r\u016fzn\u00fdm aplikac\u00edm a specifikac\u00edm.<\/p>\n<p><img decoding=\"async\" src=\"https:\/\/www.hydraulic-cylinders.net\/wp-content\/uploads\/2025\/04\/songte-company-4.webp\" alt=\"P\u0159ehled spole\u010dnosti\"><br \/>\n<img decoding=\"async\" src=\"https:\/\/www.hydraulic-cylinders.net\/wp-content\/uploads\/2025\/04\/songte-company-3.webp\" alt=\"Za\u0159\u00edzen\u00ed spole\u010dnosti\"><\/p>\n<p>Autor: lyl<\/p>","protected":false},"excerpt":{"rendered":"<p>Boom Cylinder For Kato Small Excavator HD820-3 Introduction to Boom Cylinders The Boom Cylinder for Kato Small Excavator HD820-3 is an essential hydraulic component designed specifically for controlling the movement of buckets in various heavy machinery, including excavators, backhoe loaders, and front loaders. These hydraulic cylinders facilitate the lifting, lowering, and tilting of the bucket, [&hellip;]<\/p>","protected":false},"featured_media":17876,"comment_status":"open","ping_status":"closed","template":"","meta":{"_et_pb_use_builder":"","_et_pb_old_content":"","_et_gb_content_width":""},"product_brand":[],"product_cat":[1546],"product_tag":[1547,1496],"class_list":{"0":"post-19733","1":"product","2":"type-product","3":"status-publish","4":"has-post-thumbnail","6":"product_cat-boom-cylinders","7":"product_tag-boom-cylinders","8":"product_tag-hydraulic-cylinders","10":"first","11":"instock","12":"shipping-taxable","13":"product-type-simple"},"amp_enabled":true,"_links":{"self":[{"href":"https:\/\/www.hydraulic-cylinders.net\/cs\/wp-json\/wp\/v2\/product\/19733","targetHints":{"allow":["GET"]}}],"collection":[{"href":"https:\/\/www.hydraulic-cylinders.net\/cs\/wp-json\/wp\/v2\/product"}],"about":[{"href":"https:\/\/www.hydraulic-cylinders.net\/cs\/wp-json\/wp\/v2\/types\/product"}],"replies":[{"embeddable":true,"href":"https:\/\/www.hydraulic-cylinders.net\/cs\/wp-json\/wp\/v2\/comments?post=19733"}],"wp:featuredmedia":[{"embeddable":true,"href":"https:\/\/www.hydraulic-cylinders.net\/cs\/wp-json\/wp\/v2\/media\/17876"}],"wp:attachment":[{"href":"https:\/\/www.hydraulic-cylinders.net\/cs\/wp-json\/wp\/v2\/media?parent=19733"}],"wp:term":[{"taxonomy":"product_brand","embeddable":true,"href":"https:\/\/www.hydraulic-cylinders.net\/cs\/wp-json\/wp\/v2\/product_brand?post=19733"},{"taxonomy":"product_cat","embeddable":true,"href":"https:\/\/www.hydraulic-cylinders.net\/cs\/wp-json\/wp\/v2\/product_cat?post=19733"},{"taxonomy":"product_tag","embeddable":true,"href":"https:\/\/www.hydraulic-cylinders.net\/cs\/wp-json\/wp\/v2\/product_tag?post=19733"}],"curies":[{"name":"wp","href":"https:\/\/api.w.org\/{rel}","templated":true}]}}