{"id":19736,"date":"2025-04-07T07:04:44","date_gmt":"2025-04-07T07:04:44","guid":{"rendered":"https:\/\/www.hydraulic-cylinders.net\/product\/boom-cylinder-for-kato-small-excavator-hd250-7\/"},"modified":"2025-04-07T07:04:46","modified_gmt":"2025-04-07T07:04:46","slug":"boom-cylinder-for-kato-small-excavator-hd250-7","status":"publish","type":"product","link":"https:\/\/www.hydraulic-cylinders.net\/cs\/produkt\/boom-cylinder-for-kato-small-excavator-hd250-7\/","title":{"rendered":"V\u00e1lec v\u00fdlo\u017en\u00edku pro mal\u00e9 rypadlo Kato HD250-7"},"content":{"rendered":"<h1>V\u00e1lec v\u00fdlo\u017en\u00edku pro mal\u00e9 rypadlo Kato HD250-7<\/h1>\n<h2>P\u0159ehled produktu<\/h2>\n<p>Hydraulick\u00fd v\u00e1lec pro mal\u00e9 rypadlo Kato HD250-7 je nezbytnou sou\u010d\u00e1st\u00ed, kter\u00e1 hraje kl\u00ed\u010dovou roli v provozu hydraulick\u00fdch syst\u00e9m\u016f stavebn\u00edch stroj\u016f. V\u00e1lec l\u017e\u00edce, speci\u00e1ln\u011b navr\u017een\u00fd pro ovl\u00e1d\u00e1n\u00ed pohybu l\u017eic v t\u011b\u017ek\u00fdch za\u0159\u00edzen\u00edch, jako jsou rypadla, r\u00fdpadlo-naklada\u010de a \u010deln\u00ed naklada\u010de, umo\u017e\u0148uje zved\u00e1n\u00ed, spou\u0161t\u011bn\u00ed a nakl\u00e1p\u011bn\u00ed l\u017e\u00edce. Tato funkce je kl\u00ed\u010dov\u00e1 pro efektivn\u00ed manipulaci s materi\u00e1lem.<\/p>\n<p><img decoding=\"async\" src=\"https:\/\/www.hydraulic-cylinders.net\/wp-content\/uploads\/2025\/04\/songte-company-1.webp\" alt=\"Obr\u00e1zek v\u00e1lce v\u00fdlo\u017en\u00edku\" \/><\/p>\n<p>D\u00edky vyu\u017eit\u00ed hydraulick\u00e9ho tlaku oleje zaji\u0161\u0165uj\u00ed v\u00e1lce kore\u010dk\u016f plynul\u00fd a efektivn\u00ed provoz, co\u017e je z\u00e1sadn\u00ed pro produktivitu i bezpe\u010dnost na pracovi\u0161ti. P\u0159esn\u00e9 ovl\u00e1d\u00e1n\u00ed, kter\u00e9 nab\u00edzej\u00ed, umo\u017e\u0148uje obsluze snadno manipulovat s t\u011b\u017ek\u00fdmi materi\u00e1ly, co\u017e je \u010din\u00ed nepostradateln\u00fdmi v r\u016fzn\u00fdch aplikac\u00edch od stavebnictv\u00ed a\u017e po zem\u011bd\u011blsk\u00e9 operace.<\/p>\n<h2>Vlastnosti v\u00e1lce v\u00fdlo\u017en\u00edku<\/h2>\n<ul>\n<li><strong>Vysok\u00e1 pevnost a trvanlivost:<\/strong> Tato l\u00e1hev, vyroben\u00e1 z vysokopevnostn\u00ed oceli nebo hlin\u00edku, odol\u00e1 vysok\u00e9mu tlaku a velk\u00e9mu zat\u00ed\u017een\u00ed, tak\u017ee je vhodn\u00e1 pro n\u00e1ro\u010dn\u00e9 pracovn\u00ed prost\u0159ed\u00ed. P\u0159i sv\u00e9 konstrukci zohled\u0148uje tak\u00e9 odolnost proti opot\u0159eben\u00ed a korozi, co\u017e prodlu\u017euje jej\u00ed \u017eivotnost.<\/li>\n<li><strong>Efektivn\u00ed hydraulick\u00fd provoz:<\/strong> V\u00e1lec vyu\u017e\u00edv\u00e1 hydraulick\u00fd tlak oleje k dosa\u017een\u00ed plynul\u00e9ho vysouv\u00e1n\u00ed a zasouv\u00e1n\u00ed, co\u017e umo\u017e\u0148uje rychlou reakci na povely obsluhy a poskytuje zna\u010dnou zvedac\u00ed s\u00edlu, kter\u00e1 se skv\u011ble hod\u00ed pro manipulaci s t\u011b\u017ek\u00fdmi a slo\u017eit\u00fdmi \u00fakoly.<\/li>\n<li><strong>R\u016fzn\u00e9 dostupn\u00e9 typy:<\/strong> V z\u00e1vislosti na provozn\u00edch pot\u0159eb\u00e1ch si z\u00e1kazn\u00edci mohou vybrat mezi jedno\u010dinn\u00fdmi (hydraulick\u00fd pohon v jednom sm\u011bru) nebo dvoj\u010dinn\u00fdmi (hydraulick\u00fd pohon v obou sm\u011brech) v\u00e1lci. N\u011bkter\u00e9 modely maj\u00ed teleskopickou konstrukci, kter\u00e1 nab\u00edz\u00ed v\u011bt\u0161\u00ed dosah bez zv\u011bt\u0161en\u00ed vn\u011bj\u0161\u00edch rozm\u011br\u016f, co\u017e je ide\u00e1ln\u00ed pro aplikace s omezen\u00fdm prostorem.<\/li>\n<li><strong>Zak\u00e1zkov\u00e1 v\u00fdroba:<\/strong> Na\u0161e v\u00fdrobn\u00ed kapacity n\u00e1m umo\u017e\u0148uj\u00ed vyr\u00e1b\u011bt v\u00e1lce, kter\u00e9 dokonale nahrazuj\u00ed st\u00e1vaj\u00edc\u00ed hydraulick\u00e9 v\u00e1lce, a zaji\u0161\u0165uj\u00ed tak kompatibilitu a v\u00fdkon v r\u016fzn\u00fdch stroj\u00edch.<\/li>\n<li><strong>V\u0161estrann\u00e9 aplikace:<\/strong> Tento v\u00e1lec nen\u00ed omezen na jeden typ stroje; je p\u0159izp\u016fsobiteln\u00fd pro r\u016fzn\u00e9 modely t\u011b\u017ek\u00fdch stroj\u016f, co\u017e z n\u011bj \u010din\u00ed cenn\u00fd p\u0159\u00ednos v mnoha odv\u011btv\u00edch.<\/li>\n<\/ul>\n<p><img decoding=\"async\" src=\"https:\/\/www.hydraulic-cylinders.net\/wp-content\/uploads\/2025\/04\/songte-cylinder-head-with-all-kinds-excavator-models.webp\" alt=\"Obr\u00e1zek model\u016f bagr\u016f\" \/><\/p>\n<h2>Aplikace v\u00e1lce v\u00fdlo\u017en\u00edku<\/h2>\n<h3>Stavebn\u00ed stroje<\/h3>\n<p>U bagr\u016f jsou v\u00e1lce v\u00fdlo\u017en\u00edku kl\u00ed\u010dov\u00e9 pro kop\u00e1n\u00ed, nakl\u00e1d\u00e1n\u00ed a p\u0159emis\u0165ov\u00e1n\u00ed zeminy nebo suti. Usnad\u0148uj\u00ed pohyb l\u017e\u00edce, co\u017e je nezbytn\u00e9 pro \u00fakoly, jako je hlouben\u00ed v\u00fdkop\u016f a p\u0159\u00edprava staveni\u0161t\u011b. U rypadlo-naklada\u010d\u016f v\u00e1lec l\u017e\u00edce pom\u00e1h\u00e1 jak p\u0159i v\u00fdkopu, tak p\u0159i zved\u00e1n\u00ed, co\u017e umo\u017e\u0148uje prov\u00e1d\u011bt \u0161irokou \u0161k\u00e1lu \u00fakol\u016f bez nutnosti v\u00fdm\u011bny za\u0159\u00edzen\u00ed.<\/p>\n<h3>Zem\u011bd\u011blsk\u00e9 stroje<\/h3>\n<p>U \u010deln\u00edch naklada\u010d\u016f jsou v\u00e1lce v\u00fdlo\u017en\u00edku nezbytn\u00e9 pro nab\u00edr\u00e1n\u00ed, zved\u00e1n\u00ed a p\u0159epravu zeminy, sena a dal\u0161\u00edch materi\u00e1l\u016f. D\u00edky sv\u00e9 pevnosti a \u00fa\u010dinnosti jsou ide\u00e1ln\u00ed pro zem\u011bd\u011blsk\u00e9 \u00fakoly, kde se \u010dasto pohybuje s t\u011b\u017ek\u00fdmi b\u0159emeny.<\/p>\n<h3>Bagry<\/h3>\n<p>V\u00e1lce v\u00fdlo\u017en\u00edku umo\u017e\u0148uj\u00ed rypadl\u016fm efektivn\u011b pronikat do zem\u011b, co\u017e umo\u017e\u0148uje p\u0159esn\u00e9 prov\u00e1d\u011bn\u00ed kop\u00e1n\u00ed. Poskytuj\u00ed pot\u0159ebnou s\u00edlu k prora\u017een\u00ed tvrd\u00e9 zeminy, co\u017e z nich \u010din\u00ed z\u00e1sadn\u00ed sou\u010d\u00e1st stavebn\u00edch a krajin\u00e1\u0159sk\u00fdch prac\u00ed.<\/p>\n<h3>Naklada\u010de<\/h3>\n<p>U \u010deln\u00edch naklada\u010d\u016f pom\u00e1haj\u00ed v\u00e1lce v\u00fdlo\u017en\u00edku efektivn\u011b zvedat a vykl\u00e1dat b\u0159emena. Jejich konstrukce zaji\u0161\u0165uje, \u017ee obsluha m\u016f\u017ee s minim\u00e1ln\u00edm \u00fasil\u00edm p\u0159emis\u0165ovat a vykl\u00e1dat materi\u00e1ly, co\u017e zvy\u0161uje produktivitu na pracovi\u0161ti.<\/p>\n<h2>Konstruk\u010dn\u00ed aspekty a krit\u00e9ria v\u00fdb\u011bru<\/h2>\n<h3>Nosnost<\/h3>\n<p>P\u0159i v\u00fdb\u011bru v\u00e1lce v\u00fdlo\u017en\u00edku je nosnost prvo\u0159ad\u00fdm krit\u00e9riem. V\u00e1lec mus\u00ed b\u00fdt schopen zvl\u00e1dnout maxim\u00e1ln\u00ed zat\u00ed\u017een\u00ed o\u010dek\u00e1van\u00e9 b\u011bhem provozu, ani\u017e by byla ohro\u017eena bezpe\u010dnost nebo v\u00fdkon. To zahrnuje d\u016fkladn\u00e9 v\u00fdpo\u010dty a testov\u00e1n\u00ed, aby byla zaji\u0161t\u011bna spolehlivost. Technici mus\u00ed posoudit hmotnost p\u0159epravovan\u00e9ho materi\u00e1lu, s\u00edlu vyv\u00edjenou b\u011bhem provozu a bezpe\u010dnostn\u00ed faktory nezbytn\u00e9 k zabr\u00e1n\u011bn\u00ed selh\u00e1n\u00ed.<\/p>\n<h3>Integrita t\u011bsn\u011bn\u00ed<\/h3>\n<p>Effective sealing is crucial for hydraulic cylinders as it prevents leaks and maintains pressure within the system. High-quality seals made from durable materials like polyurethane and nitrile rubber are essential to withstand the operational conditions. Regular inspection and potential replacement of seals can prolong the cylinder&#8217;s operational life and ensure consistent performance.<\/p>\n<h3>Trvanlivost<\/h3>\n<p>Trvanlivost je hlavn\u00edm faktorem p\u0159i konstrukci v\u00e1lc\u016f v\u00fdlo\u017en\u00edku. Tyto v\u00e1lce mus\u00ed odol\u00e1vat n\u00e1ro\u010dn\u00fdm podm\u00ednk\u00e1m, v\u010detn\u011b vystaven\u00ed prachu, vlhkosti a chemik\u00e1li\u00edm. V\u00fdb\u011br materi\u00e1l\u016f, kter\u00e9 odol\u00e1vaj\u00ed korozi a opot\u0159eben\u00ed, prodlu\u017euje \u017eivotnost v\u00e1lce a sni\u017euje n\u00e1klady na \u00fadr\u017ebu. In\u017een\u00fd\u0159i tak\u00e9 za\u010dle\u0148uj\u00ed konstruk\u010dn\u00ed prvky, kter\u00e9 zvy\u0161uj\u00ed odolnost v\u016f\u010di n\u00e1raz\u016fm a abrazivn\u00edm materi\u00e1l\u016fm, se kter\u00fdmi se setk\u00e1v\u00e1me b\u011bhem pou\u017e\u00edv\u00e1n\u00ed.<\/p>\n<h3>Bezpe\u010dnostn\u00ed prvky<\/h3>\n<p>P\u0159i navrhov\u00e1n\u00ed hydraulick\u00fdch v\u00e1lc\u016f by nikdy nem\u011bla b\u00fdt ohro\u017eena bezpe\u010dnost. Za\u010dlen\u011bn\u00ed prvk\u016f, jako jsou p\u0159etlakov\u00e9 ventily, pom\u00e1h\u00e1 p\u0159edch\u00e1zet p\u0159etlaku, kter\u00fd m\u016f\u017ee v\u00e9st ke katastrof\u00e1ln\u00edm poruch\u00e1m. Za\u010dlen\u011bn\u00ed redundantn\u00edch syst\u00e9m\u016f a pravideln\u00e9 kontroly \u00fadr\u017eby nav\u00edc p\u0159isp\u00edvaj\u00ed k provozn\u00ed bezpe\u010dnosti v ter\u00e9nu.<\/p>\n<h3>Udr\u017eovatelnost<\/h3>\n<p>Snadn\u00e1 \u00fadr\u017eba je z\u00e1sadn\u00edm aspektem konstrukce. V\u00e1lce by m\u011bly b\u00fdt navr\u017eeny s ohledem na p\u0159\u00edstupnost, kter\u00e1 umo\u017e\u0148uje rychl\u00e9 kontroly a opravy. Pou\u017eit\u00ed vym\u011bniteln\u00fdch d\u00edl\u016f m\u016f\u017ee zkr\u00e1tit prostoje a n\u00e1klady na \u00fadr\u017ebu, co\u017e obsluze usnad\u0148uje udr\u017eov\u00e1n\u00ed za\u0159\u00edzen\u00ed v optim\u00e1ln\u00edm stavu.<\/p>\n<p><img decoding=\"async\" src=\"https:\/\/www.hydraulic-cylinders.net\/wp-content\/uploads\/2025\/04\/songte-oil-pipes-and-spare-parts.webp\" alt=\"Olejov\u00e9 trubky a n\u00e1hradn\u00ed d\u00edly\" \/><\/p>\n<h2>T\u011bsn\u011bn\u00ed a maz\u00e1n\u00ed v\u00e1lce<\/h2>\n<p>\u00da\u010dinn\u00e9 t\u011bsn\u011bn\u00ed a maz\u00e1n\u00ed jsou kl\u00ed\u010dov\u00fdmi sou\u010d\u00e1stmi v\u00fdkonu a \u017eivotnosti hydraulick\u00fdch v\u00e1lc\u016f. R\u016fzn\u00e1 t\u011bsn\u011bn\u00ed, jako jsou p\u00edstn\u00ed t\u011bsn\u011bn\u00ed a t\u011bsn\u011bn\u00ed p\u00edstnice, zaji\u0161\u0165uj\u00ed, \u017ee hydraulick\u00e1 kapalina z\u016fst\u00e1v\u00e1 uvnit\u0159 v\u00e1lce, \u010d\u00edm\u017e zabra\u0148uje \u00fanik\u016fm a udr\u017euje tlak. Volba materi\u00e1l\u016f t\u011bsn\u011bn\u00ed, v\u010detn\u011b od\u011bruvzdorn\u00e9ho polyuretanu a nitrilov\u00e9 pry\u017ee, je nezbytn\u00e1 pro zaji\u0161t\u011bn\u00ed odolnosti v\u016f\u010di opot\u0159eben\u00ed a vliv\u016fm prost\u0159ed\u00ed.<\/p>\n<p>T\u011bleso v\u00e1lce a z\u00e1vitov\u00e9 konce nav\u00edc vy\u017eaduj\u00ed jemn\u00e9 obr\u00e1b\u011bn\u00ed pro zv\u00fd\u0161en\u00ed odolnosti proti opot\u0159eben\u00ed. Pravideln\u00e9 maz\u00e1n\u00ed je tak\u00e9 nezbytn\u00e9; obsluha mus\u00ed pravideln\u011b kontrolovat a dopl\u0148ovat hydraulick\u00fd olej, aby udr\u017eela optim\u00e1ln\u00ed v\u00fdkon. Spr\u00e1vn\u00e9 maz\u00e1n\u00ed sni\u017euje t\u0159en\u00ed, zvy\u0161uje \u00fa\u010dinnost hydraulick\u00e9ho syst\u00e9mu a prodlu\u017euje \u017eivotnost t\u011bsn\u011bn\u00ed a cel\u00e9ho hydraulick\u00e9ho v\u00e1lce.<\/p>\n<h2>Pravideln\u00e1 kontrola a preventivn\u00ed \u00fadr\u017eba<\/h2>\n<ul>\n<li><strong>Pl\u00e1novan\u00e9 kontroly:<\/strong> Pravideln\u011b kontrolujte v\u00e1lec v\u00fdlo\u017en\u00edku, zda nevykazuje zn\u00e1mky opot\u0159eben\u00ed, po\u0161kozen\u00ed nebo net\u011bsnost\u00ed. V\u010dasn\u00e9 odhalen\u00ed probl\u00e9m\u016f m\u016f\u017ee zabr\u00e1nit z\u00e1va\u017en\u011bj\u0161\u00edm probl\u00e9m\u016fm a n\u00e1kladn\u00fdm oprav\u00e1m v budoucnu.<\/li>\n<li><strong>Maz\u00e1n\u00ed:<\/strong> Zave\u010fte pravideln\u00fd pl\u00e1n maz\u00e1n\u00ed, abyste zajistili dostate\u010dn\u00e9 maz\u00e1n\u00ed v\u0161ech pohybliv\u00fdch \u010d\u00e1st\u00ed. T\u00edm se minimalizuje opot\u0159eben\u00ed a zvy\u0161uje se celkov\u00fd v\u00fdkon hydraulick\u00e9ho syst\u00e9mu.<\/li>\n<li><strong>V\u00fdm\u011bna t\u011bsn\u011bn\u00ed:<\/strong> Sledujte stav t\u011bsn\u011bn\u00ed a v p\u0159\u00edpad\u011b pot\u0159eby je vym\u011b\u0148te. Opot\u0159ebovan\u00e1 t\u011bsn\u011bn\u00ed mohou v\u00e9st k \u00fanik\u016fm kapalin, co\u017e sni\u017euje \u00fa\u010dinnost hydraulick\u00e9ho syst\u00e9mu a riskuje poruchu za\u0159\u00edzen\u00ed.<\/li>\n<\/ul>\n<h2>Pokyny k instalaci<\/h2>\n<p>Spr\u00e1vn\u00e1 instalace v\u00e1lce v\u00fdlo\u017en\u00edku je z\u00e1sadn\u00ed pro zaji\u0161t\u011bn\u00ed optim\u00e1ln\u00edho v\u00fdkonu a bezpe\u010dnosti. Za\u010dn\u011bte p\u0159\u00edpravou m\u00edsta instalace a ujist\u011bte se, \u017ee v\u0161echny sou\u010d\u00e1sti jsou \u010dist\u00e9 a bez ne\u010distot. V\u00e1lec spr\u00e1vn\u011b zarovnejte s mont\u00e1\u017en\u00edmi konzolami a k \u200b\u200bjeho upevn\u011bn\u00ed pou\u017eijte vhodn\u00fd mont\u00e1\u017en\u00ed materi\u00e1l. Je nezbytn\u00e9 dodr\u017eovat specifikace v\u00fdrobce t\u00fdkaj\u00edc\u00ed se nastaven\u00ed utahovac\u00edho momentu pro v\u0161echny upev\u0148ovac\u00ed prvky, aby nedo\u0161lo k po\u0161kozen\u00ed v\u00e1lce.<\/p>\n<p>Ujist\u011bte se, \u017ee hydraulick\u00e9 potrub\u00ed je spr\u00e1vn\u011b p\u0159ipojeno a \u017ee v cest\u011b proud\u011bn\u00ed nejsou \u017e\u00e1dn\u00e9 p\u0159ek\u00e1\u017eky. Po instalaci odvzdu\u0161n\u011bte hydraulick\u00fd syst\u00e9m, abyste odstranili v\u0161echny vzduchov\u00e9 kapsy, kter\u00e9 by mohly ovlivnit v\u00fdkon. Nakonec prove\u010fte d\u016fkladnou kontrolu nainstalovan\u00e9ho v\u00e1lce, abyste se ujistili, \u017ee v\u0161echny komponenty jsou bezpe\u010dn\u011b upevn\u011bny a funguj\u00ed hladce.<\/p>\n<h2>B\u011b\u017en\u00e9 \u00fakoly \u00fadr\u017eby<\/h2>\n<ul>\n<li><strong>Pravideln\u00e9 kontroly:<\/strong> Napl\u00e1nujte si pravideln\u00e9 kontroly, abyste zkontrolovali zn\u00e1mky opot\u0159eben\u00ed nebo po\u0161kozen\u00ed. D\u016fsledn\u00e9 monitorov\u00e1n\u00ed m\u016f\u017ee pomoci identifikovat potenci\u00e1ln\u00ed probl\u00e9my d\u0159\u00edve, ne\u017e se vyhrot\u00ed, a zajistit tak dlouhou \u017eivotnost v\u00e1lce v\u00fdlo\u017en\u00edku a stroj\u016f, kter\u00e9 nese.<\/li>\n<li><strong>Spr\u00e1vn\u00e9 maz\u00e1n\u00ed:<\/strong> Dodr\u017eujte spr\u00e1vn\u00fd mazac\u00ed pl\u00e1n hydraulick\u00e9ho syst\u00e9mu. Pou\u017e\u00edv\u00e1n\u00ed spr\u00e1vn\u00e9ho typu a mno\u017estv\u00ed hydraulick\u00e9ho oleje je z\u00e1sadn\u00ed pro zaji\u0161t\u011bn\u00ed plynul\u00e9ho a efektivn\u00edho provozu. Nadm\u011brn\u00e9 nebo nedostate\u010dn\u00e9 maz\u00e1n\u00ed m\u016f\u017ee v\u00e9st k v\u00e1\u017en\u00fdm poruch\u00e1m.<\/li>\n<li><strong>V\u00fdm\u011bna t\u011bsn\u011bn\u00ed a kontroly kalibrace:<\/strong> Pravideln\u011b kontrolujte opot\u0159eben\u00ed t\u011bsn\u011bn\u00ed a v p\u0159\u00edpad\u011b pot\u0159eby je vym\u011b\u0148te. Kalibrace hydraulick\u00e9ho syst\u00e9mu zaji\u0161\u0165uje, \u017ee v\u0161echny komponenty funguj\u00ed v r\u00e1mci sv\u00fdch navr\u017een\u00fdch parametr\u016f, co\u017e je nezbytn\u00e9 pro bezpe\u010dn\u00fd a efektivn\u00ed provoz.<\/li>\n<\/ul>\n<p>B\u011bhem instalace je d\u016fle\u017eit\u00e9 spr\u00e1vn\u011b vyrovnat v\u00e1lec, aby se zabr\u00e1nilo nadm\u011brn\u00e9mu nam\u00e1h\u00e1n\u00ed sou\u010d\u00e1st\u00ed. K upevn\u011bn\u00ed v\u00e1lce pou\u017eijte vhodn\u00e9 mont\u00e1\u017en\u00ed konzole. Dodr\u017eov\u00e1n\u00ed doporu\u010den\u00fdch postup\u016f kontroly, opravy a v\u00fdm\u011bny pom\u016f\u017ee prodlou\u017eit \u017eivotnost v\u00e1lce v\u00fdlo\u017en\u00edku a zlep\u0161it provozn\u00ed \u00fa\u010dinnost.<\/p>\n<p><img decoding=\"async\" src=\"https:\/\/www.hydraulic-cylinders.net\/wp-content\/uploads\/2025\/04\/songte-chushion-collar.webp\" alt=\"Pol\u0161t\u00e1\u0159ov\u00fd l\u00edmec\" \/><\/p>\n<h2>Bezpe\u010dnostn\u00ed aspekty a faktory prost\u0159ed\u00ed<\/h2>\n<p>P\u0159i pou\u017e\u00edv\u00e1n\u00ed hydraulick\u00e9ho za\u0159\u00edzen\u00ed jsou bezpe\u010dnostn\u00ed opat\u0159en\u00ed prvo\u0159ad\u00e1. Obsluha by m\u011bla nosit vhodn\u00e9 osobn\u00ed ochrann\u00e9 prost\u0159edky (OOP) a b\u00fdt pro\u0161kolena v bezpe\u010dn\u00fdch provozn\u00edch postupech. Pravideln\u00e1 \u0161kolen\u00ed mohou pomoci person\u00e1lu z\u016fstat informov\u00e1n o rizic\u00edch spojen\u00fdch s hydraulick\u00fdmi syst\u00e9my a osv\u011bd\u010den\u00fdch postupech pro obsluhu t\u011b\u017ek\u00fdch stroj\u016f. Hydraulick\u00fd v\u00fdkon mohou nav\u00edc ovlivnit faktory prost\u0159ed\u00ed, jako je teplota a vlhkost provozn\u00edho prost\u0159ed\u00ed. Zaji\u0161t\u011bn\u00ed toho, aby v\u0161echny komponenty byly dimenzov\u00e1ny pro o\u010dek\u00e1van\u00e9 podm\u00ednky, pom\u00e1h\u00e1 zm\u00edrnit rizika.<\/p>\n<h2>Diagnostika z\u00e1vad a b\u011b\u017en\u00e9 probl\u00e9my<\/h2>\n<ul>\n<li><strong>Net\u011bsn\u00edc\u00ed t\u011bsn\u011bn\u00ed:<\/strong> Jedn\u00edm z nej\u010dast\u011bj\u0161\u00edch probl\u00e9m\u016f hydraulick\u00fdch v\u00e1lc\u016f jsou net\u011bsnosti t\u011bsn\u011bn\u00ed. Ty lze \u010dasto identifikovat podle p\u0159\u00edtomnosti hydraulick\u00e9 kapaliny kolem v\u00e1lce. Pravideln\u00e1 kontrola a okam\u017eit\u00e1 v\u00fdm\u011bna opot\u0159ebovan\u00fdch t\u011bsn\u011bn\u00ed jsou z\u00e1sadn\u00ed pro udr\u017een\u00ed v\u00fdkonu.<\/li>\n<li><strong>Sn\u00ed\u017een\u00e9 ot\u00e1\u010dky v\u00e1lce:<\/strong> Pokud se v\u00e1lec v\u00fdlo\u017en\u00edku ot\u00e1\u010d\u00ed pomaleji ne\u017e obvykle, m\u016f\u017ee to znamenat ucp\u00e1n\u00ed hydraulick\u00e9ho potrub\u00ed nebo n\u00edzkou hladinu hydraulick\u00e9 kapaliny. Tento probl\u00e9m lze vy\u0159e\u0161it kontrolou hladiny kapalin a zaji\u0161t\u011bn\u00edm \u010distoty potrub\u00ed.<\/li>\n<li><strong>Nekonzistentn\u00ed pohyb:<\/strong> Pokud se v\u00e1lec nevysouv\u00e1 ani nezasouv\u00e1 plynule, m\u016f\u017ee to b\u00fdt zp\u016fsobeno vzduchem zachycen\u00fdm v hydraulick\u00e9m syst\u00e9mu. Odvzdu\u0161n\u011bn\u00ed syst\u00e9mu m\u016f\u017ee tento probl\u00e9m obvykle vy\u0159e\u0161it a obnovit hladk\u00fd chod.<\/li>\n<\/ul>\n<h2>Tipy a \u0159e\u0161en\u00ed probl\u00e9m\u016f<\/h2>\n<p>To effectively diagnose and address issues, operators should have a clear understanding of the hydraulic system&#8217;s operation. Regular training on troubleshooting techniques can empower personnel to identify and resolve problems efficiently. For example, if leaks are detected, inspecting seals and connections can often pinpoint the source of the issue. If performance issues arise, checking hydraulic fluid levels and the condition of hoses and fittings can help identify the cause.<\/p>\n<p>Preventivn\u00ed opat\u0159en\u00ed, jako je pravideln\u00e1 \u00fadr\u017eba a kontroly, mohou v\u00fdrazn\u011b sn\u00ed\u017eit pravd\u011bpodobnost v\u00fdskytu probl\u00e9m\u016f. Stanoven\u00ed komplexn\u00edho pl\u00e1nu \u00fadr\u017eby, kter\u00fd zahrnuje pravideln\u00e9 kontroly, maz\u00e1n\u00ed a v\u00fdm\u011bnu t\u011bsn\u011bn\u00ed, pom\u016f\u017ee minimalizovat potenci\u00e1ln\u00ed probl\u00e9my a zajistit bezprobl\u00e9mov\u00fd provoz hydraulick\u00e9ho syst\u00e9mu.<\/p>\n<p><img decoding=\"async\" src=\"https:\/\/www.hydraulic-cylinders.net\/wp-content\/uploads\/2025\/04\/songte-bushings-with-all-kinds-of-excavator-models.webp\" alt=\"Pouzdra s modely bagr\u016f\" \/><\/p>\n<h2>Profil spole\u010dnosti<\/h2>\n<p>Jsme p\u0159edn\u00edm v\u00fdrobcem n\u00e1hradn\u00edch hydraulick\u00fdch v\u00e1lc\u016f s komplexn\u00ed nab\u00eddkou produkt\u016f a etablovali jsme se jako p\u0159edn\u00ed hr\u00e1\u010d na dom\u00e1c\u00edm i mezin\u00e1rodn\u00edm trhu. N\u00e1\u0161 z\u00e1vazek k dokonalosti se odr\u00e1\u017e\u00ed v na\u0161ich pe\u010dliv\u00fdch strategi\u00edch \u0159\u00edzen\u00ed v\u00fdroby, kter\u00e9 vyu\u017e\u00edvaj\u00ed \u0161pi\u010dkov\u00e9 digit\u00e1ln\u00ed v\u00fdrobn\u00ed za\u0159\u00edzen\u00ed a specializovan\u00e9 testovac\u00ed syst\u00e9my.<\/p>\n<p>N\u00e1\u0161 t\u00fdm kvalifikovan\u00fdch profesion\u00e1l\u016f neust\u00e1le vylep\u0161uje na\u0161i v\u00fdrobn\u00ed platformu a zaji\u0161\u0165uje tak vysokou efektivitu, p\u0159esnost a kvalitu. Nab\u00edz\u00edme slu\u017eby na m\u00edru, kter\u00e9 spl\u0148uj\u00ed rozmanit\u00e9 pot\u0159eby klient\u016f a z\u00e1rove\u0148 dodr\u017euj\u00ed mezin\u00e1rodn\u00ed standardy a certifikace.<\/p>\n<p>Na\u0161e oddanost spokojenosti z\u00e1kazn\u00edk\u016f sah\u00e1 i za hranice prodeje, proto\u017ee poskytujeme robustn\u00ed poprodejn\u00ed podporu, abychom zajistili spolehlivost a v\u00fdkon na\u0161ich produkt\u016f v ter\u00e9nu.<\/p>\n<p><img decoding=\"async\" src=\"https:\/\/www.hydraulic-cylinders.net\/wp-content\/uploads\/2025\/04\/songte-company-4.webp\" alt=\"Obr\u00e1zek spole\u010dnosti 1\" \/><br \/>\n<img decoding=\"async\" src=\"https:\/\/www.hydraulic-cylinders.net\/wp-content\/uploads\/2025\/04\/songte-company-3.webp\" alt=\"Obr\u00e1zek spole\u010dnosti 2\" \/><\/p>\n<p>Autor: lyl<\/p>","protected":false},"excerpt":{"rendered":"<p>Boom Cylinder For Kato Small Excavator HD250-7 Product Overview The Boom Cylinder for Kato Small Excavator HD250-7 is an essential component that plays a critical role in the operation of hydraulic systems in construction machinery. A bucket cylinder, specifically designed for controlling the movement of buckets in heavy equipment such as excavators, backhoe loaders, and [&hellip;]<\/p>","protected":false},"featured_media":17879,"comment_status":"open","ping_status":"closed","template":"","meta":{"_et_pb_use_builder":"","_et_pb_old_content":"","_et_gb_content_width":""},"product_brand":[],"product_cat":[1546],"product_tag":[1547,1496],"class_list":{"0":"post-19736","1":"product","2":"type-product","3":"status-publish","4":"has-post-thumbnail","6":"product_cat-boom-cylinders","7":"product_tag-boom-cylinders","8":"product_tag-hydraulic-cylinders","10":"first","11":"instock","12":"shipping-taxable","13":"product-type-simple"},"amp_enabled":true,"_links":{"self":[{"href":"https:\/\/www.hydraulic-cylinders.net\/cs\/wp-json\/wp\/v2\/product\/19736","targetHints":{"allow":["GET"]}}],"collection":[{"href":"https:\/\/www.hydraulic-cylinders.net\/cs\/wp-json\/wp\/v2\/product"}],"about":[{"href":"https:\/\/www.hydraulic-cylinders.net\/cs\/wp-json\/wp\/v2\/types\/product"}],"replies":[{"embeddable":true,"href":"https:\/\/www.hydraulic-cylinders.net\/cs\/wp-json\/wp\/v2\/comments?post=19736"}],"wp:featuredmedia":[{"embeddable":true,"href":"https:\/\/www.hydraulic-cylinders.net\/cs\/wp-json\/wp\/v2\/media\/17879"}],"wp:attachment":[{"href":"https:\/\/www.hydraulic-cylinders.net\/cs\/wp-json\/wp\/v2\/media?parent=19736"}],"wp:term":[{"taxonomy":"product_brand","embeddable":true,"href":"https:\/\/www.hydraulic-cylinders.net\/cs\/wp-json\/wp\/v2\/product_brand?post=19736"},{"taxonomy":"product_cat","embeddable":true,"href":"https:\/\/www.hydraulic-cylinders.net\/cs\/wp-json\/wp\/v2\/product_cat?post=19736"},{"taxonomy":"product_tag","embeddable":true,"href":"https:\/\/www.hydraulic-cylinders.net\/cs\/wp-json\/wp\/v2\/product_tag?post=19736"}],"curies":[{"name":"wp","href":"https:\/\/api.w.org\/{rel}","templated":true}]}}