{"id":19737,"date":"2025-04-07T07:04:46","date_gmt":"2025-04-07T07:04:46","guid":{"rendered":"https:\/\/www.hydraulic-cylinders.net\/product\/boom-cylinder-for-kato-small-excavator-hd450-5-7\/"},"modified":"2025-04-07T07:04:48","modified_gmt":"2025-04-07T07:04:48","slug":"boom-cylinder-for-kato-small-excavator-hd450-5-7","status":"publish","type":"product","link":"https:\/\/www.hydraulic-cylinders.net\/cs\/produkt\/boom-cylinder-for-kato-small-excavator-hd450-5-7\/","title":{"rendered":"V\u00e1lec v\u00fdlo\u017en\u00edku pro mal\u00e9 rypadlo Kato HD450-5-7"},"content":{"rendered":"<h1>V\u00e1lec v\u00fdlo\u017en\u00edku pro mal\u00e9 rypadlo Kato HD450-5-7<\/h1>\n<h2>P\u0159ehled produktu<\/h2>\n<p>Hydraulick\u00fd v\u00e1lec v\u00fdlo\u017en\u00edku pro mal\u00e1 rypadla Kato HD450-5-7 je kl\u00ed\u010dovou sou\u010d\u00e1st\u00ed hydraulick\u00e9ho syst\u00e9mu rypadel. Jedn\u00e1 se o hydraulick\u00fd v\u00e1lec speci\u00e1ln\u011b navr\u017een\u00fd pro ovl\u00e1d\u00e1n\u00ed pohybu v\u00fdlo\u017en\u00edku v r\u016fzn\u00fdch t\u011b\u017ek\u00fdch stroj\u00edch, jako jsou rypadla, r\u00fdpadlo-naklada\u010de a \u010deln\u00ed naklada\u010de. Tento v\u00e1lec umo\u017e\u0148uje zved\u00e1n\u00ed, spou\u0161t\u011bn\u00ed a nakl\u00e1p\u011bn\u00ed v\u00fdlo\u017en\u00edku, co\u017e usnad\u0148uje efektivn\u00ed manipulaci s materi\u00e1lem.<\/p>\n<p>V podstat\u011b je v\u00e1lec kope\u010dku typ hydraulick\u00e9ho v\u00e1lce, kter\u00fd pracuje s vyu\u017eit\u00edm tlakov\u00e9 hydraulick\u00e9 kapaliny k vytvo\u0159en\u00ed pohybu. Jeho pou\u017eit\u00ed je kl\u00ed\u010dov\u00e9 ve stavebnictv\u00ed a t\u011b\u017ek\u00fdch stroj\u00edch, proto\u017ee umo\u017e\u0148uje p\u0159esn\u00e9 ovl\u00e1d\u00e1n\u00ed, vy\u0161\u0161\u00ed \u00fa\u010dinnost a lep\u0161\u00ed provozn\u00ed schopnosti. Robustn\u00ed konstrukce a spolehliv\u00fd v\u00fdkon v\u00e1lce v\u00fdlo\u017en\u00edku z n\u011bj \u010din\u00ed nepostradatelnou sou\u010d\u00e1st jak\u00e9hokoli bagrovac\u00edho za\u0159\u00edzen\u00ed.<\/p>\n<p><img decoding=\"async\" src=\"https:\/\/www.hydraulic-cylinders.net\/wp-content\/uploads\/2025\/04\/songte-company-1.webp\" alt=\"Obr\u00e1zek v\u00e1lce v\u00fdlo\u017en\u00edku\"><\/p>\n<h2>Kl\u00ed\u010dov\u00e9 vlastnosti<\/h2>\n<ul>\n<li><strong>Vysok\u00e1 pevnost a trvanlivost:<\/strong> Tato l\u00e1hev je vyrobena z vysokopevnostn\u00ed oceli nebo hlin\u00edku a odol\u00e1 vysok\u00e9mu tlaku a velk\u00e9mu zat\u00ed\u017een\u00ed. P\u0159i jej\u00ed konstrukci je zohledn\u011bna odolnost proti opot\u0159eben\u00ed a korozi, co\u017e prodlu\u017euje jej\u00ed \u017eivotnost.<\/li>\n<li><strong>Efektivn\u00ed hydraulick\u00fd provoz:<\/strong> V\u00e1lec vyu\u017e\u00edv\u00e1 hydraulick\u00fd tlak oleje k dosa\u017een\u00ed plynul\u00e9ho vysouv\u00e1n\u00ed a zasouv\u00e1n\u00ed, rychle reaguje na povely obsluhy a poskytuje silnou tla\u010dnou a ta\u017enou s\u00edlu, ide\u00e1ln\u00ed pro manipulaci s t\u011b\u017ek\u00fdmi p\u0159edm\u011bty a slo\u017eit\u00e9 \u00fakoly.<\/li>\n<li><strong>R\u016fzn\u00e9 typy:<\/strong> K dispozici v jedno\u010dinn\u00e9m (s hydraulick\u00fdm tlakem v jednom sm\u011bru) i dvoj\u010dinn\u00e9m (s hydraulick\u00fdm tlakem v obou sm\u011brech) proveden\u00ed pro spln\u011bn\u00ed r\u016fzn\u00fdch provozn\u00edch po\u017eadavk\u016f. N\u011bkter\u00e9 modely jsou teleskopick\u00e9, co\u017e umo\u017e\u0148uje v\u011bt\u0161\u00ed v\u00fdsuv bez zv\u011bt\u0161en\u00ed vn\u011bj\u0161\u00edch rozm\u011br\u016f, a jsou vhodn\u00e9 pro aplikace s omezen\u00fdm prostorem.<\/li>\n<li><strong>Kompatibilita:<\/strong> Na\u0161e produkty jsou navr\u017eeny tak, aby dokonale nahradily r\u016fzn\u00e9 hydraulick\u00e9 v\u00e1lce a zajistily tak bezprobl\u00e9movou integraci se st\u00e1vaj\u00edc\u00edmi stroji.<\/li>\n<li><strong>Zaji\u0161t\u011bn\u00ed kvality:<\/strong> Ka\u017ed\u00fd v\u00e1lec proch\u00e1z\u00ed p\u0159\u00edsn\u00fdmi testy, aby spl\u0148oval mezin\u00e1rodn\u00ed standardy kvality, co\u017e zaji\u0161\u0165uje spolehlivost a v\u00fdkon v ter\u00e9nu.<\/li>\n<\/ul>\n<p><img decoding=\"async\" src=\"https:\/\/www.hydraulic-cylinders.net\/wp-content\/uploads\/2025\/04\/songte-cylinder-head-with-all-kinds-excavator-models.webp\" alt=\"Obr\u00e1zek model\u016f bagr\u016f\"><\/p>\n<h2>Aplikace v\u00e1lce v\u00fdlo\u017en\u00edku<\/h2>\n<h3>Stavebn\u00ed stroje<\/h3>\n<p>U bagr\u016f jsou v\u00e1lce v\u00fdlo\u017en\u00edku nezbytn\u00e9 pro kop\u00e1n\u00ed, nakl\u00e1d\u00e1n\u00ed a p\u0159emis\u0165ov\u00e1n\u00ed zeminy nebo suti. Poskytuj\u00ed pot\u0159ebnou s\u00edlu pro zved\u00e1n\u00ed v\u00fdlo\u017en\u00edku, co\u017e umo\u017e\u0148uje obsluze efektivn\u011b kopat. U rypadlo-naklada\u010d\u016f v\u00e1lec v\u00fdlo\u017en\u00edku pom\u00e1h\u00e1 jak p\u0159i kop\u00e1n\u00ed, tak p\u0159i zved\u00e1n\u00ed, co\u017e z n\u011bj \u010din\u00ed nezbytn\u00fd n\u00e1stroj pro r\u016fzn\u00e9 stavebn\u00ed \u00fakoly.<\/p>\n<h3>Zem\u011bd\u011blsk\u00e9 stroje<\/h3>\n<p>U \u010deln\u00edch naklada\u010d\u016f se v\u00e1lce v\u00fdlo\u017en\u00edku pou\u017e\u00edvaj\u00ed k nab\u00edr\u00e1n\u00ed, zved\u00e1n\u00ed a p\u0159eprav\u011b zeminy, sena a dal\u0161\u00edch materi\u00e1l\u016f. Umo\u017e\u0148uj\u00ed obsluze efektivn\u011b prov\u00e1d\u011bt zem\u011bd\u011blsk\u00e9 \u00fakoly a zvy\u0161ovat produktivitu na farm\u00e1ch a zem\u011bd\u011blsk\u00fdch ploch\u00e1ch.<\/p>\n<h3>Bagry<\/h3>\n<p>U bagr\u016f usnad\u0148uje v\u00e1lec v\u00fdlo\u017en\u00edku kop\u00e1n\u00ed t\u00edm, \u017ee umo\u017e\u0148uje l\u017e\u00edci efektivn\u011b pronikat do p\u016fdy. Tato schopnost je kl\u00ed\u010dov\u00e1 pro v\u00fdkopov\u00e9 projekty, kde je pro p\u0159emis\u0165ov\u00e1n\u00ed velk\u00fdch objem\u016f zeminy nezbytn\u00e1 p\u0159esnost a v\u00fdkon.<\/p>\n<h3>Naklada\u010de<\/h3>\n<p>U \u010deln\u00edch naklada\u010d\u016f pom\u00e1haj\u00ed v\u00e1lce v\u00fdlo\u017en\u00edku efektivn\u011b zvedat a vykl\u00e1p\u011bt b\u0159emena. Poskytuj\u00ed pot\u0159ebnou s\u00edlu pro zved\u00e1n\u00ed t\u011b\u017ek\u00fdch materi\u00e1l\u016f a zaji\u0161\u0165uj\u00ed, aby obsluha mohla vykon\u00e1vat sv\u00e9 \u00fakoly bezpe\u010dn\u011b a efektivn\u011b.<\/p>\n<h2>Konstruk\u010dn\u00ed aspekty a krit\u00e9ria v\u00fdb\u011bru<\/h2>\n<h3>Nosnost<\/h3>\n<p>P\u0159i v\u00fdb\u011bru v\u00e1lce v\u00fdlo\u017en\u00edku je nosnost prvo\u0159ad\u00fdm krit\u00e9riem. Ur\u010duje maxim\u00e1ln\u00ed hmotnost, kterou v\u00e1lec dok\u00e1\u017ee bezpe\u010dn\u011b zvl\u00e1dnout, a z\u00e1rove\u0148 zajistit v\u00fdkon bagru. Dob\u0159e navr\u017een\u00fd v\u00e1lec by m\u011bl spl\u0148ovat specifick\u00e9 po\u017eadavky na zat\u00ed\u017een\u00ed dan\u00e9 aplikace bez rizika selh\u00e1n\u00ed.<\/p>\n<h3>Integrita t\u011bsn\u011bn\u00ed<\/h3>\n<p>T\u011bsnic\u00ed syst\u00e9m hydraulick\u00e9ho v\u00e1lce je kl\u00ed\u010dov\u00fd pro jeho \u00fa\u010dinnost a dlouhou \u017eivotnost. Vysoce kvalitn\u00ed t\u011bsn\u011bn\u00ed zabra\u0148uje \u00faniku hydraulick\u00e9 kapaliny, udr\u017euje tlak a v\u00fdkon. Spr\u00e1vn\u00e9 t\u011bsn\u011bn\u00ed tak\u00e9 sni\u017euje n\u00e1roky na \u00fadr\u017ebu a zvy\u0161uje provozn\u00ed spolehlivost, tak\u017ee je nezbytn\u00e9 ji\u017e ve f\u00e1zi n\u00e1vrhu.<\/p>\n<h3>Trvanlivost<\/h3>\n<p>Odoln\u00e1 konstrukce je pro hydraulick\u00e9 v\u00e1lce z\u00e1sadn\u00ed, zejm\u00e9na v n\u00e1ro\u010dn\u00fdch pracovn\u00edch podm\u00ednk\u00e1ch. Pou\u017eit\u00e9 materi\u00e1ly mus\u00ed odol\u00e1vat opot\u0159eben\u00ed, korozi a \u00fanav\u011b materi\u00e1lu v pr\u016fb\u011bhu \u010dasu, aby bylo zaji\u0161t\u011bno, \u017ee v\u00e1lec z\u016fstane funk\u010dn\u00ed i v extr\u00e9mn\u00edch podm\u00ednk\u00e1ch. Trvanlivost p\u0159\u00edmo ovliv\u0148uje \u010detnost \u00fadr\u017eby a celkov\u00e9 n\u00e1klady na \u017eivotn\u00ed cyklus za\u0159\u00edzen\u00ed.<\/p>\n<h3>Bezpe\u010dnostn\u00ed prvky<\/h3>\n<p>Za\u010dlen\u011bn\u00ed bezpe\u010dnostn\u00edch prvk\u016f do konstrukce hydraulick\u00fdch v\u00e1lc\u016f je nezbytn\u00e9 pro prevenci nehod a poruch. Bezpe\u010dnostn\u00ed mechanismy, jako jsou p\u0159etlakov\u00e9 ventily a ochrany proti p\u0159et\u00ed\u017een\u00ed, zaji\u0161\u0165uj\u00ed bezpe\u010dn\u00fd provoz, zejm\u00e9na p\u0159i pr\u00e1ci s t\u011b\u017ek\u00fdmi stroji, kter\u00e9 mohou p\u0159i nespr\u00e1vn\u00e9m zach\u00e1zen\u00ed p\u0159edstavovat riziko.<\/p>\n<h3>Udr\u017eovatelnost<\/h3>\n<p>Navrhov\u00e1n\u00ed s ohledem na \u00fadr\u017ebu umo\u017e\u0148uje snadn\u011bj\u0161\u00ed opravy a v\u00fdm\u011bnu d\u00edl\u016f, co\u017e je kl\u00ed\u010dov\u00e9 pro minimalizaci prostoj\u016f. P\u0159\u00edstupn\u00e9 komponenty a u\u017eivatelsky p\u0159\u00edv\u011btiv\u00e9 proveden\u00ed mohou v\u00fdrazn\u011b prodlou\u017eit \u017eivotnost a spolehlivost hydraulick\u00fdch syst\u00e9m\u016f, co\u017e obsluze usnad\u0148uje udr\u017eov\u00e1n\u00ed za\u0159\u00edzen\u00ed v perfektn\u00edm stavu.<\/p>\n<p><img decoding=\"async\" src=\"https:\/\/www.hydraulic-cylinders.net\/wp-content\/uploads\/2025\/04\/songte-oil-pipes-and-spare-parts.webp\" alt=\"Obr\u00e1zek olejov\u00fdch trubek a n\u00e1hradn\u00edch d\u00edl\u016f\"><\/p>\n<h2>T\u011bsn\u011bn\u00ed a maz\u00e1n\u00ed<\/h2>\n<p>\u00da\u010dinn\u00e9 t\u011bsn\u011bn\u00ed a maz\u00e1n\u00ed jsou pro hydraulick\u00e9 v\u00e1lce z\u00e1sadn\u00ed. R\u016fzn\u00e9 t\u011bsnic\u00ed komponenty, jako jsou t\u011bsn\u011bn\u00ed p\u00edst\u016f a p\u00edstnic, hraj\u00ed d\u016fle\u017eitou roli v udr\u017eov\u00e1n\u00ed integrity hydraulick\u00fdch syst\u00e9m\u016f. T\u011bsn\u011bn\u00ed vyroben\u00e1 z materi\u00e1l\u016f, jako je polyuretan a nitrilov\u00e1 pry\u017e, jsou up\u0159ednost\u0148ov\u00e1na pro svou odolnost proti od\u011bru a trvanlivost.<\/p>\n<p>Povrchy t\u011blesa v\u00e1lce a z\u00e1vitov\u00fdch konc\u016f jsou nav\u00edc pe\u010dliv\u011b opracov\u00e1ny pro zv\u00fd\u0161en\u00ed odolnosti proti opot\u0159eben\u00ed. Pravideln\u00e9 maz\u00e1n\u00ed vhodn\u00fdm hydraulick\u00fdm olejem je nezbytn\u00e9 pro sn\u00ed\u017een\u00ed t\u0159en\u00ed a opot\u0159eben\u00ed, zaji\u0161t\u011bn\u00ed plynul\u00e9ho provozu a prodlou\u017een\u00ed \u017eivotnosti v\u00e1lce.<\/p>\n<h2>Preventivn\u00ed \u00fadr\u017ebov\u00e1 opat\u0159en\u00ed<\/h2>\n<ul>\n<li><strong>Pravideln\u00e9 kontroly:<\/strong> Prov\u00e1d\u011bjte pravideln\u00e9 kontroly net\u011bsnost\u00ed, opot\u0159eben\u00ed a po\u0161kozen\u00ed, abyste zajistili spr\u00e1vnou funkci v\u00e1lce.<\/li>\n<li><strong>Vhodn\u00e9 maz\u00e1n\u00ed:<\/strong> Udr\u017eujte spr\u00e1vnou hladinu maz\u00e1n\u00ed, abyste zabr\u00e1nili t\u0159en\u00ed a p\u0159eh\u0159\u00edv\u00e1n\u00ed, kter\u00e9 m\u016f\u017ee v\u00e9st k p\u0159ed\u010dasn\u00e9mu opot\u0159eben\u00ed.<\/li>\n<li><strong>V\u00fdm\u011bna t\u011bsn\u011bn\u00ed:<\/strong> Pravideln\u011b kontrolujte opot\u0159eben\u00ed t\u011bsn\u011bn\u00ed a v p\u0159\u00edpad\u011b pot\u0159eby je vym\u011b\u0148te, abyste zabr\u00e1nili \u00fanik\u016fm a udr\u017eeli hydraulickou \u00fa\u010dinnost.<\/li>\n<\/ul>\n<h2>Pokyny k instalaci<\/h2>\n<p>Spr\u00e1vn\u00e1 instalace v\u00e1lce v\u00fdlo\u017en\u00edku je z\u00e1sadn\u00ed pro optim\u00e1ln\u00ed v\u00fdkon. Za\u010dn\u011bte t\u00edm, \u017ee se ujist\u00edte, \u017ee v\u0161echny mont\u00e1\u017en\u00ed konzole a armatury jsou \u010dist\u00e9 a bez ne\u010distot. V\u00e1lec p\u0159esn\u011b vyrovnejte s mont\u00e1\u017en\u00edmi body, abyste zabr\u00e1nili nadm\u011brn\u00e9mu nam\u00e1h\u00e1n\u00ed v\u00e1lce. Pro zaji\u0161t\u011bn\u00ed v\u00e1lce se doporu\u010duje pou\u017e\u00edt vhodn\u00e9 mont\u00e1\u017en\u00ed konzoly, kter\u00e9 minimalizuj\u00ed pohyb b\u011bhem provozu.<\/p>\n<p>P\u0159i instalaci se ujist\u011bte, \u017ee hydraulick\u00e9 potrub\u00ed je bezpe\u010dn\u011b p\u0159ipojeno a bez zauzlen\u00ed, kter\u00e9 by mohlo omezit pr\u016ftok. Po instalaci odvzdu\u0161n\u011bte hydraulick\u00fd syst\u00e9m, abyste odstranili p\u0159\u00edpadn\u00e9 vzduchov\u00e9 kapsy, a ujist\u011bte se, \u017ee v\u00e1lec pracuje hladce. Nakonec otestujte v\u00e1lec pod zat\u00ed\u017een\u00edm, abyste ov\u011b\u0159ili integritu instalace.<\/p>\n<h2>\u00dakoly \u00fadr\u017eby<\/h2>\n<ul>\n<li><strong>Pravideln\u00e9 kontroly:<\/strong> Prov\u00e1d\u011bjte vizu\u00e1ln\u00ed kontroly, abyste odhalili p\u0159\u00edpadn\u00e9 probl\u00e9my d\u0159\u00edve, ne\u017e se zhor\u0161\u00ed. Hledejte zn\u00e1mky opot\u0159eben\u00ed, net\u011bsnost\u00ed a uvoln\u011bn\u00fdch spoj\u016f.<\/li>\n<li><strong>Spr\u00e1vn\u00e9 maz\u00e1n\u00ed:<\/strong> Zajist\u011bte, aby byl v\u00e1lec dostate\u010dn\u011b promaz\u00e1n spr\u00e1vn\u00fdm hydraulick\u00fdm olejem a dbejte p\u0159itom na specifikace v\u00fdrobce.<\/li>\n<li><strong>V\u00fdm\u011bna t\u011bsn\u011bn\u00ed:<\/strong> Pravideln\u011b kontrolujte opot\u0159eben\u00ed t\u011bsn\u011bn\u00ed a v p\u0159\u00edpad\u011b pot\u0159eby je vym\u011b\u0148te, abyste zachovali jejich \u00fa\u010dinnost a zabr\u00e1nili \u00faniku hydraulick\u00e9 kapaliny.<\/li>\n<\/ul>\n<h2>Bezpe\u010dnostn\u00ed aspekty<\/h2>\n<p>Dodr\u017eov\u00e1n\u00ed bezpe\u010dnostn\u00edch protokol\u016f b\u011bhem provozu hydraulick\u00fdch v\u00e1lc\u016f je naprosto z\u00e1sadn\u00ed. Obsluha by m\u011bla v\u017edy nosit vhodn\u00e9 osobn\u00ed ochrann\u00e9 prost\u0159edky (OOP) a dodr\u017eovat bezpe\u010dn\u00e9 provozn\u00ed postupy, aby se zm\u00edrnila rizika spojen\u00e1 s hydraulick\u00fdm za\u0159\u00edzen\u00edm. Pravideln\u00e1 \u0161kolen\u00ed mohou pomoci zajistit, aby ve\u0161ker\u00fd person\u00e1l byl obezn\u00e1men se specifick\u00fdmi bezpe\u010dnostn\u00edmi opat\u0159en\u00edmi vy\u017eadovan\u00fdmi p\u0159i pr\u00e1ci s hydraulick\u00fdmi syst\u00e9my.<\/p>\n<h2>Diagnostika z\u00e1vad a b\u011b\u017en\u00e9 probl\u00e9my<\/h2>\n<ul>\n<li><strong>\u00danik:<\/strong> \u010cast\u00fd probl\u00e9m, kter\u00fd m\u016f\u017ee nazna\u010dovat opot\u0159ebovan\u00e1 t\u011bsn\u011bn\u00ed nebo po\u0161kozen\u00e9 sou\u010d\u00e1sti. Oper\u00e1to\u0159i by m\u011bli pravideln\u011b kontrolovat net\u011bsnosti a po\u0161kozen\u00e1 t\u011bsn\u011bn\u00ed neprodlen\u011b vym\u011bnit.<\/li>\n<li><strong>Pomal\u00fd provoz:<\/strong> Pokud v\u00e1lec pracuje pomaleji ne\u017e obvykle, m\u016f\u017ee to znamenat probl\u00e9m s hydraulickou kapalinou nebo ucp\u00e1n\u00ed syst\u00e9mu, kter\u00e9 vy\u017eaduje okam\u017eitou pozornost.<\/li>\n<li><strong>Neobvykl\u00e9 zvuky:<\/strong> Sk\u0159\u00edpav\u00e9 nebo cinkav\u00e9 zvuky mohou nazna\u010dovat mechanick\u00e9 probl\u00e9my ve v\u00e1lci nebo hydraulick\u00e9m syst\u00e9mu, kter\u00e9 vy\u017eaduj\u00ed d\u016fkladn\u00e9 vy\u0161et\u0159en\u00ed.<\/li>\n<\/ul>\n<h2>Tipy pro \u0159e\u0161en\u00ed probl\u00e9m\u016f<\/h2>\n<p>Pro efektivn\u00ed diagnostiku a \u0159e\u0161en\u00ed probl\u00e9m\u016f by oper\u00e1to\u0159i m\u011bli dodr\u017eovat systematick\u00fd p\u0159\u00edstup. Za\u010dn\u011bte identifikac\u00ed p\u0159\u00edznak\u016f a kontrolou hladiny a stavu hydraulick\u00e9 kapaliny. Ujist\u011bte se, \u017ee v\u0161echna spojen\u00ed jsou t\u011bsn\u00e1 a bez \u00fanik\u016f. V p\u0159\u00edpad\u011b p\u0159etrv\u00e1vaj\u00edc\u00edch probl\u00e9m\u016f m\u016f\u017ee pomoci konzultace pokyn\u016f v\u00fdrobce nebo vyhled\u00e1n\u00ed odborn\u00e9 pomoci, kter\u00e9 mohou poskytnout vhled do z\u00e1kladn\u00edch probl\u00e9m\u016f.<\/p>\n<p><img decoding=\"async\" src=\"https:\/\/www.hydraulic-cylinders.net\/wp-content\/uploads\/2025\/04\/songte-bushings-with-all-kinds-of-excavator-models.webp\" alt=\"Pouzdra s modely bagr\u016f\"><\/p>\n<h2>Profil spole\u010dnosti<\/h2>\n<p>Jsme p\u0159edn\u00edm v\u00fdrobcem n\u00e1hradn\u00edch hydraulick\u00fdch v\u00e1lc\u016f a nab\u00edz\u00edme komplexn\u00ed sortiment produkt\u016f p\u0159izp\u016fsoben\u00fdch rozmanit\u00fdm pot\u0159eb\u00e1m dom\u00e1c\u00edho i mezin\u00e1rodn\u00edho trhu. N\u00e1\u0161 z\u00e1vazek k dokonalosti se odr\u00e1\u017e\u00ed v na\u0161em p\u0159\u00edstupu zam\u011b\u0159en\u00e9m na kvalitu a v na\u0161\u00ed spol\u00e9h\u00e1n\u00ed se na sofistikovan\u00e9 v\u00fdrobn\u00ed strategie.<\/p>\n<p>Vyu\u017e\u00edv\u00e1me pokro\u010dil\u00e9 digit\u00e1ln\u00ed v\u00fdrobn\u00ed za\u0159\u00edzen\u00ed a profesion\u00e1ln\u00ed testovac\u00ed syst\u00e9my, abychom neust\u00e1le zlep\u0161ovali na\u0161e v\u00fdrobn\u00ed kapacity a z\u00e1rove\u0148 zajistili vysok\u00e9 standardy kontroly kvality. N\u00e1\u0161 t\u00fdm se skl\u00e1d\u00e1 z kvalifikovan\u00fdch technick\u00fdch pracovn\u00edk\u016f, kte\u0159\u00ed se v\u011bnuj\u00ed pln\u011bn\u00ed rozmanit\u00fdch po\u017eadavk\u016f na\u0161ich z\u00e1kazn\u00edk\u016f.<\/p>\n<p>Na\u0161e nab\u00eddka zahrnuje slu\u017eby na m\u00edru, mezin\u00e1rodn\u00ed certifikace a robustn\u00ed poprodejn\u00ed podporu, to v\u0161e s c\u00edlem poskytnout z\u00e1kazn\u00edk\u016fm spolehliv\u00e1 \u0159e\u0161en\u00ed pro jejich hydraulick\u00e9 pot\u0159eby.<\/p>\n<p><img decoding=\"async\" src=\"https:\/\/www.hydraulic-cylinders.net\/wp-content\/uploads\/2025\/04\/songte-company-4.webp\" alt=\"Obr\u00e1zek spole\u010dnosti 1\"><br \/>\n<img decoding=\"async\" src=\"https:\/\/www.hydraulic-cylinders.net\/wp-content\/uploads\/2025\/04\/songte-company-3.webp\" alt=\"Obr\u00e1zek spole\u010dnosti 2\"><\/p>\n<p>Autor: lyl<\/p>","protected":false},"excerpt":{"rendered":"<p>Boom Cylinder For Kato Small Excavator HD450-5-7 Product Overview The Boom Cylinder for Kato Small Excavator HD450-5-7 is a crucial component in the hydraulic system of excavators. It is a hydraulic cylinder specifically designed to control the movement of the boom in various heavy machinery applications, such as excavators, backhoe loaders, and front loaders. This [&hellip;]<\/p>","protected":false},"featured_media":17880,"comment_status":"open","ping_status":"closed","template":"","meta":{"_et_pb_use_builder":"","_et_pb_old_content":"","_et_gb_content_width":""},"product_brand":[],"product_cat":[1546],"product_tag":[1547,1496],"class_list":{"0":"post-19737","1":"product","2":"type-product","3":"status-publish","4":"has-post-thumbnail","6":"product_cat-boom-cylinders","7":"product_tag-boom-cylinders","8":"product_tag-hydraulic-cylinders","10":"first","11":"instock","12":"shipping-taxable","13":"product-type-simple"},"amp_enabled":true,"_links":{"self":[{"href":"https:\/\/www.hydraulic-cylinders.net\/cs\/wp-json\/wp\/v2\/product\/19737","targetHints":{"allow":["GET"]}}],"collection":[{"href":"https:\/\/www.hydraulic-cylinders.net\/cs\/wp-json\/wp\/v2\/product"}],"about":[{"href":"https:\/\/www.hydraulic-cylinders.net\/cs\/wp-json\/wp\/v2\/types\/product"}],"replies":[{"embeddable":true,"href":"https:\/\/www.hydraulic-cylinders.net\/cs\/wp-json\/wp\/v2\/comments?post=19737"}],"wp:featuredmedia":[{"embeddable":true,"href":"https:\/\/www.hydraulic-cylinders.net\/cs\/wp-json\/wp\/v2\/media\/17880"}],"wp:attachment":[{"href":"https:\/\/www.hydraulic-cylinders.net\/cs\/wp-json\/wp\/v2\/media?parent=19737"}],"wp:term":[{"taxonomy":"product_brand","embeddable":true,"href":"https:\/\/www.hydraulic-cylinders.net\/cs\/wp-json\/wp\/v2\/product_brand?post=19737"},{"taxonomy":"product_cat","embeddable":true,"href":"https:\/\/www.hydraulic-cylinders.net\/cs\/wp-json\/wp\/v2\/product_cat?post=19737"},{"taxonomy":"product_tag","embeddable":true,"href":"https:\/\/www.hydraulic-cylinders.net\/cs\/wp-json\/wp\/v2\/product_tag?post=19737"}],"curies":[{"name":"wp","href":"https:\/\/api.w.org\/{rel}","templated":true}]}}