{"id":19739,"date":"2025-04-07T07:04:51","date_gmt":"2025-04-07T07:04:51","guid":{"rendered":"https:\/\/www.hydraulic-cylinders.net\/product\/boom-cylinder-for-kato-small-excavator-hd820a\/"},"modified":"2025-04-07T07:04:53","modified_gmt":"2025-04-07T07:04:53","slug":"boom-cylinder-for-kato-small-excavator-hd820a","status":"publish","type":"product","link":"https:\/\/www.hydraulic-cylinders.net\/cs\/produkt\/boom-cylinder-for-kato-small-excavator-hd820a\/","title":{"rendered":"V\u00e1lec v\u00fdlo\u017en\u00edku pro mal\u00e9 rypadlo Kato HD820A"},"content":{"rendered":"<h1>V\u00e1lec v\u00fdlo\u017en\u00edku pro mal\u00e9 rypadlo Kato HD820A<\/h1>\n<h2>P\u0159ehled produktu<\/h2>\n<p>Hydraulick\u00fd v\u00e1lec v\u00fdlo\u017en\u00edku pro mal\u00e9 rypadlo Kato HD820A je kl\u00ed\u010dov\u00e1 hydraulick\u00e1 sou\u010d\u00e1st ur\u010den\u00e1 k ovl\u00e1d\u00e1n\u00ed pohybu v\u00fdlo\u017en\u00edku rypadla. Tento hydraulick\u00fd v\u00e1lec umo\u017e\u0148uje zved\u00e1n\u00ed, spou\u0161t\u011bn\u00ed a nakl\u00e1p\u011bn\u00ed v\u00fdlo\u017en\u00edku, co\u017e efektivn\u011b usnad\u0148uje r\u016fzn\u00e9 \u00fakoly manipulace s materi\u00e1lem. Je navr\u017een tak, aby zv\u00fd\u0161il provozn\u00ed efektivitu t\u011b\u017ek\u00fdch stroj\u016f, jako jsou rypadla, r\u00fdpadlo-naklada\u010de a \u010deln\u00ed naklada\u010de. V\u00e1lec kope\u010dku je nezbytnou sou\u010d\u00e1st\u00ed hydraulick\u00e9ho syst\u00e9mu, kter\u00fd p\u0159ev\u00e1d\u00ed hydraulick\u00fd tlak na mechanick\u00fd pohyb, \u010d\u00edm\u017e p\u0159isp\u00edv\u00e1 k celkov\u00e9mu v\u00fdkonu a funk\u010dnosti za\u0159\u00edzen\u00ed.<\/p>\n<p><img decoding=\"async\" src=\"https:\/\/www.hydraulic-cylinders.net\/wp-content\/uploads\/2025\/04\/songte-company-1.webp\" alt=\"V\u00e1lec v\u00fdlo\u017en\u00edku\"><\/p>\n<h3>Definice a funk\u010dnost<\/h3>\n<p>Hydraulick\u00fd v\u00e1lec kore\u010dk\u016f, jak n\u00e1zev napov\u00edd\u00e1, je typ hydraulick\u00e9ho v\u00e1lce speci\u00e1ln\u011b navr\u017een\u00e9ho pro ovl\u00e1d\u00e1n\u00ed pohybu kore\u010dk\u016f v t\u011b\u017ek\u00fdch stroj\u00edch. Hraje z\u00e1sadn\u00ed roli v hydraulick\u00fdch syst\u00e9mech t\u00edm, \u017ee p\u0159em\u011b\u0148uje hydraulickou energii na mechanickou pr\u00e1ci. To umo\u017e\u0148uje obsluze prov\u00e1d\u011bt \u00fakoly, jako je kop\u00e1n\u00ed, zved\u00e1n\u00ed a nakl\u00e1p\u011bn\u00ed, s p\u0159esnost\u00ed a kontrolou. Provozn\u00ed flexibilita, kterou v\u00e1lec kore\u010dk\u016f poskytuje, je nezbytn\u00e1 pro r\u016fzn\u00e9 stavebn\u00ed a zem\u011bd\u011blsk\u00e9 aplikace, co\u017e z n\u011bj \u010din\u00ed nepostradateln\u00fd n\u00e1stroj v tomto pr\u016fmyslu.<\/p>\n<h2>Vlastnosti v\u00e1lce v\u00fdlo\u017en\u00edku<\/h2>\n<ul>\n<li><strong>Vysok\u00e1 pevnost a trvanlivost:<\/strong> V\u00e1lec v\u00fdlo\u017en\u00edku je vyroben z vysokopevnostn\u00ed oceli nebo hlin\u00edku a je konstruov\u00e1n tak, aby odolal vysok\u00e9mu tlaku a velk\u00e9mu zat\u00ed\u017een\u00ed, tak\u017ee je vhodn\u00fd pro n\u00e1ro\u010dn\u00e9 pracovn\u00ed prost\u0159ed\u00ed.<\/li>\n<li><strong>Efektivn\u00ed hydraulick\u00fd provoz:<\/strong> Vyu\u017e\u00edv\u00e1 hydraulick\u00fd tlak oleje k dosa\u017een\u00ed plynul\u00e9ho a rychl\u00e9ho vysouv\u00e1n\u00ed a zasouv\u00e1n\u00ed, co\u017e poskytuje siln\u00e9 mo\u017enosti tla\u010den\u00ed a tahu, ide\u00e1ln\u00ed pro manipulaci s t\u011b\u017ek\u00fdmi materi\u00e1ly.<\/li>\n<li><strong>R\u016fzn\u00e9 typy:<\/strong> V\u00e1lec v\u00fdlo\u017en\u00edku se dod\u00e1v\u00e1 v r\u016fzn\u00fdch konfigurac\u00edch, nap\u0159\u00edklad jedno\u010dinn\u00fd (pracuj\u00edc\u00ed v jednom sm\u011bru) a dvoj\u010dinn\u00fd (pracuj\u00edc\u00ed v obou sm\u011brech), co\u017e umo\u017e\u0148uje p\u0159izp\u016fsoben\u00ed na z\u00e1klad\u011b provozn\u00edch pot\u0159eb.<\/li>\n<li><strong>Prostorov\u011b \u00fasporn\u00fd design:<\/strong> N\u011bkter\u00e9 modely maj\u00ed teleskopickou konstrukci, kter\u00e1 umo\u017e\u0148uje v\u011bt\u0161\u00ed vysunut\u00ed p\u0159i zachov\u00e1n\u00ed kompaktn\u00edch vn\u011bj\u0161\u00edch rozm\u011br\u016f, vhodn\u00fdch pro aplikace s omezen\u00fdm prostorem.<\/li>\n<li><strong>Snadn\u00e1 \u00fadr\u017eba:<\/strong> Konstrukce zahrnuje prvky, kter\u00e9 usnad\u0148uj\u00ed p\u0159\u00edstup pro \u00fadr\u017ebu a opravy, a zaji\u0161\u0165uj\u00ed tak prodlou\u017eenou \u017eivotnost.<\/li>\n<\/ul>\n<p>Jsme schopni tento produkt vyrobit a na\u0161e v\u00e1lce dok\u00e1\u017e\u00ed dokonale nahradit r\u016fzn\u00e9 hydraulick\u00e9 v\u00e1lce.<\/p>\n<p><img decoding=\"async\" src=\"https:\/\/www.hydraulic-cylinders.net\/wp-content\/uploads\/2025\/04\/songte-cylinder-head-with-all-kinds-excavator-models.webp\" alt=\"Modely bagr\u016f\"><\/p>\n<h2>Sc\u00e9n\u00e1\u0159e aplikac\u00ed<\/h2>\n<h3>Stavebn\u00ed stroje<\/h3>\n<p>U rypadel je v\u00e1lec v\u00fdlo\u017en\u00edku kl\u00ed\u010dov\u00fd pro kop\u00e1n\u00ed, nakl\u00e1d\u00e1n\u00ed a p\u0159emis\u0165ov\u00e1n\u00ed zeminy nebo suti. Jeho konstrukce umo\u017e\u0148uje p\u0159esn\u00e9 ovl\u00e1d\u00e1n\u00ed polohy l\u017e\u00edce, co\u017e umo\u017e\u0148uje efektivn\u00ed v\u00fdkop a manipulaci s materi\u00e1lem. U r\u00fdpadel-naklada\u010d\u016f nav\u00edc v\u00e1lec v\u00fdlo\u017en\u00edku p\u0159isp\u00edv\u00e1 k kop\u00e1n\u00ed i zved\u00e1n\u00ed, \u010d\u00edm\u017e zvy\u0161uje v\u0161estrannost za\u0159\u00edzen\u00ed.<\/p>\n<h3>Zem\u011bd\u011blsk\u00e9 stroje<\/h3>\n<p>U \u010deln\u00edch naklada\u010d\u016f hraje v\u00e1lec v\u00fdlo\u017en\u00edku z\u00e1sadn\u00ed roli p\u0159i nab\u00edr\u00e1n\u00ed, zved\u00e1n\u00ed a p\u0159eprav\u011b zeminy, sena a dal\u0161\u00edch materi\u00e1l\u016f. Hydraulick\u00e9 ovl\u00e1d\u00e1n\u00ed umo\u017e\u0148uje obsluze snadno zvl\u00e1dat t\u011b\u017ek\u00e9 n\u00e1klady, co\u017e zvy\u0161uje produktivitu na farm\u00e1ch i na staveni\u0161t\u00edch.<\/p>\n<h3>Bagry<\/h3>\n<p>V\u00e1lec v\u00fdlo\u017en\u00edku usnad\u0148uje kop\u00e1n\u00ed t\u00edm, \u017ee umo\u017e\u0148uje l\u017e\u00edci efektivn\u011b pronikat do p\u016fdy. Tato hydraulick\u00e1 sou\u010d\u00e1st zaji\u0161\u0165uje plynul\u00e9 a kontrolovan\u00e9 pohyby, kter\u00e9 jsou nezbytn\u00e9 pro dosa\u017een\u00ed p\u0159esn\u00e9 hloubky kop\u00e1n\u00ed a zachov\u00e1n\u00ed integrity okoln\u00ed plochy.<\/p>\n<h3>Naklada\u010de<\/h3>\n<p>U \u010deln\u00edch naklada\u010d\u016f pom\u00e1haj\u00ed v\u00e1lce v\u00fdlo\u017en\u00edku efektivn\u011b zvedat a vykl\u00e1p\u011bt materi\u00e1l. Schopnost ovl\u00e1dat \u00fahel a v\u00fd\u0161ku l\u017e\u00edce je kl\u00ed\u010dov\u00e1 pro efektivn\u00ed um\u00edst\u011bn\u00ed materi\u00e1lu, co\u017e zvy\u0161uje celkovou provozn\u00ed efektivitu naklada\u010de.<\/p>\n<h2>Konstruk\u010dn\u00ed aspekty a krit\u00e9ria v\u00fdb\u011bru<\/h2>\n<h3>Nosnost<\/h3>\n<p>Nosnost je z\u00e1kladn\u00edm konstruk\u010dn\u00edm krit\u00e9riem pro v\u00e1lce v\u00fdlo\u017en\u00edku. Ur\u010duje maxim\u00e1ln\u00ed hmotnost, kterou m\u016f\u017ee v\u00e1lec bezpe\u010dn\u011b zvednout a manipulovat s n\u00ed. In\u017een\u00fd\u0159i mus\u00ed pe\u010dliv\u011b vypo\u010d\u00edtat po\u017eadavky na zat\u00ed\u017een\u00ed na z\u00e1klad\u011b zam\u00fd\u0161len\u00e9ho pou\u017eit\u00ed stroje a manipulovan\u00fdch materi\u00e1l\u016f. V\u00e1lec s nedostate\u010dnou nosnost\u00ed m\u016f\u017ee v\u00e9st k mechanick\u00e9mu selh\u00e1n\u00ed, p\u0159edstavovat bezpe\u010dnostn\u00ed rizika a zp\u016fsobit provozn\u00ed poruchy.<\/p>\n<h3>T\u011bsnic\u00ed v\u00fdkon<\/h3>\n<p>T\u011bsn\u011bn\u00ed je z\u00e1sadn\u00ed pro udr\u017een\u00ed hydraulick\u00e9 \u00fa\u010dinnosti. Vysoce kvalitn\u00ed t\u011bsn\u011bn\u00ed zabra\u0148uje \u00fanik\u016fm kapalin a zaji\u0161\u0165uje, \u017ee hydraulick\u00fd syst\u00e9m pracuje na optim\u00e1ln\u00edch \u00farovn\u00edch tlaku. \u0160patn\u00e9 t\u011bsn\u011bn\u00ed m\u016f\u017ee v\u00e9st ke sn\u00ed\u017een\u00ed v\u00fdkonu a zv\u00fd\u0161en\u00e9mu opot\u0159eben\u00ed sou\u010d\u00e1st\u00ed. Proto je v\u00fdb\u011br spr\u00e1vn\u00fdch materi\u00e1l\u016f a proveden\u00ed t\u011bsn\u011bn\u00ed z\u00e1sadn\u00ed pro dlouhou \u017eivotnost a \u00fa\u010dinnost v\u00e1lce v\u00fdlo\u017en\u00edku.<\/p>\n<h3>Trvanlivost<\/h3>\n<p>Pro hydraulick\u00e9 v\u00e1lce, kter\u00e9 pracuj\u00ed v n\u00e1ro\u010dn\u00fdch podm\u00ednk\u00e1ch, je nezbytn\u00e1 odolnost. Materi\u00e1ly pou\u017eit\u00e9 p\u0159i v\u00fdrob\u011b mus\u00ed b\u00fdt odoln\u00e9 v\u016f\u010di opot\u0159eben\u00ed, korozi a dal\u0161\u00edm \u0161kodliv\u00fdm faktor\u016fm. Pravideln\u00e9 hodnocen\u00ed odolnosti v\u00e1lce m\u016f\u017ee pomoci p\u0159edch\u00e1zet poruch\u00e1m a prodlou\u017eit jeho \u017eivotnost, co\u017e v kone\u010dn\u00e9m d\u016fsledku vede k ni\u017e\u0161\u00edm n\u00e1klad\u016fm na \u00fadr\u017ebu a vy\u0161\u0161\u00ed \u00fa\u010dinnosti.<\/p>\n<h3>Bezpe\u010dnostn\u00ed prvky<\/h3>\n<p>Integrace bezpe\u010dnostn\u00edch prvk\u016f do konstrukce v\u00e1lc\u016f v\u00fdlo\u017en\u00edku je z\u00e1sadn\u00ed pro ochranu obsluhy a za\u0159\u00edzen\u00ed. To zahrnuje za\u010dlen\u011bn\u00ed p\u0159etlakov\u00fdch ventil\u016f, kter\u00e9 zabra\u0148uj\u00ed p\u0159et\u00ed\u017een\u00ed, a zaji\u0161t\u011bn\u00ed toho, aby v\u0161echny komponenty spl\u0148ovaly bezpe\u010dnostn\u00ed normy. Pravideln\u00e9 kontroly a dodr\u017eov\u00e1n\u00ed bezpe\u010dnostn\u00edch protokol\u016f jsou nezbytn\u00e9 pro minimalizaci rizik spojen\u00fdch s hydraulick\u00fdmi operacemi.<\/p>\n<h3>P\u0159\u00edstupnost \u00fadr\u017eby<\/h3>\n<p>Konstrukce v\u00e1lc\u016f v\u00fdlo\u017en\u00edku s ohledem na snadnou dostupnost b\u011bhem \u00fadr\u017eby zaji\u0161\u0165uje, \u017ee opravy lze prov\u00e1d\u011bt rychle a efektivn\u011b. Prvky, jako jsou snadno p\u0159\u00edstupn\u00e9 otvory pro maz\u00e1n\u00ed a pr\u016fhledn\u00e9 n\u00e1dr\u017eky pro kontrolu hladiny kapalin, mohou v\u00fdrazn\u011b zlep\u0161it proces \u00fadr\u017eby a umo\u017enit v\u010dasn\u00e9 z\u00e1sahy, kter\u00e9 zabr\u00e1n\u00ed z\u00e1va\u017en\u011bj\u0161\u00edm probl\u00e9m\u016fm v budoucnu.<\/p>\n<p><img decoding=\"async\" src=\"https:\/\/www.hydraulic-cylinders.net\/wp-content\/uploads\/2025\/04\/songte-oil-pipes-and-spare-parts.webp\" alt=\"Olejov\u00e9 trubky a n\u00e1hradn\u00ed d\u00edly\"><\/p>\n<h2>T\u011bsn\u011bn\u00ed a maz\u00e1n\u00ed<\/h2>\n<p>T\u011bsn\u011bn\u00ed a maz\u00e1n\u00ed jsou kl\u00ed\u010dov\u00fdmi aspekty pro udr\u017een\u00ed \u00fa\u010dinnosti v\u00e1lc\u016f v\u00fdlo\u017en\u00edku. R\u016fzn\u00e9 t\u011bsnic\u00ed komponenty, jako jsou t\u011bsn\u011bn\u00ed p\u00edst\u016f a t\u011bsn\u011bn\u00ed p\u00edstnic, hraj\u00ed kl\u00ed\u010dovou roli v prevenci \u00faniku kapalin a zaji\u0161t\u011bn\u00ed provozn\u00ed \u00fa\u010dinnosti. T\u011bsn\u011bn\u00ed jsou \u010dasto vyrobena z odoln\u00fdch materi\u00e1l\u016f, jako je polyuretan a nitrilov\u00e1 pry\u017e, kter\u00e9 odol\u00e1vaj\u00ed opot\u0159eben\u00ed a vliv\u016fm prost\u0159ed\u00ed.<\/p>\n<p>T\u011bleso v\u00e1lce a z\u00e1vitov\u00e9 koncov\u00e9 plochy nav\u00edc proch\u00e1zej\u00ed pe\u010dliv\u00fdm zpracov\u00e1n\u00edm, aby se zv\u00fd\u0161ila jejich odolnost proti opot\u0159eben\u00ed. Pravideln\u00e9 maz\u00e1n\u00ed vhodn\u00fdm hydraulick\u00fdm olejem je nezbytn\u00e9 pro minimalizaci t\u0159en\u00ed a opot\u0159eben\u00ed, co\u017e v kone\u010dn\u00e9m d\u016fsledku p\u0159isp\u00edv\u00e1 k dlouh\u00e9 \u017eivotnosti v\u00e1lce.<\/p>\n<h2>Pravideln\u00e9 kontroly a preventivn\u00ed \u00fadr\u017eba<\/h2>\n<ul>\n<li><strong>Rutinn\u00ed kontroly:<\/strong> Pravideln\u00e9 kontroly by m\u011bly b\u00fdt prov\u00e1d\u011bny, aby se odhalily jak\u00e9koli zn\u00e1mky opot\u0159eben\u00ed nebo po\u0161kozen\u00ed. Pat\u0159\u00ed sem kontrola t\u011bsn\u011bn\u00ed, hadic a t\u011blesa v\u00e1lce, zda nevykazuj\u00ed net\u011bsnosti nebo praskliny.<\/li>\n<li><strong>Spr\u00e1vn\u00e9 maz\u00e1n\u00ed:<\/strong> Pro hladk\u00fd provoz je nezbytn\u00e9 zajistit dostate\u010dn\u00e9 maz\u00e1n\u00ed hydraulick\u00e9ho syst\u00e9mu. Obsluha by m\u011bla dodr\u017eovat pokyny v\u00fdrobce ohledn\u011b \u010detnosti maz\u00e1n\u00ed a typu oleje.<\/li>\n<li><strong>V\u00fdm\u011bna t\u011bsn\u011bn\u00ed:<\/strong> Pravideln\u00e1 v\u00fdm\u011bna t\u011bsn\u011bn\u00ed, kter\u00e1 vykazuj\u00ed zn\u00e1mky opot\u0159eben\u00ed, m\u016f\u017ee zabr\u00e1nit net\u011bsnostem a udr\u017eet tlak v syst\u00e9mu. Obsluha by m\u011bla b\u00fdt pro\u0161kolena v rozpozn\u00e1n\u00ed pot\u0159eby v\u00fdm\u011bny t\u011bsn\u011bn\u00ed.<\/li>\n<\/ul>\n<h2>Pr\u016fvodce instalac\u00ed produktu<\/h2>\n<p>Spr\u00e1vn\u00e1 instalace v\u00e1lce v\u00fdlo\u017en\u00edku je nezbytn\u00e1 pro optim\u00e1ln\u00ed v\u00fdkon. Pro p\u0159esnou instalaci postupujte podle t\u011bchto krok\u016f:<\/p>\n<ol>\n<li><strong>P\u0159\u00edprava:<\/strong> Ujist\u011bte se, \u017ee v\u0161echny komponenty pot\u0159ebn\u00e9 k instalaci jsou k dispozici a v dobr\u00e9m stavu.<\/li>\n<li><strong>Zarovn\u00e1n\u00ed:<\/strong> Abyste p\u0159ede\u0161li nespr\u00e1vn\u00e9mu vyrovn\u00e1n\u00ed, spr\u00e1vn\u011b vyrovnejte v\u00e1lec s mont\u00e1\u017en\u00edmi body pomoc\u00ed vhodn\u00fdch mont\u00e1\u017en\u00edch p\u0159\u00edpravk\u016f.<\/li>\n<li><strong>Bezpe\u010dn\u00e1 mont\u00e1\u017e:<\/strong> K zaji\u0161t\u011bn\u00ed v\u00e1lce pou\u017eijte vhodn\u00e9 spojovac\u00ed prvky a utahovac\u00ed momenty doporu\u010den\u00e9 v\u00fdrobcem. Nadm\u011brn\u00e9 uta\u017een\u00ed m\u016f\u017ee zp\u016fsobit po\u0161kozen\u00ed.<\/li>\n<li><strong>Hydraulick\u00e9 p\u0159ipojen\u00ed:<\/strong> P\u0159ipojte hydraulick\u00e9 hadice k v\u00e1lci a ujist\u011bte se, \u017ee jsou spr\u00e1vn\u011b namontov\u00e1ny, aby nedo\u0161lo k \u00fanik\u016fm.<\/li>\n<li><strong>Tlakov\u00e9 zkou\u0161ky:<\/strong> Po instalaci prove\u010fte tlakovou zkou\u0161ku, abyste se ujistili, \u017ee syst\u00e9m funguje spr\u00e1vn\u011b a bez net\u011bsnost\u00ed.<\/li>\n<\/ol>\n<h2>\u00dakoly \u00fadr\u017eby<\/h2>\n<ul>\n<li><strong>Rutinn\u00ed kontroly:<\/strong> Prov\u00e1d\u011bjte pravideln\u00e9 kontroly, abyste identifikovali potenci\u00e1ln\u00ed probl\u00e9my d\u0159\u00edve, ne\u017e se vyhrot\u00ed. To zahrnuje sledov\u00e1n\u00ed hladiny kapalin a kontrolu net\u011bsnost\u00ed.<\/li>\n<li><strong>Spr\u00e1vn\u00e9 maz\u00e1n\u00ed:<\/strong> Udr\u017eujte dostate\u010dn\u00e9 maz\u00e1n\u00ed, abyste sn\u00ed\u017eili t\u0159en\u00ed a opot\u0159eben\u00ed pohybliv\u00fdch \u010d\u00e1st\u00ed. Dodr\u017eujte doporu\u010den\u00ed v\u00fdrobce ohledn\u011b typu oleje a interval\u016f v\u00fdm\u011bny.<\/li>\n<li><strong>V\u00fdm\u011bna t\u011bsn\u011bn\u00ed:<\/strong> Pravideln\u011b kontrolujte opot\u0159eben\u00ed t\u011bsn\u011bn\u00ed a v p\u0159\u00edpad\u011b pot\u0159eby je vym\u011b\u0148ujte. To pom\u00e1h\u00e1 udr\u017eovat hydraulickou \u00fa\u010dinnost a p\u0159edch\u00e1zet \u00fanik\u016fm.<\/li>\n<\/ul>\n<h2>Bezpe\u010dnostn\u00ed aspekty a faktory prost\u0159ed\u00ed<\/h2>\n<p>Zaji\u0161t\u011bn\u00ed bezpe\u010dnosti p\u0159i pou\u017e\u00edv\u00e1n\u00ed hydraulick\u00e9ho za\u0159\u00edzen\u00ed je z\u00e1sadn\u00ed. Obsluha by m\u011bla dodr\u017eovat bezpe\u010dnostn\u00ed protokoly ke zm\u00edrn\u011bn\u00ed rizik. To zahrnuje no\u0161en\u00ed vhodn\u00fdch osobn\u00edch ochrann\u00fdch prost\u0159edk\u016f (OOP) a dodr\u017eov\u00e1n\u00ed provozn\u00edch pokyn\u016f. M\u011bly by se zohlednit i environment\u00e1ln\u00ed aspekty, nap\u0159\u00edklad zaji\u0161t\u011bn\u00ed toho, aby hydraulick\u00e9 kapaliny neunikaly do zem\u011b, a t\u00edm se zabr\u00e1nilo kontaminaci p\u016fdy. Zaveden\u00ed ekologick\u00fdch postup\u016f m\u016f\u017ee zv\u00fd\u0161it udr\u017eitelnost provozu.<\/p>\n<h2>Diagnostika z\u00e1vad a b\u011b\u017en\u00e9 probl\u00e9my<\/h2>\n<ul>\n<li><strong>Net\u011bsnosti:<\/strong> Jedn\u00edm z nej\u010dast\u011bj\u0161\u00edch probl\u00e9m\u016f je \u00fanik hydraulick\u00e9 kapaliny, kter\u00fd m\u016f\u017ee b\u00fdt zp\u016fsoben opot\u0159ebovan\u00fdmi t\u011bsn\u011bn\u00edmi nebo uvoln\u011bn\u00fdmi spoji. Pravideln\u00e9 kontroly mohou pomoci net\u011bsnosti v\u010das identifikovat a odstranit.<\/li>\n<li><strong>\u0160patn\u00fd v\u00fdkon:<\/strong> Pokud v\u00e1lec v\u00fdlo\u017en\u00edku pracuje pomalu, zkontrolujte, zda nen\u00ed n\u00edzk\u00e1 hladina hydraulick\u00e9 kapaliny nebo zda kapalina nen\u00ed zne\u010di\u0161t\u011bn\u00e1, co\u017e m\u016f\u017ee ovlivnit v\u00fdkon.<\/li>\n<li><strong>Neobvykl\u00e9 zvuky:<\/strong> Sk\u0159\u00edpav\u00e9 nebo klepav\u00e9 zvuky b\u011bhem provozu mohou nazna\u010dovat mechanick\u00e9 probl\u00e9my uvnit\u0159 v\u00e1lce nebo okoln\u00edch sou\u010d\u00e1st\u00ed.<\/li>\n<\/ul>\n<h2>Tipy pro \u0159e\u0161en\u00ed probl\u00e9m\u016f<\/h2>\n<p>Pro efektivn\u00ed diagnostiku a \u0159e\u0161en\u00ed probl\u00e9m\u016f by oper\u00e1to\u0159i m\u011bli zv\u00e1\u017eit n\u00e1sleduj\u00edc\u00ed tipy:<\/p>\n<ul>\n<li>Pravideln\u011b sledujte hladiny kapalin a vym\u011b\u0148ujte kontaminovanou kapalinu, abyste zachovali \u00fa\u010dinnost syst\u00e9mu.<\/li>\n<li>Prove\u010fte vizu\u00e1ln\u00ed kontroly, abyste odhalili jak\u00e9koli viditeln\u00e9 net\u011bsnosti nebo po\u0161kozen\u00ed sou\u010d\u00e1st\u00ed.<\/li>\n<li>Prov\u00e1d\u011bjte preventivn\u00ed opat\u0159en\u00ed, jako je pravideln\u00e1 \u00fadr\u017eba a v\u010dasn\u00e9 opravy, abyste minimalizovali pravd\u011bpodobnost vzniku probl\u00e9m\u016f.<\/li>\n<\/ul>\n<p><img decoding=\"async\" src=\"https:\/\/www.hydraulic-cylinders.net\/wp-content\/uploads\/2025\/04\/songte-bushings-with-all-kinds-of-excavator-models.webp\" alt=\"Pouzdra s modely bagr\u016f\"><\/p>\n<h2>O na\u0161\u00ed spole\u010dnosti<\/h2>\n<p>Jsme p\u0159edn\u00edm v\u00fdrobcem hydraulick\u00fdch v\u00e1lc\u016f, specializuj\u00edc\u00edm se na dod\u00e1vky vysoce kvalitn\u00edch n\u00e1hradn\u00edch v\u00e1lc\u016f pro r\u016fzn\u00e9 aplikace. Na\u0161e \u0161irok\u00e1 \u0161k\u00e1la produkt\u016f n\u00e1s pozicionovala jako p\u0159edn\u00edho hr\u00e1\u010de na dom\u00e1c\u00edm i mezin\u00e1rodn\u00edm trhu. \u0158\u00edd\u00edme se strategi\u00ed excelence v kvalit\u011b, podpo\u0159enou propracovan\u00fdm p\u0159\u00edstupem k \u0159\u00edzen\u00ed v\u00fdroby.<\/p>\n<p>Na\u0161e v\u00fdrobn\u00ed kapacity jsou posilov\u00e1ny t\u00fdmem kvalifikovan\u00fdch profesion\u00e1l\u016f, pokro\u010dil\u00fdm digit\u00e1ln\u00edm v\u00fdrobn\u00edm za\u0159\u00edzen\u00edm a expertn\u00edm syst\u00e9mem kontroly kvality. Neust\u00e1le se sna\u017e\u00edme vylep\u0161ovat na\u0161i v\u00fdrobn\u00ed platformu integrac\u00ed inovativn\u00edch technologi\u00ed a zdokonalov\u00e1n\u00edm na\u0161ich v\u00fdrobn\u00edch proces\u016f. Tento z\u00e1vazek n\u00e1m umo\u017e\u0148uje efektivn\u011b a \u00fa\u010dinn\u011b uspokojovat rozmanit\u00e9 pot\u0159eby z\u00e1kazn\u00edk\u016f.<\/p>\n<p>Zavazujeme se k profesionalit\u011b, mezin\u00e1rodn\u00edm certifikac\u00edm, slu\u017eb\u00e1m na m\u00edru, modern\u00edmu v\u00fdrobn\u00edmu vybaven\u00ed a spolehliv\u00e9 poprodejn\u00ed podpo\u0159e, co\u017e zaji\u0161\u0165uje spokojenost z\u00e1kazn\u00edk\u016f a dlouhodob\u00e1 partnerstv\u00ed.<\/p>\n<p><img decoding=\"async\" src=\"https:\/\/www.hydraulic-cylinders.net\/wp-content\/uploads\/2025\/04\/songte-company-4.webp\" alt=\"P\u0159ehled spole\u010dnosti\"><br \/>\n<img decoding=\"async\" src=\"https:\/\/www.hydraulic-cylinders.net\/wp-content\/uploads\/2025\/04\/songte-company-3.webp\" alt=\"Za\u0159\u00edzen\u00ed spole\u010dnosti\"><\/p>\n<p>Autor: lyl<\/p>","protected":false},"excerpt":{"rendered":"<p>Boom Cylinder For Kato Small Excavator HD820A Product Overview The Boom Cylinder for Kato Small Excavator HD820A is a crucial hydraulic component designed to control the movement of the excavator&#8217;s boom. This hydraulic cylinder allows the boom to lift, lower, and tilt, facilitating various material handling tasks effectively. It is engineered to enhance the operational [&hellip;]<\/p>","protected":false},"featured_media":17867,"comment_status":"open","ping_status":"closed","template":"","meta":{"_et_pb_use_builder":"","_et_pb_old_content":"","_et_gb_content_width":""},"product_brand":[],"product_cat":[1546],"product_tag":[1547,1496],"class_list":{"0":"post-19739","1":"product","2":"type-product","3":"status-publish","4":"has-post-thumbnail","6":"product_cat-boom-cylinders","7":"product_tag-boom-cylinders","8":"product_tag-hydraulic-cylinders","10":"first","11":"instock","12":"shipping-taxable","13":"product-type-simple"},"amp_enabled":true,"_links":{"self":[{"href":"https:\/\/www.hydraulic-cylinders.net\/cs\/wp-json\/wp\/v2\/product\/19739","targetHints":{"allow":["GET"]}}],"collection":[{"href":"https:\/\/www.hydraulic-cylinders.net\/cs\/wp-json\/wp\/v2\/product"}],"about":[{"href":"https:\/\/www.hydraulic-cylinders.net\/cs\/wp-json\/wp\/v2\/types\/product"}],"replies":[{"embeddable":true,"href":"https:\/\/www.hydraulic-cylinders.net\/cs\/wp-json\/wp\/v2\/comments?post=19739"}],"wp:featuredmedia":[{"embeddable":true,"href":"https:\/\/www.hydraulic-cylinders.net\/cs\/wp-json\/wp\/v2\/media\/17867"}],"wp:attachment":[{"href":"https:\/\/www.hydraulic-cylinders.net\/cs\/wp-json\/wp\/v2\/media?parent=19739"}],"wp:term":[{"taxonomy":"product_brand","embeddable":true,"href":"https:\/\/www.hydraulic-cylinders.net\/cs\/wp-json\/wp\/v2\/product_brand?post=19739"},{"taxonomy":"product_cat","embeddable":true,"href":"https:\/\/www.hydraulic-cylinders.net\/cs\/wp-json\/wp\/v2\/product_cat?post=19739"},{"taxonomy":"product_tag","embeddable":true,"href":"https:\/\/www.hydraulic-cylinders.net\/cs\/wp-json\/wp\/v2\/product_tag?post=19739"}],"curies":[{"name":"wp","href":"https:\/\/api.w.org\/{rel}","templated":true}]}}