{"id":19740,"date":"2025-04-07T07:04:54","date_gmt":"2025-04-07T07:04:54","guid":{"rendered":"https:\/\/www.hydraulic-cylinders.net\/product\/boom-cylinder-for-kato-small-excavator-hd1023\/"},"modified":"2025-04-07T07:04:56","modified_gmt":"2025-04-07T07:04:56","slug":"boom-cylinder-for-kato-small-excavator-hd1023","status":"publish","type":"product","link":"https:\/\/www.hydraulic-cylinders.net\/cs\/produkt\/boom-cylinder-for-kato-small-excavator-hd1023\/","title":{"rendered":"V\u00e1lec v\u00fdlo\u017en\u00edku pro mal\u00e9 rypadlo Kato HD1023"},"content":{"rendered":"<h1>V\u00e1lec v\u00fdlo\u017en\u00edku pro mal\u00e9 rypadlo Kato HD1023<\/h1>\n<h2>P\u0159ehled produktu<\/h2>\n<p>Hydraulick\u00fd v\u00e1lec v\u00fdlo\u017en\u00edku pro mal\u00e9 rypadlo Kato HD1023 je kl\u00ed\u010dovou sou\u010d\u00e1st\u00ed navr\u017eenou pro zv\u00fd\u0161en\u00ed provozn\u00edch schopnost\u00ed r\u016fzn\u00fdch t\u011b\u017ek\u00fdch stroj\u016f. Konkr\u00e9tn\u011b jde o v\u00e1lec l\u017e\u00edce, kter\u00fd hraje kl\u00ed\u010dovou roli v \u0159\u00edzen\u00ed pohybu l\u017e\u00edce v rypadlech, rypadlo-naklada\u010d\u00edch a \u010deln\u00edch naklada\u010d\u00edch. Tento v\u00e1lec umo\u017e\u0148uje l\u017e\u00edci zvedat, spou\u0161t\u011bt a nakl\u00e1n\u011bt, co\u017e usnad\u0148uje efektivn\u00ed manipulaci s materi\u00e1lem.<\/p>\n<p><img decoding=\"async\" src=\"https:\/\/www.hydraulic-cylinders.net\/wp-content\/uploads\/2025\/04\/songte-company-1.webp\" alt=\"Mal\u00fd bagr Kato\" \/><\/p>\n<h3>Definice a funkce<\/h3>\n<p>Hydraulick\u00fd v\u00e1lec l\u017e\u00edce je nezbytnou sou\u010d\u00e1st\u00ed hydraulick\u00fdch syst\u00e9m\u016f pou\u017e\u00edvan\u00fdch ve stavebnictv\u00ed a zem\u011bd\u011blstv\u00ed. Tyto v\u00e1lce jsou konstruov\u00e1ny pro provoz pod vysok\u00fdm tlakem a jsou navr\u017eeny tak, aby odolaly n\u00e1ro\u010dn\u00fdm pracovn\u00edm podm\u00ednk\u00e1m. Zaji\u0161\u0165uj\u00ed plynul\u00fd a p\u0159esn\u00fd pohyb l\u017e\u00edce, co\u017e je z\u00e1sadn\u00ed pro \u00fakoly, jako je kop\u00e1n\u00ed, zved\u00e1n\u00ed a p\u0159eprava materi\u00e1l\u016f. Dob\u0159e funguj\u00edc\u00ed v\u00e1lec v\u00fdlo\u017en\u00edku zvy\u0161uje produktivitu a sni\u017euje riziko mechanick\u00e9ho selh\u00e1n\u00ed b\u011bhem provozu.<\/p>\n<h2>Kl\u00ed\u010dov\u00e9 vlastnosti<\/h2>\n<ul>\n<li><strong>Vysok\u00e1 pevnost a trvanlivost:<\/strong> Tyto v\u00e1lce, vyroben\u00e9 z vysokopevnostn\u00ed oceli nebo hlin\u00edku, odol\u00e1vaj\u00ed vysok\u00e9mu tlaku a velk\u00e9mu zat\u00ed\u017een\u00ed, d\u00edky \u010demu\u017e jsou vhodn\u00e9 pro n\u00e1ro\u010dn\u00e9 pracovn\u00ed prost\u0159ed\u00ed. Jsou navr\u017eeny s ohledem na odolnost proti opot\u0159eben\u00ed a korozi, aby se prodlou\u017eila jejich \u017eivotnost.<\/li>\n<li><strong>Efektivn\u00ed hydraulick\u00fd provoz:<\/strong> Pou\u017eit\u00ed hydraulick\u00e9ho oleje umo\u017e\u0148uje plynul\u00e9 pohyby vysouv\u00e1n\u00ed a zasouv\u00e1n\u00ed, co\u017e umo\u017e\u0148uje rychlou reakci na ovl\u00e1dac\u00ed povely a poskytuje zna\u010dnou s\u00edlu tla\u010den\u00ed a tahu, ide\u00e1ln\u00ed pro zvl\u00e1d\u00e1n\u00ed t\u011b\u017ek\u00fdch a slo\u017eit\u00fdch \u00fakol\u016f.<\/li>\n<li><strong>R\u016fzn\u00e9 typy:<\/strong> V z\u00e1vislosti na provozn\u00edch pot\u0159eb\u00e1ch si u\u017eivatel\u00e9 mohou vybrat mezi jedno\u010dinn\u00fdmi (vyu\u017e\u00edvaj\u00edc\u00edmi hydraulickou s\u00edlu pouze v jednom sm\u011bru) nebo dvoj\u010dinn\u00fdmi (vyu\u017e\u00edvaj\u00edc\u00edmi hydraulickou s\u00edlu v obou sm\u011brech) v\u00e1lci. N\u011bkter\u00e9 modely jsou teleskopick\u00e9, co\u017e umo\u017e\u0148uje v\u011bt\u0161\u00ed v\u00fdsuv bez zv\u011bt\u0161en\u00ed vn\u011bj\u0161\u00edch rozm\u011br\u016f, a jsou vhodn\u00e9 pro aplikace s omezen\u00fdm prostorem.<\/li>\n<li><strong>Zak\u00e1zkov\u00e1 v\u00fdroba:<\/strong> Na\u0161e produkty jsou navr\u017eeny tak, aby bezprobl\u00e9mov\u011b nahradily r\u016fzn\u00e9 hydraulick\u00e9 v\u00e1lce a zajistily tak kompatibilitu a optim\u00e1ln\u00ed v\u00fdkon.<\/li>\n<li><strong>Zaji\u0161t\u011bn\u00ed kvality:<\/strong> Zav\u00e1d\u00edme p\u0159\u00edsn\u00e9 testovac\u00ed standardy, abychom zaru\u010dili spolehlivost a \u00fa\u010dinnost na\u0161ich hydraulick\u00fdch v\u00e1lc\u016f.<\/li>\n<\/ul>\n<p><img decoding=\"async\" src=\"https:\/\/www.hydraulic-cylinders.net\/wp-content\/uploads\/2025\/04\/songte-cylinder-head-with-all-kinds-excavator-models.webp\" alt=\"Modely bagr\u016f\" \/><\/p>\n<h2>Aplikace v\u00e1lce v\u00fdlo\u017en\u00edku<\/h2>\n<h3>Stavebn\u00ed stroje<\/h3>\n<p>U bagr\u016f jsou v\u00e1lce v\u00fdlo\u017en\u00edku kl\u00ed\u010dov\u00e9 pro kop\u00e1n\u00ed, nakl\u00e1d\u00e1n\u00ed a p\u0159emis\u0165ov\u00e1n\u00ed zeminy nebo suti. Hydraulick\u00e1 s\u00edla umo\u017e\u0148uje l\u017e\u00edci efektivn\u011b pronikat do zem\u011b, co\u017e usnad\u0148uje a zefektiv\u0148uje v\u00fdkopov\u00e9 pr\u00e1ce. U rypadlo-naklada\u010d\u016f v\u00e1lec l\u017e\u00edce pom\u00e1h\u00e1 nejen p\u0159i kop\u00e1n\u00ed, ale tak\u00e9 p\u0159i zved\u00e1n\u00ed a p\u0159eprav\u011b materi\u00e1l\u016f, co\u017e zvy\u0161uje v\u0161estrannost stroje.<\/p>\n<h3>Zem\u011bd\u011blsk\u00e9 stroje<\/h3>\n<p>U \u010deln\u00edch naklada\u010d\u016f jsou v\u00e1lce v\u00fdlo\u017en\u00edku nezbytn\u00e9 pro nab\u00edr\u00e1n\u00ed, zved\u00e1n\u00ed a p\u0159epravu zeminy, sena a dal\u0161\u00edch materi\u00e1l\u016f. Hydraulick\u00fd pohon zaji\u0161\u0165uje, \u017ee tyto stroje dok\u00e1\u017e\u00ed efektivn\u011b zvl\u00e1dat r\u016fzn\u00e9 zem\u011bd\u011blsk\u00e9 \u00fakoly, co\u017e v\u00fdznamn\u011b p\u0159isp\u00edv\u00e1 k produktivit\u011b v zem\u011bd\u011blsk\u00fdch operac\u00edch.<\/p>\n<h3>Bagry<\/h3>\n<p>U bagr\u016f usnad\u0148uje v\u00e1lec l\u017e\u00edce kop\u00e1n\u00ed t\u00edm, \u017ee umo\u017e\u0148uje l\u017e\u00edci efektivn\u011b pronikat do p\u016fdy. Tato schopnost je nezbytn\u00e1 pro r\u016fzn\u00e9 v\u00fdkopov\u00e9 projekty, proto\u017ee zaji\u0161\u0165uje efektivn\u00ed prov\u00e1d\u011bn\u00ed \u00fakol\u016f bez nadm\u011brn\u00e9ho zat\u00ed\u017een\u00ed stroj\u016f.<\/p>\n<h3>Naklada\u010de<\/h3>\n<p>U \u010deln\u00edch naklada\u010d\u016f \u00fa\u010dinn\u011b pom\u00e1haj\u00ed v\u00e1lce v\u00fdlo\u017en\u00edku p\u0159i zved\u00e1n\u00ed a vykl\u00e1p\u011bn\u00ed materi\u00e1l\u016f. Hydraulick\u00fd pohon umo\u017e\u0148uje p\u0159esnou manipulaci s b\u0159emeny a zaji\u0161\u0165uje, \u017ee materi\u00e1ly lze p\u0159esn\u011b p\u0159emis\u0165ovat a umis\u0165ovat.<\/p>\n<h2>Konstruk\u010dn\u00ed aspekty a krit\u00e9ria v\u00fdb\u011bru<\/h2>\n<h3>Nosnost<\/h3>\n<p>P\u0159i v\u00fdb\u011bru v\u00e1lce v\u00fdlo\u017en\u00edku je nezbytn\u00e9 zv\u00e1\u017eit nosnost po\u017eadovanou pro konkr\u00e9tn\u00ed aplikaci. V\u00e1lec mus\u00ed b\u00fdt schopen zvl\u00e1dnout maxim\u00e1ln\u00ed hmotnost p\u0159epravovan\u00e9ho materi\u00e1lu bez rizika selh\u00e1n\u00ed. Robustn\u00ed konstrukce zaji\u0161\u0165uje, \u017ee v\u00e1lec zvl\u00e1dne i t\u011b\u017ek\u00e9 n\u00e1klady, co\u017e zaji\u0161\u0165uje spolehlivost a bezpe\u010dnost b\u011bhem provozu.<\/p>\n<h3>T\u011bsn\u011bn\u00ed<\/h3>\n<p>T\u011bsnic\u00ed syst\u00e9m hydraulick\u00e9ho v\u00e1lce je kl\u00ed\u010dov\u00fd pro udr\u017een\u00ed tlaku a prevenci \u00fanik\u016f. Vysoce kvalitn\u00ed t\u011bsn\u011bn\u00ed, jako jsou p\u00edstn\u00ed a p\u00edstn\u00ed t\u011bsn\u011bn\u00ed, by m\u011bla b\u00fdt vyrobena z materi\u00e1l\u016f, jako je polyuretan nebo nitrilov\u00e1 pry\u017e, kter\u00e9 odol\u00e1vaj\u00ed opot\u0159eben\u00ed. Spr\u00e1vn\u00e9 ut\u011bsn\u011bn\u00ed nejen zlep\u0161uje v\u00fdkon v\u00e1lce, ale tak\u00e9 prodlu\u017euje jeho \u017eivotnost t\u00edm, \u017ee zabra\u0148uje \u00faniku kapaliny a kontaminaci.<\/p>\n<h3>Trvanlivost<\/h3>\n<p>Odolnost je kl\u00ed\u010dov\u00fdm faktorem p\u0159i v\u00fdb\u011bru v\u00e1lce v\u00fdlo\u017en\u00edku. Pou\u017eit\u00fd materi\u00e1l by m\u011bl b\u00fdt odoln\u00fd v\u016f\u010di opot\u0159eben\u00ed, n\u00e1raz\u016fm a korozi, aby bylo zaji\u0161t\u011bno dlouhodob\u00e9 pou\u017e\u00edv\u00e1n\u00ed v n\u00e1ro\u010dn\u00fdch podm\u00ednk\u00e1ch. Odoln\u00fd v\u00e1lec sni\u017euje n\u00e1klady na \u00fadr\u017ebu a prostoje, co\u017e vede ke zv\u00fd\u0161en\u00ed produktivity.<\/p>\n<h3>Bezpe\u010dnost<\/h3>\n<p>Bezpe\u010dnost je u ka\u017ed\u00e9ho hydraulick\u00e9ho provozu prvo\u0159ad\u00e1. Konstrukce v\u00e1lce v\u00fdlo\u017en\u00edku by m\u011bla zahrnovat bezpe\u010dnostn\u00ed prvky, jako jsou p\u0159etlakov\u00e9 ventily, aby se zabr\u00e1nilo p\u0159et\u00ed\u017een\u00ed a zajistil se kontrolovan\u00fd provoz. Pravideln\u00e9 bezpe\u010dnostn\u00ed kontroly a dodr\u017eov\u00e1n\u00ed bezpe\u010dnostn\u00edch protokol\u016f jsou nezbytn\u00e9 pro zm\u00edrn\u011bn\u00ed rizik spojen\u00fdch s hydraulick\u00fdmi stroji.<\/p>\n<h3>Udr\u017eovatelnost<\/h3>\n<p>Snadn\u00e1 \u00fadr\u017eba je z\u00e1sadn\u00edm krit\u00e9riem p\u0159i konstrukci hydraulick\u00fdch v\u00e1lc\u016f. Sou\u010d\u00e1sti by m\u011bly b\u00fdt snadno p\u0159\u00edstupn\u00e9 a n\u00e1hradn\u00ed d\u00edly by m\u011bly b\u00fdt snadno dostupn\u00e9, aby se minimalizovaly prostoje. Dob\u0159e navr\u017een\u00fd v\u00e1lec usnad\u0148uje pravideln\u00e9 kontroly \u00fadr\u017eby a zaji\u0161\u0165uje, \u017ee za\u0159\u00edzen\u00ed pracuje efektivn\u011b a bezpe\u010dn\u011b za v\u0161ech okolnost\u00ed.<\/p>\n<p><img decoding=\"async\" src=\"https:\/\/www.hydraulic-cylinders.net\/wp-content\/uploads\/2025\/04\/songte-oil-pipes-and-spare-parts.webp\" alt=\"Olejov\u00e9 trubky a n\u00e1hradn\u00ed d\u00edly\" \/><\/p>\n<h2>T\u011bsn\u011bn\u00ed a maz\u00e1n\u00ed<\/h2>\n<p>\u00da\u010dinn\u00e9 t\u011bsn\u011bn\u00ed a maz\u00e1n\u00ed jsou pro v\u00fdkon hydraulick\u00fdch v\u00e1lc\u016f z\u00e1sadn\u00ed. K udr\u017een\u00ed tlaku a zabr\u00e1n\u011bn\u00ed \u00fanik\u016fm se pou\u017e\u00edvaj\u00ed r\u016fzn\u00e1 t\u011bsn\u011bn\u00ed, jako jsou p\u00edstn\u00ed t\u011bsn\u011bn\u00ed a t\u011bsn\u011bn\u00ed p\u00edstnice. T\u011bsn\u011bn\u00ed by m\u011bla b\u00fdt vyrobena z odoln\u00fdch materi\u00e1l\u016f, jako je polyuretan nebo nitrilov\u00e1 pry\u017e, kter\u00e9 nab\u00edzej\u00ed odolnost proti opot\u0159eben\u00ed. T\u011bleso v\u00e1lce a z\u00e1vitov\u00e9 konce mus\u00ed b\u00fdt d\u00e1le jemn\u011b opracov\u00e1ny, aby se zv\u00fd\u0161ila odolnost proti opot\u0159eben\u00ed. Pravideln\u00e9 maz\u00e1n\u00ed vhodn\u00fdm hydraulick\u00fdm olejem je nezbytn\u00e9 pro zaji\u0161t\u011bn\u00ed plynul\u00e9ho provozu a prodlou\u017een\u00ed \u017eivotnosti v\u00e1lce.<\/p>\n<h2>Pravideln\u00e1 kontrola a preventivn\u00ed \u00fadr\u017eba<\/h2>\n<ul>\n<li><strong>Pl\u00e1novan\u00e9 kontroly:<\/strong> Pravideln\u00e9 kontroly by m\u011bly b\u00fdt prov\u00e1d\u011bny, aby se odhalily jak\u00e9koli zn\u00e1mky opot\u0159eben\u00ed, net\u011bsnost\u00ed nebo po\u0161kozen\u00ed. V\u010dasn\u00e1 identifikace probl\u00e9m\u016f m\u016f\u017ee zabr\u00e1nit n\u00e1kladn\u00fdm oprav\u00e1m a zajistit bezpe\u010dn\u00fd provoz.<\/li>\n<li><strong>Maz\u00e1n\u00ed:<\/strong> Je nezbytn\u00e9 udr\u017eovat spr\u00e1vnou hladinu maz\u00e1n\u00ed, aby byl zaji\u0161t\u011bn hladk\u00fd provoz a zabr\u00e1nilo se t\u0159en\u00ed, kter\u00e9 m\u016f\u017ee v\u00e9st k opot\u0159eben\u00ed. Pravideln\u011b kontrolujte a v p\u0159\u00edpad\u011b pot\u0159eby dopl\u0148ujte hydraulick\u00fd olej.<\/li>\n<li><strong>V\u00fdm\u011bna t\u011bsn\u011bn\u00ed:<\/strong> Sledujte t\u011bsn\u011bn\u00ed, zda nevykazuj\u00ed zn\u00e1mky opot\u0159eben\u00ed nebo po\u0161kozen\u00ed. V\u010dasn\u00e1 v\u00fdm\u011bna t\u011bsn\u011bn\u00ed pom\u016f\u017ee udr\u017eet tlak a zabr\u00e1nit \u00fanik\u016fm, \u010d\u00edm\u017e prodlou\u017e\u00ed \u017eivotnost hydraulick\u00e9ho v\u00e1lce.<\/li>\n<\/ul>\n<h2>Pokyny k instalaci<\/h2>\n<p>Spr\u00e1vn\u00e1 instalace v\u00e1lce v\u00fdlo\u017en\u00edku je z\u00e1sadn\u00ed pro optim\u00e1ln\u00ed v\u00fdkon. Za\u010dn\u011bte t\u00edm, \u017ee se ujist\u00edte, \u017ee mont\u00e1\u017en\u00ed povrchy jsou \u010dist\u00e9 a bez ne\u010distot. V\u00e1lec p\u0159esn\u011b vyrovnejte, abyste zabr\u00e1nili jeho nespr\u00e1vn\u00e9mu vyrovn\u00e1n\u00ed, kter\u00e9 m\u016f\u017ee v\u00e9st k p\u0159ed\u010dasn\u00e9mu opot\u0159eben\u00ed. K zaji\u0161t\u011bn\u00ed v\u00e1lce na m\u00edst\u011b pou\u017eijte vhodn\u00e9 mont\u00e1\u017en\u00ed konzoly. Pro zaji\u0161t\u011bn\u00ed bezpe\u010dn\u00e9ho spojen\u00ed dodr\u017eujte specifikace v\u00fdrobce ohledn\u011b nastaven\u00ed utahovac\u00edho momentu. Po instalaci prove\u010fte funk\u010dn\u00ed zkou\u0161ku, abyste se ujistili, \u017ee v\u00e1lec funguje hladce. V\u017edy se \u0159i\u010fte instala\u010dn\u00ed p\u0159\u00edru\u010dkou, kde naleznete konkr\u00e9tn\u00ed pokyny t\u00fdkaj\u00edc\u00ed se instalovan\u00e9ho modelu.<\/p>\n<h2>B\u011b\u017en\u00e9 \u00fakoly \u00fadr\u017eby<\/h2>\n<ul>\n<li><strong>Pravideln\u00e9 kontroly:<\/strong> Zave\u010fte pravideln\u00fd kontroln\u00ed pl\u00e1n pro kontrolu hydraulick\u00e9ho syst\u00e9mu, zda nevykazuje net\u011bsnosti, po\u0161kozen\u00ed nebo zn\u00e1mky opot\u0159eben\u00ed. Up\u0159ednostn\u011bte \u0159e\u0161en\u00ed probl\u00e9m\u016f d\u0159\u00edve, ne\u017e se probl\u00e9my zhor\u0161\u00ed.<\/li>\n<li><strong>Spr\u00e1vn\u00e9 maz\u00e1n\u00ed:<\/strong> Zajist\u011bte dostate\u010dnou hladinu hydraulick\u00e9ho oleje a pravideln\u011b pou\u017e\u00edvejte spr\u00e1vn\u00fd typ oleje, abyste udr\u017eeli optim\u00e1ln\u00ed v\u00fdkon a zabr\u00e1nili zbyte\u010dn\u00e9mu t\u0159en\u00ed.<\/li>\n<li><strong>V\u00fdm\u011bna a kalibrace t\u011bsn\u011bn\u00ed:<\/strong> Sledujte stav t\u011bsn\u011bn\u00ed a v p\u0159\u00edpad\u011b pot\u0159eby je vym\u011b\u0148ujte. Pravideln\u011b kalibrujte hydraulick\u00fd syst\u00e9m, abyste zajistili jeho \u00fa\u010dinn\u00fd provoz v r\u00e1mci stanoven\u00fdch parametr\u016f.<\/li>\n<\/ul>\n<h2>Bezpe\u010dnostn\u00ed aspekty a faktory prost\u0159ed\u00ed<\/h2>\n<p>P\u0159i pr\u00e1ci s hydraulick\u00fdmi syst\u00e9my jsou bezpe\u010dnostn\u00ed opat\u0159en\u00ed prvo\u0159ad\u00e1. Obsluha by m\u011bla b\u00fdt \u0159\u00e1dn\u011b pro\u0161kolena, aby se minimalizovala rizika spojen\u00e1 s hydraulick\u00fdmi stroji. V\u017edy pou\u017e\u00edvejte vhodn\u00e9 osobn\u00ed ochrann\u00e9 prost\u0159edky (OOP) a zajist\u011bte, aby bezpe\u010dnostn\u00ed prvky, jako jsou nouzov\u00e9 uzav\u00edrac\u00ed ventily, byly funk\u010dn\u00ed. D\u00e1le zva\u017ete dopad \u00fanik\u016f hydraulick\u00e9 kapaliny na \u017eivotn\u00ed prost\u0159ed\u00ed; pou\u017e\u00edv\u00e1n\u00ed biologicky odbourateln\u00fdch hydraulick\u00fdch olej\u016f m\u016f\u017ee pomoci zm\u00edrnit environment\u00e1ln\u00ed probl\u00e9my.<\/p>\n<h2>Odstra\u0148ov\u00e1n\u00ed probl\u00e9m\u016f a b\u011b\u017en\u00e9 probl\u00e9my<\/h2>\n<ul>\n<li><strong>\u00daniky kapalin:<\/strong> Zkontrolujte net\u011bsnosti kolem t\u011bsn\u011bn\u00ed a armatur. Pokud jsou p\u0159\u00edtomny net\u011bsnosti, zkontrolujte opot\u0159eben\u00ed t\u011bsn\u011bn\u00ed a v p\u0159\u00edpad\u011b pot\u0159eby je vym\u011b\u0148te.<\/li>\n<li><strong>Nereaguj\u00edc\u00ed v\u00e1lec:<\/strong> Pokud v\u00e1lec nereaguje, zkontrolujte hladinu hydraulick\u00e9 kapaliny a ujist\u011bte se, \u017ee \u010derpadlo funguje spr\u00e1vn\u011b.<\/li>\n<li><strong>Pomal\u00fd pohyb:<\/strong> Pomal\u00fd chod m\u016f\u017ee znamenat n\u00edzkou hladinu hydraulick\u00e9 kapaliny nebo p\u0159\u00edtomnost vzduchu v syst\u00e9mu. Odvzdu\u0161n\u011bte syst\u00e9m a v p\u0159\u00edpad\u011b pot\u0159eby kapalinu dopl\u0148te.<\/li>\n<\/ul>\n<p>Poskytov\u00e1n\u00ed tip\u016f pro \u0159e\u0161en\u00ed probl\u00e9m\u016f pom\u016f\u017ee u\u017eivatel\u016fm efektivn\u011b diagnostikovat a \u0159e\u0161it b\u011b\u017en\u00e9 probl\u00e9my. Pravideln\u00e1 \u00fadr\u017eba a kontroly mohou pomoci minimalizovat potenci\u00e1ln\u00ed probl\u00e9my a zv\u00fd\u0161it spolehlivost za\u0159\u00edzen\u00ed.<\/p>\n<p><img decoding=\"async\" src=\"https:\/\/www.hydraulic-cylinders.net\/wp-content\/uploads\/2025\/04\/songte-bushings-with-all-kinds-of-excavator-models.webp\" alt=\"Modely bagr\u016f\" \/><\/p>\n<h2>P\u0159ehled spole\u010dnosti<\/h2>\n<p>Jsme v\u00fdrobce specializuj\u00edc\u00ed se na n\u00e1hradn\u00ed d\u00edly hydraulick\u00fdch v\u00e1lc\u016f a nab\u00edz\u00edme komplexn\u00ed sortiment produkt\u016f. Na\u0161e spole\u010dnost se stala jedn\u00edm z p\u0159edn\u00edch v\u00fdrobc\u016f a velkoobchodn\u00edk\u016f s hydraulick\u00fdmi v\u00e1lci na dom\u00e1c\u00edm i mezin\u00e1rodn\u00edm trhu. Dodr\u017eujeme princip excelence v kvalit\u011b a v na\u0161ich d\u00edln\u00e1ch vyu\u017e\u00edv\u00e1me propracovanou strategii \u0159\u00edzen\u00ed v\u00fdroby. Vyu\u017e\u00edv\u00e1n\u00edm kvalifikovan\u00e9ho technick\u00e9ho person\u00e1lu, pokro\u010dil\u00e9ho digit\u00e1ln\u00edho v\u00fdrobn\u00edho za\u0159\u00edzen\u00ed a profesion\u00e1ln\u00edho testovac\u00edho syst\u00e9mu neust\u00e1le vylep\u0161ujeme na\u0161i v\u00fdrobn\u00ed platformu a zdokonalujeme v\u00fdrobn\u00ed postupy pro zaji\u0161t\u011bn\u00ed kvality na\u0161ich produkt\u016f. Na\u0161e siln\u00e9 kreativn\u00ed schopnosti n\u00e1m umo\u017e\u0148uj\u00ed uspokojovat rozmanit\u00e9 pot\u0159eby z\u00e1kazn\u00edk\u016f s vysokou efektivitou, p\u0159esnost\u00ed a kvalitou.<\/p>\n<p><img decoding=\"async\" src=\"https:\/\/www.hydraulic-cylinders.net\/wp-content\/uploads\/2025\/04\/songte-company-4.webp\" alt=\"P\u0159ehled spole\u010dnosti\" \/><br \/>\n<img decoding=\"async\" src=\"https:\/\/www.hydraulic-cylinders.net\/wp-content\/uploads\/2025\/04\/songte-company-3.webp\" alt=\"P\u0159ehled spole\u010dnosti\" \/><\/p>\n<h2>Z\u00e1v\u011br<\/h2>\n<p>Z\u00e1v\u011brem lze \u0159\u00edci, \u017ee v\u00e1lec v\u00fdlo\u017en\u00edku pro mal\u00e9 rypadlo Kato HD1023 je nezbytnou sou\u010d\u00e1st\u00ed pro zv\u00fd\u0161en\u00ed v\u00fdkonu a efektivity t\u011b\u017ek\u00fdch stroj\u016f. Pochopen\u00ed jeho vlastnost\u00ed, aplikac\u00ed a postup\u016f \u00fadr\u017eby je kl\u00ed\u010dov\u00e9 pro zaji\u0161t\u011bn\u00ed dlouh\u00e9 \u017eivotnosti a spolehlivosti v r\u016fzn\u00fdch provozn\u00edch podm\u00ednk\u00e1ch. V\u00fdb\u011brem vysoce kvalitn\u00edch hydraulick\u00fdch v\u00e1lc\u016f mohou u\u017eivatel\u00e9 dos\u00e1hnout optim\u00e1ln\u00edho v\u00fdkonu a minimalizovat prostoje.<\/p>\n<p>Autor: lyl<\/p>","protected":false},"excerpt":{"rendered":"<p>Boom Cylinder For Kato Small Excavator HD1023 Product Overview The Boom Cylinder for Kato Small Excavator HD1023 is a vital component designed to enhance the operational capabilities of various heavy machinery. Specifically, the bucket cylinder is a type of hydraulic cylinder that plays a crucial role in controlling the movement of the bucket in excavators, [&hellip;]<\/p>","protected":false},"featured_media":17868,"comment_status":"open","ping_status":"closed","template":"","meta":{"_et_pb_use_builder":"","_et_pb_old_content":"","_et_gb_content_width":""},"product_brand":[],"product_cat":[1546],"product_tag":[1547,1496],"class_list":{"0":"post-19740","1":"product","2":"type-product","3":"status-publish","4":"has-post-thumbnail","6":"product_cat-boom-cylinders","7":"product_tag-boom-cylinders","8":"product_tag-hydraulic-cylinders","10":"first","11":"instock","12":"shipping-taxable","13":"product-type-simple"},"amp_enabled":true,"_links":{"self":[{"href":"https:\/\/www.hydraulic-cylinders.net\/cs\/wp-json\/wp\/v2\/product\/19740","targetHints":{"allow":["GET"]}}],"collection":[{"href":"https:\/\/www.hydraulic-cylinders.net\/cs\/wp-json\/wp\/v2\/product"}],"about":[{"href":"https:\/\/www.hydraulic-cylinders.net\/cs\/wp-json\/wp\/v2\/types\/product"}],"replies":[{"embeddable":true,"href":"https:\/\/www.hydraulic-cylinders.net\/cs\/wp-json\/wp\/v2\/comments?post=19740"}],"wp:featuredmedia":[{"embeddable":true,"href":"https:\/\/www.hydraulic-cylinders.net\/cs\/wp-json\/wp\/v2\/media\/17868"}],"wp:attachment":[{"href":"https:\/\/www.hydraulic-cylinders.net\/cs\/wp-json\/wp\/v2\/media?parent=19740"}],"wp:term":[{"taxonomy":"product_brand","embeddable":true,"href":"https:\/\/www.hydraulic-cylinders.net\/cs\/wp-json\/wp\/v2\/product_brand?post=19740"},{"taxonomy":"product_cat","embeddable":true,"href":"https:\/\/www.hydraulic-cylinders.net\/cs\/wp-json\/wp\/v2\/product_cat?post=19740"},{"taxonomy":"product_tag","embeddable":true,"href":"https:\/\/www.hydraulic-cylinders.net\/cs\/wp-json\/wp\/v2\/product_tag?post=19740"}],"curies":[{"name":"wp","href":"https:\/\/api.w.org\/{rel}","templated":true}]}}