{"id":19741,"date":"2025-04-07T07:04:57","date_gmt":"2025-04-07T07:04:57","guid":{"rendered":"https:\/\/www.hydraulic-cylinders.net\/product\/boom-cylinder-for-kato-small-excavator-hd1430r\/"},"modified":"2025-04-07T07:04:59","modified_gmt":"2025-04-07T07:04:59","slug":"boom-cylinder-for-kato-small-excavator-hd1430r","status":"publish","type":"product","link":"https:\/\/www.hydraulic-cylinders.net\/cs\/produkt\/boom-cylinder-for-kato-small-excavator-hd1430r\/","title":{"rendered":"V\u00e1lec v\u00fdlo\u017en\u00edku pro mal\u00e9 rypadlo Kato HD1430R"},"content":{"rendered":"<h1>V\u00e1lec v\u00fdlo\u017en\u00edku pro mal\u00e9 rypadlo Kato HD1430R<\/h1>\n<h2>P\u0159ehled produktu<\/h2>\n<p>Hydraulick\u00fd v\u00e1lec v\u00fdlo\u017en\u00edku pro mal\u00e9 rypadlo Kato HD1430R je kl\u00ed\u010dov\u00e1 hydraulick\u00e1 sou\u010d\u00e1st navr\u017een\u00e1 speci\u00e1ln\u011b pro t\u011b\u017ek\u00e9 stroje, jako jsou rypadla. Tento typ hydraulick\u00e9ho v\u00e1lce \u0159\u00edd\u00ed pohyb v\u00fdlo\u017en\u00edku rypadla a umo\u017e\u0148uje p\u0159esn\u00e9 zved\u00e1n\u00ed, spou\u0161t\u011bn\u00ed a nakl\u00e1p\u011bn\u00ed l\u017e\u00edce. Jako\u017eto kl\u00ed\u010dov\u00e1 sou\u010d\u00e1st hydraulick\u00e9ho syst\u00e9mu vyu\u017e\u00edv\u00e1 v\u00e1lec v\u00fdlo\u017en\u00edku hydraulick\u00fd tlak k zaji\u0161t\u011bn\u00ed plynul\u00e9ho a efektivn\u00edho provozu, co\u017e ho \u010din\u00ed nezbytn\u00fdm pro r\u016fzn\u00e9 \u00fakoly manipulace s materi\u00e1lem.<\/p>\n<p><img decoding=\"async\" src=\"https:\/\/www.hydraulic-cylinders.net\/wp-content\/uploads\/2025\/04\/songte-company-1.webp\" alt=\"P\u0159ehled v\u00e1lc\u016f v\u00fdlo\u017en\u00edku\"><\/p>\n<h3>Definice a funkce<\/h3>\n<p>Hydraulick\u00fd v\u00e1lec l\u017e\u00edce je specializovan\u00e1 hydraulick\u00e1 sou\u010d\u00e1st, kter\u00e1 hraje v\u00fdznamnou roli v \u0159\u00edzen\u00ed pohybu l\u017e\u00edce v t\u011b\u017ek\u00fdch stroj\u00edch, jako jsou rypadla, r\u00fdpadlo-naklada\u010de a \u010deln\u00ed naklada\u010de. Tento hydraulick\u00fd v\u00e1lec umo\u017e\u0148uje pohyb l\u017e\u00edce nahoru a dol\u016f a tak\u00e9 nakl\u00e1p\u011bn\u00ed, co\u017e usnad\u0148uje efektivn\u00ed manipulaci s materi\u00e1ly. Jeho \u010dinnost je zalo\u017eena na hydraulick\u00fdch principech, kde se k vytvo\u0159en\u00ed pohybu vyu\u017e\u00edv\u00e1 tlak kapaliny, kter\u00fd poskytuje pot\u0159ebnou s\u00edlu pot\u0159ebnou pro zved\u00e1n\u00ed t\u011b\u017ek\u00fdch b\u0159emen a p\u0159esn\u00e9 man\u00e9vrov\u00e1n\u00ed.<\/p>\n<h2>Vlastnosti v\u00e1lce v\u00fdlo\u017en\u00edku<\/h2>\n<ul>\n<li><strong>Vysok\u00e1 pevnost a trvanlivost:<\/strong> Vyrobeno z vysokopevnostn\u00ed oceli nebo hlin\u00edku, aby odolalo vysok\u00e9mu tlaku a velk\u00e9mu zat\u00ed\u017een\u00ed, navr\u017eeno pro n\u00e1ro\u010dn\u00e9 pracovn\u00ed prost\u0159ed\u00ed, se zam\u011b\u0159en\u00edm na odolnost proti opot\u0159eben\u00ed a korozi pro prodlou\u017een\u00ed \u017eivotnosti.<\/li>\n<li><strong>Efektivn\u00ed hydraulick\u00fd provoz:<\/strong> Vyu\u017e\u00edv\u00e1 hydraulick\u00fd tlak kapaliny pro plynul\u00e9 vysouv\u00e1n\u00ed a zasouv\u00e1n\u00ed, co\u017e umo\u017e\u0148uje rychl\u00e9 reakce na provozn\u00ed povely a z\u00e1rove\u0148 poskytuje siln\u00e9 s\u00edly tla\u010den\u00ed a tahu vhodn\u00e9 pro manipulaci s t\u011b\u017ek\u00fdmi b\u0159emeny.<\/li>\n<li><strong>R\u016fzn\u00e9 typy:<\/strong> K dispozici v jedno\u010dinn\u00e9m (hydraulick\u00fd pohon v jednom sm\u011bru) nebo dvoj\u010dinn\u00e9m (hydraulick\u00fd pohon v obou sm\u011brech) proveden\u00ed pro spln\u011bn\u00ed r\u016fzn\u00fdch provozn\u00edch pot\u0159eb, p\u0159i\u010dem\u017e n\u011bkter\u00e9 modely nab\u00edzej\u00ed teleskopick\u00e9 mo\u017enosti pro v\u011bt\u0161\u00ed vysunut\u00ed bez zv\u011bt\u0161en\u00ed vn\u011bj\u0161\u00edch rozm\u011br\u016f.<\/li>\n<\/ul>\n<p>Tento produkt vyr\u00e1b\u00edme a na\u0161e v\u00e1lce mohou dokonale nahradit tyto hydraulick\u00e9 v\u00e1lce.<\/p>\n<p><img decoding=\"async\" src=\"https:\/\/www.hydraulic-cylinders.net\/wp-content\/uploads\/2025\/04\/songte-cylinder-head-with-all-kinds-excavator-models.webp\" alt=\"Typy v\u00e1lc\u016f v\u00fdlo\u017en\u00edku\"><\/p>\n<h2>Sc\u00e9n\u00e1\u0159e aplikac\u00ed<\/h2>\n<h3>Stavebn\u00ed stroje<\/h3>\n<p>Ve stavebnictv\u00ed se v\u00e1lce v\u00fdlo\u017en\u00edku nach\u00e1zej\u00ed v bagrech, kde hraj\u00ed kl\u00ed\u010dovou roli p\u0159i kop\u00e1n\u00ed, nakl\u00e1d\u00e1n\u00ed a p\u0159emis\u0165ov\u00e1n\u00ed zeminy nebo suti. Umo\u017e\u0148uj\u00ed l\u017e\u00edci efektivn\u011b pronikat do zem\u011b, co\u017e usnad\u0148uje efektivn\u00ed v\u00fdkopov\u00e9 procesy. U rypadlo-naklada\u010d\u016f v\u00e1lec v\u00fdlo\u017en\u00edku nejen pom\u00e1h\u00e1 p\u0159i v\u00fdkopov\u00fdch operac\u00edch, ale tak\u00e9 p\u0159i zved\u00e1n\u00ed, co\u017e zvy\u0161uje v\u0161estrannost na staveni\u0161t\u00edch.<\/p>\n<h3>Zem\u011bd\u011blsk\u00e9 stroje<\/h3>\n<p>V zem\u011bd\u011blstv\u00ed jsou v\u00e1lce v\u00fdlo\u017en\u00edku ned\u00edlnou sou\u010d\u00e1st\u00ed \u010deln\u00edch naklada\u010d\u016f, kde se pou\u017e\u00edvaj\u00ed k nab\u00edr\u00e1n\u00ed, zved\u00e1n\u00ed a p\u0159eprav\u011b p\u016fdy, sena a dal\u0161\u00edch materi\u00e1l\u016f. Jejich pevnost a p\u0159esnost jsou z\u00e1sadn\u00ed pro \u00fakoly, jako je nakl\u00e1d\u00e1n\u00ed krmiva, odkl\u00edzen\u00ed suti a prov\u00e1d\u011bn\u00ed r\u016fzn\u00fdch zem\u011bd\u011blsk\u00fdch prac\u00ed, co\u017e je \u010din\u00ed v modern\u00edm zem\u011bd\u011blstv\u00ed nepostradateln\u00fdmi.<\/p>\n<h3>Bagry<\/h3>\n<p>U rypadel umo\u017e\u0148uj\u00ed v\u00e1lce kore\u010dk\u016f rypadla bez n\u00e1mahy proniknout do p\u016fdy. Tato schopnost je kl\u00ed\u010dov\u00e1 ve stavebn\u00edch a krajin\u00e1\u0159sk\u00fdch projektech, kde je p\u0159esn\u00e9 a efektivn\u00ed ryt\u00ed nezbytn\u00e9 pro p\u0159\u00edpravu pozemk\u016f pro stavbu nebo v\u00fdsadbu.<\/p>\n<h3>Naklada\u010de<\/h3>\n<p>U \u010deln\u00edch naklada\u010d\u016f \u00fa\u010dinn\u011b p\u0159isp\u00edvaj\u00ed v\u00e1lce v\u00fdlo\u017en\u00edku ke zved\u00e1n\u00ed a vykl\u00e1p\u011bn\u00ed materi\u00e1l\u016f. Zvy\u0161uj\u00ed schopnost naklada\u010de zvedat t\u011b\u017ek\u00e9 n\u00e1klady dostate\u010dn\u011b vysoko, aby vypr\u00e1zdnily korby n\u00e1kladn\u00edch vozidel nebo skladovac\u00ed kontejnery, co\u017e zvy\u0161uje produktivitu p\u0159i stavebn\u00edch a krajin\u00e1\u0159sk\u00fdch prac\u00edch.<\/p>\n<h2>Konstruk\u010dn\u00ed aspekty a krit\u00e9ria v\u00fdb\u011bru<\/h2>\n<h3>Nosnost<\/h3>\n<p>Nosnost v\u00e1lce v\u00fdlo\u017en\u00edku je z\u00e1sadn\u00ed pro jeho v\u00fdkon. Mus\u00ed b\u00fdt navr\u017een tak, aby zvl\u00e1dl maxim\u00e1ln\u00ed o\u010dek\u00e1van\u00e9 zat\u00ed\u017een\u00ed a z\u00e1rove\u0148 zajistil bezpe\u010dnost a spolehlivost. In\u017een\u00fd\u0159i p\u0159i ur\u010dov\u00e1n\u00ed optim\u00e1ln\u00ed nosnosti zohled\u0148uj\u00ed faktory, jako je pevnost materi\u00e1lu, rozm\u011bry v\u00e1lce a provozn\u00ed tlak.<\/p>\n<h3>T\u011bsn\u011bn\u00ed<\/h3>\n<p>\u00da\u010dinn\u00e9 t\u011bsn\u011bn\u00ed je z\u00e1sadn\u00ed pro udr\u017een\u00ed hydraulick\u00e9ho tlaku a prevenci \u00fanik\u016f. Vysoce kvalitn\u00ed t\u011bsn\u011bn\u00ed jsou nezbytn\u00e1 pro zaji\u0161t\u011bn\u00ed dlouh\u00e9 \u017eivotnosti v\u00e1lce. R\u016fzn\u00e9 typy t\u011bsn\u011bn\u00ed, v\u010detn\u011b p\u00edstn\u00edch a p\u00edstn\u00edch t\u011bsn\u011bn\u00ed, se vyb\u00edraj\u00ed na z\u00e1klad\u011b jejich schopnosti odol\u00e1vat n\u00e1ro\u010dn\u00fdm provozn\u00edm podm\u00ednk\u00e1m a udr\u017eovat si v\u00fdkon v pr\u016fb\u011bhu \u010dasu.<\/p>\n<h3>Trvanlivost<\/h3>\n<p>Trvanlivost je kl\u00ed\u010dov\u00fdm krit\u00e9riem p\u0159i konstrukci hydraulick\u00fdch v\u00e1lc\u016f. Mus\u00ed odol\u00e1vat extr\u00e9mn\u00edm podm\u00ednk\u00e1m, v\u010detn\u011b vysok\u00fdch teplot, kol\u00eds\u00e1n\u00ed tlaku a vystaven\u00ed ne\u010distot\u00e1m a kontaminant\u016fm. V\u00fdb\u011br robustn\u00edch materi\u00e1l\u016f a nanesen\u00ed ochrann\u00fdch povlak\u016f m\u016f\u017ee v\u00fdrazn\u011b zv\u00fd\u0161it trvanlivost v\u00e1lc\u016f v\u00fdlo\u017en\u00edku.<\/p>\n<h3>Bezpe\u010dnost<\/h3>\n<p>Bezpe\u010dnost je p\u0159i konstrukci hydraulick\u00fdch v\u00e1lc\u016f prvo\u0159ad\u00e1. To zahrnuje i bezpe\u010dnostn\u00ed prvky, kter\u00e9 zabra\u0148uj\u00ed selh\u00e1n\u00ed v\u00e1lce, jako jsou p\u0159etlakov\u00e9 ventily a ochrana proti p\u0159et\u00ed\u017een\u00ed. Pravideln\u00e1 \u00fadr\u017eba a dodr\u017eov\u00e1n\u00ed bezpe\u010dnostn\u00edch norem jsou nezbytn\u00e9 pro zaji\u0161t\u011bn\u00ed bezpe\u010dn\u00e9ho provozu v ter\u00e9nu.<\/p>\n<h3>Udr\u017eovatelnost<\/h3>\n<p>\u00dadr\u017eba se t\u00fdk\u00e1 toho, jak snadno lze hydraulick\u00fd v\u00e1lec servisovat a opravovat. Konstruk\u010dn\u00ed aspekty by m\u011bly zahrnovat p\u0159\u00edstupnost pro kontroly, snadnou v\u00fdm\u011bnu t\u011bsn\u011bn\u00ed a dostupnost n\u00e1hradn\u00edch d\u00edl\u016f. Konstrukce, kter\u00e1 usnad\u0148uje pravidelnou \u00fadr\u017ebu, m\u016f\u017ee prodlou\u017eit \u017eivotnost v\u00e1lce v\u00fdlo\u017en\u00edku a zkr\u00e1tit provozn\u00ed prostoje.<\/p>\n<p><img decoding=\"async\" src=\"https:\/\/www.hydraulic-cylinders.net\/wp-content\/uploads\/2025\/04\/songte-oil-pipes-and-spare-parts.webp\" alt=\"Sou\u010d\u00e1sti hydraulick\u00e9ho v\u00e1lce\"><\/p>\n<h2>T\u011bsn\u011bn\u00ed a maz\u00e1n\u00ed<\/h2>\n<p>\u00da\u010dinn\u00e9 t\u011bsn\u011bn\u00ed a maz\u00e1n\u00ed jsou pro v\u00fdkon hydraulick\u00fdch v\u00e1lc\u016f z\u00e1sadn\u00ed. Pou\u017e\u00edvaj\u00ed se r\u016fzn\u00e1 t\u011bsn\u011bn\u00ed, jako jsou p\u00edstn\u00ed a p\u00edstn\u00ed t\u011bsn\u011bn\u00ed, \u010dasto vyroben\u00e1 z odoln\u00fdch materi\u00e1l\u016f, jako je polyuretan a nitrilov\u00e1 pry\u017e, aby byla zaji\u0161t\u011bna odolnost proti opot\u0159eben\u00ed. T\u011bleso v\u00e1lce a z\u00e1vitov\u00e9 konce jsou jemn\u011b opracov\u00e1ny pro zv\u00fd\u0161en\u00ed odolnosti proti opot\u0159eben\u00ed. Pravideln\u00e9 maz\u00e1n\u00ed hydraulick\u00fdm olejem je nezbytn\u00e9 pro sn\u00ed\u017een\u00ed t\u0159en\u00ed a opot\u0159eben\u00ed, zaji\u0161t\u011bn\u00ed plynul\u00e9ho provozu a prodlou\u017een\u00ed \u017eivotnosti v\u00e1lce.<\/p>\n<h2>Pravideln\u00e1 kontrola a preventivn\u00ed \u00fadr\u017eba<\/h2>\n<ul>\n<li><strong>Pravideln\u00e9 kontroly:<\/strong> Prov\u00e1d\u011bn\u00ed pravideln\u00fdch kontrol je nezbytn\u00e9 pro v\u010dasnou identifikaci jak\u00fdchkoli zn\u00e1mek opot\u0159eben\u00ed nebo po\u0161kozen\u00ed. Pat\u0159\u00ed sem kontrola net\u011bsnost\u00ed, koroze a neobvykl\u00fdch zvuk\u016f b\u011bhem provozu.<\/li>\n<li><strong>Spr\u00e1vn\u00e9 maz\u00e1n\u00ed:<\/strong> Zaji\u0161t\u011bn\u00ed dostate\u010dn\u00e9ho maz\u00e1n\u00ed hydraulick\u00e9ho v\u00e1lce spr\u00e1vn\u00fdm typem a mno\u017estv\u00edm hydraulick\u00e9ho oleje je z\u00e1sadn\u00ed. To pom\u00e1h\u00e1 minimalizovat t\u0159en\u00ed a p\u0159eh\u0159\u00edv\u00e1n\u00ed, kter\u00e9 m\u016f\u017ee v\u00e9st k p\u0159ed\u010dasn\u00e9mu selh\u00e1n\u00ed.<\/li>\n<li><strong>V\u00fdm\u011bna t\u011bsn\u011bn\u00ed:<\/strong> Pravideln\u00e1 v\u00fdm\u011bna t\u011bsn\u011bn\u00ed je nezbytn\u00e1 pro udr\u017een\u00ed hydraulick\u00e9ho tlaku a prevenci net\u011bsnost\u00ed. Je d\u016fle\u017eit\u00e9 pou\u017e\u00edvat vysoce kvalitn\u00ed t\u011bsn\u011bn\u00ed, kter\u00e1 jsou vhodn\u00e1 pro konkr\u00e9tn\u00ed aplikaci a provozn\u00ed podm\u00ednky.<\/li>\n<\/ul>\n<h2>Instala\u010dn\u00ed p\u0159\u00edru\u010dka<\/h2>\n<p>Spr\u00e1vn\u00e1 instalace v\u00e1lce v\u00fdlo\u017en\u00edku je z\u00e1sadn\u00ed pro optim\u00e1ln\u00ed v\u00fdkon. Za\u010dn\u011bte t\u00edm, \u017ee se ujist\u00edte, \u017ee je pracovn\u00ed prostor \u010dist\u00fd a bez ne\u010distot. Spr\u00e1vn\u011b vyrovnejte hydraulick\u00fd v\u00e1lec s mont\u00e1\u017en\u00edmi konzolami, v p\u0159\u00edpad\u011b pot\u0159eby pou\u017eijte vhodn\u00e9 mont\u00e1\u017en\u00ed p\u0159\u00edpravky. Ujist\u011bte se, \u017ee v\u0161echny \u0161rouby a upev\u0148ovac\u00ed prvky jsou uta\u017eeny podle specifikac\u00ed v\u00fdrobce, aby se zabr\u00e1nilo jejich pohybu b\u011bhem provozu. Je tak\u00e9 nezbytn\u00e9 bezpe\u010dn\u011b p\u0159ipojit hydraulick\u00e9 potrub\u00ed a p\u0159ed natlakov\u00e1n\u00edm syst\u00e9mu zkontrolovat t\u011bsnost. Dodr\u017een\u00ed t\u011bchto krok\u016f zajist\u00ed, \u017ee v\u00e1lec bude fungovat spr\u00e1vn\u011b a efektivn\u011b.<\/p>\n<h2>\u00dakoly \u00fadr\u017eby<\/h2>\n<ul>\n<li><strong>Pravideln\u00e9 kontroly:<\/strong> \u010cast\u00e9 kontroly mohou pomoci identifikovat probl\u00e9my d\u0159\u00edve, ne\u017e se stanou z\u00e1va\u017en\u00fdmi. Pat\u0159\u00ed sem hled\u00e1n\u00ed net\u011bsnost\u00ed a zaji\u0161t\u011bn\u00ed bezpe\u010dn\u00e9ho uta\u017een\u00ed v\u0161ech \u0161roub\u016f.<\/li>\n<li><strong>Vhodn\u00e9 maz\u00e1n\u00ed:<\/strong> Maz\u00e1n\u00ed by m\u011blo b\u00fdt prov\u00e1d\u011bno pravideln\u011b a m\u011blo by se zajistit pou\u017eit\u00ed spr\u00e1vn\u00e9ho typu a mno\u017estv\u00ed hydraulick\u00e9 kapaliny pro zaji\u0161t\u011bn\u00ed hladk\u00e9ho chodu v\u00e1lce.<\/li>\n<li><strong>V\u00fdm\u011bna t\u011bsn\u011bn\u00ed:<\/strong> V\u010dasn\u00e1 v\u00fdm\u011bna t\u011bsn\u011bn\u00ed je z\u00e1sadn\u00ed pro zabr\u00e1n\u011bn\u00ed \u00faniku hydraulick\u00e9 kapaliny a zachov\u00e1n\u00ed v\u00fdkonu. Pravideln\u011b kontrolujte t\u011bsn\u011bn\u00ed, zda nejsou opot\u0159ebovan\u00e1 nebo po\u0161kozen\u00e1, a v p\u0159\u00edpad\u011b pot\u0159eby je vym\u011b\u0148te.<\/li>\n<\/ul>\n<h2>Bezpe\u010dnostn\u00ed aspekty a faktory prost\u0159ed\u00ed<\/h2>\n<p>P\u0159i pr\u00e1ci s hydraulick\u00fdmi v\u00e1lci jsou bezpe\u010dnostn\u00ed opat\u0159en\u00ed nezbytn\u00e1 k prevenci nehod a zran\u011bn\u00ed. Obsluha by m\u011bla nosit vhodn\u00e9 ochrann\u00e9 pom\u016fcky a b\u011bhem instalace a \u00fadr\u017eby mus\u00ed b\u00fdt dodr\u017eov\u00e1ny v\u0161echny bezpe\u010dnostn\u00ed protokoly. D\u00e1le je d\u016fle\u017eit\u00e9 zv\u00e1\u017eit faktory \u017eivotn\u00edho prost\u0159ed\u00ed, jako je spr\u00e1vn\u00e1 likvidace hydraulick\u00fdch kapalin a star\u00fdch d\u00edl\u016f, aby se minimalizoval dopad na \u017eivotn\u00ed prost\u0159ed\u00ed.<\/p>\n<h2>Diagnostika z\u00e1vad a b\u011b\u017en\u00e9 probl\u00e9my<\/h2>\n<ul>\n<li><strong>Net\u011bsnosti:<\/strong> \u00daniky hydraulick\u00e9 kapaliny mohou nazna\u010dovat selh\u00e1n\u00ed t\u011bsn\u011bn\u00ed nebo po\u0161kozen\u00ed t\u011blesa v\u00e1lce. Pravideln\u00e9 kontroly mohou pomoci v\u010das odhalit \u00faniky.<\/li>\n<li><strong>\u0160patn\u00fd v\u00fdkon:<\/strong> Pokud se v\u00e1lec nevysouv\u00e1 ani nezasouv\u00e1 plynule, m\u016f\u017ee to znamenat probl\u00e9my s maz\u00e1n\u00edm nebo vnit\u0159n\u00ed po\u0161kozen\u00ed.<\/li>\n<li><strong>Hlu\u010dn\u00fd provoz:<\/strong> Neobvykl\u00e9 zvuky b\u011bhem provozu mohou nazna\u010dovat vnit\u0159n\u00ed opot\u0159eben\u00ed nebo nedostate\u010dn\u00e9 maz\u00e1n\u00ed, co\u017e vy\u017eaduje okam\u017eit\u00fd z\u00e1sah.<\/li>\n<\/ul>\n<p>Poskytov\u00e1n\u00ed tip\u016f a \u0159e\u0161en\u00ed probl\u00e9m\u016f m\u016f\u017ee \u010dten\u00e1\u0159\u016fm pomoci efektivn\u011b diagnostikovat a \u0159e\u0161it probl\u00e9my s jejich hydraulick\u00fdmi v\u00e1lci. Preventivn\u00ed opat\u0159en\u00ed, jako je pravideln\u00e1 \u00fadr\u017eba a kontroly, mohou v\u00fdrazn\u011b sn\u00ed\u017eit pravd\u011bpodobnost vzniku probl\u00e9m\u016f.<\/p>\n<p><img decoding=\"async\" src=\"https:\/\/www.hydraulic-cylinders.net\/wp-content\/uploads\/2025\/04\/songte-bushings-with-all-kinds-of-excavator-models.webp\" alt=\"Diagnostika poruch\"><\/p>\n<h2>O na\u0161\u00ed spole\u010dnosti<\/h2>\n<p>Jsme p\u0159edn\u00edm v\u00fdrobcem n\u00e1hradn\u00edch hydraulick\u00fdch v\u00e1lc\u016f a nab\u00edz\u00edme \u0161irokou \u0161k\u00e1lu produkt\u016f, kter\u00e9 n\u00e1s etablovaly jako jednoho z p\u0159edn\u00edch v\u00fdrobc\u016f a velkoobchodn\u00edk\u016f na dom\u00e1c\u00edm i mezin\u00e1rodn\u00edm trhu. N\u00e1\u0161 z\u00e1vazek k dokonalosti je podpo\u0159en propracovanou strategi\u00ed \u0159\u00edzen\u00ed v\u00fdroby. Vyu\u017e\u00edv\u00e1n\u00edm kvalifikovan\u00fdch pracovn\u00edk\u016f, pokro\u010dil\u00e9ho digit\u00e1ln\u00edho v\u00fdrobn\u00edho za\u0159\u00edzen\u00ed a profesion\u00e1ln\u00edch testovac\u00edch syst\u00e9m\u016f neust\u00e1le vylep\u0161ujeme na\u0161i v\u00fdrobn\u00ed platformu a zlep\u0161ujeme kvalitu produkt\u016f. Na\u0161e siln\u00e1 inova\u010dn\u00ed schopnost ve spojen\u00ed s vysokou \u00fa\u010dinnost\u00ed, p\u0159esnost\u00ed a kvalitou n\u00e1m umo\u017e\u0148uje uspokojovat rozmanit\u00e9 pot\u0159eby na\u0161ich z\u00e1kazn\u00edk\u016f.<\/p>\n<p><img decoding=\"async\" src=\"https:\/\/www.hydraulic-cylinders.net\/wp-content\/uploads\/2025\/04\/songte-company-4.webp\" alt=\"P\u0159ehled spole\u010dnosti\"><br \/>\n<img decoding=\"async\" src=\"https:\/\/www.hydraulic-cylinders.net\/wp-content\/uploads\/2025\/04\/songte-company-3.webp\" alt=\"Za\u0159\u00edzen\u00ed spole\u010dnosti\"><\/p>\n<p>Autor: lyl<\/p>","protected":false},"excerpt":{"rendered":"<p>Boom Cylinder For Kato Small Excavator HD1430R Product Overview The Boom Cylinder for Kato Small Excavator HD1430R is a crucial hydraulic component designed specifically for heavy machinery such as excavators. This type of hydraulic cylinder controls the movement of the excavator&#8217;s boom, allowing for precise lifting, lowering, and tilting of the bucket. As a vital [&hellip;]<\/p>","protected":false},"featured_media":17869,"comment_status":"open","ping_status":"closed","template":"","meta":{"_et_pb_use_builder":"","_et_pb_old_content":"","_et_gb_content_width":""},"product_brand":[],"product_cat":[1546],"product_tag":[1547,1496],"class_list":{"0":"post-19741","1":"product","2":"type-product","3":"status-publish","4":"has-post-thumbnail","6":"product_cat-boom-cylinders","7":"product_tag-boom-cylinders","8":"product_tag-hydraulic-cylinders","10":"first","11":"instock","12":"shipping-taxable","13":"product-type-simple"},"amp_enabled":true,"_links":{"self":[{"href":"https:\/\/www.hydraulic-cylinders.net\/cs\/wp-json\/wp\/v2\/product\/19741","targetHints":{"allow":["GET"]}}],"collection":[{"href":"https:\/\/www.hydraulic-cylinders.net\/cs\/wp-json\/wp\/v2\/product"}],"about":[{"href":"https:\/\/www.hydraulic-cylinders.net\/cs\/wp-json\/wp\/v2\/types\/product"}],"replies":[{"embeddable":true,"href":"https:\/\/www.hydraulic-cylinders.net\/cs\/wp-json\/wp\/v2\/comments?post=19741"}],"wp:featuredmedia":[{"embeddable":true,"href":"https:\/\/www.hydraulic-cylinders.net\/cs\/wp-json\/wp\/v2\/media\/17869"}],"wp:attachment":[{"href":"https:\/\/www.hydraulic-cylinders.net\/cs\/wp-json\/wp\/v2\/media?parent=19741"}],"wp:term":[{"taxonomy":"product_brand","embeddable":true,"href":"https:\/\/www.hydraulic-cylinders.net\/cs\/wp-json\/wp\/v2\/product_brand?post=19741"},{"taxonomy":"product_cat","embeddable":true,"href":"https:\/\/www.hydraulic-cylinders.net\/cs\/wp-json\/wp\/v2\/product_cat?post=19741"},{"taxonomy":"product_tag","embeddable":true,"href":"https:\/\/www.hydraulic-cylinders.net\/cs\/wp-json\/wp\/v2\/product_tag?post=19741"}],"curies":[{"name":"wp","href":"https:\/\/api.w.org\/{rel}","templated":true}]}}